{"id":33213,"date":"2026-04-28T23:36:27","date_gmt":"2026-04-28T21:36:27","guid":{"rendered":"https:\/\/www.zoko.ro\/p\/zgarda-pentru-caini-eco-piele-cu-tinte-reglabila-62x3-5cm-xl-gonga\/"},"modified":"2026-04-28T23:36:27","modified_gmt":"2026-04-28T21:36:27","slug":"zgarda-pentru-caini-eco-piele-cu-tinte-reglabila-62x3-5cm-xl-gonga","status":"publish","type":"product","link":"https:\/\/www.zoko.ro\/en\/p\/zgarda-pentru-caini-eco-piele-cu-tinte-reglabila-62x3-5cm-xl-gonga\/","title":{"rendered":"Zgarda pentru caini, eco-piele cu tinte, reglabila, 62&#215;3.5cm, XL, Gonga\u00ae"},"content":{"rendered":"<p><strong>Culoare:<\/strong> Albastru<\/p>\n<p>Zgard\u0103 Reglabil\u0103 cu \u021ainte, Piele Eco\u00a0<\/p>\n<p>Aceast\u0103 zgard\u0103 elegant\u0103 \u0219i durabil\u0103 este alegerea perfect\u0103 pentru plimb\u0103rile zilnice, oferind siguran\u021b\u0103 \u0219i confort animalului t\u0103u de companie. Fabricat\u0103 din piele ecologic\u0103 de \u00eenalt\u0103 calitate, este moale \u0219i pl\u0103cut\u0103 la purtare, f\u0103r\u0103 a provoca irita\u021bii sau disconfort.<\/p>\n<\/p>\n<p><img loading=\"lazy\" decoding=\"async\" src=\"https:\/\/gonga.ro\/img\/cms\/Zgarda%20pentru%20caini,%20eco-piele%20cu%20tinte,%20reglabila,%2062x3-5cm,%20XL,%20Gonga%C2%AE.jpg\" alt=\"\" width=\"1000\" height=\"1081\" \/><\/p>\n<\/p>\n<p>Designul modern cu \u021binte proeminente adaug\u0103 un plus de stil \u0219i distinc\u021bie, eviden\u021biind personalitatea c\u00e2inelui t\u0103u. Sistemul de ajustare cu cataram\u0103 metalic\u0103 permite o fixare precis\u0103, asigur\u00e2nd potrivirea ideal\u0103 f\u0103r\u0103 a fi prea str\u00e2ns\u0103 sau prea larg\u0103.<\/p>\n<p>Dotat\u0103 cu un inel metalic rezistent pentru ata\u0219area lesei, aceast\u0103 zgard\u0103 este ideal\u0103 pentru plimb\u0103ri, antrenamente sau ocazii speciale, oferindu-i patrupedului t\u0103u un look modern \u0219i sofisticat.<\/p>\n<\/p>\n<p><img loading=\"lazy\" decoding=\"async\" src=\"https:\/\/gonga.ro\/img\/cms\/Zgarda%20pentru%20caini,%20eco-piele%20cu%20tinte,%20reglabila,%2062x3-5cm,%20XL,%20Gonga%C2%AE1.jpg\" alt=\"\" width=\"1500\" height=\"1500\" \/><\/p>\n<\/p>\n<p>Avantaje:<\/p>\n<p>&#8211; Fabricat\u0103 din piele ecologic\u0103 durabil\u0103<\/p>\n<p>&#8211; Reglabil\u0103 \u00een cinci trepte pentru o potrivire perfect\u0103<\/p>\n<p>&#8211; Design elegant, cu \u021binte proeminente<\/p>\n<p>&#8211; Nu irit\u0103 pielea \u0219i permite respira\u021bia<\/p>\n<p>&#8211; U\u0219or de cur\u0103\u021bat \u0219i \u00eentre\u021binut<\/p>\n<\/p>\n<p><strong>Specifica\u021bii:<\/strong><\/p>\n<\/p>\n<p>&#8211; Material: Piele ecologic\u0103, cataram\u0103 metalic\u0103<\/p>\n<p>&#8211; Dimensiuni: 62 cm x 3.5 cm<\/p>\n<p>&#8211; Circumferin\u021b\u0103 reglabil\u0103: 43 cm \u2013 53 cm<\/p>","protected":false},"excerpt":{"rendered":"<p>Culoare: Albastru Zgard\u0103 Reglabil\u0103 cu \u021ainte, Piele Eco\u00a0 Aceast\u0103 zgard\u0103 elegant\u0103 \u0219i durabil\u0103 este alegerea perfect\u0103 pentru plimb\u0103rile zilnice, oferind<\/p>","protected":false},"featured_media":33214,"comment_status":"open","ping_status":"open","template":"","meta":[],"product_brand":[],"product_cat":[99,346,399],"product_tag":[104],"class_list":{"0":"post-33213","1":"product","2":"type-product","3":"status-publish","4":"has-post-thumbnail","6":"product_cat-acasa","7":"product_cat-petshop","8":"product_cat-zgarzi-lese-hamuri","9":"product_tag-in-stoc","10":"pa_culoare-albastru","12":"first","13":"instock","14":"sale","15":"purchasable","16":"product-type-simple"},"yoast_head":"<!-- This site is optimized with the Yoast SEO plugin v27.2 - https:\/\/yoast.com\/product\/yoast-seo-wordpress\/ -->\n<title>Zgarda pentru caini, eco-piele cu tinte, reglabila, 62x3.5cm, XL, Gonga\u00ae | ZOKO<\/title>\n<meta name=\"robots\" content=\"index, follow, max-snippet:-1, max-image-preview:large, max-video-preview:-1\" \/>\n<link rel=\"canonical\" href=\"https:\/\/www.zoko.ro\/en\/p\/zgarda-pentru-caini-eco-piele-cu-tinte-reglabila-62x3-5cm-xl-gonga\/\" \/>\n<meta property=\"og:locale\" content=\"en_GB\" \/>\n<meta property=\"og:type\" content=\"article\" \/>\n<meta property=\"og:title\" content=\"Zgarda pentru caini, eco-piele cu tinte, reglabila, 62x3.5cm, XL, Gonga\u00ae | ZOKO\" \/>\n<meta property=\"og:description\" content=\"Culoare: Albastru Zgard\u0103 Reglabil\u0103 cu \u021ainte, Piele Eco\u00a0 Aceast\u0103 zgard\u0103 elegant\u0103 \u0219i durabil\u0103 este alegerea perfect\u0103 pentru plimb\u0103rile zilnice, oferind\" \/>\n<meta property=\"og:url\" content=\"https:\/\/www.zoko.ro\/en\/p\/zgarda-pentru-caini-eco-piele-cu-tinte-reglabila-62x3-5cm-xl-gonga\/\" \/>\n<meta property=\"og:site_name\" content=\"ZOKO\" \/>\n<meta property=\"article:publisher\" content=\"https:\/\/www.facebook.com\/profile.php?id=61584344135075\" \/>\n<meta property=\"og:image\" content=\"https:\/\/www.zoko.ro\/wp-content\/uploads\/2025\/12\/zgarda-pentru-caini-eco-piele-cu-tinte-reglabila-62x35cm-xl-gonga.jpg\" \/>\n\t<meta property=\"og:image:width\" content=\"1000\" \/>\n\t<meta property=\"og:image:height\" content=\"1081\" \/>\n\t<meta property=\"og:image:type\" content=\"image\/jpeg\" \/>\n<meta name=\"twitter:card\" content=\"summary_large_image\" \/>\n<meta name=\"twitter:label1\" content=\"Estimated reading time\" \/>\n\t<meta name=\"twitter:data1\" content=\"1 minute\" \/>\n<script type=\"application\/ld+json\" class=\"yoast-schema-graph\">{\"@context\":\"https:\/\/schema.org\",\"@graph\":[{\"@type\":\"WebPage\",\"@id\":\"https:\/\/www.zoko.ro\/p\/zgarda-pentru-caini-eco-piele-cu-tinte-reglabila-62x3-5cm-xl-gonga\/\",\"url\":\"https:\/\/www.zoko.ro\/p\/zgarda-pentru-caini-eco-piele-cu-tinte-reglabila-62x3-5cm-xl-gonga\/\",\"name\":\"Zgarda pentru caini, eco-piele cu tinte, reglabila, 62x3.5cm, XL, Gonga\u00ae | ZOKO\",\"isPartOf\":{\"@id\":\"https:\/\/www.zoko.ro\/#website\"},\"primaryImageOfPage\":{\"@id\":\"https:\/\/www.zoko.ro\/p\/zgarda-pentru-caini-eco-piele-cu-tinte-reglabila-62x3-5cm-xl-gonga\/#primaryimage\"},\"image\":{\"@id\":\"https:\/\/www.zoko.ro\/p\/zgarda-pentru-caini-eco-piele-cu-tinte-reglabila-62x3-5cm-xl-gonga\/#primaryimage\"},\"thumbnailUrl\":\"https:\/\/www.zoko.ro\/wp-content\/uploads\/2025\/12\/zgarda-pentru-caini-eco-piele-cu-tinte-reglabila-62x35cm-xl-gonga.jpg\",\"datePublished\":\"2026-04-28T21:36:27+00:00\",\"breadcrumb\":{\"@id\":\"https:\/\/www.zoko.ro\/p\/zgarda-pentru-caini-eco-piele-cu-tinte-reglabila-62x3-5cm-xl-gonga\/#breadcrumb\"},\"inLanguage\":\"en-GB\",\"potentialAction\":[{\"@type\":\"ReadAction\",\"target\":[\"https:\/\/www.zoko.ro\/p\/zgarda-pentru-caini-eco-piele-cu-tinte-reglabila-62x3-5cm-xl-gonga\/\"]}]},{\"@type\":\"ImageObject\",\"inLanguage\":\"en-GB\",\"@id\":\"https:\/\/www.zoko.ro\/p\/zgarda-pentru-caini-eco-piele-cu-tinte-reglabila-62x3-5cm-xl-gonga\/#primaryimage\",\"url\":\"https:\/\/www.zoko.ro\/wp-content\/uploads\/2025\/12\/zgarda-pentru-caini-eco-piele-cu-tinte-reglabila-62x35cm-xl-gonga.jpg\",\"contentUrl\":\"https:\/\/www.zoko.ro\/wp-content\/uploads\/2025\/12\/zgarda-pentru-caini-eco-piele-cu-tinte-reglabila-62x35cm-xl-gonga.jpg\",\"width\":1000,\"height\":1081},{\"@type\":\"BreadcrumbList\",\"@id\":\"https:\/\/www.zoko.ro\/p\/zgarda-pentru-caini-eco-piele-cu-tinte-reglabila-62x3-5cm-xl-gonga\/#breadcrumb\",\"itemListElement\":[{\"@type\":\"ListItem\",\"position\":1,\"name\":\"Home\",\"item\":\"https:\/\/www.zoko.ro\/\"},{\"@type\":\"ListItem\",\"position\":2,\"name\":\"Magazin\",\"item\":\"https:\/\/www.zoko.ro\/magazin\/\"},{\"@type\":\"ListItem\",\"position\":3,\"name\":\"Zgarda pentru caini, eco-piele cu tinte, reglabila, 62&#215;3.5cm, XL, Gonga\u00ae\"}]},{\"@type\":\"WebSite\",\"@id\":\"https:\/\/www.zoko.ro\/#website\",\"url\":\"https:\/\/www.zoko.ro\/\",\"name\":\"ZOKO.ro\",\"description\":\"Cump\u0103r\u0103 inteligent\",\"publisher\":{\"@id\":\"https:\/\/www.zoko.ro\/#organization\"},\"potentialAction\":[{\"@type\":\"SearchAction\",\"target\":{\"@type\":\"EntryPoint\",\"urlTemplate\":\"https:\/\/www.zoko.ro\/?s={search_term_string}\"},\"query-input\":{\"@type\":\"PropertyValueSpecification\",\"valueRequired\":true,\"valueName\":\"search_term_string\"}}],\"inLanguage\":\"en-GB\"},{\"@type\":\"Organization\",\"@id\":\"https:\/\/www.zoko.ro\/#organization\",\"name\":\"ZOKO\",\"url\":\"https:\/\/www.zoko.ro\/\",\"logo\":{\"@type\":\"ImageObject\",\"inLanguage\":\"en-GB\",\"@id\":\"https:\/\/www.zoko.ro\/#\/schema\/logo\/image\/\",\"url\":\"https:\/\/www.zoko.ro\/wp-content\/uploads\/2025\/03\/logo1.svg\",\"contentUrl\":\"https:\/\/www.zoko.ro\/wp-content\/uploads\/2025\/03\/logo1.svg\",\"width\":799,\"height\":216,\"caption\":\"ZOKO\"},\"image\":{\"@id\":\"https:\/\/www.zoko.ro\/#\/schema\/logo\/image\/\"},\"sameAs\":[\"https:\/\/www.facebook.com\/profile.php?id=61584344135075\"]}]}<\/script>\n<!-- \/ Yoast SEO plugin. -->","yoast_head_json":{"title":"Zgarda pentru caini, eco-piele cu tinte, reglabila, 62x3.5cm, XL, Gonga\u00ae | ZOKO","robots":{"index":"index","follow":"follow","max-snippet":"max-snippet:-1","max-image-preview":"max-image-preview:large","max-video-preview":"max-video-preview:-1"},"canonical":"https:\/\/www.zoko.ro\/en\/p\/zgarda-pentru-caini-eco-piele-cu-tinte-reglabila-62x3-5cm-xl-gonga\/","og_locale":"en_GB","og_type":"article","og_title":"Zgarda pentru caini, eco-piele cu tinte, reglabila, 62x3.5cm, XL, Gonga\u00ae | ZOKO","og_description":"Culoare: Albastru Zgard\u0103 Reglabil\u0103 cu \u021ainte, Piele Eco\u00a0 Aceast\u0103 zgard\u0103 elegant\u0103 \u0219i durabil\u0103 este alegerea perfect\u0103 pentru plimb\u0103rile zilnice, oferind","og_url":"https:\/\/www.zoko.ro\/en\/p\/zgarda-pentru-caini-eco-piele-cu-tinte-reglabila-62x3-5cm-xl-gonga\/","og_site_name":"ZOKO","article_publisher":"https:\/\/www.facebook.com\/profile.php?id=61584344135075","og_image":[{"width":1000,"height":1081,"url":"https:\/\/www.zoko.ro\/wp-content\/uploads\/2025\/12\/zgarda-pentru-caini-eco-piele-cu-tinte-reglabila-62x35cm-xl-gonga.jpg","type":"image\/jpeg"}],"twitter_card":"summary_large_image","twitter_misc":{"Estimated reading time":"1 minute"},"schema":{"@context":"https:\/\/schema.org","@graph":[{"@type":"WebPage","@id":"https:\/\/www.zoko.ro\/p\/zgarda-pentru-caini-eco-piele-cu-tinte-reglabila-62x3-5cm-xl-gonga\/","url":"https:\/\/www.zoko.ro\/p\/zgarda-pentru-caini-eco-piele-cu-tinte-reglabila-62x3-5cm-xl-gonga\/","name":"Zgarda pentru caini, eco-piele cu tinte, reglabila, 62x3.5cm, XL, Gonga\u00ae | ZOKO","isPartOf":{"@id":"https:\/\/www.zoko.ro\/#website"},"primaryImageOfPage":{"@id":"https:\/\/www.zoko.ro\/p\/zgarda-pentru-caini-eco-piele-cu-tinte-reglabila-62x3-5cm-xl-gonga\/#primaryimage"},"image":{"@id":"https:\/\/www.zoko.ro\/p\/zgarda-pentru-caini-eco-piele-cu-tinte-reglabila-62x3-5cm-xl-gonga\/#primaryimage"},"thumbnailUrl":"https:\/\/www.zoko.ro\/wp-content\/uploads\/2025\/12\/zgarda-pentru-caini-eco-piele-cu-tinte-reglabila-62x35cm-xl-gonga.jpg","datePublished":"2026-04-28T21:36:27+00:00","breadcrumb":{"@id":"https:\/\/www.zoko.ro\/p\/zgarda-pentru-caini-eco-piele-cu-tinte-reglabila-62x3-5cm-xl-gonga\/#breadcrumb"},"inLanguage":"en-GB","potentialAction":[{"@type":"ReadAction","target":["https:\/\/www.zoko.ro\/p\/zgarda-pentru-caini-eco-piele-cu-tinte-reglabila-62x3-5cm-xl-gonga\/"]}]},{"@type":"ImageObject","inLanguage":"en-GB","@id":"https:\/\/www.zoko.ro\/p\/zgarda-pentru-caini-eco-piele-cu-tinte-reglabila-62x3-5cm-xl-gonga\/#primaryimage","url":"https:\/\/www.zoko.ro\/wp-content\/uploads\/2025\/12\/zgarda-pentru-caini-eco-piele-cu-tinte-reglabila-62x35cm-xl-gonga.jpg","contentUrl":"https:\/\/www.zoko.ro\/wp-content\/uploads\/2025\/12\/zgarda-pentru-caini-eco-piele-cu-tinte-reglabila-62x35cm-xl-gonga.jpg","width":1000,"height":1081},{"@type":"BreadcrumbList","@id":"https:\/\/www.zoko.ro\/p\/zgarda-pentru-caini-eco-piele-cu-tinte-reglabila-62x3-5cm-xl-gonga\/#breadcrumb","itemListElement":[{"@type":"ListItem","position":1,"name":"Home","item":"https:\/\/www.zoko.ro\/"},{"@type":"ListItem","position":2,"name":"Magazin","item":"https:\/\/www.zoko.ro\/magazin\/"},{"@type":"ListItem","position":3,"name":"Zgarda pentru caini, eco-piele cu tinte, reglabila, 62&#215;3.5cm, XL, Gonga\u00ae"}]},{"@type":"WebSite","@id":"https:\/\/www.zoko.ro\/#website","url":"https:\/\/www.zoko.ro\/","name":"ZOKO.ro","description":"Cump\u0103r\u0103 inteligent","publisher":{"@id":"https:\/\/www.zoko.ro\/#organization"},"potentialAction":[{"@type":"SearchAction","target":{"@type":"EntryPoint","urlTemplate":"https:\/\/www.zoko.ro\/?s={search_term_string}"},"query-input":{"@type":"PropertyValueSpecification","valueRequired":true,"valueName":"search_term_string"}}],"inLanguage":"en-GB"},{"@type":"Organization","@id":"https:\/\/www.zoko.ro\/#organization","name":"ZOKO","url":"https:\/\/www.zoko.ro\/","logo":{"@type":"ImageObject","inLanguage":"en-GB","@id":"https:\/\/www.zoko.ro\/#\/schema\/logo\/image\/","url":"https:\/\/www.zoko.ro\/wp-content\/uploads\/2025\/03\/logo1.svg","contentUrl":"https:\/\/www.zoko.ro\/wp-content\/uploads\/2025\/03\/logo1.svg","width":799,"height":216,"caption":"ZOKO"},"image":{"@id":"https:\/\/www.zoko.ro\/#\/schema\/logo\/image\/"},"sameAs":["https:\/\/www.facebook.com\/profile.php?id=61584344135075"]}]}},"_links":{"self":[{"href":"https:\/\/www.zoko.ro\/en\/wp-json\/wp\/v2\/product\/33213","targetHints":{"allow":["GET"]}}],"collection":[{"href":"https:\/\/www.zoko.ro\/en\/wp-json\/wp\/v2\/product"}],"about":[{"href":"https:\/\/www.zoko.ro\/en\/wp-json\/wp\/v2\/types\/product"}],"replies":[{"embeddable":true,"href":"https:\/\/www.zoko.ro\/en\/wp-json\/wp\/v2\/comments?post=33213"}],"version-history":[{"count":1,"href":"https:\/\/www.zoko.ro\/en\/wp-json\/wp\/v2\/product\/33213\/revisions"}],"predecessor-version":[{"id":38421,"href":"https:\/\/www.zoko.ro\/en\/wp-json\/wp\/v2\/product\/33213\/revisions\/38421"}],"wp:featuredmedia":[{"embeddable":true,"href":"https:\/\/www.zoko.ro\/en\/wp-json\/wp\/v2\/media\/33214"}],"wp:attachment":[{"href":"https:\/\/www.zoko.ro\/en\/wp-json\/wp\/v2\/media?parent=33213"}],"wp:term":[{"taxonomy":"product_brand","embeddable":true,"href":"https:\/\/www.zoko.ro\/en\/wp-json\/wp\/v2\/product_brand?post=33213"},{"taxonomy":"product_cat","embeddable":true,"href":"https:\/\/www.zoko.ro\/en\/wp-json\/wp\/v2\/product_cat?post=33213"},{"taxonomy":"product_tag","embeddable":true,"href":"https:\/\/www.zoko.ro\/en\/wp-json\/wp\/v2\/product_tag?post=33213"}],"curies":[{"name":"wp","href":"https:\/\/api.w.org\/{rel}","templated":true}]}}