{"id":33243,"date":"2026-04-28T23:36:28","date_gmt":"2026-04-28T21:36:28","guid":{"rendered":"https:\/\/www.zoko.ro\/p\/lesa-automata-cu-functie-de-blocare-lanterna-led-lungime-5m-maxim-15kg-gonga\/"},"modified":"2026-04-28T23:36:28","modified_gmt":"2026-04-28T21:36:28","slug":"lesa-automata-cu-functie-de-blocare-lanterna-led-lungime-5m-maxim-15kg-gonga","status":"publish","type":"product","link":"https:\/\/www.zoko.ro\/en\/p\/lesa-automata-cu-functie-de-blocare-lanterna-led-lungime-5m-maxim-15kg-gonga\/","title":{"rendered":"Lesa automata cu functie de blocare, lanterna led, lungime 5m, maxim 15kg, Gonga\u00ae"},"content":{"rendered":"<p><strong>Culoare:<\/strong> Albastru<\/p>\n<p>O les\u0103 automat\u0103 este accesoriul ideal pentru plimb\u0103rile pl\u0103cute ale animalului t\u0103u de companie. U\u0219oar\u0103, silen\u021bioas\u0103 \u0219i practic\u0103, aceasta dispune de un sistem eficient de \u00eenf\u0103\u0219urare \u0219i blocare care previne ag\u0103\u021barea lesei.<\/p>\n<\/p>\n<p><img loading=\"lazy\" decoding=\"async\" src=\"https:\/\/gonga.ro\/img\/cms\/Lesa%20automata%20cu%20functie%20de%20blocare,%20lanterna%20led,%20lungime%205m,%20maxim%2015kg,%20Gonga%C2%AE6.jpg\" alt=\"\" width=\"850\" height=\"850\" \/><\/p>\n<\/p>\n<p>Controlul este simplu \u0219i eficient \u00een orice situa\u021bie. Lesa este rezistent\u0103, iar catarama solid\u0103 garanteaz\u0103 siguran\u021b\u0103 \u00een utilizare.<\/p>\n<\/p>\n<p>\u00cen plus, lesa include o lantern\u0103 LED deta\u0219abil\u0103, care \u00eembun\u0103t\u0103\u021be\u0219te siguran\u021ba \u00een plimb\u0103rile de sear\u0103.<\/p>\n<\/p>\n<p><img loading=\"lazy\" decoding=\"async\" src=\"https:\/\/gonga.ro\/img\/cms\/Lesa%20automata%20cu%20functie%20de%20blocare,%20lanterna%20led,%20lungime%205m,%20maxim%2015kg,%20Gonga%C2%AE3.jpg\" alt=\"\" width=\"850\" height=\"850\" \/><\/p>\n<\/p>\n<p><strong>Specifica\u021bii:<\/strong><\/p>\n<\/p>\n<p>&#8211; Material: ABS<\/p>\n<p>&#8211; Silen\u021bioas\u0103, u\u0219oar\u0103 \u0219i practic\u0103<\/p>\n<p>&#8211; Sistem de \u00eenf\u0103\u0219urare \u0219i blocare eficient<\/p>\n<p>&#8211; Echipat\u0103 cu fr\u00e2n\u0103 &#8220;permanent\u0103&#8221;<\/p>\n<p>&#8211; Les\u0103 durabil\u0103<\/p>\n<p>&#8211; Cataram\u0103 solid\u0103<\/p>\n<p>&#8211; M\u00e2ner confortabil, adaptabil<\/p>\n<p>&#8211; Lantern\u0103 LED cu comutator ON\/OFF<\/p>\n<p>&#8211; Alimentare lantern\u0103: 3 x baterie L736 (inclus\u0103)<\/p>\n<p>&#8211; Lungimea lesei: 5 m<\/p>\n<p>&#8211; Greutatea maxim\u0103 a c\u00e2inelui: 15 kg<\/p>\n<p>&#8211; Dimensiuni: 16,5 cm x 13,5 cm x 3,5 cm<\/p>","protected":false},"excerpt":{"rendered":"<p>Culoare: Albastru O les\u0103 automat\u0103 este accesoriul ideal pentru plimb\u0103rile pl\u0103cute ale animalului t\u0103u de companie. U\u0219oar\u0103, silen\u021bioas\u0103 \u0219i practic\u0103,<\/p>","protected":false},"featured_media":33244,"comment_status":"open","ping_status":"open","template":"","meta":[],"product_brand":[],"product_cat":[99,346,399],"product_tag":[104],"class_list":{"0":"post-33243","1":"product","2":"type-product","3":"status-publish","4":"has-post-thumbnail","6":"product_cat-acasa","7":"product_cat-petshop","8":"product_cat-zgarzi-lese-hamuri","9":"product_tag-in-stoc","10":"pa_culoare-albastru","12":"first","13":"instock","14":"sale","15":"purchasable","16":"product-type-simple"},"yoast_head":"<!-- This site is optimized with the Yoast SEO plugin v27.2 - https:\/\/yoast.com\/product\/yoast-seo-wordpress\/ -->\n<title>Lesa automata cu functie de blocare, lanterna led, lungime 5m, maxim 15kg, Gonga\u00ae | ZOKO<\/title>\n<meta name=\"robots\" content=\"index, follow, max-snippet:-1, max-image-preview:large, max-video-preview:-1\" \/>\n<link rel=\"canonical\" href=\"https:\/\/www.zoko.ro\/en\/p\/lesa-automata-cu-functie-de-blocare-lanterna-led-lungime-5m-maxim-15kg-gonga\/\" \/>\n<meta property=\"og:locale\" content=\"en_GB\" \/>\n<meta property=\"og:type\" content=\"article\" \/>\n<meta property=\"og:title\" content=\"Lesa automata cu functie de blocare, lanterna led, lungime 5m, maxim 15kg, Gonga\u00ae | ZOKO\" \/>\n<meta property=\"og:description\" content=\"Culoare: Albastru O les\u0103 automat\u0103 este accesoriul ideal pentru plimb\u0103rile pl\u0103cute ale animalului t\u0103u de companie. U\u0219oar\u0103, silen\u021bioas\u0103 \u0219i practic\u0103,\" \/>\n<meta property=\"og:url\" content=\"https:\/\/www.zoko.ro\/en\/p\/lesa-automata-cu-functie-de-blocare-lanterna-led-lungime-5m-maxim-15kg-gonga\/\" \/>\n<meta property=\"og:site_name\" content=\"ZOKO\" \/>\n<meta property=\"article:publisher\" content=\"https:\/\/www.facebook.com\/profile.php?id=61584344135075\" \/>\n<meta property=\"og:image\" content=\"https:\/\/www.zoko.ro\/wp-content\/uploads\/2025\/12\/lesa-automata-cu-functie-de-blocare-lanterna-led-lungime-5m-maxim-15kg-gonga.jpg\" \/>\n\t<meta property=\"og:image:width\" content=\"850\" \/>\n\t<meta property=\"og:image:height\" content=\"850\" \/>\n\t<meta property=\"og:image:type\" content=\"image\/jpeg\" \/>\n<meta name=\"twitter:card\" content=\"summary_large_image\" \/>\n<meta name=\"twitter:label1\" content=\"Estimated reading time\" \/>\n\t<meta name=\"twitter:data1\" content=\"1 minute\" \/>\n<script type=\"application\/ld+json\" class=\"yoast-schema-graph\">{\"@context\":\"https:\/\/schema.org\",\"@graph\":[{\"@type\":\"WebPage\",\"@id\":\"https:\/\/www.zoko.ro\/p\/lesa-automata-cu-functie-de-blocare-lanterna-led-lungime-5m-maxim-15kg-gonga\/\",\"url\":\"https:\/\/www.zoko.ro\/p\/lesa-automata-cu-functie-de-blocare-lanterna-led-lungime-5m-maxim-15kg-gonga\/\",\"name\":\"Lesa automata cu functie de blocare, lanterna led, lungime 5m, maxim 15kg, Gonga\u00ae | ZOKO\",\"isPartOf\":{\"@id\":\"https:\/\/www.zoko.ro\/#website\"},\"primaryImageOfPage\":{\"@id\":\"https:\/\/www.zoko.ro\/p\/lesa-automata-cu-functie-de-blocare-lanterna-led-lungime-5m-maxim-15kg-gonga\/#primaryimage\"},\"image\":{\"@id\":\"https:\/\/www.zoko.ro\/p\/lesa-automata-cu-functie-de-blocare-lanterna-led-lungime-5m-maxim-15kg-gonga\/#primaryimage\"},\"thumbnailUrl\":\"https:\/\/www.zoko.ro\/wp-content\/uploads\/2025\/12\/lesa-automata-cu-functie-de-blocare-lanterna-led-lungime-5m-maxim-15kg-gonga.jpg\",\"datePublished\":\"2026-04-28T21:36:28+00:00\",\"breadcrumb\":{\"@id\":\"https:\/\/www.zoko.ro\/p\/lesa-automata-cu-functie-de-blocare-lanterna-led-lungime-5m-maxim-15kg-gonga\/#breadcrumb\"},\"inLanguage\":\"en-GB\",\"potentialAction\":[{\"@type\":\"ReadAction\",\"target\":[\"https:\/\/www.zoko.ro\/p\/lesa-automata-cu-functie-de-blocare-lanterna-led-lungime-5m-maxim-15kg-gonga\/\"]}]},{\"@type\":\"ImageObject\",\"inLanguage\":\"en-GB\",\"@id\":\"https:\/\/www.zoko.ro\/p\/lesa-automata-cu-functie-de-blocare-lanterna-led-lungime-5m-maxim-15kg-gonga\/#primaryimage\",\"url\":\"https:\/\/www.zoko.ro\/wp-content\/uploads\/2025\/12\/lesa-automata-cu-functie-de-blocare-lanterna-led-lungime-5m-maxim-15kg-gonga.jpg\",\"contentUrl\":\"https:\/\/www.zoko.ro\/wp-content\/uploads\/2025\/12\/lesa-automata-cu-functie-de-blocare-lanterna-led-lungime-5m-maxim-15kg-gonga.jpg\",\"width\":850,\"height\":850},{\"@type\":\"BreadcrumbList\",\"@id\":\"https:\/\/www.zoko.ro\/p\/lesa-automata-cu-functie-de-blocare-lanterna-led-lungime-5m-maxim-15kg-gonga\/#breadcrumb\",\"itemListElement\":[{\"@type\":\"ListItem\",\"position\":1,\"name\":\"Home\",\"item\":\"https:\/\/www.zoko.ro\/\"},{\"@type\":\"ListItem\",\"position\":2,\"name\":\"Magazin\",\"item\":\"https:\/\/www.zoko.ro\/magazin\/\"},{\"@type\":\"ListItem\",\"position\":3,\"name\":\"Lesa automata cu functie de blocare, lanterna led, lungime 5m, maxim 15kg, Gonga\u00ae\"}]},{\"@type\":\"WebSite\",\"@id\":\"https:\/\/www.zoko.ro\/#website\",\"url\":\"https:\/\/www.zoko.ro\/\",\"name\":\"ZOKO.ro\",\"description\":\"Cump\u0103r\u0103 inteligent\",\"publisher\":{\"@id\":\"https:\/\/www.zoko.ro\/#organization\"},\"potentialAction\":[{\"@type\":\"SearchAction\",\"target\":{\"@type\":\"EntryPoint\",\"urlTemplate\":\"https:\/\/www.zoko.ro\/?s={search_term_string}\"},\"query-input\":{\"@type\":\"PropertyValueSpecification\",\"valueRequired\":true,\"valueName\":\"search_term_string\"}}],\"inLanguage\":\"en-GB\"},{\"@type\":\"Organization\",\"@id\":\"https:\/\/www.zoko.ro\/#organization\",\"name\":\"ZOKO\",\"url\":\"https:\/\/www.zoko.ro\/\",\"logo\":{\"@type\":\"ImageObject\",\"inLanguage\":\"en-GB\",\"@id\":\"https:\/\/www.zoko.ro\/#\/schema\/logo\/image\/\",\"url\":\"https:\/\/www.zoko.ro\/wp-content\/uploads\/2025\/03\/logo1.svg\",\"contentUrl\":\"https:\/\/www.zoko.ro\/wp-content\/uploads\/2025\/03\/logo1.svg\",\"width\":799,\"height\":216,\"caption\":\"ZOKO\"},\"image\":{\"@id\":\"https:\/\/www.zoko.ro\/#\/schema\/logo\/image\/\"},\"sameAs\":[\"https:\/\/www.facebook.com\/profile.php?id=61584344135075\"]}]}<\/script>\n<!-- \/ Yoast SEO plugin. -->","yoast_head_json":{"title":"Lesa automata cu functie de blocare, lanterna led, lungime 5m, maxim 15kg, Gonga\u00ae | ZOKO","robots":{"index":"index","follow":"follow","max-snippet":"max-snippet:-1","max-image-preview":"max-image-preview:large","max-video-preview":"max-video-preview:-1"},"canonical":"https:\/\/www.zoko.ro\/en\/p\/lesa-automata-cu-functie-de-blocare-lanterna-led-lungime-5m-maxim-15kg-gonga\/","og_locale":"en_GB","og_type":"article","og_title":"Lesa automata cu functie de blocare, lanterna led, lungime 5m, maxim 15kg, Gonga\u00ae | ZOKO","og_description":"Culoare: Albastru O les\u0103 automat\u0103 este accesoriul ideal pentru plimb\u0103rile pl\u0103cute ale animalului t\u0103u de companie. U\u0219oar\u0103, silen\u021bioas\u0103 \u0219i practic\u0103,","og_url":"https:\/\/www.zoko.ro\/en\/p\/lesa-automata-cu-functie-de-blocare-lanterna-led-lungime-5m-maxim-15kg-gonga\/","og_site_name":"ZOKO","article_publisher":"https:\/\/www.facebook.com\/profile.php?id=61584344135075","og_image":[{"width":850,"height":850,"url":"https:\/\/www.zoko.ro\/wp-content\/uploads\/2025\/12\/lesa-automata-cu-functie-de-blocare-lanterna-led-lungime-5m-maxim-15kg-gonga.jpg","type":"image\/jpeg"}],"twitter_card":"summary_large_image","twitter_misc":{"Estimated reading time":"1 minute"},"schema":{"@context":"https:\/\/schema.org","@graph":[{"@type":"WebPage","@id":"https:\/\/www.zoko.ro\/p\/lesa-automata-cu-functie-de-blocare-lanterna-led-lungime-5m-maxim-15kg-gonga\/","url":"https:\/\/www.zoko.ro\/p\/lesa-automata-cu-functie-de-blocare-lanterna-led-lungime-5m-maxim-15kg-gonga\/","name":"Lesa automata cu functie de blocare, lanterna led, lungime 5m, maxim 15kg, Gonga\u00ae | ZOKO","isPartOf":{"@id":"https:\/\/www.zoko.ro\/#website"},"primaryImageOfPage":{"@id":"https:\/\/www.zoko.ro\/p\/lesa-automata-cu-functie-de-blocare-lanterna-led-lungime-5m-maxim-15kg-gonga\/#primaryimage"},"image":{"@id":"https:\/\/www.zoko.ro\/p\/lesa-automata-cu-functie-de-blocare-lanterna-led-lungime-5m-maxim-15kg-gonga\/#primaryimage"},"thumbnailUrl":"https:\/\/www.zoko.ro\/wp-content\/uploads\/2025\/12\/lesa-automata-cu-functie-de-blocare-lanterna-led-lungime-5m-maxim-15kg-gonga.jpg","datePublished":"2026-04-28T21:36:28+00:00","breadcrumb":{"@id":"https:\/\/www.zoko.ro\/p\/lesa-automata-cu-functie-de-blocare-lanterna-led-lungime-5m-maxim-15kg-gonga\/#breadcrumb"},"inLanguage":"en-GB","potentialAction":[{"@type":"ReadAction","target":["https:\/\/www.zoko.ro\/p\/lesa-automata-cu-functie-de-blocare-lanterna-led-lungime-5m-maxim-15kg-gonga\/"]}]},{"@type":"ImageObject","inLanguage":"en-GB","@id":"https:\/\/www.zoko.ro\/p\/lesa-automata-cu-functie-de-blocare-lanterna-led-lungime-5m-maxim-15kg-gonga\/#primaryimage","url":"https:\/\/www.zoko.ro\/wp-content\/uploads\/2025\/12\/lesa-automata-cu-functie-de-blocare-lanterna-led-lungime-5m-maxim-15kg-gonga.jpg","contentUrl":"https:\/\/www.zoko.ro\/wp-content\/uploads\/2025\/12\/lesa-automata-cu-functie-de-blocare-lanterna-led-lungime-5m-maxim-15kg-gonga.jpg","width":850,"height":850},{"@type":"BreadcrumbList","@id":"https:\/\/www.zoko.ro\/p\/lesa-automata-cu-functie-de-blocare-lanterna-led-lungime-5m-maxim-15kg-gonga\/#breadcrumb","itemListElement":[{"@type":"ListItem","position":1,"name":"Home","item":"https:\/\/www.zoko.ro\/"},{"@type":"ListItem","position":2,"name":"Magazin","item":"https:\/\/www.zoko.ro\/magazin\/"},{"@type":"ListItem","position":3,"name":"Lesa automata cu functie de blocare, lanterna led, lungime 5m, maxim 15kg, Gonga\u00ae"}]},{"@type":"WebSite","@id":"https:\/\/www.zoko.ro\/#website","url":"https:\/\/www.zoko.ro\/","name":"ZOKO.ro","description":"Cump\u0103r\u0103 inteligent","publisher":{"@id":"https:\/\/www.zoko.ro\/#organization"},"potentialAction":[{"@type":"SearchAction","target":{"@type":"EntryPoint","urlTemplate":"https:\/\/www.zoko.ro\/?s={search_term_string}"},"query-input":{"@type":"PropertyValueSpecification","valueRequired":true,"valueName":"search_term_string"}}],"inLanguage":"en-GB"},{"@type":"Organization","@id":"https:\/\/www.zoko.ro\/#organization","name":"ZOKO","url":"https:\/\/www.zoko.ro\/","logo":{"@type":"ImageObject","inLanguage":"en-GB","@id":"https:\/\/www.zoko.ro\/#\/schema\/logo\/image\/","url":"https:\/\/www.zoko.ro\/wp-content\/uploads\/2025\/03\/logo1.svg","contentUrl":"https:\/\/www.zoko.ro\/wp-content\/uploads\/2025\/03\/logo1.svg","width":799,"height":216,"caption":"ZOKO"},"image":{"@id":"https:\/\/www.zoko.ro\/#\/schema\/logo\/image\/"},"sameAs":["https:\/\/www.facebook.com\/profile.php?id=61584344135075"]}]}},"_links":{"self":[{"href":"https:\/\/www.zoko.ro\/en\/wp-json\/wp\/v2\/product\/33243","targetHints":{"allow":["GET"]}}],"collection":[{"href":"https:\/\/www.zoko.ro\/en\/wp-json\/wp\/v2\/product"}],"about":[{"href":"https:\/\/www.zoko.ro\/en\/wp-json\/wp\/v2\/types\/product"}],"replies":[{"embeddable":true,"href":"https:\/\/www.zoko.ro\/en\/wp-json\/wp\/v2\/comments?post=33243"}],"version-history":[{"count":1,"href":"https:\/\/www.zoko.ro\/en\/wp-json\/wp\/v2\/product\/33243\/revisions"}],"predecessor-version":[{"id":38425,"href":"https:\/\/www.zoko.ro\/en\/wp-json\/wp\/v2\/product\/33243\/revisions\/38425"}],"wp:featuredmedia":[{"embeddable":true,"href":"https:\/\/www.zoko.ro\/en\/wp-json\/wp\/v2\/media\/33244"}],"wp:attachment":[{"href":"https:\/\/www.zoko.ro\/en\/wp-json\/wp\/v2\/media?parent=33243"}],"wp:term":[{"taxonomy":"product_brand","embeddable":true,"href":"https:\/\/www.zoko.ro\/en\/wp-json\/wp\/v2\/product_brand?post=33243"},{"taxonomy":"product_cat","embeddable":true,"href":"https:\/\/www.zoko.ro\/en\/wp-json\/wp\/v2\/product_cat?post=33243"},{"taxonomy":"product_tag","embeddable":true,"href":"https:\/\/www.zoko.ro\/en\/wp-json\/wp\/v2\/product_tag?post=33243"}],"curies":[{"name":"wp","href":"https:\/\/api.w.org\/{rel}","templated":true}]}}