{"id":33308,"date":"2026-04-28T23:36:31","date_gmt":"2026-04-28T21:36:31","guid":{"rendered":"https:\/\/www.zoko.ro\/p\/kit-de-curatare-casti-telefon-alte-electronice-gonga\/"},"modified":"2026-04-28T23:36:31","modified_gmt":"2026-04-28T21:36:31","slug":"kit-de-curatare-casti-telefon-alte-electronice-gonga","status":"publish","type":"product","link":"https:\/\/www.zoko.ro\/en\/p\/kit-de-curatare-casti-telefon-alte-electronice-gonga\/","title":{"rendered":"Kit de curatare casti, telefon, alte electronice, Gonga\u00ae"},"content":{"rendered":"<p><strong>Culoare:<\/strong> Alb<\/p>\n<p><strong>Kit de Cur\u0103\u021bare pentru C\u0103\u0219ti, Telefon \u0219i Alte Electronice<\/strong><\/p>\n<p>Men\u021bine-\u021bi dispozitivele electronice \u00een stare perfect\u0103 cu acest kit de cur\u0103\u021bare special conceput pentru c\u0103r\u021bi, telefoane, tablete \u0219i alte electronice. Fie c\u0103 vrei s\u0103 \u00eendep\u0103rtezi murd\u0103ria, praful sau amprentele, acest set \u00ee\u021bi va oferi tot ce ai nevoie pentru o cur\u0103\u021bare eficient\u0103 \u0219i delicat\u0103, f\u0103r\u0103 a deteriora suprafe\u021bele sensibile.<\/p>\n<\/p>\n<p><img loading=\"lazy\" decoding=\"async\" src=\"https:\/\/gonga.ro\/img\/cms\/Kit%20de%20curatare%20casti,%20telefon,%20alte%20electronice,%20Gonga%C2%AE9.jpg\" alt=\"\" width=\"1000\" height=\"750\" \/><\/p>\n<\/p>\n<p>Kitul include perii care sunt sigure pentru toate tipurile de electronice, asigur\u00e2ndu-\u021bi un dispozitiv curat \u0219i func\u021bional \u00een orice moment. Ideal pentru \u00eengrijirea zilnic\u0103 a echipamentului t\u0103u, acest kit este compact \u0219i u\u0219or de utilizat, perfect pentru acas\u0103 sau pentru a-l purta cu tine atunci c\u00e2nd e\u0219ti \u00een mi\u0219care.<\/p>\n<\/p>\n<p><img loading=\"lazy\" decoding=\"async\" src=\"https:\/\/gonga.ro\/img\/cms\/Kit%20de%20curatare%20casti,%20telefon,%20alte%20electronice,%20Gonga%C2%AE2.jpg\" alt=\"\" width=\"1000\" height=\"750\" \/><\/p>\n<\/p>\n<p><strong>Caracteristici:<\/strong><\/p>\n<p>Potrivit pentru o gam\u0103 larg\u0103 de dispozitive electronice<\/p>\n<p>U\u0219or de utilizat \u0219i portabil<\/p>\n<p>Protejeaz\u0103 suprafe\u021bele delicate ale dispozitivelor tale<\/p>\n<p>Set complet pentru \u00eentre\u021binerea zilnic\u0103<\/p>\n<\/p>\n<p><img loading=\"lazy\" decoding=\"async\" src=\"https:\/\/gonga.ro\/img\/cms\/Kit%20de%20curatare%20casti,%20telefon,%20alte%20electronice,%20Gonga%C2%AE3.jpg\" alt=\"\" width=\"1000\" height=\"750\" \/><\/p>\n<\/p>\n<p><strong>Specificatii:<\/strong><\/p>\n<\/p>\n<p>&#8211; Dimensiune carcasa: 10.5 cm<\/p>\n<p>&#8211; Dimensiune curatator : 7.5 cm<\/p>\n<p>&#8211; Material: ABS<\/p>","protected":false},"excerpt":{"rendered":"<p>Culoare: Alb Kit de Cur\u0103\u021bare pentru C\u0103\u0219ti, Telefon \u0219i Alte Electronice Men\u021bine-\u021bi dispozitivele electronice \u00een stare perfect\u0103 cu acest kit<\/p>","protected":false},"featured_media":33309,"comment_status":"open","ping_status":"open","template":"","meta":[],"product_brand":[],"product_cat":[99,361,362],"product_tag":[104],"class_list":{"0":"post-33308","1":"product","2":"type-product","3":"status-publish","4":"has-post-thumbnail","6":"product_cat-acasa","7":"product_cat-audio-video-foto","8":"product_cat-boxe-casti","9":"product_tag-in-stoc","10":"pa_culoare-alb","12":"first","13":"instock","14":"sale","15":"purchasable","16":"product-type-simple"},"yoast_head":"<!-- This site is optimized with the Yoast SEO plugin v27.2 - https:\/\/yoast.com\/product\/yoast-seo-wordpress\/ -->\n<title>Kit de curatare casti, telefon, alte electronice, Gonga\u00ae | ZOKO<\/title>\n<meta name=\"robots\" content=\"index, follow, max-snippet:-1, max-image-preview:large, max-video-preview:-1\" \/>\n<link rel=\"canonical\" href=\"https:\/\/www.zoko.ro\/en\/p\/kit-de-curatare-casti-telefon-alte-electronice-gonga\/\" \/>\n<meta property=\"og:locale\" content=\"en_GB\" \/>\n<meta property=\"og:type\" content=\"article\" \/>\n<meta property=\"og:title\" content=\"Kit de curatare casti, telefon, alte electronice, Gonga\u00ae | ZOKO\" \/>\n<meta property=\"og:description\" content=\"Culoare: Alb Kit de Cur\u0103\u021bare pentru C\u0103\u0219ti, Telefon \u0219i Alte Electronice Men\u021bine-\u021bi dispozitivele electronice \u00een stare perfect\u0103 cu acest kit\" \/>\n<meta property=\"og:url\" content=\"https:\/\/www.zoko.ro\/en\/p\/kit-de-curatare-casti-telefon-alte-electronice-gonga\/\" \/>\n<meta property=\"og:site_name\" content=\"ZOKO\" \/>\n<meta property=\"article:publisher\" content=\"https:\/\/www.facebook.com\/profile.php?id=61584344135075\" \/>\n<meta property=\"og:image\" content=\"https:\/\/www.zoko.ro\/wp-content\/uploads\/2025\/12\/kit-de-curatare-casti-telefon-alte-electronice-gonga.jpg\" \/>\n\t<meta property=\"og:image:width\" content=\"1500\" \/>\n\t<meta property=\"og:image:height\" content=\"1500\" \/>\n\t<meta property=\"og:image:type\" content=\"image\/jpeg\" \/>\n<meta name=\"twitter:card\" content=\"summary_large_image\" \/>\n<meta name=\"twitter:label1\" content=\"Estimated reading time\" \/>\n\t<meta name=\"twitter:data1\" content=\"1 minute\" \/>\n<script type=\"application\/ld+json\" class=\"yoast-schema-graph\">{\"@context\":\"https:\/\/schema.org\",\"@graph\":[{\"@type\":\"WebPage\",\"@id\":\"https:\/\/www.zoko.ro\/p\/kit-de-curatare-casti-telefon-alte-electronice-gonga\/\",\"url\":\"https:\/\/www.zoko.ro\/p\/kit-de-curatare-casti-telefon-alte-electronice-gonga\/\",\"name\":\"Kit de curatare casti, telefon, alte electronice, Gonga\u00ae | ZOKO\",\"isPartOf\":{\"@id\":\"https:\/\/www.zoko.ro\/#website\"},\"primaryImageOfPage\":{\"@id\":\"https:\/\/www.zoko.ro\/p\/kit-de-curatare-casti-telefon-alte-electronice-gonga\/#primaryimage\"},\"image\":{\"@id\":\"https:\/\/www.zoko.ro\/p\/kit-de-curatare-casti-telefon-alte-electronice-gonga\/#primaryimage\"},\"thumbnailUrl\":\"https:\/\/www.zoko.ro\/wp-content\/uploads\/2025\/12\/kit-de-curatare-casti-telefon-alte-electronice-gonga.jpg\",\"datePublished\":\"2026-04-28T21:36:31+00:00\",\"breadcrumb\":{\"@id\":\"https:\/\/www.zoko.ro\/p\/kit-de-curatare-casti-telefon-alte-electronice-gonga\/#breadcrumb\"},\"inLanguage\":\"en-GB\",\"potentialAction\":[{\"@type\":\"ReadAction\",\"target\":[\"https:\/\/www.zoko.ro\/p\/kit-de-curatare-casti-telefon-alte-electronice-gonga\/\"]}]},{\"@type\":\"ImageObject\",\"inLanguage\":\"en-GB\",\"@id\":\"https:\/\/www.zoko.ro\/p\/kit-de-curatare-casti-telefon-alte-electronice-gonga\/#primaryimage\",\"url\":\"https:\/\/www.zoko.ro\/wp-content\/uploads\/2025\/12\/kit-de-curatare-casti-telefon-alte-electronice-gonga.jpg\",\"contentUrl\":\"https:\/\/www.zoko.ro\/wp-content\/uploads\/2025\/12\/kit-de-curatare-casti-telefon-alte-electronice-gonga.jpg\",\"width\":1500,\"height\":1500},{\"@type\":\"BreadcrumbList\",\"@id\":\"https:\/\/www.zoko.ro\/p\/kit-de-curatare-casti-telefon-alte-electronice-gonga\/#breadcrumb\",\"itemListElement\":[{\"@type\":\"ListItem\",\"position\":1,\"name\":\"Home\",\"item\":\"https:\/\/www.zoko.ro\/\"},{\"@type\":\"ListItem\",\"position\":2,\"name\":\"Magazin\",\"item\":\"https:\/\/www.zoko.ro\/magazin\/\"},{\"@type\":\"ListItem\",\"position\":3,\"name\":\"Kit de curatare casti, telefon, alte electronice, Gonga\u00ae\"}]},{\"@type\":\"WebSite\",\"@id\":\"https:\/\/www.zoko.ro\/#website\",\"url\":\"https:\/\/www.zoko.ro\/\",\"name\":\"ZOKO.ro\",\"description\":\"Cump\u0103r\u0103 inteligent\",\"publisher\":{\"@id\":\"https:\/\/www.zoko.ro\/#organization\"},\"potentialAction\":[{\"@type\":\"SearchAction\",\"target\":{\"@type\":\"EntryPoint\",\"urlTemplate\":\"https:\/\/www.zoko.ro\/?s={search_term_string}\"},\"query-input\":{\"@type\":\"PropertyValueSpecification\",\"valueRequired\":true,\"valueName\":\"search_term_string\"}}],\"inLanguage\":\"en-GB\"},{\"@type\":\"Organization\",\"@id\":\"https:\/\/www.zoko.ro\/#organization\",\"name\":\"ZOKO\",\"url\":\"https:\/\/www.zoko.ro\/\",\"logo\":{\"@type\":\"ImageObject\",\"inLanguage\":\"en-GB\",\"@id\":\"https:\/\/www.zoko.ro\/#\/schema\/logo\/image\/\",\"url\":\"https:\/\/www.zoko.ro\/wp-content\/uploads\/2025\/03\/logo1.svg\",\"contentUrl\":\"https:\/\/www.zoko.ro\/wp-content\/uploads\/2025\/03\/logo1.svg\",\"width\":799,\"height\":216,\"caption\":\"ZOKO\"},\"image\":{\"@id\":\"https:\/\/www.zoko.ro\/#\/schema\/logo\/image\/\"},\"sameAs\":[\"https:\/\/www.facebook.com\/profile.php?id=61584344135075\"]}]}<\/script>\n<!-- \/ Yoast SEO plugin. -->","yoast_head_json":{"title":"Kit de curatare casti, telefon, alte electronice, Gonga\u00ae | ZOKO","robots":{"index":"index","follow":"follow","max-snippet":"max-snippet:-1","max-image-preview":"max-image-preview:large","max-video-preview":"max-video-preview:-1"},"canonical":"https:\/\/www.zoko.ro\/en\/p\/kit-de-curatare-casti-telefon-alte-electronice-gonga\/","og_locale":"en_GB","og_type":"article","og_title":"Kit de curatare casti, telefon, alte electronice, Gonga\u00ae | ZOKO","og_description":"Culoare: Alb Kit de Cur\u0103\u021bare pentru C\u0103\u0219ti, Telefon \u0219i Alte Electronice Men\u021bine-\u021bi dispozitivele electronice \u00een stare perfect\u0103 cu acest kit","og_url":"https:\/\/www.zoko.ro\/en\/p\/kit-de-curatare-casti-telefon-alte-electronice-gonga\/","og_site_name":"ZOKO","article_publisher":"https:\/\/www.facebook.com\/profile.php?id=61584344135075","og_image":[{"width":1500,"height":1500,"url":"https:\/\/www.zoko.ro\/wp-content\/uploads\/2025\/12\/kit-de-curatare-casti-telefon-alte-electronice-gonga.jpg","type":"image\/jpeg"}],"twitter_card":"summary_large_image","twitter_misc":{"Estimated reading time":"1 minute"},"schema":{"@context":"https:\/\/schema.org","@graph":[{"@type":"WebPage","@id":"https:\/\/www.zoko.ro\/p\/kit-de-curatare-casti-telefon-alte-electronice-gonga\/","url":"https:\/\/www.zoko.ro\/p\/kit-de-curatare-casti-telefon-alte-electronice-gonga\/","name":"Kit de curatare casti, telefon, alte electronice, Gonga\u00ae | ZOKO","isPartOf":{"@id":"https:\/\/www.zoko.ro\/#website"},"primaryImageOfPage":{"@id":"https:\/\/www.zoko.ro\/p\/kit-de-curatare-casti-telefon-alte-electronice-gonga\/#primaryimage"},"image":{"@id":"https:\/\/www.zoko.ro\/p\/kit-de-curatare-casti-telefon-alte-electronice-gonga\/#primaryimage"},"thumbnailUrl":"https:\/\/www.zoko.ro\/wp-content\/uploads\/2025\/12\/kit-de-curatare-casti-telefon-alte-electronice-gonga.jpg","datePublished":"2026-04-28T21:36:31+00:00","breadcrumb":{"@id":"https:\/\/www.zoko.ro\/p\/kit-de-curatare-casti-telefon-alte-electronice-gonga\/#breadcrumb"},"inLanguage":"en-GB","potentialAction":[{"@type":"ReadAction","target":["https:\/\/www.zoko.ro\/p\/kit-de-curatare-casti-telefon-alte-electronice-gonga\/"]}]},{"@type":"ImageObject","inLanguage":"en-GB","@id":"https:\/\/www.zoko.ro\/p\/kit-de-curatare-casti-telefon-alte-electronice-gonga\/#primaryimage","url":"https:\/\/www.zoko.ro\/wp-content\/uploads\/2025\/12\/kit-de-curatare-casti-telefon-alte-electronice-gonga.jpg","contentUrl":"https:\/\/www.zoko.ro\/wp-content\/uploads\/2025\/12\/kit-de-curatare-casti-telefon-alte-electronice-gonga.jpg","width":1500,"height":1500},{"@type":"BreadcrumbList","@id":"https:\/\/www.zoko.ro\/p\/kit-de-curatare-casti-telefon-alte-electronice-gonga\/#breadcrumb","itemListElement":[{"@type":"ListItem","position":1,"name":"Home","item":"https:\/\/www.zoko.ro\/"},{"@type":"ListItem","position":2,"name":"Magazin","item":"https:\/\/www.zoko.ro\/magazin\/"},{"@type":"ListItem","position":3,"name":"Kit de curatare casti, telefon, alte electronice, Gonga\u00ae"}]},{"@type":"WebSite","@id":"https:\/\/www.zoko.ro\/#website","url":"https:\/\/www.zoko.ro\/","name":"ZOKO.ro","description":"Cump\u0103r\u0103 inteligent","publisher":{"@id":"https:\/\/www.zoko.ro\/#organization"},"potentialAction":[{"@type":"SearchAction","target":{"@type":"EntryPoint","urlTemplate":"https:\/\/www.zoko.ro\/?s={search_term_string}"},"query-input":{"@type":"PropertyValueSpecification","valueRequired":true,"valueName":"search_term_string"}}],"inLanguage":"en-GB"},{"@type":"Organization","@id":"https:\/\/www.zoko.ro\/#organization","name":"ZOKO","url":"https:\/\/www.zoko.ro\/","logo":{"@type":"ImageObject","inLanguage":"en-GB","@id":"https:\/\/www.zoko.ro\/#\/schema\/logo\/image\/","url":"https:\/\/www.zoko.ro\/wp-content\/uploads\/2025\/03\/logo1.svg","contentUrl":"https:\/\/www.zoko.ro\/wp-content\/uploads\/2025\/03\/logo1.svg","width":799,"height":216,"caption":"ZOKO"},"image":{"@id":"https:\/\/www.zoko.ro\/#\/schema\/logo\/image\/"},"sameAs":["https:\/\/www.facebook.com\/profile.php?id=61584344135075"]}]}},"_links":{"self":[{"href":"https:\/\/www.zoko.ro\/en\/wp-json\/wp\/v2\/product\/33308","targetHints":{"allow":["GET"]}}],"collection":[{"href":"https:\/\/www.zoko.ro\/en\/wp-json\/wp\/v2\/product"}],"about":[{"href":"https:\/\/www.zoko.ro\/en\/wp-json\/wp\/v2\/types\/product"}],"replies":[{"embeddable":true,"href":"https:\/\/www.zoko.ro\/en\/wp-json\/wp\/v2\/comments?post=33308"}],"version-history":[{"count":1,"href":"https:\/\/www.zoko.ro\/en\/wp-json\/wp\/v2\/product\/33308\/revisions"}],"predecessor-version":[{"id":38432,"href":"https:\/\/www.zoko.ro\/en\/wp-json\/wp\/v2\/product\/33308\/revisions\/38432"}],"wp:featuredmedia":[{"embeddable":true,"href":"https:\/\/www.zoko.ro\/en\/wp-json\/wp\/v2\/media\/33309"}],"wp:attachment":[{"href":"https:\/\/www.zoko.ro\/en\/wp-json\/wp\/v2\/media?parent=33308"}],"wp:term":[{"taxonomy":"product_brand","embeddable":true,"href":"https:\/\/www.zoko.ro\/en\/wp-json\/wp\/v2\/product_brand?post=33308"},{"taxonomy":"product_cat","embeddable":true,"href":"https:\/\/www.zoko.ro\/en\/wp-json\/wp\/v2\/product_cat?post=33308"},{"taxonomy":"product_tag","embeddable":true,"href":"https:\/\/www.zoko.ro\/en\/wp-json\/wp\/v2\/product_tag?post=33308"}],"curies":[{"name":"wp","href":"https:\/\/api.w.org\/{rel}","templated":true}]}}