{"id":33351,"date":"2026-04-28T23:36:43","date_gmt":"2026-04-28T21:36:43","guid":{"rendered":"https:\/\/www.zoko.ro\/p\/os-de-sunca-natural-pentru-caini-10-bucati-petmex\/"},"modified":"2026-04-28T23:36:43","modified_gmt":"2026-04-28T21:36:43","slug":"os-de-sunca-natural-pentru-caini-10-bucati-petmex","status":"publish","type":"product","link":"https:\/\/www.zoko.ro\/en\/p\/os-de-sunca-natural-pentru-caini-10-bucati-petmex\/","title":{"rendered":"Os de sunca natural pentru caini, 10 bucati, Petmex"},"content":{"rendered":"<p><strong>Culoare:<\/strong> Maro<\/p>\n<p><strong>Os de \u0219unc\u0103 natural pentru c\u00e2ini, 10 buc\u0103\u021bi<\/strong><\/p>\n<p>Ofer\u0103-i c\u00e2inelui t\u0103u un r\u0103sf\u0103\u021b delicios \u0219i s\u0103n\u0103tos cu Osul de \u0219unc\u0103 natural! Acest produs con\u021bine oase naturale de \u0219unc\u0103 de porc uscat\u0103, atent procesate pentru a-\u0219i p\u0103stra to\u021bi nutrien\u021bii \u0219i a oferi un gust \u0219i o arom\u0103 irezistibile.<\/p>\n<p><img loading=\"lazy\" decoding=\"async\" src=\"https:\/\/gonga.ro\/img\/cms\/Os%20de%20sunca%20natural%20pentru%20caini,%2010%20bucati,%20Petmex1.jpeg\" alt=\"\" width=\"710\" height=\"710\" \/><\/p>\n<p>Satisfacerea instinctului natural \u2013 Mestecatul ajut\u0103 la reducerea stresului \u0219i ofer\u0103 ore \u00eentregi de distrac\u021bie.<\/p>\n<p>\u00cengrijire oral\u0103 \u2013 Contribuie la cur\u0103\u021barea din\u021bilor \u0219i la \u00eent\u0103rirea gingiilor.<\/p>\n<p>Bogate \u00een proteine \u2013 Ofer\u0103 un aport nutritiv esen\u021bial pentru o diet\u0103 echilibrat\u0103.<\/p>\n<p>100% natural \u2013 F\u0103r\u0103 conservan\u021bi sau aditivi artificiali.<\/p>\n<p>Produs polonez de calitate \u2013 Fabricat cu grij\u0103, pentru siguran\u021ba \u0219i s\u0103n\u0103tatea patrupedului t\u0103u.<\/p>\n<p>Pachetul con\u021bine 10 buc\u0103\u021bi, perfecte pentru a-i oferi c\u00e2inelui t\u0103u o gustare savuroas\u0103 \u0219i benefic\u0103!<\/p>\n<p><img loading=\"lazy\" decoding=\"async\" src=\"https:\/\/gonga.ro\/img\/cms\/Os%20de%20sunca%20natural%20pentru%20caini,%2010%20bucati,%20Petmex.jpeg\" alt=\"\" width=\"730\" height=\"730\" \/><\/p>\n<p><strong>Compozi\u0163ie:<\/strong><\/p>\n<p>&#8211; os de sunca de porc uscata 100%<\/p>\n<\/p>\n<p><strong>Componente analitice:<\/strong><\/p>\n<p>&#8211; proteina bruta 30,6%<\/p>\n<p>&#8211; gr\u0103sime brut\u0103 22%<\/p>\n<p>&#8211; cenusa bruta 4,51%<\/p>\n<p>&#8211; umiditate 4,3%<\/p>\n<\/p>\n<p><strong>Specificatii:<\/strong><\/p>\n<\/p>\n<p>&#8211; Aroma: Porc<\/p>\n<p>&#8211; Numar oase: 10<\/p>\n<p>&#8211; Greutate: 2.4 kg<\/p>","protected":false},"excerpt":{"rendered":"<p>Culoare: Maro Os de \u0219unc\u0103 natural pentru c\u00e2ini, 10 buc\u0103\u021bi Ofer\u0103-i c\u00e2inelui t\u0103u un r\u0103sf\u0103\u021b delicios \u0219i s\u0103n\u0103tos cu Osul<\/p>","protected":false},"featured_media":33352,"comment_status":"open","ping_status":"open","template":"","meta":[],"product_brand":[],"product_cat":[99,573,346],"product_tag":[104],"class_list":{"0":"post-33351","1":"product","2":"type-product","3":"status-publish","4":"has-post-thumbnail","6":"product_cat-acasa","7":"product_cat-biscuiti-si-recompense","8":"product_cat-petshop","9":"product_tag-in-stoc","10":"pa_culoare-maro","12":"first","13":"instock","14":"sale","15":"purchasable","16":"product-type-simple"},"yoast_head":"<!-- This site is optimized with the Yoast SEO plugin v27.2 - https:\/\/yoast.com\/product\/yoast-seo-wordpress\/ -->\n<title>Os de sunca natural pentru caini, 10 bucati, Petmex | ZOKO<\/title>\n<meta name=\"robots\" content=\"index, follow, max-snippet:-1, max-image-preview:large, max-video-preview:-1\" \/>\n<link rel=\"canonical\" href=\"https:\/\/www.zoko.ro\/en\/p\/os-de-sunca-natural-pentru-caini-10-bucati-petmex\/\" \/>\n<meta property=\"og:locale\" content=\"en_GB\" \/>\n<meta property=\"og:type\" content=\"article\" \/>\n<meta property=\"og:title\" content=\"Os de sunca natural pentru caini, 10 bucati, Petmex | ZOKO\" \/>\n<meta property=\"og:description\" content=\"Culoare: Maro Os de \u0219unc\u0103 natural pentru c\u00e2ini, 10 buc\u0103\u021bi Ofer\u0103-i c\u00e2inelui t\u0103u un r\u0103sf\u0103\u021b delicios \u0219i s\u0103n\u0103tos cu Osul\" \/>\n<meta property=\"og:url\" content=\"https:\/\/www.zoko.ro\/en\/p\/os-de-sunca-natural-pentru-caini-10-bucati-petmex\/\" \/>\n<meta property=\"og:site_name\" content=\"ZOKO\" \/>\n<meta property=\"article:publisher\" content=\"https:\/\/www.facebook.com\/profile.php?id=61584344135075\" \/>\n<meta property=\"og:image\" content=\"https:\/\/www.zoko.ro\/wp-content\/uploads\/2025\/12\/os-de-sunca-natural-pentru-caini-10-bucati-petmex.jpg\" \/>\n\t<meta property=\"og:image:width\" content=\"730\" \/>\n\t<meta property=\"og:image:height\" content=\"730\" \/>\n\t<meta property=\"og:image:type\" content=\"image\/jpeg\" \/>\n<meta name=\"twitter:card\" content=\"summary_large_image\" \/>\n<meta name=\"twitter:label1\" content=\"Estimated reading time\" \/>\n\t<meta name=\"twitter:data1\" content=\"1 minute\" \/>\n<script type=\"application\/ld+json\" class=\"yoast-schema-graph\">{\"@context\":\"https:\/\/schema.org\",\"@graph\":[{\"@type\":\"WebPage\",\"@id\":\"https:\/\/www.zoko.ro\/p\/os-de-sunca-natural-pentru-caini-10-bucati-petmex\/\",\"url\":\"https:\/\/www.zoko.ro\/p\/os-de-sunca-natural-pentru-caini-10-bucati-petmex\/\",\"name\":\"Os de sunca natural pentru caini, 10 bucati, Petmex | ZOKO\",\"isPartOf\":{\"@id\":\"https:\/\/www.zoko.ro\/#website\"},\"primaryImageOfPage\":{\"@id\":\"https:\/\/www.zoko.ro\/p\/os-de-sunca-natural-pentru-caini-10-bucati-petmex\/#primaryimage\"},\"image\":{\"@id\":\"https:\/\/www.zoko.ro\/p\/os-de-sunca-natural-pentru-caini-10-bucati-petmex\/#primaryimage\"},\"thumbnailUrl\":\"https:\/\/www.zoko.ro\/wp-content\/uploads\/2025\/12\/os-de-sunca-natural-pentru-caini-10-bucati-petmex.jpg\",\"datePublished\":\"2026-04-28T21:36:43+00:00\",\"breadcrumb\":{\"@id\":\"https:\/\/www.zoko.ro\/p\/os-de-sunca-natural-pentru-caini-10-bucati-petmex\/#breadcrumb\"},\"inLanguage\":\"en-GB\",\"potentialAction\":[{\"@type\":\"ReadAction\",\"target\":[\"https:\/\/www.zoko.ro\/p\/os-de-sunca-natural-pentru-caini-10-bucati-petmex\/\"]}]},{\"@type\":\"ImageObject\",\"inLanguage\":\"en-GB\",\"@id\":\"https:\/\/www.zoko.ro\/p\/os-de-sunca-natural-pentru-caini-10-bucati-petmex\/#primaryimage\",\"url\":\"https:\/\/www.zoko.ro\/wp-content\/uploads\/2025\/12\/os-de-sunca-natural-pentru-caini-10-bucati-petmex.jpg\",\"contentUrl\":\"https:\/\/www.zoko.ro\/wp-content\/uploads\/2025\/12\/os-de-sunca-natural-pentru-caini-10-bucati-petmex.jpg\",\"width\":730,\"height\":730},{\"@type\":\"BreadcrumbList\",\"@id\":\"https:\/\/www.zoko.ro\/p\/os-de-sunca-natural-pentru-caini-10-bucati-petmex\/#breadcrumb\",\"itemListElement\":[{\"@type\":\"ListItem\",\"position\":1,\"name\":\"Home\",\"item\":\"https:\/\/www.zoko.ro\/\"},{\"@type\":\"ListItem\",\"position\":2,\"name\":\"Magazin\",\"item\":\"https:\/\/www.zoko.ro\/magazin\/\"},{\"@type\":\"ListItem\",\"position\":3,\"name\":\"Os de sunca natural pentru caini, 10 bucati, Petmex\"}]},{\"@type\":\"WebSite\",\"@id\":\"https:\/\/www.zoko.ro\/#website\",\"url\":\"https:\/\/www.zoko.ro\/\",\"name\":\"ZOKO.ro\",\"description\":\"Cump\u0103r\u0103 inteligent\",\"publisher\":{\"@id\":\"https:\/\/www.zoko.ro\/#organization\"},\"potentialAction\":[{\"@type\":\"SearchAction\",\"target\":{\"@type\":\"EntryPoint\",\"urlTemplate\":\"https:\/\/www.zoko.ro\/?s={search_term_string}\"},\"query-input\":{\"@type\":\"PropertyValueSpecification\",\"valueRequired\":true,\"valueName\":\"search_term_string\"}}],\"inLanguage\":\"en-GB\"},{\"@type\":\"Organization\",\"@id\":\"https:\/\/www.zoko.ro\/#organization\",\"name\":\"ZOKO\",\"url\":\"https:\/\/www.zoko.ro\/\",\"logo\":{\"@type\":\"ImageObject\",\"inLanguage\":\"en-GB\",\"@id\":\"https:\/\/www.zoko.ro\/#\/schema\/logo\/image\/\",\"url\":\"https:\/\/www.zoko.ro\/wp-content\/uploads\/2025\/03\/logo1.svg\",\"contentUrl\":\"https:\/\/www.zoko.ro\/wp-content\/uploads\/2025\/03\/logo1.svg\",\"width\":799,\"height\":216,\"caption\":\"ZOKO\"},\"image\":{\"@id\":\"https:\/\/www.zoko.ro\/#\/schema\/logo\/image\/\"},\"sameAs\":[\"https:\/\/www.facebook.com\/profile.php?id=61584344135075\"]}]}<\/script>\n<!-- \/ Yoast SEO plugin. -->","yoast_head_json":{"title":"Os de sunca natural pentru caini, 10 bucati, Petmex | ZOKO","robots":{"index":"index","follow":"follow","max-snippet":"max-snippet:-1","max-image-preview":"max-image-preview:large","max-video-preview":"max-video-preview:-1"},"canonical":"https:\/\/www.zoko.ro\/en\/p\/os-de-sunca-natural-pentru-caini-10-bucati-petmex\/","og_locale":"en_GB","og_type":"article","og_title":"Os de sunca natural pentru caini, 10 bucati, Petmex | ZOKO","og_description":"Culoare: Maro Os de \u0219unc\u0103 natural pentru c\u00e2ini, 10 buc\u0103\u021bi Ofer\u0103-i c\u00e2inelui t\u0103u un r\u0103sf\u0103\u021b delicios \u0219i s\u0103n\u0103tos cu Osul","og_url":"https:\/\/www.zoko.ro\/en\/p\/os-de-sunca-natural-pentru-caini-10-bucati-petmex\/","og_site_name":"ZOKO","article_publisher":"https:\/\/www.facebook.com\/profile.php?id=61584344135075","og_image":[{"width":730,"height":730,"url":"https:\/\/www.zoko.ro\/wp-content\/uploads\/2025\/12\/os-de-sunca-natural-pentru-caini-10-bucati-petmex.jpg","type":"image\/jpeg"}],"twitter_card":"summary_large_image","twitter_misc":{"Estimated reading time":"1 minute"},"schema":{"@context":"https:\/\/schema.org","@graph":[{"@type":"WebPage","@id":"https:\/\/www.zoko.ro\/p\/os-de-sunca-natural-pentru-caini-10-bucati-petmex\/","url":"https:\/\/www.zoko.ro\/p\/os-de-sunca-natural-pentru-caini-10-bucati-petmex\/","name":"Os de sunca natural pentru caini, 10 bucati, Petmex | ZOKO","isPartOf":{"@id":"https:\/\/www.zoko.ro\/#website"},"primaryImageOfPage":{"@id":"https:\/\/www.zoko.ro\/p\/os-de-sunca-natural-pentru-caini-10-bucati-petmex\/#primaryimage"},"image":{"@id":"https:\/\/www.zoko.ro\/p\/os-de-sunca-natural-pentru-caini-10-bucati-petmex\/#primaryimage"},"thumbnailUrl":"https:\/\/www.zoko.ro\/wp-content\/uploads\/2025\/12\/os-de-sunca-natural-pentru-caini-10-bucati-petmex.jpg","datePublished":"2026-04-28T21:36:43+00:00","breadcrumb":{"@id":"https:\/\/www.zoko.ro\/p\/os-de-sunca-natural-pentru-caini-10-bucati-petmex\/#breadcrumb"},"inLanguage":"en-GB","potentialAction":[{"@type":"ReadAction","target":["https:\/\/www.zoko.ro\/p\/os-de-sunca-natural-pentru-caini-10-bucati-petmex\/"]}]},{"@type":"ImageObject","inLanguage":"en-GB","@id":"https:\/\/www.zoko.ro\/p\/os-de-sunca-natural-pentru-caini-10-bucati-petmex\/#primaryimage","url":"https:\/\/www.zoko.ro\/wp-content\/uploads\/2025\/12\/os-de-sunca-natural-pentru-caini-10-bucati-petmex.jpg","contentUrl":"https:\/\/www.zoko.ro\/wp-content\/uploads\/2025\/12\/os-de-sunca-natural-pentru-caini-10-bucati-petmex.jpg","width":730,"height":730},{"@type":"BreadcrumbList","@id":"https:\/\/www.zoko.ro\/p\/os-de-sunca-natural-pentru-caini-10-bucati-petmex\/#breadcrumb","itemListElement":[{"@type":"ListItem","position":1,"name":"Home","item":"https:\/\/www.zoko.ro\/"},{"@type":"ListItem","position":2,"name":"Magazin","item":"https:\/\/www.zoko.ro\/magazin\/"},{"@type":"ListItem","position":3,"name":"Os de sunca natural pentru caini, 10 bucati, Petmex"}]},{"@type":"WebSite","@id":"https:\/\/www.zoko.ro\/#website","url":"https:\/\/www.zoko.ro\/","name":"ZOKO.ro","description":"Cump\u0103r\u0103 inteligent","publisher":{"@id":"https:\/\/www.zoko.ro\/#organization"},"potentialAction":[{"@type":"SearchAction","target":{"@type":"EntryPoint","urlTemplate":"https:\/\/www.zoko.ro\/?s={search_term_string}"},"query-input":{"@type":"PropertyValueSpecification","valueRequired":true,"valueName":"search_term_string"}}],"inLanguage":"en-GB"},{"@type":"Organization","@id":"https:\/\/www.zoko.ro\/#organization","name":"ZOKO","url":"https:\/\/www.zoko.ro\/","logo":{"@type":"ImageObject","inLanguage":"en-GB","@id":"https:\/\/www.zoko.ro\/#\/schema\/logo\/image\/","url":"https:\/\/www.zoko.ro\/wp-content\/uploads\/2025\/03\/logo1.svg","contentUrl":"https:\/\/www.zoko.ro\/wp-content\/uploads\/2025\/03\/logo1.svg","width":799,"height":216,"caption":"ZOKO"},"image":{"@id":"https:\/\/www.zoko.ro\/#\/schema\/logo\/image\/"},"sameAs":["https:\/\/www.facebook.com\/profile.php?id=61584344135075"]}]}},"_links":{"self":[{"href":"https:\/\/www.zoko.ro\/en\/wp-json\/wp\/v2\/product\/33351","targetHints":{"allow":["GET"]}}],"collection":[{"href":"https:\/\/www.zoko.ro\/en\/wp-json\/wp\/v2\/product"}],"about":[{"href":"https:\/\/www.zoko.ro\/en\/wp-json\/wp\/v2\/types\/product"}],"replies":[{"embeddable":true,"href":"https:\/\/www.zoko.ro\/en\/wp-json\/wp\/v2\/comments?post=33351"}],"version-history":[{"count":1,"href":"https:\/\/www.zoko.ro\/en\/wp-json\/wp\/v2\/product\/33351\/revisions"}],"predecessor-version":[{"id":38438,"href":"https:\/\/www.zoko.ro\/en\/wp-json\/wp\/v2\/product\/33351\/revisions\/38438"}],"wp:featuredmedia":[{"embeddable":true,"href":"https:\/\/www.zoko.ro\/en\/wp-json\/wp\/v2\/media\/33352"}],"wp:attachment":[{"href":"https:\/\/www.zoko.ro\/en\/wp-json\/wp\/v2\/media?parent=33351"}],"wp:term":[{"taxonomy":"product_brand","embeddable":true,"href":"https:\/\/www.zoko.ro\/en\/wp-json\/wp\/v2\/product_brand?post=33351"},{"taxonomy":"product_cat","embeddable":true,"href":"https:\/\/www.zoko.ro\/en\/wp-json\/wp\/v2\/product_cat?post=33351"},{"taxonomy":"product_tag","embeddable":true,"href":"https:\/\/www.zoko.ro\/en\/wp-json\/wp\/v2\/product_tag?post=33351"}],"curies":[{"name":"wp","href":"https:\/\/api.w.org\/{rel}","templated":true}]}}