{"id":33364,"date":"2026-04-28T23:36:44","date_gmt":"2026-04-28T21:36:44","guid":{"rendered":"https:\/\/www.zoko.ro\/p\/recompense-pentru-caini-gaturi-de-pui-uscat-natural-1-kg-petmex\/"},"modified":"2026-04-28T23:36:44","modified_gmt":"2026-04-28T21:36:44","slug":"recompense-pentru-caini-gaturi-de-pui-uscat-natural-1-kg-petmex","status":"publish","type":"product","link":"https:\/\/www.zoko.ro\/en\/p\/recompense-pentru-caini-gaturi-de-pui-uscat-natural-1-kg-petmex\/","title":{"rendered":"Recompense pentru caini gaturi de pui uscat natural, 1 kg, Petmex"},"content":{"rendered":"<p><strong>Culoare:<\/strong> Maro<\/p>\n<p><strong>Recompense pentru c\u00e2ini \u2013 G\u00e2turi de pui uscate natural, 1 kg\u00a0<\/strong><\/p>\n<p>Ofer\u0103-i c\u00e2inelui t\u0103u o gustare 100% natural\u0103 \u0219i delicioas\u0103 cu g\u00e2turile de pui uscate! Bogate \u00een proteine \u0219i nutrien\u021bi esen\u021biali, aceste recompense sunt u\u0219or de digerat \u0219i perfecte pentru a satisface nevoia natural\u0103 a c\u00e2inelui de a mu\u0219ca \u0219i mesteca.<\/p>\n<p><img loading=\"lazy\" decoding=\"async\" src=\"https:\/\/gonga.ro\/img\/cms\/Recompense%20pentru%20caini%20gaturi%20de%20pui%20uscat%20natural,%201%20kg,%20Petmex.jpeg\" alt=\"\" width=\"720\" height=\"720\" \/><\/p>\n<p>Sus\u021bine s\u0103n\u0103tatea dentar\u0103 \u2013 Ajut\u0103 la cur\u0103\u021barea din\u021bilor \u0219i la \u00eent\u0103rirea gingiilor.<\/p>\n<p>Proces de uscare natural \u2013 P\u0103streaz\u0103 aroma \u0219i to\u021bi nutrien\u021bii, oferind o experien\u021b\u0103 gustoas\u0103 \u0219i s\u0103n\u0103toas\u0103.<\/p>\n<p>F\u0103r\u0103 conservan\u021bi sau aditivi \u2013 Un r\u0103sf\u0103\u021b sigur \u0219i natural pentru patrupedul t\u0103u.<\/p>\n<p>Ideal ca gustare sau recompens\u0103 \u2013 Satisface instinctul de mestecat \u0219i men\u021bine c\u00e2inele ocupat.<\/p>\n<p>Pachetul de 1 kg este perfect pentru a-i oferi c\u00e2inelui t\u0103u o gustare s\u0103n\u0103toas\u0103 \u0219i natural\u0103, plin\u0103 de beneficii!\u00a0<\/p>\n<p><img loading=\"lazy\" decoding=\"async\" src=\"https:\/\/gonga.ro\/img\/cms\/Recompense%20pentru%20caini%20gaturi%20de%20pui%20uscat%20natural,%201%20kg,%20Petmex1.jpeg\" alt=\"\" width=\"625\" height=\"625\" \/><\/p>\n<p><strong>Compozi\u0163ie:<\/strong><\/p>\n<p>&#8211; gat de pui uscat 100%<\/p>\n<p><img loading=\"lazy\" decoding=\"async\" src=\"https:\/\/gonga.ro\/img\/cms\/Recompense%20pentru%20caini%20gaturi%20de%20pui%20uscat%20natural,%201%20kg,%20Petmex2.jpeg\" alt=\"\" width=\"720\" height=\"720\" \/><\/p>\n<p><strong>Componente analitice:<\/strong><\/p>\n<p>&#8211; proteina bruta 55,4%<\/p>\n<p>&#8211; gr\u0103sime brut\u0103 22,8%<\/p>\n<p>&#8211; cenusa bruta 17,97%<\/p>\n<p>&#8211; umiditate 3,8%<\/p>","protected":false},"excerpt":{"rendered":"<p>Culoare: Maro Recompense pentru c\u00e2ini \u2013 G\u00e2turi de pui uscate natural, 1 kg\u00a0 Ofer\u0103-i c\u00e2inelui t\u0103u o gustare 100% natural\u0103<\/p>","protected":false},"featured_media":33365,"comment_status":"open","ping_status":"open","template":"","meta":[],"product_brand":[],"product_cat":[99,573,346],"product_tag":[104],"class_list":{"0":"post-33364","1":"product","2":"type-product","3":"status-publish","4":"has-post-thumbnail","6":"product_cat-acasa","7":"product_cat-biscuiti-si-recompense","8":"product_cat-petshop","9":"product_tag-in-stoc","10":"pa_culoare-maro","12":"first","13":"instock","14":"sale","15":"purchasable","16":"product-type-simple"},"yoast_head":"<!-- This site is optimized with the Yoast SEO plugin v27.2 - https:\/\/yoast.com\/product\/yoast-seo-wordpress\/ -->\n<title>Recompense pentru caini gaturi de pui uscat natural, 1 kg, Petmex | ZOKO<\/title>\n<meta name=\"robots\" content=\"index, follow, max-snippet:-1, max-image-preview:large, max-video-preview:-1\" \/>\n<link rel=\"canonical\" href=\"https:\/\/www.zoko.ro\/en\/p\/recompense-pentru-caini-gaturi-de-pui-uscat-natural-1-kg-petmex\/\" \/>\n<meta property=\"og:locale\" content=\"en_GB\" \/>\n<meta property=\"og:type\" content=\"article\" \/>\n<meta property=\"og:title\" content=\"Recompense pentru caini gaturi de pui uscat natural, 1 kg, Petmex | ZOKO\" \/>\n<meta property=\"og:description\" content=\"Culoare: Maro Recompense pentru c\u00e2ini \u2013 G\u00e2turi de pui uscate natural, 1 kg\u00a0 Ofer\u0103-i c\u00e2inelui t\u0103u o gustare 100% natural\u0103\" \/>\n<meta property=\"og:url\" content=\"https:\/\/www.zoko.ro\/en\/p\/recompense-pentru-caini-gaturi-de-pui-uscat-natural-1-kg-petmex\/\" \/>\n<meta property=\"og:site_name\" content=\"ZOKO\" \/>\n<meta property=\"article:publisher\" content=\"https:\/\/www.facebook.com\/profile.php?id=61584344135075\" \/>\n<meta property=\"og:image\" content=\"https:\/\/www.zoko.ro\/wp-content\/uploads\/2025\/12\/recompense-pentru-caini-gaturi-de-pui-uscat-natural-1-kg-petmex.jpg\" \/>\n\t<meta property=\"og:image:width\" content=\"720\" \/>\n\t<meta property=\"og:image:height\" content=\"720\" \/>\n\t<meta property=\"og:image:type\" content=\"image\/jpeg\" \/>\n<meta name=\"twitter:card\" content=\"summary_large_image\" \/>\n<meta name=\"twitter:label1\" content=\"Estimated reading time\" \/>\n\t<meta name=\"twitter:data1\" content=\"1 minute\" \/>\n<script type=\"application\/ld+json\" class=\"yoast-schema-graph\">{\"@context\":\"https:\/\/schema.org\",\"@graph\":[{\"@type\":\"WebPage\",\"@id\":\"https:\/\/www.zoko.ro\/p\/recompense-pentru-caini-gaturi-de-pui-uscat-natural-1-kg-petmex\/\",\"url\":\"https:\/\/www.zoko.ro\/p\/recompense-pentru-caini-gaturi-de-pui-uscat-natural-1-kg-petmex\/\",\"name\":\"Recompense pentru caini gaturi de pui uscat natural, 1 kg, Petmex | ZOKO\",\"isPartOf\":{\"@id\":\"https:\/\/www.zoko.ro\/#website\"},\"primaryImageOfPage\":{\"@id\":\"https:\/\/www.zoko.ro\/p\/recompense-pentru-caini-gaturi-de-pui-uscat-natural-1-kg-petmex\/#primaryimage\"},\"image\":{\"@id\":\"https:\/\/www.zoko.ro\/p\/recompense-pentru-caini-gaturi-de-pui-uscat-natural-1-kg-petmex\/#primaryimage\"},\"thumbnailUrl\":\"https:\/\/www.zoko.ro\/wp-content\/uploads\/2025\/12\/recompense-pentru-caini-gaturi-de-pui-uscat-natural-1-kg-petmex.jpg\",\"datePublished\":\"2026-04-28T21:36:44+00:00\",\"breadcrumb\":{\"@id\":\"https:\/\/www.zoko.ro\/p\/recompense-pentru-caini-gaturi-de-pui-uscat-natural-1-kg-petmex\/#breadcrumb\"},\"inLanguage\":\"en-GB\",\"potentialAction\":[{\"@type\":\"ReadAction\",\"target\":[\"https:\/\/www.zoko.ro\/p\/recompense-pentru-caini-gaturi-de-pui-uscat-natural-1-kg-petmex\/\"]}]},{\"@type\":\"ImageObject\",\"inLanguage\":\"en-GB\",\"@id\":\"https:\/\/www.zoko.ro\/p\/recompense-pentru-caini-gaturi-de-pui-uscat-natural-1-kg-petmex\/#primaryimage\",\"url\":\"https:\/\/www.zoko.ro\/wp-content\/uploads\/2025\/12\/recompense-pentru-caini-gaturi-de-pui-uscat-natural-1-kg-petmex.jpg\",\"contentUrl\":\"https:\/\/www.zoko.ro\/wp-content\/uploads\/2025\/12\/recompense-pentru-caini-gaturi-de-pui-uscat-natural-1-kg-petmex.jpg\",\"width\":720,\"height\":720},{\"@type\":\"BreadcrumbList\",\"@id\":\"https:\/\/www.zoko.ro\/p\/recompense-pentru-caini-gaturi-de-pui-uscat-natural-1-kg-petmex\/#breadcrumb\",\"itemListElement\":[{\"@type\":\"ListItem\",\"position\":1,\"name\":\"Home\",\"item\":\"https:\/\/www.zoko.ro\/\"},{\"@type\":\"ListItem\",\"position\":2,\"name\":\"Magazin\",\"item\":\"https:\/\/www.zoko.ro\/magazin\/\"},{\"@type\":\"ListItem\",\"position\":3,\"name\":\"Recompense pentru caini gaturi de pui uscat natural, 1 kg, Petmex\"}]},{\"@type\":\"WebSite\",\"@id\":\"https:\/\/www.zoko.ro\/#website\",\"url\":\"https:\/\/www.zoko.ro\/\",\"name\":\"ZOKO.ro\",\"description\":\"Cump\u0103r\u0103 inteligent\",\"publisher\":{\"@id\":\"https:\/\/www.zoko.ro\/#organization\"},\"potentialAction\":[{\"@type\":\"SearchAction\",\"target\":{\"@type\":\"EntryPoint\",\"urlTemplate\":\"https:\/\/www.zoko.ro\/?s={search_term_string}\"},\"query-input\":{\"@type\":\"PropertyValueSpecification\",\"valueRequired\":true,\"valueName\":\"search_term_string\"}}],\"inLanguage\":\"en-GB\"},{\"@type\":\"Organization\",\"@id\":\"https:\/\/www.zoko.ro\/#organization\",\"name\":\"ZOKO\",\"url\":\"https:\/\/www.zoko.ro\/\",\"logo\":{\"@type\":\"ImageObject\",\"inLanguage\":\"en-GB\",\"@id\":\"https:\/\/www.zoko.ro\/#\/schema\/logo\/image\/\",\"url\":\"https:\/\/www.zoko.ro\/wp-content\/uploads\/2025\/03\/logo1.svg\",\"contentUrl\":\"https:\/\/www.zoko.ro\/wp-content\/uploads\/2025\/03\/logo1.svg\",\"width\":799,\"height\":216,\"caption\":\"ZOKO\"},\"image\":{\"@id\":\"https:\/\/www.zoko.ro\/#\/schema\/logo\/image\/\"},\"sameAs\":[\"https:\/\/www.facebook.com\/profile.php?id=61584344135075\"]}]}<\/script>\n<!-- \/ Yoast SEO plugin. -->","yoast_head_json":{"title":"Recompense pentru caini gaturi de pui uscat natural, 1 kg, Petmex | ZOKO","robots":{"index":"index","follow":"follow","max-snippet":"max-snippet:-1","max-image-preview":"max-image-preview:large","max-video-preview":"max-video-preview:-1"},"canonical":"https:\/\/www.zoko.ro\/en\/p\/recompense-pentru-caini-gaturi-de-pui-uscat-natural-1-kg-petmex\/","og_locale":"en_GB","og_type":"article","og_title":"Recompense pentru caini gaturi de pui uscat natural, 1 kg, Petmex | ZOKO","og_description":"Culoare: Maro Recompense pentru c\u00e2ini \u2013 G\u00e2turi de pui uscate natural, 1 kg\u00a0 Ofer\u0103-i c\u00e2inelui t\u0103u o gustare 100% natural\u0103","og_url":"https:\/\/www.zoko.ro\/en\/p\/recompense-pentru-caini-gaturi-de-pui-uscat-natural-1-kg-petmex\/","og_site_name":"ZOKO","article_publisher":"https:\/\/www.facebook.com\/profile.php?id=61584344135075","og_image":[{"width":720,"height":720,"url":"https:\/\/www.zoko.ro\/wp-content\/uploads\/2025\/12\/recompense-pentru-caini-gaturi-de-pui-uscat-natural-1-kg-petmex.jpg","type":"image\/jpeg"}],"twitter_card":"summary_large_image","twitter_misc":{"Estimated reading time":"1 minute"},"schema":{"@context":"https:\/\/schema.org","@graph":[{"@type":"WebPage","@id":"https:\/\/www.zoko.ro\/p\/recompense-pentru-caini-gaturi-de-pui-uscat-natural-1-kg-petmex\/","url":"https:\/\/www.zoko.ro\/p\/recompense-pentru-caini-gaturi-de-pui-uscat-natural-1-kg-petmex\/","name":"Recompense pentru caini gaturi de pui uscat natural, 1 kg, Petmex | ZOKO","isPartOf":{"@id":"https:\/\/www.zoko.ro\/#website"},"primaryImageOfPage":{"@id":"https:\/\/www.zoko.ro\/p\/recompense-pentru-caini-gaturi-de-pui-uscat-natural-1-kg-petmex\/#primaryimage"},"image":{"@id":"https:\/\/www.zoko.ro\/p\/recompense-pentru-caini-gaturi-de-pui-uscat-natural-1-kg-petmex\/#primaryimage"},"thumbnailUrl":"https:\/\/www.zoko.ro\/wp-content\/uploads\/2025\/12\/recompense-pentru-caini-gaturi-de-pui-uscat-natural-1-kg-petmex.jpg","datePublished":"2026-04-28T21:36:44+00:00","breadcrumb":{"@id":"https:\/\/www.zoko.ro\/p\/recompense-pentru-caini-gaturi-de-pui-uscat-natural-1-kg-petmex\/#breadcrumb"},"inLanguage":"en-GB","potentialAction":[{"@type":"ReadAction","target":["https:\/\/www.zoko.ro\/p\/recompense-pentru-caini-gaturi-de-pui-uscat-natural-1-kg-petmex\/"]}]},{"@type":"ImageObject","inLanguage":"en-GB","@id":"https:\/\/www.zoko.ro\/p\/recompense-pentru-caini-gaturi-de-pui-uscat-natural-1-kg-petmex\/#primaryimage","url":"https:\/\/www.zoko.ro\/wp-content\/uploads\/2025\/12\/recompense-pentru-caini-gaturi-de-pui-uscat-natural-1-kg-petmex.jpg","contentUrl":"https:\/\/www.zoko.ro\/wp-content\/uploads\/2025\/12\/recompense-pentru-caini-gaturi-de-pui-uscat-natural-1-kg-petmex.jpg","width":720,"height":720},{"@type":"BreadcrumbList","@id":"https:\/\/www.zoko.ro\/p\/recompense-pentru-caini-gaturi-de-pui-uscat-natural-1-kg-petmex\/#breadcrumb","itemListElement":[{"@type":"ListItem","position":1,"name":"Home","item":"https:\/\/www.zoko.ro\/"},{"@type":"ListItem","position":2,"name":"Magazin","item":"https:\/\/www.zoko.ro\/magazin\/"},{"@type":"ListItem","position":3,"name":"Recompense pentru caini gaturi de pui uscat natural, 1 kg, Petmex"}]},{"@type":"WebSite","@id":"https:\/\/www.zoko.ro\/#website","url":"https:\/\/www.zoko.ro\/","name":"ZOKO.ro","description":"Cump\u0103r\u0103 inteligent","publisher":{"@id":"https:\/\/www.zoko.ro\/#organization"},"potentialAction":[{"@type":"SearchAction","target":{"@type":"EntryPoint","urlTemplate":"https:\/\/www.zoko.ro\/?s={search_term_string}"},"query-input":{"@type":"PropertyValueSpecification","valueRequired":true,"valueName":"search_term_string"}}],"inLanguage":"en-GB"},{"@type":"Organization","@id":"https:\/\/www.zoko.ro\/#organization","name":"ZOKO","url":"https:\/\/www.zoko.ro\/","logo":{"@type":"ImageObject","inLanguage":"en-GB","@id":"https:\/\/www.zoko.ro\/#\/schema\/logo\/image\/","url":"https:\/\/www.zoko.ro\/wp-content\/uploads\/2025\/03\/logo1.svg","contentUrl":"https:\/\/www.zoko.ro\/wp-content\/uploads\/2025\/03\/logo1.svg","width":799,"height":216,"caption":"ZOKO"},"image":{"@id":"https:\/\/www.zoko.ro\/#\/schema\/logo\/image\/"},"sameAs":["https:\/\/www.facebook.com\/profile.php?id=61584344135075"]}]}},"_links":{"self":[{"href":"https:\/\/www.zoko.ro\/en\/wp-json\/wp\/v2\/product\/33364","targetHints":{"allow":["GET"]}}],"collection":[{"href":"https:\/\/www.zoko.ro\/en\/wp-json\/wp\/v2\/product"}],"about":[{"href":"https:\/\/www.zoko.ro\/en\/wp-json\/wp\/v2\/types\/product"}],"replies":[{"embeddable":true,"href":"https:\/\/www.zoko.ro\/en\/wp-json\/wp\/v2\/comments?post=33364"}],"version-history":[{"count":1,"href":"https:\/\/www.zoko.ro\/en\/wp-json\/wp\/v2\/product\/33364\/revisions"}],"predecessor-version":[{"id":38441,"href":"https:\/\/www.zoko.ro\/en\/wp-json\/wp\/v2\/product\/33364\/revisions\/38441"}],"wp:featuredmedia":[{"embeddable":true,"href":"https:\/\/www.zoko.ro\/en\/wp-json\/wp\/v2\/media\/33365"}],"wp:attachment":[{"href":"https:\/\/www.zoko.ro\/en\/wp-json\/wp\/v2\/media?parent=33364"}],"wp:term":[{"taxonomy":"product_brand","embeddable":true,"href":"https:\/\/www.zoko.ro\/en\/wp-json\/wp\/v2\/product_brand?post=33364"},{"taxonomy":"product_cat","embeddable":true,"href":"https:\/\/www.zoko.ro\/en\/wp-json\/wp\/v2\/product_cat?post=33364"},{"taxonomy":"product_tag","embeddable":true,"href":"https:\/\/www.zoko.ro\/en\/wp-json\/wp\/v2\/product_tag?post=33364"}],"curies":[{"name":"wp","href":"https:\/\/api.w.org\/{rel}","templated":true}]}}