{"id":33387,"date":"2026-04-28T23:36:46","date_gmt":"2026-04-28T21:36:46","guid":{"rendered":"https:\/\/www.zoko.ro\/p\/set-5-bucati-os-pentru-caini-natural-presat-din-piele-de-vaca-cu-o-aroma-delicata-de-ciocolata-haumiau\/"},"modified":"2026-04-28T23:36:47","modified_gmt":"2026-04-28T21:36:47","slug":"set-5-bucati-os-pentru-caini-natural-presat-din-piele-de-vaca-cu-o-aroma-delicata-de-ciocolata-haumiau","status":"publish","type":"product","link":"https:\/\/www.zoko.ro\/en\/p\/set-5-bucati-os-pentru-caini-natural-presat-din-piele-de-vaca-cu-o-aroma-delicata-de-ciocolata-haumiau\/","title":{"rendered":"Set 5 bucati Os pentru caini, natural, presat din piele de vac\u0103, cu o aroma delicata de ciocolata, Hau&#038;Miau"},"content":{"rendered":"<p><strong>Culoare:<\/strong> Maro<\/p>\n<p>Setul de 5 oase pentru c\u00e2ini este alegerea perfect\u0103 pentru r\u0103sf\u0103\u021bul \u0219i igiena dentar\u0103 a patrupedului t\u0103u.<\/p>\n<p>Realizate din piele natural\u0103 de vac\u0103, presat\u0103 pentru o durabilitate sporit\u0103, aceste oase sunt 100% sigure \u0219i delicioase pentru c\u00e2ini de toate taliile. Aroma delicat\u0103 de ciocolat\u0103 le face \u0219i mai apetisante, transform\u00e2nd fiecare moment de ron\u021b\u0103it \u00eentr-o experien\u021b\u0103 savuroas\u0103.<\/p>\n<p>Pe l\u00e2ng\u0103 satisfacerea instinctului natural de mestecat, ajut\u0103 la cur\u0103\u021barea din\u021bilor \u0219i la \u00eent\u0103rirea maxilarului. Ofer\u0103-i c\u00e2inelui t\u0103u un snack gustos \u0219i s\u0103n\u0103tos, ideal pentru momentele de relaxare sau ca recompens\u0103!<\/p>\n<p><img loading=\"lazy\" decoding=\"async\" src=\"https:\/\/gonga.ro\/img\/cms\/Set%205%20bucati%20Os%20pentru%20caini,%20natural,%20presat%20din%20piele%20de%20vac%C4%83,%20cu%20o%20aroma%20delicata%20de%20ciocolata,%20Hau&amp;Miau1.jpg\" alt=\"\" width=\"1030\" height=\"1030\" \/><\/p>\n<p><strong>Cantitate:<\/strong><\/p>\n<p>&#8211; os 7,5 cm: 5 buc (75g)<\/p>\n<p><img loading=\"lazy\" decoding=\"async\" src=\"https:\/\/gonga.ro\/img\/cms\/Set%205%20bucati%20Os%20pentru%20caini,%20natural,%20presat%20din%20piele%20de%20vac%C4%83,%20cu%20o%20aroma%20delicata%20de%20ciocolata,%20Hau&amp;Miau3.jpg\" alt=\"\" width=\"1984\" height=\"1958\" \/><\/p>\n<p><strong>Compozi\u0163ie:<\/strong><\/p>\n<p>&#8211; piele brut\u0103 (99,8%)<\/p>\n<p><img loading=\"lazy\" decoding=\"async\" src=\"https:\/\/gonga.ro\/img\/cms\/Set%205%20bucati%20Os%20pentru%20caini,%20natural,%20presat%20din%20piele%20de%20vac%C4%83,%20cu%20o%20aroma%20delicata%20de%20ciocolata,%20Hau&amp;Miau2.jpg\" alt=\"\" width=\"2000\" height=\"2000\" \/><\/p>\n<p><strong>Aditivi senzoriali:<\/strong><\/p>\n<p>&#8211; coloran\u021bi \u0219i arome: 0,20%<\/p>\n<p><img loading=\"lazy\" decoding=\"async\" src=\"https:\/\/gonga.ro\/img\/cms\/Set%205%20bucati%20Os%20pentru%20caini,%20natural,%20presat%20din%20piele%20de%20vac%C4%83,%20cu%20o%20aroma%20delicata%20de%20ciocolata,%20Hau&amp;Miau4.jpg\" alt=\"\" width=\"1551\" height=\"2000\" \/><\/p>\n<p><strong>Componente analitice:<\/strong><\/p>\n<p>&#8211; protein\u0103 brut\u0103 min. (65%)<\/p>\n<p>&#8211; uleiuri \u0219i gr\u0103simi, crude min. (4%)<\/p>\n<p>&#8211; fibre brute max. (1%)<\/p>\n<p>&#8211; cenusa bruta max. (3%)<\/p>\n<p>&#8211; umiditate max. (16%)<\/p><\/p>","protected":false},"excerpt":{"rendered":"<p>Culoare: Maro Setul de 5 oase pentru c\u00e2ini este alegerea perfect\u0103 pentru r\u0103sf\u0103\u021bul \u0219i igiena dentar\u0103 a patrupedului t\u0103u. Realizate<\/p>","protected":false},"featured_media":33388,"comment_status":"open","ping_status":"open","template":"","meta":[],"product_brand":[],"product_cat":[99,573,346],"product_tag":[104],"class_list":{"0":"post-33387","1":"product","2":"type-product","3":"status-publish","4":"has-post-thumbnail","6":"product_cat-acasa","7":"product_cat-biscuiti-si-recompense","8":"product_cat-petshop","9":"product_tag-in-stoc","10":"pa_culoare-maro","12":"first","13":"instock","14":"sale","15":"purchasable","16":"product-type-simple"},"yoast_head":"<!-- This site is optimized with the Yoast SEO plugin v27.2 - https:\/\/yoast.com\/product\/yoast-seo-wordpress\/ -->\n<title>Set 5 bucati Os pentru caini, natural, presat din piele de vac\u0103, cu o aroma delicata de ciocolata, Hau&amp;Miau | ZOKO<\/title>\n<meta name=\"robots\" content=\"index, follow, max-snippet:-1, max-image-preview:large, max-video-preview:-1\" \/>\n<link rel=\"canonical\" href=\"https:\/\/www.zoko.ro\/en\/p\/set-5-bucati-os-pentru-caini-natural-presat-din-piele-de-vaca-cu-o-aroma-delicata-de-ciocolata-haumiau\/\" \/>\n<meta property=\"og:locale\" content=\"en_GB\" \/>\n<meta property=\"og:type\" content=\"article\" \/>\n<meta property=\"og:title\" content=\"Set 5 bucati Os pentru caini, natural, presat din piele de vac\u0103, cu o aroma delicata de ciocolata, Hau&amp;Miau | ZOKO\" \/>\n<meta property=\"og:description\" content=\"Culoare: Maro Setul de 5 oase pentru c\u00e2ini este alegerea perfect\u0103 pentru r\u0103sf\u0103\u021bul \u0219i igiena dentar\u0103 a patrupedului t\u0103u. Realizate\" \/>\n<meta property=\"og:url\" content=\"https:\/\/www.zoko.ro\/en\/p\/set-5-bucati-os-pentru-caini-natural-presat-din-piele-de-vaca-cu-o-aroma-delicata-de-ciocolata-haumiau\/\" \/>\n<meta property=\"og:site_name\" content=\"ZOKO\" \/>\n<meta property=\"article:publisher\" content=\"https:\/\/www.facebook.com\/profile.php?id=61584344135075\" \/>\n<meta property=\"article:modified_time\" content=\"2026-04-28T21:36:47+00:00\" \/>\n<meta property=\"og:image\" content=\"https:\/\/www.zoko.ro\/wp-content\/uploads\/2025\/12\/set-5-bucati-os-pentru-caini-natural-presat-din-piele-de-vaca-cu-o-aroma-delicata-de-ciocolata-haumiau.jpg\" \/>\n\t<meta property=\"og:image:width\" content=\"807\" \/>\n\t<meta property=\"og:image:height\" content=\"781\" \/>\n\t<meta property=\"og:image:type\" content=\"image\/jpeg\" \/>\n<meta name=\"twitter:card\" content=\"summary_large_image\" \/>\n<meta name=\"twitter:label1\" content=\"Estimated reading time\" \/>\n\t<meta name=\"twitter:data1\" content=\"1 minute\" \/>\n<script type=\"application\/ld+json\" class=\"yoast-schema-graph\">{\"@context\":\"https:\/\/schema.org\",\"@graph\":[{\"@type\":\"WebPage\",\"@id\":\"https:\/\/www.zoko.ro\/p\/set-5-bucati-os-pentru-caini-natural-presat-din-piele-de-vaca-cu-o-aroma-delicata-de-ciocolata-haumiau\/\",\"url\":\"https:\/\/www.zoko.ro\/p\/set-5-bucati-os-pentru-caini-natural-presat-din-piele-de-vaca-cu-o-aroma-delicata-de-ciocolata-haumiau\/\",\"name\":\"Set 5 bucati Os pentru caini, natural, presat din piele de vac\u0103, cu o aroma delicata de ciocolata, Hau&Miau | ZOKO\",\"isPartOf\":{\"@id\":\"https:\/\/www.zoko.ro\/#website\"},\"primaryImageOfPage\":{\"@id\":\"https:\/\/www.zoko.ro\/p\/set-5-bucati-os-pentru-caini-natural-presat-din-piele-de-vaca-cu-o-aroma-delicata-de-ciocolata-haumiau\/#primaryimage\"},\"image\":{\"@id\":\"https:\/\/www.zoko.ro\/p\/set-5-bucati-os-pentru-caini-natural-presat-din-piele-de-vaca-cu-o-aroma-delicata-de-ciocolata-haumiau\/#primaryimage\"},\"thumbnailUrl\":\"https:\/\/www.zoko.ro\/wp-content\/uploads\/2025\/12\/set-5-bucati-os-pentru-caini-natural-presat-din-piele-de-vaca-cu-o-aroma-delicata-de-ciocolata-haumiau.jpg\",\"datePublished\":\"2026-04-28T21:36:46+00:00\",\"dateModified\":\"2026-04-28T21:36:47+00:00\",\"breadcrumb\":{\"@id\":\"https:\/\/www.zoko.ro\/p\/set-5-bucati-os-pentru-caini-natural-presat-din-piele-de-vaca-cu-o-aroma-delicata-de-ciocolata-haumiau\/#breadcrumb\"},\"inLanguage\":\"en-GB\",\"potentialAction\":[{\"@type\":\"ReadAction\",\"target\":[\"https:\/\/www.zoko.ro\/p\/set-5-bucati-os-pentru-caini-natural-presat-din-piele-de-vaca-cu-o-aroma-delicata-de-ciocolata-haumiau\/\"]}]},{\"@type\":\"ImageObject\",\"inLanguage\":\"en-GB\",\"@id\":\"https:\/\/www.zoko.ro\/p\/set-5-bucati-os-pentru-caini-natural-presat-din-piele-de-vaca-cu-o-aroma-delicata-de-ciocolata-haumiau\/#primaryimage\",\"url\":\"https:\/\/www.zoko.ro\/wp-content\/uploads\/2025\/12\/set-5-bucati-os-pentru-caini-natural-presat-din-piele-de-vaca-cu-o-aroma-delicata-de-ciocolata-haumiau.jpg\",\"contentUrl\":\"https:\/\/www.zoko.ro\/wp-content\/uploads\/2025\/12\/set-5-bucati-os-pentru-caini-natural-presat-din-piele-de-vaca-cu-o-aroma-delicata-de-ciocolata-haumiau.jpg\",\"width\":807,\"height\":781},{\"@type\":\"BreadcrumbList\",\"@id\":\"https:\/\/www.zoko.ro\/p\/set-5-bucati-os-pentru-caini-natural-presat-din-piele-de-vaca-cu-o-aroma-delicata-de-ciocolata-haumiau\/#breadcrumb\",\"itemListElement\":[{\"@type\":\"ListItem\",\"position\":1,\"name\":\"Home\",\"item\":\"https:\/\/www.zoko.ro\/\"},{\"@type\":\"ListItem\",\"position\":2,\"name\":\"Magazin\",\"item\":\"https:\/\/www.zoko.ro\/magazin\/\"},{\"@type\":\"ListItem\",\"position\":3,\"name\":\"Set 5 bucati Os pentru caini, natural, presat din piele de vac\u0103, cu o aroma delicata de ciocolata, Hau&#038;Miau\"}]},{\"@type\":\"WebSite\",\"@id\":\"https:\/\/www.zoko.ro\/#website\",\"url\":\"https:\/\/www.zoko.ro\/\",\"name\":\"ZOKO.ro\",\"description\":\"Cump\u0103r\u0103 inteligent\",\"publisher\":{\"@id\":\"https:\/\/www.zoko.ro\/#organization\"},\"potentialAction\":[{\"@type\":\"SearchAction\",\"target\":{\"@type\":\"EntryPoint\",\"urlTemplate\":\"https:\/\/www.zoko.ro\/?s={search_term_string}\"},\"query-input\":{\"@type\":\"PropertyValueSpecification\",\"valueRequired\":true,\"valueName\":\"search_term_string\"}}],\"inLanguage\":\"en-GB\"},{\"@type\":\"Organization\",\"@id\":\"https:\/\/www.zoko.ro\/#organization\",\"name\":\"ZOKO\",\"url\":\"https:\/\/www.zoko.ro\/\",\"logo\":{\"@type\":\"ImageObject\",\"inLanguage\":\"en-GB\",\"@id\":\"https:\/\/www.zoko.ro\/#\/schema\/logo\/image\/\",\"url\":\"https:\/\/www.zoko.ro\/wp-content\/uploads\/2025\/03\/logo1.svg\",\"contentUrl\":\"https:\/\/www.zoko.ro\/wp-content\/uploads\/2025\/03\/logo1.svg\",\"width\":799,\"height\":216,\"caption\":\"ZOKO\"},\"image\":{\"@id\":\"https:\/\/www.zoko.ro\/#\/schema\/logo\/image\/\"},\"sameAs\":[\"https:\/\/www.facebook.com\/profile.php?id=61584344135075\"]}]}<\/script>\n<!-- \/ Yoast SEO plugin. -->","yoast_head_json":{"title":"Set 5 bucati Os pentru caini, natural, presat din piele de vac\u0103, cu o aroma delicata de ciocolata, Hau&Miau | ZOKO","robots":{"index":"index","follow":"follow","max-snippet":"max-snippet:-1","max-image-preview":"max-image-preview:large","max-video-preview":"max-video-preview:-1"},"canonical":"https:\/\/www.zoko.ro\/en\/p\/set-5-bucati-os-pentru-caini-natural-presat-din-piele-de-vaca-cu-o-aroma-delicata-de-ciocolata-haumiau\/","og_locale":"en_GB","og_type":"article","og_title":"Set 5 bucati Os pentru caini, natural, presat din piele de vac\u0103, cu o aroma delicata de ciocolata, Hau&Miau | ZOKO","og_description":"Culoare: Maro Setul de 5 oase pentru c\u00e2ini este alegerea perfect\u0103 pentru r\u0103sf\u0103\u021bul \u0219i igiena dentar\u0103 a patrupedului t\u0103u. Realizate","og_url":"https:\/\/www.zoko.ro\/en\/p\/set-5-bucati-os-pentru-caini-natural-presat-din-piele-de-vaca-cu-o-aroma-delicata-de-ciocolata-haumiau\/","og_site_name":"ZOKO","article_publisher":"https:\/\/www.facebook.com\/profile.php?id=61584344135075","article_modified_time":"2026-04-28T21:36:47+00:00","og_image":[{"width":807,"height":781,"url":"https:\/\/www.zoko.ro\/wp-content\/uploads\/2025\/12\/set-5-bucati-os-pentru-caini-natural-presat-din-piele-de-vaca-cu-o-aroma-delicata-de-ciocolata-haumiau.jpg","type":"image\/jpeg"}],"twitter_card":"summary_large_image","twitter_misc":{"Estimated reading time":"1 minute"},"schema":{"@context":"https:\/\/schema.org","@graph":[{"@type":"WebPage","@id":"https:\/\/www.zoko.ro\/p\/set-5-bucati-os-pentru-caini-natural-presat-din-piele-de-vaca-cu-o-aroma-delicata-de-ciocolata-haumiau\/","url":"https:\/\/www.zoko.ro\/p\/set-5-bucati-os-pentru-caini-natural-presat-din-piele-de-vaca-cu-o-aroma-delicata-de-ciocolata-haumiau\/","name":"Set 5 bucati Os pentru caini, natural, presat din piele de vac\u0103, cu o aroma delicata de ciocolata, Hau&Miau | ZOKO","isPartOf":{"@id":"https:\/\/www.zoko.ro\/#website"},"primaryImageOfPage":{"@id":"https:\/\/www.zoko.ro\/p\/set-5-bucati-os-pentru-caini-natural-presat-din-piele-de-vaca-cu-o-aroma-delicata-de-ciocolata-haumiau\/#primaryimage"},"image":{"@id":"https:\/\/www.zoko.ro\/p\/set-5-bucati-os-pentru-caini-natural-presat-din-piele-de-vaca-cu-o-aroma-delicata-de-ciocolata-haumiau\/#primaryimage"},"thumbnailUrl":"https:\/\/www.zoko.ro\/wp-content\/uploads\/2025\/12\/set-5-bucati-os-pentru-caini-natural-presat-din-piele-de-vaca-cu-o-aroma-delicata-de-ciocolata-haumiau.jpg","datePublished":"2026-04-28T21:36:46+00:00","dateModified":"2026-04-28T21:36:47+00:00","breadcrumb":{"@id":"https:\/\/www.zoko.ro\/p\/set-5-bucati-os-pentru-caini-natural-presat-din-piele-de-vaca-cu-o-aroma-delicata-de-ciocolata-haumiau\/#breadcrumb"},"inLanguage":"en-GB","potentialAction":[{"@type":"ReadAction","target":["https:\/\/www.zoko.ro\/p\/set-5-bucati-os-pentru-caini-natural-presat-din-piele-de-vaca-cu-o-aroma-delicata-de-ciocolata-haumiau\/"]}]},{"@type":"ImageObject","inLanguage":"en-GB","@id":"https:\/\/www.zoko.ro\/p\/set-5-bucati-os-pentru-caini-natural-presat-din-piele-de-vaca-cu-o-aroma-delicata-de-ciocolata-haumiau\/#primaryimage","url":"https:\/\/www.zoko.ro\/wp-content\/uploads\/2025\/12\/set-5-bucati-os-pentru-caini-natural-presat-din-piele-de-vaca-cu-o-aroma-delicata-de-ciocolata-haumiau.jpg","contentUrl":"https:\/\/www.zoko.ro\/wp-content\/uploads\/2025\/12\/set-5-bucati-os-pentru-caini-natural-presat-din-piele-de-vaca-cu-o-aroma-delicata-de-ciocolata-haumiau.jpg","width":807,"height":781},{"@type":"BreadcrumbList","@id":"https:\/\/www.zoko.ro\/p\/set-5-bucati-os-pentru-caini-natural-presat-din-piele-de-vaca-cu-o-aroma-delicata-de-ciocolata-haumiau\/#breadcrumb","itemListElement":[{"@type":"ListItem","position":1,"name":"Home","item":"https:\/\/www.zoko.ro\/"},{"@type":"ListItem","position":2,"name":"Magazin","item":"https:\/\/www.zoko.ro\/magazin\/"},{"@type":"ListItem","position":3,"name":"Set 5 bucati Os pentru caini, natural, presat din piele de vac\u0103, cu o aroma delicata de ciocolata, Hau&#038;Miau"}]},{"@type":"WebSite","@id":"https:\/\/www.zoko.ro\/#website","url":"https:\/\/www.zoko.ro\/","name":"ZOKO.ro","description":"Cump\u0103r\u0103 inteligent","publisher":{"@id":"https:\/\/www.zoko.ro\/#organization"},"potentialAction":[{"@type":"SearchAction","target":{"@type":"EntryPoint","urlTemplate":"https:\/\/www.zoko.ro\/?s={search_term_string}"},"query-input":{"@type":"PropertyValueSpecification","valueRequired":true,"valueName":"search_term_string"}}],"inLanguage":"en-GB"},{"@type":"Organization","@id":"https:\/\/www.zoko.ro\/#organization","name":"ZOKO","url":"https:\/\/www.zoko.ro\/","logo":{"@type":"ImageObject","inLanguage":"en-GB","@id":"https:\/\/www.zoko.ro\/#\/schema\/logo\/image\/","url":"https:\/\/www.zoko.ro\/wp-content\/uploads\/2025\/03\/logo1.svg","contentUrl":"https:\/\/www.zoko.ro\/wp-content\/uploads\/2025\/03\/logo1.svg","width":799,"height":216,"caption":"ZOKO"},"image":{"@id":"https:\/\/www.zoko.ro\/#\/schema\/logo\/image\/"},"sameAs":["https:\/\/www.facebook.com\/profile.php?id=61584344135075"]}]}},"_links":{"self":[{"href":"https:\/\/www.zoko.ro\/en\/wp-json\/wp\/v2\/product\/33387","targetHints":{"allow":["GET"]}}],"collection":[{"href":"https:\/\/www.zoko.ro\/en\/wp-json\/wp\/v2\/product"}],"about":[{"href":"https:\/\/www.zoko.ro\/en\/wp-json\/wp\/v2\/types\/product"}],"replies":[{"embeddable":true,"href":"https:\/\/www.zoko.ro\/en\/wp-json\/wp\/v2\/comments?post=33387"}],"version-history":[{"count":1,"href":"https:\/\/www.zoko.ro\/en\/wp-json\/wp\/v2\/product\/33387\/revisions"}],"predecessor-version":[{"id":38446,"href":"https:\/\/www.zoko.ro\/en\/wp-json\/wp\/v2\/product\/33387\/revisions\/38446"}],"wp:featuredmedia":[{"embeddable":true,"href":"https:\/\/www.zoko.ro\/en\/wp-json\/wp\/v2\/media\/33388"}],"wp:attachment":[{"href":"https:\/\/www.zoko.ro\/en\/wp-json\/wp\/v2\/media?parent=33387"}],"wp:term":[{"taxonomy":"product_brand","embeddable":true,"href":"https:\/\/www.zoko.ro\/en\/wp-json\/wp\/v2\/product_brand?post=33387"},{"taxonomy":"product_cat","embeddable":true,"href":"https:\/\/www.zoko.ro\/en\/wp-json\/wp\/v2\/product_cat?post=33387"},{"taxonomy":"product_tag","embeddable":true,"href":"https:\/\/www.zoko.ro\/en\/wp-json\/wp\/v2\/product_tag?post=33387"}],"curies":[{"name":"wp","href":"https:\/\/api.w.org\/{rel}","templated":true}]}}