{"id":33407,"date":"2026-04-28T23:36:48","date_gmt":"2026-04-28T21:36:48","guid":{"rendered":"https:\/\/www.zoko.ro\/p\/sampon-pentru-caini-cu-par-negru-comfy-dark-coat-250-ml\/"},"modified":"2026-04-28T23:36:48","modified_gmt":"2026-04-28T21:36:48","slug":"sampon-pentru-caini-cu-par-negru-comfy-dark-coat-250-ml","status":"publish","type":"product","link":"https:\/\/www.zoko.ro\/en\/p\/sampon-pentru-caini-cu-par-negru-comfy-dark-coat-250-ml\/","title":{"rendered":"\u0218ampon pentru c\u00e2ini cu p\u0103r negru, Comfy Dark Coat, 250 ml"},"content":{"rendered":"<p><strong>Culoare:<\/strong> Negru<\/p>\n<p>\u0218amponul Comfy Dark Coat este special formulat pentru c\u00e2inii cu blan\u0103 neagr\u0103 sau \u00eenchis\u0103 la culoare, oferindu-i str\u0103lucire \u0219i intensitate natural\u0103.<\/p>\n<p>Cu o formul\u0103 delicat\u0103 \u0219i \u00eembog\u0103\u021bit\u0103 cu ingrediente hr\u0103nitoare, acest \u0219ampon cur\u0103\u021b\u0103 eficient, elimin\u0103 murd\u0103ria \u0219i red\u0103 luciul s\u0103n\u0103tos al bl\u0103nii. Hidrateaz\u0103 \u0219i protejeaz\u0103 firul de p\u0103r, prevenind uscarea \u0219i \u00eenc\u00e2lcirea, l\u0103s\u00e2nd \u00een urm\u0103 un parfum pl\u0103cut \u0219i proasp\u0103t.<\/p>\n<p><img loading=\"lazy\" decoding=\"async\" src=\"https:\/\/gonga.ro\/img\/cms\/%C8%98ampon%20pentru%20c%C3%A2ini%20cu%20p%C4%83r%20negru,%20Comfy%20Dark%20Coat,%20250%20ml.jpg\" alt=\"\" width=\"720\" height=\"720\" \/><\/p>\n<p>Potrivit pentru utilizare regulat\u0103, Comfy Dark Coat este alegerea perfect\u0103 pentru \u00eengrijirea bl\u0103nii c\u00e2inelui t\u0103u, men\u021bin\u00e2nd-o curat\u0103, moale \u0219i str\u0103lucitoare!<\/p>","protected":false},"excerpt":{"rendered":"<p>Culoare: Negru \u0218amponul Comfy Dark Coat este special formulat pentru c\u00e2inii cu blan\u0103 neagr\u0103 sau \u00eenchis\u0103 la culoare, oferindu-i str\u0103lucire<\/p>","protected":false},"featured_media":33408,"comment_status":"open","ping_status":"open","template":"","meta":[],"product_brand":[],"product_cat":[99,378,346],"product_tag":[],"class_list":{"0":"post-33407","1":"product","2":"type-product","3":"status-publish","4":"has-post-thumbnail","6":"product_cat-acasa","7":"product_cat-igiena-ingrijire-animale","8":"product_cat-petshop","9":"pa_culoare-negru","11":"first","12":"outofstock","13":"sale","14":"purchasable","15":"product-type-simple"},"yoast_head":"<!-- This site is optimized with the Yoast SEO plugin v27.2 - https:\/\/yoast.com\/product\/yoast-seo-wordpress\/ -->\n<title>\u0218ampon pentru c\u00e2ini cu p\u0103r negru, Comfy Dark Coat, 250 ml | ZOKO<\/title>\n<meta name=\"robots\" content=\"index, follow, max-snippet:-1, max-image-preview:large, max-video-preview:-1\" \/>\n<link rel=\"canonical\" href=\"https:\/\/www.zoko.ro\/en\/p\/sampon-pentru-caini-cu-par-negru-comfy-dark-coat-250-ml\/\" \/>\n<meta property=\"og:locale\" content=\"en_GB\" \/>\n<meta property=\"og:type\" content=\"article\" \/>\n<meta property=\"og:title\" content=\"\u0218ampon pentru c\u00e2ini cu p\u0103r negru, Comfy Dark Coat, 250 ml | ZOKO\" \/>\n<meta property=\"og:description\" content=\"Culoare: Negru \u0218amponul Comfy Dark Coat este special formulat pentru c\u00e2inii cu blan\u0103 neagr\u0103 sau \u00eenchis\u0103 la culoare, oferindu-i str\u0103lucire\" \/>\n<meta property=\"og:url\" content=\"https:\/\/www.zoko.ro\/en\/p\/sampon-pentru-caini-cu-par-negru-comfy-dark-coat-250-ml\/\" \/>\n<meta property=\"og:site_name\" content=\"ZOKO\" \/>\n<meta property=\"article:publisher\" content=\"https:\/\/www.facebook.com\/profile.php?id=61584344135075\" \/>\n<meta property=\"og:image\" content=\"https:\/\/www.zoko.ro\/wp-content\/uploads\/2025\/12\/ampon-pentru-caini-cu-par-negru-comfy-dark-coat-250-ml.jpg\" \/>\n\t<meta property=\"og:image:width\" content=\"720\" \/>\n\t<meta property=\"og:image:height\" content=\"720\" \/>\n\t<meta property=\"og:image:type\" content=\"image\/jpeg\" \/>\n<meta name=\"twitter:card\" content=\"summary_large_image\" \/>\n<meta name=\"twitter:label1\" content=\"Estimated reading time\" \/>\n\t<meta name=\"twitter:data1\" content=\"1 minute\" \/>\n<script type=\"application\/ld+json\" class=\"yoast-schema-graph\">{\"@context\":\"https:\/\/schema.org\",\"@graph\":[{\"@type\":\"WebPage\",\"@id\":\"https:\/\/www.zoko.ro\/p\/sampon-pentru-caini-cu-par-negru-comfy-dark-coat-250-ml\/\",\"url\":\"https:\/\/www.zoko.ro\/p\/sampon-pentru-caini-cu-par-negru-comfy-dark-coat-250-ml\/\",\"name\":\"\u0218ampon pentru c\u00e2ini cu p\u0103r negru, Comfy Dark Coat, 250 ml | ZOKO\",\"isPartOf\":{\"@id\":\"https:\/\/www.zoko.ro\/#website\"},\"primaryImageOfPage\":{\"@id\":\"https:\/\/www.zoko.ro\/p\/sampon-pentru-caini-cu-par-negru-comfy-dark-coat-250-ml\/#primaryimage\"},\"image\":{\"@id\":\"https:\/\/www.zoko.ro\/p\/sampon-pentru-caini-cu-par-negru-comfy-dark-coat-250-ml\/#primaryimage\"},\"thumbnailUrl\":\"https:\/\/www.zoko.ro\/wp-content\/uploads\/2025\/12\/ampon-pentru-caini-cu-par-negru-comfy-dark-coat-250-ml.jpg\",\"datePublished\":\"2026-04-28T21:36:48+00:00\",\"breadcrumb\":{\"@id\":\"https:\/\/www.zoko.ro\/p\/sampon-pentru-caini-cu-par-negru-comfy-dark-coat-250-ml\/#breadcrumb\"},\"inLanguage\":\"en-GB\",\"potentialAction\":[{\"@type\":\"ReadAction\",\"target\":[\"https:\/\/www.zoko.ro\/p\/sampon-pentru-caini-cu-par-negru-comfy-dark-coat-250-ml\/\"]}]},{\"@type\":\"ImageObject\",\"inLanguage\":\"en-GB\",\"@id\":\"https:\/\/www.zoko.ro\/p\/sampon-pentru-caini-cu-par-negru-comfy-dark-coat-250-ml\/#primaryimage\",\"url\":\"https:\/\/www.zoko.ro\/wp-content\/uploads\/2025\/12\/ampon-pentru-caini-cu-par-negru-comfy-dark-coat-250-ml.jpg\",\"contentUrl\":\"https:\/\/www.zoko.ro\/wp-content\/uploads\/2025\/12\/ampon-pentru-caini-cu-par-negru-comfy-dark-coat-250-ml.jpg\",\"width\":720,\"height\":720},{\"@type\":\"BreadcrumbList\",\"@id\":\"https:\/\/www.zoko.ro\/p\/sampon-pentru-caini-cu-par-negru-comfy-dark-coat-250-ml\/#breadcrumb\",\"itemListElement\":[{\"@type\":\"ListItem\",\"position\":1,\"name\":\"Home\",\"item\":\"https:\/\/www.zoko.ro\/\"},{\"@type\":\"ListItem\",\"position\":2,\"name\":\"Magazin\",\"item\":\"https:\/\/www.zoko.ro\/magazin\/\"},{\"@type\":\"ListItem\",\"position\":3,\"name\":\"\u0218ampon pentru c\u00e2ini cu p\u0103r negru, Comfy Dark Coat, 250 ml\"}]},{\"@type\":\"WebSite\",\"@id\":\"https:\/\/www.zoko.ro\/#website\",\"url\":\"https:\/\/www.zoko.ro\/\",\"name\":\"ZOKO.ro\",\"description\":\"Cump\u0103r\u0103 inteligent\",\"publisher\":{\"@id\":\"https:\/\/www.zoko.ro\/#organization\"},\"potentialAction\":[{\"@type\":\"SearchAction\",\"target\":{\"@type\":\"EntryPoint\",\"urlTemplate\":\"https:\/\/www.zoko.ro\/?s={search_term_string}\"},\"query-input\":{\"@type\":\"PropertyValueSpecification\",\"valueRequired\":true,\"valueName\":\"search_term_string\"}}],\"inLanguage\":\"en-GB\"},{\"@type\":\"Organization\",\"@id\":\"https:\/\/www.zoko.ro\/#organization\",\"name\":\"ZOKO\",\"url\":\"https:\/\/www.zoko.ro\/\",\"logo\":{\"@type\":\"ImageObject\",\"inLanguage\":\"en-GB\",\"@id\":\"https:\/\/www.zoko.ro\/#\/schema\/logo\/image\/\",\"url\":\"https:\/\/www.zoko.ro\/wp-content\/uploads\/2025\/03\/logo1.svg\",\"contentUrl\":\"https:\/\/www.zoko.ro\/wp-content\/uploads\/2025\/03\/logo1.svg\",\"width\":799,\"height\":216,\"caption\":\"ZOKO\"},\"image\":{\"@id\":\"https:\/\/www.zoko.ro\/#\/schema\/logo\/image\/\"},\"sameAs\":[\"https:\/\/www.facebook.com\/profile.php?id=61584344135075\"]}]}<\/script>\n<!-- \/ Yoast SEO plugin. -->","yoast_head_json":{"title":"\u0218ampon pentru c\u00e2ini cu p\u0103r negru, Comfy Dark Coat, 250 ml | ZOKO","robots":{"index":"index","follow":"follow","max-snippet":"max-snippet:-1","max-image-preview":"max-image-preview:large","max-video-preview":"max-video-preview:-1"},"canonical":"https:\/\/www.zoko.ro\/en\/p\/sampon-pentru-caini-cu-par-negru-comfy-dark-coat-250-ml\/","og_locale":"en_GB","og_type":"article","og_title":"\u0218ampon pentru c\u00e2ini cu p\u0103r negru, Comfy Dark Coat, 250 ml | ZOKO","og_description":"Culoare: Negru \u0218amponul Comfy Dark Coat este special formulat pentru c\u00e2inii cu blan\u0103 neagr\u0103 sau \u00eenchis\u0103 la culoare, oferindu-i str\u0103lucire","og_url":"https:\/\/www.zoko.ro\/en\/p\/sampon-pentru-caini-cu-par-negru-comfy-dark-coat-250-ml\/","og_site_name":"ZOKO","article_publisher":"https:\/\/www.facebook.com\/profile.php?id=61584344135075","og_image":[{"width":720,"height":720,"url":"https:\/\/www.zoko.ro\/wp-content\/uploads\/2025\/12\/ampon-pentru-caini-cu-par-negru-comfy-dark-coat-250-ml.jpg","type":"image\/jpeg"}],"twitter_card":"summary_large_image","twitter_misc":{"Estimated reading time":"1 minute"},"schema":{"@context":"https:\/\/schema.org","@graph":[{"@type":"WebPage","@id":"https:\/\/www.zoko.ro\/p\/sampon-pentru-caini-cu-par-negru-comfy-dark-coat-250-ml\/","url":"https:\/\/www.zoko.ro\/p\/sampon-pentru-caini-cu-par-negru-comfy-dark-coat-250-ml\/","name":"\u0218ampon pentru c\u00e2ini cu p\u0103r negru, Comfy Dark Coat, 250 ml | ZOKO","isPartOf":{"@id":"https:\/\/www.zoko.ro\/#website"},"primaryImageOfPage":{"@id":"https:\/\/www.zoko.ro\/p\/sampon-pentru-caini-cu-par-negru-comfy-dark-coat-250-ml\/#primaryimage"},"image":{"@id":"https:\/\/www.zoko.ro\/p\/sampon-pentru-caini-cu-par-negru-comfy-dark-coat-250-ml\/#primaryimage"},"thumbnailUrl":"https:\/\/www.zoko.ro\/wp-content\/uploads\/2025\/12\/ampon-pentru-caini-cu-par-negru-comfy-dark-coat-250-ml.jpg","datePublished":"2026-04-28T21:36:48+00:00","breadcrumb":{"@id":"https:\/\/www.zoko.ro\/p\/sampon-pentru-caini-cu-par-negru-comfy-dark-coat-250-ml\/#breadcrumb"},"inLanguage":"en-GB","potentialAction":[{"@type":"ReadAction","target":["https:\/\/www.zoko.ro\/p\/sampon-pentru-caini-cu-par-negru-comfy-dark-coat-250-ml\/"]}]},{"@type":"ImageObject","inLanguage":"en-GB","@id":"https:\/\/www.zoko.ro\/p\/sampon-pentru-caini-cu-par-negru-comfy-dark-coat-250-ml\/#primaryimage","url":"https:\/\/www.zoko.ro\/wp-content\/uploads\/2025\/12\/ampon-pentru-caini-cu-par-negru-comfy-dark-coat-250-ml.jpg","contentUrl":"https:\/\/www.zoko.ro\/wp-content\/uploads\/2025\/12\/ampon-pentru-caini-cu-par-negru-comfy-dark-coat-250-ml.jpg","width":720,"height":720},{"@type":"BreadcrumbList","@id":"https:\/\/www.zoko.ro\/p\/sampon-pentru-caini-cu-par-negru-comfy-dark-coat-250-ml\/#breadcrumb","itemListElement":[{"@type":"ListItem","position":1,"name":"Home","item":"https:\/\/www.zoko.ro\/"},{"@type":"ListItem","position":2,"name":"Magazin","item":"https:\/\/www.zoko.ro\/magazin\/"},{"@type":"ListItem","position":3,"name":"\u0218ampon pentru c\u00e2ini cu p\u0103r negru, Comfy Dark Coat, 250 ml"}]},{"@type":"WebSite","@id":"https:\/\/www.zoko.ro\/#website","url":"https:\/\/www.zoko.ro\/","name":"ZOKO.ro","description":"Cump\u0103r\u0103 inteligent","publisher":{"@id":"https:\/\/www.zoko.ro\/#organization"},"potentialAction":[{"@type":"SearchAction","target":{"@type":"EntryPoint","urlTemplate":"https:\/\/www.zoko.ro\/?s={search_term_string}"},"query-input":{"@type":"PropertyValueSpecification","valueRequired":true,"valueName":"search_term_string"}}],"inLanguage":"en-GB"},{"@type":"Organization","@id":"https:\/\/www.zoko.ro\/#organization","name":"ZOKO","url":"https:\/\/www.zoko.ro\/","logo":{"@type":"ImageObject","inLanguage":"en-GB","@id":"https:\/\/www.zoko.ro\/#\/schema\/logo\/image\/","url":"https:\/\/www.zoko.ro\/wp-content\/uploads\/2025\/03\/logo1.svg","contentUrl":"https:\/\/www.zoko.ro\/wp-content\/uploads\/2025\/03\/logo1.svg","width":799,"height":216,"caption":"ZOKO"},"image":{"@id":"https:\/\/www.zoko.ro\/#\/schema\/logo\/image\/"},"sameAs":["https:\/\/www.facebook.com\/profile.php?id=61584344135075"]}]}},"_links":{"self":[{"href":"https:\/\/www.zoko.ro\/en\/wp-json\/wp\/v2\/product\/33407","targetHints":{"allow":["GET"]}}],"collection":[{"href":"https:\/\/www.zoko.ro\/en\/wp-json\/wp\/v2\/product"}],"about":[{"href":"https:\/\/www.zoko.ro\/en\/wp-json\/wp\/v2\/types\/product"}],"replies":[{"embeddable":true,"href":"https:\/\/www.zoko.ro\/en\/wp-json\/wp\/v2\/comments?post=33407"}],"version-history":[{"count":1,"href":"https:\/\/www.zoko.ro\/en\/wp-json\/wp\/v2\/product\/33407\/revisions"}],"predecessor-version":[{"id":33843,"href":"https:\/\/www.zoko.ro\/en\/wp-json\/wp\/v2\/product\/33407\/revisions\/33843"}],"wp:featuredmedia":[{"embeddable":true,"href":"https:\/\/www.zoko.ro\/en\/wp-json\/wp\/v2\/media\/33408"}],"wp:attachment":[{"href":"https:\/\/www.zoko.ro\/en\/wp-json\/wp\/v2\/media?parent=33407"}],"wp:term":[{"taxonomy":"product_brand","embeddable":true,"href":"https:\/\/www.zoko.ro\/en\/wp-json\/wp\/v2\/product_brand?post=33407"},{"taxonomy":"product_cat","embeddable":true,"href":"https:\/\/www.zoko.ro\/en\/wp-json\/wp\/v2\/product_cat?post=33407"},{"taxonomy":"product_tag","embeddable":true,"href":"https:\/\/www.zoko.ro\/en\/wp-json\/wp\/v2\/product_tag?post=33407"}],"curies":[{"name":"wp","href":"https:\/\/api.w.org\/{rel}","templated":true}]}}