{"id":33423,"date":"2026-04-28T23:36:49","date_gmt":"2026-04-28T21:36:49","guid":{"rendered":"https:\/\/www.zoko.ro\/p\/recompense-pentru-caini-oase-calciu-invelite-cu-rata-500g-haumiau\/"},"modified":"2026-04-28T23:36:49","modified_gmt":"2026-04-28T21:36:49","slug":"recompense-pentru-caini-oase-calciu-invelite-cu-rata-500g-haumiau","status":"publish","type":"product","link":"https:\/\/www.zoko.ro\/en\/p\/recompense-pentru-caini-oase-calciu-invelite-cu-rata-500g-haumiau\/","title":{"rendered":"Recompense pentru caini, oase calciu invelite cu rata, 500g, Hau&#038;Miau"},"content":{"rendered":"<p><strong>Culoare:<\/strong> Maro<\/p>\n<p><strong>Recompense pentru c\u00e2ini \u2013 Oase cu calciu \u00eenvelite \u00een ra\u021b\u0103, 500g<\/strong><\/p>\n<p>Ofer\u0103-i c\u00e2inelui t\u0103u o gustare delicioas\u0103 \u0219i benefic\u0103 pentru s\u0103n\u0103tatea lui! Oasele cu calciu \u00eenvelite \u00een ra\u021b\u0103 sunt o recompens\u0103 savuroas\u0103, combin\u00e2nd crocan\u021ba oaselor bogate \u00een calciu cu gustul irezistibil al c\u0103rnii de ra\u021b\u0103. Ideale pentru c\u00e2ini de toate taliile, aceste recompense contribuie la \u00eent\u0103rirea din\u021bilor \u0219i a oaselor, fiind \u00een acela\u0219i timp o delectare de neegalat.<\/p>\n<p><img loading=\"lazy\" decoding=\"async\" src=\"https:\/\/gonga.ro\/img\/cms\/Recompense%20pentru%20caini,%20oase%20calciu%20invelite%20cu%20rata,%20500g,%20Hau&amp;Miau.jpg\" alt=\"\" width=\"1600\" height=\"1600\" \/><\/p>\n<p>Bogate \u00een calciu \u2013 Sus\u021bin s\u0103n\u0103tatea din\u021bilor \u0219i a oaselor<\/p>\n<p>Gust delicios de ra\u021b\u0103 \u2013 O recompens\u0103 apetisant\u0103 pentru orice c\u00e2ine<\/p>\n<p>Textur\u0103 crocant\u0103 &amp; mestecabil\u0103 \u2013 Perfecte pentru satisfacerea instinctului de ron\u021b\u0103it<\/p>\n<p>Ambalaj generos \u2013 Pachet de 500g, ideal pentru r\u0103sf\u0103\u021b zilnic<\/p>\n<p>R\u0103spl\u0103te\u0219te-\u021bi prietenul patruped cu o recompens\u0103 gustoas\u0103 \u0219i benefic\u0103 pentru s\u0103n\u0103tatea lui!<\/p>\n<p><img loading=\"lazy\" decoding=\"async\" src=\"https:\/\/gonga.ro\/img\/cms\/Recompense%20pentru%20caini,%20oase%20calciu%20invelite%20cu%20rata,%20500g,%20Hau&amp;Miau1.jpg\" alt=\"\" width=\"720\" height=\"720\" \/><\/p>\n<p><strong>Compozi\u0163ie:<\/strong><\/p>\n<p>carne de ra\u021b\u0103 (51%)<\/p>\n<p>lactat de calciu (40%)<\/p>\n<p>amidon de porumb<\/p>\n<p><img loading=\"lazy\" decoding=\"async\" src=\"https:\/\/gonga.ro\/img\/cms\/Recompense%20pentru%20caini,%20oase%20calciu%20invelite%20cu%20rata,%20500g,%20Hau&amp;Miau5.jpg\" alt=\"\" width=\"600\" height=\"600\" \/><\/p>\n<p><strong>Componente analitice:<\/strong><\/p>\n<p>protein\u0103 brut\u0103 min. (35%)<\/p>\n<p>gr\u0103sime brut\u0103 min. (3%)<\/p>\n<p>fibre brute max. (1,5%)<\/p>\n<p>cenusa bruta max. (3%)<\/p>\n<p>umiditate max. (18%)<\/p>","protected":false},"excerpt":{"rendered":"<p>Culoare: Maro Recompense pentru c\u00e2ini \u2013 Oase cu calciu \u00eenvelite \u00een ra\u021b\u0103, 500g Ofer\u0103-i c\u00e2inelui t\u0103u o gustare delicioas\u0103 \u0219i<\/p>","protected":false},"featured_media":33424,"comment_status":"open","ping_status":"open","template":"","meta":[],"product_brand":[],"product_cat":[99,573,346],"product_tag":[104],"class_list":{"0":"post-33423","1":"product","2":"type-product","3":"status-publish","4":"has-post-thumbnail","6":"product_cat-acasa","7":"product_cat-biscuiti-si-recompense","8":"product_cat-petshop","9":"product_tag-in-stoc","10":"pa_culoare-maro","12":"first","13":"instock","14":"sale","15":"purchasable","16":"product-type-simple"},"yoast_head":"<!-- This site is optimized with the Yoast SEO plugin v27.2 - https:\/\/yoast.com\/product\/yoast-seo-wordpress\/ -->\n<title>Recompense pentru caini, oase calciu invelite cu rata, 500g, Hau&amp;Miau | ZOKO<\/title>\n<meta name=\"robots\" content=\"index, follow, max-snippet:-1, max-image-preview:large, max-video-preview:-1\" \/>\n<link rel=\"canonical\" href=\"https:\/\/www.zoko.ro\/en\/p\/recompense-pentru-caini-oase-calciu-invelite-cu-rata-500g-haumiau\/\" \/>\n<meta property=\"og:locale\" content=\"en_GB\" \/>\n<meta property=\"og:type\" content=\"article\" \/>\n<meta property=\"og:title\" content=\"Recompense pentru caini, oase calciu invelite cu rata, 500g, Hau&amp;Miau | ZOKO\" \/>\n<meta property=\"og:description\" content=\"Culoare: Maro Recompense pentru c\u00e2ini \u2013 Oase cu calciu \u00eenvelite \u00een ra\u021b\u0103, 500g Ofer\u0103-i c\u00e2inelui t\u0103u o gustare delicioas\u0103 \u0219i\" \/>\n<meta property=\"og:url\" content=\"https:\/\/www.zoko.ro\/en\/p\/recompense-pentru-caini-oase-calciu-invelite-cu-rata-500g-haumiau\/\" \/>\n<meta property=\"og:site_name\" content=\"ZOKO\" \/>\n<meta property=\"article:publisher\" content=\"https:\/\/www.facebook.com\/profile.php?id=61584344135075\" \/>\n<meta property=\"og:image\" content=\"https:\/\/www.zoko.ro\/wp-content\/uploads\/2025\/12\/recompense-pentru-caini-oase-calciu-invelite-cu-rata-500g-haumiau.jpg\" \/>\n\t<meta property=\"og:image:width\" content=\"600\" \/>\n\t<meta property=\"og:image:height\" content=\"600\" \/>\n\t<meta property=\"og:image:type\" content=\"image\/jpeg\" \/>\n<meta name=\"twitter:card\" content=\"summary_large_image\" \/>\n<meta name=\"twitter:label1\" content=\"Estimated reading time\" \/>\n\t<meta name=\"twitter:data1\" content=\"1 minute\" \/>\n<script type=\"application\/ld+json\" class=\"yoast-schema-graph\">{\"@context\":\"https:\/\/schema.org\",\"@graph\":[{\"@type\":\"WebPage\",\"@id\":\"https:\/\/www.zoko.ro\/p\/recompense-pentru-caini-oase-calciu-invelite-cu-rata-500g-haumiau\/\",\"url\":\"https:\/\/www.zoko.ro\/p\/recompense-pentru-caini-oase-calciu-invelite-cu-rata-500g-haumiau\/\",\"name\":\"Recompense pentru caini, oase calciu invelite cu rata, 500g, Hau&Miau | ZOKO\",\"isPartOf\":{\"@id\":\"https:\/\/www.zoko.ro\/#website\"},\"primaryImageOfPage\":{\"@id\":\"https:\/\/www.zoko.ro\/p\/recompense-pentru-caini-oase-calciu-invelite-cu-rata-500g-haumiau\/#primaryimage\"},\"image\":{\"@id\":\"https:\/\/www.zoko.ro\/p\/recompense-pentru-caini-oase-calciu-invelite-cu-rata-500g-haumiau\/#primaryimage\"},\"thumbnailUrl\":\"https:\/\/www.zoko.ro\/wp-content\/uploads\/2025\/12\/recompense-pentru-caini-oase-calciu-invelite-cu-rata-500g-haumiau.jpg\",\"datePublished\":\"2026-04-28T21:36:49+00:00\",\"breadcrumb\":{\"@id\":\"https:\/\/www.zoko.ro\/p\/recompense-pentru-caini-oase-calciu-invelite-cu-rata-500g-haumiau\/#breadcrumb\"},\"inLanguage\":\"en-GB\",\"potentialAction\":[{\"@type\":\"ReadAction\",\"target\":[\"https:\/\/www.zoko.ro\/p\/recompense-pentru-caini-oase-calciu-invelite-cu-rata-500g-haumiau\/\"]}]},{\"@type\":\"ImageObject\",\"inLanguage\":\"en-GB\",\"@id\":\"https:\/\/www.zoko.ro\/p\/recompense-pentru-caini-oase-calciu-invelite-cu-rata-500g-haumiau\/#primaryimage\",\"url\":\"https:\/\/www.zoko.ro\/wp-content\/uploads\/2025\/12\/recompense-pentru-caini-oase-calciu-invelite-cu-rata-500g-haumiau.jpg\",\"contentUrl\":\"https:\/\/www.zoko.ro\/wp-content\/uploads\/2025\/12\/recompense-pentru-caini-oase-calciu-invelite-cu-rata-500g-haumiau.jpg\",\"width\":600,\"height\":600},{\"@type\":\"BreadcrumbList\",\"@id\":\"https:\/\/www.zoko.ro\/p\/recompense-pentru-caini-oase-calciu-invelite-cu-rata-500g-haumiau\/#breadcrumb\",\"itemListElement\":[{\"@type\":\"ListItem\",\"position\":1,\"name\":\"Home\",\"item\":\"https:\/\/www.zoko.ro\/\"},{\"@type\":\"ListItem\",\"position\":2,\"name\":\"Magazin\",\"item\":\"https:\/\/www.zoko.ro\/magazin\/\"},{\"@type\":\"ListItem\",\"position\":3,\"name\":\"Recompense pentru caini, oase calciu invelite cu rata, 500g, Hau&#038;Miau\"}]},{\"@type\":\"WebSite\",\"@id\":\"https:\/\/www.zoko.ro\/#website\",\"url\":\"https:\/\/www.zoko.ro\/\",\"name\":\"ZOKO.ro\",\"description\":\"Cump\u0103r\u0103 inteligent\",\"publisher\":{\"@id\":\"https:\/\/www.zoko.ro\/#organization\"},\"potentialAction\":[{\"@type\":\"SearchAction\",\"target\":{\"@type\":\"EntryPoint\",\"urlTemplate\":\"https:\/\/www.zoko.ro\/?s={search_term_string}\"},\"query-input\":{\"@type\":\"PropertyValueSpecification\",\"valueRequired\":true,\"valueName\":\"search_term_string\"}}],\"inLanguage\":\"en-GB\"},{\"@type\":\"Organization\",\"@id\":\"https:\/\/www.zoko.ro\/#organization\",\"name\":\"ZOKO\",\"url\":\"https:\/\/www.zoko.ro\/\",\"logo\":{\"@type\":\"ImageObject\",\"inLanguage\":\"en-GB\",\"@id\":\"https:\/\/www.zoko.ro\/#\/schema\/logo\/image\/\",\"url\":\"https:\/\/www.zoko.ro\/wp-content\/uploads\/2025\/03\/logo1.svg\",\"contentUrl\":\"https:\/\/www.zoko.ro\/wp-content\/uploads\/2025\/03\/logo1.svg\",\"width\":799,\"height\":216,\"caption\":\"ZOKO\"},\"image\":{\"@id\":\"https:\/\/www.zoko.ro\/#\/schema\/logo\/image\/\"},\"sameAs\":[\"https:\/\/www.facebook.com\/profile.php?id=61584344135075\"]}]}<\/script>\n<!-- \/ Yoast SEO plugin. -->","yoast_head_json":{"title":"Recompense pentru caini, oase calciu invelite cu rata, 500g, Hau&Miau | ZOKO","robots":{"index":"index","follow":"follow","max-snippet":"max-snippet:-1","max-image-preview":"max-image-preview:large","max-video-preview":"max-video-preview:-1"},"canonical":"https:\/\/www.zoko.ro\/en\/p\/recompense-pentru-caini-oase-calciu-invelite-cu-rata-500g-haumiau\/","og_locale":"en_GB","og_type":"article","og_title":"Recompense pentru caini, oase calciu invelite cu rata, 500g, Hau&Miau | ZOKO","og_description":"Culoare: Maro Recompense pentru c\u00e2ini \u2013 Oase cu calciu \u00eenvelite \u00een ra\u021b\u0103, 500g Ofer\u0103-i c\u00e2inelui t\u0103u o gustare delicioas\u0103 \u0219i","og_url":"https:\/\/www.zoko.ro\/en\/p\/recompense-pentru-caini-oase-calciu-invelite-cu-rata-500g-haumiau\/","og_site_name":"ZOKO","article_publisher":"https:\/\/www.facebook.com\/profile.php?id=61584344135075","og_image":[{"width":600,"height":600,"url":"https:\/\/www.zoko.ro\/wp-content\/uploads\/2025\/12\/recompense-pentru-caini-oase-calciu-invelite-cu-rata-500g-haumiau.jpg","type":"image\/jpeg"}],"twitter_card":"summary_large_image","twitter_misc":{"Estimated reading time":"1 minute"},"schema":{"@context":"https:\/\/schema.org","@graph":[{"@type":"WebPage","@id":"https:\/\/www.zoko.ro\/p\/recompense-pentru-caini-oase-calciu-invelite-cu-rata-500g-haumiau\/","url":"https:\/\/www.zoko.ro\/p\/recompense-pentru-caini-oase-calciu-invelite-cu-rata-500g-haumiau\/","name":"Recompense pentru caini, oase calciu invelite cu rata, 500g, Hau&Miau | ZOKO","isPartOf":{"@id":"https:\/\/www.zoko.ro\/#website"},"primaryImageOfPage":{"@id":"https:\/\/www.zoko.ro\/p\/recompense-pentru-caini-oase-calciu-invelite-cu-rata-500g-haumiau\/#primaryimage"},"image":{"@id":"https:\/\/www.zoko.ro\/p\/recompense-pentru-caini-oase-calciu-invelite-cu-rata-500g-haumiau\/#primaryimage"},"thumbnailUrl":"https:\/\/www.zoko.ro\/wp-content\/uploads\/2025\/12\/recompense-pentru-caini-oase-calciu-invelite-cu-rata-500g-haumiau.jpg","datePublished":"2026-04-28T21:36:49+00:00","breadcrumb":{"@id":"https:\/\/www.zoko.ro\/p\/recompense-pentru-caini-oase-calciu-invelite-cu-rata-500g-haumiau\/#breadcrumb"},"inLanguage":"en-GB","potentialAction":[{"@type":"ReadAction","target":["https:\/\/www.zoko.ro\/p\/recompense-pentru-caini-oase-calciu-invelite-cu-rata-500g-haumiau\/"]}]},{"@type":"ImageObject","inLanguage":"en-GB","@id":"https:\/\/www.zoko.ro\/p\/recompense-pentru-caini-oase-calciu-invelite-cu-rata-500g-haumiau\/#primaryimage","url":"https:\/\/www.zoko.ro\/wp-content\/uploads\/2025\/12\/recompense-pentru-caini-oase-calciu-invelite-cu-rata-500g-haumiau.jpg","contentUrl":"https:\/\/www.zoko.ro\/wp-content\/uploads\/2025\/12\/recompense-pentru-caini-oase-calciu-invelite-cu-rata-500g-haumiau.jpg","width":600,"height":600},{"@type":"BreadcrumbList","@id":"https:\/\/www.zoko.ro\/p\/recompense-pentru-caini-oase-calciu-invelite-cu-rata-500g-haumiau\/#breadcrumb","itemListElement":[{"@type":"ListItem","position":1,"name":"Home","item":"https:\/\/www.zoko.ro\/"},{"@type":"ListItem","position":2,"name":"Magazin","item":"https:\/\/www.zoko.ro\/magazin\/"},{"@type":"ListItem","position":3,"name":"Recompense pentru caini, oase calciu invelite cu rata, 500g, Hau&#038;Miau"}]},{"@type":"WebSite","@id":"https:\/\/www.zoko.ro\/#website","url":"https:\/\/www.zoko.ro\/","name":"ZOKO.ro","description":"Cump\u0103r\u0103 inteligent","publisher":{"@id":"https:\/\/www.zoko.ro\/#organization"},"potentialAction":[{"@type":"SearchAction","target":{"@type":"EntryPoint","urlTemplate":"https:\/\/www.zoko.ro\/?s={search_term_string}"},"query-input":{"@type":"PropertyValueSpecification","valueRequired":true,"valueName":"search_term_string"}}],"inLanguage":"en-GB"},{"@type":"Organization","@id":"https:\/\/www.zoko.ro\/#organization","name":"ZOKO","url":"https:\/\/www.zoko.ro\/","logo":{"@type":"ImageObject","inLanguage":"en-GB","@id":"https:\/\/www.zoko.ro\/#\/schema\/logo\/image\/","url":"https:\/\/www.zoko.ro\/wp-content\/uploads\/2025\/03\/logo1.svg","contentUrl":"https:\/\/www.zoko.ro\/wp-content\/uploads\/2025\/03\/logo1.svg","width":799,"height":216,"caption":"ZOKO"},"image":{"@id":"https:\/\/www.zoko.ro\/#\/schema\/logo\/image\/"},"sameAs":["https:\/\/www.facebook.com\/profile.php?id=61584344135075"]}]}},"_links":{"self":[{"href":"https:\/\/www.zoko.ro\/en\/wp-json\/wp\/v2\/product\/33423","targetHints":{"allow":["GET"]}}],"collection":[{"href":"https:\/\/www.zoko.ro\/en\/wp-json\/wp\/v2\/product"}],"about":[{"href":"https:\/\/www.zoko.ro\/en\/wp-json\/wp\/v2\/types\/product"}],"replies":[{"embeddable":true,"href":"https:\/\/www.zoko.ro\/en\/wp-json\/wp\/v2\/comments?post=33423"}],"version-history":[{"count":1,"href":"https:\/\/www.zoko.ro\/en\/wp-json\/wp\/v2\/product\/33423\/revisions"}],"predecessor-version":[{"id":38453,"href":"https:\/\/www.zoko.ro\/en\/wp-json\/wp\/v2\/product\/33423\/revisions\/38453"}],"wp:featuredmedia":[{"embeddable":true,"href":"https:\/\/www.zoko.ro\/en\/wp-json\/wp\/v2\/media\/33424"}],"wp:attachment":[{"href":"https:\/\/www.zoko.ro\/en\/wp-json\/wp\/v2\/media?parent=33423"}],"wp:term":[{"taxonomy":"product_brand","embeddable":true,"href":"https:\/\/www.zoko.ro\/en\/wp-json\/wp\/v2\/product_brand?post=33423"},{"taxonomy":"product_cat","embeddable":true,"href":"https:\/\/www.zoko.ro\/en\/wp-json\/wp\/v2\/product_cat?post=33423"},{"taxonomy":"product_tag","embeddable":true,"href":"https:\/\/www.zoko.ro\/en\/wp-json\/wp\/v2\/product_tag?post=33423"}],"curies":[{"name":"wp","href":"https:\/\/api.w.org\/{rel}","templated":true}]}}