{"id":33439,"date":"2026-04-28T23:36:55","date_gmt":"2026-04-28T21:36:55","guid":{"rendered":"https:\/\/www.zoko.ro\/p\/troler-cu-design-pisicuta-pentru-copii-maner-telescopic-35x25x45-cm-gonga\/"},"modified":"2026-04-28T23:36:55","modified_gmt":"2026-04-28T21:36:55","slug":"troler-cu-design-pisicuta-pentru-copii-maner-telescopic-35x25x45-cm-gonga","status":"publish","type":"product","link":"https:\/\/www.zoko.ro\/en\/p\/troler-cu-design-pisicuta-pentru-copii-maner-telescopic-35x25x45-cm-gonga\/","title":{"rendered":"Troler cu design pisicu\u021b\u0103, pentru copii, m\u00e2ner telescopic, 35x25x45 cm, Gonga\u00ae"},"content":{"rendered":"<p><strong>Culoare:<\/strong> Roz<\/p>\n<p><strong>Troler cu design pisicu\u021b\u0103, pentru copii, m\u00e2ner telescopic, 35x25x45 cm<\/strong><\/p>\n<p>Acest troler adorabil, decorat cu un design juc\u0103u\u0219 de pisicu\u021b\u0103, este perfect pentru micii c\u0103l\u0103tori. Cu dimensiunile de 35x25x45 cm, este ideal pentru excursii, vacan\u021be, c\u0103l\u0103torii cu avionul sau chiar pentru mersul la \u0219coal\u0103 ori gr\u0103dini\u021b\u0103.<\/p>\n<p>Trolerul este echipat cu un m\u00e2ner telescopic extensibil, care asigur\u0103 o manevrare u\u0219oar\u0103 \u0219i confortabil\u0103 pentru copii. Cele patru ro\u021bi pivotante la 360\u00b0, rezistente la sarcin\u0103, permit o deplasare lin\u0103 \u0219i f\u0103r\u0103 efort pe orice suprafa\u021b\u0103. Pentru un plus de siguran\u021b\u0103, trolerul dispune de o \u00eencuietoare cu combina\u021bie, protej\u00e2nd astfel con\u021binutul bagajului.<\/p>\n<p><img loading=\"lazy\" decoding=\"async\" src=\"https:\/\/gonga.ro\/img\/cms\/Troler%20cu%20design%20pisicu%C8%9B%C4%83,%20pentru%20copii,%20m%C3%A2ner%20telescopic,%2035x25x45%20cm,%20Gonga%C2%AE.jpg\" alt=\"\" width=\"800\" height=\"800\" \/><\/p>\n<p>Compartimentul interior este bine organizat, av\u00e2nd un sistem de separare din dou\u0103 p\u0103r\u021bi care previne deteriorarea obiectelor transportate. Interiorul este complet c\u0103ptu\u0219it, oferind protec\u021bie suplimentar\u0103 hainelor \u0219i accesoriilor. \u00cen plus, este dotat cu curele elastice de fixare, care men\u021bin bagajele ordonate \u0219i stabile \u00een timpul transportului.<\/p>\n<p>Fabricat din plastic ABS \u0219i policarbonat rezistent la \u0219ocuri, acest troler combin\u0103 durabilitatea cu un aspect atr\u0103g\u0103tor, fiind alegerea perfect\u0103 pentru copiii care iubesc s\u0103 c\u0103l\u0103toreasc\u0103 \u00eentr-un mod practic \u0219i distractiv!<\/p>\n<p><img loading=\"lazy\" decoding=\"async\" src=\"https:\/\/gonga.ro\/img\/cms\/Troler%20cu%20design%20pisicu%C8%9B%C4%83,%20pentru%20copii,%20m%C3%A2ner%20telescopic,%2035x25x45%20cm,%20Gonga%C2%AE1.jpg\" alt=\"\" width=\"800\" height=\"800\" \/><\/p>\n<\/p>\n<p><strong>Specificatii:<\/strong><\/p>\n<\/p>\n<p>&#8211; Greutate: 2.63 kg<\/p>\n<p>&#8211; Latime: 35 cm<\/p>\n<p>&#8211; Adancime: 25 cm<\/p>\n<p>&#8211; Inaltime cu roti: 45 cm<\/p>\n<p>&#8211; Inaltime cu maner: 75 cm<\/p>","protected":false},"excerpt":{"rendered":"<p>Culoare: Roz Troler cu design pisicu\u021b\u0103, pentru copii, m\u00e2ner telescopic, 35x25x45 cm Acest troler adorabil, decorat cu un design juc\u0103u\u0219<\/p>","protected":false},"featured_media":33440,"comment_status":"open","ping_status":"open","template":"","meta":[],"product_brand":[],"product_cat":[99,570,333,439],"product_tag":[104],"class_list":{"0":"post-33439","1":"product","2":"type-product","3":"status-publish","4":"has-post-thumbnail","6":"product_cat-acasa","7":"product_cat-ghiozdane-si-genti","8":"product_cat-jucarii","9":"product_cat-jucarii-de-plus","10":"product_tag-in-stoc","11":"pa_culoare-roz","13":"first","14":"instock","15":"sale","16":"purchasable","17":"product-type-simple"},"yoast_head":"<!-- This site is optimized with the Yoast SEO plugin v27.2 - https:\/\/yoast.com\/product\/yoast-seo-wordpress\/ -->\n<title>Troler cu design pisicu\u021b\u0103, pentru copii, m\u00e2ner telescopic, 35x25x45 cm, Gonga\u00ae | ZOKO<\/title>\n<meta name=\"robots\" content=\"index, follow, max-snippet:-1, max-image-preview:large, max-video-preview:-1\" \/>\n<link rel=\"canonical\" href=\"https:\/\/www.zoko.ro\/en\/p\/troler-cu-design-pisicuta-pentru-copii-maner-telescopic-35x25x45-cm-gonga\/\" \/>\n<meta property=\"og:locale\" content=\"en_GB\" \/>\n<meta property=\"og:type\" content=\"article\" \/>\n<meta property=\"og:title\" content=\"Troler cu design pisicu\u021b\u0103, pentru copii, m\u00e2ner telescopic, 35x25x45 cm, Gonga\u00ae | ZOKO\" \/>\n<meta property=\"og:description\" content=\"Culoare: Roz Troler cu design pisicu\u021b\u0103, pentru copii, m\u00e2ner telescopic, 35x25x45 cm Acest troler adorabil, decorat cu un design juc\u0103u\u0219\" \/>\n<meta property=\"og:url\" content=\"https:\/\/www.zoko.ro\/en\/p\/troler-cu-design-pisicuta-pentru-copii-maner-telescopic-35x25x45-cm-gonga\/\" \/>\n<meta property=\"og:site_name\" content=\"ZOKO\" \/>\n<meta property=\"article:publisher\" content=\"https:\/\/www.facebook.com\/profile.php?id=61584344135075\" \/>\n<meta property=\"og:image\" content=\"https:\/\/www.zoko.ro\/wp-content\/uploads\/2025\/12\/troler-cu-design-pisicua-pentru-copii-maner-telescopic-35x25x45-cm-gonga.jpg\" \/>\n\t<meta property=\"og:image:width\" content=\"800\" \/>\n\t<meta property=\"og:image:height\" content=\"800\" \/>\n\t<meta property=\"og:image:type\" content=\"image\/jpeg\" \/>\n<meta name=\"twitter:card\" content=\"summary_large_image\" \/>\n<meta name=\"twitter:label1\" content=\"Estimated reading time\" \/>\n\t<meta name=\"twitter:data1\" content=\"1 minute\" \/>\n<script type=\"application\/ld+json\" class=\"yoast-schema-graph\">{\"@context\":\"https:\/\/schema.org\",\"@graph\":[{\"@type\":\"WebPage\",\"@id\":\"https:\/\/www.zoko.ro\/p\/troler-cu-design-pisicuta-pentru-copii-maner-telescopic-35x25x45-cm-gonga\/\",\"url\":\"https:\/\/www.zoko.ro\/p\/troler-cu-design-pisicuta-pentru-copii-maner-telescopic-35x25x45-cm-gonga\/\",\"name\":\"Troler cu design pisicu\u021b\u0103, pentru copii, m\u00e2ner telescopic, 35x25x45 cm, Gonga\u00ae | ZOKO\",\"isPartOf\":{\"@id\":\"https:\/\/www.zoko.ro\/#website\"},\"primaryImageOfPage\":{\"@id\":\"https:\/\/www.zoko.ro\/p\/troler-cu-design-pisicuta-pentru-copii-maner-telescopic-35x25x45-cm-gonga\/#primaryimage\"},\"image\":{\"@id\":\"https:\/\/www.zoko.ro\/p\/troler-cu-design-pisicuta-pentru-copii-maner-telescopic-35x25x45-cm-gonga\/#primaryimage\"},\"thumbnailUrl\":\"https:\/\/www.zoko.ro\/wp-content\/uploads\/2025\/12\/troler-cu-design-pisicua-pentru-copii-maner-telescopic-35x25x45-cm-gonga.jpg\",\"datePublished\":\"2026-04-28T21:36:55+00:00\",\"breadcrumb\":{\"@id\":\"https:\/\/www.zoko.ro\/p\/troler-cu-design-pisicuta-pentru-copii-maner-telescopic-35x25x45-cm-gonga\/#breadcrumb\"},\"inLanguage\":\"en-GB\",\"potentialAction\":[{\"@type\":\"ReadAction\",\"target\":[\"https:\/\/www.zoko.ro\/p\/troler-cu-design-pisicuta-pentru-copii-maner-telescopic-35x25x45-cm-gonga\/\"]}]},{\"@type\":\"ImageObject\",\"inLanguage\":\"en-GB\",\"@id\":\"https:\/\/www.zoko.ro\/p\/troler-cu-design-pisicuta-pentru-copii-maner-telescopic-35x25x45-cm-gonga\/#primaryimage\",\"url\":\"https:\/\/www.zoko.ro\/wp-content\/uploads\/2025\/12\/troler-cu-design-pisicua-pentru-copii-maner-telescopic-35x25x45-cm-gonga.jpg\",\"contentUrl\":\"https:\/\/www.zoko.ro\/wp-content\/uploads\/2025\/12\/troler-cu-design-pisicua-pentru-copii-maner-telescopic-35x25x45-cm-gonga.jpg\",\"width\":800,\"height\":800},{\"@type\":\"BreadcrumbList\",\"@id\":\"https:\/\/www.zoko.ro\/p\/troler-cu-design-pisicuta-pentru-copii-maner-telescopic-35x25x45-cm-gonga\/#breadcrumb\",\"itemListElement\":[{\"@type\":\"ListItem\",\"position\":1,\"name\":\"Home\",\"item\":\"https:\/\/www.zoko.ro\/\"},{\"@type\":\"ListItem\",\"position\":2,\"name\":\"Magazin\",\"item\":\"https:\/\/www.zoko.ro\/magazin\/\"},{\"@type\":\"ListItem\",\"position\":3,\"name\":\"Troler cu design pisicu\u021b\u0103, pentru copii, m\u00e2ner telescopic, 35x25x45 cm, Gonga\u00ae\"}]},{\"@type\":\"WebSite\",\"@id\":\"https:\/\/www.zoko.ro\/#website\",\"url\":\"https:\/\/www.zoko.ro\/\",\"name\":\"ZOKO.ro\",\"description\":\"Cump\u0103r\u0103 inteligent\",\"publisher\":{\"@id\":\"https:\/\/www.zoko.ro\/#organization\"},\"potentialAction\":[{\"@type\":\"SearchAction\",\"target\":{\"@type\":\"EntryPoint\",\"urlTemplate\":\"https:\/\/www.zoko.ro\/?s={search_term_string}\"},\"query-input\":{\"@type\":\"PropertyValueSpecification\",\"valueRequired\":true,\"valueName\":\"search_term_string\"}}],\"inLanguage\":\"en-GB\"},{\"@type\":\"Organization\",\"@id\":\"https:\/\/www.zoko.ro\/#organization\",\"name\":\"ZOKO\",\"url\":\"https:\/\/www.zoko.ro\/\",\"logo\":{\"@type\":\"ImageObject\",\"inLanguage\":\"en-GB\",\"@id\":\"https:\/\/www.zoko.ro\/#\/schema\/logo\/image\/\",\"url\":\"https:\/\/www.zoko.ro\/wp-content\/uploads\/2025\/03\/logo1.svg\",\"contentUrl\":\"https:\/\/www.zoko.ro\/wp-content\/uploads\/2025\/03\/logo1.svg\",\"width\":799,\"height\":216,\"caption\":\"ZOKO\"},\"image\":{\"@id\":\"https:\/\/www.zoko.ro\/#\/schema\/logo\/image\/\"},\"sameAs\":[\"https:\/\/www.facebook.com\/profile.php?id=61584344135075\"]}]}<\/script>\n<!-- \/ Yoast SEO plugin. -->","yoast_head_json":{"title":"Troler cu design pisicu\u021b\u0103, pentru copii, m\u00e2ner telescopic, 35x25x45 cm, Gonga\u00ae | ZOKO","robots":{"index":"index","follow":"follow","max-snippet":"max-snippet:-1","max-image-preview":"max-image-preview:large","max-video-preview":"max-video-preview:-1"},"canonical":"https:\/\/www.zoko.ro\/en\/p\/troler-cu-design-pisicuta-pentru-copii-maner-telescopic-35x25x45-cm-gonga\/","og_locale":"en_GB","og_type":"article","og_title":"Troler cu design pisicu\u021b\u0103, pentru copii, m\u00e2ner telescopic, 35x25x45 cm, Gonga\u00ae | ZOKO","og_description":"Culoare: Roz Troler cu design pisicu\u021b\u0103, pentru copii, m\u00e2ner telescopic, 35x25x45 cm Acest troler adorabil, decorat cu un design juc\u0103u\u0219","og_url":"https:\/\/www.zoko.ro\/en\/p\/troler-cu-design-pisicuta-pentru-copii-maner-telescopic-35x25x45-cm-gonga\/","og_site_name":"ZOKO","article_publisher":"https:\/\/www.facebook.com\/profile.php?id=61584344135075","og_image":[{"width":800,"height":800,"url":"https:\/\/www.zoko.ro\/wp-content\/uploads\/2025\/12\/troler-cu-design-pisicua-pentru-copii-maner-telescopic-35x25x45-cm-gonga.jpg","type":"image\/jpeg"}],"twitter_card":"summary_large_image","twitter_misc":{"Estimated reading time":"1 minute"},"schema":{"@context":"https:\/\/schema.org","@graph":[{"@type":"WebPage","@id":"https:\/\/www.zoko.ro\/p\/troler-cu-design-pisicuta-pentru-copii-maner-telescopic-35x25x45-cm-gonga\/","url":"https:\/\/www.zoko.ro\/p\/troler-cu-design-pisicuta-pentru-copii-maner-telescopic-35x25x45-cm-gonga\/","name":"Troler cu design pisicu\u021b\u0103, pentru copii, m\u00e2ner telescopic, 35x25x45 cm, Gonga\u00ae | ZOKO","isPartOf":{"@id":"https:\/\/www.zoko.ro\/#website"},"primaryImageOfPage":{"@id":"https:\/\/www.zoko.ro\/p\/troler-cu-design-pisicuta-pentru-copii-maner-telescopic-35x25x45-cm-gonga\/#primaryimage"},"image":{"@id":"https:\/\/www.zoko.ro\/p\/troler-cu-design-pisicuta-pentru-copii-maner-telescopic-35x25x45-cm-gonga\/#primaryimage"},"thumbnailUrl":"https:\/\/www.zoko.ro\/wp-content\/uploads\/2025\/12\/troler-cu-design-pisicua-pentru-copii-maner-telescopic-35x25x45-cm-gonga.jpg","datePublished":"2026-04-28T21:36:55+00:00","breadcrumb":{"@id":"https:\/\/www.zoko.ro\/p\/troler-cu-design-pisicuta-pentru-copii-maner-telescopic-35x25x45-cm-gonga\/#breadcrumb"},"inLanguage":"en-GB","potentialAction":[{"@type":"ReadAction","target":["https:\/\/www.zoko.ro\/p\/troler-cu-design-pisicuta-pentru-copii-maner-telescopic-35x25x45-cm-gonga\/"]}]},{"@type":"ImageObject","inLanguage":"en-GB","@id":"https:\/\/www.zoko.ro\/p\/troler-cu-design-pisicuta-pentru-copii-maner-telescopic-35x25x45-cm-gonga\/#primaryimage","url":"https:\/\/www.zoko.ro\/wp-content\/uploads\/2025\/12\/troler-cu-design-pisicua-pentru-copii-maner-telescopic-35x25x45-cm-gonga.jpg","contentUrl":"https:\/\/www.zoko.ro\/wp-content\/uploads\/2025\/12\/troler-cu-design-pisicua-pentru-copii-maner-telescopic-35x25x45-cm-gonga.jpg","width":800,"height":800},{"@type":"BreadcrumbList","@id":"https:\/\/www.zoko.ro\/p\/troler-cu-design-pisicuta-pentru-copii-maner-telescopic-35x25x45-cm-gonga\/#breadcrumb","itemListElement":[{"@type":"ListItem","position":1,"name":"Home","item":"https:\/\/www.zoko.ro\/"},{"@type":"ListItem","position":2,"name":"Magazin","item":"https:\/\/www.zoko.ro\/magazin\/"},{"@type":"ListItem","position":3,"name":"Troler cu design pisicu\u021b\u0103, pentru copii, m\u00e2ner telescopic, 35x25x45 cm, Gonga\u00ae"}]},{"@type":"WebSite","@id":"https:\/\/www.zoko.ro\/#website","url":"https:\/\/www.zoko.ro\/","name":"ZOKO.ro","description":"Cump\u0103r\u0103 inteligent","publisher":{"@id":"https:\/\/www.zoko.ro\/#organization"},"potentialAction":[{"@type":"SearchAction","target":{"@type":"EntryPoint","urlTemplate":"https:\/\/www.zoko.ro\/?s={search_term_string}"},"query-input":{"@type":"PropertyValueSpecification","valueRequired":true,"valueName":"search_term_string"}}],"inLanguage":"en-GB"},{"@type":"Organization","@id":"https:\/\/www.zoko.ro\/#organization","name":"ZOKO","url":"https:\/\/www.zoko.ro\/","logo":{"@type":"ImageObject","inLanguage":"en-GB","@id":"https:\/\/www.zoko.ro\/#\/schema\/logo\/image\/","url":"https:\/\/www.zoko.ro\/wp-content\/uploads\/2025\/03\/logo1.svg","contentUrl":"https:\/\/www.zoko.ro\/wp-content\/uploads\/2025\/03\/logo1.svg","width":799,"height":216,"caption":"ZOKO"},"image":{"@id":"https:\/\/www.zoko.ro\/#\/schema\/logo\/image\/"},"sameAs":["https:\/\/www.facebook.com\/profile.php?id=61584344135075"]}]}},"_links":{"self":[{"href":"https:\/\/www.zoko.ro\/en\/wp-json\/wp\/v2\/product\/33439","targetHints":{"allow":["GET"]}}],"collection":[{"href":"https:\/\/www.zoko.ro\/en\/wp-json\/wp\/v2\/product"}],"about":[{"href":"https:\/\/www.zoko.ro\/en\/wp-json\/wp\/v2\/types\/product"}],"replies":[{"embeddable":true,"href":"https:\/\/www.zoko.ro\/en\/wp-json\/wp\/v2\/comments?post=33439"}],"version-history":[{"count":1,"href":"https:\/\/www.zoko.ro\/en\/wp-json\/wp\/v2\/product\/33439\/revisions"}],"predecessor-version":[{"id":38457,"href":"https:\/\/www.zoko.ro\/en\/wp-json\/wp\/v2\/product\/33439\/revisions\/38457"}],"wp:featuredmedia":[{"embeddable":true,"href":"https:\/\/www.zoko.ro\/en\/wp-json\/wp\/v2\/media\/33440"}],"wp:attachment":[{"href":"https:\/\/www.zoko.ro\/en\/wp-json\/wp\/v2\/media?parent=33439"}],"wp:term":[{"taxonomy":"product_brand","embeddable":true,"href":"https:\/\/www.zoko.ro\/en\/wp-json\/wp\/v2\/product_brand?post=33439"},{"taxonomy":"product_cat","embeddable":true,"href":"https:\/\/www.zoko.ro\/en\/wp-json\/wp\/v2\/product_cat?post=33439"},{"taxonomy":"product_tag","embeddable":true,"href":"https:\/\/www.zoko.ro\/en\/wp-json\/wp\/v2\/product_tag?post=33439"}],"curies":[{"name":"wp","href":"https:\/\/api.w.org\/{rel}","templated":true}]}}