{"id":33444,"date":"2026-04-28T23:36:57","date_gmt":"2026-04-28T21:36:57","guid":{"rendered":"https:\/\/www.zoko.ro\/p\/set-500-etichete-autocolante-tip-rola-mesaj-thank-you-gonga\/"},"modified":"2026-04-28T23:36:58","modified_gmt":"2026-04-28T21:36:58","slug":"set-500-etichete-autocolante-tip-rola-mesaj-thank-you-gonga","status":"publish","type":"product","link":"https:\/\/www.zoko.ro\/en\/p\/set-500-etichete-autocolante-tip-rola-mesaj-thank-you-gonga\/","title":{"rendered":"Set 500 etichete autocolante tip rola, mesaj &#8220;Thank You&#8221;, Gonga\u00ae"},"content":{"rendered":"<p><strong>Culoare:<\/strong> Negru<\/p>\n<p><strong>Set 500 etichete autocolante tip rol\u0103, mesaj \u201eThank You\u201d<\/strong><\/p>\n<p>Adaug\u0103 o not\u0103 de elegan\u021b\u0103 \u0219i recuno\u0219tin\u021b\u0103 cadourilor, coletelor sau produselor tale cu acest set de 500 de etichete autocolante \u201eThank You\u201d. Etichetele sunt imprimate pe o rol\u0103 practic\u0103, u\u0219or de utilizat, \u0219i sunt ideale pentru ambalaje de afaceri, pungi de cadou, invita\u021bii sau orice alt proiect creativ.<\/p>\n<p><img loading=\"lazy\" decoding=\"async\" src=\"https:\/\/gonga.ro\/img\/cms\/Set%20500%20etichete%20autocolante%20tip%20rola,%20mesaj.jpg\" alt=\"\" width=\"800\" height=\"800\" \/><\/p>\n<p>Design elegant \u0219i versatil \u2013 perfect pentru cadouri, colete, plicuri sau pungi personalizate<\/p>\n<p>Autoadezive \u0219i u\u0219or de aplicat \u2013 se lipesc ferm pe diverse suprafe\u021be: h\u00e2rtie, carton, pungi, plastic<\/p>\n<p><img loading=\"lazy\" decoding=\"async\" src=\"https:\/\/gonga.ro\/img\/cms\/Set%20500%20etichete%20autocolante%20tip%20rola,%20mesaj2.jpg\" alt=\"\" width=\"800\" height=\"800\" \/><\/p>\n<p>Dimensiune optim\u0103 \u2013 fiecare etichet\u0103 are o form\u0103 bine definit\u0103 \u0219i un mesaj clar de mul\u021bumire<\/p>\n<p>Ideal pentru afaceri sau evenimente speciale \u2013 potrivite pentru magazine, handmade, nun\u021bi, anivers\u0103ri<\/p>\n<p><img loading=\"lazy\" decoding=\"async\" src=\"https:\/\/gonga.ro\/img\/cms\/Set%20500%20etichete%20autocolante%20tip%20rola,%20mesaj5.jpg\" alt=\"\" width=\"800\" height=\"800\" \/><\/p>\n<p>Aceste etichete sunt o modalitate simpl\u0103 \u0219i elegant\u0103 de a transmite recuno\u0219tin\u021ba celor care \u00ee\u021bi sus\u021bin afacerea sau celor dragi, oferind un detaliu personalizat fiec\u0103rui pachet sau cadou!<\/p>\n<p><img loading=\"lazy\" decoding=\"async\" src=\"https:\/\/gonga.ro\/img\/cms\/Set%20500%20etichete%20autocolante%20tip%20rola,%20mesaj1.jpg\" alt=\"\" width=\"800\" height=\"800\" \/><\/p>\n<\/p>\n<p><strong>Specificatii:<\/strong><\/p>\n<\/p>\n<p>&#8211; Numar etichete: 500<\/p>\n<p>&#8211; Dimensiune eticheta: 25 x 25 mm<\/p>\n<p>&#8211; Greutate: 50g<\/p>","protected":false},"excerpt":{"rendered":"<p>Culoare: Negru Set 500 etichete autocolante tip rol\u0103, mesaj \u201eThank You\u201d Adaug\u0103 o not\u0103 de elegan\u021b\u0103 \u0219i recuno\u0219tin\u021b\u0103 cadourilor, coletelor<\/p>","protected":false},"featured_media":33445,"comment_status":"open","ping_status":"open","template":"","meta":[],"product_brand":[],"product_cat":[99,342,371],"product_tag":[],"class_list":{"0":"post-33444","1":"product","2":"type-product","3":"status-publish","4":"has-post-thumbnail","6":"product_cat-acasa","7":"product_cat-cadouri","8":"product_cat-pentru-ea","9":"pa_culoare-negru","11":"first","12":"outofstock","13":"sale","14":"purchasable","15":"product-type-simple"},"yoast_head":"<!-- This site is optimized with the Yoast SEO plugin v27.2 - https:\/\/yoast.com\/product\/yoast-seo-wordpress\/ -->\n<title>Set 500 etichete autocolante tip rola, mesaj &quot;Thank You&quot;, Gonga\u00ae | ZOKO<\/title>\n<meta name=\"robots\" content=\"index, follow, max-snippet:-1, max-image-preview:large, max-video-preview:-1\" \/>\n<link rel=\"canonical\" href=\"https:\/\/www.zoko.ro\/en\/p\/set-500-etichete-autocolante-tip-rola-mesaj-thank-you-gonga\/\" \/>\n<meta property=\"og:locale\" content=\"en_GB\" \/>\n<meta property=\"og:type\" content=\"article\" \/>\n<meta property=\"og:title\" content=\"Set 500 etichete autocolante tip rola, mesaj &quot;Thank You&quot;, Gonga\u00ae | ZOKO\" \/>\n<meta property=\"og:description\" content=\"Culoare: Negru Set 500 etichete autocolante tip rol\u0103, mesaj \u201eThank You\u201d Adaug\u0103 o not\u0103 de elegan\u021b\u0103 \u0219i recuno\u0219tin\u021b\u0103 cadourilor, coletelor\" \/>\n<meta property=\"og:url\" content=\"https:\/\/www.zoko.ro\/en\/p\/set-500-etichete-autocolante-tip-rola-mesaj-thank-you-gonga\/\" \/>\n<meta property=\"og:site_name\" content=\"ZOKO\" \/>\n<meta property=\"article:publisher\" content=\"https:\/\/www.facebook.com\/profile.php?id=61584344135075\" \/>\n<meta property=\"article:modified_time\" content=\"2026-04-28T21:36:58+00:00\" \/>\n<meta property=\"og:image\" content=\"https:\/\/www.zoko.ro\/wp-content\/uploads\/2025\/12\/set-500-etichete-autocolante-tip-rola-mesaj-thank-you-gonga.jpg\" \/>\n\t<meta property=\"og:image:width\" content=\"800\" \/>\n\t<meta property=\"og:image:height\" content=\"800\" \/>\n\t<meta property=\"og:image:type\" content=\"image\/jpeg\" \/>\n<meta name=\"twitter:card\" content=\"summary_large_image\" \/>\n<meta name=\"twitter:label1\" content=\"Estimated reading time\" \/>\n\t<meta name=\"twitter:data1\" content=\"1 minute\" \/>\n<script type=\"application\/ld+json\" class=\"yoast-schema-graph\">{\"@context\":\"https:\/\/schema.org\",\"@graph\":[{\"@type\":\"WebPage\",\"@id\":\"https:\/\/www.zoko.ro\/p\/set-500-etichete-autocolante-tip-rola-mesaj-thank-you-gonga\/\",\"url\":\"https:\/\/www.zoko.ro\/p\/set-500-etichete-autocolante-tip-rola-mesaj-thank-you-gonga\/\",\"name\":\"Set 500 etichete autocolante tip rola, mesaj \\\"Thank You\\\", Gonga\u00ae | ZOKO\",\"isPartOf\":{\"@id\":\"https:\/\/www.zoko.ro\/#website\"},\"primaryImageOfPage\":{\"@id\":\"https:\/\/www.zoko.ro\/p\/set-500-etichete-autocolante-tip-rola-mesaj-thank-you-gonga\/#primaryimage\"},\"image\":{\"@id\":\"https:\/\/www.zoko.ro\/p\/set-500-etichete-autocolante-tip-rola-mesaj-thank-you-gonga\/#primaryimage\"},\"thumbnailUrl\":\"https:\/\/www.zoko.ro\/wp-content\/uploads\/2025\/12\/set-500-etichete-autocolante-tip-rola-mesaj-thank-you-gonga.jpg\",\"datePublished\":\"2026-04-28T21:36:57+00:00\",\"dateModified\":\"2026-04-28T21:36:58+00:00\",\"breadcrumb\":{\"@id\":\"https:\/\/www.zoko.ro\/p\/set-500-etichete-autocolante-tip-rola-mesaj-thank-you-gonga\/#breadcrumb\"},\"inLanguage\":\"en-GB\",\"potentialAction\":[{\"@type\":\"ReadAction\",\"target\":[\"https:\/\/www.zoko.ro\/p\/set-500-etichete-autocolante-tip-rola-mesaj-thank-you-gonga\/\"]}]},{\"@type\":\"ImageObject\",\"inLanguage\":\"en-GB\",\"@id\":\"https:\/\/www.zoko.ro\/p\/set-500-etichete-autocolante-tip-rola-mesaj-thank-you-gonga\/#primaryimage\",\"url\":\"https:\/\/www.zoko.ro\/wp-content\/uploads\/2025\/12\/set-500-etichete-autocolante-tip-rola-mesaj-thank-you-gonga.jpg\",\"contentUrl\":\"https:\/\/www.zoko.ro\/wp-content\/uploads\/2025\/12\/set-500-etichete-autocolante-tip-rola-mesaj-thank-you-gonga.jpg\",\"width\":800,\"height\":800},{\"@type\":\"BreadcrumbList\",\"@id\":\"https:\/\/www.zoko.ro\/p\/set-500-etichete-autocolante-tip-rola-mesaj-thank-you-gonga\/#breadcrumb\",\"itemListElement\":[{\"@type\":\"ListItem\",\"position\":1,\"name\":\"Home\",\"item\":\"https:\/\/www.zoko.ro\/\"},{\"@type\":\"ListItem\",\"position\":2,\"name\":\"Magazin\",\"item\":\"https:\/\/www.zoko.ro\/magazin\/\"},{\"@type\":\"ListItem\",\"position\":3,\"name\":\"Set 500 etichete autocolante tip rola, mesaj &#8220;Thank You&#8221;, Gonga\u00ae\"}]},{\"@type\":\"WebSite\",\"@id\":\"https:\/\/www.zoko.ro\/#website\",\"url\":\"https:\/\/www.zoko.ro\/\",\"name\":\"ZOKO.ro\",\"description\":\"Cump\u0103r\u0103 inteligent\",\"publisher\":{\"@id\":\"https:\/\/www.zoko.ro\/#organization\"},\"potentialAction\":[{\"@type\":\"SearchAction\",\"target\":{\"@type\":\"EntryPoint\",\"urlTemplate\":\"https:\/\/www.zoko.ro\/?s={search_term_string}\"},\"query-input\":{\"@type\":\"PropertyValueSpecification\",\"valueRequired\":true,\"valueName\":\"search_term_string\"}}],\"inLanguage\":\"en-GB\"},{\"@type\":\"Organization\",\"@id\":\"https:\/\/www.zoko.ro\/#organization\",\"name\":\"ZOKO\",\"url\":\"https:\/\/www.zoko.ro\/\",\"logo\":{\"@type\":\"ImageObject\",\"inLanguage\":\"en-GB\",\"@id\":\"https:\/\/www.zoko.ro\/#\/schema\/logo\/image\/\",\"url\":\"https:\/\/www.zoko.ro\/wp-content\/uploads\/2025\/03\/logo1.svg\",\"contentUrl\":\"https:\/\/www.zoko.ro\/wp-content\/uploads\/2025\/03\/logo1.svg\",\"width\":799,\"height\":216,\"caption\":\"ZOKO\"},\"image\":{\"@id\":\"https:\/\/www.zoko.ro\/#\/schema\/logo\/image\/\"},\"sameAs\":[\"https:\/\/www.facebook.com\/profile.php?id=61584344135075\"]}]}<\/script>\n<!-- \/ Yoast SEO plugin. -->","yoast_head_json":{"title":"Set 500 etichete autocolante tip rola, mesaj \"Thank You\", Gonga\u00ae | ZOKO","robots":{"index":"index","follow":"follow","max-snippet":"max-snippet:-1","max-image-preview":"max-image-preview:large","max-video-preview":"max-video-preview:-1"},"canonical":"https:\/\/www.zoko.ro\/en\/p\/set-500-etichete-autocolante-tip-rola-mesaj-thank-you-gonga\/","og_locale":"en_GB","og_type":"article","og_title":"Set 500 etichete autocolante tip rola, mesaj \"Thank You\", Gonga\u00ae | ZOKO","og_description":"Culoare: Negru Set 500 etichete autocolante tip rol\u0103, mesaj \u201eThank You\u201d Adaug\u0103 o not\u0103 de elegan\u021b\u0103 \u0219i recuno\u0219tin\u021b\u0103 cadourilor, coletelor","og_url":"https:\/\/www.zoko.ro\/en\/p\/set-500-etichete-autocolante-tip-rola-mesaj-thank-you-gonga\/","og_site_name":"ZOKO","article_publisher":"https:\/\/www.facebook.com\/profile.php?id=61584344135075","article_modified_time":"2026-04-28T21:36:58+00:00","og_image":[{"width":800,"height":800,"url":"https:\/\/www.zoko.ro\/wp-content\/uploads\/2025\/12\/set-500-etichete-autocolante-tip-rola-mesaj-thank-you-gonga.jpg","type":"image\/jpeg"}],"twitter_card":"summary_large_image","twitter_misc":{"Estimated reading time":"1 minute"},"schema":{"@context":"https:\/\/schema.org","@graph":[{"@type":"WebPage","@id":"https:\/\/www.zoko.ro\/p\/set-500-etichete-autocolante-tip-rola-mesaj-thank-you-gonga\/","url":"https:\/\/www.zoko.ro\/p\/set-500-etichete-autocolante-tip-rola-mesaj-thank-you-gonga\/","name":"Set 500 etichete autocolante tip rola, mesaj \"Thank You\", Gonga\u00ae | ZOKO","isPartOf":{"@id":"https:\/\/www.zoko.ro\/#website"},"primaryImageOfPage":{"@id":"https:\/\/www.zoko.ro\/p\/set-500-etichete-autocolante-tip-rola-mesaj-thank-you-gonga\/#primaryimage"},"image":{"@id":"https:\/\/www.zoko.ro\/p\/set-500-etichete-autocolante-tip-rola-mesaj-thank-you-gonga\/#primaryimage"},"thumbnailUrl":"https:\/\/www.zoko.ro\/wp-content\/uploads\/2025\/12\/set-500-etichete-autocolante-tip-rola-mesaj-thank-you-gonga.jpg","datePublished":"2026-04-28T21:36:57+00:00","dateModified":"2026-04-28T21:36:58+00:00","breadcrumb":{"@id":"https:\/\/www.zoko.ro\/p\/set-500-etichete-autocolante-tip-rola-mesaj-thank-you-gonga\/#breadcrumb"},"inLanguage":"en-GB","potentialAction":[{"@type":"ReadAction","target":["https:\/\/www.zoko.ro\/p\/set-500-etichete-autocolante-tip-rola-mesaj-thank-you-gonga\/"]}]},{"@type":"ImageObject","inLanguage":"en-GB","@id":"https:\/\/www.zoko.ro\/p\/set-500-etichete-autocolante-tip-rola-mesaj-thank-you-gonga\/#primaryimage","url":"https:\/\/www.zoko.ro\/wp-content\/uploads\/2025\/12\/set-500-etichete-autocolante-tip-rola-mesaj-thank-you-gonga.jpg","contentUrl":"https:\/\/www.zoko.ro\/wp-content\/uploads\/2025\/12\/set-500-etichete-autocolante-tip-rola-mesaj-thank-you-gonga.jpg","width":800,"height":800},{"@type":"BreadcrumbList","@id":"https:\/\/www.zoko.ro\/p\/set-500-etichete-autocolante-tip-rola-mesaj-thank-you-gonga\/#breadcrumb","itemListElement":[{"@type":"ListItem","position":1,"name":"Home","item":"https:\/\/www.zoko.ro\/"},{"@type":"ListItem","position":2,"name":"Magazin","item":"https:\/\/www.zoko.ro\/magazin\/"},{"@type":"ListItem","position":3,"name":"Set 500 etichete autocolante tip rola, mesaj &#8220;Thank You&#8221;, Gonga\u00ae"}]},{"@type":"WebSite","@id":"https:\/\/www.zoko.ro\/#website","url":"https:\/\/www.zoko.ro\/","name":"ZOKO.ro","description":"Cump\u0103r\u0103 inteligent","publisher":{"@id":"https:\/\/www.zoko.ro\/#organization"},"potentialAction":[{"@type":"SearchAction","target":{"@type":"EntryPoint","urlTemplate":"https:\/\/www.zoko.ro\/?s={search_term_string}"},"query-input":{"@type":"PropertyValueSpecification","valueRequired":true,"valueName":"search_term_string"}}],"inLanguage":"en-GB"},{"@type":"Organization","@id":"https:\/\/www.zoko.ro\/#organization","name":"ZOKO","url":"https:\/\/www.zoko.ro\/","logo":{"@type":"ImageObject","inLanguage":"en-GB","@id":"https:\/\/www.zoko.ro\/#\/schema\/logo\/image\/","url":"https:\/\/www.zoko.ro\/wp-content\/uploads\/2025\/03\/logo1.svg","contentUrl":"https:\/\/www.zoko.ro\/wp-content\/uploads\/2025\/03\/logo1.svg","width":799,"height":216,"caption":"ZOKO"},"image":{"@id":"https:\/\/www.zoko.ro\/#\/schema\/logo\/image\/"},"sameAs":["https:\/\/www.facebook.com\/profile.php?id=61584344135075"]}]}},"_links":{"self":[{"href":"https:\/\/www.zoko.ro\/en\/wp-json\/wp\/v2\/product\/33444","targetHints":{"allow":["GET"]}}],"collection":[{"href":"https:\/\/www.zoko.ro\/en\/wp-json\/wp\/v2\/product"}],"about":[{"href":"https:\/\/www.zoko.ro\/en\/wp-json\/wp\/v2\/types\/product"}],"replies":[{"embeddable":true,"href":"https:\/\/www.zoko.ro\/en\/wp-json\/wp\/v2\/comments?post=33444"}],"version-history":[{"count":1,"href":"https:\/\/www.zoko.ro\/en\/wp-json\/wp\/v2\/product\/33444\/revisions"}],"predecessor-version":[{"id":38458,"href":"https:\/\/www.zoko.ro\/en\/wp-json\/wp\/v2\/product\/33444\/revisions\/38458"}],"wp:featuredmedia":[{"embeddable":true,"href":"https:\/\/www.zoko.ro\/en\/wp-json\/wp\/v2\/media\/33445"}],"wp:attachment":[{"href":"https:\/\/www.zoko.ro\/en\/wp-json\/wp\/v2\/media?parent=33444"}],"wp:term":[{"taxonomy":"product_brand","embeddable":true,"href":"https:\/\/www.zoko.ro\/en\/wp-json\/wp\/v2\/product_brand?post=33444"},{"taxonomy":"product_cat","embeddable":true,"href":"https:\/\/www.zoko.ro\/en\/wp-json\/wp\/v2\/product_cat?post=33444"},{"taxonomy":"product_tag","embeddable":true,"href":"https:\/\/www.zoko.ro\/en\/wp-json\/wp\/v2\/product_tag?post=33444"}],"curies":[{"name":"wp","href":"https:\/\/api.w.org\/{rel}","templated":true}]}}