{"id":33471,"date":"2026-04-28T23:36:59","date_gmt":"2026-04-28T21:36:59","guid":{"rendered":"https:\/\/www.zoko.ro\/p\/aparat-de-cafea-inventum-kz813d-cu-rezezervor-de-1-25-litri-prepara-10-cesti-de-cafea\/"},"modified":"2026-04-28T23:36:59","modified_gmt":"2026-04-28T21:36:59","slug":"aparat-de-cafea-inventum-kz813d-cu-rezezervor-de-1-25-litri-prepara-10-cesti-de-cafea","status":"publish","type":"product","link":"https:\/\/www.zoko.ro\/en\/p\/aparat-de-cafea-inventum-kz813d-cu-rezezervor-de-1-25-litri-prepara-10-cesti-de-cafea\/","title":{"rendered":"Aparat de cafea Inventum KZ813D cu rezezervor de 1.25 litri, prepara 10 cesti de cafea"},"content":{"rendered":"<p><strong>Culoare:<\/strong> Negru<\/p>\n<p><strong>Aparat de cafea Inventum KZ813D \u2013 cafea delicioas\u0103, exact a\u0219a cum \u00ee\u021bi place<\/strong><\/p>\n<p>Bucur\u0103-te de o cafea perfect\u0103 \u00een fiecare diminea\u021b\u0103 cu aparatul de cafea Inventum KZ813D. Cu un rezervor de 1,25 litri, po\u021bi prepara p\u00e2n\u0103 la 10 ce\u0219ti de cafea \u00een doar 6 minute.<\/p>\n<p><img loading=\"lazy\" decoding=\"async\" src=\"https:\/\/gonga.ro\/img\/cms\/Aparat%20de%20cafea%20Inventum%20KZ813D%20cu%20rezezervor%20de%201-25%20litri,%20prepara%2010%20cesti%20de%20cafea3.jpg\" alt=\"\" width=\"1024\" height=\"1024\" \/><\/p>\n<p><strong>Performan\u021b\u0103 \u0219i control total asupra aromei<\/strong><\/p>\n<p>Temperatur\u0103 optim\u0103 de preparare (82\u201396\u00b0C) \u2013 echilibrul ideal \u00eentre dulcea\u021b\u0103, am\u0103real\u0103 \u0219i aciditate<\/p>\n<p>Reglare a puterii cafelei \u2013 controleaz\u0103 debitul de ap\u0103 pentru o cafea mai slab\u0103 sau mai tare<\/p>\n<p>Cronometru integrat \u2013 programeaz\u0103 ora exact\u0103 la care vrei s\u0103 ai cafeaua proasp\u0103t preparat\u0103<\/p>\n<p><img loading=\"lazy\" decoding=\"async\" src=\"https:\/\/gonga.ro\/img\/cms\/Aparat%20de%20cafea%20Inventum%20KZ813D%20cu%20rezezervor%20de%201-25%20litri,%20prepara%2010%20cesti%20de%20cafea7.jpg\" alt=\"\" width=\"1024\" height=\"1024\" \/><\/p>\n<p><strong>Func\u021bii inteligente pentru confortul t\u0103u<\/strong><\/p>\n<p>P\u0103streaz\u0103 cafeaua cald\u0103 timp de 40 de minute \u00eenainte de oprirea automat\u0103<\/p>\n<p>Func\u021bie anti-picurare \u2013 previne scurgerile \u0219i men\u021bine aparatul curat<\/p>\n<p>Indicator de detartrare \u2013 te anun\u021b\u0103 c\u00e2nd este timpul pentru \u00eentre\u021binere<\/p>\n<p><img loading=\"lazy\" decoding=\"async\" src=\"https:\/\/gonga.ro\/img\/cms\/Aparat%20de%20cafea%20Inventum%20KZ813D%20cu%20rezezervor%20de%201-25%20litri,%20prepara%2010%20cesti%20de%20cafea.jpg\" alt=\"\" width=\"1920\" height=\"1920\" \/><\/p>\n<p><strong>Specificatii:<\/strong><\/p>\n<\/p>\n<p>&#8211; Material: o\u021bel inoxidabil<\/p>\n<p>&#8211; Culoare: Negru<\/p>\n<p>&#8211; Dimensiuni: 35 x 36,4 x 17,1 cm<\/p>\n<p>&#8211; Putere: 1550 W<\/p>\n<p>&#8211; Lungime cablu: \u00b1 75 cm<\/p>","protected":false},"excerpt":{"rendered":"<p>Culoare: Negru Aparat de cafea Inventum KZ813D \u2013 cafea delicioas\u0103, exact a\u0219a cum \u00ee\u021bi place Bucur\u0103-te de o cafea perfect\u0103<\/p>","protected":false},"featured_media":33472,"comment_status":"open","ping_status":"open","template":"","meta":[],"product_brand":[],"product_cat":[99,373,431],"product_tag":[104],"class_list":{"0":"post-33471","1":"product","2":"type-product","3":"status-publish","4":"has-post-thumbnail","6":"product_cat-acasa","7":"product_cat-electrocasnice","8":"product_cat-espressoare-cafetiere","9":"product_tag-in-stoc","10":"pa_culoare-negru","12":"first","13":"instock","14":"sale","15":"purchasable","16":"product-type-simple"},"yoast_head":"<!-- This site is optimized with the Yoast SEO plugin v27.2 - https:\/\/yoast.com\/product\/yoast-seo-wordpress\/ -->\n<title>Aparat de cafea Inventum KZ813D cu rezezervor de 1.25 litri, prepara 10 cesti de cafea | ZOKO<\/title>\n<meta name=\"robots\" content=\"index, follow, max-snippet:-1, max-image-preview:large, max-video-preview:-1\" \/>\n<link rel=\"canonical\" href=\"https:\/\/www.zoko.ro\/en\/p\/aparat-de-cafea-inventum-kz813d-cu-rezezervor-de-1-25-litri-prepara-10-cesti-de-cafea\/\" \/>\n<meta property=\"og:locale\" content=\"en_GB\" \/>\n<meta property=\"og:type\" content=\"article\" \/>\n<meta property=\"og:title\" content=\"Aparat de cafea Inventum KZ813D cu rezezervor de 1.25 litri, prepara 10 cesti de cafea | ZOKO\" \/>\n<meta property=\"og:description\" content=\"Culoare: Negru Aparat de cafea Inventum KZ813D \u2013 cafea delicioas\u0103, exact a\u0219a cum \u00ee\u021bi place Bucur\u0103-te de o cafea perfect\u0103\" \/>\n<meta property=\"og:url\" content=\"https:\/\/www.zoko.ro\/en\/p\/aparat-de-cafea-inventum-kz813d-cu-rezezervor-de-1-25-litri-prepara-10-cesti-de-cafea\/\" \/>\n<meta property=\"og:site_name\" content=\"ZOKO\" \/>\n<meta property=\"article:publisher\" content=\"https:\/\/www.facebook.com\/profile.php?id=61584344135075\" \/>\n<meta property=\"og:image\" content=\"https:\/\/www.zoko.ro\/wp-content\/uploads\/2025\/12\/aparat-de-cafea-inventum-kz813d-cu-rezezervor-de-125-litri-prepara-10-cesti-de-cafea.jpg\" \/>\n\t<meta property=\"og:image:width\" content=\"1920\" \/>\n\t<meta property=\"og:image:height\" content=\"1920\" \/>\n\t<meta property=\"og:image:type\" content=\"image\/jpeg\" \/>\n<meta name=\"twitter:card\" content=\"summary_large_image\" \/>\n<meta name=\"twitter:label1\" content=\"Estimated reading time\" \/>\n\t<meta name=\"twitter:data1\" content=\"1 minute\" \/>\n<script type=\"application\/ld+json\" class=\"yoast-schema-graph\">{\"@context\":\"https:\/\/schema.org\",\"@graph\":[{\"@type\":\"WebPage\",\"@id\":\"https:\/\/www.zoko.ro\/p\/aparat-de-cafea-inventum-kz813d-cu-rezezervor-de-1-25-litri-prepara-10-cesti-de-cafea\/\",\"url\":\"https:\/\/www.zoko.ro\/p\/aparat-de-cafea-inventum-kz813d-cu-rezezervor-de-1-25-litri-prepara-10-cesti-de-cafea\/\",\"name\":\"Aparat de cafea Inventum KZ813D cu rezezervor de 1.25 litri, prepara 10 cesti de cafea | ZOKO\",\"isPartOf\":{\"@id\":\"https:\/\/www.zoko.ro\/#website\"},\"primaryImageOfPage\":{\"@id\":\"https:\/\/www.zoko.ro\/p\/aparat-de-cafea-inventum-kz813d-cu-rezezervor-de-1-25-litri-prepara-10-cesti-de-cafea\/#primaryimage\"},\"image\":{\"@id\":\"https:\/\/www.zoko.ro\/p\/aparat-de-cafea-inventum-kz813d-cu-rezezervor-de-1-25-litri-prepara-10-cesti-de-cafea\/#primaryimage\"},\"thumbnailUrl\":\"https:\/\/www.zoko.ro\/wp-content\/uploads\/2025\/12\/aparat-de-cafea-inventum-kz813d-cu-rezezervor-de-125-litri-prepara-10-cesti-de-cafea.jpg\",\"datePublished\":\"2026-04-28T21:36:59+00:00\",\"breadcrumb\":{\"@id\":\"https:\/\/www.zoko.ro\/p\/aparat-de-cafea-inventum-kz813d-cu-rezezervor-de-1-25-litri-prepara-10-cesti-de-cafea\/#breadcrumb\"},\"inLanguage\":\"en-GB\",\"potentialAction\":[{\"@type\":\"ReadAction\",\"target\":[\"https:\/\/www.zoko.ro\/p\/aparat-de-cafea-inventum-kz813d-cu-rezezervor-de-1-25-litri-prepara-10-cesti-de-cafea\/\"]}]},{\"@type\":\"ImageObject\",\"inLanguage\":\"en-GB\",\"@id\":\"https:\/\/www.zoko.ro\/p\/aparat-de-cafea-inventum-kz813d-cu-rezezervor-de-1-25-litri-prepara-10-cesti-de-cafea\/#primaryimage\",\"url\":\"https:\/\/www.zoko.ro\/wp-content\/uploads\/2025\/12\/aparat-de-cafea-inventum-kz813d-cu-rezezervor-de-125-litri-prepara-10-cesti-de-cafea.jpg\",\"contentUrl\":\"https:\/\/www.zoko.ro\/wp-content\/uploads\/2025\/12\/aparat-de-cafea-inventum-kz813d-cu-rezezervor-de-125-litri-prepara-10-cesti-de-cafea.jpg\",\"width\":1920,\"height\":1920},{\"@type\":\"BreadcrumbList\",\"@id\":\"https:\/\/www.zoko.ro\/p\/aparat-de-cafea-inventum-kz813d-cu-rezezervor-de-1-25-litri-prepara-10-cesti-de-cafea\/#breadcrumb\",\"itemListElement\":[{\"@type\":\"ListItem\",\"position\":1,\"name\":\"Home\",\"item\":\"https:\/\/www.zoko.ro\/\"},{\"@type\":\"ListItem\",\"position\":2,\"name\":\"Magazin\",\"item\":\"https:\/\/www.zoko.ro\/magazin\/\"},{\"@type\":\"ListItem\",\"position\":3,\"name\":\"Aparat de cafea Inventum KZ813D cu rezezervor de 1.25 litri, prepara 10 cesti de cafea\"}]},{\"@type\":\"WebSite\",\"@id\":\"https:\/\/www.zoko.ro\/#website\",\"url\":\"https:\/\/www.zoko.ro\/\",\"name\":\"ZOKO.ro\",\"description\":\"Cump\u0103r\u0103 inteligent\",\"publisher\":{\"@id\":\"https:\/\/www.zoko.ro\/#organization\"},\"potentialAction\":[{\"@type\":\"SearchAction\",\"target\":{\"@type\":\"EntryPoint\",\"urlTemplate\":\"https:\/\/www.zoko.ro\/?s={search_term_string}\"},\"query-input\":{\"@type\":\"PropertyValueSpecification\",\"valueRequired\":true,\"valueName\":\"search_term_string\"}}],\"inLanguage\":\"en-GB\"},{\"@type\":\"Organization\",\"@id\":\"https:\/\/www.zoko.ro\/#organization\",\"name\":\"ZOKO\",\"url\":\"https:\/\/www.zoko.ro\/\",\"logo\":{\"@type\":\"ImageObject\",\"inLanguage\":\"en-GB\",\"@id\":\"https:\/\/www.zoko.ro\/#\/schema\/logo\/image\/\",\"url\":\"https:\/\/www.zoko.ro\/wp-content\/uploads\/2025\/03\/logo1.svg\",\"contentUrl\":\"https:\/\/www.zoko.ro\/wp-content\/uploads\/2025\/03\/logo1.svg\",\"width\":799,\"height\":216,\"caption\":\"ZOKO\"},\"image\":{\"@id\":\"https:\/\/www.zoko.ro\/#\/schema\/logo\/image\/\"},\"sameAs\":[\"https:\/\/www.facebook.com\/profile.php?id=61584344135075\"]}]}<\/script>\n<!-- \/ Yoast SEO plugin. -->","yoast_head_json":{"title":"Aparat de cafea Inventum KZ813D cu rezezervor de 1.25 litri, prepara 10 cesti de cafea | ZOKO","robots":{"index":"index","follow":"follow","max-snippet":"max-snippet:-1","max-image-preview":"max-image-preview:large","max-video-preview":"max-video-preview:-1"},"canonical":"https:\/\/www.zoko.ro\/en\/p\/aparat-de-cafea-inventum-kz813d-cu-rezezervor-de-1-25-litri-prepara-10-cesti-de-cafea\/","og_locale":"en_GB","og_type":"article","og_title":"Aparat de cafea Inventum KZ813D cu rezezervor de 1.25 litri, prepara 10 cesti de cafea | ZOKO","og_description":"Culoare: Negru Aparat de cafea Inventum KZ813D \u2013 cafea delicioas\u0103, exact a\u0219a cum \u00ee\u021bi place Bucur\u0103-te de o cafea perfect\u0103","og_url":"https:\/\/www.zoko.ro\/en\/p\/aparat-de-cafea-inventum-kz813d-cu-rezezervor-de-1-25-litri-prepara-10-cesti-de-cafea\/","og_site_name":"ZOKO","article_publisher":"https:\/\/www.facebook.com\/profile.php?id=61584344135075","og_image":[{"width":1920,"height":1920,"url":"https:\/\/www.zoko.ro\/wp-content\/uploads\/2025\/12\/aparat-de-cafea-inventum-kz813d-cu-rezezervor-de-125-litri-prepara-10-cesti-de-cafea.jpg","type":"image\/jpeg"}],"twitter_card":"summary_large_image","twitter_misc":{"Estimated reading time":"1 minute"},"schema":{"@context":"https:\/\/schema.org","@graph":[{"@type":"WebPage","@id":"https:\/\/www.zoko.ro\/p\/aparat-de-cafea-inventum-kz813d-cu-rezezervor-de-1-25-litri-prepara-10-cesti-de-cafea\/","url":"https:\/\/www.zoko.ro\/p\/aparat-de-cafea-inventum-kz813d-cu-rezezervor-de-1-25-litri-prepara-10-cesti-de-cafea\/","name":"Aparat de cafea Inventum KZ813D cu rezezervor de 1.25 litri, prepara 10 cesti de cafea | ZOKO","isPartOf":{"@id":"https:\/\/www.zoko.ro\/#website"},"primaryImageOfPage":{"@id":"https:\/\/www.zoko.ro\/p\/aparat-de-cafea-inventum-kz813d-cu-rezezervor-de-1-25-litri-prepara-10-cesti-de-cafea\/#primaryimage"},"image":{"@id":"https:\/\/www.zoko.ro\/p\/aparat-de-cafea-inventum-kz813d-cu-rezezervor-de-1-25-litri-prepara-10-cesti-de-cafea\/#primaryimage"},"thumbnailUrl":"https:\/\/www.zoko.ro\/wp-content\/uploads\/2025\/12\/aparat-de-cafea-inventum-kz813d-cu-rezezervor-de-125-litri-prepara-10-cesti-de-cafea.jpg","datePublished":"2026-04-28T21:36:59+00:00","breadcrumb":{"@id":"https:\/\/www.zoko.ro\/p\/aparat-de-cafea-inventum-kz813d-cu-rezezervor-de-1-25-litri-prepara-10-cesti-de-cafea\/#breadcrumb"},"inLanguage":"en-GB","potentialAction":[{"@type":"ReadAction","target":["https:\/\/www.zoko.ro\/p\/aparat-de-cafea-inventum-kz813d-cu-rezezervor-de-1-25-litri-prepara-10-cesti-de-cafea\/"]}]},{"@type":"ImageObject","inLanguage":"en-GB","@id":"https:\/\/www.zoko.ro\/p\/aparat-de-cafea-inventum-kz813d-cu-rezezervor-de-1-25-litri-prepara-10-cesti-de-cafea\/#primaryimage","url":"https:\/\/www.zoko.ro\/wp-content\/uploads\/2025\/12\/aparat-de-cafea-inventum-kz813d-cu-rezezervor-de-125-litri-prepara-10-cesti-de-cafea.jpg","contentUrl":"https:\/\/www.zoko.ro\/wp-content\/uploads\/2025\/12\/aparat-de-cafea-inventum-kz813d-cu-rezezervor-de-125-litri-prepara-10-cesti-de-cafea.jpg","width":1920,"height":1920},{"@type":"BreadcrumbList","@id":"https:\/\/www.zoko.ro\/p\/aparat-de-cafea-inventum-kz813d-cu-rezezervor-de-1-25-litri-prepara-10-cesti-de-cafea\/#breadcrumb","itemListElement":[{"@type":"ListItem","position":1,"name":"Home","item":"https:\/\/www.zoko.ro\/"},{"@type":"ListItem","position":2,"name":"Magazin","item":"https:\/\/www.zoko.ro\/magazin\/"},{"@type":"ListItem","position":3,"name":"Aparat de cafea Inventum KZ813D cu rezezervor de 1.25 litri, prepara 10 cesti de cafea"}]},{"@type":"WebSite","@id":"https:\/\/www.zoko.ro\/#website","url":"https:\/\/www.zoko.ro\/","name":"ZOKO.ro","description":"Cump\u0103r\u0103 inteligent","publisher":{"@id":"https:\/\/www.zoko.ro\/#organization"},"potentialAction":[{"@type":"SearchAction","target":{"@type":"EntryPoint","urlTemplate":"https:\/\/www.zoko.ro\/?s={search_term_string}"},"query-input":{"@type":"PropertyValueSpecification","valueRequired":true,"valueName":"search_term_string"}}],"inLanguage":"en-GB"},{"@type":"Organization","@id":"https:\/\/www.zoko.ro\/#organization","name":"ZOKO","url":"https:\/\/www.zoko.ro\/","logo":{"@type":"ImageObject","inLanguage":"en-GB","@id":"https:\/\/www.zoko.ro\/#\/schema\/logo\/image\/","url":"https:\/\/www.zoko.ro\/wp-content\/uploads\/2025\/03\/logo1.svg","contentUrl":"https:\/\/www.zoko.ro\/wp-content\/uploads\/2025\/03\/logo1.svg","width":799,"height":216,"caption":"ZOKO"},"image":{"@id":"https:\/\/www.zoko.ro\/#\/schema\/logo\/image\/"},"sameAs":["https:\/\/www.facebook.com\/profile.php?id=61584344135075"]}]}},"_links":{"self":[{"href":"https:\/\/www.zoko.ro\/en\/wp-json\/wp\/v2\/product\/33471","targetHints":{"allow":["GET"]}}],"collection":[{"href":"https:\/\/www.zoko.ro\/en\/wp-json\/wp\/v2\/product"}],"about":[{"href":"https:\/\/www.zoko.ro\/en\/wp-json\/wp\/v2\/types\/product"}],"replies":[{"embeddable":true,"href":"https:\/\/www.zoko.ro\/en\/wp-json\/wp\/v2\/comments?post=33471"}],"version-history":[{"count":1,"href":"https:\/\/www.zoko.ro\/en\/wp-json\/wp\/v2\/product\/33471\/revisions"}],"predecessor-version":[{"id":38464,"href":"https:\/\/www.zoko.ro\/en\/wp-json\/wp\/v2\/product\/33471\/revisions\/38464"}],"wp:featuredmedia":[{"embeddable":true,"href":"https:\/\/www.zoko.ro\/en\/wp-json\/wp\/v2\/media\/33472"}],"wp:attachment":[{"href":"https:\/\/www.zoko.ro\/en\/wp-json\/wp\/v2\/media?parent=33471"}],"wp:term":[{"taxonomy":"product_brand","embeddable":true,"href":"https:\/\/www.zoko.ro\/en\/wp-json\/wp\/v2\/product_brand?post=33471"},{"taxonomy":"product_cat","embeddable":true,"href":"https:\/\/www.zoko.ro\/en\/wp-json\/wp\/v2\/product_cat?post=33471"},{"taxonomy":"product_tag","embeddable":true,"href":"https:\/\/www.zoko.ro\/en\/wp-json\/wp\/v2\/product_tag?post=33471"}],"curies":[{"name":"wp","href":"https:\/\/api.w.org\/{rel}","templated":true}]}}