{"id":33480,"date":"2026-04-28T23:38:02","date_gmt":"2026-04-28T21:38:02","guid":{"rendered":"https:\/\/www.zoko.ro\/p\/set-2-perne-de-relaxare-pentru-tetiera-piele-ecologica-25x16-cm-gonga\/"},"modified":"2026-04-28T23:38:02","modified_gmt":"2026-04-28T21:38:02","slug":"set-2-perne-de-relaxare-pentru-tetiera-piele-ecologica-25x16-cm-gonga","status":"publish","type":"product","link":"https:\/\/www.zoko.ro\/en\/p\/set-2-perne-de-relaxare-pentru-tetiera-piele-ecologica-25x16-cm-gonga\/","title":{"rendered":"Set 2 perne de relaxare pentru tetiera, piele ecologica, 25&#215;16 cm, Gonga\u00ae"},"content":{"rendered":"<p><strong>Culoare:<\/strong> Negru<\/p>\n<p><strong>Set de 2 perne de relaxare pentru tetier\u0103<\/strong>, fabricate din piele ecologic\u0103 de calitate, concepute pentru a oferi confort \u0219i sus\u021binere optim\u0103 \u00een timpul c\u0103l\u0103toriilor cu ma\u0219ina.<\/p>\n<p><img loading=\"lazy\" decoding=\"async\" src=\"https:\/\/gonga.ro\/img\/cms\/Set%202%20perne%20de%20relaxare%20pentru%20tetiera,%20piele%20ecologica,%2025x16%20cm,%20Gonga%C2%AE4.jpg\" alt=\"\" width=\"1500\" height=\"1500\" \/><\/p>\n<p>Cu un design ergonomic \u0219i dimensiuni de 25&#215;16 cm, aceste perne ajut\u0103 la reducerea tensiunii din zona g\u00e2tului \u0219i a capului, asigur\u00e2nd o pozi\u021bie mai relaxat\u0103 \u0219i o experien\u021b\u0103 de condus mai pl\u0103cut\u0103. Sistemul de prindere reglabil le permite s\u0103 se potriveasc\u0103 pe majoritatea tetierelor auto, iar materialul durabil este u\u0219or de cur\u0103\u021bat \u0219i \u00eentre\u021binut.<\/p>\n<p>Ideal pentru \u0219oferi \u0219i pasageri care \u00ee\u0219i doresc un plus de confort \u00een timpul deplas\u0103rilor.<\/p>\n<p><img loading=\"lazy\" decoding=\"async\" src=\"https:\/\/gonga.ro\/img\/cms\/Set%202%20perne%20de%20relaxare%20pentru%20tetiera,%20piele%20ecologica,%2025x16%20cm,%20Gonga%C2%AE3.jpg\" alt=\"\" width=\"1182\" height=\"1200\" \/><\/p>\n<\/p>\n<p><strong>Specificatii:<\/strong><\/p>\n<\/p>\n<p>&#8211; Numar bucati: 2<\/p>\n<p>&#8211; Material: Piele ecologica<\/p>\n<p>&#8211; Potrivit pentru: Universal<\/p>","protected":false},"excerpt":{"rendered":"<p>Culoare: Negru Set de 2 perne de relaxare pentru tetier\u0103, fabricate din piele ecologic\u0103 de calitate, concepute pentru a oferi<\/p>","protected":false},"featured_media":33481,"comment_status":"open","ping_status":"open","template":"","meta":[],"product_brand":[],"product_cat":[99,349,348,574],"product_tag":[104],"class_list":{"0":"post-33480","1":"product","2":"type-product","3":"status-publish","4":"has-post-thumbnail","6":"product_cat-acasa","7":"product_cat-accesorii-auto","8":"product_cat-auto-moto","9":"product_cat-perne-si-suporturi-scaun","10":"product_tag-in-stoc","11":"pa_culoare-negru","13":"first","14":"instock","15":"sale","16":"purchasable","17":"product-type-simple"},"yoast_head":"<!-- This site is optimized with the Yoast SEO plugin v27.2 - https:\/\/yoast.com\/product\/yoast-seo-wordpress\/ -->\n<title>Set 2 perne de relaxare pentru tetiera, piele ecologica, 25x16 cm, Gonga\u00ae | ZOKO<\/title>\n<meta name=\"robots\" content=\"index, follow, max-snippet:-1, max-image-preview:large, max-video-preview:-1\" \/>\n<link rel=\"canonical\" href=\"https:\/\/www.zoko.ro\/en\/p\/set-2-perne-de-relaxare-pentru-tetiera-piele-ecologica-25x16-cm-gonga\/\" \/>\n<meta property=\"og:locale\" content=\"en_GB\" \/>\n<meta property=\"og:type\" content=\"article\" \/>\n<meta property=\"og:title\" content=\"Set 2 perne de relaxare pentru tetiera, piele ecologica, 25x16 cm, Gonga\u00ae | ZOKO\" \/>\n<meta property=\"og:description\" content=\"Culoare: Negru Set de 2 perne de relaxare pentru tetier\u0103, fabricate din piele ecologic\u0103 de calitate, concepute pentru a oferi\" \/>\n<meta property=\"og:url\" content=\"https:\/\/www.zoko.ro\/en\/p\/set-2-perne-de-relaxare-pentru-tetiera-piele-ecologica-25x16-cm-gonga\/\" \/>\n<meta property=\"og:site_name\" content=\"ZOKO\" \/>\n<meta property=\"article:publisher\" content=\"https:\/\/www.facebook.com\/profile.php?id=61584344135075\" \/>\n<meta property=\"og:image\" content=\"https:\/\/www.zoko.ro\/wp-content\/uploads\/2025\/12\/set-2-perne-de-relaxare-pentru-tetiera-piele-ecologica-25x16-cm-gonga.jpg\" \/>\n\t<meta property=\"og:image:width\" content=\"1200\" \/>\n\t<meta property=\"og:image:height\" content=\"1178\" \/>\n\t<meta property=\"og:image:type\" content=\"image\/jpeg\" \/>\n<meta name=\"twitter:card\" content=\"summary_large_image\" \/>\n<meta name=\"twitter:label1\" content=\"Estimated reading time\" \/>\n\t<meta name=\"twitter:data1\" content=\"1 minute\" \/>\n<script type=\"application\/ld+json\" class=\"yoast-schema-graph\">{\"@context\":\"https:\/\/schema.org\",\"@graph\":[{\"@type\":\"WebPage\",\"@id\":\"https:\/\/www.zoko.ro\/p\/set-2-perne-de-relaxare-pentru-tetiera-piele-ecologica-25x16-cm-gonga\/\",\"url\":\"https:\/\/www.zoko.ro\/p\/set-2-perne-de-relaxare-pentru-tetiera-piele-ecologica-25x16-cm-gonga\/\",\"name\":\"Set 2 perne de relaxare pentru tetiera, piele ecologica, 25x16 cm, Gonga\u00ae | ZOKO\",\"isPartOf\":{\"@id\":\"https:\/\/www.zoko.ro\/#website\"},\"primaryImageOfPage\":{\"@id\":\"https:\/\/www.zoko.ro\/p\/set-2-perne-de-relaxare-pentru-tetiera-piele-ecologica-25x16-cm-gonga\/#primaryimage\"},\"image\":{\"@id\":\"https:\/\/www.zoko.ro\/p\/set-2-perne-de-relaxare-pentru-tetiera-piele-ecologica-25x16-cm-gonga\/#primaryimage\"},\"thumbnailUrl\":\"https:\/\/www.zoko.ro\/wp-content\/uploads\/2025\/12\/set-2-perne-de-relaxare-pentru-tetiera-piele-ecologica-25x16-cm-gonga.jpg\",\"datePublished\":\"2026-04-28T21:38:02+00:00\",\"breadcrumb\":{\"@id\":\"https:\/\/www.zoko.ro\/p\/set-2-perne-de-relaxare-pentru-tetiera-piele-ecologica-25x16-cm-gonga\/#breadcrumb\"},\"inLanguage\":\"en-GB\",\"potentialAction\":[{\"@type\":\"ReadAction\",\"target\":[\"https:\/\/www.zoko.ro\/p\/set-2-perne-de-relaxare-pentru-tetiera-piele-ecologica-25x16-cm-gonga\/\"]}]},{\"@type\":\"ImageObject\",\"inLanguage\":\"en-GB\",\"@id\":\"https:\/\/www.zoko.ro\/p\/set-2-perne-de-relaxare-pentru-tetiera-piele-ecologica-25x16-cm-gonga\/#primaryimage\",\"url\":\"https:\/\/www.zoko.ro\/wp-content\/uploads\/2025\/12\/set-2-perne-de-relaxare-pentru-tetiera-piele-ecologica-25x16-cm-gonga.jpg\",\"contentUrl\":\"https:\/\/www.zoko.ro\/wp-content\/uploads\/2025\/12\/set-2-perne-de-relaxare-pentru-tetiera-piele-ecologica-25x16-cm-gonga.jpg\",\"width\":1200,\"height\":1178},{\"@type\":\"BreadcrumbList\",\"@id\":\"https:\/\/www.zoko.ro\/p\/set-2-perne-de-relaxare-pentru-tetiera-piele-ecologica-25x16-cm-gonga\/#breadcrumb\",\"itemListElement\":[{\"@type\":\"ListItem\",\"position\":1,\"name\":\"Home\",\"item\":\"https:\/\/www.zoko.ro\/\"},{\"@type\":\"ListItem\",\"position\":2,\"name\":\"Magazin\",\"item\":\"https:\/\/www.zoko.ro\/magazin\/\"},{\"@type\":\"ListItem\",\"position\":3,\"name\":\"Set 2 perne de relaxare pentru tetiera, piele ecologica, 25&#215;16 cm, Gonga\u00ae\"}]},{\"@type\":\"WebSite\",\"@id\":\"https:\/\/www.zoko.ro\/#website\",\"url\":\"https:\/\/www.zoko.ro\/\",\"name\":\"ZOKO.ro\",\"description\":\"Cump\u0103r\u0103 inteligent\",\"publisher\":{\"@id\":\"https:\/\/www.zoko.ro\/#organization\"},\"potentialAction\":[{\"@type\":\"SearchAction\",\"target\":{\"@type\":\"EntryPoint\",\"urlTemplate\":\"https:\/\/www.zoko.ro\/?s={search_term_string}\"},\"query-input\":{\"@type\":\"PropertyValueSpecification\",\"valueRequired\":true,\"valueName\":\"search_term_string\"}}],\"inLanguage\":\"en-GB\"},{\"@type\":\"Organization\",\"@id\":\"https:\/\/www.zoko.ro\/#organization\",\"name\":\"ZOKO\",\"url\":\"https:\/\/www.zoko.ro\/\",\"logo\":{\"@type\":\"ImageObject\",\"inLanguage\":\"en-GB\",\"@id\":\"https:\/\/www.zoko.ro\/#\/schema\/logo\/image\/\",\"url\":\"https:\/\/www.zoko.ro\/wp-content\/uploads\/2025\/03\/logo1.svg\",\"contentUrl\":\"https:\/\/www.zoko.ro\/wp-content\/uploads\/2025\/03\/logo1.svg\",\"width\":799,\"height\":216,\"caption\":\"ZOKO\"},\"image\":{\"@id\":\"https:\/\/www.zoko.ro\/#\/schema\/logo\/image\/\"},\"sameAs\":[\"https:\/\/www.facebook.com\/profile.php?id=61584344135075\"]}]}<\/script>\n<!-- \/ Yoast SEO plugin. -->","yoast_head_json":{"title":"Set 2 perne de relaxare pentru tetiera, piele ecologica, 25x16 cm, Gonga\u00ae | ZOKO","robots":{"index":"index","follow":"follow","max-snippet":"max-snippet:-1","max-image-preview":"max-image-preview:large","max-video-preview":"max-video-preview:-1"},"canonical":"https:\/\/www.zoko.ro\/en\/p\/set-2-perne-de-relaxare-pentru-tetiera-piele-ecologica-25x16-cm-gonga\/","og_locale":"en_GB","og_type":"article","og_title":"Set 2 perne de relaxare pentru tetiera, piele ecologica, 25x16 cm, Gonga\u00ae | ZOKO","og_description":"Culoare: Negru Set de 2 perne de relaxare pentru tetier\u0103, fabricate din piele ecologic\u0103 de calitate, concepute pentru a oferi","og_url":"https:\/\/www.zoko.ro\/en\/p\/set-2-perne-de-relaxare-pentru-tetiera-piele-ecologica-25x16-cm-gonga\/","og_site_name":"ZOKO","article_publisher":"https:\/\/www.facebook.com\/profile.php?id=61584344135075","og_image":[{"width":1200,"height":1178,"url":"https:\/\/www.zoko.ro\/wp-content\/uploads\/2025\/12\/set-2-perne-de-relaxare-pentru-tetiera-piele-ecologica-25x16-cm-gonga.jpg","type":"image\/jpeg"}],"twitter_card":"summary_large_image","twitter_misc":{"Estimated reading time":"1 minute"},"schema":{"@context":"https:\/\/schema.org","@graph":[{"@type":"WebPage","@id":"https:\/\/www.zoko.ro\/p\/set-2-perne-de-relaxare-pentru-tetiera-piele-ecologica-25x16-cm-gonga\/","url":"https:\/\/www.zoko.ro\/p\/set-2-perne-de-relaxare-pentru-tetiera-piele-ecologica-25x16-cm-gonga\/","name":"Set 2 perne de relaxare pentru tetiera, piele ecologica, 25x16 cm, Gonga\u00ae | ZOKO","isPartOf":{"@id":"https:\/\/www.zoko.ro\/#website"},"primaryImageOfPage":{"@id":"https:\/\/www.zoko.ro\/p\/set-2-perne-de-relaxare-pentru-tetiera-piele-ecologica-25x16-cm-gonga\/#primaryimage"},"image":{"@id":"https:\/\/www.zoko.ro\/p\/set-2-perne-de-relaxare-pentru-tetiera-piele-ecologica-25x16-cm-gonga\/#primaryimage"},"thumbnailUrl":"https:\/\/www.zoko.ro\/wp-content\/uploads\/2025\/12\/set-2-perne-de-relaxare-pentru-tetiera-piele-ecologica-25x16-cm-gonga.jpg","datePublished":"2026-04-28T21:38:02+00:00","breadcrumb":{"@id":"https:\/\/www.zoko.ro\/p\/set-2-perne-de-relaxare-pentru-tetiera-piele-ecologica-25x16-cm-gonga\/#breadcrumb"},"inLanguage":"en-GB","potentialAction":[{"@type":"ReadAction","target":["https:\/\/www.zoko.ro\/p\/set-2-perne-de-relaxare-pentru-tetiera-piele-ecologica-25x16-cm-gonga\/"]}]},{"@type":"ImageObject","inLanguage":"en-GB","@id":"https:\/\/www.zoko.ro\/p\/set-2-perne-de-relaxare-pentru-tetiera-piele-ecologica-25x16-cm-gonga\/#primaryimage","url":"https:\/\/www.zoko.ro\/wp-content\/uploads\/2025\/12\/set-2-perne-de-relaxare-pentru-tetiera-piele-ecologica-25x16-cm-gonga.jpg","contentUrl":"https:\/\/www.zoko.ro\/wp-content\/uploads\/2025\/12\/set-2-perne-de-relaxare-pentru-tetiera-piele-ecologica-25x16-cm-gonga.jpg","width":1200,"height":1178},{"@type":"BreadcrumbList","@id":"https:\/\/www.zoko.ro\/p\/set-2-perne-de-relaxare-pentru-tetiera-piele-ecologica-25x16-cm-gonga\/#breadcrumb","itemListElement":[{"@type":"ListItem","position":1,"name":"Home","item":"https:\/\/www.zoko.ro\/"},{"@type":"ListItem","position":2,"name":"Magazin","item":"https:\/\/www.zoko.ro\/magazin\/"},{"@type":"ListItem","position":3,"name":"Set 2 perne de relaxare pentru tetiera, piele ecologica, 25&#215;16 cm, Gonga\u00ae"}]},{"@type":"WebSite","@id":"https:\/\/www.zoko.ro\/#website","url":"https:\/\/www.zoko.ro\/","name":"ZOKO.ro","description":"Cump\u0103r\u0103 inteligent","publisher":{"@id":"https:\/\/www.zoko.ro\/#organization"},"potentialAction":[{"@type":"SearchAction","target":{"@type":"EntryPoint","urlTemplate":"https:\/\/www.zoko.ro\/?s={search_term_string}"},"query-input":{"@type":"PropertyValueSpecification","valueRequired":true,"valueName":"search_term_string"}}],"inLanguage":"en-GB"},{"@type":"Organization","@id":"https:\/\/www.zoko.ro\/#organization","name":"ZOKO","url":"https:\/\/www.zoko.ro\/","logo":{"@type":"ImageObject","inLanguage":"en-GB","@id":"https:\/\/www.zoko.ro\/#\/schema\/logo\/image\/","url":"https:\/\/www.zoko.ro\/wp-content\/uploads\/2025\/03\/logo1.svg","contentUrl":"https:\/\/www.zoko.ro\/wp-content\/uploads\/2025\/03\/logo1.svg","width":799,"height":216,"caption":"ZOKO"},"image":{"@id":"https:\/\/www.zoko.ro\/#\/schema\/logo\/image\/"},"sameAs":["https:\/\/www.facebook.com\/profile.php?id=61584344135075"]}]}},"_links":{"self":[{"href":"https:\/\/www.zoko.ro\/en\/wp-json\/wp\/v2\/product\/33480","targetHints":{"allow":["GET"]}}],"collection":[{"href":"https:\/\/www.zoko.ro\/en\/wp-json\/wp\/v2\/product"}],"about":[{"href":"https:\/\/www.zoko.ro\/en\/wp-json\/wp\/v2\/types\/product"}],"replies":[{"embeddable":true,"href":"https:\/\/www.zoko.ro\/en\/wp-json\/wp\/v2\/comments?post=33480"}],"version-history":[{"count":1,"href":"https:\/\/www.zoko.ro\/en\/wp-json\/wp\/v2\/product\/33480\/revisions"}],"predecessor-version":[{"id":38465,"href":"https:\/\/www.zoko.ro\/en\/wp-json\/wp\/v2\/product\/33480\/revisions\/38465"}],"wp:featuredmedia":[{"embeddable":true,"href":"https:\/\/www.zoko.ro\/en\/wp-json\/wp\/v2\/media\/33481"}],"wp:attachment":[{"href":"https:\/\/www.zoko.ro\/en\/wp-json\/wp\/v2\/media?parent=33480"}],"wp:term":[{"taxonomy":"product_brand","embeddable":true,"href":"https:\/\/www.zoko.ro\/en\/wp-json\/wp\/v2\/product_brand?post=33480"},{"taxonomy":"product_cat","embeddable":true,"href":"https:\/\/www.zoko.ro\/en\/wp-json\/wp\/v2\/product_cat?post=33480"},{"taxonomy":"product_tag","embeddable":true,"href":"https:\/\/www.zoko.ro\/en\/wp-json\/wp\/v2\/product_tag?post=33480"}],"curies":[{"name":"wp","href":"https:\/\/api.w.org\/{rel}","templated":true}]}}