{"id":33490,"date":"2026-04-28T23:38:03","date_gmt":"2026-04-28T21:38:03","guid":{"rendered":"https:\/\/www.zoko.ro\/p\/casuta-pentru-pisica-adapost-pat-56-cm-gonga\/"},"modified":"2026-04-28T23:38:03","modified_gmt":"2026-04-28T21:38:03","slug":"casuta-pentru-pisica-adapost-pat-56-cm-gonga","status":"publish","type":"product","link":"https:\/\/www.zoko.ro\/en\/p\/casuta-pentru-pisica-adapost-pat-56-cm-gonga\/","title":{"rendered":"Casu\u021b\u0103 pentru pisic\u0103 &#8211; ad\u0103post, pat, 56 cm, Gonga\u00ae"},"content":{"rendered":"<p><strong>Culoare:<\/strong> Maro<\/p>\n<p>Ofer\u0103-i pisicii tale un loc confortabil \u0219i sigur unde s\u0103 se odihneasc\u0103 \u0219i s\u0103 se simt\u0103 protejat\u0103 cu aceast\u0103 <strong>casu\u021b\u0103 elegant\u0103 \u0219i func\u021bional\u0103<\/strong>.<\/p>\n<p><img loading=\"lazy\" decoding=\"async\" src=\"https:\/\/gonga.ro\/img\/cms\/Casu%C8%9B%C4%83%20pentru%20pisic%C4%83%20%E2%80%93%20ad%C4%83post,%20pat,%2056%20cm2.jpeg\" alt=\"\" width=\"800\" height=\"800\" \/><\/p>\n<p>Cu o dimensiune de 56 cm, este ideal\u0103 pentru pisicile de talie mic\u0103 \u0219i medie. Construit\u0103 din materiale durabile, aceast\u0103 casu\u021b\u0103 serve\u0219te drept ad\u0103post perfect pentru momentele de relaxare, oferindu-i un pat moale \u0219i pl\u0103cut.<\/p>\n<p>Designul s\u0103u modern se integreaz\u0103 armonios \u00een orice decor, iar compartimentul \u00eenchis protejeaz\u0103 pisica de curen\u021bii reci \u0219i zgomote. U\u0219or de cur\u0103\u021bat \u0219i \u00eentre\u021binut, este alegerea ideal\u0103 pentru confortul pisicii tale!<\/p>\n<p><img loading=\"lazy\" decoding=\"async\" src=\"https:\/\/gonga.ro\/img\/cms\/Casu%C8%9B%C4%83%20pentru%20pisic%C4%83%20%E2%80%93%20ad%C4%83post,%20pat,%2056%20cm1.jpeg\" alt=\"\" width=\"452\" height=\"452\" \/><\/p>\n<\/p>\n<p><strong>Specificatii:<\/strong><\/p>\n<\/p>\n<p>&#8211; Material: Lemn<\/p>\n<p>&#8211; Potrivit pentru: Pisici<\/p>\n<p>&#8211; Dimensiuni: 30 cm x 56 cm x 30 cm<\/p>","protected":false},"excerpt":{"rendered":"<p>Culoare: Maro Ofer\u0103-i pisicii tale un loc confortabil \u0219i sigur unde s\u0103 se odihneasc\u0103 \u0219i s\u0103 se simt\u0103 protejat\u0103 cu<\/p>","protected":false},"featured_media":33491,"comment_status":"open","ping_status":"open","template":"","meta":[],"product_brand":[],"product_cat":[99,422,346],"product_tag":[],"class_list":{"0":"post-33490","1":"product","2":"type-product","3":"status-publish","4":"has-post-thumbnail","6":"product_cat-acasa","7":"product_cat-culcusuri-perne-saltele","8":"product_cat-petshop","9":"pa_culoare-maro","11":"first","12":"outofstock","13":"sale","14":"purchasable","15":"product-type-simple"},"yoast_head":"<!-- This site is optimized with the Yoast SEO plugin v27.2 - https:\/\/yoast.com\/product\/yoast-seo-wordpress\/ -->\n<title>Casu\u021b\u0103 pentru pisic\u0103 - ad\u0103post, pat, 56 cm, Gonga\u00ae | ZOKO<\/title>\n<meta name=\"robots\" content=\"index, follow, max-snippet:-1, max-image-preview:large, max-video-preview:-1\" \/>\n<link rel=\"canonical\" href=\"https:\/\/www.zoko.ro\/en\/p\/casuta-pentru-pisica-adapost-pat-56-cm-gonga\/\" \/>\n<meta property=\"og:locale\" content=\"en_GB\" \/>\n<meta property=\"og:type\" content=\"article\" \/>\n<meta property=\"og:title\" content=\"Casu\u021b\u0103 pentru pisic\u0103 - ad\u0103post, pat, 56 cm, Gonga\u00ae | ZOKO\" \/>\n<meta property=\"og:description\" content=\"Culoare: Maro Ofer\u0103-i pisicii tale un loc confortabil \u0219i sigur unde s\u0103 se odihneasc\u0103 \u0219i s\u0103 se simt\u0103 protejat\u0103 cu\" \/>\n<meta property=\"og:url\" content=\"https:\/\/www.zoko.ro\/en\/p\/casuta-pentru-pisica-adapost-pat-56-cm-gonga\/\" \/>\n<meta property=\"og:site_name\" content=\"ZOKO\" \/>\n<meta property=\"article:publisher\" content=\"https:\/\/www.facebook.com\/profile.php?id=61584344135075\" \/>\n<meta property=\"og:image\" content=\"https:\/\/www.zoko.ro\/wp-content\/uploads\/2025\/12\/casua-pentru-pisica-adapost-pat-56-cm.jpg\" \/>\n\t<meta property=\"og:image:width\" content=\"1000\" \/>\n\t<meta property=\"og:image:height\" content=\"965\" \/>\n\t<meta property=\"og:image:type\" content=\"image\/jpeg\" \/>\n<meta name=\"twitter:card\" content=\"summary_large_image\" \/>\n<meta name=\"twitter:label1\" content=\"Estimated reading time\" \/>\n\t<meta name=\"twitter:data1\" content=\"1 minute\" \/>\n<script type=\"application\/ld+json\" class=\"yoast-schema-graph\">{\"@context\":\"https:\/\/schema.org\",\"@graph\":[{\"@type\":\"WebPage\",\"@id\":\"https:\/\/www.zoko.ro\/p\/casuta-pentru-pisica-adapost-pat-56-cm-gonga\/\",\"url\":\"https:\/\/www.zoko.ro\/p\/casuta-pentru-pisica-adapost-pat-56-cm-gonga\/\",\"name\":\"Casu\u021b\u0103 pentru pisic\u0103 - ad\u0103post, pat, 56 cm, Gonga\u00ae | ZOKO\",\"isPartOf\":{\"@id\":\"https:\/\/www.zoko.ro\/#website\"},\"primaryImageOfPage\":{\"@id\":\"https:\/\/www.zoko.ro\/p\/casuta-pentru-pisica-adapost-pat-56-cm-gonga\/#primaryimage\"},\"image\":{\"@id\":\"https:\/\/www.zoko.ro\/p\/casuta-pentru-pisica-adapost-pat-56-cm-gonga\/#primaryimage\"},\"thumbnailUrl\":\"https:\/\/www.zoko.ro\/wp-content\/uploads\/2025\/12\/casua-pentru-pisica-adapost-pat-56-cm.jpg\",\"datePublished\":\"2026-04-28T21:38:03+00:00\",\"breadcrumb\":{\"@id\":\"https:\/\/www.zoko.ro\/p\/casuta-pentru-pisica-adapost-pat-56-cm-gonga\/#breadcrumb\"},\"inLanguage\":\"en-GB\",\"potentialAction\":[{\"@type\":\"ReadAction\",\"target\":[\"https:\/\/www.zoko.ro\/p\/casuta-pentru-pisica-adapost-pat-56-cm-gonga\/\"]}]},{\"@type\":\"ImageObject\",\"inLanguage\":\"en-GB\",\"@id\":\"https:\/\/www.zoko.ro\/p\/casuta-pentru-pisica-adapost-pat-56-cm-gonga\/#primaryimage\",\"url\":\"https:\/\/www.zoko.ro\/wp-content\/uploads\/2025\/12\/casua-pentru-pisica-adapost-pat-56-cm.jpg\",\"contentUrl\":\"https:\/\/www.zoko.ro\/wp-content\/uploads\/2025\/12\/casua-pentru-pisica-adapost-pat-56-cm.jpg\",\"width\":1000,\"height\":965},{\"@type\":\"BreadcrumbList\",\"@id\":\"https:\/\/www.zoko.ro\/p\/casuta-pentru-pisica-adapost-pat-56-cm-gonga\/#breadcrumb\",\"itemListElement\":[{\"@type\":\"ListItem\",\"position\":1,\"name\":\"Home\",\"item\":\"https:\/\/www.zoko.ro\/\"},{\"@type\":\"ListItem\",\"position\":2,\"name\":\"Magazin\",\"item\":\"https:\/\/www.zoko.ro\/magazin\/\"},{\"@type\":\"ListItem\",\"position\":3,\"name\":\"Casu\u021b\u0103 pentru pisic\u0103 &#8211; ad\u0103post, pat, 56 cm, Gonga\u00ae\"}]},{\"@type\":\"WebSite\",\"@id\":\"https:\/\/www.zoko.ro\/#website\",\"url\":\"https:\/\/www.zoko.ro\/\",\"name\":\"ZOKO.ro\",\"description\":\"Cump\u0103r\u0103 inteligent\",\"publisher\":{\"@id\":\"https:\/\/www.zoko.ro\/#organization\"},\"potentialAction\":[{\"@type\":\"SearchAction\",\"target\":{\"@type\":\"EntryPoint\",\"urlTemplate\":\"https:\/\/www.zoko.ro\/?s={search_term_string}\"},\"query-input\":{\"@type\":\"PropertyValueSpecification\",\"valueRequired\":true,\"valueName\":\"search_term_string\"}}],\"inLanguage\":\"en-GB\"},{\"@type\":\"Organization\",\"@id\":\"https:\/\/www.zoko.ro\/#organization\",\"name\":\"ZOKO\",\"url\":\"https:\/\/www.zoko.ro\/\",\"logo\":{\"@type\":\"ImageObject\",\"inLanguage\":\"en-GB\",\"@id\":\"https:\/\/www.zoko.ro\/#\/schema\/logo\/image\/\",\"url\":\"https:\/\/www.zoko.ro\/wp-content\/uploads\/2025\/03\/logo1.svg\",\"contentUrl\":\"https:\/\/www.zoko.ro\/wp-content\/uploads\/2025\/03\/logo1.svg\",\"width\":799,\"height\":216,\"caption\":\"ZOKO\"},\"image\":{\"@id\":\"https:\/\/www.zoko.ro\/#\/schema\/logo\/image\/\"},\"sameAs\":[\"https:\/\/www.facebook.com\/profile.php?id=61584344135075\"]}]}<\/script>\n<!-- \/ Yoast SEO plugin. -->","yoast_head_json":{"title":"Casu\u021b\u0103 pentru pisic\u0103 - ad\u0103post, pat, 56 cm, Gonga\u00ae | ZOKO","robots":{"index":"index","follow":"follow","max-snippet":"max-snippet:-1","max-image-preview":"max-image-preview:large","max-video-preview":"max-video-preview:-1"},"canonical":"https:\/\/www.zoko.ro\/en\/p\/casuta-pentru-pisica-adapost-pat-56-cm-gonga\/","og_locale":"en_GB","og_type":"article","og_title":"Casu\u021b\u0103 pentru pisic\u0103 - ad\u0103post, pat, 56 cm, Gonga\u00ae | ZOKO","og_description":"Culoare: Maro Ofer\u0103-i pisicii tale un loc confortabil \u0219i sigur unde s\u0103 se odihneasc\u0103 \u0219i s\u0103 se simt\u0103 protejat\u0103 cu","og_url":"https:\/\/www.zoko.ro\/en\/p\/casuta-pentru-pisica-adapost-pat-56-cm-gonga\/","og_site_name":"ZOKO","article_publisher":"https:\/\/www.facebook.com\/profile.php?id=61584344135075","og_image":[{"width":1000,"height":965,"url":"https:\/\/www.zoko.ro\/wp-content\/uploads\/2025\/12\/casua-pentru-pisica-adapost-pat-56-cm.jpg","type":"image\/jpeg"}],"twitter_card":"summary_large_image","twitter_misc":{"Estimated reading time":"1 minute"},"schema":{"@context":"https:\/\/schema.org","@graph":[{"@type":"WebPage","@id":"https:\/\/www.zoko.ro\/p\/casuta-pentru-pisica-adapost-pat-56-cm-gonga\/","url":"https:\/\/www.zoko.ro\/p\/casuta-pentru-pisica-adapost-pat-56-cm-gonga\/","name":"Casu\u021b\u0103 pentru pisic\u0103 - ad\u0103post, pat, 56 cm, Gonga\u00ae | ZOKO","isPartOf":{"@id":"https:\/\/www.zoko.ro\/#website"},"primaryImageOfPage":{"@id":"https:\/\/www.zoko.ro\/p\/casuta-pentru-pisica-adapost-pat-56-cm-gonga\/#primaryimage"},"image":{"@id":"https:\/\/www.zoko.ro\/p\/casuta-pentru-pisica-adapost-pat-56-cm-gonga\/#primaryimage"},"thumbnailUrl":"https:\/\/www.zoko.ro\/wp-content\/uploads\/2025\/12\/casua-pentru-pisica-adapost-pat-56-cm.jpg","datePublished":"2026-04-28T21:38:03+00:00","breadcrumb":{"@id":"https:\/\/www.zoko.ro\/p\/casuta-pentru-pisica-adapost-pat-56-cm-gonga\/#breadcrumb"},"inLanguage":"en-GB","potentialAction":[{"@type":"ReadAction","target":["https:\/\/www.zoko.ro\/p\/casuta-pentru-pisica-adapost-pat-56-cm-gonga\/"]}]},{"@type":"ImageObject","inLanguage":"en-GB","@id":"https:\/\/www.zoko.ro\/p\/casuta-pentru-pisica-adapost-pat-56-cm-gonga\/#primaryimage","url":"https:\/\/www.zoko.ro\/wp-content\/uploads\/2025\/12\/casua-pentru-pisica-adapost-pat-56-cm.jpg","contentUrl":"https:\/\/www.zoko.ro\/wp-content\/uploads\/2025\/12\/casua-pentru-pisica-adapost-pat-56-cm.jpg","width":1000,"height":965},{"@type":"BreadcrumbList","@id":"https:\/\/www.zoko.ro\/p\/casuta-pentru-pisica-adapost-pat-56-cm-gonga\/#breadcrumb","itemListElement":[{"@type":"ListItem","position":1,"name":"Home","item":"https:\/\/www.zoko.ro\/"},{"@type":"ListItem","position":2,"name":"Magazin","item":"https:\/\/www.zoko.ro\/magazin\/"},{"@type":"ListItem","position":3,"name":"Casu\u021b\u0103 pentru pisic\u0103 &#8211; ad\u0103post, pat, 56 cm, Gonga\u00ae"}]},{"@type":"WebSite","@id":"https:\/\/www.zoko.ro\/#website","url":"https:\/\/www.zoko.ro\/","name":"ZOKO.ro","description":"Cump\u0103r\u0103 inteligent","publisher":{"@id":"https:\/\/www.zoko.ro\/#organization"},"potentialAction":[{"@type":"SearchAction","target":{"@type":"EntryPoint","urlTemplate":"https:\/\/www.zoko.ro\/?s={search_term_string}"},"query-input":{"@type":"PropertyValueSpecification","valueRequired":true,"valueName":"search_term_string"}}],"inLanguage":"en-GB"},{"@type":"Organization","@id":"https:\/\/www.zoko.ro\/#organization","name":"ZOKO","url":"https:\/\/www.zoko.ro\/","logo":{"@type":"ImageObject","inLanguage":"en-GB","@id":"https:\/\/www.zoko.ro\/#\/schema\/logo\/image\/","url":"https:\/\/www.zoko.ro\/wp-content\/uploads\/2025\/03\/logo1.svg","contentUrl":"https:\/\/www.zoko.ro\/wp-content\/uploads\/2025\/03\/logo1.svg","width":799,"height":216,"caption":"ZOKO"},"image":{"@id":"https:\/\/www.zoko.ro\/#\/schema\/logo\/image\/"},"sameAs":["https:\/\/www.facebook.com\/profile.php?id=61584344135075"]}]}},"_links":{"self":[{"href":"https:\/\/www.zoko.ro\/en\/wp-json\/wp\/v2\/product\/33490","targetHints":{"allow":["GET"]}}],"collection":[{"href":"https:\/\/www.zoko.ro\/en\/wp-json\/wp\/v2\/product"}],"about":[{"href":"https:\/\/www.zoko.ro\/en\/wp-json\/wp\/v2\/types\/product"}],"replies":[{"embeddable":true,"href":"https:\/\/www.zoko.ro\/en\/wp-json\/wp\/v2\/comments?post=33490"}],"version-history":[{"count":1,"href":"https:\/\/www.zoko.ro\/en\/wp-json\/wp\/v2\/product\/33490\/revisions"}],"predecessor-version":[{"id":38467,"href":"https:\/\/www.zoko.ro\/en\/wp-json\/wp\/v2\/product\/33490\/revisions\/38467"}],"wp:featuredmedia":[{"embeddable":true,"href":"https:\/\/www.zoko.ro\/en\/wp-json\/wp\/v2\/media\/33491"}],"wp:attachment":[{"href":"https:\/\/www.zoko.ro\/en\/wp-json\/wp\/v2\/media?parent=33490"}],"wp:term":[{"taxonomy":"product_brand","embeddable":true,"href":"https:\/\/www.zoko.ro\/en\/wp-json\/wp\/v2\/product_brand?post=33490"},{"taxonomy":"product_cat","embeddable":true,"href":"https:\/\/www.zoko.ro\/en\/wp-json\/wp\/v2\/product_cat?post=33490"},{"taxonomy":"product_tag","embeddable":true,"href":"https:\/\/www.zoko.ro\/en\/wp-json\/wp\/v2\/product_tag?post=33490"}],"curies":[{"name":"wp","href":"https:\/\/api.w.org\/{rel}","templated":true}]}}