{"id":33494,"date":"2026-04-28T23:38:09","date_gmt":"2026-04-28T21:38:09","guid":{"rendered":"https:\/\/www.zoko.ro\/p\/set-100-zaruri-plastic-12-x-12-mm-gonga\/"},"modified":"2026-04-28T23:38:09","modified_gmt":"2026-04-28T21:38:09","slug":"set-100-zaruri-plastic-12-x-12-mm-gonga","status":"publish","type":"product","link":"https:\/\/www.zoko.ro\/en\/p\/set-100-zaruri-plastic-12-x-12-mm-gonga\/","title":{"rendered":"Set 100 zaruri, plastic, 12 x 12 mm, Gonga\u00ae"},"content":{"rendered":"<p><strong>Culoare:<\/strong> Multicolor<\/p>\n<p><strong>Set 100 zaruri din plastic \u2013 12 x 12 mm<\/strong>, colorate \u0219i rezistente<\/p>\n<p>Completeaz\u0103-\u021bi colec\u021bia de jocuri cu acest set practic de 100 de zaruri, realizate din plastic durabil \u0219i cu dimensiunea standard de 12 x 12 mm. Ideale pentru jocuri de societate, activit\u0103\u021bi educative, proiecte DIY sau evenimente tematice.<\/p>\n<p><img loading=\"lazy\" decoding=\"async\" src=\"https:\/\/gonga.ro\/img\/cms\/Set%20100%20zaruri,%20plastic,%2012%20x%2012%20mm,%20Gonga%C2%AE3.jpg\" alt=\"\" width=\"1600\" height=\"1200\" \/><\/p>\n<p>Zarurile sunt u\u0219oare, bine echilibrate \u0219i ofer\u0103 o rulare corect\u0103, fiind perfecte at\u00e2t pentru uz personal, c\u00e2t \u0219i pentru \u0219coli, cluburi de jocuri sau organizatori de evenimente. Potrivi\u021bi pentru orice v\u00e2rst\u0103, vin \u00een culori variate pentru un plus de distrac\u021bie \u0219i vizibilitate.<\/p>\n<p>Un set generos, versatil \u0219i gata de joac\u0103!<\/p>\n<p><img loading=\"lazy\" decoding=\"async\" src=\"https:\/\/gonga.ro\/img\/cms\/Set%20100%20zaruri,%20plastic,%2012%20x%2012%20mm,%20Gonga%C2%AE.jpg\" alt=\"\" width=\"1480\" height=\"1480\" \/><\/p>\n<\/p>\n<p><strong>Specificatii:<\/strong><\/p>\n<\/p>\n<p>&#8211; Dimensiune: 12 mm<\/p>\n<p>&#8211; Culoare dominant\u0103: alb<\/p>","protected":false},"excerpt":{"rendered":"<p>Culoare: Multicolor Set 100 zaruri din plastic \u2013 12 x 12 mm, colorate \u0219i rezistente Completeaz\u0103-\u021bi colec\u021bia de jocuri cu<\/p>","protected":false},"featured_media":33495,"comment_status":"open","ping_status":"open","template":"","meta":[],"product_brand":[],"product_cat":[99,344,333,345],"product_tag":[104],"class_list":{"0":"post-33494","1":"product","2":"type-product","3":"status-publish","4":"has-post-thumbnail","6":"product_cat-acasa","7":"product_cat-jocuri","8":"product_cat-jucarii","9":"product_cat-seturi-poker-si-jocuri-casino","10":"product_tag-in-stoc","11":"pa_culoare-multicolor","13":"first","14":"instock","15":"sale","16":"purchasable","17":"product-type-simple"},"yoast_head":"<!-- This site is optimized with the Yoast SEO plugin v27.2 - https:\/\/yoast.com\/product\/yoast-seo-wordpress\/ -->\n<title>Set 100 zaruri, plastic, 12 x 12 mm, Gonga\u00ae | ZOKO<\/title>\n<meta name=\"robots\" content=\"index, follow, max-snippet:-1, max-image-preview:large, max-video-preview:-1\" \/>\n<link rel=\"canonical\" href=\"https:\/\/www.zoko.ro\/en\/p\/set-100-zaruri-plastic-12-x-12-mm-gonga\/\" \/>\n<meta property=\"og:locale\" content=\"en_GB\" \/>\n<meta property=\"og:type\" content=\"article\" \/>\n<meta property=\"og:title\" content=\"Set 100 zaruri, plastic, 12 x 12 mm, Gonga\u00ae | ZOKO\" \/>\n<meta property=\"og:description\" content=\"Culoare: Multicolor Set 100 zaruri din plastic \u2013 12 x 12 mm, colorate \u0219i rezistente Completeaz\u0103-\u021bi colec\u021bia de jocuri cu\" \/>\n<meta property=\"og:url\" content=\"https:\/\/www.zoko.ro\/en\/p\/set-100-zaruri-plastic-12-x-12-mm-gonga\/\" \/>\n<meta property=\"og:site_name\" content=\"ZOKO\" \/>\n<meta property=\"article:publisher\" content=\"https:\/\/www.facebook.com\/profile.php?id=61584344135075\" \/>\n<meta property=\"og:image\" content=\"https:\/\/www.zoko.ro\/wp-content\/uploads\/2025\/12\/set-100-zaruri-plastic-12-x-12-mm-gonga.jpg\" \/>\n\t<meta property=\"og:image:width\" content=\"1600\" \/>\n\t<meta property=\"og:image:height\" content=\"1200\" \/>\n\t<meta property=\"og:image:type\" content=\"image\/jpeg\" \/>\n<meta name=\"twitter:card\" content=\"summary_large_image\" \/>\n<meta name=\"twitter:label1\" content=\"Estimated reading time\" \/>\n\t<meta name=\"twitter:data1\" content=\"1 minute\" \/>\n<script type=\"application\/ld+json\" class=\"yoast-schema-graph\">{\"@context\":\"https:\/\/schema.org\",\"@graph\":[{\"@type\":\"WebPage\",\"@id\":\"https:\/\/www.zoko.ro\/p\/set-100-zaruri-plastic-12-x-12-mm-gonga\/\",\"url\":\"https:\/\/www.zoko.ro\/p\/set-100-zaruri-plastic-12-x-12-mm-gonga\/\",\"name\":\"Set 100 zaruri, plastic, 12 x 12 mm, Gonga\u00ae | ZOKO\",\"isPartOf\":{\"@id\":\"https:\/\/www.zoko.ro\/#website\"},\"primaryImageOfPage\":{\"@id\":\"https:\/\/www.zoko.ro\/p\/set-100-zaruri-plastic-12-x-12-mm-gonga\/#primaryimage\"},\"image\":{\"@id\":\"https:\/\/www.zoko.ro\/p\/set-100-zaruri-plastic-12-x-12-mm-gonga\/#primaryimage\"},\"thumbnailUrl\":\"https:\/\/www.zoko.ro\/wp-content\/uploads\/2025\/12\/set-100-zaruri-plastic-12-x-12-mm-gonga.jpg\",\"datePublished\":\"2026-04-28T21:38:09+00:00\",\"breadcrumb\":{\"@id\":\"https:\/\/www.zoko.ro\/p\/set-100-zaruri-plastic-12-x-12-mm-gonga\/#breadcrumb\"},\"inLanguage\":\"en-GB\",\"potentialAction\":[{\"@type\":\"ReadAction\",\"target\":[\"https:\/\/www.zoko.ro\/p\/set-100-zaruri-plastic-12-x-12-mm-gonga\/\"]}]},{\"@type\":\"ImageObject\",\"inLanguage\":\"en-GB\",\"@id\":\"https:\/\/www.zoko.ro\/p\/set-100-zaruri-plastic-12-x-12-mm-gonga\/#primaryimage\",\"url\":\"https:\/\/www.zoko.ro\/wp-content\/uploads\/2025\/12\/set-100-zaruri-plastic-12-x-12-mm-gonga.jpg\",\"contentUrl\":\"https:\/\/www.zoko.ro\/wp-content\/uploads\/2025\/12\/set-100-zaruri-plastic-12-x-12-mm-gonga.jpg\",\"width\":1600,\"height\":1200},{\"@type\":\"BreadcrumbList\",\"@id\":\"https:\/\/www.zoko.ro\/p\/set-100-zaruri-plastic-12-x-12-mm-gonga\/#breadcrumb\",\"itemListElement\":[{\"@type\":\"ListItem\",\"position\":1,\"name\":\"Home\",\"item\":\"https:\/\/www.zoko.ro\/\"},{\"@type\":\"ListItem\",\"position\":2,\"name\":\"Magazin\",\"item\":\"https:\/\/www.zoko.ro\/magazin\/\"},{\"@type\":\"ListItem\",\"position\":3,\"name\":\"Set 100 zaruri, plastic, 12 x 12 mm, Gonga\u00ae\"}]},{\"@type\":\"WebSite\",\"@id\":\"https:\/\/www.zoko.ro\/#website\",\"url\":\"https:\/\/www.zoko.ro\/\",\"name\":\"ZOKO.ro\",\"description\":\"Cump\u0103r\u0103 inteligent\",\"publisher\":{\"@id\":\"https:\/\/www.zoko.ro\/#organization\"},\"potentialAction\":[{\"@type\":\"SearchAction\",\"target\":{\"@type\":\"EntryPoint\",\"urlTemplate\":\"https:\/\/www.zoko.ro\/?s={search_term_string}\"},\"query-input\":{\"@type\":\"PropertyValueSpecification\",\"valueRequired\":true,\"valueName\":\"search_term_string\"}}],\"inLanguage\":\"en-GB\"},{\"@type\":\"Organization\",\"@id\":\"https:\/\/www.zoko.ro\/#organization\",\"name\":\"ZOKO\",\"url\":\"https:\/\/www.zoko.ro\/\",\"logo\":{\"@type\":\"ImageObject\",\"inLanguage\":\"en-GB\",\"@id\":\"https:\/\/www.zoko.ro\/#\/schema\/logo\/image\/\",\"url\":\"https:\/\/www.zoko.ro\/wp-content\/uploads\/2025\/03\/logo1.svg\",\"contentUrl\":\"https:\/\/www.zoko.ro\/wp-content\/uploads\/2025\/03\/logo1.svg\",\"width\":799,\"height\":216,\"caption\":\"ZOKO\"},\"image\":{\"@id\":\"https:\/\/www.zoko.ro\/#\/schema\/logo\/image\/\"},\"sameAs\":[\"https:\/\/www.facebook.com\/profile.php?id=61584344135075\"]}]}<\/script>\n<!-- \/ Yoast SEO plugin. -->","yoast_head_json":{"title":"Set 100 zaruri, plastic, 12 x 12 mm, Gonga\u00ae | ZOKO","robots":{"index":"index","follow":"follow","max-snippet":"max-snippet:-1","max-image-preview":"max-image-preview:large","max-video-preview":"max-video-preview:-1"},"canonical":"https:\/\/www.zoko.ro\/en\/p\/set-100-zaruri-plastic-12-x-12-mm-gonga\/","og_locale":"en_GB","og_type":"article","og_title":"Set 100 zaruri, plastic, 12 x 12 mm, Gonga\u00ae | ZOKO","og_description":"Culoare: Multicolor Set 100 zaruri din plastic \u2013 12 x 12 mm, colorate \u0219i rezistente Completeaz\u0103-\u021bi colec\u021bia de jocuri cu","og_url":"https:\/\/www.zoko.ro\/en\/p\/set-100-zaruri-plastic-12-x-12-mm-gonga\/","og_site_name":"ZOKO","article_publisher":"https:\/\/www.facebook.com\/profile.php?id=61584344135075","og_image":[{"width":1600,"height":1200,"url":"https:\/\/www.zoko.ro\/wp-content\/uploads\/2025\/12\/set-100-zaruri-plastic-12-x-12-mm-gonga.jpg","type":"image\/jpeg"}],"twitter_card":"summary_large_image","twitter_misc":{"Estimated reading time":"1 minute"},"schema":{"@context":"https:\/\/schema.org","@graph":[{"@type":"WebPage","@id":"https:\/\/www.zoko.ro\/p\/set-100-zaruri-plastic-12-x-12-mm-gonga\/","url":"https:\/\/www.zoko.ro\/p\/set-100-zaruri-plastic-12-x-12-mm-gonga\/","name":"Set 100 zaruri, plastic, 12 x 12 mm, Gonga\u00ae | ZOKO","isPartOf":{"@id":"https:\/\/www.zoko.ro\/#website"},"primaryImageOfPage":{"@id":"https:\/\/www.zoko.ro\/p\/set-100-zaruri-plastic-12-x-12-mm-gonga\/#primaryimage"},"image":{"@id":"https:\/\/www.zoko.ro\/p\/set-100-zaruri-plastic-12-x-12-mm-gonga\/#primaryimage"},"thumbnailUrl":"https:\/\/www.zoko.ro\/wp-content\/uploads\/2025\/12\/set-100-zaruri-plastic-12-x-12-mm-gonga.jpg","datePublished":"2026-04-28T21:38:09+00:00","breadcrumb":{"@id":"https:\/\/www.zoko.ro\/p\/set-100-zaruri-plastic-12-x-12-mm-gonga\/#breadcrumb"},"inLanguage":"en-GB","potentialAction":[{"@type":"ReadAction","target":["https:\/\/www.zoko.ro\/p\/set-100-zaruri-plastic-12-x-12-mm-gonga\/"]}]},{"@type":"ImageObject","inLanguage":"en-GB","@id":"https:\/\/www.zoko.ro\/p\/set-100-zaruri-plastic-12-x-12-mm-gonga\/#primaryimage","url":"https:\/\/www.zoko.ro\/wp-content\/uploads\/2025\/12\/set-100-zaruri-plastic-12-x-12-mm-gonga.jpg","contentUrl":"https:\/\/www.zoko.ro\/wp-content\/uploads\/2025\/12\/set-100-zaruri-plastic-12-x-12-mm-gonga.jpg","width":1600,"height":1200},{"@type":"BreadcrumbList","@id":"https:\/\/www.zoko.ro\/p\/set-100-zaruri-plastic-12-x-12-mm-gonga\/#breadcrumb","itemListElement":[{"@type":"ListItem","position":1,"name":"Home","item":"https:\/\/www.zoko.ro\/"},{"@type":"ListItem","position":2,"name":"Magazin","item":"https:\/\/www.zoko.ro\/magazin\/"},{"@type":"ListItem","position":3,"name":"Set 100 zaruri, plastic, 12 x 12 mm, Gonga\u00ae"}]},{"@type":"WebSite","@id":"https:\/\/www.zoko.ro\/#website","url":"https:\/\/www.zoko.ro\/","name":"ZOKO.ro","description":"Cump\u0103r\u0103 inteligent","publisher":{"@id":"https:\/\/www.zoko.ro\/#organization"},"potentialAction":[{"@type":"SearchAction","target":{"@type":"EntryPoint","urlTemplate":"https:\/\/www.zoko.ro\/?s={search_term_string}"},"query-input":{"@type":"PropertyValueSpecification","valueRequired":true,"valueName":"search_term_string"}}],"inLanguage":"en-GB"},{"@type":"Organization","@id":"https:\/\/www.zoko.ro\/#organization","name":"ZOKO","url":"https:\/\/www.zoko.ro\/","logo":{"@type":"ImageObject","inLanguage":"en-GB","@id":"https:\/\/www.zoko.ro\/#\/schema\/logo\/image\/","url":"https:\/\/www.zoko.ro\/wp-content\/uploads\/2025\/03\/logo1.svg","contentUrl":"https:\/\/www.zoko.ro\/wp-content\/uploads\/2025\/03\/logo1.svg","width":799,"height":216,"caption":"ZOKO"},"image":{"@id":"https:\/\/www.zoko.ro\/#\/schema\/logo\/image\/"},"sameAs":["https:\/\/www.facebook.com\/profile.php?id=61584344135075"]}]}},"_links":{"self":[{"href":"https:\/\/www.zoko.ro\/en\/wp-json\/wp\/v2\/product\/33494","targetHints":{"allow":["GET"]}}],"collection":[{"href":"https:\/\/www.zoko.ro\/en\/wp-json\/wp\/v2\/product"}],"about":[{"href":"https:\/\/www.zoko.ro\/en\/wp-json\/wp\/v2\/types\/product"}],"replies":[{"embeddable":true,"href":"https:\/\/www.zoko.ro\/en\/wp-json\/wp\/v2\/comments?post=33494"}],"version-history":[{"count":1,"href":"https:\/\/www.zoko.ro\/en\/wp-json\/wp\/v2\/product\/33494\/revisions"}],"predecessor-version":[{"id":38468,"href":"https:\/\/www.zoko.ro\/en\/wp-json\/wp\/v2\/product\/33494\/revisions\/38468"}],"wp:featuredmedia":[{"embeddable":true,"href":"https:\/\/www.zoko.ro\/en\/wp-json\/wp\/v2\/media\/33495"}],"wp:attachment":[{"href":"https:\/\/www.zoko.ro\/en\/wp-json\/wp\/v2\/media?parent=33494"}],"wp:term":[{"taxonomy":"product_brand","embeddable":true,"href":"https:\/\/www.zoko.ro\/en\/wp-json\/wp\/v2\/product_brand?post=33494"},{"taxonomy":"product_cat","embeddable":true,"href":"https:\/\/www.zoko.ro\/en\/wp-json\/wp\/v2\/product_cat?post=33494"},{"taxonomy":"product_tag","embeddable":true,"href":"https:\/\/www.zoko.ro\/en\/wp-json\/wp\/v2\/product_tag?post=33494"}],"curies":[{"name":"wp","href":"https:\/\/api.w.org\/{rel}","templated":true}]}}