{"id":33499,"date":"2026-04-28T23:38:09","date_gmt":"2026-04-28T21:38:09","guid":{"rendered":"https:\/\/www.zoko.ro\/p\/recompensa-pentru-caini-model-os-natural-de-sunca-de-porc-uscata-240-g-petmex\/"},"modified":"2026-04-28T23:38:10","modified_gmt":"2026-04-28T21:38:10","slug":"recompensa-pentru-caini-model-os-natural-de-sunca-de-porc-uscata-240-g-petmex","status":"publish","type":"product","link":"https:\/\/www.zoko.ro\/en\/p\/recompensa-pentru-caini-model-os-natural-de-sunca-de-porc-uscata-240-g-petmex\/","title":{"rendered":"Recompensa pentru caini model Os natural de \u0219unc\u0103 de porc uscat\u0103, 240 g, Petmex"},"content":{"rendered":"<p><strong>Culoare:<\/strong> Maro<\/p>\n<p><strong>Recompens\u0103 pentru c\u00e2ini \u2013 model Os natural din \u0219unc\u0103 de porc uscat\u0103, 240 g<\/strong><\/p>\n<p>R\u0103sfa\u021b\u0103-\u021bi patrupedul cu aceast\u0103 recompens\u0103 delicioas\u0103 pentru c\u00e2ini, sub forma unui os natural din \u0219unc\u0103 de porc uscat\u0103. Cu o textur\u0103 u\u0219or de mestecat \u0219i un gust irezistibil, aceast\u0103 recompens\u0103 este perfect\u0103 pentru a-i r\u0103spl\u0103ti comportamentele bune sau pur \u0219i simplu pentru a-l face fericit.<\/p>\n<p><img loading=\"lazy\" decoding=\"async\" src=\"https:\/\/gonga.ro\/img\/cms\/Recompensa%20pentru%20caini%20model%20Os%20natural%20de%20%C8%99unc%C4%83%20de%20porc%20uscat%C4%83,%20240%20g,%20Petmex2.jpg\" alt=\"\" width=\"638\" height=\"453\" \/><\/p>\n<p>Fabricat\u0103 din ingrediente naturale \u0219i de calitate superioar\u0103, aceast\u0103 recompens\u0103 ofer\u0103 c\u00e2inelui t\u0103u un snack s\u0103n\u0103tos \u0219i hr\u0103nitor, contribuind totodat\u0103 la igiena dentar\u0103 datorit\u0103 procesului de mestecare.<\/p>\n<p>Pachetul de 240 g este ideal pentru c\u00e2ini de orice m\u0103rime \u0219i v\u00e2rst\u0103, oferindu-le o gustare savuroas\u0103 \u0219i benefic\u0103.<\/p>\n<p><img loading=\"lazy\" decoding=\"async\" src=\"https:\/\/gonga.ro\/img\/cms\/Recompensa%20pentru%20caini%20model%20Os%20natural%20de%20%C8%99unc%C4%83%20de%20porc%20uscat%C4%83,%20240%20g,%20Petmex.jpg\" alt=\"\" width=\"640\" height=\"640\" \/><\/p>\n<\/p>\n<p><b>Compozi\u0163ie:<\/b><\/p>\n<p>&#8211; os de sunca de porc uscata 100%<\/p>\n<p><b><\/b><\/p>\n<p><b>Componente analitice:<\/b><\/p>\n<p>&#8211; proteina bruta 30,6%<\/p>\n<p>&#8211; gr\u0103sime brut\u0103 22%<\/p>\n<p>&#8211; cenusa bruta 4,51%<\/p>\n<p>&#8211; umiditate 4,3%<\/p>","protected":false},"excerpt":{"rendered":"<p>Culoare: Maro Recompens\u0103 pentru c\u00e2ini \u2013 model Os natural din \u0219unc\u0103 de porc uscat\u0103, 240 g R\u0103sfa\u021b\u0103-\u021bi patrupedul cu aceast\u0103<\/p>","protected":false},"featured_media":33500,"comment_status":"open","ping_status":"open","template":"","meta":[],"product_brand":[],"product_cat":[99,573,346],"product_tag":[104],"class_list":{"0":"post-33499","1":"product","2":"type-product","3":"status-publish","4":"has-post-thumbnail","6":"product_cat-acasa","7":"product_cat-biscuiti-si-recompense","8":"product_cat-petshop","9":"product_tag-in-stoc","10":"pa_culoare-maro","12":"first","13":"instock","14":"sale","15":"purchasable","16":"product-type-simple"},"yoast_head":"<!-- This site is optimized with the Yoast SEO plugin v27.2 - https:\/\/yoast.com\/product\/yoast-seo-wordpress\/ -->\n<title>Recompensa pentru caini model Os natural de \u0219unc\u0103 de porc uscat\u0103, 240 g, Petmex | ZOKO<\/title>\n<meta name=\"robots\" content=\"index, follow, max-snippet:-1, max-image-preview:large, max-video-preview:-1\" \/>\n<link rel=\"canonical\" href=\"https:\/\/www.zoko.ro\/en\/p\/recompensa-pentru-caini-model-os-natural-de-sunca-de-porc-uscata-240-g-petmex\/\" \/>\n<meta property=\"og:locale\" content=\"en_GB\" \/>\n<meta property=\"og:type\" content=\"article\" \/>\n<meta property=\"og:title\" content=\"Recompensa pentru caini model Os natural de \u0219unc\u0103 de porc uscat\u0103, 240 g, Petmex | ZOKO\" \/>\n<meta property=\"og:description\" content=\"Culoare: Maro Recompens\u0103 pentru c\u00e2ini \u2013 model Os natural din \u0219unc\u0103 de porc uscat\u0103, 240 g R\u0103sfa\u021b\u0103-\u021bi patrupedul cu aceast\u0103\" \/>\n<meta property=\"og:url\" content=\"https:\/\/www.zoko.ro\/en\/p\/recompensa-pentru-caini-model-os-natural-de-sunca-de-porc-uscata-240-g-petmex\/\" \/>\n<meta property=\"og:site_name\" content=\"ZOKO\" \/>\n<meta property=\"article:publisher\" content=\"https:\/\/www.facebook.com\/profile.php?id=61584344135075\" \/>\n<meta property=\"article:modified_time\" content=\"2026-04-28T21:38:10+00:00\" \/>\n<meta property=\"og:image\" content=\"https:\/\/www.zoko.ro\/wp-content\/uploads\/2025\/12\/recompensa-pentru-caini-model-os-natural-de-unca-de-porc-uscata-240-g-petmex.jpg\" \/>\n\t<meta property=\"og:image:width\" content=\"218\" \/>\n\t<meta property=\"og:image:height\" content=\"560\" \/>\n\t<meta property=\"og:image:type\" content=\"image\/jpeg\" \/>\n<meta name=\"twitter:card\" content=\"summary_large_image\" \/>\n<meta name=\"twitter:label1\" content=\"Estimated reading time\" \/>\n\t<meta name=\"twitter:data1\" content=\"1 minute\" \/>\n<script type=\"application\/ld+json\" class=\"yoast-schema-graph\">{\"@context\":\"https:\/\/schema.org\",\"@graph\":[{\"@type\":\"WebPage\",\"@id\":\"https:\/\/www.zoko.ro\/p\/recompensa-pentru-caini-model-os-natural-de-sunca-de-porc-uscata-240-g-petmex\/\",\"url\":\"https:\/\/www.zoko.ro\/p\/recompensa-pentru-caini-model-os-natural-de-sunca-de-porc-uscata-240-g-petmex\/\",\"name\":\"Recompensa pentru caini model Os natural de \u0219unc\u0103 de porc uscat\u0103, 240 g, Petmex | ZOKO\",\"isPartOf\":{\"@id\":\"https:\/\/www.zoko.ro\/#website\"},\"primaryImageOfPage\":{\"@id\":\"https:\/\/www.zoko.ro\/p\/recompensa-pentru-caini-model-os-natural-de-sunca-de-porc-uscata-240-g-petmex\/#primaryimage\"},\"image\":{\"@id\":\"https:\/\/www.zoko.ro\/p\/recompensa-pentru-caini-model-os-natural-de-sunca-de-porc-uscata-240-g-petmex\/#primaryimage\"},\"thumbnailUrl\":\"https:\/\/www.zoko.ro\/wp-content\/uploads\/2025\/12\/recompensa-pentru-caini-model-os-natural-de-unca-de-porc-uscata-240-g-petmex.jpg\",\"datePublished\":\"2026-04-28T21:38:09+00:00\",\"dateModified\":\"2026-04-28T21:38:10+00:00\",\"breadcrumb\":{\"@id\":\"https:\/\/www.zoko.ro\/p\/recompensa-pentru-caini-model-os-natural-de-sunca-de-porc-uscata-240-g-petmex\/#breadcrumb\"},\"inLanguage\":\"en-GB\",\"potentialAction\":[{\"@type\":\"ReadAction\",\"target\":[\"https:\/\/www.zoko.ro\/p\/recompensa-pentru-caini-model-os-natural-de-sunca-de-porc-uscata-240-g-petmex\/\"]}]},{\"@type\":\"ImageObject\",\"inLanguage\":\"en-GB\",\"@id\":\"https:\/\/www.zoko.ro\/p\/recompensa-pentru-caini-model-os-natural-de-sunca-de-porc-uscata-240-g-petmex\/#primaryimage\",\"url\":\"https:\/\/www.zoko.ro\/wp-content\/uploads\/2025\/12\/recompensa-pentru-caini-model-os-natural-de-unca-de-porc-uscata-240-g-petmex.jpg\",\"contentUrl\":\"https:\/\/www.zoko.ro\/wp-content\/uploads\/2025\/12\/recompensa-pentru-caini-model-os-natural-de-unca-de-porc-uscata-240-g-petmex.jpg\",\"width\":218,\"height\":560},{\"@type\":\"BreadcrumbList\",\"@id\":\"https:\/\/www.zoko.ro\/p\/recompensa-pentru-caini-model-os-natural-de-sunca-de-porc-uscata-240-g-petmex\/#breadcrumb\",\"itemListElement\":[{\"@type\":\"ListItem\",\"position\":1,\"name\":\"Home\",\"item\":\"https:\/\/www.zoko.ro\/\"},{\"@type\":\"ListItem\",\"position\":2,\"name\":\"Magazin\",\"item\":\"https:\/\/www.zoko.ro\/magazin\/\"},{\"@type\":\"ListItem\",\"position\":3,\"name\":\"Recompensa pentru caini model Os natural de \u0219unc\u0103 de porc uscat\u0103, 240 g, Petmex\"}]},{\"@type\":\"WebSite\",\"@id\":\"https:\/\/www.zoko.ro\/#website\",\"url\":\"https:\/\/www.zoko.ro\/\",\"name\":\"ZOKO.ro\",\"description\":\"Cump\u0103r\u0103 inteligent\",\"publisher\":{\"@id\":\"https:\/\/www.zoko.ro\/#organization\"},\"potentialAction\":[{\"@type\":\"SearchAction\",\"target\":{\"@type\":\"EntryPoint\",\"urlTemplate\":\"https:\/\/www.zoko.ro\/?s={search_term_string}\"},\"query-input\":{\"@type\":\"PropertyValueSpecification\",\"valueRequired\":true,\"valueName\":\"search_term_string\"}}],\"inLanguage\":\"en-GB\"},{\"@type\":\"Organization\",\"@id\":\"https:\/\/www.zoko.ro\/#organization\",\"name\":\"ZOKO\",\"url\":\"https:\/\/www.zoko.ro\/\",\"logo\":{\"@type\":\"ImageObject\",\"inLanguage\":\"en-GB\",\"@id\":\"https:\/\/www.zoko.ro\/#\/schema\/logo\/image\/\",\"url\":\"https:\/\/www.zoko.ro\/wp-content\/uploads\/2025\/03\/logo1.svg\",\"contentUrl\":\"https:\/\/www.zoko.ro\/wp-content\/uploads\/2025\/03\/logo1.svg\",\"width\":799,\"height\":216,\"caption\":\"ZOKO\"},\"image\":{\"@id\":\"https:\/\/www.zoko.ro\/#\/schema\/logo\/image\/\"},\"sameAs\":[\"https:\/\/www.facebook.com\/profile.php?id=61584344135075\"]}]}<\/script>\n<!-- \/ Yoast SEO plugin. -->","yoast_head_json":{"title":"Recompensa pentru caini model Os natural de \u0219unc\u0103 de porc uscat\u0103, 240 g, Petmex | ZOKO","robots":{"index":"index","follow":"follow","max-snippet":"max-snippet:-1","max-image-preview":"max-image-preview:large","max-video-preview":"max-video-preview:-1"},"canonical":"https:\/\/www.zoko.ro\/en\/p\/recompensa-pentru-caini-model-os-natural-de-sunca-de-porc-uscata-240-g-petmex\/","og_locale":"en_GB","og_type":"article","og_title":"Recompensa pentru caini model Os natural de \u0219unc\u0103 de porc uscat\u0103, 240 g, Petmex | ZOKO","og_description":"Culoare: Maro Recompens\u0103 pentru c\u00e2ini \u2013 model Os natural din \u0219unc\u0103 de porc uscat\u0103, 240 g R\u0103sfa\u021b\u0103-\u021bi patrupedul cu aceast\u0103","og_url":"https:\/\/www.zoko.ro\/en\/p\/recompensa-pentru-caini-model-os-natural-de-sunca-de-porc-uscata-240-g-petmex\/","og_site_name":"ZOKO","article_publisher":"https:\/\/www.facebook.com\/profile.php?id=61584344135075","article_modified_time":"2026-04-28T21:38:10+00:00","og_image":[{"width":218,"height":560,"url":"https:\/\/www.zoko.ro\/wp-content\/uploads\/2025\/12\/recompensa-pentru-caini-model-os-natural-de-unca-de-porc-uscata-240-g-petmex.jpg","type":"image\/jpeg"}],"twitter_card":"summary_large_image","twitter_misc":{"Estimated reading time":"1 minute"},"schema":{"@context":"https:\/\/schema.org","@graph":[{"@type":"WebPage","@id":"https:\/\/www.zoko.ro\/p\/recompensa-pentru-caini-model-os-natural-de-sunca-de-porc-uscata-240-g-petmex\/","url":"https:\/\/www.zoko.ro\/p\/recompensa-pentru-caini-model-os-natural-de-sunca-de-porc-uscata-240-g-petmex\/","name":"Recompensa pentru caini model Os natural de \u0219unc\u0103 de porc uscat\u0103, 240 g, Petmex | ZOKO","isPartOf":{"@id":"https:\/\/www.zoko.ro\/#website"},"primaryImageOfPage":{"@id":"https:\/\/www.zoko.ro\/p\/recompensa-pentru-caini-model-os-natural-de-sunca-de-porc-uscata-240-g-petmex\/#primaryimage"},"image":{"@id":"https:\/\/www.zoko.ro\/p\/recompensa-pentru-caini-model-os-natural-de-sunca-de-porc-uscata-240-g-petmex\/#primaryimage"},"thumbnailUrl":"https:\/\/www.zoko.ro\/wp-content\/uploads\/2025\/12\/recompensa-pentru-caini-model-os-natural-de-unca-de-porc-uscata-240-g-petmex.jpg","datePublished":"2026-04-28T21:38:09+00:00","dateModified":"2026-04-28T21:38:10+00:00","breadcrumb":{"@id":"https:\/\/www.zoko.ro\/p\/recompensa-pentru-caini-model-os-natural-de-sunca-de-porc-uscata-240-g-petmex\/#breadcrumb"},"inLanguage":"en-GB","potentialAction":[{"@type":"ReadAction","target":["https:\/\/www.zoko.ro\/p\/recompensa-pentru-caini-model-os-natural-de-sunca-de-porc-uscata-240-g-petmex\/"]}]},{"@type":"ImageObject","inLanguage":"en-GB","@id":"https:\/\/www.zoko.ro\/p\/recompensa-pentru-caini-model-os-natural-de-sunca-de-porc-uscata-240-g-petmex\/#primaryimage","url":"https:\/\/www.zoko.ro\/wp-content\/uploads\/2025\/12\/recompensa-pentru-caini-model-os-natural-de-unca-de-porc-uscata-240-g-petmex.jpg","contentUrl":"https:\/\/www.zoko.ro\/wp-content\/uploads\/2025\/12\/recompensa-pentru-caini-model-os-natural-de-unca-de-porc-uscata-240-g-petmex.jpg","width":218,"height":560},{"@type":"BreadcrumbList","@id":"https:\/\/www.zoko.ro\/p\/recompensa-pentru-caini-model-os-natural-de-sunca-de-porc-uscata-240-g-petmex\/#breadcrumb","itemListElement":[{"@type":"ListItem","position":1,"name":"Home","item":"https:\/\/www.zoko.ro\/"},{"@type":"ListItem","position":2,"name":"Magazin","item":"https:\/\/www.zoko.ro\/magazin\/"},{"@type":"ListItem","position":3,"name":"Recompensa pentru caini model Os natural de \u0219unc\u0103 de porc uscat\u0103, 240 g, Petmex"}]},{"@type":"WebSite","@id":"https:\/\/www.zoko.ro\/#website","url":"https:\/\/www.zoko.ro\/","name":"ZOKO.ro","description":"Cump\u0103r\u0103 inteligent","publisher":{"@id":"https:\/\/www.zoko.ro\/#organization"},"potentialAction":[{"@type":"SearchAction","target":{"@type":"EntryPoint","urlTemplate":"https:\/\/www.zoko.ro\/?s={search_term_string}"},"query-input":{"@type":"PropertyValueSpecification","valueRequired":true,"valueName":"search_term_string"}}],"inLanguage":"en-GB"},{"@type":"Organization","@id":"https:\/\/www.zoko.ro\/#organization","name":"ZOKO","url":"https:\/\/www.zoko.ro\/","logo":{"@type":"ImageObject","inLanguage":"en-GB","@id":"https:\/\/www.zoko.ro\/#\/schema\/logo\/image\/","url":"https:\/\/www.zoko.ro\/wp-content\/uploads\/2025\/03\/logo1.svg","contentUrl":"https:\/\/www.zoko.ro\/wp-content\/uploads\/2025\/03\/logo1.svg","width":799,"height":216,"caption":"ZOKO"},"image":{"@id":"https:\/\/www.zoko.ro\/#\/schema\/logo\/image\/"},"sameAs":["https:\/\/www.facebook.com\/profile.php?id=61584344135075"]}]}},"_links":{"self":[{"href":"https:\/\/www.zoko.ro\/en\/wp-json\/wp\/v2\/product\/33499","targetHints":{"allow":["GET"]}}],"collection":[{"href":"https:\/\/www.zoko.ro\/en\/wp-json\/wp\/v2\/product"}],"about":[{"href":"https:\/\/www.zoko.ro\/en\/wp-json\/wp\/v2\/types\/product"}],"replies":[{"embeddable":true,"href":"https:\/\/www.zoko.ro\/en\/wp-json\/wp\/v2\/comments?post=33499"}],"version-history":[{"count":1,"href":"https:\/\/www.zoko.ro\/en\/wp-json\/wp\/v2\/product\/33499\/revisions"}],"predecessor-version":[{"id":38469,"href":"https:\/\/www.zoko.ro\/en\/wp-json\/wp\/v2\/product\/33499\/revisions\/38469"}],"wp:featuredmedia":[{"embeddable":true,"href":"https:\/\/www.zoko.ro\/en\/wp-json\/wp\/v2\/media\/33500"}],"wp:attachment":[{"href":"https:\/\/www.zoko.ro\/en\/wp-json\/wp\/v2\/media?parent=33499"}],"wp:term":[{"taxonomy":"product_brand","embeddable":true,"href":"https:\/\/www.zoko.ro\/en\/wp-json\/wp\/v2\/product_brand?post=33499"},{"taxonomy":"product_cat","embeddable":true,"href":"https:\/\/www.zoko.ro\/en\/wp-json\/wp\/v2\/product_cat?post=33499"},{"taxonomy":"product_tag","embeddable":true,"href":"https:\/\/www.zoko.ro\/en\/wp-json\/wp\/v2\/product_tag?post=33499"}],"curies":[{"name":"wp","href":"https:\/\/api.w.org\/{rel}","templated":true}]}}