{"id":33505,"date":"2026-04-28T23:38:10","date_gmt":"2026-04-28T21:38:10","guid":{"rendered":"https:\/\/www.zoko.ro\/p\/recompensa-pentru-caini-model-os-umar-de-porc-uscat-natural-120g-petmax\/"},"modified":"2026-04-28T23:38:10","modified_gmt":"2026-04-28T21:38:10","slug":"recompensa-pentru-caini-model-os-umar-de-porc-uscat-natural-120g-petmax","status":"publish","type":"product","link":"https:\/\/www.zoko.ro\/en\/p\/recompensa-pentru-caini-model-os-umar-de-porc-uscat-natural-120g-petmax\/","title":{"rendered":"Recompensa pentru caini model Os, um\u0103r de porc uscat natural, 120g, Petmax"},"content":{"rendered":"<p><strong>Culoare:<\/strong> Maro<\/p>\n<p><strong>Recompens\u0103 pentru c\u00e2ini \u2013 Os um\u0103r de porc uscat natural, 120 g<\/strong><\/p>\n<p>R\u0103sfa\u021b\u0103-\u021bi c\u00e2inele cu o recompens\u0103 natural\u0103 \u0219i delicioas\u0103! Osul um\u0103r de porc uscat este un snack s\u0103n\u0103tos \u0219i gustos, perfect pentru a r\u0103spl\u0103ti comportamentele bune sau pentru a oferi c\u00e2inelui t\u0103u un moment de distrac\u021bie.<\/p>\n<p><img loading=\"lazy\" decoding=\"async\" src=\"https:\/\/gonga.ro\/img\/cms\/Recompensa%20pentru%20caini%20model%20Os,%20um%C4%83r%20de%20porc%20uscat%20natural,%20120g,%20Petmax.jpg\" alt=\"\" width=\"680\" height=\"680\" \/><\/p>\n<p>F\u0103cut din carne de porc de calitate superioar\u0103, uscat\u0103 natural, acest os nu doar c\u0103 satisface instinctele de mestecat ale c\u00e2inelui, dar ajut\u0103 \u0219i la \u00eengrijirea dentar\u0103 prin cur\u0103\u021barea din\u021bilor \u00een timp ce mestec\u0103. Pachetul de 120 g este ideal pentru c\u00e2ini de m\u0103rime medie sau mic\u0103 \u0219i le ofer\u0103 o gustare hr\u0103nitoare \u0219i savuroas\u0103.<\/p>\n<p>F\u0103r\u0103 conservan\u021bi sau aditivi artificiali, este alegerea perfect\u0103 pentru o recompens\u0103 s\u0103n\u0103toas\u0103 \u0219i natural\u0103!<\/p>\n<p><img loading=\"lazy\" decoding=\"async\" src=\"https:\/\/gonga.ro\/img\/cms\/Recompensa%20pentru%20caini%20model%20Os,%20um%C4%83r%20de%20porc%20uscat%20natural,%20120g,%20Petmax1.jpg\" alt=\"\" width=\"560\" height=\"560\" \/><\/p>\n<\/p>\n<p><b>Compozi\u0163ie:<\/b><\/p>\n<p>&#8211; os de um\u0103r de porc uscat 100%<\/p>\n<p><b><\/b><\/p>\n<p><b>Componente analitice:<\/b><\/p>\n<p>&#8211; proteina bruta 38,4%<\/p>\n<p>&#8211; fibre brute 0,4%<\/p>\n<p>&#8211; gr\u0103sime brut\u0103 28,2%<\/p>\n<p>&#8211; cenusa bruta 26,06%<\/p>\n<p>&#8211; umiditate 3,9%<\/p>","protected":false},"excerpt":{"rendered":"<p>Culoare: Maro Recompens\u0103 pentru c\u00e2ini \u2013 Os um\u0103r de porc uscat natural, 120 g R\u0103sfa\u021b\u0103-\u021bi c\u00e2inele cu o recompens\u0103 natural\u0103<\/p>","protected":false},"featured_media":33506,"comment_status":"open","ping_status":"open","template":"","meta":[],"product_brand":[],"product_cat":[99,573,346],"product_tag":[],"class_list":{"0":"post-33505","1":"product","2":"type-product","3":"status-publish","4":"has-post-thumbnail","6":"product_cat-acasa","7":"product_cat-biscuiti-si-recompense","8":"product_cat-petshop","9":"pa_culoare-maro","11":"first","12":"outofstock","13":"sale","14":"purchasable","15":"product-type-simple"},"yoast_head":"<!-- This site is optimized with the Yoast SEO plugin v27.2 - https:\/\/yoast.com\/product\/yoast-seo-wordpress\/ -->\n<title>Recompensa pentru caini model Os, um\u0103r de porc uscat natural, 120g, Petmax | ZOKO<\/title>\n<meta name=\"robots\" content=\"index, follow, max-snippet:-1, max-image-preview:large, max-video-preview:-1\" \/>\n<link rel=\"canonical\" href=\"https:\/\/www.zoko.ro\/en\/p\/recompensa-pentru-caini-model-os-umar-de-porc-uscat-natural-120g-petmax\/\" \/>\n<meta property=\"og:locale\" content=\"en_GB\" \/>\n<meta property=\"og:type\" content=\"article\" \/>\n<meta property=\"og:title\" content=\"Recompensa pentru caini model Os, um\u0103r de porc uscat natural, 120g, Petmax | ZOKO\" \/>\n<meta property=\"og:description\" content=\"Culoare: Maro Recompens\u0103 pentru c\u00e2ini \u2013 Os um\u0103r de porc uscat natural, 120 g R\u0103sfa\u021b\u0103-\u021bi c\u00e2inele cu o recompens\u0103 natural\u0103\" \/>\n<meta property=\"og:url\" content=\"https:\/\/www.zoko.ro\/en\/p\/recompensa-pentru-caini-model-os-umar-de-porc-uscat-natural-120g-petmax\/\" \/>\n<meta property=\"og:site_name\" content=\"ZOKO\" \/>\n<meta property=\"article:publisher\" content=\"https:\/\/www.facebook.com\/profile.php?id=61584344135075\" \/>\n<meta property=\"og:image\" content=\"https:\/\/www.zoko.ro\/wp-content\/uploads\/2025\/12\/recompensa-pentru-caini-model-os-natural-de-unca-de-porc-uscata-240-g-petmex-5.jpg\" \/>\n\t<meta property=\"og:image:width\" content=\"680\" \/>\n\t<meta property=\"og:image:height\" content=\"680\" \/>\n\t<meta property=\"og:image:type\" content=\"image\/jpeg\" \/>\n<meta name=\"twitter:card\" content=\"summary_large_image\" \/>\n<meta name=\"twitter:label1\" content=\"Estimated reading time\" \/>\n\t<meta name=\"twitter:data1\" content=\"1 minute\" \/>\n<script type=\"application\/ld+json\" class=\"yoast-schema-graph\">{\"@context\":\"https:\/\/schema.org\",\"@graph\":[{\"@type\":\"WebPage\",\"@id\":\"https:\/\/www.zoko.ro\/p\/recompensa-pentru-caini-model-os-umar-de-porc-uscat-natural-120g-petmax\/\",\"url\":\"https:\/\/www.zoko.ro\/p\/recompensa-pentru-caini-model-os-umar-de-porc-uscat-natural-120g-petmax\/\",\"name\":\"Recompensa pentru caini model Os, um\u0103r de porc uscat natural, 120g, Petmax | ZOKO\",\"isPartOf\":{\"@id\":\"https:\/\/www.zoko.ro\/#website\"},\"primaryImageOfPage\":{\"@id\":\"https:\/\/www.zoko.ro\/p\/recompensa-pentru-caini-model-os-umar-de-porc-uscat-natural-120g-petmax\/#primaryimage\"},\"image\":{\"@id\":\"https:\/\/www.zoko.ro\/p\/recompensa-pentru-caini-model-os-umar-de-porc-uscat-natural-120g-petmax\/#primaryimage\"},\"thumbnailUrl\":\"https:\/\/www.zoko.ro\/wp-content\/uploads\/2025\/12\/recompensa-pentru-caini-model-os-natural-de-unca-de-porc-uscata-240-g-petmex-5.jpg\",\"datePublished\":\"2026-04-28T21:38:10+00:00\",\"breadcrumb\":{\"@id\":\"https:\/\/www.zoko.ro\/p\/recompensa-pentru-caini-model-os-umar-de-porc-uscat-natural-120g-petmax\/#breadcrumb\"},\"inLanguage\":\"en-GB\",\"potentialAction\":[{\"@type\":\"ReadAction\",\"target\":[\"https:\/\/www.zoko.ro\/p\/recompensa-pentru-caini-model-os-umar-de-porc-uscat-natural-120g-petmax\/\"]}]},{\"@type\":\"ImageObject\",\"inLanguage\":\"en-GB\",\"@id\":\"https:\/\/www.zoko.ro\/p\/recompensa-pentru-caini-model-os-umar-de-porc-uscat-natural-120g-petmax\/#primaryimage\",\"url\":\"https:\/\/www.zoko.ro\/wp-content\/uploads\/2025\/12\/recompensa-pentru-caini-model-os-natural-de-unca-de-porc-uscata-240-g-petmex-5.jpg\",\"contentUrl\":\"https:\/\/www.zoko.ro\/wp-content\/uploads\/2025\/12\/recompensa-pentru-caini-model-os-natural-de-unca-de-porc-uscata-240-g-petmex-5.jpg\",\"width\":680,\"height\":680},{\"@type\":\"BreadcrumbList\",\"@id\":\"https:\/\/www.zoko.ro\/p\/recompensa-pentru-caini-model-os-umar-de-porc-uscat-natural-120g-petmax\/#breadcrumb\",\"itemListElement\":[{\"@type\":\"ListItem\",\"position\":1,\"name\":\"Home\",\"item\":\"https:\/\/www.zoko.ro\/\"},{\"@type\":\"ListItem\",\"position\":2,\"name\":\"Magazin\",\"item\":\"https:\/\/www.zoko.ro\/magazin\/\"},{\"@type\":\"ListItem\",\"position\":3,\"name\":\"Recompensa pentru caini model Os, um\u0103r de porc uscat natural, 120g, Petmax\"}]},{\"@type\":\"WebSite\",\"@id\":\"https:\/\/www.zoko.ro\/#website\",\"url\":\"https:\/\/www.zoko.ro\/\",\"name\":\"ZOKO.ro\",\"description\":\"Cump\u0103r\u0103 inteligent\",\"publisher\":{\"@id\":\"https:\/\/www.zoko.ro\/#organization\"},\"potentialAction\":[{\"@type\":\"SearchAction\",\"target\":{\"@type\":\"EntryPoint\",\"urlTemplate\":\"https:\/\/www.zoko.ro\/?s={search_term_string}\"},\"query-input\":{\"@type\":\"PropertyValueSpecification\",\"valueRequired\":true,\"valueName\":\"search_term_string\"}}],\"inLanguage\":\"en-GB\"},{\"@type\":\"Organization\",\"@id\":\"https:\/\/www.zoko.ro\/#organization\",\"name\":\"ZOKO\",\"url\":\"https:\/\/www.zoko.ro\/\",\"logo\":{\"@type\":\"ImageObject\",\"inLanguage\":\"en-GB\",\"@id\":\"https:\/\/www.zoko.ro\/#\/schema\/logo\/image\/\",\"url\":\"https:\/\/www.zoko.ro\/wp-content\/uploads\/2025\/03\/logo1.svg\",\"contentUrl\":\"https:\/\/www.zoko.ro\/wp-content\/uploads\/2025\/03\/logo1.svg\",\"width\":799,\"height\":216,\"caption\":\"ZOKO\"},\"image\":{\"@id\":\"https:\/\/www.zoko.ro\/#\/schema\/logo\/image\/\"},\"sameAs\":[\"https:\/\/www.facebook.com\/profile.php?id=61584344135075\"]}]}<\/script>\n<!-- \/ Yoast SEO plugin. -->","yoast_head_json":{"title":"Recompensa pentru caini model Os, um\u0103r de porc uscat natural, 120g, Petmax | ZOKO","robots":{"index":"index","follow":"follow","max-snippet":"max-snippet:-1","max-image-preview":"max-image-preview:large","max-video-preview":"max-video-preview:-1"},"canonical":"https:\/\/www.zoko.ro\/en\/p\/recompensa-pentru-caini-model-os-umar-de-porc-uscat-natural-120g-petmax\/","og_locale":"en_GB","og_type":"article","og_title":"Recompensa pentru caini model Os, um\u0103r de porc uscat natural, 120g, Petmax | ZOKO","og_description":"Culoare: Maro Recompens\u0103 pentru c\u00e2ini \u2013 Os um\u0103r de porc uscat natural, 120 g R\u0103sfa\u021b\u0103-\u021bi c\u00e2inele cu o recompens\u0103 natural\u0103","og_url":"https:\/\/www.zoko.ro\/en\/p\/recompensa-pentru-caini-model-os-umar-de-porc-uscat-natural-120g-petmax\/","og_site_name":"ZOKO","article_publisher":"https:\/\/www.facebook.com\/profile.php?id=61584344135075","og_image":[{"width":680,"height":680,"url":"https:\/\/www.zoko.ro\/wp-content\/uploads\/2025\/12\/recompensa-pentru-caini-model-os-natural-de-unca-de-porc-uscata-240-g-petmex-5.jpg","type":"image\/jpeg"}],"twitter_card":"summary_large_image","twitter_misc":{"Estimated reading time":"1 minute"},"schema":{"@context":"https:\/\/schema.org","@graph":[{"@type":"WebPage","@id":"https:\/\/www.zoko.ro\/p\/recompensa-pentru-caini-model-os-umar-de-porc-uscat-natural-120g-petmax\/","url":"https:\/\/www.zoko.ro\/p\/recompensa-pentru-caini-model-os-umar-de-porc-uscat-natural-120g-petmax\/","name":"Recompensa pentru caini model Os, um\u0103r de porc uscat natural, 120g, Petmax | ZOKO","isPartOf":{"@id":"https:\/\/www.zoko.ro\/#website"},"primaryImageOfPage":{"@id":"https:\/\/www.zoko.ro\/p\/recompensa-pentru-caini-model-os-umar-de-porc-uscat-natural-120g-petmax\/#primaryimage"},"image":{"@id":"https:\/\/www.zoko.ro\/p\/recompensa-pentru-caini-model-os-umar-de-porc-uscat-natural-120g-petmax\/#primaryimage"},"thumbnailUrl":"https:\/\/www.zoko.ro\/wp-content\/uploads\/2025\/12\/recompensa-pentru-caini-model-os-natural-de-unca-de-porc-uscata-240-g-petmex-5.jpg","datePublished":"2026-04-28T21:38:10+00:00","breadcrumb":{"@id":"https:\/\/www.zoko.ro\/p\/recompensa-pentru-caini-model-os-umar-de-porc-uscat-natural-120g-petmax\/#breadcrumb"},"inLanguage":"en-GB","potentialAction":[{"@type":"ReadAction","target":["https:\/\/www.zoko.ro\/p\/recompensa-pentru-caini-model-os-umar-de-porc-uscat-natural-120g-petmax\/"]}]},{"@type":"ImageObject","inLanguage":"en-GB","@id":"https:\/\/www.zoko.ro\/p\/recompensa-pentru-caini-model-os-umar-de-porc-uscat-natural-120g-petmax\/#primaryimage","url":"https:\/\/www.zoko.ro\/wp-content\/uploads\/2025\/12\/recompensa-pentru-caini-model-os-natural-de-unca-de-porc-uscata-240-g-petmex-5.jpg","contentUrl":"https:\/\/www.zoko.ro\/wp-content\/uploads\/2025\/12\/recompensa-pentru-caini-model-os-natural-de-unca-de-porc-uscata-240-g-petmex-5.jpg","width":680,"height":680},{"@type":"BreadcrumbList","@id":"https:\/\/www.zoko.ro\/p\/recompensa-pentru-caini-model-os-umar-de-porc-uscat-natural-120g-petmax\/#breadcrumb","itemListElement":[{"@type":"ListItem","position":1,"name":"Home","item":"https:\/\/www.zoko.ro\/"},{"@type":"ListItem","position":2,"name":"Magazin","item":"https:\/\/www.zoko.ro\/magazin\/"},{"@type":"ListItem","position":3,"name":"Recompensa pentru caini model Os, um\u0103r de porc uscat natural, 120g, Petmax"}]},{"@type":"WebSite","@id":"https:\/\/www.zoko.ro\/#website","url":"https:\/\/www.zoko.ro\/","name":"ZOKO.ro","description":"Cump\u0103r\u0103 inteligent","publisher":{"@id":"https:\/\/www.zoko.ro\/#organization"},"potentialAction":[{"@type":"SearchAction","target":{"@type":"EntryPoint","urlTemplate":"https:\/\/www.zoko.ro\/?s={search_term_string}"},"query-input":{"@type":"PropertyValueSpecification","valueRequired":true,"valueName":"search_term_string"}}],"inLanguage":"en-GB"},{"@type":"Organization","@id":"https:\/\/www.zoko.ro\/#organization","name":"ZOKO","url":"https:\/\/www.zoko.ro\/","logo":{"@type":"ImageObject","inLanguage":"en-GB","@id":"https:\/\/www.zoko.ro\/#\/schema\/logo\/image\/","url":"https:\/\/www.zoko.ro\/wp-content\/uploads\/2025\/03\/logo1.svg","contentUrl":"https:\/\/www.zoko.ro\/wp-content\/uploads\/2025\/03\/logo1.svg","width":799,"height":216,"caption":"ZOKO"},"image":{"@id":"https:\/\/www.zoko.ro\/#\/schema\/logo\/image\/"},"sameAs":["https:\/\/www.facebook.com\/profile.php?id=61584344135075"]}]}},"_links":{"self":[{"href":"https:\/\/www.zoko.ro\/en\/wp-json\/wp\/v2\/product\/33505","targetHints":{"allow":["GET"]}}],"collection":[{"href":"https:\/\/www.zoko.ro\/en\/wp-json\/wp\/v2\/product"}],"about":[{"href":"https:\/\/www.zoko.ro\/en\/wp-json\/wp\/v2\/types\/product"}],"replies":[{"embeddable":true,"href":"https:\/\/www.zoko.ro\/en\/wp-json\/wp\/v2\/comments?post=33505"}],"version-history":[{"count":1,"href":"https:\/\/www.zoko.ro\/en\/wp-json\/wp\/v2\/product\/33505\/revisions"}],"predecessor-version":[{"id":38470,"href":"https:\/\/www.zoko.ro\/en\/wp-json\/wp\/v2\/product\/33505\/revisions\/38470"}],"wp:featuredmedia":[{"embeddable":true,"href":"https:\/\/www.zoko.ro\/en\/wp-json\/wp\/v2\/media\/33506"}],"wp:attachment":[{"href":"https:\/\/www.zoko.ro\/en\/wp-json\/wp\/v2\/media?parent=33505"}],"wp:term":[{"taxonomy":"product_brand","embeddable":true,"href":"https:\/\/www.zoko.ro\/en\/wp-json\/wp\/v2\/product_brand?post=33505"},{"taxonomy":"product_cat","embeddable":true,"href":"https:\/\/www.zoko.ro\/en\/wp-json\/wp\/v2\/product_cat?post=33505"},{"taxonomy":"product_tag","embeddable":true,"href":"https:\/\/www.zoko.ro\/en\/wp-json\/wp\/v2\/product_tag?post=33505"}],"curies":[{"name":"wp","href":"https:\/\/api.w.org\/{rel}","templated":true}]}}