{"id":33508,"date":"2026-04-28T23:38:10","date_gmt":"2026-04-28T21:38:10","guid":{"rendered":"https:\/\/www.zoko.ro\/p\/recompensa-pentru-caini-copita-naturala-uscata-de-cerb-30-cm-120g-petmax\/"},"modified":"2026-04-28T23:38:10","modified_gmt":"2026-04-28T21:38:10","slug":"recompensa-pentru-caini-copita-naturala-uscata-de-cerb-30-cm-120g-petmax","status":"publish","type":"product","link":"https:\/\/www.zoko.ro\/en\/p\/recompensa-pentru-caini-copita-naturala-uscata-de-cerb-30-cm-120g-petmax\/","title":{"rendered":"Recompensa pentru caini, copita natural\u0103 uscat\u0103 de cerb, 30 cm, 120g, Petmax"},"content":{"rendered":"<p><strong>Culoare:<\/strong> Maro<\/p>\n<p><strong>Recompens\u0103 pentru c\u00e2ini \u2013 Copit\u0103 natural\u0103 uscat\u0103 de cerb, 30 cm, 120 g<\/strong><\/p>\n<p>Ofer\u0103-i c\u00e2inelui t\u0103u o recompens\u0103 special\u0103 \u0219i natural\u0103 cu aceast\u0103 copit\u0103 uscat\u0103 de cerb, de 30 cm \u0219i 120 g. F\u0103cut\u0103 din ingrediente 100% naturale, aceast\u0103 copit\u0103 este un snack excelent pentru c\u00e2ini de toate v\u00e2rstele \u0219i m\u0103rimile, oferindu-le o experien\u021b\u0103 de mestecare satisf\u0103c\u0103toare.<\/p>\n<p><img loading=\"lazy\" decoding=\"async\" src=\"https:\/\/gonga.ro\/img\/cms\/Recompensa%20pentru%20caini,%20copita%20natural%C4%83%20uscat%C4%83%20de%20cerb,%2030%20cm,%20120g,%20Petmax1.jpg\" alt=\"\" width=\"1000\" height=\"1000\" \/><\/p>\n<p>Copita de cerb este nu doar delicioas\u0103, dar ajut\u0103 \u0219i la men\u021binerea s\u0103n\u0103t\u0103\u021bii dentare, cur\u0103\u021b\u00e2nd din\u021bii c\u00e2inelui \u00een timp ce mestec\u0103. De asemenea, este o surs\u0103 natural\u0103 de proteine \u0219i nutrien\u021bi, f\u0103r\u0103 aditivi sau conservan\u021bi ad\u0103uga\u021bi.<\/p>\n<p>Un snack longeviv \u0219i s\u0103n\u0103tos, perfect pentru a r\u0103spl\u0103ti comportamentele bune ale c\u00e2inelui t\u0103u \u0219i pentru a-i satisface instinctele naturale de mestecat!<\/p>\n<p><img loading=\"lazy\" decoding=\"async\" src=\"https:\/\/gonga.ro\/img\/cms\/Recompensa%20pentru%20caini,%20copita%20natural%C4%83%20uscat%C4%83%20de%20cerb,%2030%20cm,%20120g,%20Petmax.jpg\" alt=\"\" width=\"1040\" height=\"1040\" \/><\/p>\n<\/p>\n<p><b>Compozi\u0163ie:<\/b><\/p>\n<p>&#8211; copita uscata de caprioara 100%<\/p>\n<p><b><\/b><\/p>\n<p><b>Componente analitice:<\/b><\/p>\n<p>&#8211; proteina bruta 86%<\/p>\n<p>&#8211; gr\u0103sime brut\u0103 3,5%<\/p>\n<p>&#8211; cenusa bruta 1,6%<\/p>\n<p>&#8211; umiditate 6,2%<\/p>","protected":false},"excerpt":{"rendered":"<p>Culoare: Maro Recompens\u0103 pentru c\u00e2ini \u2013 Copit\u0103 natural\u0103 uscat\u0103 de cerb, 30 cm, 120 g Ofer\u0103-i c\u00e2inelui t\u0103u o recompens\u0103<\/p>","protected":false},"featured_media":33509,"comment_status":"open","ping_status":"open","template":"","meta":[],"product_brand":[],"product_cat":[99,573,346],"product_tag":[104],"class_list":{"0":"post-33508","1":"product","2":"type-product","3":"status-publish","4":"has-post-thumbnail","6":"product_cat-acasa","7":"product_cat-biscuiti-si-recompense","8":"product_cat-petshop","9":"product_tag-in-stoc","10":"pa_culoare-maro","12":"first","13":"instock","14":"sale","15":"purchasable","16":"product-type-simple"},"yoast_head":"<!-- This site is optimized with the Yoast SEO plugin v27.2 - https:\/\/yoast.com\/product\/yoast-seo-wordpress\/ -->\n<title>Recompensa pentru caini, copita natural\u0103 uscat\u0103 de cerb, 30 cm, 120g, Petmax | ZOKO<\/title>\n<meta name=\"robots\" content=\"index, follow, max-snippet:-1, max-image-preview:large, max-video-preview:-1\" \/>\n<link rel=\"canonical\" href=\"https:\/\/www.zoko.ro\/en\/p\/recompensa-pentru-caini-copita-naturala-uscata-de-cerb-30-cm-120g-petmax\/\" \/>\n<meta property=\"og:locale\" content=\"en_GB\" \/>\n<meta property=\"og:type\" content=\"article\" \/>\n<meta property=\"og:title\" content=\"Recompensa pentru caini, copita natural\u0103 uscat\u0103 de cerb, 30 cm, 120g, Petmax | ZOKO\" \/>\n<meta property=\"og:description\" content=\"Culoare: Maro Recompens\u0103 pentru c\u00e2ini \u2013 Copit\u0103 natural\u0103 uscat\u0103 de cerb, 30 cm, 120 g Ofer\u0103-i c\u00e2inelui t\u0103u o recompens\u0103\" \/>\n<meta property=\"og:url\" content=\"https:\/\/www.zoko.ro\/en\/p\/recompensa-pentru-caini-copita-naturala-uscata-de-cerb-30-cm-120g-petmax\/\" \/>\n<meta property=\"og:site_name\" content=\"ZOKO\" \/>\n<meta property=\"article:publisher\" content=\"https:\/\/www.facebook.com\/profile.php?id=61584344135075\" \/>\n<meta property=\"og:image\" content=\"https:\/\/www.zoko.ro\/wp-content\/uploads\/2025\/12\/recompensa-pentru-caini-model-os-natural-de-unca-de-porc-uscata-240-g-petmex-7.jpg\" \/>\n\t<meta property=\"og:image:width\" content=\"1040\" \/>\n\t<meta property=\"og:image:height\" content=\"1040\" \/>\n\t<meta property=\"og:image:type\" content=\"image\/jpeg\" \/>\n<meta name=\"twitter:card\" content=\"summary_large_image\" \/>\n<meta name=\"twitter:label1\" content=\"Estimated reading time\" \/>\n\t<meta name=\"twitter:data1\" content=\"1 minute\" \/>\n<script type=\"application\/ld+json\" class=\"yoast-schema-graph\">{\"@context\":\"https:\/\/schema.org\",\"@graph\":[{\"@type\":\"WebPage\",\"@id\":\"https:\/\/www.zoko.ro\/p\/recompensa-pentru-caini-copita-naturala-uscata-de-cerb-30-cm-120g-petmax\/\",\"url\":\"https:\/\/www.zoko.ro\/p\/recompensa-pentru-caini-copita-naturala-uscata-de-cerb-30-cm-120g-petmax\/\",\"name\":\"Recompensa pentru caini, copita natural\u0103 uscat\u0103 de cerb, 30 cm, 120g, Petmax | ZOKO\",\"isPartOf\":{\"@id\":\"https:\/\/www.zoko.ro\/#website\"},\"primaryImageOfPage\":{\"@id\":\"https:\/\/www.zoko.ro\/p\/recompensa-pentru-caini-copita-naturala-uscata-de-cerb-30-cm-120g-petmax\/#primaryimage\"},\"image\":{\"@id\":\"https:\/\/www.zoko.ro\/p\/recompensa-pentru-caini-copita-naturala-uscata-de-cerb-30-cm-120g-petmax\/#primaryimage\"},\"thumbnailUrl\":\"https:\/\/www.zoko.ro\/wp-content\/uploads\/2025\/12\/recompensa-pentru-caini-model-os-natural-de-unca-de-porc-uscata-240-g-petmex-7.jpg\",\"datePublished\":\"2026-04-28T21:38:10+00:00\",\"breadcrumb\":{\"@id\":\"https:\/\/www.zoko.ro\/p\/recompensa-pentru-caini-copita-naturala-uscata-de-cerb-30-cm-120g-petmax\/#breadcrumb\"},\"inLanguage\":\"en-GB\",\"potentialAction\":[{\"@type\":\"ReadAction\",\"target\":[\"https:\/\/www.zoko.ro\/p\/recompensa-pentru-caini-copita-naturala-uscata-de-cerb-30-cm-120g-petmax\/\"]}]},{\"@type\":\"ImageObject\",\"inLanguage\":\"en-GB\",\"@id\":\"https:\/\/www.zoko.ro\/p\/recompensa-pentru-caini-copita-naturala-uscata-de-cerb-30-cm-120g-petmax\/#primaryimage\",\"url\":\"https:\/\/www.zoko.ro\/wp-content\/uploads\/2025\/12\/recompensa-pentru-caini-model-os-natural-de-unca-de-porc-uscata-240-g-petmex-7.jpg\",\"contentUrl\":\"https:\/\/www.zoko.ro\/wp-content\/uploads\/2025\/12\/recompensa-pentru-caini-model-os-natural-de-unca-de-porc-uscata-240-g-petmex-7.jpg\",\"width\":1040,\"height\":1040},{\"@type\":\"BreadcrumbList\",\"@id\":\"https:\/\/www.zoko.ro\/p\/recompensa-pentru-caini-copita-naturala-uscata-de-cerb-30-cm-120g-petmax\/#breadcrumb\",\"itemListElement\":[{\"@type\":\"ListItem\",\"position\":1,\"name\":\"Home\",\"item\":\"https:\/\/www.zoko.ro\/\"},{\"@type\":\"ListItem\",\"position\":2,\"name\":\"Magazin\",\"item\":\"https:\/\/www.zoko.ro\/magazin\/\"},{\"@type\":\"ListItem\",\"position\":3,\"name\":\"Recompensa pentru caini, copita natural\u0103 uscat\u0103 de cerb, 30 cm, 120g, Petmax\"}]},{\"@type\":\"WebSite\",\"@id\":\"https:\/\/www.zoko.ro\/#website\",\"url\":\"https:\/\/www.zoko.ro\/\",\"name\":\"ZOKO.ro\",\"description\":\"Cump\u0103r\u0103 inteligent\",\"publisher\":{\"@id\":\"https:\/\/www.zoko.ro\/#organization\"},\"potentialAction\":[{\"@type\":\"SearchAction\",\"target\":{\"@type\":\"EntryPoint\",\"urlTemplate\":\"https:\/\/www.zoko.ro\/?s={search_term_string}\"},\"query-input\":{\"@type\":\"PropertyValueSpecification\",\"valueRequired\":true,\"valueName\":\"search_term_string\"}}],\"inLanguage\":\"en-GB\"},{\"@type\":\"Organization\",\"@id\":\"https:\/\/www.zoko.ro\/#organization\",\"name\":\"ZOKO\",\"url\":\"https:\/\/www.zoko.ro\/\",\"logo\":{\"@type\":\"ImageObject\",\"inLanguage\":\"en-GB\",\"@id\":\"https:\/\/www.zoko.ro\/#\/schema\/logo\/image\/\",\"url\":\"https:\/\/www.zoko.ro\/wp-content\/uploads\/2025\/03\/logo1.svg\",\"contentUrl\":\"https:\/\/www.zoko.ro\/wp-content\/uploads\/2025\/03\/logo1.svg\",\"width\":799,\"height\":216,\"caption\":\"ZOKO\"},\"image\":{\"@id\":\"https:\/\/www.zoko.ro\/#\/schema\/logo\/image\/\"},\"sameAs\":[\"https:\/\/www.facebook.com\/profile.php?id=61584344135075\"]}]}<\/script>\n<!-- \/ Yoast SEO plugin. -->","yoast_head_json":{"title":"Recompensa pentru caini, copita natural\u0103 uscat\u0103 de cerb, 30 cm, 120g, Petmax | ZOKO","robots":{"index":"index","follow":"follow","max-snippet":"max-snippet:-1","max-image-preview":"max-image-preview:large","max-video-preview":"max-video-preview:-1"},"canonical":"https:\/\/www.zoko.ro\/en\/p\/recompensa-pentru-caini-copita-naturala-uscata-de-cerb-30-cm-120g-petmax\/","og_locale":"en_GB","og_type":"article","og_title":"Recompensa pentru caini, copita natural\u0103 uscat\u0103 de cerb, 30 cm, 120g, Petmax | ZOKO","og_description":"Culoare: Maro Recompens\u0103 pentru c\u00e2ini \u2013 Copit\u0103 natural\u0103 uscat\u0103 de cerb, 30 cm, 120 g Ofer\u0103-i c\u00e2inelui t\u0103u o recompens\u0103","og_url":"https:\/\/www.zoko.ro\/en\/p\/recompensa-pentru-caini-copita-naturala-uscata-de-cerb-30-cm-120g-petmax\/","og_site_name":"ZOKO","article_publisher":"https:\/\/www.facebook.com\/profile.php?id=61584344135075","og_image":[{"width":1040,"height":1040,"url":"https:\/\/www.zoko.ro\/wp-content\/uploads\/2025\/12\/recompensa-pentru-caini-model-os-natural-de-unca-de-porc-uscata-240-g-petmex-7.jpg","type":"image\/jpeg"}],"twitter_card":"summary_large_image","twitter_misc":{"Estimated reading time":"1 minute"},"schema":{"@context":"https:\/\/schema.org","@graph":[{"@type":"WebPage","@id":"https:\/\/www.zoko.ro\/p\/recompensa-pentru-caini-copita-naturala-uscata-de-cerb-30-cm-120g-petmax\/","url":"https:\/\/www.zoko.ro\/p\/recompensa-pentru-caini-copita-naturala-uscata-de-cerb-30-cm-120g-petmax\/","name":"Recompensa pentru caini, copita natural\u0103 uscat\u0103 de cerb, 30 cm, 120g, Petmax | ZOKO","isPartOf":{"@id":"https:\/\/www.zoko.ro\/#website"},"primaryImageOfPage":{"@id":"https:\/\/www.zoko.ro\/p\/recompensa-pentru-caini-copita-naturala-uscata-de-cerb-30-cm-120g-petmax\/#primaryimage"},"image":{"@id":"https:\/\/www.zoko.ro\/p\/recompensa-pentru-caini-copita-naturala-uscata-de-cerb-30-cm-120g-petmax\/#primaryimage"},"thumbnailUrl":"https:\/\/www.zoko.ro\/wp-content\/uploads\/2025\/12\/recompensa-pentru-caini-model-os-natural-de-unca-de-porc-uscata-240-g-petmex-7.jpg","datePublished":"2026-04-28T21:38:10+00:00","breadcrumb":{"@id":"https:\/\/www.zoko.ro\/p\/recompensa-pentru-caini-copita-naturala-uscata-de-cerb-30-cm-120g-petmax\/#breadcrumb"},"inLanguage":"en-GB","potentialAction":[{"@type":"ReadAction","target":["https:\/\/www.zoko.ro\/p\/recompensa-pentru-caini-copita-naturala-uscata-de-cerb-30-cm-120g-petmax\/"]}]},{"@type":"ImageObject","inLanguage":"en-GB","@id":"https:\/\/www.zoko.ro\/p\/recompensa-pentru-caini-copita-naturala-uscata-de-cerb-30-cm-120g-petmax\/#primaryimage","url":"https:\/\/www.zoko.ro\/wp-content\/uploads\/2025\/12\/recompensa-pentru-caini-model-os-natural-de-unca-de-porc-uscata-240-g-petmex-7.jpg","contentUrl":"https:\/\/www.zoko.ro\/wp-content\/uploads\/2025\/12\/recompensa-pentru-caini-model-os-natural-de-unca-de-porc-uscata-240-g-petmex-7.jpg","width":1040,"height":1040},{"@type":"BreadcrumbList","@id":"https:\/\/www.zoko.ro\/p\/recompensa-pentru-caini-copita-naturala-uscata-de-cerb-30-cm-120g-petmax\/#breadcrumb","itemListElement":[{"@type":"ListItem","position":1,"name":"Home","item":"https:\/\/www.zoko.ro\/"},{"@type":"ListItem","position":2,"name":"Magazin","item":"https:\/\/www.zoko.ro\/magazin\/"},{"@type":"ListItem","position":3,"name":"Recompensa pentru caini, copita natural\u0103 uscat\u0103 de cerb, 30 cm, 120g, Petmax"}]},{"@type":"WebSite","@id":"https:\/\/www.zoko.ro\/#website","url":"https:\/\/www.zoko.ro\/","name":"ZOKO.ro","description":"Cump\u0103r\u0103 inteligent","publisher":{"@id":"https:\/\/www.zoko.ro\/#organization"},"potentialAction":[{"@type":"SearchAction","target":{"@type":"EntryPoint","urlTemplate":"https:\/\/www.zoko.ro\/?s={search_term_string}"},"query-input":{"@type":"PropertyValueSpecification","valueRequired":true,"valueName":"search_term_string"}}],"inLanguage":"en-GB"},{"@type":"Organization","@id":"https:\/\/www.zoko.ro\/#organization","name":"ZOKO","url":"https:\/\/www.zoko.ro\/","logo":{"@type":"ImageObject","inLanguage":"en-GB","@id":"https:\/\/www.zoko.ro\/#\/schema\/logo\/image\/","url":"https:\/\/www.zoko.ro\/wp-content\/uploads\/2025\/03\/logo1.svg","contentUrl":"https:\/\/www.zoko.ro\/wp-content\/uploads\/2025\/03\/logo1.svg","width":799,"height":216,"caption":"ZOKO"},"image":{"@id":"https:\/\/www.zoko.ro\/#\/schema\/logo\/image\/"},"sameAs":["https:\/\/www.facebook.com\/profile.php?id=61584344135075"]}]}},"_links":{"self":[{"href":"https:\/\/www.zoko.ro\/en\/wp-json\/wp\/v2\/product\/33508","targetHints":{"allow":["GET"]}}],"collection":[{"href":"https:\/\/www.zoko.ro\/en\/wp-json\/wp\/v2\/product"}],"about":[{"href":"https:\/\/www.zoko.ro\/en\/wp-json\/wp\/v2\/types\/product"}],"replies":[{"embeddable":true,"href":"https:\/\/www.zoko.ro\/en\/wp-json\/wp\/v2\/comments?post=33508"}],"version-history":[{"count":1,"href":"https:\/\/www.zoko.ro\/en\/wp-json\/wp\/v2\/product\/33508\/revisions"}],"predecessor-version":[{"id":38471,"href":"https:\/\/www.zoko.ro\/en\/wp-json\/wp\/v2\/product\/33508\/revisions\/38471"}],"wp:featuredmedia":[{"embeddable":true,"href":"https:\/\/www.zoko.ro\/en\/wp-json\/wp\/v2\/media\/33509"}],"wp:attachment":[{"href":"https:\/\/www.zoko.ro\/en\/wp-json\/wp\/v2\/media?parent=33508"}],"wp:term":[{"taxonomy":"product_brand","embeddable":true,"href":"https:\/\/www.zoko.ro\/en\/wp-json\/wp\/v2\/product_brand?post=33508"},{"taxonomy":"product_cat","embeddable":true,"href":"https:\/\/www.zoko.ro\/en\/wp-json\/wp\/v2\/product_cat?post=33508"},{"taxonomy":"product_tag","embeddable":true,"href":"https:\/\/www.zoko.ro\/en\/wp-json\/wp\/v2\/product_tag?post=33508"}],"curies":[{"name":"wp","href":"https:\/\/api.w.org\/{rel}","templated":true}]}}