{"id":33511,"date":"2026-04-28T23:38:10","date_gmt":"2026-04-28T21:38:10","guid":{"rendered":"https:\/\/www.zoko.ro\/p\/hub-usb-splitter-pentru-7-porturi-lungime-16-cm-corp-aluminiu-gonga\/"},"modified":"2026-04-28T23:38:10","modified_gmt":"2026-04-28T21:38:10","slug":"hub-usb-splitter-pentru-7-porturi-lungime-16-cm-corp-aluminiu-gonga","status":"publish","type":"product","link":"https:\/\/www.zoko.ro\/en\/p\/hub-usb-splitter-pentru-7-porturi-lungime-16-cm-corp-aluminiu-gonga\/","title":{"rendered":"HUB Usb splitter pentru 7 porturi, lungime 16 cm, corp aluminiu, Gonga\u00ae"},"content":{"rendered":"<p><strong>Culoare:<\/strong> Argintiu<\/p>\n<p><strong>HUB USB activ, ultra rapid, cu 7 porturi<\/strong> \u2013 eficien\u021b\u0103 \u0219i conectivitate extins\u0103<\/p>\n<p>Acest HUB USB performant este echipat cu \u0219ase porturi USB 2.0 standard \u0219i un port USB 3.0 de mare vitez\u0103, capabil s\u0103 ating\u0103 rate de transfer de p\u00e2n\u0103 la 5 Gb\/s (625 MB\/s). Beneficiaz\u0103 de compatibilitate complet\u0103 cu versiunile anterioare USB (2.0, 1.1 \u0219i 1.0), adapt\u00e2nd viteza de transfer \u00een func\u021bie de interfa\u021ba folosit\u0103.<\/p>\n<p><img loading=\"lazy\" decoding=\"async\" src=\"https:\/\/gonga.ro\/img\/cms\/HUB%20Usb%20splitter%20pentru%207%20porturi,%20lungime%2016%20cm,%20corp%20aluminiu,%20Gonga%C2%AE2.jpg\" alt=\"\" width=\"1197\" height=\"1200\" \/><\/p>\n<p>Uit\u0103 de deconectarea constant\u0103 a dispozitivelor pentru a face loc altora! Acest splitter USB \u00ee\u021bi ofer\u0103 libertatea de a conecta simultan multiple periferice, f\u0103r\u0103 restric\u021bii. Ideal pentru birou sau acas\u0103, este solu\u021bia perfect\u0103 atunci c\u00e2nd toate porturile USB ale computerului sunt deja ocupate.<\/p>\n<p>\u00cen plus, vine \u00eenso\u021bit de o sfoar\u0103 suplimentar\u0103, ce permite ag\u0103\u021barea practic\u0103 a dispozitivului, pentru un plus de comoditate.<\/p>\n<p><img loading=\"lazy\" decoding=\"async\" src=\"https:\/\/gonga.ro\/img\/cms\/HUB%20Usb%20splitter%20pentru%207%20porturi,%20lungime%2016%20cm,%20corp%20aluminiu,%20Gonga%C2%AE3.jpg\" alt=\"\" width=\"1197\" height=\"1200\" \/><\/p>\n<p><strong>Caracteristici principale:<\/strong><\/p>\n<ul>\n<li>HUB USB activ, ultra rapid, cu 7 porturi<\/li>\n<li>Compatibil cu USB 3.0, 2.0, 1.1 \u0219i 1.0<\/li>\n<li>Plug &amp; Play \u2013 suport\u0103 conectare la cald, f\u0103r\u0103 a fi nevoie de repornirea computerului<\/li>\n<li>Nu necesit\u0103 alimentare extern\u0103 \u2013 func\u021bioneaz\u0103 direct de la portul USB<\/li>\n<li>Dimensiune compact\u0103 \u2013 ideal pentru transport \u00een buzunar sau geant\u0103<\/li>\n<\/ul>\n<p><img loading=\"lazy\" decoding=\"async\" src=\"https:\/\/gonga.ro\/img\/cms\/HUB%20Usb%20splitter%20pentru%207%20porturi,%20lungime%2016%20cm,%20corp%20aluminiu,%20Gonga%C2%AE1.jpg\" alt=\"\" width=\"1200\" height=\"1192\" \/><\/p>\n<\/p>\n<p><strong>Specificatii:<\/strong><\/p>\n<\/p>\n<p>&#8211; Material: plastic ABS durabil<\/p>\n<p>&#8211; Dimensiuni: 15,5 cm x 1,7 cm x 0,7 cm<\/p>\n<p>&#8211; Lungime cablu: 17 cm<\/p>\n<p>&#8211; Culoare: Argintiu<\/p>\n<p>&#8211; 6 porturi USB 2.0 + 1 port USB 3.0 (vitez\u0103 de transfer de p\u00e2n\u0103 la 5 Gb\/s)<\/p>","protected":false},"excerpt":{"rendered":"<p>Culoare: Argintiu HUB USB activ, ultra rapid, cu 7 porturi \u2013 eficien\u021b\u0103 \u0219i conectivitate extins\u0103 Acest HUB USB performant este<\/p>","protected":false},"featured_media":33512,"comment_status":"open","ping_status":"open","template":"","meta":[],"product_brand":[],"product_cat":[99,341,364,339],"product_tag":[104],"class_list":{"0":"post-33511","1":"product","2":"type-product","3":"status-publish","4":"has-post-thumbnail","6":"product_cat-acasa","7":"product_cat-accesorii","8":"product_cat-hub-uri","9":"product_cat-pc-gaming","10":"product_tag-in-stoc","11":"pa_culoare-argintiu","13":"first","14":"instock","15":"sale","16":"purchasable","17":"product-type-simple"},"yoast_head":"<!-- This site is optimized with the Yoast SEO plugin v27.2 - https:\/\/yoast.com\/product\/yoast-seo-wordpress\/ -->\n<title>HUB Usb splitter pentru 7 porturi, lungime 16 cm, corp aluminiu, Gonga\u00ae | ZOKO<\/title>\n<meta name=\"robots\" content=\"index, follow, max-snippet:-1, max-image-preview:large, max-video-preview:-1\" \/>\n<link rel=\"canonical\" href=\"https:\/\/www.zoko.ro\/en\/p\/hub-usb-splitter-pentru-7-porturi-lungime-16-cm-corp-aluminiu-gonga\/\" \/>\n<meta property=\"og:locale\" content=\"en_GB\" \/>\n<meta property=\"og:type\" content=\"article\" \/>\n<meta property=\"og:title\" content=\"HUB Usb splitter pentru 7 porturi, lungime 16 cm, corp aluminiu, Gonga\u00ae | ZOKO\" \/>\n<meta property=\"og:description\" content=\"Culoare: Argintiu HUB USB activ, ultra rapid, cu 7 porturi \u2013 eficien\u021b\u0103 \u0219i conectivitate extins\u0103 Acest HUB USB performant este\" \/>\n<meta property=\"og:url\" content=\"https:\/\/www.zoko.ro\/en\/p\/hub-usb-splitter-pentru-7-porturi-lungime-16-cm-corp-aluminiu-gonga\/\" \/>\n<meta property=\"og:site_name\" content=\"ZOKO\" \/>\n<meta property=\"article:publisher\" content=\"https:\/\/www.facebook.com\/profile.php?id=61584344135075\" \/>\n<meta property=\"og:image\" content=\"https:\/\/www.zoko.ro\/wp-content\/uploads\/2025\/12\/hub-usb-splitter-pentru-7-porturi-lungime-16-cm-corp-aluminiu-gonga.jpg\" \/>\n\t<meta property=\"og:image:width\" content=\"1200\" \/>\n\t<meta property=\"og:image:height\" content=\"1197\" \/>\n\t<meta property=\"og:image:type\" content=\"image\/jpeg\" \/>\n<meta name=\"twitter:card\" content=\"summary_large_image\" \/>\n<meta name=\"twitter:label1\" content=\"Estimated reading time\" \/>\n\t<meta name=\"twitter:data1\" content=\"1 minute\" \/>\n<script type=\"application\/ld+json\" class=\"yoast-schema-graph\">{\"@context\":\"https:\/\/schema.org\",\"@graph\":[{\"@type\":\"WebPage\",\"@id\":\"https:\/\/www.zoko.ro\/p\/hub-usb-splitter-pentru-7-porturi-lungime-16-cm-corp-aluminiu-gonga\/\",\"url\":\"https:\/\/www.zoko.ro\/p\/hub-usb-splitter-pentru-7-porturi-lungime-16-cm-corp-aluminiu-gonga\/\",\"name\":\"HUB Usb splitter pentru 7 porturi, lungime 16 cm, corp aluminiu, Gonga\u00ae | ZOKO\",\"isPartOf\":{\"@id\":\"https:\/\/www.zoko.ro\/#website\"},\"primaryImageOfPage\":{\"@id\":\"https:\/\/www.zoko.ro\/p\/hub-usb-splitter-pentru-7-porturi-lungime-16-cm-corp-aluminiu-gonga\/#primaryimage\"},\"image\":{\"@id\":\"https:\/\/www.zoko.ro\/p\/hub-usb-splitter-pentru-7-porturi-lungime-16-cm-corp-aluminiu-gonga\/#primaryimage\"},\"thumbnailUrl\":\"https:\/\/www.zoko.ro\/wp-content\/uploads\/2025\/12\/hub-usb-splitter-pentru-7-porturi-lungime-16-cm-corp-aluminiu-gonga.jpg\",\"datePublished\":\"2026-04-28T21:38:10+00:00\",\"breadcrumb\":{\"@id\":\"https:\/\/www.zoko.ro\/p\/hub-usb-splitter-pentru-7-porturi-lungime-16-cm-corp-aluminiu-gonga\/#breadcrumb\"},\"inLanguage\":\"en-GB\",\"potentialAction\":[{\"@type\":\"ReadAction\",\"target\":[\"https:\/\/www.zoko.ro\/p\/hub-usb-splitter-pentru-7-porturi-lungime-16-cm-corp-aluminiu-gonga\/\"]}]},{\"@type\":\"ImageObject\",\"inLanguage\":\"en-GB\",\"@id\":\"https:\/\/www.zoko.ro\/p\/hub-usb-splitter-pentru-7-porturi-lungime-16-cm-corp-aluminiu-gonga\/#primaryimage\",\"url\":\"https:\/\/www.zoko.ro\/wp-content\/uploads\/2025\/12\/hub-usb-splitter-pentru-7-porturi-lungime-16-cm-corp-aluminiu-gonga.jpg\",\"contentUrl\":\"https:\/\/www.zoko.ro\/wp-content\/uploads\/2025\/12\/hub-usb-splitter-pentru-7-porturi-lungime-16-cm-corp-aluminiu-gonga.jpg\",\"width\":1200,\"height\":1197},{\"@type\":\"BreadcrumbList\",\"@id\":\"https:\/\/www.zoko.ro\/p\/hub-usb-splitter-pentru-7-porturi-lungime-16-cm-corp-aluminiu-gonga\/#breadcrumb\",\"itemListElement\":[{\"@type\":\"ListItem\",\"position\":1,\"name\":\"Home\",\"item\":\"https:\/\/www.zoko.ro\/\"},{\"@type\":\"ListItem\",\"position\":2,\"name\":\"Magazin\",\"item\":\"https:\/\/www.zoko.ro\/magazin\/\"},{\"@type\":\"ListItem\",\"position\":3,\"name\":\"HUB Usb splitter pentru 7 porturi, lungime 16 cm, corp aluminiu, Gonga\u00ae\"}]},{\"@type\":\"WebSite\",\"@id\":\"https:\/\/www.zoko.ro\/#website\",\"url\":\"https:\/\/www.zoko.ro\/\",\"name\":\"ZOKO.ro\",\"description\":\"Cump\u0103r\u0103 inteligent\",\"publisher\":{\"@id\":\"https:\/\/www.zoko.ro\/#organization\"},\"potentialAction\":[{\"@type\":\"SearchAction\",\"target\":{\"@type\":\"EntryPoint\",\"urlTemplate\":\"https:\/\/www.zoko.ro\/?s={search_term_string}\"},\"query-input\":{\"@type\":\"PropertyValueSpecification\",\"valueRequired\":true,\"valueName\":\"search_term_string\"}}],\"inLanguage\":\"en-GB\"},{\"@type\":\"Organization\",\"@id\":\"https:\/\/www.zoko.ro\/#organization\",\"name\":\"ZOKO\",\"url\":\"https:\/\/www.zoko.ro\/\",\"logo\":{\"@type\":\"ImageObject\",\"inLanguage\":\"en-GB\",\"@id\":\"https:\/\/www.zoko.ro\/#\/schema\/logo\/image\/\",\"url\":\"https:\/\/www.zoko.ro\/wp-content\/uploads\/2025\/03\/logo1.svg\",\"contentUrl\":\"https:\/\/www.zoko.ro\/wp-content\/uploads\/2025\/03\/logo1.svg\",\"width\":799,\"height\":216,\"caption\":\"ZOKO\"},\"image\":{\"@id\":\"https:\/\/www.zoko.ro\/#\/schema\/logo\/image\/\"},\"sameAs\":[\"https:\/\/www.facebook.com\/profile.php?id=61584344135075\"]}]}<\/script>\n<!-- \/ Yoast SEO plugin. -->","yoast_head_json":{"title":"HUB Usb splitter pentru 7 porturi, lungime 16 cm, corp aluminiu, Gonga\u00ae | ZOKO","robots":{"index":"index","follow":"follow","max-snippet":"max-snippet:-1","max-image-preview":"max-image-preview:large","max-video-preview":"max-video-preview:-1"},"canonical":"https:\/\/www.zoko.ro\/en\/p\/hub-usb-splitter-pentru-7-porturi-lungime-16-cm-corp-aluminiu-gonga\/","og_locale":"en_GB","og_type":"article","og_title":"HUB Usb splitter pentru 7 porturi, lungime 16 cm, corp aluminiu, Gonga\u00ae | ZOKO","og_description":"Culoare: Argintiu HUB USB activ, ultra rapid, cu 7 porturi \u2013 eficien\u021b\u0103 \u0219i conectivitate extins\u0103 Acest HUB USB performant este","og_url":"https:\/\/www.zoko.ro\/en\/p\/hub-usb-splitter-pentru-7-porturi-lungime-16-cm-corp-aluminiu-gonga\/","og_site_name":"ZOKO","article_publisher":"https:\/\/www.facebook.com\/profile.php?id=61584344135075","og_image":[{"width":1200,"height":1197,"url":"https:\/\/www.zoko.ro\/wp-content\/uploads\/2025\/12\/hub-usb-splitter-pentru-7-porturi-lungime-16-cm-corp-aluminiu-gonga.jpg","type":"image\/jpeg"}],"twitter_card":"summary_large_image","twitter_misc":{"Estimated reading time":"1 minute"},"schema":{"@context":"https:\/\/schema.org","@graph":[{"@type":"WebPage","@id":"https:\/\/www.zoko.ro\/p\/hub-usb-splitter-pentru-7-porturi-lungime-16-cm-corp-aluminiu-gonga\/","url":"https:\/\/www.zoko.ro\/p\/hub-usb-splitter-pentru-7-porturi-lungime-16-cm-corp-aluminiu-gonga\/","name":"HUB Usb splitter pentru 7 porturi, lungime 16 cm, corp aluminiu, Gonga\u00ae | ZOKO","isPartOf":{"@id":"https:\/\/www.zoko.ro\/#website"},"primaryImageOfPage":{"@id":"https:\/\/www.zoko.ro\/p\/hub-usb-splitter-pentru-7-porturi-lungime-16-cm-corp-aluminiu-gonga\/#primaryimage"},"image":{"@id":"https:\/\/www.zoko.ro\/p\/hub-usb-splitter-pentru-7-porturi-lungime-16-cm-corp-aluminiu-gonga\/#primaryimage"},"thumbnailUrl":"https:\/\/www.zoko.ro\/wp-content\/uploads\/2025\/12\/hub-usb-splitter-pentru-7-porturi-lungime-16-cm-corp-aluminiu-gonga.jpg","datePublished":"2026-04-28T21:38:10+00:00","breadcrumb":{"@id":"https:\/\/www.zoko.ro\/p\/hub-usb-splitter-pentru-7-porturi-lungime-16-cm-corp-aluminiu-gonga\/#breadcrumb"},"inLanguage":"en-GB","potentialAction":[{"@type":"ReadAction","target":["https:\/\/www.zoko.ro\/p\/hub-usb-splitter-pentru-7-porturi-lungime-16-cm-corp-aluminiu-gonga\/"]}]},{"@type":"ImageObject","inLanguage":"en-GB","@id":"https:\/\/www.zoko.ro\/p\/hub-usb-splitter-pentru-7-porturi-lungime-16-cm-corp-aluminiu-gonga\/#primaryimage","url":"https:\/\/www.zoko.ro\/wp-content\/uploads\/2025\/12\/hub-usb-splitter-pentru-7-porturi-lungime-16-cm-corp-aluminiu-gonga.jpg","contentUrl":"https:\/\/www.zoko.ro\/wp-content\/uploads\/2025\/12\/hub-usb-splitter-pentru-7-porturi-lungime-16-cm-corp-aluminiu-gonga.jpg","width":1200,"height":1197},{"@type":"BreadcrumbList","@id":"https:\/\/www.zoko.ro\/p\/hub-usb-splitter-pentru-7-porturi-lungime-16-cm-corp-aluminiu-gonga\/#breadcrumb","itemListElement":[{"@type":"ListItem","position":1,"name":"Home","item":"https:\/\/www.zoko.ro\/"},{"@type":"ListItem","position":2,"name":"Magazin","item":"https:\/\/www.zoko.ro\/magazin\/"},{"@type":"ListItem","position":3,"name":"HUB Usb splitter pentru 7 porturi, lungime 16 cm, corp aluminiu, Gonga\u00ae"}]},{"@type":"WebSite","@id":"https:\/\/www.zoko.ro\/#website","url":"https:\/\/www.zoko.ro\/","name":"ZOKO.ro","description":"Cump\u0103r\u0103 inteligent","publisher":{"@id":"https:\/\/www.zoko.ro\/#organization"},"potentialAction":[{"@type":"SearchAction","target":{"@type":"EntryPoint","urlTemplate":"https:\/\/www.zoko.ro\/?s={search_term_string}"},"query-input":{"@type":"PropertyValueSpecification","valueRequired":true,"valueName":"search_term_string"}}],"inLanguage":"en-GB"},{"@type":"Organization","@id":"https:\/\/www.zoko.ro\/#organization","name":"ZOKO","url":"https:\/\/www.zoko.ro\/","logo":{"@type":"ImageObject","inLanguage":"en-GB","@id":"https:\/\/www.zoko.ro\/#\/schema\/logo\/image\/","url":"https:\/\/www.zoko.ro\/wp-content\/uploads\/2025\/03\/logo1.svg","contentUrl":"https:\/\/www.zoko.ro\/wp-content\/uploads\/2025\/03\/logo1.svg","width":799,"height":216,"caption":"ZOKO"},"image":{"@id":"https:\/\/www.zoko.ro\/#\/schema\/logo\/image\/"},"sameAs":["https:\/\/www.facebook.com\/profile.php?id=61584344135075"]}]}},"_links":{"self":[{"href":"https:\/\/www.zoko.ro\/en\/wp-json\/wp\/v2\/product\/33511","targetHints":{"allow":["GET"]}}],"collection":[{"href":"https:\/\/www.zoko.ro\/en\/wp-json\/wp\/v2\/product"}],"about":[{"href":"https:\/\/www.zoko.ro\/en\/wp-json\/wp\/v2\/types\/product"}],"replies":[{"embeddable":true,"href":"https:\/\/www.zoko.ro\/en\/wp-json\/wp\/v2\/comments?post=33511"}],"version-history":[{"count":1,"href":"https:\/\/www.zoko.ro\/en\/wp-json\/wp\/v2\/product\/33511\/revisions"}],"predecessor-version":[{"id":38472,"href":"https:\/\/www.zoko.ro\/en\/wp-json\/wp\/v2\/product\/33511\/revisions\/38472"}],"wp:featuredmedia":[{"embeddable":true,"href":"https:\/\/www.zoko.ro\/en\/wp-json\/wp\/v2\/media\/33512"}],"wp:attachment":[{"href":"https:\/\/www.zoko.ro\/en\/wp-json\/wp\/v2\/media?parent=33511"}],"wp:term":[{"taxonomy":"product_brand","embeddable":true,"href":"https:\/\/www.zoko.ro\/en\/wp-json\/wp\/v2\/product_brand?post=33511"},{"taxonomy":"product_cat","embeddable":true,"href":"https:\/\/www.zoko.ro\/en\/wp-json\/wp\/v2\/product_cat?post=33511"},{"taxonomy":"product_tag","embeddable":true,"href":"https:\/\/www.zoko.ro\/en\/wp-json\/wp\/v2\/product_tag?post=33511"}],"curies":[{"name":"wp","href":"https:\/\/api.w.org\/{rel}","templated":true}]}}