{"id":33517,"date":"2026-04-28T23:38:11","date_gmt":"2026-04-28T21:38:11","guid":{"rendered":"https:\/\/www.zoko.ro\/p\/periuta-de-dinti-din-silicon-super-moale-pentru-animale-de-companie-gonga\/"},"modified":"2026-04-28T23:38:11","modified_gmt":"2026-04-28T21:38:11","slug":"periuta-de-dinti-din-silicon-super-moale-pentru-animale-de-companie-gonga","status":"publish","type":"product","link":"https:\/\/www.zoko.ro\/en\/p\/periuta-de-dinti-din-silicon-super-moale-pentru-animale-de-companie-gonga\/","title":{"rendered":"Periu\u021b\u0103 de din\u021bi din silicon super moale pentru animale de companie, Gonga\u00ae"},"content":{"rendered":"<p><strong>Culoare:<\/strong> Alb<\/p>\n<p><strong>Periu\u021b\u0103 de din\u021bi din silicon pentru animale<\/strong> \u2013 cur\u0103\u021bare delicat\u0103 \u0219i eficient\u0103<\/p>\n<p>Asigur\u0103 igiena dentar\u0103 a animalului t\u0103u de companie \u00eentr-un mod simplu \u0219i bl\u00e2nd! Aceast\u0103 periu\u021b\u0103 de din\u021bi din silicon se aplic\u0103 u\u0219or pe deget \u0219i este ideal\u0103 pentru cur\u0103\u021barea din\u021bilor c\u00e2inilor \u0219i pisicilor. Datorit\u0103 texturii speciale, cu multiple proeminen\u021be moi, \u00eendep\u0103rteaz\u0103 eficient murd\u0103ria f\u0103r\u0103 a irita gingiile sensibile ale animalului.<\/p>\n<p><img loading=\"lazy\" decoding=\"async\" src=\"https:\/\/gonga.ro\/img\/cms\/Periu%C8%9B%C4%83%20de%20din%C8%9Bi%20din%20silicon%20super%20moale%20pentru%20animale%20de%20companie,%20Gonga%C2%AE.jpg\" alt=\"\" width=\"1183\" height=\"1200\" \/><\/p>\n<p>Poate fi folosit\u0103 \u00eempreun\u0103 cu past\u0103 de din\u021bi special formulat\u0103 pentru animale, fiind un accesoriu esen\u021bial pentru \u00eengrijirea oral\u0103 regulat\u0103.<\/p>\n<p><img loading=\"lazy\" decoding=\"async\" src=\"https:\/\/gonga.ro\/img\/cms\/Periu%C8%9B%C4%83%20de%20din%C8%9Bi%20din%20silicon%20super%20moale%20pentru%20animale%20de%20companie,%20Gonga%C2%AE2.jpg\" alt=\"\" width=\"1199\" height=\"1200\" \/><\/p>\n<p><strong>Caracteristici principale:<\/strong><\/p>\n<ul>\n<li>Periu\u021b\u0103 din silicon moale, delicat\u0103 cu gingiile<\/li>\n<li>Se aplic\u0103 direct pe deget pentru control sporit \u00een timpul periajului<\/li>\n<li>Textur\u0103 cu proeminen\u021be care cur\u0103\u021b\u0103 eficient f\u0103r\u0103 s\u0103 r\u0103neasc\u0103<\/li>\n<li>Compatibil\u0103 cu paste de din\u021bi pentru animale<\/li>\n<li>Ideal\u0103 pentru c\u00e2ini \u0219i pisici de toate taliile<\/li>\n<\/ul>\n<p><img loading=\"lazy\" decoding=\"async\" src=\"https:\/\/gonga.ro\/img\/cms\/Periu%C8%9B%C4%83%20de%20din%C8%9Bi%20din%20silicon%20super%20moale%20pentru%20animale%20de%20companie,%20Gonga%C2%AE1.jpg\" alt=\"\" width=\"1183\" height=\"1200\" \/><\/p>\n<\/p>\n<p><strong>Specifica\u021bii:<\/strong><\/p>\n<\/p>\n<p>&#8211; Material: silicon moale<\/p>\n<p>&#8211; Lungime: 5 cm<\/p>\n<p>&#8211; Diametru: 2,5 cm<\/p>\n<p>&#8211; Culoare: alb<\/p>","protected":false},"excerpt":{"rendered":"<p>Culoare: Alb Periu\u021b\u0103 de din\u021bi din silicon pentru animale \u2013 cur\u0103\u021bare delicat\u0103 \u0219i eficient\u0103 Asigur\u0103 igiena dentar\u0103 a animalului t\u0103u<\/p>","protected":false},"featured_media":33518,"comment_status":"open","ping_status":"open","template":"","meta":[],"product_brand":[],"product_cat":[99,378,346],"product_tag":[104],"class_list":{"0":"post-33517","1":"product","2":"type-product","3":"status-publish","4":"has-post-thumbnail","6":"product_cat-acasa","7":"product_cat-igiena-ingrijire-animale","8":"product_cat-petshop","9":"product_tag-in-stoc","10":"pa_culoare-alb","12":"first","13":"instock","14":"sale","15":"purchasable","16":"product-type-simple"},"yoast_head":"<!-- This site is optimized with the Yoast SEO plugin v27.2 - https:\/\/yoast.com\/product\/yoast-seo-wordpress\/ -->\n<title>Periu\u021b\u0103 de din\u021bi din silicon super moale pentru animale de companie, Gonga\u00ae | ZOKO<\/title>\n<meta name=\"robots\" content=\"index, follow, max-snippet:-1, max-image-preview:large, max-video-preview:-1\" \/>\n<link rel=\"canonical\" href=\"https:\/\/www.zoko.ro\/en\/p\/periuta-de-dinti-din-silicon-super-moale-pentru-animale-de-companie-gonga\/\" \/>\n<meta property=\"og:locale\" content=\"en_GB\" \/>\n<meta property=\"og:type\" content=\"article\" \/>\n<meta property=\"og:title\" content=\"Periu\u021b\u0103 de din\u021bi din silicon super moale pentru animale de companie, Gonga\u00ae | ZOKO\" \/>\n<meta property=\"og:description\" content=\"Culoare: Alb Periu\u021b\u0103 de din\u021bi din silicon pentru animale \u2013 cur\u0103\u021bare delicat\u0103 \u0219i eficient\u0103 Asigur\u0103 igiena dentar\u0103 a animalului t\u0103u\" \/>\n<meta property=\"og:url\" content=\"https:\/\/www.zoko.ro\/en\/p\/periuta-de-dinti-din-silicon-super-moale-pentru-animale-de-companie-gonga\/\" \/>\n<meta property=\"og:site_name\" content=\"ZOKO\" \/>\n<meta property=\"article:publisher\" content=\"https:\/\/www.facebook.com\/profile.php?id=61584344135075\" \/>\n<meta property=\"og:image\" content=\"https:\/\/www.zoko.ro\/wp-content\/uploads\/2025\/12\/periua-de-dini-din-silicon-super-moale-pentru-animale-de-companie-gonga.jpg\" \/>\n\t<meta property=\"og:image:width\" content=\"1183\" \/>\n\t<meta property=\"og:image:height\" content=\"1200\" \/>\n\t<meta property=\"og:image:type\" content=\"image\/jpeg\" \/>\n<meta name=\"twitter:card\" content=\"summary_large_image\" \/>\n<meta name=\"twitter:label1\" content=\"Estimated reading time\" \/>\n\t<meta name=\"twitter:data1\" content=\"1 minute\" \/>\n<script type=\"application\/ld+json\" class=\"yoast-schema-graph\">{\"@context\":\"https:\/\/schema.org\",\"@graph\":[{\"@type\":\"WebPage\",\"@id\":\"https:\/\/www.zoko.ro\/p\/periuta-de-dinti-din-silicon-super-moale-pentru-animale-de-companie-gonga\/\",\"url\":\"https:\/\/www.zoko.ro\/p\/periuta-de-dinti-din-silicon-super-moale-pentru-animale-de-companie-gonga\/\",\"name\":\"Periu\u021b\u0103 de din\u021bi din silicon super moale pentru animale de companie, Gonga\u00ae | ZOKO\",\"isPartOf\":{\"@id\":\"https:\/\/www.zoko.ro\/#website\"},\"primaryImageOfPage\":{\"@id\":\"https:\/\/www.zoko.ro\/p\/periuta-de-dinti-din-silicon-super-moale-pentru-animale-de-companie-gonga\/#primaryimage\"},\"image\":{\"@id\":\"https:\/\/www.zoko.ro\/p\/periuta-de-dinti-din-silicon-super-moale-pentru-animale-de-companie-gonga\/#primaryimage\"},\"thumbnailUrl\":\"https:\/\/www.zoko.ro\/wp-content\/uploads\/2025\/12\/periua-de-dini-din-silicon-super-moale-pentru-animale-de-companie-gonga.jpg\",\"datePublished\":\"2026-04-28T21:38:11+00:00\",\"breadcrumb\":{\"@id\":\"https:\/\/www.zoko.ro\/p\/periuta-de-dinti-din-silicon-super-moale-pentru-animale-de-companie-gonga\/#breadcrumb\"},\"inLanguage\":\"en-GB\",\"potentialAction\":[{\"@type\":\"ReadAction\",\"target\":[\"https:\/\/www.zoko.ro\/p\/periuta-de-dinti-din-silicon-super-moale-pentru-animale-de-companie-gonga\/\"]}]},{\"@type\":\"ImageObject\",\"inLanguage\":\"en-GB\",\"@id\":\"https:\/\/www.zoko.ro\/p\/periuta-de-dinti-din-silicon-super-moale-pentru-animale-de-companie-gonga\/#primaryimage\",\"url\":\"https:\/\/www.zoko.ro\/wp-content\/uploads\/2025\/12\/periua-de-dini-din-silicon-super-moale-pentru-animale-de-companie-gonga.jpg\",\"contentUrl\":\"https:\/\/www.zoko.ro\/wp-content\/uploads\/2025\/12\/periua-de-dini-din-silicon-super-moale-pentru-animale-de-companie-gonga.jpg\",\"width\":1183,\"height\":1200},{\"@type\":\"BreadcrumbList\",\"@id\":\"https:\/\/www.zoko.ro\/p\/periuta-de-dinti-din-silicon-super-moale-pentru-animale-de-companie-gonga\/#breadcrumb\",\"itemListElement\":[{\"@type\":\"ListItem\",\"position\":1,\"name\":\"Home\",\"item\":\"https:\/\/www.zoko.ro\/\"},{\"@type\":\"ListItem\",\"position\":2,\"name\":\"Magazin\",\"item\":\"https:\/\/www.zoko.ro\/magazin\/\"},{\"@type\":\"ListItem\",\"position\":3,\"name\":\"Periu\u021b\u0103 de din\u021bi din silicon super moale pentru animale de companie, Gonga\u00ae\"}]},{\"@type\":\"WebSite\",\"@id\":\"https:\/\/www.zoko.ro\/#website\",\"url\":\"https:\/\/www.zoko.ro\/\",\"name\":\"ZOKO.ro\",\"description\":\"Cump\u0103r\u0103 inteligent\",\"publisher\":{\"@id\":\"https:\/\/www.zoko.ro\/#organization\"},\"potentialAction\":[{\"@type\":\"SearchAction\",\"target\":{\"@type\":\"EntryPoint\",\"urlTemplate\":\"https:\/\/www.zoko.ro\/?s={search_term_string}\"},\"query-input\":{\"@type\":\"PropertyValueSpecification\",\"valueRequired\":true,\"valueName\":\"search_term_string\"}}],\"inLanguage\":\"en-GB\"},{\"@type\":\"Organization\",\"@id\":\"https:\/\/www.zoko.ro\/#organization\",\"name\":\"ZOKO\",\"url\":\"https:\/\/www.zoko.ro\/\",\"logo\":{\"@type\":\"ImageObject\",\"inLanguage\":\"en-GB\",\"@id\":\"https:\/\/www.zoko.ro\/#\/schema\/logo\/image\/\",\"url\":\"https:\/\/www.zoko.ro\/wp-content\/uploads\/2025\/03\/logo1.svg\",\"contentUrl\":\"https:\/\/www.zoko.ro\/wp-content\/uploads\/2025\/03\/logo1.svg\",\"width\":799,\"height\":216,\"caption\":\"ZOKO\"},\"image\":{\"@id\":\"https:\/\/www.zoko.ro\/#\/schema\/logo\/image\/\"},\"sameAs\":[\"https:\/\/www.facebook.com\/profile.php?id=61584344135075\"]}]}<\/script>\n<!-- \/ Yoast SEO plugin. -->","yoast_head_json":{"title":"Periu\u021b\u0103 de din\u021bi din silicon super moale pentru animale de companie, Gonga\u00ae | ZOKO","robots":{"index":"index","follow":"follow","max-snippet":"max-snippet:-1","max-image-preview":"max-image-preview:large","max-video-preview":"max-video-preview:-1"},"canonical":"https:\/\/www.zoko.ro\/en\/p\/periuta-de-dinti-din-silicon-super-moale-pentru-animale-de-companie-gonga\/","og_locale":"en_GB","og_type":"article","og_title":"Periu\u021b\u0103 de din\u021bi din silicon super moale pentru animale de companie, Gonga\u00ae | ZOKO","og_description":"Culoare: Alb Periu\u021b\u0103 de din\u021bi din silicon pentru animale \u2013 cur\u0103\u021bare delicat\u0103 \u0219i eficient\u0103 Asigur\u0103 igiena dentar\u0103 a animalului t\u0103u","og_url":"https:\/\/www.zoko.ro\/en\/p\/periuta-de-dinti-din-silicon-super-moale-pentru-animale-de-companie-gonga\/","og_site_name":"ZOKO","article_publisher":"https:\/\/www.facebook.com\/profile.php?id=61584344135075","og_image":[{"width":1183,"height":1200,"url":"https:\/\/www.zoko.ro\/wp-content\/uploads\/2025\/12\/periua-de-dini-din-silicon-super-moale-pentru-animale-de-companie-gonga.jpg","type":"image\/jpeg"}],"twitter_card":"summary_large_image","twitter_misc":{"Estimated reading time":"1 minute"},"schema":{"@context":"https:\/\/schema.org","@graph":[{"@type":"WebPage","@id":"https:\/\/www.zoko.ro\/p\/periuta-de-dinti-din-silicon-super-moale-pentru-animale-de-companie-gonga\/","url":"https:\/\/www.zoko.ro\/p\/periuta-de-dinti-din-silicon-super-moale-pentru-animale-de-companie-gonga\/","name":"Periu\u021b\u0103 de din\u021bi din silicon super moale pentru animale de companie, Gonga\u00ae | ZOKO","isPartOf":{"@id":"https:\/\/www.zoko.ro\/#website"},"primaryImageOfPage":{"@id":"https:\/\/www.zoko.ro\/p\/periuta-de-dinti-din-silicon-super-moale-pentru-animale-de-companie-gonga\/#primaryimage"},"image":{"@id":"https:\/\/www.zoko.ro\/p\/periuta-de-dinti-din-silicon-super-moale-pentru-animale-de-companie-gonga\/#primaryimage"},"thumbnailUrl":"https:\/\/www.zoko.ro\/wp-content\/uploads\/2025\/12\/periua-de-dini-din-silicon-super-moale-pentru-animale-de-companie-gonga.jpg","datePublished":"2026-04-28T21:38:11+00:00","breadcrumb":{"@id":"https:\/\/www.zoko.ro\/p\/periuta-de-dinti-din-silicon-super-moale-pentru-animale-de-companie-gonga\/#breadcrumb"},"inLanguage":"en-GB","potentialAction":[{"@type":"ReadAction","target":["https:\/\/www.zoko.ro\/p\/periuta-de-dinti-din-silicon-super-moale-pentru-animale-de-companie-gonga\/"]}]},{"@type":"ImageObject","inLanguage":"en-GB","@id":"https:\/\/www.zoko.ro\/p\/periuta-de-dinti-din-silicon-super-moale-pentru-animale-de-companie-gonga\/#primaryimage","url":"https:\/\/www.zoko.ro\/wp-content\/uploads\/2025\/12\/periua-de-dini-din-silicon-super-moale-pentru-animale-de-companie-gonga.jpg","contentUrl":"https:\/\/www.zoko.ro\/wp-content\/uploads\/2025\/12\/periua-de-dini-din-silicon-super-moale-pentru-animale-de-companie-gonga.jpg","width":1183,"height":1200},{"@type":"BreadcrumbList","@id":"https:\/\/www.zoko.ro\/p\/periuta-de-dinti-din-silicon-super-moale-pentru-animale-de-companie-gonga\/#breadcrumb","itemListElement":[{"@type":"ListItem","position":1,"name":"Home","item":"https:\/\/www.zoko.ro\/"},{"@type":"ListItem","position":2,"name":"Magazin","item":"https:\/\/www.zoko.ro\/magazin\/"},{"@type":"ListItem","position":3,"name":"Periu\u021b\u0103 de din\u021bi din silicon super moale pentru animale de companie, Gonga\u00ae"}]},{"@type":"WebSite","@id":"https:\/\/www.zoko.ro\/#website","url":"https:\/\/www.zoko.ro\/","name":"ZOKO.ro","description":"Cump\u0103r\u0103 inteligent","publisher":{"@id":"https:\/\/www.zoko.ro\/#organization"},"potentialAction":[{"@type":"SearchAction","target":{"@type":"EntryPoint","urlTemplate":"https:\/\/www.zoko.ro\/?s={search_term_string}"},"query-input":{"@type":"PropertyValueSpecification","valueRequired":true,"valueName":"search_term_string"}}],"inLanguage":"en-GB"},{"@type":"Organization","@id":"https:\/\/www.zoko.ro\/#organization","name":"ZOKO","url":"https:\/\/www.zoko.ro\/","logo":{"@type":"ImageObject","inLanguage":"en-GB","@id":"https:\/\/www.zoko.ro\/#\/schema\/logo\/image\/","url":"https:\/\/www.zoko.ro\/wp-content\/uploads\/2025\/03\/logo1.svg","contentUrl":"https:\/\/www.zoko.ro\/wp-content\/uploads\/2025\/03\/logo1.svg","width":799,"height":216,"caption":"ZOKO"},"image":{"@id":"https:\/\/www.zoko.ro\/#\/schema\/logo\/image\/"},"sameAs":["https:\/\/www.facebook.com\/profile.php?id=61584344135075"]}]}},"_links":{"self":[{"href":"https:\/\/www.zoko.ro\/en\/wp-json\/wp\/v2\/product\/33517","targetHints":{"allow":["GET"]}}],"collection":[{"href":"https:\/\/www.zoko.ro\/en\/wp-json\/wp\/v2\/product"}],"about":[{"href":"https:\/\/www.zoko.ro\/en\/wp-json\/wp\/v2\/types\/product"}],"replies":[{"embeddable":true,"href":"https:\/\/www.zoko.ro\/en\/wp-json\/wp\/v2\/comments?post=33517"}],"version-history":[{"count":1,"href":"https:\/\/www.zoko.ro\/en\/wp-json\/wp\/v2\/product\/33517\/revisions"}],"predecessor-version":[{"id":38473,"href":"https:\/\/www.zoko.ro\/en\/wp-json\/wp\/v2\/product\/33517\/revisions\/38473"}],"wp:featuredmedia":[{"embeddable":true,"href":"https:\/\/www.zoko.ro\/en\/wp-json\/wp\/v2\/media\/33518"}],"wp:attachment":[{"href":"https:\/\/www.zoko.ro\/en\/wp-json\/wp\/v2\/media?parent=33517"}],"wp:term":[{"taxonomy":"product_brand","embeddable":true,"href":"https:\/\/www.zoko.ro\/en\/wp-json\/wp\/v2\/product_brand?post=33517"},{"taxonomy":"product_cat","embeddable":true,"href":"https:\/\/www.zoko.ro\/en\/wp-json\/wp\/v2\/product_cat?post=33517"},{"taxonomy":"product_tag","embeddable":true,"href":"https:\/\/www.zoko.ro\/en\/wp-json\/wp\/v2\/product_tag?post=33517"}],"curies":[{"name":"wp","href":"https:\/\/api.w.org\/{rel}","templated":true}]}}