{"id":33534,"date":"2026-04-28T23:38:12","date_gmt":"2026-04-28T21:38:12","guid":{"rendered":"https:\/\/www.zoko.ro\/p\/palarie-tip-stewardesa-accesoriu-elegant-pentru-petreceri-tematice-gonga\/"},"modified":"2026-04-28T23:38:12","modified_gmt":"2026-04-28T21:38:12","slug":"palarie-tip-stewardesa-accesoriu-elegant-pentru-petreceri-tematice-gonga","status":"publish","type":"product","link":"https:\/\/www.zoko.ro\/en\/p\/palarie-tip-stewardesa-accesoriu-elegant-pentru-petreceri-tematice-gonga\/","title":{"rendered":"Palarie tip stewardesa, accesoriu elegant pentru petreceri tematice, Gonga\u00ae"},"content":{"rendered":"<p><strong>Culoare:<\/strong> Albastru<\/p>\n<p><strong>P\u0103l\u0103rie de stewardes\u0103 \u2013 Albastru marin<\/strong><\/p>\n<p>Elegan\u021b\u0103 \u0219i profesionalism \u2013 \u00eentr-un singur accesoriu!\u00a0<\/p>\n<p>Vrei s\u0103 adaugi un plus de rafinament \u0219i stil unei \u021binute tematice? Cu aceast\u0103 p\u0103l\u0103rie de stewardes\u0103, \u00eentr-un albastru marin intens, vei ar\u0103ta ca parte dintr-un echipaj de elit\u0103. Este realizat\u0103 din material textil de calitate superioar\u0103 \u0219i este decorat\u0103 cu un paspoal auriu subtil, care ofer\u0103 un aspect elegant \u0219i autentic.<\/p>\n<p><img loading=\"lazy\" decoding=\"async\" src=\"https:\/\/gonga.ro\/img\/cms\/Palarie%20tip%20stewardesa,%20accesoriu%20elegant%20pentru%20petreceri%20tematice,%20Gonga%C2%AE7.jpg\" alt=\"\" width=\"1500\" height=\"1500\" \/><\/p>\n<p>Pe partea din fa\u021b\u0103, p\u0103l\u0103ria este \u00eempodobit\u0103 cu un simbol aviatic din plastic auriu, aplicat cu grij\u0103, ce adaug\u0103 un accent str\u0103lucitor. \u00cen plus, este prev\u0103zut\u0103 cu o band\u0103 elastic\u0103 confortabil\u0103, care se fixeaz\u0103 sub b\u0103rbie, pentru ca p\u0103l\u0103ria s\u0103 r\u0103m\u00e2n\u0103 stabil\u0103 chiar \u0219i \u00een timpul activit\u0103\u021bilor mai intense.<\/p>\n<p><img loading=\"lazy\" decoding=\"async\" src=\"https:\/\/gonga.ro\/img\/cms\/Palarie%20tip%20stewardesa,%20accesoriu%20elegant%20pentru%20petreceri%20tematice,%20Gonga%C2%AE5.jpg\" alt=\"\" width=\"679\" height=\"833\" \/><\/p>\n<\/p>\n<p><strong>Specificatii:<\/strong><\/p>\n<\/p>\n<p>&#8211; Culoare: Albastru marin<\/p>\n<p>&#8211; Decora\u021biune frontal\u0103: Simbol aviatic auriu din plastic<\/p>\n<p>&#8211; Fixare: Band\u0103 elastic\u0103 sub b\u0103rbie, pentru sus\u021binere sigur\u0103<\/p>\n<p>&#8211; Utilizare recomandat\u0103: Petreceri tematice, carnavaluri, \u0219edin\u021be foto sau ca accesoriu pentru un costum rafinat \u0219i profesionist<\/p>\n<p>&#8211; Circumferin\u021b\u0103 aproximativ\u0103: 63 cm<\/p>","protected":false},"excerpt":{"rendered":"<p>Culoare: Albastru P\u0103l\u0103rie de stewardes\u0103 \u2013 Albastru marin Elegan\u021b\u0103 \u0219i profesionalism \u2013 \u00eentr-un singur accesoriu!\u00a0 Vrei s\u0103 adaugi un plus<\/p>","protected":false},"featured_media":33535,"comment_status":"open","ping_status":"open","template":"","meta":[],"product_brand":[],"product_cat":[99,564,352],"product_tag":[104],"class_list":{"0":"post-33534","1":"product","2":"type-product","3":"status-publish","4":"has-post-thumbnail","6":"product_cat-acasa","7":"product_cat-accesorii-costume-si-masti","8":"product_cat-costume-masti","9":"product_tag-in-stoc","10":"pa_culoare-albastru","12":"first","13":"instock","14":"sale","15":"purchasable","16":"product-type-simple"},"yoast_head":"<!-- This site is optimized with the Yoast SEO plugin v27.2 - https:\/\/yoast.com\/product\/yoast-seo-wordpress\/ -->\n<title>Palarie tip stewardesa, accesoriu elegant pentru petreceri tematice, Gonga\u00ae | ZOKO<\/title>\n<meta name=\"robots\" content=\"index, follow, max-snippet:-1, max-image-preview:large, max-video-preview:-1\" \/>\n<link rel=\"canonical\" href=\"https:\/\/www.zoko.ro\/en\/p\/palarie-tip-stewardesa-accesoriu-elegant-pentru-petreceri-tematice-gonga\/\" \/>\n<meta property=\"og:locale\" content=\"en_GB\" \/>\n<meta property=\"og:type\" content=\"article\" \/>\n<meta property=\"og:title\" content=\"Palarie tip stewardesa, accesoriu elegant pentru petreceri tematice, Gonga\u00ae | ZOKO\" \/>\n<meta property=\"og:description\" content=\"Culoare: Albastru P\u0103l\u0103rie de stewardes\u0103 \u2013 Albastru marin Elegan\u021b\u0103 \u0219i profesionalism \u2013 \u00eentr-un singur accesoriu!\u00a0 Vrei s\u0103 adaugi un plus\" \/>\n<meta property=\"og:url\" content=\"https:\/\/www.zoko.ro\/en\/p\/palarie-tip-stewardesa-accesoriu-elegant-pentru-petreceri-tematice-gonga\/\" \/>\n<meta property=\"og:site_name\" content=\"ZOKO\" \/>\n<meta property=\"article:publisher\" content=\"https:\/\/www.facebook.com\/profile.php?id=61584344135075\" \/>\n<meta property=\"og:image\" content=\"https:\/\/www.zoko.ro\/wp-content\/uploads\/2025\/12\/palarie-tip-stewardesa-accesoriu-elegant-pentru-petreceri-tematice-gonga.jpg\" \/>\n\t<meta property=\"og:image:width\" content=\"720\" \/>\n\t<meta property=\"og:image:height\" content=\"720\" \/>\n\t<meta property=\"og:image:type\" content=\"image\/jpeg\" \/>\n<meta name=\"twitter:card\" content=\"summary_large_image\" \/>\n<meta name=\"twitter:label1\" content=\"Estimated reading time\" \/>\n\t<meta name=\"twitter:data1\" content=\"1 minute\" \/>\n<script type=\"application\/ld+json\" class=\"yoast-schema-graph\">{\"@context\":\"https:\/\/schema.org\",\"@graph\":[{\"@type\":\"WebPage\",\"@id\":\"https:\/\/www.zoko.ro\/p\/palarie-tip-stewardesa-accesoriu-elegant-pentru-petreceri-tematice-gonga\/\",\"url\":\"https:\/\/www.zoko.ro\/p\/palarie-tip-stewardesa-accesoriu-elegant-pentru-petreceri-tematice-gonga\/\",\"name\":\"Palarie tip stewardesa, accesoriu elegant pentru petreceri tematice, Gonga\u00ae | ZOKO\",\"isPartOf\":{\"@id\":\"https:\/\/www.zoko.ro\/#website\"},\"primaryImageOfPage\":{\"@id\":\"https:\/\/www.zoko.ro\/p\/palarie-tip-stewardesa-accesoriu-elegant-pentru-petreceri-tematice-gonga\/#primaryimage\"},\"image\":{\"@id\":\"https:\/\/www.zoko.ro\/p\/palarie-tip-stewardesa-accesoriu-elegant-pentru-petreceri-tematice-gonga\/#primaryimage\"},\"thumbnailUrl\":\"https:\/\/www.zoko.ro\/wp-content\/uploads\/2025\/12\/palarie-tip-stewardesa-accesoriu-elegant-pentru-petreceri-tematice-gonga.jpg\",\"datePublished\":\"2026-04-28T21:38:12+00:00\",\"breadcrumb\":{\"@id\":\"https:\/\/www.zoko.ro\/p\/palarie-tip-stewardesa-accesoriu-elegant-pentru-petreceri-tematice-gonga\/#breadcrumb\"},\"inLanguage\":\"en-GB\",\"potentialAction\":[{\"@type\":\"ReadAction\",\"target\":[\"https:\/\/www.zoko.ro\/p\/palarie-tip-stewardesa-accesoriu-elegant-pentru-petreceri-tematice-gonga\/\"]}]},{\"@type\":\"ImageObject\",\"inLanguage\":\"en-GB\",\"@id\":\"https:\/\/www.zoko.ro\/p\/palarie-tip-stewardesa-accesoriu-elegant-pentru-petreceri-tematice-gonga\/#primaryimage\",\"url\":\"https:\/\/www.zoko.ro\/wp-content\/uploads\/2025\/12\/palarie-tip-stewardesa-accesoriu-elegant-pentru-petreceri-tematice-gonga.jpg\",\"contentUrl\":\"https:\/\/www.zoko.ro\/wp-content\/uploads\/2025\/12\/palarie-tip-stewardesa-accesoriu-elegant-pentru-petreceri-tematice-gonga.jpg\",\"width\":720,\"height\":720},{\"@type\":\"BreadcrumbList\",\"@id\":\"https:\/\/www.zoko.ro\/p\/palarie-tip-stewardesa-accesoriu-elegant-pentru-petreceri-tematice-gonga\/#breadcrumb\",\"itemListElement\":[{\"@type\":\"ListItem\",\"position\":1,\"name\":\"Home\",\"item\":\"https:\/\/www.zoko.ro\/\"},{\"@type\":\"ListItem\",\"position\":2,\"name\":\"Magazin\",\"item\":\"https:\/\/www.zoko.ro\/magazin\/\"},{\"@type\":\"ListItem\",\"position\":3,\"name\":\"Palarie tip stewardesa, accesoriu elegant pentru petreceri tematice, Gonga\u00ae\"}]},{\"@type\":\"WebSite\",\"@id\":\"https:\/\/www.zoko.ro\/#website\",\"url\":\"https:\/\/www.zoko.ro\/\",\"name\":\"ZOKO.ro\",\"description\":\"Cump\u0103r\u0103 inteligent\",\"publisher\":{\"@id\":\"https:\/\/www.zoko.ro\/#organization\"},\"potentialAction\":[{\"@type\":\"SearchAction\",\"target\":{\"@type\":\"EntryPoint\",\"urlTemplate\":\"https:\/\/www.zoko.ro\/?s={search_term_string}\"},\"query-input\":{\"@type\":\"PropertyValueSpecification\",\"valueRequired\":true,\"valueName\":\"search_term_string\"}}],\"inLanguage\":\"en-GB\"},{\"@type\":\"Organization\",\"@id\":\"https:\/\/www.zoko.ro\/#organization\",\"name\":\"ZOKO\",\"url\":\"https:\/\/www.zoko.ro\/\",\"logo\":{\"@type\":\"ImageObject\",\"inLanguage\":\"en-GB\",\"@id\":\"https:\/\/www.zoko.ro\/#\/schema\/logo\/image\/\",\"url\":\"https:\/\/www.zoko.ro\/wp-content\/uploads\/2025\/03\/logo1.svg\",\"contentUrl\":\"https:\/\/www.zoko.ro\/wp-content\/uploads\/2025\/03\/logo1.svg\",\"width\":799,\"height\":216,\"caption\":\"ZOKO\"},\"image\":{\"@id\":\"https:\/\/www.zoko.ro\/#\/schema\/logo\/image\/\"},\"sameAs\":[\"https:\/\/www.facebook.com\/profile.php?id=61584344135075\"]}]}<\/script>\n<!-- \/ Yoast SEO plugin. -->","yoast_head_json":{"title":"Palarie tip stewardesa, accesoriu elegant pentru petreceri tematice, Gonga\u00ae | ZOKO","robots":{"index":"index","follow":"follow","max-snippet":"max-snippet:-1","max-image-preview":"max-image-preview:large","max-video-preview":"max-video-preview:-1"},"canonical":"https:\/\/www.zoko.ro\/en\/p\/palarie-tip-stewardesa-accesoriu-elegant-pentru-petreceri-tematice-gonga\/","og_locale":"en_GB","og_type":"article","og_title":"Palarie tip stewardesa, accesoriu elegant pentru petreceri tematice, Gonga\u00ae | ZOKO","og_description":"Culoare: Albastru P\u0103l\u0103rie de stewardes\u0103 \u2013 Albastru marin Elegan\u021b\u0103 \u0219i profesionalism \u2013 \u00eentr-un singur accesoriu!\u00a0 Vrei s\u0103 adaugi un plus","og_url":"https:\/\/www.zoko.ro\/en\/p\/palarie-tip-stewardesa-accesoriu-elegant-pentru-petreceri-tematice-gonga\/","og_site_name":"ZOKO","article_publisher":"https:\/\/www.facebook.com\/profile.php?id=61584344135075","og_image":[{"width":720,"height":720,"url":"https:\/\/www.zoko.ro\/wp-content\/uploads\/2025\/12\/palarie-tip-stewardesa-accesoriu-elegant-pentru-petreceri-tematice-gonga.jpg","type":"image\/jpeg"}],"twitter_card":"summary_large_image","twitter_misc":{"Estimated reading time":"1 minute"},"schema":{"@context":"https:\/\/schema.org","@graph":[{"@type":"WebPage","@id":"https:\/\/www.zoko.ro\/p\/palarie-tip-stewardesa-accesoriu-elegant-pentru-petreceri-tematice-gonga\/","url":"https:\/\/www.zoko.ro\/p\/palarie-tip-stewardesa-accesoriu-elegant-pentru-petreceri-tematice-gonga\/","name":"Palarie tip stewardesa, accesoriu elegant pentru petreceri tematice, Gonga\u00ae | ZOKO","isPartOf":{"@id":"https:\/\/www.zoko.ro\/#website"},"primaryImageOfPage":{"@id":"https:\/\/www.zoko.ro\/p\/palarie-tip-stewardesa-accesoriu-elegant-pentru-petreceri-tematice-gonga\/#primaryimage"},"image":{"@id":"https:\/\/www.zoko.ro\/p\/palarie-tip-stewardesa-accesoriu-elegant-pentru-petreceri-tematice-gonga\/#primaryimage"},"thumbnailUrl":"https:\/\/www.zoko.ro\/wp-content\/uploads\/2025\/12\/palarie-tip-stewardesa-accesoriu-elegant-pentru-petreceri-tematice-gonga.jpg","datePublished":"2026-04-28T21:38:12+00:00","breadcrumb":{"@id":"https:\/\/www.zoko.ro\/p\/palarie-tip-stewardesa-accesoriu-elegant-pentru-petreceri-tematice-gonga\/#breadcrumb"},"inLanguage":"en-GB","potentialAction":[{"@type":"ReadAction","target":["https:\/\/www.zoko.ro\/p\/palarie-tip-stewardesa-accesoriu-elegant-pentru-petreceri-tematice-gonga\/"]}]},{"@type":"ImageObject","inLanguage":"en-GB","@id":"https:\/\/www.zoko.ro\/p\/palarie-tip-stewardesa-accesoriu-elegant-pentru-petreceri-tematice-gonga\/#primaryimage","url":"https:\/\/www.zoko.ro\/wp-content\/uploads\/2025\/12\/palarie-tip-stewardesa-accesoriu-elegant-pentru-petreceri-tematice-gonga.jpg","contentUrl":"https:\/\/www.zoko.ro\/wp-content\/uploads\/2025\/12\/palarie-tip-stewardesa-accesoriu-elegant-pentru-petreceri-tematice-gonga.jpg","width":720,"height":720},{"@type":"BreadcrumbList","@id":"https:\/\/www.zoko.ro\/p\/palarie-tip-stewardesa-accesoriu-elegant-pentru-petreceri-tematice-gonga\/#breadcrumb","itemListElement":[{"@type":"ListItem","position":1,"name":"Home","item":"https:\/\/www.zoko.ro\/"},{"@type":"ListItem","position":2,"name":"Magazin","item":"https:\/\/www.zoko.ro\/magazin\/"},{"@type":"ListItem","position":3,"name":"Palarie tip stewardesa, accesoriu elegant pentru petreceri tematice, Gonga\u00ae"}]},{"@type":"WebSite","@id":"https:\/\/www.zoko.ro\/#website","url":"https:\/\/www.zoko.ro\/","name":"ZOKO.ro","description":"Cump\u0103r\u0103 inteligent","publisher":{"@id":"https:\/\/www.zoko.ro\/#organization"},"potentialAction":[{"@type":"SearchAction","target":{"@type":"EntryPoint","urlTemplate":"https:\/\/www.zoko.ro\/?s={search_term_string}"},"query-input":{"@type":"PropertyValueSpecification","valueRequired":true,"valueName":"search_term_string"}}],"inLanguage":"en-GB"},{"@type":"Organization","@id":"https:\/\/www.zoko.ro\/#organization","name":"ZOKO","url":"https:\/\/www.zoko.ro\/","logo":{"@type":"ImageObject","inLanguage":"en-GB","@id":"https:\/\/www.zoko.ro\/#\/schema\/logo\/image\/","url":"https:\/\/www.zoko.ro\/wp-content\/uploads\/2025\/03\/logo1.svg","contentUrl":"https:\/\/www.zoko.ro\/wp-content\/uploads\/2025\/03\/logo1.svg","width":799,"height":216,"caption":"ZOKO"},"image":{"@id":"https:\/\/www.zoko.ro\/#\/schema\/logo\/image\/"},"sameAs":["https:\/\/www.facebook.com\/profile.php?id=61584344135075"]}]}},"_links":{"self":[{"href":"https:\/\/www.zoko.ro\/en\/wp-json\/wp\/v2\/product\/33534","targetHints":{"allow":["GET"]}}],"collection":[{"href":"https:\/\/www.zoko.ro\/en\/wp-json\/wp\/v2\/product"}],"about":[{"href":"https:\/\/www.zoko.ro\/en\/wp-json\/wp\/v2\/types\/product"}],"replies":[{"embeddable":true,"href":"https:\/\/www.zoko.ro\/en\/wp-json\/wp\/v2\/comments?post=33534"}],"version-history":[{"count":1,"href":"https:\/\/www.zoko.ro\/en\/wp-json\/wp\/v2\/product\/33534\/revisions"}],"predecessor-version":[{"id":38476,"href":"https:\/\/www.zoko.ro\/en\/wp-json\/wp\/v2\/product\/33534\/revisions\/38476"}],"wp:featuredmedia":[{"embeddable":true,"href":"https:\/\/www.zoko.ro\/en\/wp-json\/wp\/v2\/media\/33535"}],"wp:attachment":[{"href":"https:\/\/www.zoko.ro\/en\/wp-json\/wp\/v2\/media?parent=33534"}],"wp:term":[{"taxonomy":"product_brand","embeddable":true,"href":"https:\/\/www.zoko.ro\/en\/wp-json\/wp\/v2\/product_brand?post=33534"},{"taxonomy":"product_cat","embeddable":true,"href":"https:\/\/www.zoko.ro\/en\/wp-json\/wp\/v2\/product_cat?post=33534"},{"taxonomy":"product_tag","embeddable":true,"href":"https:\/\/www.zoko.ro\/en\/wp-json\/wp\/v2\/product_tag?post=33534"}],"curies":[{"name":"wp","href":"https:\/\/api.w.org\/{rel}","templated":true}]}}