{"id":33543,"date":"2026-04-28T23:38:13","date_gmt":"2026-04-28T21:38:13","guid":{"rendered":"https:\/\/www.zoko.ro\/p\/sapca-pilot-avion-pentru-petreceri-tematice-gonga\/"},"modified":"2026-04-28T23:38:13","modified_gmt":"2026-04-28T21:38:13","slug":"sapca-pilot-avion-pentru-petreceri-tematice-gonga","status":"publish","type":"product","link":"https:\/\/www.zoko.ro\/en\/p\/sapca-pilot-avion-pentru-petreceri-tematice-gonga\/","title":{"rendered":"Sapca pilot avion, pentru petreceri tematice, Gonga\u00ae"},"content":{"rendered":"<p><strong>Culoare:<\/strong> Albastru<\/p>\n<p><strong>Sapca pilot avion, pentru petreceri tematice<\/strong><\/p>\n<p>Ridic\u0103-te la \u00een\u0103l\u021bimea stilului!<\/p>\n<p>Inspirat\u0103 de stilul clasic al pilo\u021bilor, aceast\u0103 \u0219apc\u0103 de baseball bleumarin este alegerea ideal\u0103 dac\u0103 \u00ee\u021bi dore\u0219ti un look elegant, dar confortabil. Potrivit\u0103 pentru evenimente tematice, ofer\u0103 un aer autentic de avia\u021bie modern\u0103.<\/p>\n<p><img loading=\"lazy\" decoding=\"async\" src=\"https:\/\/gonga.ro\/img\/cms\/Sapca%20pilot%20avion,%20pentru%20petreceri%20tematice,%20Gonga%C2%AE5.jpeg\" alt=\"\" width=\"1080\" height=\"1080\" \/><\/p>\n<p><strong>Detalii \u0219i dimensiuni:<\/strong><\/p>\n<p>&#8211; M\u0103rime universal\u0103, ajustabil\u0103 la spate printr-o curea practic\u0103, potrivit\u0103 pentru diferite circumferin\u021be ale capului<\/p>\n<p>&#8211; Eticheta decorativ\u0103 aplicat\u0103 \u00een fa\u021b\u0103 accentueaz\u0103 inspira\u021bia aviatic\u0103<\/p>\n<p>&#8211; Viziera neagr\u0103, lucioas\u0103, adaug\u0103 un finisaj stilat \u0219i protejeaz\u0103 de razele soarelui<\/p>\n<p>&#8211; \u0218apca este confortabil\u0103 \u0219i practic\u0103, fiind perfect\u0103 pentru petreceri tematice, carnavaluri, costume de Halloween sau evenimente cosplay.<\/p>\n<p><img loading=\"lazy\" decoding=\"async\" src=\"https:\/\/gonga.ro\/img\/cms\/Sapca%20pilot%20avion,%20pentru%20petreceri%20tematice,%20Gonga%C2%AE6.jpg\" alt=\"\" width=\"679\" height=\"680\" \/><\/p>\n<\/p>\n<p><strong>Specificatii:<\/strong><\/p>\n<\/p>\n<p>&#8211; Culoare: Bleumarin, cu vizier\u0103 neagr\u0103 str\u0103lucitoare<\/p>\n<p>&#8211; Material: Textil de calitate superioar\u0103, durabil \u0219i confortabil<\/p>\n<p>&#8211; Vizier\u0103: Negru lucios<\/p>\n<p>&#8211; Ajustare: Curea reglabil\u0103 la spate pentru fixare sigur\u0103<\/p>\n<p>Utilizare: Ideal\u0103 pentru costume tematice, carnaval, Halloween sau \u0219edin\u021be foto inspirate din lumea avia\u021biei<\/p>","protected":false},"excerpt":{"rendered":"<p>Culoare: Albastru Sapca pilot avion, pentru petreceri tematice Ridic\u0103-te la \u00een\u0103l\u021bimea stilului! Inspirat\u0103 de stilul clasic al pilo\u021bilor, aceast\u0103 \u0219apc\u0103<\/p>","protected":false},"featured_media":33544,"comment_status":"open","ping_status":"open","template":"","meta":[],"product_brand":[],"product_cat":[99,564,352],"product_tag":[104],"class_list":{"0":"post-33543","1":"product","2":"type-product","3":"status-publish","4":"has-post-thumbnail","6":"product_cat-acasa","7":"product_cat-accesorii-costume-si-masti","8":"product_cat-costume-masti","9":"product_tag-in-stoc","10":"pa_culoare-albastru","12":"first","13":"instock","14":"sale","15":"purchasable","16":"product-type-simple"},"yoast_head":"<!-- This site is optimized with the Yoast SEO plugin v27.2 - https:\/\/yoast.com\/product\/yoast-seo-wordpress\/ -->\n<title>Sapca pilot avion, pentru petreceri tematice, Gonga\u00ae | ZOKO<\/title>\n<meta name=\"robots\" content=\"index, follow, max-snippet:-1, max-image-preview:large, max-video-preview:-1\" \/>\n<link rel=\"canonical\" href=\"https:\/\/www.zoko.ro\/en\/p\/sapca-pilot-avion-pentru-petreceri-tematice-gonga\/\" \/>\n<meta property=\"og:locale\" content=\"en_GB\" \/>\n<meta property=\"og:type\" content=\"article\" \/>\n<meta property=\"og:title\" content=\"Sapca pilot avion, pentru petreceri tematice, Gonga\u00ae | ZOKO\" \/>\n<meta property=\"og:description\" content=\"Culoare: Albastru Sapca pilot avion, pentru petreceri tematice Ridic\u0103-te la \u00een\u0103l\u021bimea stilului! Inspirat\u0103 de stilul clasic al pilo\u021bilor, aceast\u0103 \u0219apc\u0103\" \/>\n<meta property=\"og:url\" content=\"https:\/\/www.zoko.ro\/en\/p\/sapca-pilot-avion-pentru-petreceri-tematice-gonga\/\" \/>\n<meta property=\"og:site_name\" content=\"ZOKO\" \/>\n<meta property=\"article:publisher\" content=\"https:\/\/www.facebook.com\/profile.php?id=61584344135075\" \/>\n<meta property=\"og:image\" content=\"https:\/\/www.zoko.ro\/wp-content\/uploads\/2025\/12\/sapca-pilot-avion-pentru-petreceri-tematice-gonga.jpg\" \/>\n\t<meta property=\"og:image:width\" content=\"720\" \/>\n\t<meta property=\"og:image:height\" content=\"720\" \/>\n\t<meta property=\"og:image:type\" content=\"image\/jpeg\" \/>\n<meta name=\"twitter:card\" content=\"summary_large_image\" \/>\n<meta name=\"twitter:label1\" content=\"Estimated reading time\" \/>\n\t<meta name=\"twitter:data1\" content=\"1 minute\" \/>\n<script type=\"application\/ld+json\" class=\"yoast-schema-graph\">{\"@context\":\"https:\/\/schema.org\",\"@graph\":[{\"@type\":\"WebPage\",\"@id\":\"https:\/\/www.zoko.ro\/p\/sapca-pilot-avion-pentru-petreceri-tematice-gonga\/\",\"url\":\"https:\/\/www.zoko.ro\/p\/sapca-pilot-avion-pentru-petreceri-tematice-gonga\/\",\"name\":\"Sapca pilot avion, pentru petreceri tematice, Gonga\u00ae | ZOKO\",\"isPartOf\":{\"@id\":\"https:\/\/www.zoko.ro\/#website\"},\"primaryImageOfPage\":{\"@id\":\"https:\/\/www.zoko.ro\/p\/sapca-pilot-avion-pentru-petreceri-tematice-gonga\/#primaryimage\"},\"image\":{\"@id\":\"https:\/\/www.zoko.ro\/p\/sapca-pilot-avion-pentru-petreceri-tematice-gonga\/#primaryimage\"},\"thumbnailUrl\":\"https:\/\/www.zoko.ro\/wp-content\/uploads\/2025\/12\/sapca-pilot-avion-pentru-petreceri-tematice-gonga.jpg\",\"datePublished\":\"2026-04-28T21:38:13+00:00\",\"breadcrumb\":{\"@id\":\"https:\/\/www.zoko.ro\/p\/sapca-pilot-avion-pentru-petreceri-tematice-gonga\/#breadcrumb\"},\"inLanguage\":\"en-GB\",\"potentialAction\":[{\"@type\":\"ReadAction\",\"target\":[\"https:\/\/www.zoko.ro\/p\/sapca-pilot-avion-pentru-petreceri-tematice-gonga\/\"]}]},{\"@type\":\"ImageObject\",\"inLanguage\":\"en-GB\",\"@id\":\"https:\/\/www.zoko.ro\/p\/sapca-pilot-avion-pentru-petreceri-tematice-gonga\/#primaryimage\",\"url\":\"https:\/\/www.zoko.ro\/wp-content\/uploads\/2025\/12\/sapca-pilot-avion-pentru-petreceri-tematice-gonga.jpg\",\"contentUrl\":\"https:\/\/www.zoko.ro\/wp-content\/uploads\/2025\/12\/sapca-pilot-avion-pentru-petreceri-tematice-gonga.jpg\",\"width\":720,\"height\":720},{\"@type\":\"BreadcrumbList\",\"@id\":\"https:\/\/www.zoko.ro\/p\/sapca-pilot-avion-pentru-petreceri-tematice-gonga\/#breadcrumb\",\"itemListElement\":[{\"@type\":\"ListItem\",\"position\":1,\"name\":\"Home\",\"item\":\"https:\/\/www.zoko.ro\/\"},{\"@type\":\"ListItem\",\"position\":2,\"name\":\"Magazin\",\"item\":\"https:\/\/www.zoko.ro\/magazin\/\"},{\"@type\":\"ListItem\",\"position\":3,\"name\":\"Sapca pilot avion, pentru petreceri tematice, Gonga\u00ae\"}]},{\"@type\":\"WebSite\",\"@id\":\"https:\/\/www.zoko.ro\/#website\",\"url\":\"https:\/\/www.zoko.ro\/\",\"name\":\"ZOKO.ro\",\"description\":\"Cump\u0103r\u0103 inteligent\",\"publisher\":{\"@id\":\"https:\/\/www.zoko.ro\/#organization\"},\"potentialAction\":[{\"@type\":\"SearchAction\",\"target\":{\"@type\":\"EntryPoint\",\"urlTemplate\":\"https:\/\/www.zoko.ro\/?s={search_term_string}\"},\"query-input\":{\"@type\":\"PropertyValueSpecification\",\"valueRequired\":true,\"valueName\":\"search_term_string\"}}],\"inLanguage\":\"en-GB\"},{\"@type\":\"Organization\",\"@id\":\"https:\/\/www.zoko.ro\/#organization\",\"name\":\"ZOKO\",\"url\":\"https:\/\/www.zoko.ro\/\",\"logo\":{\"@type\":\"ImageObject\",\"inLanguage\":\"en-GB\",\"@id\":\"https:\/\/www.zoko.ro\/#\/schema\/logo\/image\/\",\"url\":\"https:\/\/www.zoko.ro\/wp-content\/uploads\/2025\/03\/logo1.svg\",\"contentUrl\":\"https:\/\/www.zoko.ro\/wp-content\/uploads\/2025\/03\/logo1.svg\",\"width\":799,\"height\":216,\"caption\":\"ZOKO\"},\"image\":{\"@id\":\"https:\/\/www.zoko.ro\/#\/schema\/logo\/image\/\"},\"sameAs\":[\"https:\/\/www.facebook.com\/profile.php?id=61584344135075\"]}]}<\/script>\n<!-- \/ Yoast SEO plugin. -->","yoast_head_json":{"title":"Sapca pilot avion, pentru petreceri tematice, Gonga\u00ae | ZOKO","robots":{"index":"index","follow":"follow","max-snippet":"max-snippet:-1","max-image-preview":"max-image-preview:large","max-video-preview":"max-video-preview:-1"},"canonical":"https:\/\/www.zoko.ro\/en\/p\/sapca-pilot-avion-pentru-petreceri-tematice-gonga\/","og_locale":"en_GB","og_type":"article","og_title":"Sapca pilot avion, pentru petreceri tematice, Gonga\u00ae | ZOKO","og_description":"Culoare: Albastru Sapca pilot avion, pentru petreceri tematice Ridic\u0103-te la \u00een\u0103l\u021bimea stilului! Inspirat\u0103 de stilul clasic al pilo\u021bilor, aceast\u0103 \u0219apc\u0103","og_url":"https:\/\/www.zoko.ro\/en\/p\/sapca-pilot-avion-pentru-petreceri-tematice-gonga\/","og_site_name":"ZOKO","article_publisher":"https:\/\/www.facebook.com\/profile.php?id=61584344135075","og_image":[{"width":720,"height":720,"url":"https:\/\/www.zoko.ro\/wp-content\/uploads\/2025\/12\/sapca-pilot-avion-pentru-petreceri-tematice-gonga.jpg","type":"image\/jpeg"}],"twitter_card":"summary_large_image","twitter_misc":{"Estimated reading time":"1 minute"},"schema":{"@context":"https:\/\/schema.org","@graph":[{"@type":"WebPage","@id":"https:\/\/www.zoko.ro\/p\/sapca-pilot-avion-pentru-petreceri-tematice-gonga\/","url":"https:\/\/www.zoko.ro\/p\/sapca-pilot-avion-pentru-petreceri-tematice-gonga\/","name":"Sapca pilot avion, pentru petreceri tematice, Gonga\u00ae | ZOKO","isPartOf":{"@id":"https:\/\/www.zoko.ro\/#website"},"primaryImageOfPage":{"@id":"https:\/\/www.zoko.ro\/p\/sapca-pilot-avion-pentru-petreceri-tematice-gonga\/#primaryimage"},"image":{"@id":"https:\/\/www.zoko.ro\/p\/sapca-pilot-avion-pentru-petreceri-tematice-gonga\/#primaryimage"},"thumbnailUrl":"https:\/\/www.zoko.ro\/wp-content\/uploads\/2025\/12\/sapca-pilot-avion-pentru-petreceri-tematice-gonga.jpg","datePublished":"2026-04-28T21:38:13+00:00","breadcrumb":{"@id":"https:\/\/www.zoko.ro\/p\/sapca-pilot-avion-pentru-petreceri-tematice-gonga\/#breadcrumb"},"inLanguage":"en-GB","potentialAction":[{"@type":"ReadAction","target":["https:\/\/www.zoko.ro\/p\/sapca-pilot-avion-pentru-petreceri-tematice-gonga\/"]}]},{"@type":"ImageObject","inLanguage":"en-GB","@id":"https:\/\/www.zoko.ro\/p\/sapca-pilot-avion-pentru-petreceri-tematice-gonga\/#primaryimage","url":"https:\/\/www.zoko.ro\/wp-content\/uploads\/2025\/12\/sapca-pilot-avion-pentru-petreceri-tematice-gonga.jpg","contentUrl":"https:\/\/www.zoko.ro\/wp-content\/uploads\/2025\/12\/sapca-pilot-avion-pentru-petreceri-tematice-gonga.jpg","width":720,"height":720},{"@type":"BreadcrumbList","@id":"https:\/\/www.zoko.ro\/p\/sapca-pilot-avion-pentru-petreceri-tematice-gonga\/#breadcrumb","itemListElement":[{"@type":"ListItem","position":1,"name":"Home","item":"https:\/\/www.zoko.ro\/"},{"@type":"ListItem","position":2,"name":"Magazin","item":"https:\/\/www.zoko.ro\/magazin\/"},{"@type":"ListItem","position":3,"name":"Sapca pilot avion, pentru petreceri tematice, Gonga\u00ae"}]},{"@type":"WebSite","@id":"https:\/\/www.zoko.ro\/#website","url":"https:\/\/www.zoko.ro\/","name":"ZOKO.ro","description":"Cump\u0103r\u0103 inteligent","publisher":{"@id":"https:\/\/www.zoko.ro\/#organization"},"potentialAction":[{"@type":"SearchAction","target":{"@type":"EntryPoint","urlTemplate":"https:\/\/www.zoko.ro\/?s={search_term_string}"},"query-input":{"@type":"PropertyValueSpecification","valueRequired":true,"valueName":"search_term_string"}}],"inLanguage":"en-GB"},{"@type":"Organization","@id":"https:\/\/www.zoko.ro\/#organization","name":"ZOKO","url":"https:\/\/www.zoko.ro\/","logo":{"@type":"ImageObject","inLanguage":"en-GB","@id":"https:\/\/www.zoko.ro\/#\/schema\/logo\/image\/","url":"https:\/\/www.zoko.ro\/wp-content\/uploads\/2025\/03\/logo1.svg","contentUrl":"https:\/\/www.zoko.ro\/wp-content\/uploads\/2025\/03\/logo1.svg","width":799,"height":216,"caption":"ZOKO"},"image":{"@id":"https:\/\/www.zoko.ro\/#\/schema\/logo\/image\/"},"sameAs":["https:\/\/www.facebook.com\/profile.php?id=61584344135075"]}]}},"_links":{"self":[{"href":"https:\/\/www.zoko.ro\/en\/wp-json\/wp\/v2\/product\/33543","targetHints":{"allow":["GET"]}}],"collection":[{"href":"https:\/\/www.zoko.ro\/en\/wp-json\/wp\/v2\/product"}],"about":[{"href":"https:\/\/www.zoko.ro\/en\/wp-json\/wp\/v2\/types\/product"}],"replies":[{"embeddable":true,"href":"https:\/\/www.zoko.ro\/en\/wp-json\/wp\/v2\/comments?post=33543"}],"version-history":[{"count":1,"href":"https:\/\/www.zoko.ro\/en\/wp-json\/wp\/v2\/product\/33543\/revisions"}],"predecessor-version":[{"id":38477,"href":"https:\/\/www.zoko.ro\/en\/wp-json\/wp\/v2\/product\/33543\/revisions\/38477"}],"wp:featuredmedia":[{"embeddable":true,"href":"https:\/\/www.zoko.ro\/en\/wp-json\/wp\/v2\/media\/33544"}],"wp:attachment":[{"href":"https:\/\/www.zoko.ro\/en\/wp-json\/wp\/v2\/media?parent=33543"}],"wp:term":[{"taxonomy":"product_brand","embeddable":true,"href":"https:\/\/www.zoko.ro\/en\/wp-json\/wp\/v2\/product_brand?post=33543"},{"taxonomy":"product_cat","embeddable":true,"href":"https:\/\/www.zoko.ro\/en\/wp-json\/wp\/v2\/product_cat?post=33543"},{"taxonomy":"product_tag","embeddable":true,"href":"https:\/\/www.zoko.ro\/en\/wp-json\/wp\/v2\/product_tag?post=33543"}],"curies":[{"name":"wp","href":"https:\/\/api.w.org\/{rel}","templated":true}]}}