{"id":33621,"date":"2026-04-28T23:38:21","date_gmt":"2026-04-28T21:38:21","guid":{"rendered":"https:\/\/www.zoko.ro\/p\/telefonul-ideal-pentru-bunici-seniori-profoon-pm-788-cu-taste-sos-mari-si-lanterna\/"},"modified":"2026-04-28T23:38:21","modified_gmt":"2026-04-28T21:38:21","slug":"telefonul-ideal-pentru-bunici-seniori-profoon-pm-788-cu-taste-sos-mari-si-lanterna","status":"publish","type":"product","link":"https:\/\/www.zoko.ro\/en\/p\/telefonul-ideal-pentru-bunici-seniori-profoon-pm-788-cu-taste-sos-mari-si-lanterna\/","title":{"rendered":"Telefonul Ideal pentru bunici\/seniori PROFOON PM-788 cu taste SOS MARI \u0219i lantern\u0103"},"content":{"rendered":"<p><strong>Culoare:<\/strong> Negru<\/p>\n<p><strong>Telefon pentru seniori PROFOON PM-788 \u2013 Simplu, sigur \u0219i fiabil<\/strong><\/p>\n<p><img loading=\"lazy\" decoding=\"async\" src=\"https:\/\/gonga.ro\/img\/cms\/Telefonul%20Ideal%20pentru%20bunici.jpg\" alt=\"\" width=\"700\" height=\"700\" \/><\/p>\n<p>Telefon u\u0219or de utilizat, cu taste mari \u0219i func\u021bie SOS pentru siguran\u021b\u0103 deplin\u0103.<\/p>\n<p>Modelul PROFOON PM-788 este alegerea ideal\u0103 pentru seniori sau persoane care caut\u0103 un telefon practic, clar \u0219i de \u00eencredere. Cu taste mari, iluminate, ecran color de 1,2\u201d, lantern\u0103 integrat\u0103 \u0219i baterie durabil\u0103, ofer\u0103 confort \u0219i siguran\u021b\u0103 zi de zi.<\/p>\n<p><img loading=\"lazy\" decoding=\"async\" src=\"https:\/\/gonga.ro\/img\/cms\/Telefonul%20Ideal%20pentru%20bunici3.jpg\" alt=\"\" width=\"635\" height=\"664\" \/><\/p>\n<p><strong>Caracteristici principale:<\/strong><\/p>\n<ul>\n<li>Taste mari, iluminate \u2013 pentru o utilizare u\u0219oar\u0103 chiar \u0219i pe timp de noapte.<\/li>\n<li>Buton SOS dedicat \u2013 permite efectuarea rapid\u0103 a unui apel de urgen\u021b\u0103 sau trimiterea unui SMS c\u0103tre un num\u0103r predefinit.<\/li>\n<li>Lantern\u0103 integrat\u0103 \u2013 util\u0103 \u00een situa\u021bii neprev\u0103zute.<\/li>\n<li>Autonomie excelent\u0103 \u2013 p\u00e2n\u0103 la 120 ore \u00een standby sau 4,5 ore de convorbire continu\u0103.<\/li>\n<li>Design compact \u0219i u\u0219or \u2013 c\u00e2nt\u0103re\u0219te doar 68 g.<\/li>\n<\/ul>\n<p><img loading=\"lazy\" decoding=\"async\" src=\"https:\/\/gonga.ro\/img\/cms\/Telefonul%20Ideal%20pentru%20bunici1.jpg\" alt=\"\" width=\"652\" height=\"659\" \/><\/p>\n<p><strong>Specifica\u021bii:<\/strong><\/p>\n<\/p>\n<p>&#8211; Ecran: 1.2\u201d color<\/p>\n<p>&#8211; Memorie: 32 MB RAM \/ 32 MB intern\u0103<\/p>\n<p>&#8211; Baterie: Li-Ion 900 mAh<\/p>\n<p>&#8211; Re\u021bea: 2G<\/p>\n<p>&#8211; Dimensiuni: 112 \u00d7 52 \u00d7 14 mm<\/p>\n<p>&#8211; Greutate: 68 g<\/p>","protected":false},"excerpt":{"rendered":"<p>Culoare: Negru Telefon pentru seniori PROFOON PM-788 \u2013 Simplu, sigur \u0219i fiabil Telefon u\u0219or de utilizat, cu taste mari \u0219i<\/p>","protected":false},"featured_media":33622,"comment_status":"open","ping_status":"open","template":"","meta":[],"product_brand":[],"product_cat":[99,332,330],"product_tag":[104],"class_list":{"0":"post-33621","1":"product","2":"type-product","3":"status-publish","4":"has-post-thumbnail","6":"product_cat-acasa","7":"product_cat-alte-gadgeturi","8":"product_cat-gadgeturi","9":"product_tag-in-stoc","10":"pa_culoare-negru","12":"first","13":"instock","14":"sale","15":"purchasable","16":"product-type-simple"},"yoast_head":"<!-- This site is optimized with the Yoast SEO plugin v27.2 - https:\/\/yoast.com\/product\/yoast-seo-wordpress\/ -->\n<title>Telefonul Ideal pentru bunici\/seniori PROFOON PM-788 cu taste SOS MARI \u0219i lantern\u0103 | ZOKO<\/title>\n<meta name=\"robots\" content=\"index, follow, max-snippet:-1, max-image-preview:large, max-video-preview:-1\" \/>\n<link rel=\"canonical\" href=\"https:\/\/www.zoko.ro\/en\/p\/telefonul-ideal-pentru-bunici-seniori-profoon-pm-788-cu-taste-sos-mari-si-lanterna\/\" \/>\n<meta property=\"og:locale\" content=\"en_GB\" \/>\n<meta property=\"og:type\" content=\"article\" \/>\n<meta property=\"og:title\" content=\"Telefonul Ideal pentru bunici\/seniori PROFOON PM-788 cu taste SOS MARI \u0219i lantern\u0103 | ZOKO\" \/>\n<meta property=\"og:description\" content=\"Culoare: Negru Telefon pentru seniori PROFOON PM-788 \u2013 Simplu, sigur \u0219i fiabil Telefon u\u0219or de utilizat, cu taste mari \u0219i\" \/>\n<meta property=\"og:url\" content=\"https:\/\/www.zoko.ro\/en\/p\/telefonul-ideal-pentru-bunici-seniori-profoon-pm-788-cu-taste-sos-mari-si-lanterna\/\" \/>\n<meta property=\"og:site_name\" content=\"ZOKO\" \/>\n<meta property=\"article:publisher\" content=\"https:\/\/www.facebook.com\/profile.php?id=61584344135075\" \/>\n<meta property=\"og:image\" content=\"https:\/\/www.zoko.ro\/wp-content\/uploads\/2025\/12\/telefonul-ideal-pentru-buniciseniori-profoon-pm-788-cu-taste-sos-mari-i-lanterna.jpg\" \/>\n\t<meta property=\"og:image:width\" content=\"700\" \/>\n\t<meta property=\"og:image:height\" content=\"700\" \/>\n\t<meta property=\"og:image:type\" content=\"image\/jpeg\" \/>\n<meta name=\"twitter:card\" content=\"summary_large_image\" \/>\n<meta name=\"twitter:label1\" content=\"Estimated reading time\" \/>\n\t<meta name=\"twitter:data1\" content=\"1 minute\" \/>\n<script type=\"application\/ld+json\" class=\"yoast-schema-graph\">{\"@context\":\"https:\/\/schema.org\",\"@graph\":[{\"@type\":\"WebPage\",\"@id\":\"https:\/\/www.zoko.ro\/p\/telefonul-ideal-pentru-bunici-seniori-profoon-pm-788-cu-taste-sos-mari-si-lanterna\/\",\"url\":\"https:\/\/www.zoko.ro\/p\/telefonul-ideal-pentru-bunici-seniori-profoon-pm-788-cu-taste-sos-mari-si-lanterna\/\",\"name\":\"Telefonul Ideal pentru bunici\/seniori PROFOON PM-788 cu taste SOS MARI \u0219i lantern\u0103 | ZOKO\",\"isPartOf\":{\"@id\":\"https:\/\/www.zoko.ro\/#website\"},\"primaryImageOfPage\":{\"@id\":\"https:\/\/www.zoko.ro\/p\/telefonul-ideal-pentru-bunici-seniori-profoon-pm-788-cu-taste-sos-mari-si-lanterna\/#primaryimage\"},\"image\":{\"@id\":\"https:\/\/www.zoko.ro\/p\/telefonul-ideal-pentru-bunici-seniori-profoon-pm-788-cu-taste-sos-mari-si-lanterna\/#primaryimage\"},\"thumbnailUrl\":\"https:\/\/www.zoko.ro\/wp-content\/uploads\/2025\/12\/telefonul-ideal-pentru-buniciseniori-profoon-pm-788-cu-taste-sos-mari-i-lanterna.jpg\",\"datePublished\":\"2026-04-28T21:38:21+00:00\",\"breadcrumb\":{\"@id\":\"https:\/\/www.zoko.ro\/p\/telefonul-ideal-pentru-bunici-seniori-profoon-pm-788-cu-taste-sos-mari-si-lanterna\/#breadcrumb\"},\"inLanguage\":\"en-GB\",\"potentialAction\":[{\"@type\":\"ReadAction\",\"target\":[\"https:\/\/www.zoko.ro\/p\/telefonul-ideal-pentru-bunici-seniori-profoon-pm-788-cu-taste-sos-mari-si-lanterna\/\"]}]},{\"@type\":\"ImageObject\",\"inLanguage\":\"en-GB\",\"@id\":\"https:\/\/www.zoko.ro\/p\/telefonul-ideal-pentru-bunici-seniori-profoon-pm-788-cu-taste-sos-mari-si-lanterna\/#primaryimage\",\"url\":\"https:\/\/www.zoko.ro\/wp-content\/uploads\/2025\/12\/telefonul-ideal-pentru-buniciseniori-profoon-pm-788-cu-taste-sos-mari-i-lanterna.jpg\",\"contentUrl\":\"https:\/\/www.zoko.ro\/wp-content\/uploads\/2025\/12\/telefonul-ideal-pentru-buniciseniori-profoon-pm-788-cu-taste-sos-mari-i-lanterna.jpg\",\"width\":700,\"height\":700},{\"@type\":\"BreadcrumbList\",\"@id\":\"https:\/\/www.zoko.ro\/p\/telefonul-ideal-pentru-bunici-seniori-profoon-pm-788-cu-taste-sos-mari-si-lanterna\/#breadcrumb\",\"itemListElement\":[{\"@type\":\"ListItem\",\"position\":1,\"name\":\"Home\",\"item\":\"https:\/\/www.zoko.ro\/\"},{\"@type\":\"ListItem\",\"position\":2,\"name\":\"Magazin\",\"item\":\"https:\/\/www.zoko.ro\/magazin\/\"},{\"@type\":\"ListItem\",\"position\":3,\"name\":\"Telefonul Ideal pentru bunici\/seniori PROFOON PM-788 cu taste SOS MARI \u0219i lantern\u0103\"}]},{\"@type\":\"WebSite\",\"@id\":\"https:\/\/www.zoko.ro\/#website\",\"url\":\"https:\/\/www.zoko.ro\/\",\"name\":\"ZOKO.ro\",\"description\":\"Cump\u0103r\u0103 inteligent\",\"publisher\":{\"@id\":\"https:\/\/www.zoko.ro\/#organization\"},\"potentialAction\":[{\"@type\":\"SearchAction\",\"target\":{\"@type\":\"EntryPoint\",\"urlTemplate\":\"https:\/\/www.zoko.ro\/?s={search_term_string}\"},\"query-input\":{\"@type\":\"PropertyValueSpecification\",\"valueRequired\":true,\"valueName\":\"search_term_string\"}}],\"inLanguage\":\"en-GB\"},{\"@type\":\"Organization\",\"@id\":\"https:\/\/www.zoko.ro\/#organization\",\"name\":\"ZOKO\",\"url\":\"https:\/\/www.zoko.ro\/\",\"logo\":{\"@type\":\"ImageObject\",\"inLanguage\":\"en-GB\",\"@id\":\"https:\/\/www.zoko.ro\/#\/schema\/logo\/image\/\",\"url\":\"https:\/\/www.zoko.ro\/wp-content\/uploads\/2025\/03\/logo1.svg\",\"contentUrl\":\"https:\/\/www.zoko.ro\/wp-content\/uploads\/2025\/03\/logo1.svg\",\"width\":799,\"height\":216,\"caption\":\"ZOKO\"},\"image\":{\"@id\":\"https:\/\/www.zoko.ro\/#\/schema\/logo\/image\/\"},\"sameAs\":[\"https:\/\/www.facebook.com\/profile.php?id=61584344135075\"]}]}<\/script>\n<!-- \/ Yoast SEO plugin. -->","yoast_head_json":{"title":"Telefonul Ideal pentru bunici\/seniori PROFOON PM-788 cu taste SOS MARI \u0219i lantern\u0103 | ZOKO","robots":{"index":"index","follow":"follow","max-snippet":"max-snippet:-1","max-image-preview":"max-image-preview:large","max-video-preview":"max-video-preview:-1"},"canonical":"https:\/\/www.zoko.ro\/en\/p\/telefonul-ideal-pentru-bunici-seniori-profoon-pm-788-cu-taste-sos-mari-si-lanterna\/","og_locale":"en_GB","og_type":"article","og_title":"Telefonul Ideal pentru bunici\/seniori PROFOON PM-788 cu taste SOS MARI \u0219i lantern\u0103 | ZOKO","og_description":"Culoare: Negru Telefon pentru seniori PROFOON PM-788 \u2013 Simplu, sigur \u0219i fiabil Telefon u\u0219or de utilizat, cu taste mari \u0219i","og_url":"https:\/\/www.zoko.ro\/en\/p\/telefonul-ideal-pentru-bunici-seniori-profoon-pm-788-cu-taste-sos-mari-si-lanterna\/","og_site_name":"ZOKO","article_publisher":"https:\/\/www.facebook.com\/profile.php?id=61584344135075","og_image":[{"width":700,"height":700,"url":"https:\/\/www.zoko.ro\/wp-content\/uploads\/2025\/12\/telefonul-ideal-pentru-buniciseniori-profoon-pm-788-cu-taste-sos-mari-i-lanterna.jpg","type":"image\/jpeg"}],"twitter_card":"summary_large_image","twitter_misc":{"Estimated reading time":"1 minute"},"schema":{"@context":"https:\/\/schema.org","@graph":[{"@type":"WebPage","@id":"https:\/\/www.zoko.ro\/p\/telefonul-ideal-pentru-bunici-seniori-profoon-pm-788-cu-taste-sos-mari-si-lanterna\/","url":"https:\/\/www.zoko.ro\/p\/telefonul-ideal-pentru-bunici-seniori-profoon-pm-788-cu-taste-sos-mari-si-lanterna\/","name":"Telefonul Ideal pentru bunici\/seniori PROFOON PM-788 cu taste SOS MARI \u0219i lantern\u0103 | ZOKO","isPartOf":{"@id":"https:\/\/www.zoko.ro\/#website"},"primaryImageOfPage":{"@id":"https:\/\/www.zoko.ro\/p\/telefonul-ideal-pentru-bunici-seniori-profoon-pm-788-cu-taste-sos-mari-si-lanterna\/#primaryimage"},"image":{"@id":"https:\/\/www.zoko.ro\/p\/telefonul-ideal-pentru-bunici-seniori-profoon-pm-788-cu-taste-sos-mari-si-lanterna\/#primaryimage"},"thumbnailUrl":"https:\/\/www.zoko.ro\/wp-content\/uploads\/2025\/12\/telefonul-ideal-pentru-buniciseniori-profoon-pm-788-cu-taste-sos-mari-i-lanterna.jpg","datePublished":"2026-04-28T21:38:21+00:00","breadcrumb":{"@id":"https:\/\/www.zoko.ro\/p\/telefonul-ideal-pentru-bunici-seniori-profoon-pm-788-cu-taste-sos-mari-si-lanterna\/#breadcrumb"},"inLanguage":"en-GB","potentialAction":[{"@type":"ReadAction","target":["https:\/\/www.zoko.ro\/p\/telefonul-ideal-pentru-bunici-seniori-profoon-pm-788-cu-taste-sos-mari-si-lanterna\/"]}]},{"@type":"ImageObject","inLanguage":"en-GB","@id":"https:\/\/www.zoko.ro\/p\/telefonul-ideal-pentru-bunici-seniori-profoon-pm-788-cu-taste-sos-mari-si-lanterna\/#primaryimage","url":"https:\/\/www.zoko.ro\/wp-content\/uploads\/2025\/12\/telefonul-ideal-pentru-buniciseniori-profoon-pm-788-cu-taste-sos-mari-i-lanterna.jpg","contentUrl":"https:\/\/www.zoko.ro\/wp-content\/uploads\/2025\/12\/telefonul-ideal-pentru-buniciseniori-profoon-pm-788-cu-taste-sos-mari-i-lanterna.jpg","width":700,"height":700},{"@type":"BreadcrumbList","@id":"https:\/\/www.zoko.ro\/p\/telefonul-ideal-pentru-bunici-seniori-profoon-pm-788-cu-taste-sos-mari-si-lanterna\/#breadcrumb","itemListElement":[{"@type":"ListItem","position":1,"name":"Home","item":"https:\/\/www.zoko.ro\/"},{"@type":"ListItem","position":2,"name":"Magazin","item":"https:\/\/www.zoko.ro\/magazin\/"},{"@type":"ListItem","position":3,"name":"Telefonul Ideal pentru bunici\/seniori PROFOON PM-788 cu taste SOS MARI \u0219i lantern\u0103"}]},{"@type":"WebSite","@id":"https:\/\/www.zoko.ro\/#website","url":"https:\/\/www.zoko.ro\/","name":"ZOKO.ro","description":"Cump\u0103r\u0103 inteligent","publisher":{"@id":"https:\/\/www.zoko.ro\/#organization"},"potentialAction":[{"@type":"SearchAction","target":{"@type":"EntryPoint","urlTemplate":"https:\/\/www.zoko.ro\/?s={search_term_string}"},"query-input":{"@type":"PropertyValueSpecification","valueRequired":true,"valueName":"search_term_string"}}],"inLanguage":"en-GB"},{"@type":"Organization","@id":"https:\/\/www.zoko.ro\/#organization","name":"ZOKO","url":"https:\/\/www.zoko.ro\/","logo":{"@type":"ImageObject","inLanguage":"en-GB","@id":"https:\/\/www.zoko.ro\/#\/schema\/logo\/image\/","url":"https:\/\/www.zoko.ro\/wp-content\/uploads\/2025\/03\/logo1.svg","contentUrl":"https:\/\/www.zoko.ro\/wp-content\/uploads\/2025\/03\/logo1.svg","width":799,"height":216,"caption":"ZOKO"},"image":{"@id":"https:\/\/www.zoko.ro\/#\/schema\/logo\/image\/"},"sameAs":["https:\/\/www.facebook.com\/profile.php?id=61584344135075"]}]}},"_links":{"self":[{"href":"https:\/\/www.zoko.ro\/en\/wp-json\/wp\/v2\/product\/33621","targetHints":{"allow":["GET"]}}],"collection":[{"href":"https:\/\/www.zoko.ro\/en\/wp-json\/wp\/v2\/product"}],"about":[{"href":"https:\/\/www.zoko.ro\/en\/wp-json\/wp\/v2\/types\/product"}],"replies":[{"embeddable":true,"href":"https:\/\/www.zoko.ro\/en\/wp-json\/wp\/v2\/comments?post=33621"}],"version-history":[{"count":1,"href":"https:\/\/www.zoko.ro\/en\/wp-json\/wp\/v2\/product\/33621\/revisions"}],"predecessor-version":[{"id":38486,"href":"https:\/\/www.zoko.ro\/en\/wp-json\/wp\/v2\/product\/33621\/revisions\/38486"}],"wp:featuredmedia":[{"embeddable":true,"href":"https:\/\/www.zoko.ro\/en\/wp-json\/wp\/v2\/media\/33622"}],"wp:attachment":[{"href":"https:\/\/www.zoko.ro\/en\/wp-json\/wp\/v2\/media?parent=33621"}],"wp:term":[{"taxonomy":"product_brand","embeddable":true,"href":"https:\/\/www.zoko.ro\/en\/wp-json\/wp\/v2\/product_brand?post=33621"},{"taxonomy":"product_cat","embeddable":true,"href":"https:\/\/www.zoko.ro\/en\/wp-json\/wp\/v2\/product_cat?post=33621"},{"taxonomy":"product_tag","embeddable":true,"href":"https:\/\/www.zoko.ro\/en\/wp-json\/wp\/v2\/product_tag?post=33621"}],"curies":[{"name":"wp","href":"https:\/\/api.w.org\/{rel}","templated":true}]}}