{"id":8014,"date":"2026-04-28T23:26:11","date_gmt":"2026-04-28T21:26:11","guid":{"rendered":"https:\/\/www.zoko.ro\/p\/termometru-digital-cu-infrarosu-non-contact-corporal-model-rf-266-gonga\/"},"modified":"2026-04-28T23:26:11","modified_gmt":"2026-04-28T21:26:11","slug":"termometru-digital-cu-infrarosu-non-contact-corporal-model-rf-266-gonga","status":"publish","type":"product","link":"https:\/\/www.zoko.ro\/en\/p\/termometru-digital-cu-infrarosu-non-contact-corporal-model-rf-266-gonga\/","title":{"rendered":"Termometru digital cu infrarosu, non-contact corporal, model RF-266, Gonga\u00ae"},"content":{"rendered":"<p><strong>Culoare:<\/strong> Alb<\/p>\n<p style=\"margin:0px;font-size:12px;line-height:normal;font-family:'Helvetica Neue';\">Distanta de masurare: 5 ~ 18CM<\/p>\n<p style=\"margin:0px;font-size:12px;line-height:normal;font-family:'Helvetica Neue';\">Toleran\u021b\u0103 de precizie: \u00b1 0,2<\/p>\n<p style=\"margin:0px;font-size:12px;line-height:normal;font-family:'Helvetica Neue';\">Gama de m\u0103surare a temperaturii corpului uman este de 32 ~ 42 \u00b0 C<\/p>\n<p style=\"margin:0px;font-size:12px;line-height:normal;font-family:'Helvetica Neue';\">Gama de m\u0103surare a temperaturii suprafe\u021bei: 0 ~ 100 \u00b0 C<\/p>\n<p style=\"margin:0px;font-size:12px;line-height:normal;font-family:'Helvetica Neue';\">Gama de temperatur\u0103 ambiental\u0103: 10 ~ 50 \u00b0 C<\/p>\n<p style=\"margin:0px;font-size:12px;line-height:normal;font-family:'Helvetica Neue';\">Viteza de r\u0103spuns: 0,1 s<\/p>\n<p style=\"margin:0px;font-size:12px;line-height:normal;font-family:'Helvetica Neue';\">Afi\u0219aj: ecran LCD de 3,2 inci<\/p>\n<p style=\"margin:0px;font-size:12px;line-height:normal;font-family:'Helvetica Neue';\">Suport\u0103 afi\u0219area temperaturii ambientale \u0219i a umidit\u0103\u021bii<\/p>\n<p style=\"margin:0px;font-size:12px;line-height:normal;font-family:'Helvetica Neue';\">Sprijin\u0103 m\u0103surarea temperaturii mediului exterior<\/p>\n<p style=\"margin:0px;font-size:12px;line-height:normal;font-family:'Helvetica Neue';\">Oprire automat\u0103<\/p>\n<p style=\"margin:0px;font-size:12px;line-height:normal;font-family:'Helvetica Neue';\">Alarm\u0103 permanent\u0103 de anomalie a temperaturii 5S<\/p>\n<p style=\"margin:0px;font-size:12px;line-height:normal;font-family:'Helvetica Neue';\">Suport func\u021bie control acces, ie\u0219ire semnal IO (comutator \/ semnal impuls)<\/p>\n<p style=\"margin:0px;font-size:12px;line-height:normal;font-family:'Helvetica Neue';\">Comutator luminat<\/p>\n<p style=\"margin:0px;font-size:12px;line-height:normal;font-family:'Helvetica Neue';\">Suport ecran automat oprit timp de 30 de secunde<\/p>\n<p style=\"margin:0px;font-size:12px;line-height:normal;font-family:'Helvetica Neue';\">Alimentare: 3 baterii AA \/ cablu USB \/ \u00eenc\u0103rc\u0103tor<\/p>\n<p style=\"margin:0px;font-size:12px;line-height:normal;font-family:'Helvetica Neue';\">Afi\u0219ajul v\u0103 va informa c\u00e2nd bateria este desc\u0103rcat\u0103<\/p>\n<p style=\"margin:0px;font-size:12px;line-height:normal;font-family:'Helvetica Neue';\">Dimensiunea ambalajului produsului: 185 x 134 x 100mm<\/p>\n<\/p>\n<p style=\"margin:0px;font-size:12px;line-height:normal;font-family:'Helvetica Neue';\">Greutatea pachetului: 0,67 kg<\/p><\/p>","protected":false},"excerpt":{"rendered":"<p>Culoare: Alb Distanta de masurare: 5 ~ 18CM Toleran\u021b\u0103 de precizie: \u00b1 0,2 Gama de m\u0103surare a temperaturii corpului uman<\/p>","protected":false},"featured_media":8016,"comment_status":"open","ping_status":"open","template":"","meta":[],"product_brand":[],"product_cat":[99,115,114],"product_tag":[104],"class_list":{"0":"post-8014","1":"product","2":"type-product","3":"status-publish","4":"has-post-thumbnail","6":"product_cat-acasa","7":"product_cat-aparate-accesorii-ingrijire-personala","8":"product_cat-ingrijire-personala-cosmetice","9":"product_tag-in-stoc","10":"pa_culoare-alb","12":"first","13":"instock","14":"sale","15":"purchasable","16":"product-type-simple"},"yoast_head":"<!-- This site is optimized with the Yoast SEO plugin v27.2 - https:\/\/yoast.com\/product\/yoast-seo-wordpress\/ -->\n<title>Termometru digital cu infrarosu, non-contact corporal, model RF-266, Gonga\u00ae | ZOKO<\/title>\n<meta name=\"robots\" content=\"index, follow, max-snippet:-1, max-image-preview:large, max-video-preview:-1\" \/>\n<link rel=\"canonical\" href=\"https:\/\/www.zoko.ro\/en\/p\/termometru-digital-cu-infrarosu-non-contact-corporal-model-rf-266-gonga\/\" \/>\n<meta property=\"og:locale\" content=\"en_GB\" \/>\n<meta property=\"og:type\" content=\"article\" \/>\n<meta property=\"og:title\" content=\"Termometru digital cu infrarosu, non-contact corporal, model RF-266, Gonga\u00ae | ZOKO\" \/>\n<meta property=\"og:description\" content=\"Culoare: Alb Distanta de masurare: 5 ~ 18CM Toleran\u021b\u0103 de precizie: \u00b1 0,2 Gama de m\u0103surare a temperaturii corpului uman\" \/>\n<meta property=\"og:url\" content=\"https:\/\/www.zoko.ro\/en\/p\/termometru-digital-cu-infrarosu-non-contact-corporal-model-rf-266-gonga\/\" \/>\n<meta property=\"og:site_name\" content=\"ZOKO\" \/>\n<meta property=\"article:publisher\" content=\"https:\/\/www.facebook.com\/profile.php?id=61584344135075\" \/>\n<meta property=\"og:image\" content=\"https:\/\/www.zoko.ro\/wp-content\/uploads\/2025\/03\/termometru-digital-cu-infrarosu-non-contact-corporal-model-rf-266-gonga.jpg\" \/>\n\t<meta property=\"og:image:width\" content=\"531\" \/>\n\t<meta property=\"og:image:height\" content=\"550\" \/>\n\t<meta property=\"og:image:type\" content=\"image\/png\" \/>\n<meta name=\"twitter:card\" content=\"summary_large_image\" \/>\n<meta name=\"twitter:label1\" content=\"Estimated reading time\" \/>\n\t<meta name=\"twitter:data1\" content=\"1 minute\" \/>\n<script type=\"application\/ld+json\" class=\"yoast-schema-graph\">{\"@context\":\"https:\/\/schema.org\",\"@graph\":[{\"@type\":\"WebPage\",\"@id\":\"https:\/\/www.zoko.ro\/p\/termometru-digital-cu-infrarosu-non-contact-corporal-model-rf-266-gonga\/\",\"url\":\"https:\/\/www.zoko.ro\/p\/termometru-digital-cu-infrarosu-non-contact-corporal-model-rf-266-gonga\/\",\"name\":\"Termometru digital cu infrarosu, non-contact corporal, model RF-266, Gonga\u00ae | ZOKO\",\"isPartOf\":{\"@id\":\"https:\/\/www.zoko.ro\/#website\"},\"primaryImageOfPage\":{\"@id\":\"https:\/\/www.zoko.ro\/p\/termometru-digital-cu-infrarosu-non-contact-corporal-model-rf-266-gonga\/#primaryimage\"},\"image\":{\"@id\":\"https:\/\/www.zoko.ro\/p\/termometru-digital-cu-infrarosu-non-contact-corporal-model-rf-266-gonga\/#primaryimage\"},\"thumbnailUrl\":\"https:\/\/www.zoko.ro\/wp-content\/uploads\/2025\/03\/termometru-digital-cu-infrarosu-non-contact-corporal-model-rf-266-gonga.jpg\",\"datePublished\":\"2026-04-28T21:26:11+00:00\",\"breadcrumb\":{\"@id\":\"https:\/\/www.zoko.ro\/p\/termometru-digital-cu-infrarosu-non-contact-corporal-model-rf-266-gonga\/#breadcrumb\"},\"inLanguage\":\"en-GB\",\"potentialAction\":[{\"@type\":\"ReadAction\",\"target\":[\"https:\/\/www.zoko.ro\/p\/termometru-digital-cu-infrarosu-non-contact-corporal-model-rf-266-gonga\/\"]}]},{\"@type\":\"ImageObject\",\"inLanguage\":\"en-GB\",\"@id\":\"https:\/\/www.zoko.ro\/p\/termometru-digital-cu-infrarosu-non-contact-corporal-model-rf-266-gonga\/#primaryimage\",\"url\":\"https:\/\/www.zoko.ro\/wp-content\/uploads\/2025\/03\/termometru-digital-cu-infrarosu-non-contact-corporal-model-rf-266-gonga.jpg\",\"contentUrl\":\"https:\/\/www.zoko.ro\/wp-content\/uploads\/2025\/03\/termometru-digital-cu-infrarosu-non-contact-corporal-model-rf-266-gonga.jpg\",\"width\":531,\"height\":550},{\"@type\":\"BreadcrumbList\",\"@id\":\"https:\/\/www.zoko.ro\/p\/termometru-digital-cu-infrarosu-non-contact-corporal-model-rf-266-gonga\/#breadcrumb\",\"itemListElement\":[{\"@type\":\"ListItem\",\"position\":1,\"name\":\"Home\",\"item\":\"https:\/\/www.zoko.ro\/\"},{\"@type\":\"ListItem\",\"position\":2,\"name\":\"Magazin\",\"item\":\"https:\/\/www.zoko.ro\/magazin\/\"},{\"@type\":\"ListItem\",\"position\":3,\"name\":\"Termometru digital cu infrarosu, non-contact corporal, model RF-266, Gonga\u00ae\"}]},{\"@type\":\"WebSite\",\"@id\":\"https:\/\/www.zoko.ro\/#website\",\"url\":\"https:\/\/www.zoko.ro\/\",\"name\":\"ZOKO.ro\",\"description\":\"Cump\u0103r\u0103 inteligent\",\"publisher\":{\"@id\":\"https:\/\/www.zoko.ro\/#organization\"},\"potentialAction\":[{\"@type\":\"SearchAction\",\"target\":{\"@type\":\"EntryPoint\",\"urlTemplate\":\"https:\/\/www.zoko.ro\/?s={search_term_string}\"},\"query-input\":{\"@type\":\"PropertyValueSpecification\",\"valueRequired\":true,\"valueName\":\"search_term_string\"}}],\"inLanguage\":\"en-GB\"},{\"@type\":\"Organization\",\"@id\":\"https:\/\/www.zoko.ro\/#organization\",\"name\":\"ZOKO\",\"url\":\"https:\/\/www.zoko.ro\/\",\"logo\":{\"@type\":\"ImageObject\",\"inLanguage\":\"en-GB\",\"@id\":\"https:\/\/www.zoko.ro\/#\/schema\/logo\/image\/\",\"url\":\"https:\/\/www.zoko.ro\/wp-content\/uploads\/2025\/03\/logo1.svg\",\"contentUrl\":\"https:\/\/www.zoko.ro\/wp-content\/uploads\/2025\/03\/logo1.svg\",\"width\":799,\"height\":216,\"caption\":\"ZOKO\"},\"image\":{\"@id\":\"https:\/\/www.zoko.ro\/#\/schema\/logo\/image\/\"},\"sameAs\":[\"https:\/\/www.facebook.com\/profile.php?id=61584344135075\"]}]}<\/script>\n<!-- \/ Yoast SEO plugin. -->","yoast_head_json":{"title":"Termometru digital cu infrarosu, non-contact corporal, model RF-266, Gonga\u00ae | ZOKO","robots":{"index":"index","follow":"follow","max-snippet":"max-snippet:-1","max-image-preview":"max-image-preview:large","max-video-preview":"max-video-preview:-1"},"canonical":"https:\/\/www.zoko.ro\/en\/p\/termometru-digital-cu-infrarosu-non-contact-corporal-model-rf-266-gonga\/","og_locale":"en_GB","og_type":"article","og_title":"Termometru digital cu infrarosu, non-contact corporal, model RF-266, Gonga\u00ae | ZOKO","og_description":"Culoare: Alb Distanta de masurare: 5 ~ 18CM Toleran\u021b\u0103 de precizie: \u00b1 0,2 Gama de m\u0103surare a temperaturii corpului uman","og_url":"https:\/\/www.zoko.ro\/en\/p\/termometru-digital-cu-infrarosu-non-contact-corporal-model-rf-266-gonga\/","og_site_name":"ZOKO","article_publisher":"https:\/\/www.facebook.com\/profile.php?id=61584344135075","og_image":[{"width":531,"height":550,"url":"https:\/\/www.zoko.ro\/wp-content\/uploads\/2025\/03\/termometru-digital-cu-infrarosu-non-contact-corporal-model-rf-266-gonga.jpg","type":"image\/png"}],"twitter_card":"summary_large_image","twitter_misc":{"Estimated reading time":"1 minute"},"schema":{"@context":"https:\/\/schema.org","@graph":[{"@type":"WebPage","@id":"https:\/\/www.zoko.ro\/p\/termometru-digital-cu-infrarosu-non-contact-corporal-model-rf-266-gonga\/","url":"https:\/\/www.zoko.ro\/p\/termometru-digital-cu-infrarosu-non-contact-corporal-model-rf-266-gonga\/","name":"Termometru digital cu infrarosu, non-contact corporal, model RF-266, Gonga\u00ae | ZOKO","isPartOf":{"@id":"https:\/\/www.zoko.ro\/#website"},"primaryImageOfPage":{"@id":"https:\/\/www.zoko.ro\/p\/termometru-digital-cu-infrarosu-non-contact-corporal-model-rf-266-gonga\/#primaryimage"},"image":{"@id":"https:\/\/www.zoko.ro\/p\/termometru-digital-cu-infrarosu-non-contact-corporal-model-rf-266-gonga\/#primaryimage"},"thumbnailUrl":"https:\/\/www.zoko.ro\/wp-content\/uploads\/2025\/03\/termometru-digital-cu-infrarosu-non-contact-corporal-model-rf-266-gonga.jpg","datePublished":"2026-04-28T21:26:11+00:00","breadcrumb":{"@id":"https:\/\/www.zoko.ro\/p\/termometru-digital-cu-infrarosu-non-contact-corporal-model-rf-266-gonga\/#breadcrumb"},"inLanguage":"en-GB","potentialAction":[{"@type":"ReadAction","target":["https:\/\/www.zoko.ro\/p\/termometru-digital-cu-infrarosu-non-contact-corporal-model-rf-266-gonga\/"]}]},{"@type":"ImageObject","inLanguage":"en-GB","@id":"https:\/\/www.zoko.ro\/p\/termometru-digital-cu-infrarosu-non-contact-corporal-model-rf-266-gonga\/#primaryimage","url":"https:\/\/www.zoko.ro\/wp-content\/uploads\/2025\/03\/termometru-digital-cu-infrarosu-non-contact-corporal-model-rf-266-gonga.jpg","contentUrl":"https:\/\/www.zoko.ro\/wp-content\/uploads\/2025\/03\/termometru-digital-cu-infrarosu-non-contact-corporal-model-rf-266-gonga.jpg","width":531,"height":550},{"@type":"BreadcrumbList","@id":"https:\/\/www.zoko.ro\/p\/termometru-digital-cu-infrarosu-non-contact-corporal-model-rf-266-gonga\/#breadcrumb","itemListElement":[{"@type":"ListItem","position":1,"name":"Home","item":"https:\/\/www.zoko.ro\/"},{"@type":"ListItem","position":2,"name":"Magazin","item":"https:\/\/www.zoko.ro\/magazin\/"},{"@type":"ListItem","position":3,"name":"Termometru digital cu infrarosu, non-contact corporal, model RF-266, Gonga\u00ae"}]},{"@type":"WebSite","@id":"https:\/\/www.zoko.ro\/#website","url":"https:\/\/www.zoko.ro\/","name":"ZOKO.ro","description":"Cump\u0103r\u0103 inteligent","publisher":{"@id":"https:\/\/www.zoko.ro\/#organization"},"potentialAction":[{"@type":"SearchAction","target":{"@type":"EntryPoint","urlTemplate":"https:\/\/www.zoko.ro\/?s={search_term_string}"},"query-input":{"@type":"PropertyValueSpecification","valueRequired":true,"valueName":"search_term_string"}}],"inLanguage":"en-GB"},{"@type":"Organization","@id":"https:\/\/www.zoko.ro\/#organization","name":"ZOKO","url":"https:\/\/www.zoko.ro\/","logo":{"@type":"ImageObject","inLanguage":"en-GB","@id":"https:\/\/www.zoko.ro\/#\/schema\/logo\/image\/","url":"https:\/\/www.zoko.ro\/wp-content\/uploads\/2025\/03\/logo1.svg","contentUrl":"https:\/\/www.zoko.ro\/wp-content\/uploads\/2025\/03\/logo1.svg","width":799,"height":216,"caption":"ZOKO"},"image":{"@id":"https:\/\/www.zoko.ro\/#\/schema\/logo\/image\/"},"sameAs":["https:\/\/www.facebook.com\/profile.php?id=61584344135075"]}]}},"_links":{"self":[{"href":"https:\/\/www.zoko.ro\/en\/wp-json\/wp\/v2\/product\/8014","targetHints":{"allow":["GET"]}}],"collection":[{"href":"https:\/\/www.zoko.ro\/en\/wp-json\/wp\/v2\/product"}],"about":[{"href":"https:\/\/www.zoko.ro\/en\/wp-json\/wp\/v2\/types\/product"}],"replies":[{"embeddable":true,"href":"https:\/\/www.zoko.ro\/en\/wp-json\/wp\/v2\/comments?post=8014"}],"version-history":[{"count":1,"href":"https:\/\/www.zoko.ro\/en\/wp-json\/wp\/v2\/product\/8014\/revisions"}],"predecessor-version":[{"id":8015,"href":"https:\/\/www.zoko.ro\/en\/wp-json\/wp\/v2\/product\/8014\/revisions\/8015"}],"wp:featuredmedia":[{"embeddable":true,"href":"https:\/\/www.zoko.ro\/en\/wp-json\/wp\/v2\/media\/8016"}],"wp:attachment":[{"href":"https:\/\/www.zoko.ro\/en\/wp-json\/wp\/v2\/media?parent=8014"}],"wp:term":[{"taxonomy":"product_brand","embeddable":true,"href":"https:\/\/www.zoko.ro\/en\/wp-json\/wp\/v2\/product_brand?post=8014"},{"taxonomy":"product_cat","embeddable":true,"href":"https:\/\/www.zoko.ro\/en\/wp-json\/wp\/v2\/product_cat?post=8014"},{"taxonomy":"product_tag","embeddable":true,"href":"https:\/\/www.zoko.ro\/en\/wp-json\/wp\/v2\/product_tag?post=8014"}],"curies":[{"name":"wp","href":"https:\/\/api.w.org\/{rel}","templated":true}]}}