{"id":8086,"date":"2026-04-28T23:26:14","date_gmt":"2026-04-28T21:26:14","guid":{"rendered":"https:\/\/www.zoko.ro\/p\/ceas-de-perete-esperanza-praga-diametru-20-cm-gonga\/"},"modified":"2026-04-28T23:26:15","modified_gmt":"2026-04-28T21:26:15","slug":"ceas-de-perete-esperanza-praga-diametru-20-cm-gonga","status":"publish","type":"product","link":"https:\/\/www.zoko.ro\/en\/p\/ceas-de-perete-esperanza-praga-diametru-20-cm-gonga\/","title":{"rendered":"Ceas de perete Esperanza PRAGA, diametru 20 cm, Gonga\u00ae"},"content":{"rendered":"<p><strong>Culoare:<\/strong> Alb<\/p>\n<p style=\"margin:0px 0px 10px;color:#333333;font-family:'Helvetica Neue', Helvetica, Arial, sans-serif;font-size:14px;background-color:#ffffff;\"><span style=\"vertical-align:inherit;\">Ceasul nostru de perete Esperanza PRAGUE este folosit nu numai pentru a ar\u0103ta ora &#8211; cu siguran\u021b\u0103 va decora peretele oric\u0103rei camere dintr-un apartament, birou, magazin sau restaurant<br \/><\/span>\u00a0<\/p>\n<p style=\"margin:0px 0px 10px;color:#333333;font-family:'Helvetica Neue', Helvetica, Arial, sans-serif;font-size:14px;background-color:#ffffff;\"><span style=\"vertical-align:inherit;\">\u2022 Diametrul ceasului: 20 cm<\/span><\/p>\n<p style=\"margin:0px 0px 10px;color:#333333;font-family:'Helvetica Neue', Helvetica, Arial, sans-serif;font-size:14px;background-color:#ffffff;\"><span style=\"vertical-align:inherit;\">\u2022 Grosimea ceasului: 3,4 cm<\/span><\/p>\n<p style=\"margin:0px 0px 10px;color:#333333;font-family:'Helvetica Neue', Helvetica, Arial, sans-serif;font-size:14px;background-color:#ffffff;\"><span style=\"vertical-align:inherit;\">\u2022 Cadru de ceas din plastic de \u00eenalt\u0103 calitate<\/span><\/p>\n<p style=\"margin:0px 0px 10px;color:#333333;font-family:'Helvetica Neue', Helvetica, Arial, sans-serif;font-size:14px;background-color:#ffffff;\"><span style=\"vertical-align:inherit;\">\u2022 Fa\u021b\u0103 de ceas din h\u00e2rtie artistic\u0103 special\u0103<\/span><\/p>\n<p style=\"margin:0px 0px 10px;color:#333333;font-family:'Helvetica Neue', Helvetica, Arial, sans-serif;font-size:14px;background-color:#ffffff;\"><span style=\"vertical-align:inherit;\">\u2022 Mi\u0219care lini\u0219tit\u0103 \u0219i foarte precis\u0103 din cuar\u021b<\/span><\/p>\n<p style=\"margin:0px 0px 10px;color:#333333;font-family:'Helvetica Neue', Helvetica, Arial, sans-serif;font-size:14px;background-color:#ffffff;\"><span style=\"vertical-align:inherit;\">\u2022 C\u00e2rlig pentru montare pe perete inclus<\/span><\/p>\n<p style=\"margin:0px 0px 10px;color:#333333;font-family:'Helvetica Neue', Helvetica, Arial, sans-serif;font-size:14px;background-color:#ffffff;\"><span style=\"vertical-align:inherit;\">\u2022 Alimentare: 1 x baterie AA de 1,5V (nu este inclus\u0103)<\/span><\/p>","protected":false},"excerpt":{"rendered":"<p>Culoare: Alb Ceasul nostru de perete Esperanza PRAGUE este folosit nu numai pentru a ar\u0103ta ora &#8211; cu siguran\u021b\u0103 va<\/p>","protected":false},"featured_media":8088,"comment_status":"open","ping_status":"open","template":"","meta":[],"product_brand":[],"product_cat":[99,117,100],"product_tag":[104],"class_list":{"0":"post-8086","1":"product","2":"type-product","3":"status-publish","4":"has-post-thumbnail","6":"product_cat-acasa","7":"product_cat-articole-si-accesorii-birou","8":"product_cat-casa-gradina","9":"product_tag-in-stoc","10":"pa_culoare-alb","12":"first","13":"instock","14":"sale","15":"purchasable","16":"product-type-simple"},"yoast_head":"<!-- This site is optimized with the Yoast SEO plugin v27.2 - https:\/\/yoast.com\/product\/yoast-seo-wordpress\/ -->\n<title>Ceas de perete Esperanza PRAGA, diametru 20 cm, Gonga\u00ae | ZOKO<\/title>\n<meta name=\"robots\" content=\"index, follow, max-snippet:-1, max-image-preview:large, max-video-preview:-1\" \/>\n<link rel=\"canonical\" href=\"https:\/\/www.zoko.ro\/en\/p\/ceas-de-perete-esperanza-praga-diametru-20-cm-gonga\/\" \/>\n<meta property=\"og:locale\" content=\"en_GB\" \/>\n<meta property=\"og:type\" content=\"article\" \/>\n<meta property=\"og:title\" content=\"Ceas de perete Esperanza PRAGA, diametru 20 cm, Gonga\u00ae | ZOKO\" \/>\n<meta property=\"og:description\" content=\"Culoare: Alb Ceasul nostru de perete Esperanza PRAGUE este folosit nu numai pentru a ar\u0103ta ora &#8211; cu siguran\u021b\u0103 va\" \/>\n<meta property=\"og:url\" content=\"https:\/\/www.zoko.ro\/en\/p\/ceas-de-perete-esperanza-praga-diametru-20-cm-gonga\/\" \/>\n<meta property=\"og:site_name\" content=\"ZOKO\" \/>\n<meta property=\"article:publisher\" content=\"https:\/\/www.facebook.com\/profile.php?id=61584344135075\" \/>\n<meta property=\"article:modified_time\" content=\"2026-04-28T21:26:15+00:00\" \/>\n<meta property=\"og:image\" content=\"https:\/\/www.zoko.ro\/wp-content\/uploads\/2025\/03\/ceas-de-perete-esperanza-praga-diametru-20-cm-gonga.jpg\" \/>\n\t<meta property=\"og:image:width\" content=\"976\" \/>\n\t<meta property=\"og:image:height\" content=\"1000\" \/>\n\t<meta property=\"og:image:type\" content=\"image\/jpeg\" \/>\n<meta name=\"twitter:card\" content=\"summary_large_image\" \/>\n<script type=\"application\/ld+json\" class=\"yoast-schema-graph\">{\"@context\":\"https:\/\/schema.org\",\"@graph\":[{\"@type\":\"WebPage\",\"@id\":\"https:\/\/www.zoko.ro\/p\/ceas-de-perete-esperanza-praga-diametru-20-cm-gonga\/\",\"url\":\"https:\/\/www.zoko.ro\/p\/ceas-de-perete-esperanza-praga-diametru-20-cm-gonga\/\",\"name\":\"Ceas de perete Esperanza PRAGA, diametru 20 cm, Gonga\u00ae | ZOKO\",\"isPartOf\":{\"@id\":\"https:\/\/www.zoko.ro\/#website\"},\"primaryImageOfPage\":{\"@id\":\"https:\/\/www.zoko.ro\/p\/ceas-de-perete-esperanza-praga-diametru-20-cm-gonga\/#primaryimage\"},\"image\":{\"@id\":\"https:\/\/www.zoko.ro\/p\/ceas-de-perete-esperanza-praga-diametru-20-cm-gonga\/#primaryimage\"},\"thumbnailUrl\":\"https:\/\/www.zoko.ro\/wp-content\/uploads\/2025\/03\/ceas-de-perete-esperanza-praga-diametru-20-cm-gonga.jpg\",\"datePublished\":\"2026-04-28T21:26:14+00:00\",\"dateModified\":\"2026-04-28T21:26:15+00:00\",\"breadcrumb\":{\"@id\":\"https:\/\/www.zoko.ro\/p\/ceas-de-perete-esperanza-praga-diametru-20-cm-gonga\/#breadcrumb\"},\"inLanguage\":\"en-GB\",\"potentialAction\":[{\"@type\":\"ReadAction\",\"target\":[\"https:\/\/www.zoko.ro\/p\/ceas-de-perete-esperanza-praga-diametru-20-cm-gonga\/\"]}]},{\"@type\":\"ImageObject\",\"inLanguage\":\"en-GB\",\"@id\":\"https:\/\/www.zoko.ro\/p\/ceas-de-perete-esperanza-praga-diametru-20-cm-gonga\/#primaryimage\",\"url\":\"https:\/\/www.zoko.ro\/wp-content\/uploads\/2025\/03\/ceas-de-perete-esperanza-praga-diametru-20-cm-gonga.jpg\",\"contentUrl\":\"https:\/\/www.zoko.ro\/wp-content\/uploads\/2025\/03\/ceas-de-perete-esperanza-praga-diametru-20-cm-gonga.jpg\",\"width\":976,\"height\":1000},{\"@type\":\"BreadcrumbList\",\"@id\":\"https:\/\/www.zoko.ro\/p\/ceas-de-perete-esperanza-praga-diametru-20-cm-gonga\/#breadcrumb\",\"itemListElement\":[{\"@type\":\"ListItem\",\"position\":1,\"name\":\"Home\",\"item\":\"https:\/\/www.zoko.ro\/\"},{\"@type\":\"ListItem\",\"position\":2,\"name\":\"Magazin\",\"item\":\"https:\/\/www.zoko.ro\/magazin\/\"},{\"@type\":\"ListItem\",\"position\":3,\"name\":\"Ceas de perete Esperanza PRAGA, diametru 20 cm, Gonga\u00ae\"}]},{\"@type\":\"WebSite\",\"@id\":\"https:\/\/www.zoko.ro\/#website\",\"url\":\"https:\/\/www.zoko.ro\/\",\"name\":\"ZOKO.ro\",\"description\":\"Cump\u0103r\u0103 inteligent\",\"publisher\":{\"@id\":\"https:\/\/www.zoko.ro\/#organization\"},\"potentialAction\":[{\"@type\":\"SearchAction\",\"target\":{\"@type\":\"EntryPoint\",\"urlTemplate\":\"https:\/\/www.zoko.ro\/?s={search_term_string}\"},\"query-input\":{\"@type\":\"PropertyValueSpecification\",\"valueRequired\":true,\"valueName\":\"search_term_string\"}}],\"inLanguage\":\"en-GB\"},{\"@type\":\"Organization\",\"@id\":\"https:\/\/www.zoko.ro\/#organization\",\"name\":\"ZOKO\",\"url\":\"https:\/\/www.zoko.ro\/\",\"logo\":{\"@type\":\"ImageObject\",\"inLanguage\":\"en-GB\",\"@id\":\"https:\/\/www.zoko.ro\/#\/schema\/logo\/image\/\",\"url\":\"https:\/\/www.zoko.ro\/wp-content\/uploads\/2025\/03\/logo1.svg\",\"contentUrl\":\"https:\/\/www.zoko.ro\/wp-content\/uploads\/2025\/03\/logo1.svg\",\"width\":799,\"height\":216,\"caption\":\"ZOKO\"},\"image\":{\"@id\":\"https:\/\/www.zoko.ro\/#\/schema\/logo\/image\/\"},\"sameAs\":[\"https:\/\/www.facebook.com\/profile.php?id=61584344135075\"]}]}<\/script>\n<!-- \/ Yoast SEO plugin. -->","yoast_head_json":{"title":"Ceas de perete Esperanza PRAGA, diametru 20 cm, Gonga\u00ae | ZOKO","robots":{"index":"index","follow":"follow","max-snippet":"max-snippet:-1","max-image-preview":"max-image-preview:large","max-video-preview":"max-video-preview:-1"},"canonical":"https:\/\/www.zoko.ro\/en\/p\/ceas-de-perete-esperanza-praga-diametru-20-cm-gonga\/","og_locale":"en_GB","og_type":"article","og_title":"Ceas de perete Esperanza PRAGA, diametru 20 cm, Gonga\u00ae | ZOKO","og_description":"Culoare: Alb Ceasul nostru de perete Esperanza PRAGUE este folosit nu numai pentru a ar\u0103ta ora &#8211; cu siguran\u021b\u0103 va","og_url":"https:\/\/www.zoko.ro\/en\/p\/ceas-de-perete-esperanza-praga-diametru-20-cm-gonga\/","og_site_name":"ZOKO","article_publisher":"https:\/\/www.facebook.com\/profile.php?id=61584344135075","article_modified_time":"2026-04-28T21:26:15+00:00","og_image":[{"width":976,"height":1000,"url":"https:\/\/www.zoko.ro\/wp-content\/uploads\/2025\/03\/ceas-de-perete-esperanza-praga-diametru-20-cm-gonga.jpg","type":"image\/jpeg"}],"twitter_card":"summary_large_image","schema":{"@context":"https:\/\/schema.org","@graph":[{"@type":"WebPage","@id":"https:\/\/www.zoko.ro\/p\/ceas-de-perete-esperanza-praga-diametru-20-cm-gonga\/","url":"https:\/\/www.zoko.ro\/p\/ceas-de-perete-esperanza-praga-diametru-20-cm-gonga\/","name":"Ceas de perete Esperanza PRAGA, diametru 20 cm, Gonga\u00ae | ZOKO","isPartOf":{"@id":"https:\/\/www.zoko.ro\/#website"},"primaryImageOfPage":{"@id":"https:\/\/www.zoko.ro\/p\/ceas-de-perete-esperanza-praga-diametru-20-cm-gonga\/#primaryimage"},"image":{"@id":"https:\/\/www.zoko.ro\/p\/ceas-de-perete-esperanza-praga-diametru-20-cm-gonga\/#primaryimage"},"thumbnailUrl":"https:\/\/www.zoko.ro\/wp-content\/uploads\/2025\/03\/ceas-de-perete-esperanza-praga-diametru-20-cm-gonga.jpg","datePublished":"2026-04-28T21:26:14+00:00","dateModified":"2026-04-28T21:26:15+00:00","breadcrumb":{"@id":"https:\/\/www.zoko.ro\/p\/ceas-de-perete-esperanza-praga-diametru-20-cm-gonga\/#breadcrumb"},"inLanguage":"en-GB","potentialAction":[{"@type":"ReadAction","target":["https:\/\/www.zoko.ro\/p\/ceas-de-perete-esperanza-praga-diametru-20-cm-gonga\/"]}]},{"@type":"ImageObject","inLanguage":"en-GB","@id":"https:\/\/www.zoko.ro\/p\/ceas-de-perete-esperanza-praga-diametru-20-cm-gonga\/#primaryimage","url":"https:\/\/www.zoko.ro\/wp-content\/uploads\/2025\/03\/ceas-de-perete-esperanza-praga-diametru-20-cm-gonga.jpg","contentUrl":"https:\/\/www.zoko.ro\/wp-content\/uploads\/2025\/03\/ceas-de-perete-esperanza-praga-diametru-20-cm-gonga.jpg","width":976,"height":1000},{"@type":"BreadcrumbList","@id":"https:\/\/www.zoko.ro\/p\/ceas-de-perete-esperanza-praga-diametru-20-cm-gonga\/#breadcrumb","itemListElement":[{"@type":"ListItem","position":1,"name":"Home","item":"https:\/\/www.zoko.ro\/"},{"@type":"ListItem","position":2,"name":"Magazin","item":"https:\/\/www.zoko.ro\/magazin\/"},{"@type":"ListItem","position":3,"name":"Ceas de perete Esperanza PRAGA, diametru 20 cm, Gonga\u00ae"}]},{"@type":"WebSite","@id":"https:\/\/www.zoko.ro\/#website","url":"https:\/\/www.zoko.ro\/","name":"ZOKO.ro","description":"Cump\u0103r\u0103 inteligent","publisher":{"@id":"https:\/\/www.zoko.ro\/#organization"},"potentialAction":[{"@type":"SearchAction","target":{"@type":"EntryPoint","urlTemplate":"https:\/\/www.zoko.ro\/?s={search_term_string}"},"query-input":{"@type":"PropertyValueSpecification","valueRequired":true,"valueName":"search_term_string"}}],"inLanguage":"en-GB"},{"@type":"Organization","@id":"https:\/\/www.zoko.ro\/#organization","name":"ZOKO","url":"https:\/\/www.zoko.ro\/","logo":{"@type":"ImageObject","inLanguage":"en-GB","@id":"https:\/\/www.zoko.ro\/#\/schema\/logo\/image\/","url":"https:\/\/www.zoko.ro\/wp-content\/uploads\/2025\/03\/logo1.svg","contentUrl":"https:\/\/www.zoko.ro\/wp-content\/uploads\/2025\/03\/logo1.svg","width":799,"height":216,"caption":"ZOKO"},"image":{"@id":"https:\/\/www.zoko.ro\/#\/schema\/logo\/image\/"},"sameAs":["https:\/\/www.facebook.com\/profile.php?id=61584344135075"]}]}},"_links":{"self":[{"href":"https:\/\/www.zoko.ro\/en\/wp-json\/wp\/v2\/product\/8086","targetHints":{"allow":["GET"]}}],"collection":[{"href":"https:\/\/www.zoko.ro\/en\/wp-json\/wp\/v2\/product"}],"about":[{"href":"https:\/\/www.zoko.ro\/en\/wp-json\/wp\/v2\/types\/product"}],"replies":[{"embeddable":true,"href":"https:\/\/www.zoko.ro\/en\/wp-json\/wp\/v2\/comments?post=8086"}],"version-history":[{"count":1,"href":"https:\/\/www.zoko.ro\/en\/wp-json\/wp\/v2\/product\/8086\/revisions"}],"predecessor-version":[{"id":8087,"href":"https:\/\/www.zoko.ro\/en\/wp-json\/wp\/v2\/product\/8086\/revisions\/8087"}],"wp:featuredmedia":[{"embeddable":true,"href":"https:\/\/www.zoko.ro\/en\/wp-json\/wp\/v2\/media\/8088"}],"wp:attachment":[{"href":"https:\/\/www.zoko.ro\/en\/wp-json\/wp\/v2\/media?parent=8086"}],"wp:term":[{"taxonomy":"product_brand","embeddable":true,"href":"https:\/\/www.zoko.ro\/en\/wp-json\/wp\/v2\/product_brand?post=8086"},{"taxonomy":"product_cat","embeddable":true,"href":"https:\/\/www.zoko.ro\/en\/wp-json\/wp\/v2\/product_cat?post=8086"},{"taxonomy":"product_tag","embeddable":true,"href":"https:\/\/www.zoko.ro\/en\/wp-json\/wp\/v2\/product_tag?post=8086"}],"curies":[{"name":"wp","href":"https:\/\/api.w.org\/{rel}","templated":true}]}}