{"id":8124,"date":"2026-04-28T23:26:17","date_gmt":"2026-04-28T21:26:17","guid":{"rendered":"https:\/\/www.zoko.ro\/p\/aparat-de-masaj-pentru-picioare-spa-500w-8-role-gonga\/"},"modified":"2026-04-28T23:26:18","modified_gmt":"2026-04-28T21:26:18","slug":"aparat-de-masaj-pentru-picioare-spa-500w-8-role-gonga","status":"publish","type":"product","link":"https:\/\/www.zoko.ro\/en\/p\/aparat-de-masaj-pentru-picioare-spa-500w-8-role-gonga\/","title":{"rendered":"Aparat de masaj pentru picioare, SPA, 500w, 8 role, Gonga\u00ae"},"content":{"rendered":"<p><strong>Culoare:<\/strong> Crem<\/p>\n<p style=\"margin:0px;font-size:12px;line-height:normal;font-family:'Helvetica Neue';\">Dispozitivul perfect \u00eentr-o lume \u00een care\u00a0\u00a0<b>via\u021ba noastr\u0103 este din ce \u00een ce mai stresant\u0103<\/b>\u00a0\u0219i\u00a0<b>,<\/b>\u00a0\u00een plus, toat\u0103 lumea este ocupat\u0103 \u0219i are din ce \u00een ce\u00a0<b>mai pu\u021bin timp pentru momente de relaxare<\/b>\u00a0.\u00a0<\/p>\n<p style=\"margin:0px;font-size:12px;line-height:normal;font-family:'Helvetica Neue';\">Datorit\u0103 aparatului de masaj pute\u021bi\u00a0<b>experimenta relaxarea<\/b>\u00a0de la saloanele SPA direct de <b>acas\u0103<\/b>\u00a0.<\/p>\n<p style=\"margin:0px;font-size:12px;line-height:normal;font-family:'Helvetica Neue';\">Cele mai mari avantaje ale masajului sunt relaxarea picioarelor obosite dup\u0103 o zi de munc\u0103, care este garantat\u0103 de caracteristicile specifice ale produsului.<\/p>\n<p style=\"margin:0px;font-size:12px;line-height:normal;font-family:'Helvetica Neue';\">Un efect suplimentar de relaxare este furnizat de\u00a0<b>duza care emite bule<\/b>\u00a0, care a fost plasat\u0103 \u00een centrul dispozitivului.<\/p>\n<p style=\"margin:0px;font-size:12px;line-height:normal;font-family:'Helvetica Neue';min-height:14px;\">\n<p style=\"margin:0px;font-size:12px;line-height:normal;font-family:'Helvetica Neue';\"><b>Recipient de sare \/ ierburi<\/b><\/p>\n<p style=\"margin:0px;font-size:12px;line-height:normal;font-family:'Helvetica Neue';min-height:14px;\">\n<p style=\"margin:0px;font-size:12px;line-height:normal;font-family:'Helvetica Neue';\">O alt\u0103 caracteristic\u0103 care distinge modelul nostru de altele este un recipient special pentru sare (sau un amestec de ierburi) \u00een partea de jos.\u00a0<\/p>\n<p style=\"margin:0px;font-size:12px;line-height:normal;font-family:'Helvetica Neue';\">Datorit\u0103 acestui fapt, efectul de masaj poate fi intensificat datorit\u0103 ac\u021biunii vindec\u0103rii compu\u0219ilor minerali.<\/p>\n<p style=\"margin:0px;font-size:12px;line-height:normal;font-family:'Helvetica Neue';min-height:14px;\">\n<p style=\"margin:0px;font-size:12px;line-height:normal;font-family:'Helvetica Neue';\"><b>Infraro\u015fu<\/b><\/p>\n<p style=\"margin:0px;font-size:12px;line-height:normal;font-family:'Helvetica Neue';min-height:14px;\">\n<p style=\"margin:0px;font-size:12px;line-height:normal;font-family:'Helvetica Neue';\">Dispozitivul are un sistem de \u00eenc\u0103lzire cu ap\u0103 si infraro\u0219u.\u00a0Temperatura poate fi setat\u0103 \u00een intervalul 35-45 grade.<\/p>\n<p style=\"margin:0px;font-size:12px;line-height:normal;font-family:'Helvetica Neue';min-height:14px;\">\n<p style=\"margin:0px;font-size:12px;line-height:normal;font-family:'Helvetica Neue';\"><b>Furtun de scurgere<\/b><\/p>\n<p style=\"margin:0px;font-size:12px;line-height:normal;font-family:'Helvetica Neue';min-height:14px;\">\n<p style=\"margin:0px;font-size:12px;line-height:normal;font-family:'Helvetica Neue';\">Pentru a garanta valori de utilitate mai bune, dispozitivul are un furtun de scurgere retractabil, ceea ce face mai u\u0219oar\u0103 \u00eendep\u0103rtarea apei dup\u0103 masaj.<\/p>\n<p style=\"margin:0px;font-size:12px;line-height:normal;font-family:'Helvetica Neue';min-height:14px;\">\n<p style=\"margin:0px;font-size:12px;line-height:normal;font-family:'Helvetica Neue';\"><b>Afi\u0219aj LED<\/b><\/p>\n<p style=\"margin:0px;font-size:12px;line-height:normal;font-family:'Helvetica Neue';min-height:14px;\">\n<p style=\"margin:0px;font-size:12px;line-height:normal;font-family:'Helvetica Neue';\">Dispozitivul este controlat digital si este echipat cu un panou de control clar cu afi\u0219aj LED.\u00a0Folosind butoanele, pute\u021bi seta temperatura dorit\u0103, timpul de func\u021bionare al dispozitivului, pute\u021bi porni \u00eenc\u0103lzirea \u0219i bulele.<\/p>\n<p style=\"margin:0px;font-size:12px;line-height:normal;font-family:'Helvetica Neue';min-height:14px;\">\n<p style=\"margin:0px;font-size:12px;line-height:normal;font-family:'Helvetica Neue';\">Dispozitivul poate func\u021biona \u00een urm\u0103toarele moduri:<\/p>\n<ul>\n<li style=\"margin:0px;font-size:12px;line-height:normal;font-family:'Helvetica Neue';\"><span style=\"font-size:10px;line-height:normal;font-family:Menlo;\"><\/span>Incalzi<\/li>\n<li style=\"margin:0px;font-size:12px;line-height:normal;font-family:'Helvetica Neue';\"><span style=\"font-size:10px;line-height:normal;font-family:Menlo;\"><\/span>masaj cu vibra\u021bii cu bule<\/li>\n<li style=\"margin:0px;font-size:12px;line-height:normal;font-family:'Helvetica Neue';\"><span style=\"font-size:10px;line-height:normal;font-family:Menlo;\"><\/span>\u00eenc\u0103lzire cu bule vibratoare masaj<\/li>\n<\/ul>\n<p style=\"margin:0px;font-size:12px;line-height:normal;font-family:'Helvetica Neue';min-height:14px;\">\n<p style=\"margin:0px;font-size:12px;line-height:normal;font-family:'Helvetica Neue';\"><b>Avantaje<\/b><\/p>\n<p style=\"margin:0px;font-size:12px;line-height:normal;font-family:'Helvetica Neue';min-height:14px;\">\n<ul>\n<li style=\"margin:0px;font-size:12px;line-height:normal;font-family:'Helvetica Neue';\"><span style=\"font-size:10px;line-height:normal;font-family:Menlo;\"><\/span>Stimularea receptorilor<\/li>\n<li style=\"margin:0px;font-size:12px;line-height:normal;font-family:'Helvetica Neue';\"><span style=\"font-size:10px;line-height:normal;font-family:Menlo;\"><\/span>Utilizarea terapeutic\u0103 a termoterapiei \u0219i a terapiei termice este utilizat\u0103 pe scar\u0103 larg\u0103 \u00een medicin\u0103, reabilitare \u0219i cosmetologie<\/li>\n<li style=\"margin:0px;font-size:12px;line-height:normal;font-family:'Helvetica Neue';\"><span style=\"font-size:10px;line-height:normal;font-family:Menlo;\"><\/span>Efect puternic \u0219i eficient asupra structurii receptorilor din picior, dep\u0103\u0219ind semnificativ masajul clasic,<\/li>\n<li style=\"margin:0px;font-size:12px;line-height:normal;font-family:'Helvetica Neue';\"><span style=\"font-size:10px;line-height:normal;font-family:Menlo;\"><\/span>Stimuleaz\u0103 receptorii picioarelor \u0219i ai mu\u0219chilor inferiori ai picioarelor, elimin\u00e2nd oboseala \u0219i mobilizeaz\u0103 sistemul imunitar \u0219i organele interne pe baza tehnicilor de reflexologie<\/li>\n<li style=\"margin:0px;font-size:12px;line-height:normal;font-family:'Helvetica Neue';\"><span style=\"font-size:10px;line-height:normal;font-family:Menlo;\"><\/span>Bulele de aer revigorante amelioreaz\u0103 tensiunea muscular\u0103<\/li>\n<li style=\"margin:0px;font-size:12px;line-height:normal;font-family:'Helvetica Neue';\"><span style=\"font-size:10px;line-height:normal;font-family:Menlo;\"><\/span>Rolele relaxante garanteaz\u0103 eliberarea tensiunii \u0219i oboselii de-a lungul \u00eentregii coloane vertebrale.<\/li>\n<\/ul>\n<p style=\"margin:0px;font-size:12px;line-height:normal;font-family:'Helvetica Neue';min-height:14px;\">\n<p style=\"margin:0px;font-size:12px;line-height:normal;font-family:'Helvetica Neue';\"><b>DATE TEHNICE<\/b><\/p>\n<p style=\"margin:0px;font-size:12px;line-height:normal;font-family:'Helvetica Neue';min-height:14px;\">\n<ul>\n<li style=\"margin:0px;font-size:12px;line-height:normal;font-family:'Helvetica Neue';\"><span style=\"font-size:10px;line-height:normal;font-family:Menlo;\"><\/span>8 buc\u0103\u021bi de role de masaj<\/li>\n<li style=\"margin:0px;font-size:12px;line-height:normal;font-family:'Helvetica Neue';\"><span style=\"font-size:10px;line-height:normal;font-family:Menlo;\"><\/span>\u00eenc\u0103lzirea cu ap\u0103<\/li>\n<li style=\"margin:0px;font-size:12px;line-height:normal;font-family:'Helvetica Neue';\"><span style=\"font-size:10px;line-height:normal;font-family:Menlo;\"><\/span>recipient de sare \/ ierburi<\/li>\n<li style=\"margin:0px;font-size:12px;line-height:normal;font-family:'Helvetica Neue';\"><span style=\"font-size:10px;line-height:normal;font-family:Menlo;\"><\/span>panou de control digital cu display<\/li>\n<li style=\"margin:0px;font-size:12px;line-height:normal;font-family:'Helvetica Neue';\"><span style=\"font-size:10px;line-height:normal;font-family:Menlo;\"><\/span>temporizator<\/li>\n<li style=\"margin:0px;font-size:12px;line-height:normal;font-family:'Helvetica Neue';\"><span style=\"font-size:10px;line-height:normal;font-family:Menlo;\"><\/span>capacitate 5l<\/li>\n<li style=\"margin:0px;font-size:12px;line-height:normal;font-family:'Helvetica Neue';\"><span style=\"font-size:10px;line-height:normal;font-family:Menlo;\"><\/span>picioare din cauciuc<\/li>\n<li style=\"margin:0px;font-size:12px;line-height:normal;font-family:'Helvetica Neue';\"><span style=\"font-size:10px;line-height:normal;font-family:Menlo;\"><\/span>M\u00e2ner retractabil pentru transport u\u0219or<\/li>\n<li style=\"margin:0px;font-size:12px;line-height:normal;font-family:'Helvetica Neue';\"><span style=\"font-size:10px;line-height:normal;font-family:Menlo;\"><\/span>capac pentru \u00eenchiderea dispozitivului<\/li>\n<li style=\"margin:0px;font-size:12px;line-height:normal;font-family:'Helvetica Neue';\"><span style=\"font-size:10px;line-height:normal;font-family:Menlo;\"><\/span>sursa de alimentare 220-240 V<\/li>\n<li style=\"margin:0px;font-size:12px;line-height:normal;font-family:'Helvetica Neue';\"><span style=\"font-size:10px;line-height:normal;font-family:Menlo;\"><\/span>putere 500W<\/li>\n<\/ul>\n<p style=\"margin:0px;font-size:12px;line-height:normal;font-family:'Helvetica Neue';min-height:15px;\">\n<p style=\"margin:0px;font-size:12px;line-height:normal;font-family:'Helvetica Neue';\"><b>DIMENSIUNI<\/b><\/p>\n<p style=\"margin:0px;font-size:12px;line-height:normal;font-family:'Helvetica Neue';min-height:14px;\">\n<\/p>\n<ul>\n<li style=\"margin:0px;font-size:12px;line-height:normal;font-family:'Helvetica Neue';\"><span style=\"font-size:10px;line-height:normal;font-family:Menlo;\"><\/span>Latime 35 cm<\/li>\n<li style=\"margin:0px;font-size:12px;line-height:normal;font-family:'Helvetica Neue';\"><span style=\"font-size:10px;line-height:normal;font-family:Menlo;\"><\/span>Lungime 42 cm<\/li>\n<li style=\"margin:0px;font-size:12px;line-height:normal;font-family:'Helvetica Neue';\"><span style=\"font-size:10px;line-height:normal;font-family:Menlo;\"><\/span>\u00cen\u0103l\u021bime 27cm<\/li>\n<li style=\"margin:0px;font-size:12px;line-height:normal;font-family:'Helvetica Neue';\"><span style=\"font-size:10px;line-height:normal;font-family:Menlo;\"><\/span>Lungimea cablului de alimentare: 165 cm<\/li>\n<\/ul>","protected":false},"excerpt":{"rendered":"<p>Culoare: Crem Dispozitivul perfect \u00eentr-o lume \u00een care\u00a0\u00a0via\u021ba noastr\u0103 este din ce \u00een ce mai stresant\u0103\u00a0\u0219i\u00a0,\u00a0\u00een plus, toat\u0103 lumea este<\/p>","protected":false},"featured_media":8126,"comment_status":"open","ping_status":"open","template":"","meta":[],"product_brand":[],"product_cat":[99,115,114],"product_tag":[],"class_list":{"0":"post-8124","1":"product","2":"type-product","3":"status-publish","4":"has-post-thumbnail","6":"product_cat-acasa","7":"product_cat-aparate-accesorii-ingrijire-personala","8":"product_cat-ingrijire-personala-cosmetice","9":"pa_culoare-crem","11":"first","12":"outofstock","13":"sale","14":"purchasable","15":"product-type-simple"},"yoast_head":"<!-- This site is optimized with the Yoast SEO plugin v27.2 - https:\/\/yoast.com\/product\/yoast-seo-wordpress\/ -->\n<title>Aparat de masaj pentru picioare, SPA, 500w, 8 role, Gonga\u00ae | ZOKO<\/title>\n<meta name=\"robots\" content=\"index, follow, max-snippet:-1, max-image-preview:large, max-video-preview:-1\" \/>\n<link rel=\"canonical\" href=\"https:\/\/www.zoko.ro\/en\/p\/aparat-de-masaj-pentru-picioare-spa-500w-8-role-gonga\/\" \/>\n<meta property=\"og:locale\" content=\"en_GB\" \/>\n<meta property=\"og:type\" content=\"article\" \/>\n<meta property=\"og:title\" content=\"Aparat de masaj pentru picioare, SPA, 500w, 8 role, Gonga\u00ae | ZOKO\" \/>\n<meta property=\"og:description\" content=\"Culoare: Crem Dispozitivul perfect \u00eentr-o lume \u00een care\u00a0\u00a0via\u021ba noastr\u0103 este din ce \u00een ce mai stresant\u0103\u00a0\u0219i\u00a0,\u00a0\u00een plus, toat\u0103 lumea este\" \/>\n<meta property=\"og:url\" content=\"https:\/\/www.zoko.ro\/en\/p\/aparat-de-masaj-pentru-picioare-spa-500w-8-role-gonga\/\" \/>\n<meta property=\"og:site_name\" content=\"ZOKO\" \/>\n<meta property=\"article:publisher\" content=\"https:\/\/www.facebook.com\/profile.php?id=61584344135075\" \/>\n<meta property=\"article:modified_time\" content=\"2026-04-28T21:26:18+00:00\" \/>\n<meta property=\"og:image\" content=\"https:\/\/www.zoko.ro\/wp-content\/uploads\/2025\/03\/aparat-de-masaj-pentru-picioare-500w-8-role-gonga.jpg\" \/>\n\t<meta property=\"og:image:width\" content=\"720\" \/>\n\t<meta property=\"og:image:height\" content=\"592\" \/>\n\t<meta property=\"og:image:type\" content=\"image\/jpeg\" \/>\n<meta name=\"twitter:card\" content=\"summary_large_image\" \/>\n<meta name=\"twitter:label1\" content=\"Estimated reading time\" \/>\n\t<meta name=\"twitter:data1\" content=\"2 minutes\" \/>\n<script type=\"application\/ld+json\" class=\"yoast-schema-graph\">{\"@context\":\"https:\/\/schema.org\",\"@graph\":[{\"@type\":\"WebPage\",\"@id\":\"https:\/\/www.zoko.ro\/p\/aparat-de-masaj-pentru-picioare-spa-500w-8-role-gonga\/\",\"url\":\"https:\/\/www.zoko.ro\/p\/aparat-de-masaj-pentru-picioare-spa-500w-8-role-gonga\/\",\"name\":\"Aparat de masaj pentru picioare, SPA, 500w, 8 role, Gonga\u00ae | ZOKO\",\"isPartOf\":{\"@id\":\"https:\/\/www.zoko.ro\/#website\"},\"primaryImageOfPage\":{\"@id\":\"https:\/\/www.zoko.ro\/p\/aparat-de-masaj-pentru-picioare-spa-500w-8-role-gonga\/#primaryimage\"},\"image\":{\"@id\":\"https:\/\/www.zoko.ro\/p\/aparat-de-masaj-pentru-picioare-spa-500w-8-role-gonga\/#primaryimage\"},\"thumbnailUrl\":\"https:\/\/www.zoko.ro\/wp-content\/uploads\/2025\/03\/aparat-de-masaj-pentru-picioare-500w-8-role-gonga.jpg\",\"datePublished\":\"2026-04-28T21:26:17+00:00\",\"dateModified\":\"2026-04-28T21:26:18+00:00\",\"breadcrumb\":{\"@id\":\"https:\/\/www.zoko.ro\/p\/aparat-de-masaj-pentru-picioare-spa-500w-8-role-gonga\/#breadcrumb\"},\"inLanguage\":\"en-GB\",\"potentialAction\":[{\"@type\":\"ReadAction\",\"target\":[\"https:\/\/www.zoko.ro\/p\/aparat-de-masaj-pentru-picioare-spa-500w-8-role-gonga\/\"]}]},{\"@type\":\"ImageObject\",\"inLanguage\":\"en-GB\",\"@id\":\"https:\/\/www.zoko.ro\/p\/aparat-de-masaj-pentru-picioare-spa-500w-8-role-gonga\/#primaryimage\",\"url\":\"https:\/\/www.zoko.ro\/wp-content\/uploads\/2025\/03\/aparat-de-masaj-pentru-picioare-500w-8-role-gonga.jpg\",\"contentUrl\":\"https:\/\/www.zoko.ro\/wp-content\/uploads\/2025\/03\/aparat-de-masaj-pentru-picioare-500w-8-role-gonga.jpg\",\"width\":720,\"height\":592},{\"@type\":\"BreadcrumbList\",\"@id\":\"https:\/\/www.zoko.ro\/p\/aparat-de-masaj-pentru-picioare-spa-500w-8-role-gonga\/#breadcrumb\",\"itemListElement\":[{\"@type\":\"ListItem\",\"position\":1,\"name\":\"Home\",\"item\":\"https:\/\/www.zoko.ro\/\"},{\"@type\":\"ListItem\",\"position\":2,\"name\":\"Magazin\",\"item\":\"https:\/\/www.zoko.ro\/magazin\/\"},{\"@type\":\"ListItem\",\"position\":3,\"name\":\"Aparat de masaj pentru picioare, SPA, 500w, 8 role, Gonga\u00ae\"}]},{\"@type\":\"WebSite\",\"@id\":\"https:\/\/www.zoko.ro\/#website\",\"url\":\"https:\/\/www.zoko.ro\/\",\"name\":\"ZOKO.ro\",\"description\":\"Cump\u0103r\u0103 inteligent\",\"publisher\":{\"@id\":\"https:\/\/www.zoko.ro\/#organization\"},\"potentialAction\":[{\"@type\":\"SearchAction\",\"target\":{\"@type\":\"EntryPoint\",\"urlTemplate\":\"https:\/\/www.zoko.ro\/?s={search_term_string}\"},\"query-input\":{\"@type\":\"PropertyValueSpecification\",\"valueRequired\":true,\"valueName\":\"search_term_string\"}}],\"inLanguage\":\"en-GB\"},{\"@type\":\"Organization\",\"@id\":\"https:\/\/www.zoko.ro\/#organization\",\"name\":\"ZOKO\",\"url\":\"https:\/\/www.zoko.ro\/\",\"logo\":{\"@type\":\"ImageObject\",\"inLanguage\":\"en-GB\",\"@id\":\"https:\/\/www.zoko.ro\/#\/schema\/logo\/image\/\",\"url\":\"https:\/\/www.zoko.ro\/wp-content\/uploads\/2025\/03\/logo1.svg\",\"contentUrl\":\"https:\/\/www.zoko.ro\/wp-content\/uploads\/2025\/03\/logo1.svg\",\"width\":799,\"height\":216,\"caption\":\"ZOKO\"},\"image\":{\"@id\":\"https:\/\/www.zoko.ro\/#\/schema\/logo\/image\/\"},\"sameAs\":[\"https:\/\/www.facebook.com\/profile.php?id=61584344135075\"]}]}<\/script>\n<!-- \/ Yoast SEO plugin. -->","yoast_head_json":{"title":"Aparat de masaj pentru picioare, SPA, 500w, 8 role, Gonga\u00ae | ZOKO","robots":{"index":"index","follow":"follow","max-snippet":"max-snippet:-1","max-image-preview":"max-image-preview:large","max-video-preview":"max-video-preview:-1"},"canonical":"https:\/\/www.zoko.ro\/en\/p\/aparat-de-masaj-pentru-picioare-spa-500w-8-role-gonga\/","og_locale":"en_GB","og_type":"article","og_title":"Aparat de masaj pentru picioare, SPA, 500w, 8 role, Gonga\u00ae | ZOKO","og_description":"Culoare: Crem Dispozitivul perfect \u00eentr-o lume \u00een care\u00a0\u00a0via\u021ba noastr\u0103 este din ce \u00een ce mai stresant\u0103\u00a0\u0219i\u00a0,\u00a0\u00een plus, toat\u0103 lumea este","og_url":"https:\/\/www.zoko.ro\/en\/p\/aparat-de-masaj-pentru-picioare-spa-500w-8-role-gonga\/","og_site_name":"ZOKO","article_publisher":"https:\/\/www.facebook.com\/profile.php?id=61584344135075","article_modified_time":"2026-04-28T21:26:18+00:00","og_image":[{"width":720,"height":592,"url":"https:\/\/www.zoko.ro\/wp-content\/uploads\/2025\/03\/aparat-de-masaj-pentru-picioare-500w-8-role-gonga.jpg","type":"image\/jpeg"}],"twitter_card":"summary_large_image","twitter_misc":{"Estimated reading time":"2 minutes"},"schema":{"@context":"https:\/\/schema.org","@graph":[{"@type":"WebPage","@id":"https:\/\/www.zoko.ro\/p\/aparat-de-masaj-pentru-picioare-spa-500w-8-role-gonga\/","url":"https:\/\/www.zoko.ro\/p\/aparat-de-masaj-pentru-picioare-spa-500w-8-role-gonga\/","name":"Aparat de masaj pentru picioare, SPA, 500w, 8 role, Gonga\u00ae | ZOKO","isPartOf":{"@id":"https:\/\/www.zoko.ro\/#website"},"primaryImageOfPage":{"@id":"https:\/\/www.zoko.ro\/p\/aparat-de-masaj-pentru-picioare-spa-500w-8-role-gonga\/#primaryimage"},"image":{"@id":"https:\/\/www.zoko.ro\/p\/aparat-de-masaj-pentru-picioare-spa-500w-8-role-gonga\/#primaryimage"},"thumbnailUrl":"https:\/\/www.zoko.ro\/wp-content\/uploads\/2025\/03\/aparat-de-masaj-pentru-picioare-500w-8-role-gonga.jpg","datePublished":"2026-04-28T21:26:17+00:00","dateModified":"2026-04-28T21:26:18+00:00","breadcrumb":{"@id":"https:\/\/www.zoko.ro\/p\/aparat-de-masaj-pentru-picioare-spa-500w-8-role-gonga\/#breadcrumb"},"inLanguage":"en-GB","potentialAction":[{"@type":"ReadAction","target":["https:\/\/www.zoko.ro\/p\/aparat-de-masaj-pentru-picioare-spa-500w-8-role-gonga\/"]}]},{"@type":"ImageObject","inLanguage":"en-GB","@id":"https:\/\/www.zoko.ro\/p\/aparat-de-masaj-pentru-picioare-spa-500w-8-role-gonga\/#primaryimage","url":"https:\/\/www.zoko.ro\/wp-content\/uploads\/2025\/03\/aparat-de-masaj-pentru-picioare-500w-8-role-gonga.jpg","contentUrl":"https:\/\/www.zoko.ro\/wp-content\/uploads\/2025\/03\/aparat-de-masaj-pentru-picioare-500w-8-role-gonga.jpg","width":720,"height":592},{"@type":"BreadcrumbList","@id":"https:\/\/www.zoko.ro\/p\/aparat-de-masaj-pentru-picioare-spa-500w-8-role-gonga\/#breadcrumb","itemListElement":[{"@type":"ListItem","position":1,"name":"Home","item":"https:\/\/www.zoko.ro\/"},{"@type":"ListItem","position":2,"name":"Magazin","item":"https:\/\/www.zoko.ro\/magazin\/"},{"@type":"ListItem","position":3,"name":"Aparat de masaj pentru picioare, SPA, 500w, 8 role, Gonga\u00ae"}]},{"@type":"WebSite","@id":"https:\/\/www.zoko.ro\/#website","url":"https:\/\/www.zoko.ro\/","name":"ZOKO.ro","description":"Cump\u0103r\u0103 inteligent","publisher":{"@id":"https:\/\/www.zoko.ro\/#organization"},"potentialAction":[{"@type":"SearchAction","target":{"@type":"EntryPoint","urlTemplate":"https:\/\/www.zoko.ro\/?s={search_term_string}"},"query-input":{"@type":"PropertyValueSpecification","valueRequired":true,"valueName":"search_term_string"}}],"inLanguage":"en-GB"},{"@type":"Organization","@id":"https:\/\/www.zoko.ro\/#organization","name":"ZOKO","url":"https:\/\/www.zoko.ro\/","logo":{"@type":"ImageObject","inLanguage":"en-GB","@id":"https:\/\/www.zoko.ro\/#\/schema\/logo\/image\/","url":"https:\/\/www.zoko.ro\/wp-content\/uploads\/2025\/03\/logo1.svg","contentUrl":"https:\/\/www.zoko.ro\/wp-content\/uploads\/2025\/03\/logo1.svg","width":799,"height":216,"caption":"ZOKO"},"image":{"@id":"https:\/\/www.zoko.ro\/#\/schema\/logo\/image\/"},"sameAs":["https:\/\/www.facebook.com\/profile.php?id=61584344135075"]}]}},"_links":{"self":[{"href":"https:\/\/www.zoko.ro\/en\/wp-json\/wp\/v2\/product\/8124","targetHints":{"allow":["GET"]}}],"collection":[{"href":"https:\/\/www.zoko.ro\/en\/wp-json\/wp\/v2\/product"}],"about":[{"href":"https:\/\/www.zoko.ro\/en\/wp-json\/wp\/v2\/types\/product"}],"replies":[{"embeddable":true,"href":"https:\/\/www.zoko.ro\/en\/wp-json\/wp\/v2\/comments?post=8124"}],"version-history":[{"count":1,"href":"https:\/\/www.zoko.ro\/en\/wp-json\/wp\/v2\/product\/8124\/revisions"}],"predecessor-version":[{"id":8125,"href":"https:\/\/www.zoko.ro\/en\/wp-json\/wp\/v2\/product\/8124\/revisions\/8125"}],"wp:featuredmedia":[{"embeddable":true,"href":"https:\/\/www.zoko.ro\/en\/wp-json\/wp\/v2\/media\/8126"}],"wp:attachment":[{"href":"https:\/\/www.zoko.ro\/en\/wp-json\/wp\/v2\/media?parent=8124"}],"wp:term":[{"taxonomy":"product_brand","embeddable":true,"href":"https:\/\/www.zoko.ro\/en\/wp-json\/wp\/v2\/product_brand?post=8124"},{"taxonomy":"product_cat","embeddable":true,"href":"https:\/\/www.zoko.ro\/en\/wp-json\/wp\/v2\/product_cat?post=8124"},{"taxonomy":"product_tag","embeddable":true,"href":"https:\/\/www.zoko.ro\/en\/wp-json\/wp\/v2\/product_tag?post=8124"}],"curies":[{"name":"wp","href":"https:\/\/api.w.org\/{rel}","templated":true}]}}