{"id":8448,"date":"2026-04-28T23:26:54","date_gmt":"2026-04-28T21:26:54","guid":{"rendered":"https:\/\/www.zoko.ro\/p\/antifurt-pentru-bicicleta-spiralat-1-2m-gonga\/"},"modified":"2026-04-28T23:26:54","modified_gmt":"2026-04-28T21:26:54","slug":"antifurt-pentru-bicicleta-spiralat-1-2m-gonga","status":"publish","type":"product","link":"https:\/\/www.zoko.ro\/en\/p\/antifurt-pentru-bicicleta-spiralat-1-2m-gonga\/","title":{"rendered":"Antifurt pentru bicicleta spiralat, 1.2m, Gonga\u00ae"},"content":{"rendered":"<p><strong>Culoare:<\/strong> Negru<\/p>\n<p>Cablu antifurt puternic \u0219i solid. A fost acoperit cu un material durabil care o protejeaz\u0103 de condi\u021biile meteorologice \u0219i protejeaz\u0103 suplimentar bicicleta de zg\u00e2rieturi.<\/p>\n<\/p>\n<p>Diametrul zalei lan\u021bului 4mm<\/p>\n<p>Lungime lan\u021b 120cm<\/p>\n<\/p>\n<p>Asamblarea este foarte u\u0219oar\u0103 \u0219i nu necesit\u0103 alte instrumente. Este suficient s\u0103 treci coarda prin roat\u0103 \u00eentre spi\u021be sau cadrul bicicletei \u0219i apoi s\u0103 \u00eenf\u0103\u0219ori lan\u021bul \u00een jurul gardului sau al copacului.<\/p>","protected":false},"excerpt":{"rendered":"<p>Culoare: Negru Cablu antifurt puternic \u0219i solid. A fost acoperit cu un material durabil care o protejeaz\u0103 de condi\u021biile meteorologice<\/p>","protected":false},"featured_media":8450,"comment_status":"open","ping_status":"open","template":"","meta":[],"product_brand":[],"product_cat":[99,143,102],"product_tag":[104],"class_list":{"0":"post-8448","1":"product","2":"type-product","3":"status-publish","4":"has-post-thumbnail","6":"product_cat-acasa","7":"product_cat-biciclete-accesorii","8":"product_cat-sport-activitati-in-aer-liber","9":"product_tag-in-stoc","10":"pa_culoare-negru","12":"first","13":"instock","14":"sale","15":"purchasable","16":"product-type-simple"},"yoast_head":"<!-- This site is optimized with the Yoast SEO plugin v27.2 - https:\/\/yoast.com\/product\/yoast-seo-wordpress\/ -->\n<title>Antifurt pentru bicicleta spiralat, 1.2m, Gonga\u00ae | ZOKO<\/title>\n<meta name=\"robots\" content=\"index, follow, max-snippet:-1, max-image-preview:large, max-video-preview:-1\" \/>\n<link rel=\"canonical\" href=\"https:\/\/www.zoko.ro\/en\/p\/antifurt-pentru-bicicleta-spiralat-1-2m-gonga\/\" \/>\n<meta property=\"og:locale\" content=\"en_GB\" \/>\n<meta property=\"og:type\" content=\"article\" \/>\n<meta property=\"og:title\" content=\"Antifurt pentru bicicleta spiralat, 1.2m, Gonga\u00ae | ZOKO\" \/>\n<meta property=\"og:description\" content=\"Culoare: Negru Cablu antifurt puternic \u0219i solid. A fost acoperit cu un material durabil care o protejeaz\u0103 de condi\u021biile meteorologice\" \/>\n<meta property=\"og:url\" content=\"https:\/\/www.zoko.ro\/en\/p\/antifurt-pentru-bicicleta-spiralat-1-2m-gonga\/\" \/>\n<meta property=\"og:site_name\" content=\"ZOKO\" \/>\n<meta property=\"article:publisher\" content=\"https:\/\/www.facebook.com\/profile.php?id=61584344135075\" \/>\n<meta property=\"og:image\" content=\"https:\/\/www.zoko.ro\/wp-content\/uploads\/2025\/03\/antifurt-pentru-bicicleta-spiralat-12m-gonga.jpg\" \/>\n\t<meta property=\"og:image:width\" content=\"851\" \/>\n\t<meta property=\"og:image:height\" content=\"782\" \/>\n\t<meta property=\"og:image:type\" content=\"image\/png\" \/>\n<meta name=\"twitter:card\" content=\"summary_large_image\" \/>\n<script type=\"application\/ld+json\" class=\"yoast-schema-graph\">{\"@context\":\"https:\/\/schema.org\",\"@graph\":[{\"@type\":\"WebPage\",\"@id\":\"https:\/\/www.zoko.ro\/p\/antifurt-pentru-bicicleta-spiralat-1-2m-gonga\/\",\"url\":\"https:\/\/www.zoko.ro\/p\/antifurt-pentru-bicicleta-spiralat-1-2m-gonga\/\",\"name\":\"Antifurt pentru bicicleta spiralat, 1.2m, Gonga\u00ae | ZOKO\",\"isPartOf\":{\"@id\":\"https:\/\/www.zoko.ro\/#website\"},\"primaryImageOfPage\":{\"@id\":\"https:\/\/www.zoko.ro\/p\/antifurt-pentru-bicicleta-spiralat-1-2m-gonga\/#primaryimage\"},\"image\":{\"@id\":\"https:\/\/www.zoko.ro\/p\/antifurt-pentru-bicicleta-spiralat-1-2m-gonga\/#primaryimage\"},\"thumbnailUrl\":\"https:\/\/www.zoko.ro\/wp-content\/uploads\/2025\/03\/antifurt-pentru-bicicleta-spiralat-12m-gonga.jpg\",\"datePublished\":\"2026-04-28T21:26:54+00:00\",\"breadcrumb\":{\"@id\":\"https:\/\/www.zoko.ro\/p\/antifurt-pentru-bicicleta-spiralat-1-2m-gonga\/#breadcrumb\"},\"inLanguage\":\"en-GB\",\"potentialAction\":[{\"@type\":\"ReadAction\",\"target\":[\"https:\/\/www.zoko.ro\/p\/antifurt-pentru-bicicleta-spiralat-1-2m-gonga\/\"]}]},{\"@type\":\"ImageObject\",\"inLanguage\":\"en-GB\",\"@id\":\"https:\/\/www.zoko.ro\/p\/antifurt-pentru-bicicleta-spiralat-1-2m-gonga\/#primaryimage\",\"url\":\"https:\/\/www.zoko.ro\/wp-content\/uploads\/2025\/03\/antifurt-pentru-bicicleta-spiralat-12m-gonga.jpg\",\"contentUrl\":\"https:\/\/www.zoko.ro\/wp-content\/uploads\/2025\/03\/antifurt-pentru-bicicleta-spiralat-12m-gonga.jpg\",\"width\":851,\"height\":782},{\"@type\":\"BreadcrumbList\",\"@id\":\"https:\/\/www.zoko.ro\/p\/antifurt-pentru-bicicleta-spiralat-1-2m-gonga\/#breadcrumb\",\"itemListElement\":[{\"@type\":\"ListItem\",\"position\":1,\"name\":\"Home\",\"item\":\"https:\/\/www.zoko.ro\/\"},{\"@type\":\"ListItem\",\"position\":2,\"name\":\"Magazin\",\"item\":\"https:\/\/www.zoko.ro\/magazin\/\"},{\"@type\":\"ListItem\",\"position\":3,\"name\":\"Antifurt pentru bicicleta spiralat, 1.2m, Gonga\u00ae\"}]},{\"@type\":\"WebSite\",\"@id\":\"https:\/\/www.zoko.ro\/#website\",\"url\":\"https:\/\/www.zoko.ro\/\",\"name\":\"ZOKO.ro\",\"description\":\"Cump\u0103r\u0103 inteligent\",\"publisher\":{\"@id\":\"https:\/\/www.zoko.ro\/#organization\"},\"potentialAction\":[{\"@type\":\"SearchAction\",\"target\":{\"@type\":\"EntryPoint\",\"urlTemplate\":\"https:\/\/www.zoko.ro\/?s={search_term_string}\"},\"query-input\":{\"@type\":\"PropertyValueSpecification\",\"valueRequired\":true,\"valueName\":\"search_term_string\"}}],\"inLanguage\":\"en-GB\"},{\"@type\":\"Organization\",\"@id\":\"https:\/\/www.zoko.ro\/#organization\",\"name\":\"ZOKO\",\"url\":\"https:\/\/www.zoko.ro\/\",\"logo\":{\"@type\":\"ImageObject\",\"inLanguage\":\"en-GB\",\"@id\":\"https:\/\/www.zoko.ro\/#\/schema\/logo\/image\/\",\"url\":\"https:\/\/www.zoko.ro\/wp-content\/uploads\/2025\/03\/logo1.svg\",\"contentUrl\":\"https:\/\/www.zoko.ro\/wp-content\/uploads\/2025\/03\/logo1.svg\",\"width\":799,\"height\":216,\"caption\":\"ZOKO\"},\"image\":{\"@id\":\"https:\/\/www.zoko.ro\/#\/schema\/logo\/image\/\"},\"sameAs\":[\"https:\/\/www.facebook.com\/profile.php?id=61584344135075\"]}]}<\/script>\n<!-- \/ Yoast SEO plugin. -->","yoast_head_json":{"title":"Antifurt pentru bicicleta spiralat, 1.2m, Gonga\u00ae | ZOKO","robots":{"index":"index","follow":"follow","max-snippet":"max-snippet:-1","max-image-preview":"max-image-preview:large","max-video-preview":"max-video-preview:-1"},"canonical":"https:\/\/www.zoko.ro\/en\/p\/antifurt-pentru-bicicleta-spiralat-1-2m-gonga\/","og_locale":"en_GB","og_type":"article","og_title":"Antifurt pentru bicicleta spiralat, 1.2m, Gonga\u00ae | ZOKO","og_description":"Culoare: Negru Cablu antifurt puternic \u0219i solid. A fost acoperit cu un material durabil care o protejeaz\u0103 de condi\u021biile meteorologice","og_url":"https:\/\/www.zoko.ro\/en\/p\/antifurt-pentru-bicicleta-spiralat-1-2m-gonga\/","og_site_name":"ZOKO","article_publisher":"https:\/\/www.facebook.com\/profile.php?id=61584344135075","og_image":[{"width":851,"height":782,"url":"https:\/\/www.zoko.ro\/wp-content\/uploads\/2025\/03\/antifurt-pentru-bicicleta-spiralat-12m-gonga.jpg","type":"image\/png"}],"twitter_card":"summary_large_image","schema":{"@context":"https:\/\/schema.org","@graph":[{"@type":"WebPage","@id":"https:\/\/www.zoko.ro\/p\/antifurt-pentru-bicicleta-spiralat-1-2m-gonga\/","url":"https:\/\/www.zoko.ro\/p\/antifurt-pentru-bicicleta-spiralat-1-2m-gonga\/","name":"Antifurt pentru bicicleta spiralat, 1.2m, Gonga\u00ae | ZOKO","isPartOf":{"@id":"https:\/\/www.zoko.ro\/#website"},"primaryImageOfPage":{"@id":"https:\/\/www.zoko.ro\/p\/antifurt-pentru-bicicleta-spiralat-1-2m-gonga\/#primaryimage"},"image":{"@id":"https:\/\/www.zoko.ro\/p\/antifurt-pentru-bicicleta-spiralat-1-2m-gonga\/#primaryimage"},"thumbnailUrl":"https:\/\/www.zoko.ro\/wp-content\/uploads\/2025\/03\/antifurt-pentru-bicicleta-spiralat-12m-gonga.jpg","datePublished":"2026-04-28T21:26:54+00:00","breadcrumb":{"@id":"https:\/\/www.zoko.ro\/p\/antifurt-pentru-bicicleta-spiralat-1-2m-gonga\/#breadcrumb"},"inLanguage":"en-GB","potentialAction":[{"@type":"ReadAction","target":["https:\/\/www.zoko.ro\/p\/antifurt-pentru-bicicleta-spiralat-1-2m-gonga\/"]}]},{"@type":"ImageObject","inLanguage":"en-GB","@id":"https:\/\/www.zoko.ro\/p\/antifurt-pentru-bicicleta-spiralat-1-2m-gonga\/#primaryimage","url":"https:\/\/www.zoko.ro\/wp-content\/uploads\/2025\/03\/antifurt-pentru-bicicleta-spiralat-12m-gonga.jpg","contentUrl":"https:\/\/www.zoko.ro\/wp-content\/uploads\/2025\/03\/antifurt-pentru-bicicleta-spiralat-12m-gonga.jpg","width":851,"height":782},{"@type":"BreadcrumbList","@id":"https:\/\/www.zoko.ro\/p\/antifurt-pentru-bicicleta-spiralat-1-2m-gonga\/#breadcrumb","itemListElement":[{"@type":"ListItem","position":1,"name":"Home","item":"https:\/\/www.zoko.ro\/"},{"@type":"ListItem","position":2,"name":"Magazin","item":"https:\/\/www.zoko.ro\/magazin\/"},{"@type":"ListItem","position":3,"name":"Antifurt pentru bicicleta spiralat, 1.2m, Gonga\u00ae"}]},{"@type":"WebSite","@id":"https:\/\/www.zoko.ro\/#website","url":"https:\/\/www.zoko.ro\/","name":"ZOKO.ro","description":"Cump\u0103r\u0103 inteligent","publisher":{"@id":"https:\/\/www.zoko.ro\/#organization"},"potentialAction":[{"@type":"SearchAction","target":{"@type":"EntryPoint","urlTemplate":"https:\/\/www.zoko.ro\/?s={search_term_string}"},"query-input":{"@type":"PropertyValueSpecification","valueRequired":true,"valueName":"search_term_string"}}],"inLanguage":"en-GB"},{"@type":"Organization","@id":"https:\/\/www.zoko.ro\/#organization","name":"ZOKO","url":"https:\/\/www.zoko.ro\/","logo":{"@type":"ImageObject","inLanguage":"en-GB","@id":"https:\/\/www.zoko.ro\/#\/schema\/logo\/image\/","url":"https:\/\/www.zoko.ro\/wp-content\/uploads\/2025\/03\/logo1.svg","contentUrl":"https:\/\/www.zoko.ro\/wp-content\/uploads\/2025\/03\/logo1.svg","width":799,"height":216,"caption":"ZOKO"},"image":{"@id":"https:\/\/www.zoko.ro\/#\/schema\/logo\/image\/"},"sameAs":["https:\/\/www.facebook.com\/profile.php?id=61584344135075"]}]}},"_links":{"self":[{"href":"https:\/\/www.zoko.ro\/en\/wp-json\/wp\/v2\/product\/8448","targetHints":{"allow":["GET"]}}],"collection":[{"href":"https:\/\/www.zoko.ro\/en\/wp-json\/wp\/v2\/product"}],"about":[{"href":"https:\/\/www.zoko.ro\/en\/wp-json\/wp\/v2\/types\/product"}],"replies":[{"embeddable":true,"href":"https:\/\/www.zoko.ro\/en\/wp-json\/wp\/v2\/comments?post=8448"}],"version-history":[{"count":1,"href":"https:\/\/www.zoko.ro\/en\/wp-json\/wp\/v2\/product\/8448\/revisions"}],"predecessor-version":[{"id":8449,"href":"https:\/\/www.zoko.ro\/en\/wp-json\/wp\/v2\/product\/8448\/revisions\/8449"}],"wp:featuredmedia":[{"embeddable":true,"href":"https:\/\/www.zoko.ro\/en\/wp-json\/wp\/v2\/media\/8450"}],"wp:attachment":[{"href":"https:\/\/www.zoko.ro\/en\/wp-json\/wp\/v2\/media?parent=8448"}],"wp:term":[{"taxonomy":"product_brand","embeddable":true,"href":"https:\/\/www.zoko.ro\/en\/wp-json\/wp\/v2\/product_brand?post=8448"},{"taxonomy":"product_cat","embeddable":true,"href":"https:\/\/www.zoko.ro\/en\/wp-json\/wp\/v2\/product_cat?post=8448"},{"taxonomy":"product_tag","embeddable":true,"href":"https:\/\/www.zoko.ro\/en\/wp-json\/wp\/v2\/product_tag?post=8448"}],"curies":[{"name":"wp","href":"https:\/\/api.w.org\/{rel}","templated":true}]}}