{"id":8455,"date":"2026-04-28T23:26:56","date_gmt":"2026-04-28T21:26:56","guid":{"rendered":"https:\/\/www.zoko.ro\/p\/trusa-manichiura-pedichiura-16-piese-gonga\/"},"modified":"2026-04-28T23:26:56","modified_gmt":"2026-04-28T21:26:56","slug":"trusa-manichiura-pedichiura-16-piese-gonga","status":"publish","type":"product","link":"https:\/\/www.zoko.ro\/en\/p\/trusa-manichiura-pedichiura-16-piese-gonga\/","title":{"rendered":"Trusa Manichiura-Pedichiura, 16 piese, Gonga\u00ae"},"content":{"rendered":"<p><strong>Culoare:<\/strong> Negru<\/p>\n<p>Mega set de manichiura si pedichiura. Accesorii pentru unghii de \u00eenalt\u0103 calitate din plastic rezistent &#8211; o\u021bel tungsten. Acest o\u021bel este sigur pentru piele.<\/p>\n<\/p>\n<p>Setul include 16 elemente care v\u0103 permit s\u0103 efectua\u021bi \u00eengrijirea complet\u0103 a m\u00e2inilor, picioarelor \u0219i fe\u021bei.<\/p>\n<\/p>\n<p>Totul\u00a0fost plasat \u00eentr-o carcas\u0103 confortabil\u0103 \u0219i elegant\u0103.<\/p>\n<\/p>\n<p>Setul contine:<\/p>\n<p>&#8211; penseta pentru sprancene,<\/p>\n<p>&#8211; cu\u021bit pentru cuticule,<\/p>\n<p>&#8211; unghiera mare,<\/p>\n<p>&#8211; foarfece,<\/p>\n<p>&#8211; cleste cuticule,<\/p>\n<p>&#8211; unghiera mica,<\/p>\n<p>&#8211; masina de tuns unghii,<\/p>\n<p>&#8211; pil\u0103 de unghii,<\/p>\n<p>&#8211; aparat de tuns cuticule,<\/p>\n<p>&#8211; 2x cu\u021bit de cur\u0103\u021bat,<\/p>\n<p>&#8211; 2x racleta,<\/p>\n<p>&#8211; un dispozitiv pentru \u00eendep\u0103rtarea punctelor negre \u0219i a cosurilor purulente,<\/p>\n<p>&#8211; o linguri\u021b\u0103 pentru cur\u0103\u021barea urechii,<\/p>\n<p>&#8211; carcas\u0103 neagr\u0103.<\/p>","protected":false},"excerpt":{"rendered":"<p>Culoare: Negru Mega set de manichiura si pedichiura. Accesorii pentru unghii de \u00eenalt\u0103 calitate din plastic rezistent &#8211; o\u021bel tungsten.<\/p>","protected":false},"featured_media":8457,"comment_status":"open","ping_status":"open","template":"","meta":[],"product_brand":[],"product_cat":[99,114,134],"product_tag":[104],"class_list":{"0":"post-8455","1":"product","2":"type-product","3":"status-publish","4":"has-post-thumbnail","6":"product_cat-acasa","7":"product_cat-ingrijire-personala-cosmetice","8":"product_cat-produse-de-manichiura-pedichiura","9":"product_tag-in-stoc","10":"pa_culoare-negru","12":"first","13":"instock","14":"sale","15":"purchasable","16":"product-type-simple"},"yoast_head":"<!-- This site is optimized with the Yoast SEO plugin v27.2 - https:\/\/yoast.com\/product\/yoast-seo-wordpress\/ -->\n<title>Trusa Manichiura-Pedichiura, 16 piese, Gonga\u00ae | ZOKO<\/title>\n<meta name=\"robots\" content=\"index, follow, max-snippet:-1, max-image-preview:large, max-video-preview:-1\" \/>\n<link rel=\"canonical\" href=\"https:\/\/www.zoko.ro\/en\/p\/trusa-manichiura-pedichiura-16-piese-gonga\/\" \/>\n<meta property=\"og:locale\" content=\"en_GB\" \/>\n<meta property=\"og:type\" content=\"article\" \/>\n<meta property=\"og:title\" content=\"Trusa Manichiura-Pedichiura, 16 piese, Gonga\u00ae | ZOKO\" \/>\n<meta property=\"og:description\" content=\"Culoare: Negru Mega set de manichiura si pedichiura. Accesorii pentru unghii de \u00eenalt\u0103 calitate din plastic rezistent &#8211; o\u021bel tungsten.\" \/>\n<meta property=\"og:url\" content=\"https:\/\/www.zoko.ro\/en\/p\/trusa-manichiura-pedichiura-16-piese-gonga\/\" \/>\n<meta property=\"og:site_name\" content=\"ZOKO\" \/>\n<meta property=\"article:publisher\" content=\"https:\/\/www.facebook.com\/profile.php?id=61584344135075\" \/>\n<meta property=\"og:image\" content=\"https:\/\/www.zoko.ro\/wp-content\/uploads\/2025\/03\/trusa-manichiura-pedichiura-16-piese-gonga.jpg\" \/>\n\t<meta property=\"og:image:width\" content=\"854\" \/>\n\t<meta property=\"og:image:height\" content=\"763\" \/>\n\t<meta property=\"og:image:type\" content=\"image\/png\" \/>\n<meta name=\"twitter:card\" content=\"summary_large_image\" \/>\n<meta name=\"twitter:label1\" content=\"Estimated reading time\" \/>\n\t<meta name=\"twitter:data1\" content=\"1 minute\" \/>\n<script type=\"application\/ld+json\" class=\"yoast-schema-graph\">{\"@context\":\"https:\/\/schema.org\",\"@graph\":[{\"@type\":\"WebPage\",\"@id\":\"https:\/\/www.zoko.ro\/p\/trusa-manichiura-pedichiura-16-piese-gonga\/\",\"url\":\"https:\/\/www.zoko.ro\/p\/trusa-manichiura-pedichiura-16-piese-gonga\/\",\"name\":\"Trusa Manichiura-Pedichiura, 16 piese, Gonga\u00ae | ZOKO\",\"isPartOf\":{\"@id\":\"https:\/\/www.zoko.ro\/#website\"},\"primaryImageOfPage\":{\"@id\":\"https:\/\/www.zoko.ro\/p\/trusa-manichiura-pedichiura-16-piese-gonga\/#primaryimage\"},\"image\":{\"@id\":\"https:\/\/www.zoko.ro\/p\/trusa-manichiura-pedichiura-16-piese-gonga\/#primaryimage\"},\"thumbnailUrl\":\"https:\/\/www.zoko.ro\/wp-content\/uploads\/2025\/03\/trusa-manichiura-pedichiura-16-piese-gonga.jpg\",\"datePublished\":\"2026-04-28T21:26:56+00:00\",\"breadcrumb\":{\"@id\":\"https:\/\/www.zoko.ro\/p\/trusa-manichiura-pedichiura-16-piese-gonga\/#breadcrumb\"},\"inLanguage\":\"en-GB\",\"potentialAction\":[{\"@type\":\"ReadAction\",\"target\":[\"https:\/\/www.zoko.ro\/p\/trusa-manichiura-pedichiura-16-piese-gonga\/\"]}]},{\"@type\":\"ImageObject\",\"inLanguage\":\"en-GB\",\"@id\":\"https:\/\/www.zoko.ro\/p\/trusa-manichiura-pedichiura-16-piese-gonga\/#primaryimage\",\"url\":\"https:\/\/www.zoko.ro\/wp-content\/uploads\/2025\/03\/trusa-manichiura-pedichiura-16-piese-gonga.jpg\",\"contentUrl\":\"https:\/\/www.zoko.ro\/wp-content\/uploads\/2025\/03\/trusa-manichiura-pedichiura-16-piese-gonga.jpg\",\"width\":854,\"height\":763},{\"@type\":\"BreadcrumbList\",\"@id\":\"https:\/\/www.zoko.ro\/p\/trusa-manichiura-pedichiura-16-piese-gonga\/#breadcrumb\",\"itemListElement\":[{\"@type\":\"ListItem\",\"position\":1,\"name\":\"Home\",\"item\":\"https:\/\/www.zoko.ro\/\"},{\"@type\":\"ListItem\",\"position\":2,\"name\":\"Magazin\",\"item\":\"https:\/\/www.zoko.ro\/magazin\/\"},{\"@type\":\"ListItem\",\"position\":3,\"name\":\"Trusa Manichiura-Pedichiura, 16 piese, Gonga\u00ae\"}]},{\"@type\":\"WebSite\",\"@id\":\"https:\/\/www.zoko.ro\/#website\",\"url\":\"https:\/\/www.zoko.ro\/\",\"name\":\"ZOKO.ro\",\"description\":\"Cump\u0103r\u0103 inteligent\",\"publisher\":{\"@id\":\"https:\/\/www.zoko.ro\/#organization\"},\"potentialAction\":[{\"@type\":\"SearchAction\",\"target\":{\"@type\":\"EntryPoint\",\"urlTemplate\":\"https:\/\/www.zoko.ro\/?s={search_term_string}\"},\"query-input\":{\"@type\":\"PropertyValueSpecification\",\"valueRequired\":true,\"valueName\":\"search_term_string\"}}],\"inLanguage\":\"en-GB\"},{\"@type\":\"Organization\",\"@id\":\"https:\/\/www.zoko.ro\/#organization\",\"name\":\"ZOKO\",\"url\":\"https:\/\/www.zoko.ro\/\",\"logo\":{\"@type\":\"ImageObject\",\"inLanguage\":\"en-GB\",\"@id\":\"https:\/\/www.zoko.ro\/#\/schema\/logo\/image\/\",\"url\":\"https:\/\/www.zoko.ro\/wp-content\/uploads\/2025\/03\/logo1.svg\",\"contentUrl\":\"https:\/\/www.zoko.ro\/wp-content\/uploads\/2025\/03\/logo1.svg\",\"width\":799,\"height\":216,\"caption\":\"ZOKO\"},\"image\":{\"@id\":\"https:\/\/www.zoko.ro\/#\/schema\/logo\/image\/\"},\"sameAs\":[\"https:\/\/www.facebook.com\/profile.php?id=61584344135075\"]}]}<\/script>\n<!-- \/ Yoast SEO plugin. -->","yoast_head_json":{"title":"Trusa Manichiura-Pedichiura, 16 piese, Gonga\u00ae | ZOKO","robots":{"index":"index","follow":"follow","max-snippet":"max-snippet:-1","max-image-preview":"max-image-preview:large","max-video-preview":"max-video-preview:-1"},"canonical":"https:\/\/www.zoko.ro\/en\/p\/trusa-manichiura-pedichiura-16-piese-gonga\/","og_locale":"en_GB","og_type":"article","og_title":"Trusa Manichiura-Pedichiura, 16 piese, Gonga\u00ae | ZOKO","og_description":"Culoare: Negru Mega set de manichiura si pedichiura. Accesorii pentru unghii de \u00eenalt\u0103 calitate din plastic rezistent &#8211; o\u021bel tungsten.","og_url":"https:\/\/www.zoko.ro\/en\/p\/trusa-manichiura-pedichiura-16-piese-gonga\/","og_site_name":"ZOKO","article_publisher":"https:\/\/www.facebook.com\/profile.php?id=61584344135075","og_image":[{"width":854,"height":763,"url":"https:\/\/www.zoko.ro\/wp-content\/uploads\/2025\/03\/trusa-manichiura-pedichiura-16-piese-gonga.jpg","type":"image\/png"}],"twitter_card":"summary_large_image","twitter_misc":{"Estimated reading time":"1 minute"},"schema":{"@context":"https:\/\/schema.org","@graph":[{"@type":"WebPage","@id":"https:\/\/www.zoko.ro\/p\/trusa-manichiura-pedichiura-16-piese-gonga\/","url":"https:\/\/www.zoko.ro\/p\/trusa-manichiura-pedichiura-16-piese-gonga\/","name":"Trusa Manichiura-Pedichiura, 16 piese, Gonga\u00ae | ZOKO","isPartOf":{"@id":"https:\/\/www.zoko.ro\/#website"},"primaryImageOfPage":{"@id":"https:\/\/www.zoko.ro\/p\/trusa-manichiura-pedichiura-16-piese-gonga\/#primaryimage"},"image":{"@id":"https:\/\/www.zoko.ro\/p\/trusa-manichiura-pedichiura-16-piese-gonga\/#primaryimage"},"thumbnailUrl":"https:\/\/www.zoko.ro\/wp-content\/uploads\/2025\/03\/trusa-manichiura-pedichiura-16-piese-gonga.jpg","datePublished":"2026-04-28T21:26:56+00:00","breadcrumb":{"@id":"https:\/\/www.zoko.ro\/p\/trusa-manichiura-pedichiura-16-piese-gonga\/#breadcrumb"},"inLanguage":"en-GB","potentialAction":[{"@type":"ReadAction","target":["https:\/\/www.zoko.ro\/p\/trusa-manichiura-pedichiura-16-piese-gonga\/"]}]},{"@type":"ImageObject","inLanguage":"en-GB","@id":"https:\/\/www.zoko.ro\/p\/trusa-manichiura-pedichiura-16-piese-gonga\/#primaryimage","url":"https:\/\/www.zoko.ro\/wp-content\/uploads\/2025\/03\/trusa-manichiura-pedichiura-16-piese-gonga.jpg","contentUrl":"https:\/\/www.zoko.ro\/wp-content\/uploads\/2025\/03\/trusa-manichiura-pedichiura-16-piese-gonga.jpg","width":854,"height":763},{"@type":"BreadcrumbList","@id":"https:\/\/www.zoko.ro\/p\/trusa-manichiura-pedichiura-16-piese-gonga\/#breadcrumb","itemListElement":[{"@type":"ListItem","position":1,"name":"Home","item":"https:\/\/www.zoko.ro\/"},{"@type":"ListItem","position":2,"name":"Magazin","item":"https:\/\/www.zoko.ro\/magazin\/"},{"@type":"ListItem","position":3,"name":"Trusa Manichiura-Pedichiura, 16 piese, Gonga\u00ae"}]},{"@type":"WebSite","@id":"https:\/\/www.zoko.ro\/#website","url":"https:\/\/www.zoko.ro\/","name":"ZOKO.ro","description":"Cump\u0103r\u0103 inteligent","publisher":{"@id":"https:\/\/www.zoko.ro\/#organization"},"potentialAction":[{"@type":"SearchAction","target":{"@type":"EntryPoint","urlTemplate":"https:\/\/www.zoko.ro\/?s={search_term_string}"},"query-input":{"@type":"PropertyValueSpecification","valueRequired":true,"valueName":"search_term_string"}}],"inLanguage":"en-GB"},{"@type":"Organization","@id":"https:\/\/www.zoko.ro\/#organization","name":"ZOKO","url":"https:\/\/www.zoko.ro\/","logo":{"@type":"ImageObject","inLanguage":"en-GB","@id":"https:\/\/www.zoko.ro\/#\/schema\/logo\/image\/","url":"https:\/\/www.zoko.ro\/wp-content\/uploads\/2025\/03\/logo1.svg","contentUrl":"https:\/\/www.zoko.ro\/wp-content\/uploads\/2025\/03\/logo1.svg","width":799,"height":216,"caption":"ZOKO"},"image":{"@id":"https:\/\/www.zoko.ro\/#\/schema\/logo\/image\/"},"sameAs":["https:\/\/www.facebook.com\/profile.php?id=61584344135075"]}]}},"_links":{"self":[{"href":"https:\/\/www.zoko.ro\/en\/wp-json\/wp\/v2\/product\/8455","targetHints":{"allow":["GET"]}}],"collection":[{"href":"https:\/\/www.zoko.ro\/en\/wp-json\/wp\/v2\/product"}],"about":[{"href":"https:\/\/www.zoko.ro\/en\/wp-json\/wp\/v2\/types\/product"}],"replies":[{"embeddable":true,"href":"https:\/\/www.zoko.ro\/en\/wp-json\/wp\/v2\/comments?post=8455"}],"version-history":[{"count":1,"href":"https:\/\/www.zoko.ro\/en\/wp-json\/wp\/v2\/product\/8455\/revisions"}],"predecessor-version":[{"id":8456,"href":"https:\/\/www.zoko.ro\/en\/wp-json\/wp\/v2\/product\/8455\/revisions\/8456"}],"wp:featuredmedia":[{"embeddable":true,"href":"https:\/\/www.zoko.ro\/en\/wp-json\/wp\/v2\/media\/8457"}],"wp:attachment":[{"href":"https:\/\/www.zoko.ro\/en\/wp-json\/wp\/v2\/media?parent=8455"}],"wp:term":[{"taxonomy":"product_brand","embeddable":true,"href":"https:\/\/www.zoko.ro\/en\/wp-json\/wp\/v2\/product_brand?post=8455"},{"taxonomy":"product_cat","embeddable":true,"href":"https:\/\/www.zoko.ro\/en\/wp-json\/wp\/v2\/product_cat?post=8455"},{"taxonomy":"product_tag","embeddable":true,"href":"https:\/\/www.zoko.ro\/en\/wp-json\/wp\/v2\/product_tag?post=8455"}],"curies":[{"name":"wp","href":"https:\/\/api.w.org\/{rel}","templated":true}]}}