{"id":8503,"date":"2026-04-28T23:26:58","date_gmt":"2026-04-28T21:26:58","guid":{"rendered":"https:\/\/www.zoko.ro\/p\/organizator-pentru-pastile-impartit-pe-zile-portocaliu-gonga\/"},"modified":"2026-04-28T23:26:58","modified_gmt":"2026-04-28T21:26:58","slug":"organizator-pentru-pastile-impartit-pe-zile-portocaliu-gonga","status":"publish","type":"product","link":"https:\/\/www.zoko.ro\/en\/p\/organizator-pentru-pastile-impartit-pe-zile-portocaliu-gonga\/","title":{"rendered":"Organizator pentru pastile impartit pe zile, Portocaliu, Gonga\u00ae"},"content":{"rendered":"<p><strong>Culoare:<\/strong> Auriu<\/p>\n<p>Recipient practic, caseta pentru medicamente. Organizatorul v\u0103 permite s\u0103 v\u0103 aranja\u021bi convenabil medicamentele \u00een urm\u0103toarele 7 zile. Casetele speciale sunt marcate cu toate zilele saptamanii .. Extrem de usor de folosit (doar sa asezati casetele de jos in sus, incepand cu prima) si facilitand luarea medicamentelor de catre batrani si cei care au probleme de memorie. Fabricat din plastic sigur care nu intr\u0103 \u00een contact cu medicamentele.<\/p>\n<\/p>\n<p>Caracteristicile produsului:<\/p>\n<\/p>\n<p>Recipient extrem de practic, caseta pentru medicamente.<\/p>\n<p>V\u0103 permite s\u0103 v\u0103 distribui\u021bi convenabil medicamentele \u00een urm\u0103toarele 7 zile.<\/p>\n<p>Casete cu coduri de culoare care indic\u0103 urm\u0103toarele zile ale s\u0103pt\u0103m\u00e2nii.<\/p>\n<p>Material: plastic<\/p>\n<p>Dimensiuni: 20 cm x 11 cm x 3 cm<\/p>\n<p>Dimensiuni (caseta): 11 cm x 2,5 cm<\/p>\n<p>Culoare: Multicolor<\/p>\n<p>Ambalaj din plastic<\/p>","protected":false},"excerpt":{"rendered":"<p>Culoare: Auriu Recipient practic, caseta pentru medicamente. Organizatorul v\u0103 permite s\u0103 v\u0103 aranja\u021bi convenabil medicamentele \u00een urm\u0103toarele 7 zile. Casetele<\/p>","protected":false},"featured_media":8505,"comment_status":"open","ping_status":"open","template":"","meta":[],"product_brand":[],"product_cat":[99,114,167],"product_tag":[104],"class_list":{"0":"post-8503","1":"product","2":"type-product","3":"status-publish","4":"has-post-thumbnail","6":"product_cat-acasa","7":"product_cat-ingrijire-personala-cosmetice","8":"product_cat-organizatoare-pastile","9":"product_tag-in-stoc","10":"pa_culoare-auriu","12":"first","13":"instock","14":"sale","15":"purchasable","16":"product-type-simple"},"yoast_head":"<!-- This site is optimized with the Yoast SEO plugin v27.2 - https:\/\/yoast.com\/product\/yoast-seo-wordpress\/ -->\n<title>Organizator pentru pastile impartit pe zile, Portocaliu, Gonga\u00ae | ZOKO<\/title>\n<meta name=\"robots\" content=\"index, follow, max-snippet:-1, max-image-preview:large, max-video-preview:-1\" \/>\n<link rel=\"canonical\" href=\"https:\/\/www.zoko.ro\/en\/p\/organizator-pentru-pastile-impartit-pe-zile-portocaliu-gonga\/\" \/>\n<meta property=\"og:locale\" content=\"en_GB\" \/>\n<meta property=\"og:type\" content=\"article\" \/>\n<meta property=\"og:title\" content=\"Organizator pentru pastile impartit pe zile, Portocaliu, Gonga\u00ae | ZOKO\" \/>\n<meta property=\"og:description\" content=\"Culoare: Auriu Recipient practic, caseta pentru medicamente. Organizatorul v\u0103 permite s\u0103 v\u0103 aranja\u021bi convenabil medicamentele \u00een urm\u0103toarele 7 zile. Casetele\" \/>\n<meta property=\"og:url\" content=\"https:\/\/www.zoko.ro\/en\/p\/organizator-pentru-pastile-impartit-pe-zile-portocaliu-gonga\/\" \/>\n<meta property=\"og:site_name\" content=\"ZOKO\" \/>\n<meta property=\"article:publisher\" content=\"https:\/\/www.facebook.com\/profile.php?id=61584344135075\" \/>\n<meta property=\"og:image\" content=\"https:\/\/www.zoko.ro\/wp-content\/uploads\/2025\/03\/organizator-pentru-pastile-impartit-pe-zile-portocaliu-gonga.jpg\" \/>\n\t<meta property=\"og:image:width\" content=\"861\" \/>\n\t<meta property=\"og:image:height\" content=\"1200\" \/>\n\t<meta property=\"og:image:type\" content=\"image\/jpeg\" \/>\n<meta name=\"twitter:card\" content=\"summary_large_image\" \/>\n<meta name=\"twitter:label1\" content=\"Estimated reading time\" \/>\n\t<meta name=\"twitter:data1\" content=\"1 minute\" \/>\n<script type=\"application\/ld+json\" class=\"yoast-schema-graph\">{\"@context\":\"https:\/\/schema.org\",\"@graph\":[{\"@type\":\"WebPage\",\"@id\":\"https:\/\/www.zoko.ro\/p\/organizator-pentru-pastile-impartit-pe-zile-portocaliu-gonga\/\",\"url\":\"https:\/\/www.zoko.ro\/p\/organizator-pentru-pastile-impartit-pe-zile-portocaliu-gonga\/\",\"name\":\"Organizator pentru pastile impartit pe zile, Portocaliu, Gonga\u00ae | ZOKO\",\"isPartOf\":{\"@id\":\"https:\/\/www.zoko.ro\/#website\"},\"primaryImageOfPage\":{\"@id\":\"https:\/\/www.zoko.ro\/p\/organizator-pentru-pastile-impartit-pe-zile-portocaliu-gonga\/#primaryimage\"},\"image\":{\"@id\":\"https:\/\/www.zoko.ro\/p\/organizator-pentru-pastile-impartit-pe-zile-portocaliu-gonga\/#primaryimage\"},\"thumbnailUrl\":\"https:\/\/www.zoko.ro\/wp-content\/uploads\/2025\/03\/organizator-pentru-pastile-impartit-pe-zile-portocaliu-gonga.jpg\",\"datePublished\":\"2026-04-28T21:26:58+00:00\",\"breadcrumb\":{\"@id\":\"https:\/\/www.zoko.ro\/p\/organizator-pentru-pastile-impartit-pe-zile-portocaliu-gonga\/#breadcrumb\"},\"inLanguage\":\"en-GB\",\"potentialAction\":[{\"@type\":\"ReadAction\",\"target\":[\"https:\/\/www.zoko.ro\/p\/organizator-pentru-pastile-impartit-pe-zile-portocaliu-gonga\/\"]}]},{\"@type\":\"ImageObject\",\"inLanguage\":\"en-GB\",\"@id\":\"https:\/\/www.zoko.ro\/p\/organizator-pentru-pastile-impartit-pe-zile-portocaliu-gonga\/#primaryimage\",\"url\":\"https:\/\/www.zoko.ro\/wp-content\/uploads\/2025\/03\/organizator-pentru-pastile-impartit-pe-zile-portocaliu-gonga.jpg\",\"contentUrl\":\"https:\/\/www.zoko.ro\/wp-content\/uploads\/2025\/03\/organizator-pentru-pastile-impartit-pe-zile-portocaliu-gonga.jpg\",\"width\":861,\"height\":1200},{\"@type\":\"BreadcrumbList\",\"@id\":\"https:\/\/www.zoko.ro\/p\/organizator-pentru-pastile-impartit-pe-zile-portocaliu-gonga\/#breadcrumb\",\"itemListElement\":[{\"@type\":\"ListItem\",\"position\":1,\"name\":\"Home\",\"item\":\"https:\/\/www.zoko.ro\/\"},{\"@type\":\"ListItem\",\"position\":2,\"name\":\"Magazin\",\"item\":\"https:\/\/www.zoko.ro\/magazin\/\"},{\"@type\":\"ListItem\",\"position\":3,\"name\":\"Organizator pentru pastile impartit pe zile, Portocaliu, Gonga\u00ae\"}]},{\"@type\":\"WebSite\",\"@id\":\"https:\/\/www.zoko.ro\/#website\",\"url\":\"https:\/\/www.zoko.ro\/\",\"name\":\"ZOKO.ro\",\"description\":\"Cump\u0103r\u0103 inteligent\",\"publisher\":{\"@id\":\"https:\/\/www.zoko.ro\/#organization\"},\"potentialAction\":[{\"@type\":\"SearchAction\",\"target\":{\"@type\":\"EntryPoint\",\"urlTemplate\":\"https:\/\/www.zoko.ro\/?s={search_term_string}\"},\"query-input\":{\"@type\":\"PropertyValueSpecification\",\"valueRequired\":true,\"valueName\":\"search_term_string\"}}],\"inLanguage\":\"en-GB\"},{\"@type\":\"Organization\",\"@id\":\"https:\/\/www.zoko.ro\/#organization\",\"name\":\"ZOKO\",\"url\":\"https:\/\/www.zoko.ro\/\",\"logo\":{\"@type\":\"ImageObject\",\"inLanguage\":\"en-GB\",\"@id\":\"https:\/\/www.zoko.ro\/#\/schema\/logo\/image\/\",\"url\":\"https:\/\/www.zoko.ro\/wp-content\/uploads\/2025\/03\/logo1.svg\",\"contentUrl\":\"https:\/\/www.zoko.ro\/wp-content\/uploads\/2025\/03\/logo1.svg\",\"width\":799,\"height\":216,\"caption\":\"ZOKO\"},\"image\":{\"@id\":\"https:\/\/www.zoko.ro\/#\/schema\/logo\/image\/\"},\"sameAs\":[\"https:\/\/www.facebook.com\/profile.php?id=61584344135075\"]}]}<\/script>\n<!-- \/ Yoast SEO plugin. -->","yoast_head_json":{"title":"Organizator pentru pastile impartit pe zile, Portocaliu, Gonga\u00ae | ZOKO","robots":{"index":"index","follow":"follow","max-snippet":"max-snippet:-1","max-image-preview":"max-image-preview:large","max-video-preview":"max-video-preview:-1"},"canonical":"https:\/\/www.zoko.ro\/en\/p\/organizator-pentru-pastile-impartit-pe-zile-portocaliu-gonga\/","og_locale":"en_GB","og_type":"article","og_title":"Organizator pentru pastile impartit pe zile, Portocaliu, Gonga\u00ae | ZOKO","og_description":"Culoare: Auriu Recipient practic, caseta pentru medicamente. Organizatorul v\u0103 permite s\u0103 v\u0103 aranja\u021bi convenabil medicamentele \u00een urm\u0103toarele 7 zile. Casetele","og_url":"https:\/\/www.zoko.ro\/en\/p\/organizator-pentru-pastile-impartit-pe-zile-portocaliu-gonga\/","og_site_name":"ZOKO","article_publisher":"https:\/\/www.facebook.com\/profile.php?id=61584344135075","og_image":[{"width":861,"height":1200,"url":"https:\/\/www.zoko.ro\/wp-content\/uploads\/2025\/03\/organizator-pentru-pastile-impartit-pe-zile-portocaliu-gonga.jpg","type":"image\/jpeg"}],"twitter_card":"summary_large_image","twitter_misc":{"Estimated reading time":"1 minute"},"schema":{"@context":"https:\/\/schema.org","@graph":[{"@type":"WebPage","@id":"https:\/\/www.zoko.ro\/p\/organizator-pentru-pastile-impartit-pe-zile-portocaliu-gonga\/","url":"https:\/\/www.zoko.ro\/p\/organizator-pentru-pastile-impartit-pe-zile-portocaliu-gonga\/","name":"Organizator pentru pastile impartit pe zile, Portocaliu, Gonga\u00ae | ZOKO","isPartOf":{"@id":"https:\/\/www.zoko.ro\/#website"},"primaryImageOfPage":{"@id":"https:\/\/www.zoko.ro\/p\/organizator-pentru-pastile-impartit-pe-zile-portocaliu-gonga\/#primaryimage"},"image":{"@id":"https:\/\/www.zoko.ro\/p\/organizator-pentru-pastile-impartit-pe-zile-portocaliu-gonga\/#primaryimage"},"thumbnailUrl":"https:\/\/www.zoko.ro\/wp-content\/uploads\/2025\/03\/organizator-pentru-pastile-impartit-pe-zile-portocaliu-gonga.jpg","datePublished":"2026-04-28T21:26:58+00:00","breadcrumb":{"@id":"https:\/\/www.zoko.ro\/p\/organizator-pentru-pastile-impartit-pe-zile-portocaliu-gonga\/#breadcrumb"},"inLanguage":"en-GB","potentialAction":[{"@type":"ReadAction","target":["https:\/\/www.zoko.ro\/p\/organizator-pentru-pastile-impartit-pe-zile-portocaliu-gonga\/"]}]},{"@type":"ImageObject","inLanguage":"en-GB","@id":"https:\/\/www.zoko.ro\/p\/organizator-pentru-pastile-impartit-pe-zile-portocaliu-gonga\/#primaryimage","url":"https:\/\/www.zoko.ro\/wp-content\/uploads\/2025\/03\/organizator-pentru-pastile-impartit-pe-zile-portocaliu-gonga.jpg","contentUrl":"https:\/\/www.zoko.ro\/wp-content\/uploads\/2025\/03\/organizator-pentru-pastile-impartit-pe-zile-portocaliu-gonga.jpg","width":861,"height":1200},{"@type":"BreadcrumbList","@id":"https:\/\/www.zoko.ro\/p\/organizator-pentru-pastile-impartit-pe-zile-portocaliu-gonga\/#breadcrumb","itemListElement":[{"@type":"ListItem","position":1,"name":"Home","item":"https:\/\/www.zoko.ro\/"},{"@type":"ListItem","position":2,"name":"Magazin","item":"https:\/\/www.zoko.ro\/magazin\/"},{"@type":"ListItem","position":3,"name":"Organizator pentru pastile impartit pe zile, Portocaliu, Gonga\u00ae"}]},{"@type":"WebSite","@id":"https:\/\/www.zoko.ro\/#website","url":"https:\/\/www.zoko.ro\/","name":"ZOKO.ro","description":"Cump\u0103r\u0103 inteligent","publisher":{"@id":"https:\/\/www.zoko.ro\/#organization"},"potentialAction":[{"@type":"SearchAction","target":{"@type":"EntryPoint","urlTemplate":"https:\/\/www.zoko.ro\/?s={search_term_string}"},"query-input":{"@type":"PropertyValueSpecification","valueRequired":true,"valueName":"search_term_string"}}],"inLanguage":"en-GB"},{"@type":"Organization","@id":"https:\/\/www.zoko.ro\/#organization","name":"ZOKO","url":"https:\/\/www.zoko.ro\/","logo":{"@type":"ImageObject","inLanguage":"en-GB","@id":"https:\/\/www.zoko.ro\/#\/schema\/logo\/image\/","url":"https:\/\/www.zoko.ro\/wp-content\/uploads\/2025\/03\/logo1.svg","contentUrl":"https:\/\/www.zoko.ro\/wp-content\/uploads\/2025\/03\/logo1.svg","width":799,"height":216,"caption":"ZOKO"},"image":{"@id":"https:\/\/www.zoko.ro\/#\/schema\/logo\/image\/"},"sameAs":["https:\/\/www.facebook.com\/profile.php?id=61584344135075"]}]}},"_links":{"self":[{"href":"https:\/\/www.zoko.ro\/en\/wp-json\/wp\/v2\/product\/8503","targetHints":{"allow":["GET"]}}],"collection":[{"href":"https:\/\/www.zoko.ro\/en\/wp-json\/wp\/v2\/product"}],"about":[{"href":"https:\/\/www.zoko.ro\/en\/wp-json\/wp\/v2\/types\/product"}],"replies":[{"embeddable":true,"href":"https:\/\/www.zoko.ro\/en\/wp-json\/wp\/v2\/comments?post=8503"}],"version-history":[{"count":1,"href":"https:\/\/www.zoko.ro\/en\/wp-json\/wp\/v2\/product\/8503\/revisions"}],"predecessor-version":[{"id":8504,"href":"https:\/\/www.zoko.ro\/en\/wp-json\/wp\/v2\/product\/8503\/revisions\/8504"}],"wp:featuredmedia":[{"embeddable":true,"href":"https:\/\/www.zoko.ro\/en\/wp-json\/wp\/v2\/media\/8505"}],"wp:attachment":[{"href":"https:\/\/www.zoko.ro\/en\/wp-json\/wp\/v2\/media?parent=8503"}],"wp:term":[{"taxonomy":"product_brand","embeddable":true,"href":"https:\/\/www.zoko.ro\/en\/wp-json\/wp\/v2\/product_brand?post=8503"},{"taxonomy":"product_cat","embeddable":true,"href":"https:\/\/www.zoko.ro\/en\/wp-json\/wp\/v2\/product_cat?post=8503"},{"taxonomy":"product_tag","embeddable":true,"href":"https:\/\/www.zoko.ro\/en\/wp-json\/wp\/v2\/product_tag?post=8503"}],"curies":[{"name":"wp","href":"https:\/\/api.w.org\/{rel}","templated":true}]}}