{"id":8509,"date":"2026-04-28T23:26:58","date_gmt":"2026-04-28T21:26:58","guid":{"rendered":"https:\/\/www.zoko.ro\/p\/recipeint-pentru-pastrarea-ghetii-din-silicon-gonga\/"},"modified":"2026-04-28T23:26:58","modified_gmt":"2026-04-28T21:26:58","slug":"recipeint-pentru-pastrarea-ghetii-din-silicon-gonga","status":"publish","type":"product","link":"https:\/\/www.zoko.ro\/en\/p\/recipeint-pentru-pastrarea-ghetii-din-silicon-gonga\/","title":{"rendered":"Recipeint pentru pastrarea ghetii, din silicon, Gonga\u00ae"},"content":{"rendered":"<p><strong>Culoare:<\/strong> Albastru<\/p>\n<p style=\"padding:0px;margin:1.12em 0px;border:0px;font-family:Arial, Tahoma, Verdana, sans-serif;vertical-align:baseline;\"><span style=\"padding:0px;margin:0px;border:0px;font-weight:inherit;font-style:inherit;font-family:inherit;vertical-align:inherit;\"><span style=\"padding:0px;margin:0px;border:0px;font-weight:inherit;font-style:inherit;font-family:inherit;vertical-align:inherit;\"><iframe loading=\"lazy\" width=\"560\" height=\"315\" src=\"https:\/\/www.youtube.com\/embed\/ppjaDwNX6OA\" title=\"YouTube video player\" frameborder=\"0\"><\/iframe><\/span><\/span><\/p>\n<p style=\"padding:0px;margin:1.12em 0px;border:0px;font-family:Arial, Tahoma, Verdana, sans-serif;vertical-align:baseline;\"><span style=\"padding:0px;margin:0px;border:0px;font-weight:inherit;font-style:inherit;font-family:inherit;vertical-align:inherit;\"><span style=\"padding:0px;margin:0px;border:0px;font-weight:inherit;font-style:inherit;font-family:inherit;vertical-align:inherit;\"><\/span><\/span><\/p>\n<p style=\"padding:0px;margin:1.12em 0px;border:0px;font-family:Arial, Tahoma, Verdana, sans-serif;vertical-align:baseline;\"><span style=\"padding:0px;margin:0px;border:0px;font-weight:inherit;font-style:inherit;font-family:inherit;vertical-align:inherit;\"><span style=\"padding:0px;margin:0px;border:0px;font-weight:inherit;font-style:inherit;font-family:inherit;vertical-align:inherit;\">G\u0103leat\u0103 din silicon, aparat de fabricare a cuburilor de ghea\u021b\u0103 echipat cu p\u00e2n\u0103 la 40 de forme pentru fabricarea cuburilor de ghea\u021b\u0103.\u00a0<\/span><span style=\"padding:0px;margin:0px;border:0px;font-weight:inherit;font-style:inherit;font-family:inherit;vertical-align:inherit;\">Faciliteaza si accelereaza semnificativ prepararea bauturilor reci la domiciliu.\u00a0<\/span><span style=\"padding:0px;margin:0px;border:0px;font-weight:inherit;font-style:inherit;font-family:inherit;vertical-align:inherit;\">Produsul poate fi sp\u0103lat vase.\u00a0<\/span><span style=\"padding:0px;margin:0px;border:0px;font-weight:inherit;font-style:inherit;font-family:inherit;vertical-align:inherit;\">Structura cu dou\u0103 camere m\u0103re\u0219te num\u0103rul de cuburi, iar un capac suplimentar protejeaz\u0103 con\u021binutul g\u0103le\u021bii.<\/span><\/span><\/p>\n<p style=\"padding:0px;margin:1.12em 0px;border:0px;font-family:Arial, Tahoma, Verdana, sans-serif;vertical-align:baseline;\"><span style=\"padding:0px;margin:0px;font-weight:bolder;\">Caracteristicile produsului:<\/span><\/p>\n<ul style=\"padding:0px;margin:1.12em 0px 1.12em 40px;border:0px;font-family:Arial, Tahoma, Verdana, sans-serif;vertical-align:baseline;\">\n<li style=\"padding:0px;margin:0px;border:0px;font-weight:inherit;font-style:inherit;font-family:inherit;vertical-align:baseline;\"><span style=\"padding:0px;margin:0px;border:0px;font-weight:inherit;font-style:inherit;font-family:inherit;vertical-align:inherit;\">Produs nou-nou\u021b, de \u00eenalt\u0103 calitate.<\/span><\/li>\n<li style=\"padding:0px;margin:0px;border:0px;font-weight:inherit;font-style:inherit;font-family:inherit;vertical-align:baseline;\"><span style=\"padding:0px;margin:0px;border:0px;font-weight:inherit;font-style:inherit;font-family:inherit;vertical-align:inherit;\">O g\u0103leat\u0103, un aparat de fabricare a cuburilor de ghea\u021b\u0103 cu dou\u0103 camere, echipat cu p\u00e2n\u0103 la 40 de matri\u021be.<\/span><\/li>\n<li style=\"padding:0px;margin:0px;border:0px;font-weight:inherit;font-style:inherit;font-family:inherit;vertical-align:baseline;\"><span style=\"padding:0px;margin:0px;border:0px;font-weight:inherit;font-style:inherit;font-family:inherit;vertical-align:inherit;\">Capac suplimentar care fixeaz\u0103 con\u021binutul.<\/span><\/li>\n<li style=\"padding:0px;margin:0px;border:0px;font-weight:inherit;font-style:inherit;font-family:inherit;vertical-align:baseline;\"><span id=\"iai-long-desc\" style=\"padding:0px;margin:0px;border:0px;font-weight:inherit;font-style:inherit;font-family:inherit;vertical-align:baseline;\"><span style=\"padding:0px;margin:0px;border:0px;font-weight:inherit;font-style:inherit;font-family:inherit;vertical-align:inherit;\">Fabricat din silicon rezistent la temperaturi scazute.<\/span><br style=\"padding:0px;margin:0px;\" \/><\/span><\/li>\n<li style=\"padding:0px;margin:0px;border:0px;font-weight:inherit;font-style:inherit;font-family:inherit;vertical-align:baseline;\"><span style=\"padding:0px;margin:0px;border:0px;font-weight:inherit;font-style:inherit;font-family:inherit;vertical-align:baseline;\"><span style=\"padding:0px;margin:0px;border:0px;font-weight:inherit;font-style:inherit;font-family:inherit;vertical-align:inherit;\">Materialul pliabil faciliteaz\u0103 \u00eendep\u0103rtarea cuburilor finite.<\/span><br style=\"padding:0px;margin:0px;\" \/><\/span><\/li>\n<li style=\"padding:0px;margin:0px;border:0px;font-weight:inherit;font-style:inherit;font-family:inherit;vertical-align:baseline;\"><span style=\"padding:0px;margin:0px;border:0px;font-weight:inherit;font-style:inherit;font-family:inherit;vertical-align:inherit;\">Dup\u0103 doar c\u00e2teva ore \u00een congelator, cuburile de ghea\u021b\u0103 sunt gata de utilizare.<\/span><\/li>\n<\/ul>\n<p><span style=\"padding:0px;margin:0px;font-weight:bolder;font-family:Arial, Tahoma, Verdana, sans-serif;\">Specifica\u021bie:<\/span><\/p>\n<ul style=\"padding:0px;margin:1.12em 0px 1.12em 40px;border:0px;font-family:Arial, Tahoma, Verdana, sans-serif;vertical-align:baseline;\">\n<li style=\"padding:0px;margin:0px;border:0px;font-weight:inherit;font-style:inherit;font-family:inherit;vertical-align:baseline;\"><span style=\"padding:0px;margin:0px;border:0px;font-weight:inherit;font-style:inherit;font-family:inherit;vertical-align:inherit;\">Material: silicon<\/span><\/li>\n<li style=\"padding:0px;margin:0px;border:0px;font-weight:inherit;font-style:inherit;font-family:inherit;vertical-align:baseline;\"><span style=\"padding:0px;margin:0px;font-weight:bolder;\">Num\u0103r de matri\u021be \u00een g\u0103leat\u0103: 40<\/span><\/li>\n<li style=\"padding:0px;margin:0px;border:0px;font-weight:inherit;font-style:inherit;font-family:inherit;vertical-align:baseline;\"><span style=\"padding:0px;margin:0px;border:0px;font-weight:inherit;font-style:inherit;font-family:inherit;vertical-align:inherit;\">Structur\u0103 cu dou\u0103 camere<\/span><\/li>\n<li style=\"padding:0px;margin:0px;border:0px;font-weight:inherit;font-style:inherit;font-family:inherit;vertical-align:baseline;\"><span style=\"padding:0px;margin:0px;border:0px;font-weight:inherit;font-style:inherit;font-family:inherit;vertical-align:inherit;\">Capac suplimentar<\/span><\/li>\n<li style=\"padding:0px;margin:0px;border:0px;font-weight:inherit;font-style:inherit;font-family:inherit;vertical-align:baseline;\"><span style=\"padding:0px;margin:0px;border:0px;font-weight:inherit;font-style:inherit;font-family:inherit;vertical-align:inherit;\">Inaltime: 13 cm<\/span><\/li>\n<li style=\"padding:0px;margin:0px;border:0px;font-weight:inherit;font-style:inherit;font-family:inherit;vertical-align:baseline;\"><span style=\"padding:0px;margin:0px;border:0px;font-weight:inherit;font-style:inherit;font-family:inherit;vertical-align:inherit;\">Diametru: 14 cm<\/span><\/li>\n<li style=\"padding:0px;margin:0px;border:0px;font-weight:inherit;font-style:inherit;font-family:inherit;vertical-align:baseline;\"><span style=\"padding:0px;margin:0px;font-weight:bolder;\">Culoarea albastra<\/span><\/li>\n<li style=\"padding:0px;margin:0px;border:0px;font-weight:inherit;font-style:inherit;font-family:inherit;vertical-align:baseline;\"><span style=\"padding:0px;margin:0px;border:0px;font-weight:inherit;font-style:inherit;font-family:inherit;vertical-align:inherit;\">Ambalaj din plastic<\/span><\/li>\n<\/ul>","protected":false},"excerpt":{"rendered":"<p>Culoare: Albastru G\u0103leat\u0103 din silicon, aparat de fabricare a cuburilor de ghea\u021b\u0103 echipat cu p\u00e2n\u0103 la 40 de forme pentru<\/p>","protected":false},"featured_media":8511,"comment_status":"open","ping_status":"open","template":"","meta":[],"product_brand":[],"product_cat":[99,108,107,100],"product_tag":[104],"class_list":{"0":"post-8509","1":"product","2":"type-product","3":"status-publish","4":"has-post-thumbnail","6":"product_cat-acasa","7":"product_cat-accesorii-bar","8":"product_cat-bucatarie-si-servire","9":"product_cat-casa-gradina","10":"product_tag-in-stoc","11":"pa_culoare-albastru","13":"first","14":"instock","15":"sale","16":"purchasable","17":"product-type-simple"},"yoast_head":"<!-- This site is optimized with the Yoast SEO plugin v27.2 - https:\/\/yoast.com\/product\/yoast-seo-wordpress\/ -->\n<title>Recipeint pentru pastrarea ghetii, din silicon, Gonga\u00ae | ZOKO<\/title>\n<meta name=\"robots\" content=\"index, follow, max-snippet:-1, max-image-preview:large, max-video-preview:-1\" \/>\n<link rel=\"canonical\" href=\"https:\/\/www.zoko.ro\/en\/p\/recipeint-pentru-pastrarea-ghetii-din-silicon-gonga\/\" \/>\n<meta property=\"og:locale\" content=\"en_GB\" \/>\n<meta property=\"og:type\" content=\"article\" \/>\n<meta property=\"og:title\" content=\"Recipeint pentru pastrarea ghetii, din silicon, Gonga\u00ae | ZOKO\" \/>\n<meta property=\"og:description\" content=\"Culoare: Albastru G\u0103leat\u0103 din silicon, aparat de fabricare a cuburilor de ghea\u021b\u0103 echipat cu p\u00e2n\u0103 la 40 de forme pentru\" \/>\n<meta property=\"og:url\" content=\"https:\/\/www.zoko.ro\/en\/p\/recipeint-pentru-pastrarea-ghetii-din-silicon-gonga\/\" \/>\n<meta property=\"og:site_name\" content=\"ZOKO\" \/>\n<meta property=\"article:publisher\" content=\"https:\/\/www.facebook.com\/profile.php?id=61584344135075\" \/>\n<meta property=\"og:image\" content=\"https:\/\/www.zoko.ro\/wp-content\/uploads\/2025\/03\/recipeint-pentru-pastrarea-ghetii-din-silicon-gonga.jpg\" \/>\n\t<meta property=\"og:image:width\" content=\"1200\" \/>\n\t<meta property=\"og:image:height\" content=\"1273\" \/>\n\t<meta property=\"og:image:type\" content=\"image\/jpeg\" \/>\n<meta name=\"twitter:card\" content=\"summary_large_image\" \/>\n<meta name=\"twitter:label1\" content=\"Estimated reading time\" \/>\n\t<meta name=\"twitter:data1\" content=\"1 minute\" \/>\n<script type=\"application\/ld+json\" class=\"yoast-schema-graph\">{\"@context\":\"https:\/\/schema.org\",\"@graph\":[{\"@type\":\"WebPage\",\"@id\":\"https:\/\/www.zoko.ro\/p\/recipeint-pentru-pastrarea-ghetii-din-silicon-gonga\/\",\"url\":\"https:\/\/www.zoko.ro\/p\/recipeint-pentru-pastrarea-ghetii-din-silicon-gonga\/\",\"name\":\"Recipeint pentru pastrarea ghetii, din silicon, Gonga\u00ae | ZOKO\",\"isPartOf\":{\"@id\":\"https:\/\/www.zoko.ro\/#website\"},\"primaryImageOfPage\":{\"@id\":\"https:\/\/www.zoko.ro\/p\/recipeint-pentru-pastrarea-ghetii-din-silicon-gonga\/#primaryimage\"},\"image\":{\"@id\":\"https:\/\/www.zoko.ro\/p\/recipeint-pentru-pastrarea-ghetii-din-silicon-gonga\/#primaryimage\"},\"thumbnailUrl\":\"https:\/\/www.zoko.ro\/wp-content\/uploads\/2025\/03\/recipeint-pentru-pastrarea-ghetii-din-silicon-gonga.jpg\",\"datePublished\":\"2026-04-28T21:26:58+00:00\",\"breadcrumb\":{\"@id\":\"https:\/\/www.zoko.ro\/p\/recipeint-pentru-pastrarea-ghetii-din-silicon-gonga\/#breadcrumb\"},\"inLanguage\":\"en-GB\",\"potentialAction\":[{\"@type\":\"ReadAction\",\"target\":[\"https:\/\/www.zoko.ro\/p\/recipeint-pentru-pastrarea-ghetii-din-silicon-gonga\/\"]}]},{\"@type\":\"ImageObject\",\"inLanguage\":\"en-GB\",\"@id\":\"https:\/\/www.zoko.ro\/p\/recipeint-pentru-pastrarea-ghetii-din-silicon-gonga\/#primaryimage\",\"url\":\"https:\/\/www.zoko.ro\/wp-content\/uploads\/2025\/03\/recipeint-pentru-pastrarea-ghetii-din-silicon-gonga.jpg\",\"contentUrl\":\"https:\/\/www.zoko.ro\/wp-content\/uploads\/2025\/03\/recipeint-pentru-pastrarea-ghetii-din-silicon-gonga.jpg\",\"width\":1200,\"height\":1273},{\"@type\":\"BreadcrumbList\",\"@id\":\"https:\/\/www.zoko.ro\/p\/recipeint-pentru-pastrarea-ghetii-din-silicon-gonga\/#breadcrumb\",\"itemListElement\":[{\"@type\":\"ListItem\",\"position\":1,\"name\":\"Home\",\"item\":\"https:\/\/www.zoko.ro\/\"},{\"@type\":\"ListItem\",\"position\":2,\"name\":\"Magazin\",\"item\":\"https:\/\/www.zoko.ro\/magazin\/\"},{\"@type\":\"ListItem\",\"position\":3,\"name\":\"Recipeint pentru pastrarea ghetii, din silicon, Gonga\u00ae\"}]},{\"@type\":\"WebSite\",\"@id\":\"https:\/\/www.zoko.ro\/#website\",\"url\":\"https:\/\/www.zoko.ro\/\",\"name\":\"ZOKO.ro\",\"description\":\"Cump\u0103r\u0103 inteligent\",\"publisher\":{\"@id\":\"https:\/\/www.zoko.ro\/#organization\"},\"potentialAction\":[{\"@type\":\"SearchAction\",\"target\":{\"@type\":\"EntryPoint\",\"urlTemplate\":\"https:\/\/www.zoko.ro\/?s={search_term_string}\"},\"query-input\":{\"@type\":\"PropertyValueSpecification\",\"valueRequired\":true,\"valueName\":\"search_term_string\"}}],\"inLanguage\":\"en-GB\"},{\"@type\":\"Organization\",\"@id\":\"https:\/\/www.zoko.ro\/#organization\",\"name\":\"ZOKO\",\"url\":\"https:\/\/www.zoko.ro\/\",\"logo\":{\"@type\":\"ImageObject\",\"inLanguage\":\"en-GB\",\"@id\":\"https:\/\/www.zoko.ro\/#\/schema\/logo\/image\/\",\"url\":\"https:\/\/www.zoko.ro\/wp-content\/uploads\/2025\/03\/logo1.svg\",\"contentUrl\":\"https:\/\/www.zoko.ro\/wp-content\/uploads\/2025\/03\/logo1.svg\",\"width\":799,\"height\":216,\"caption\":\"ZOKO\"},\"image\":{\"@id\":\"https:\/\/www.zoko.ro\/#\/schema\/logo\/image\/\"},\"sameAs\":[\"https:\/\/www.facebook.com\/profile.php?id=61584344135075\"]}]}<\/script>\n<!-- \/ Yoast SEO plugin. -->","yoast_head_json":{"title":"Recipeint pentru pastrarea ghetii, din silicon, Gonga\u00ae | ZOKO","robots":{"index":"index","follow":"follow","max-snippet":"max-snippet:-1","max-image-preview":"max-image-preview:large","max-video-preview":"max-video-preview:-1"},"canonical":"https:\/\/www.zoko.ro\/en\/p\/recipeint-pentru-pastrarea-ghetii-din-silicon-gonga\/","og_locale":"en_GB","og_type":"article","og_title":"Recipeint pentru pastrarea ghetii, din silicon, Gonga\u00ae | ZOKO","og_description":"Culoare: Albastru G\u0103leat\u0103 din silicon, aparat de fabricare a cuburilor de ghea\u021b\u0103 echipat cu p\u00e2n\u0103 la 40 de forme pentru","og_url":"https:\/\/www.zoko.ro\/en\/p\/recipeint-pentru-pastrarea-ghetii-din-silicon-gonga\/","og_site_name":"ZOKO","article_publisher":"https:\/\/www.facebook.com\/profile.php?id=61584344135075","og_image":[{"width":1200,"height":1273,"url":"https:\/\/www.zoko.ro\/wp-content\/uploads\/2025\/03\/recipeint-pentru-pastrarea-ghetii-din-silicon-gonga.jpg","type":"image\/jpeg"}],"twitter_card":"summary_large_image","twitter_misc":{"Estimated reading time":"1 minute"},"schema":{"@context":"https:\/\/schema.org","@graph":[{"@type":"WebPage","@id":"https:\/\/www.zoko.ro\/p\/recipeint-pentru-pastrarea-ghetii-din-silicon-gonga\/","url":"https:\/\/www.zoko.ro\/p\/recipeint-pentru-pastrarea-ghetii-din-silicon-gonga\/","name":"Recipeint pentru pastrarea ghetii, din silicon, Gonga\u00ae | ZOKO","isPartOf":{"@id":"https:\/\/www.zoko.ro\/#website"},"primaryImageOfPage":{"@id":"https:\/\/www.zoko.ro\/p\/recipeint-pentru-pastrarea-ghetii-din-silicon-gonga\/#primaryimage"},"image":{"@id":"https:\/\/www.zoko.ro\/p\/recipeint-pentru-pastrarea-ghetii-din-silicon-gonga\/#primaryimage"},"thumbnailUrl":"https:\/\/www.zoko.ro\/wp-content\/uploads\/2025\/03\/recipeint-pentru-pastrarea-ghetii-din-silicon-gonga.jpg","datePublished":"2026-04-28T21:26:58+00:00","breadcrumb":{"@id":"https:\/\/www.zoko.ro\/p\/recipeint-pentru-pastrarea-ghetii-din-silicon-gonga\/#breadcrumb"},"inLanguage":"en-GB","potentialAction":[{"@type":"ReadAction","target":["https:\/\/www.zoko.ro\/p\/recipeint-pentru-pastrarea-ghetii-din-silicon-gonga\/"]}]},{"@type":"ImageObject","inLanguage":"en-GB","@id":"https:\/\/www.zoko.ro\/p\/recipeint-pentru-pastrarea-ghetii-din-silicon-gonga\/#primaryimage","url":"https:\/\/www.zoko.ro\/wp-content\/uploads\/2025\/03\/recipeint-pentru-pastrarea-ghetii-din-silicon-gonga.jpg","contentUrl":"https:\/\/www.zoko.ro\/wp-content\/uploads\/2025\/03\/recipeint-pentru-pastrarea-ghetii-din-silicon-gonga.jpg","width":1200,"height":1273},{"@type":"BreadcrumbList","@id":"https:\/\/www.zoko.ro\/p\/recipeint-pentru-pastrarea-ghetii-din-silicon-gonga\/#breadcrumb","itemListElement":[{"@type":"ListItem","position":1,"name":"Home","item":"https:\/\/www.zoko.ro\/"},{"@type":"ListItem","position":2,"name":"Magazin","item":"https:\/\/www.zoko.ro\/magazin\/"},{"@type":"ListItem","position":3,"name":"Recipeint pentru pastrarea ghetii, din silicon, Gonga\u00ae"}]},{"@type":"WebSite","@id":"https:\/\/www.zoko.ro\/#website","url":"https:\/\/www.zoko.ro\/","name":"ZOKO.ro","description":"Cump\u0103r\u0103 inteligent","publisher":{"@id":"https:\/\/www.zoko.ro\/#organization"},"potentialAction":[{"@type":"SearchAction","target":{"@type":"EntryPoint","urlTemplate":"https:\/\/www.zoko.ro\/?s={search_term_string}"},"query-input":{"@type":"PropertyValueSpecification","valueRequired":true,"valueName":"search_term_string"}}],"inLanguage":"en-GB"},{"@type":"Organization","@id":"https:\/\/www.zoko.ro\/#organization","name":"ZOKO","url":"https:\/\/www.zoko.ro\/","logo":{"@type":"ImageObject","inLanguage":"en-GB","@id":"https:\/\/www.zoko.ro\/#\/schema\/logo\/image\/","url":"https:\/\/www.zoko.ro\/wp-content\/uploads\/2025\/03\/logo1.svg","contentUrl":"https:\/\/www.zoko.ro\/wp-content\/uploads\/2025\/03\/logo1.svg","width":799,"height":216,"caption":"ZOKO"},"image":{"@id":"https:\/\/www.zoko.ro\/#\/schema\/logo\/image\/"},"sameAs":["https:\/\/www.facebook.com\/profile.php?id=61584344135075"]}]}},"_links":{"self":[{"href":"https:\/\/www.zoko.ro\/en\/wp-json\/wp\/v2\/product\/8509","targetHints":{"allow":["GET"]}}],"collection":[{"href":"https:\/\/www.zoko.ro\/en\/wp-json\/wp\/v2\/product"}],"about":[{"href":"https:\/\/www.zoko.ro\/en\/wp-json\/wp\/v2\/types\/product"}],"replies":[{"embeddable":true,"href":"https:\/\/www.zoko.ro\/en\/wp-json\/wp\/v2\/comments?post=8509"}],"version-history":[{"count":1,"href":"https:\/\/www.zoko.ro\/en\/wp-json\/wp\/v2\/product\/8509\/revisions"}],"predecessor-version":[{"id":8510,"href":"https:\/\/www.zoko.ro\/en\/wp-json\/wp\/v2\/product\/8509\/revisions\/8510"}],"wp:featuredmedia":[{"embeddable":true,"href":"https:\/\/www.zoko.ro\/en\/wp-json\/wp\/v2\/media\/8511"}],"wp:attachment":[{"href":"https:\/\/www.zoko.ro\/en\/wp-json\/wp\/v2\/media?parent=8509"}],"wp:term":[{"taxonomy":"product_brand","embeddable":true,"href":"https:\/\/www.zoko.ro\/en\/wp-json\/wp\/v2\/product_brand?post=8509"},{"taxonomy":"product_cat","embeddable":true,"href":"https:\/\/www.zoko.ro\/en\/wp-json\/wp\/v2\/product_cat?post=8509"},{"taxonomy":"product_tag","embeddable":true,"href":"https:\/\/www.zoko.ro\/en\/wp-json\/wp\/v2\/product_tag?post=8509"}],"curies":[{"name":"wp","href":"https:\/\/api.w.org\/{rel}","templated":true}]}}