{"id":8545,"date":"2026-04-28T23:28:03","date_gmt":"2026-04-28T21:28:03","guid":{"rendered":"https:\/\/www.zoko.ro\/p\/spatula-gratar-cu-desfacator-de-capace-gonga\/"},"modified":"2026-04-28T23:28:03","modified_gmt":"2026-04-28T21:28:03","slug":"spatula-gratar-cu-desfacator-de-capace-gonga","status":"publish","type":"product","link":"https:\/\/www.zoko.ro\/en\/p\/spatula-gratar-cu-desfacator-de-capace-gonga\/","title":{"rendered":"Spatula gratar cu desfacator de capace, Gonga\u00ae"},"content":{"rendered":"<p><strong>Culoare:<\/strong> Rosu<\/p>\n<p>Spatula pentru gr\u0103tar este un instrument obligatoriu pentru gr\u0103tar. Spatula este realizat\u0103 din o\u021bel inoxidabil de \u00eenalt\u0103 calitate \u0219i lemn. De asemenea,\u00a0este echipata cu un deschiz\u0103tor de sticle. Spatula este perfecta pentru fripturi si carnati la gratar, in timp ce inscriptia Tata, sugereaza cui va apartine spatula. O\u00a0spatula grozav\u0103 pentru fiecare tat\u0103 care iube\u0219te gr\u0103tarul.<\/p>\n<\/p>\n<p>&#8211; o spatul\u0103 de gr\u0103tar cu cuv\u00e2ntul tat\u0103\u00a0<\/p>\n<p>&#8211; un deschizator de sticle la capatul manerului<\/p>\n<p>&#8211; material: otel si lemn<\/p>\n<p>&#8211; lungime: pana la 43 cm<\/p>\n<p>\u00a0<\/p>\n<p>Dimensiuni produs: 43 x 10 x 2 cm<\/p>\n<p>Greutate produs: 0,300 kg<\/p>","protected":false},"excerpt":{"rendered":"<p>Culoare: Rosu Spatula pentru gr\u0103tar este un instrument obligatoriu pentru gr\u0103tar. Spatula este realizat\u0103 din o\u021bel inoxidabil de \u00eenalt\u0103 calitate<\/p>","protected":false},"featured_media":8547,"comment_status":"open","ping_status":"open","template":"","meta":[],"product_brand":[],"product_cat":[99,107,100,131],"product_tag":[104],"class_list":{"0":"post-8545","1":"product","2":"type-product","3":"status-publish","4":"has-post-thumbnail","6":"product_cat-acasa","7":"product_cat-bucatarie-si-servire","8":"product_cat-casa-gradina","9":"product_cat-ustensile-gatit","10":"product_tag-in-stoc","11":"pa_culoare-rosu","13":"first","14":"instock","15":"sale","16":"purchasable","17":"product-type-simple"},"yoast_head":"<!-- This site is optimized with the Yoast SEO plugin v27.2 - https:\/\/yoast.com\/product\/yoast-seo-wordpress\/ -->\n<title>Spatula gratar cu desfacator de capace, Gonga\u00ae | ZOKO<\/title>\n<meta name=\"robots\" content=\"index, follow, max-snippet:-1, max-image-preview:large, max-video-preview:-1\" \/>\n<link rel=\"canonical\" href=\"https:\/\/www.zoko.ro\/en\/p\/spatula-gratar-cu-desfacator-de-capace-gonga\/\" \/>\n<meta property=\"og:locale\" content=\"en_GB\" \/>\n<meta property=\"og:type\" content=\"article\" \/>\n<meta property=\"og:title\" content=\"Spatula gratar cu desfacator de capace, Gonga\u00ae | ZOKO\" \/>\n<meta property=\"og:description\" content=\"Culoare: Rosu Spatula pentru gr\u0103tar este un instrument obligatoriu pentru gr\u0103tar. Spatula este realizat\u0103 din o\u021bel inoxidabil de \u00eenalt\u0103 calitate\" \/>\n<meta property=\"og:url\" content=\"https:\/\/www.zoko.ro\/en\/p\/spatula-gratar-cu-desfacator-de-capace-gonga\/\" \/>\n<meta property=\"og:site_name\" content=\"ZOKO\" \/>\n<meta property=\"article:publisher\" content=\"https:\/\/www.facebook.com\/profile.php?id=61584344135075\" \/>\n<meta property=\"og:image\" content=\"https:\/\/www.zoko.ro\/wp-content\/uploads\/2025\/03\/spatula-gratar-cu-desfacator-de-capace-gonga.jpg\" \/>\n\t<meta property=\"og:image:width\" content=\"945\" \/>\n\t<meta property=\"og:image:height\" content=\"945\" \/>\n\t<meta property=\"og:image:type\" content=\"image\/jpeg\" \/>\n<meta name=\"twitter:card\" content=\"summary_large_image\" \/>\n<meta name=\"twitter:label1\" content=\"Estimated reading time\" \/>\n\t<meta name=\"twitter:data1\" content=\"1 minute\" \/>\n<script type=\"application\/ld+json\" class=\"yoast-schema-graph\">{\"@context\":\"https:\/\/schema.org\",\"@graph\":[{\"@type\":\"WebPage\",\"@id\":\"https:\/\/www.zoko.ro\/p\/spatula-gratar-cu-desfacator-de-capace-gonga\/\",\"url\":\"https:\/\/www.zoko.ro\/p\/spatula-gratar-cu-desfacator-de-capace-gonga\/\",\"name\":\"Spatula gratar cu desfacator de capace, Gonga\u00ae | ZOKO\",\"isPartOf\":{\"@id\":\"https:\/\/www.zoko.ro\/#website\"},\"primaryImageOfPage\":{\"@id\":\"https:\/\/www.zoko.ro\/p\/spatula-gratar-cu-desfacator-de-capace-gonga\/#primaryimage\"},\"image\":{\"@id\":\"https:\/\/www.zoko.ro\/p\/spatula-gratar-cu-desfacator-de-capace-gonga\/#primaryimage\"},\"thumbnailUrl\":\"https:\/\/www.zoko.ro\/wp-content\/uploads\/2025\/03\/spatula-gratar-cu-desfacator-de-capace-gonga.jpg\",\"datePublished\":\"2026-04-28T21:28:03+00:00\",\"breadcrumb\":{\"@id\":\"https:\/\/www.zoko.ro\/p\/spatula-gratar-cu-desfacator-de-capace-gonga\/#breadcrumb\"},\"inLanguage\":\"en-GB\",\"potentialAction\":[{\"@type\":\"ReadAction\",\"target\":[\"https:\/\/www.zoko.ro\/p\/spatula-gratar-cu-desfacator-de-capace-gonga\/\"]}]},{\"@type\":\"ImageObject\",\"inLanguage\":\"en-GB\",\"@id\":\"https:\/\/www.zoko.ro\/p\/spatula-gratar-cu-desfacator-de-capace-gonga\/#primaryimage\",\"url\":\"https:\/\/www.zoko.ro\/wp-content\/uploads\/2025\/03\/spatula-gratar-cu-desfacator-de-capace-gonga.jpg\",\"contentUrl\":\"https:\/\/www.zoko.ro\/wp-content\/uploads\/2025\/03\/spatula-gratar-cu-desfacator-de-capace-gonga.jpg\",\"width\":945,\"height\":945},{\"@type\":\"BreadcrumbList\",\"@id\":\"https:\/\/www.zoko.ro\/p\/spatula-gratar-cu-desfacator-de-capace-gonga\/#breadcrumb\",\"itemListElement\":[{\"@type\":\"ListItem\",\"position\":1,\"name\":\"Home\",\"item\":\"https:\/\/www.zoko.ro\/\"},{\"@type\":\"ListItem\",\"position\":2,\"name\":\"Magazin\",\"item\":\"https:\/\/www.zoko.ro\/magazin\/\"},{\"@type\":\"ListItem\",\"position\":3,\"name\":\"Spatula gratar cu desfacator de capace, Gonga\u00ae\"}]},{\"@type\":\"WebSite\",\"@id\":\"https:\/\/www.zoko.ro\/#website\",\"url\":\"https:\/\/www.zoko.ro\/\",\"name\":\"ZOKO.ro\",\"description\":\"Cump\u0103r\u0103 inteligent\",\"publisher\":{\"@id\":\"https:\/\/www.zoko.ro\/#organization\"},\"potentialAction\":[{\"@type\":\"SearchAction\",\"target\":{\"@type\":\"EntryPoint\",\"urlTemplate\":\"https:\/\/www.zoko.ro\/?s={search_term_string}\"},\"query-input\":{\"@type\":\"PropertyValueSpecification\",\"valueRequired\":true,\"valueName\":\"search_term_string\"}}],\"inLanguage\":\"en-GB\"},{\"@type\":\"Organization\",\"@id\":\"https:\/\/www.zoko.ro\/#organization\",\"name\":\"ZOKO\",\"url\":\"https:\/\/www.zoko.ro\/\",\"logo\":{\"@type\":\"ImageObject\",\"inLanguage\":\"en-GB\",\"@id\":\"https:\/\/www.zoko.ro\/#\/schema\/logo\/image\/\",\"url\":\"https:\/\/www.zoko.ro\/wp-content\/uploads\/2025\/03\/logo1.svg\",\"contentUrl\":\"https:\/\/www.zoko.ro\/wp-content\/uploads\/2025\/03\/logo1.svg\",\"width\":799,\"height\":216,\"caption\":\"ZOKO\"},\"image\":{\"@id\":\"https:\/\/www.zoko.ro\/#\/schema\/logo\/image\/\"},\"sameAs\":[\"https:\/\/www.facebook.com\/profile.php?id=61584344135075\"]}]}<\/script>\n<!-- \/ Yoast SEO plugin. -->","yoast_head_json":{"title":"Spatula gratar cu desfacator de capace, Gonga\u00ae | ZOKO","robots":{"index":"index","follow":"follow","max-snippet":"max-snippet:-1","max-image-preview":"max-image-preview:large","max-video-preview":"max-video-preview:-1"},"canonical":"https:\/\/www.zoko.ro\/en\/p\/spatula-gratar-cu-desfacator-de-capace-gonga\/","og_locale":"en_GB","og_type":"article","og_title":"Spatula gratar cu desfacator de capace, Gonga\u00ae | ZOKO","og_description":"Culoare: Rosu Spatula pentru gr\u0103tar este un instrument obligatoriu pentru gr\u0103tar. Spatula este realizat\u0103 din o\u021bel inoxidabil de \u00eenalt\u0103 calitate","og_url":"https:\/\/www.zoko.ro\/en\/p\/spatula-gratar-cu-desfacator-de-capace-gonga\/","og_site_name":"ZOKO","article_publisher":"https:\/\/www.facebook.com\/profile.php?id=61584344135075","og_image":[{"width":945,"height":945,"url":"https:\/\/www.zoko.ro\/wp-content\/uploads\/2025\/03\/spatula-gratar-cu-desfacator-de-capace-gonga.jpg","type":"image\/jpeg"}],"twitter_card":"summary_large_image","twitter_misc":{"Estimated reading time":"1 minute"},"schema":{"@context":"https:\/\/schema.org","@graph":[{"@type":"WebPage","@id":"https:\/\/www.zoko.ro\/p\/spatula-gratar-cu-desfacator-de-capace-gonga\/","url":"https:\/\/www.zoko.ro\/p\/spatula-gratar-cu-desfacator-de-capace-gonga\/","name":"Spatula gratar cu desfacator de capace, Gonga\u00ae | ZOKO","isPartOf":{"@id":"https:\/\/www.zoko.ro\/#website"},"primaryImageOfPage":{"@id":"https:\/\/www.zoko.ro\/p\/spatula-gratar-cu-desfacator-de-capace-gonga\/#primaryimage"},"image":{"@id":"https:\/\/www.zoko.ro\/p\/spatula-gratar-cu-desfacator-de-capace-gonga\/#primaryimage"},"thumbnailUrl":"https:\/\/www.zoko.ro\/wp-content\/uploads\/2025\/03\/spatula-gratar-cu-desfacator-de-capace-gonga.jpg","datePublished":"2026-04-28T21:28:03+00:00","breadcrumb":{"@id":"https:\/\/www.zoko.ro\/p\/spatula-gratar-cu-desfacator-de-capace-gonga\/#breadcrumb"},"inLanguage":"en-GB","potentialAction":[{"@type":"ReadAction","target":["https:\/\/www.zoko.ro\/p\/spatula-gratar-cu-desfacator-de-capace-gonga\/"]}]},{"@type":"ImageObject","inLanguage":"en-GB","@id":"https:\/\/www.zoko.ro\/p\/spatula-gratar-cu-desfacator-de-capace-gonga\/#primaryimage","url":"https:\/\/www.zoko.ro\/wp-content\/uploads\/2025\/03\/spatula-gratar-cu-desfacator-de-capace-gonga.jpg","contentUrl":"https:\/\/www.zoko.ro\/wp-content\/uploads\/2025\/03\/spatula-gratar-cu-desfacator-de-capace-gonga.jpg","width":945,"height":945},{"@type":"BreadcrumbList","@id":"https:\/\/www.zoko.ro\/p\/spatula-gratar-cu-desfacator-de-capace-gonga\/#breadcrumb","itemListElement":[{"@type":"ListItem","position":1,"name":"Home","item":"https:\/\/www.zoko.ro\/"},{"@type":"ListItem","position":2,"name":"Magazin","item":"https:\/\/www.zoko.ro\/magazin\/"},{"@type":"ListItem","position":3,"name":"Spatula gratar cu desfacator de capace, Gonga\u00ae"}]},{"@type":"WebSite","@id":"https:\/\/www.zoko.ro\/#website","url":"https:\/\/www.zoko.ro\/","name":"ZOKO.ro","description":"Cump\u0103r\u0103 inteligent","publisher":{"@id":"https:\/\/www.zoko.ro\/#organization"},"potentialAction":[{"@type":"SearchAction","target":{"@type":"EntryPoint","urlTemplate":"https:\/\/www.zoko.ro\/?s={search_term_string}"},"query-input":{"@type":"PropertyValueSpecification","valueRequired":true,"valueName":"search_term_string"}}],"inLanguage":"en-GB"},{"@type":"Organization","@id":"https:\/\/www.zoko.ro\/#organization","name":"ZOKO","url":"https:\/\/www.zoko.ro\/","logo":{"@type":"ImageObject","inLanguage":"en-GB","@id":"https:\/\/www.zoko.ro\/#\/schema\/logo\/image\/","url":"https:\/\/www.zoko.ro\/wp-content\/uploads\/2025\/03\/logo1.svg","contentUrl":"https:\/\/www.zoko.ro\/wp-content\/uploads\/2025\/03\/logo1.svg","width":799,"height":216,"caption":"ZOKO"},"image":{"@id":"https:\/\/www.zoko.ro\/#\/schema\/logo\/image\/"},"sameAs":["https:\/\/www.facebook.com\/profile.php?id=61584344135075"]}]}},"_links":{"self":[{"href":"https:\/\/www.zoko.ro\/en\/wp-json\/wp\/v2\/product\/8545","targetHints":{"allow":["GET"]}}],"collection":[{"href":"https:\/\/www.zoko.ro\/en\/wp-json\/wp\/v2\/product"}],"about":[{"href":"https:\/\/www.zoko.ro\/en\/wp-json\/wp\/v2\/types\/product"}],"replies":[{"embeddable":true,"href":"https:\/\/www.zoko.ro\/en\/wp-json\/wp\/v2\/comments?post=8545"}],"version-history":[{"count":1,"href":"https:\/\/www.zoko.ro\/en\/wp-json\/wp\/v2\/product\/8545\/revisions"}],"predecessor-version":[{"id":8546,"href":"https:\/\/www.zoko.ro\/en\/wp-json\/wp\/v2\/product\/8545\/revisions\/8546"}],"wp:featuredmedia":[{"embeddable":true,"href":"https:\/\/www.zoko.ro\/en\/wp-json\/wp\/v2\/media\/8547"}],"wp:attachment":[{"href":"https:\/\/www.zoko.ro\/en\/wp-json\/wp\/v2\/media?parent=8545"}],"wp:term":[{"taxonomy":"product_brand","embeddable":true,"href":"https:\/\/www.zoko.ro\/en\/wp-json\/wp\/v2\/product_brand?post=8545"},{"taxonomy":"product_cat","embeddable":true,"href":"https:\/\/www.zoko.ro\/en\/wp-json\/wp\/v2\/product_cat?post=8545"},{"taxonomy":"product_tag","embeddable":true,"href":"https:\/\/www.zoko.ro\/en\/wp-json\/wp\/v2\/product_tag?post=8545"}],"curies":[{"name":"wp","href":"https:\/\/api.w.org\/{rel}","templated":true}]}}