{"id":8619,"date":"2026-04-28T23:28:17","date_gmt":"2026-04-28T21:28:17","guid":{"rendered":"https:\/\/www.zoko.ro\/p\/pulverizator-cu-baterie-1l-gonga\/"},"modified":"2026-04-28T23:28:17","modified_gmt":"2026-04-28T21:28:17","slug":"pulverizator-cu-baterie-1l-gonga","status":"publish","type":"product","link":"https:\/\/www.zoko.ro\/en\/p\/pulverizator-cu-baterie-1l-gonga\/","title":{"rendered":"Pulverizator cu baterie, 1L, Gonga\u00ae"},"content":{"rendered":"<p><strong>Culoare:<\/strong> Negru\/Alb<\/p>\n<p>Caracteristicile produsului:<\/p>\n<\/p>\n<p>&#8211; Pulverizator cu baterie compact \u0219i u\u0219or pentru o varietate de aplica\u021bii<\/p>\n<p>&#8211; Rezervor de apa detasabil cu o capacitate de 1l<\/p>\n<p>&#8211; Alimentat de o baterie \u00eencorporat\u0103 de 3,7 V<\/p>\n<p>&#8211; \u00cenc\u0103rcarea bateriei cu cablul USB<\/p>\n<\/p>\n<p>Date tehnice:<\/p>\n<\/p>\n<p>&#8211; Alimentare: baterie<\/p>\n<p>&#8211; Tensiune baterie: 3,7 V<\/p>\n<p>&#8211; Capacitate baterie: 2,0 Ah<\/p>\n<p>&#8211; \u00cenc\u0103rcare: prin USB<\/p>\n<p>&#8211; Timp de \u00eenc\u0103rcare: aproximativ 3 ore.<\/p>\n<p>&#8211; Timp de lucru cu o singur\u0103 \u00eenc\u0103rcare: aproximativ 60 de minute<\/p>\n<p>&#8211; Raza maxima de lucru: 6m<\/p>\n<p>&#8211; Presiune maxim\u0103 de lucru: 2,4 bar<\/p>\n<p>&#8211; Capacitate: 280-460ml\/min<\/p>\n<p>&#8211; Capacitate rezervor: 1l<\/p>\n<p>&#8211; Temperatura de lucru: 0-40\u00b0C<\/p>\n<\/p>\n<p>Echipament de baz\u0103:<\/p>\n<\/p>\n<p>&#8211; baterie de 3,7 V (\u00eencorporat\u0103 \u00een dispozitiv)<\/p>\n<p>&#8211; cablu USB<\/p>\n<p>&#8211; rezervor 1l<\/p>","protected":false},"excerpt":{"rendered":"<p>Culoare: Negru\/Alb Caracteristicile produsului: &#8211; Pulverizator cu baterie compact \u0219i u\u0219or pentru o varietate de aplica\u021bii &#8211; Rezervor de apa<\/p>","protected":false},"featured_media":8621,"comment_status":"open","ping_status":"open","template":"","meta":[],"product_brand":[],"product_cat":[99,100,105],"product_tag":[104],"class_list":{"0":"post-8619","1":"product","2":"type-product","3":"status-publish","4":"has-post-thumbnail","6":"product_cat-acasa","7":"product_cat-casa-gradina","8":"product_cat-curatenie-intretinere-casa","9":"product_tag-in-stoc","10":"pa_culoare-negru-alb","12":"first","13":"instock","14":"sale","15":"purchasable","16":"product-type-simple"},"yoast_head":"<!-- This site is optimized with the Yoast SEO plugin v27.2 - https:\/\/yoast.com\/product\/yoast-seo-wordpress\/ -->\n<title>Pulverizator cu baterie, 1L, Gonga\u00ae | ZOKO<\/title>\n<meta name=\"robots\" content=\"index, follow, max-snippet:-1, max-image-preview:large, max-video-preview:-1\" \/>\n<link rel=\"canonical\" href=\"https:\/\/www.zoko.ro\/en\/p\/pulverizator-cu-baterie-1l-gonga\/\" \/>\n<meta property=\"og:locale\" content=\"en_GB\" \/>\n<meta property=\"og:type\" content=\"article\" \/>\n<meta property=\"og:title\" content=\"Pulverizator cu baterie, 1L, Gonga\u00ae | ZOKO\" \/>\n<meta property=\"og:description\" content=\"Culoare: Negru\/Alb Caracteristicile produsului: &#8211; Pulverizator cu baterie compact \u0219i u\u0219or pentru o varietate de aplica\u021bii &#8211; Rezervor de apa\" \/>\n<meta property=\"og:url\" content=\"https:\/\/www.zoko.ro\/en\/p\/pulverizator-cu-baterie-1l-gonga\/\" \/>\n<meta property=\"og:site_name\" content=\"ZOKO\" \/>\n<meta property=\"article:publisher\" content=\"https:\/\/www.facebook.com\/profile.php?id=61584344135075\" \/>\n<meta property=\"og:image\" content=\"https:\/\/www.zoko.ro\/wp-content\/uploads\/2025\/03\/pulverizator-cu-baterie-1l-gonga.jpg\" \/>\n\t<meta property=\"og:image:width\" content=\"804\" \/>\n\t<meta property=\"og:image:height\" content=\"794\" \/>\n\t<meta property=\"og:image:type\" content=\"image\/png\" \/>\n<meta name=\"twitter:card\" content=\"summary_large_image\" \/>\n<meta name=\"twitter:label1\" content=\"Estimated reading time\" \/>\n\t<meta name=\"twitter:data1\" content=\"1 minute\" \/>\n<script type=\"application\/ld+json\" class=\"yoast-schema-graph\">{\"@context\":\"https:\/\/schema.org\",\"@graph\":[{\"@type\":\"WebPage\",\"@id\":\"https:\/\/www.zoko.ro\/p\/pulverizator-cu-baterie-1l-gonga\/\",\"url\":\"https:\/\/www.zoko.ro\/p\/pulverizator-cu-baterie-1l-gonga\/\",\"name\":\"Pulverizator cu baterie, 1L, Gonga\u00ae | ZOKO\",\"isPartOf\":{\"@id\":\"https:\/\/www.zoko.ro\/#website\"},\"primaryImageOfPage\":{\"@id\":\"https:\/\/www.zoko.ro\/p\/pulverizator-cu-baterie-1l-gonga\/#primaryimage\"},\"image\":{\"@id\":\"https:\/\/www.zoko.ro\/p\/pulverizator-cu-baterie-1l-gonga\/#primaryimage\"},\"thumbnailUrl\":\"https:\/\/www.zoko.ro\/wp-content\/uploads\/2025\/03\/pulverizator-cu-baterie-1l-gonga.jpg\",\"datePublished\":\"2026-04-28T21:28:17+00:00\",\"breadcrumb\":{\"@id\":\"https:\/\/www.zoko.ro\/p\/pulverizator-cu-baterie-1l-gonga\/#breadcrumb\"},\"inLanguage\":\"en-GB\",\"potentialAction\":[{\"@type\":\"ReadAction\",\"target\":[\"https:\/\/www.zoko.ro\/p\/pulverizator-cu-baterie-1l-gonga\/\"]}]},{\"@type\":\"ImageObject\",\"inLanguage\":\"en-GB\",\"@id\":\"https:\/\/www.zoko.ro\/p\/pulverizator-cu-baterie-1l-gonga\/#primaryimage\",\"url\":\"https:\/\/www.zoko.ro\/wp-content\/uploads\/2025\/03\/pulverizator-cu-baterie-1l-gonga.jpg\",\"contentUrl\":\"https:\/\/www.zoko.ro\/wp-content\/uploads\/2025\/03\/pulverizator-cu-baterie-1l-gonga.jpg\",\"width\":804,\"height\":794},{\"@type\":\"BreadcrumbList\",\"@id\":\"https:\/\/www.zoko.ro\/p\/pulverizator-cu-baterie-1l-gonga\/#breadcrumb\",\"itemListElement\":[{\"@type\":\"ListItem\",\"position\":1,\"name\":\"Home\",\"item\":\"https:\/\/www.zoko.ro\/\"},{\"@type\":\"ListItem\",\"position\":2,\"name\":\"Magazin\",\"item\":\"https:\/\/www.zoko.ro\/magazin\/\"},{\"@type\":\"ListItem\",\"position\":3,\"name\":\"Pulverizator cu baterie, 1L, Gonga\u00ae\"}]},{\"@type\":\"WebSite\",\"@id\":\"https:\/\/www.zoko.ro\/#website\",\"url\":\"https:\/\/www.zoko.ro\/\",\"name\":\"ZOKO.ro\",\"description\":\"Cump\u0103r\u0103 inteligent\",\"publisher\":{\"@id\":\"https:\/\/www.zoko.ro\/#organization\"},\"potentialAction\":[{\"@type\":\"SearchAction\",\"target\":{\"@type\":\"EntryPoint\",\"urlTemplate\":\"https:\/\/www.zoko.ro\/?s={search_term_string}\"},\"query-input\":{\"@type\":\"PropertyValueSpecification\",\"valueRequired\":true,\"valueName\":\"search_term_string\"}}],\"inLanguage\":\"en-GB\"},{\"@type\":\"Organization\",\"@id\":\"https:\/\/www.zoko.ro\/#organization\",\"name\":\"ZOKO\",\"url\":\"https:\/\/www.zoko.ro\/\",\"logo\":{\"@type\":\"ImageObject\",\"inLanguage\":\"en-GB\",\"@id\":\"https:\/\/www.zoko.ro\/#\/schema\/logo\/image\/\",\"url\":\"https:\/\/www.zoko.ro\/wp-content\/uploads\/2025\/03\/logo1.svg\",\"contentUrl\":\"https:\/\/www.zoko.ro\/wp-content\/uploads\/2025\/03\/logo1.svg\",\"width\":799,\"height\":216,\"caption\":\"ZOKO\"},\"image\":{\"@id\":\"https:\/\/www.zoko.ro\/#\/schema\/logo\/image\/\"},\"sameAs\":[\"https:\/\/www.facebook.com\/profile.php?id=61584344135075\"]}]}<\/script>\n<!-- \/ Yoast SEO plugin. -->","yoast_head_json":{"title":"Pulverizator cu baterie, 1L, Gonga\u00ae | ZOKO","robots":{"index":"index","follow":"follow","max-snippet":"max-snippet:-1","max-image-preview":"max-image-preview:large","max-video-preview":"max-video-preview:-1"},"canonical":"https:\/\/www.zoko.ro\/en\/p\/pulverizator-cu-baterie-1l-gonga\/","og_locale":"en_GB","og_type":"article","og_title":"Pulverizator cu baterie, 1L, Gonga\u00ae | ZOKO","og_description":"Culoare: Negru\/Alb Caracteristicile produsului: &#8211; Pulverizator cu baterie compact \u0219i u\u0219or pentru o varietate de aplica\u021bii &#8211; Rezervor de apa","og_url":"https:\/\/www.zoko.ro\/en\/p\/pulverizator-cu-baterie-1l-gonga\/","og_site_name":"ZOKO","article_publisher":"https:\/\/www.facebook.com\/profile.php?id=61584344135075","og_image":[{"width":804,"height":794,"url":"https:\/\/www.zoko.ro\/wp-content\/uploads\/2025\/03\/pulverizator-cu-baterie-1l-gonga.jpg","type":"image\/png"}],"twitter_card":"summary_large_image","twitter_misc":{"Estimated reading time":"1 minute"},"schema":{"@context":"https:\/\/schema.org","@graph":[{"@type":"WebPage","@id":"https:\/\/www.zoko.ro\/p\/pulverizator-cu-baterie-1l-gonga\/","url":"https:\/\/www.zoko.ro\/p\/pulverizator-cu-baterie-1l-gonga\/","name":"Pulverizator cu baterie, 1L, Gonga\u00ae | ZOKO","isPartOf":{"@id":"https:\/\/www.zoko.ro\/#website"},"primaryImageOfPage":{"@id":"https:\/\/www.zoko.ro\/p\/pulverizator-cu-baterie-1l-gonga\/#primaryimage"},"image":{"@id":"https:\/\/www.zoko.ro\/p\/pulverizator-cu-baterie-1l-gonga\/#primaryimage"},"thumbnailUrl":"https:\/\/www.zoko.ro\/wp-content\/uploads\/2025\/03\/pulverizator-cu-baterie-1l-gonga.jpg","datePublished":"2026-04-28T21:28:17+00:00","breadcrumb":{"@id":"https:\/\/www.zoko.ro\/p\/pulverizator-cu-baterie-1l-gonga\/#breadcrumb"},"inLanguage":"en-GB","potentialAction":[{"@type":"ReadAction","target":["https:\/\/www.zoko.ro\/p\/pulverizator-cu-baterie-1l-gonga\/"]}]},{"@type":"ImageObject","inLanguage":"en-GB","@id":"https:\/\/www.zoko.ro\/p\/pulverizator-cu-baterie-1l-gonga\/#primaryimage","url":"https:\/\/www.zoko.ro\/wp-content\/uploads\/2025\/03\/pulverizator-cu-baterie-1l-gonga.jpg","contentUrl":"https:\/\/www.zoko.ro\/wp-content\/uploads\/2025\/03\/pulverizator-cu-baterie-1l-gonga.jpg","width":804,"height":794},{"@type":"BreadcrumbList","@id":"https:\/\/www.zoko.ro\/p\/pulverizator-cu-baterie-1l-gonga\/#breadcrumb","itemListElement":[{"@type":"ListItem","position":1,"name":"Home","item":"https:\/\/www.zoko.ro\/"},{"@type":"ListItem","position":2,"name":"Magazin","item":"https:\/\/www.zoko.ro\/magazin\/"},{"@type":"ListItem","position":3,"name":"Pulverizator cu baterie, 1L, Gonga\u00ae"}]},{"@type":"WebSite","@id":"https:\/\/www.zoko.ro\/#website","url":"https:\/\/www.zoko.ro\/","name":"ZOKO.ro","description":"Cump\u0103r\u0103 inteligent","publisher":{"@id":"https:\/\/www.zoko.ro\/#organization"},"potentialAction":[{"@type":"SearchAction","target":{"@type":"EntryPoint","urlTemplate":"https:\/\/www.zoko.ro\/?s={search_term_string}"},"query-input":{"@type":"PropertyValueSpecification","valueRequired":true,"valueName":"search_term_string"}}],"inLanguage":"en-GB"},{"@type":"Organization","@id":"https:\/\/www.zoko.ro\/#organization","name":"ZOKO","url":"https:\/\/www.zoko.ro\/","logo":{"@type":"ImageObject","inLanguage":"en-GB","@id":"https:\/\/www.zoko.ro\/#\/schema\/logo\/image\/","url":"https:\/\/www.zoko.ro\/wp-content\/uploads\/2025\/03\/logo1.svg","contentUrl":"https:\/\/www.zoko.ro\/wp-content\/uploads\/2025\/03\/logo1.svg","width":799,"height":216,"caption":"ZOKO"},"image":{"@id":"https:\/\/www.zoko.ro\/#\/schema\/logo\/image\/"},"sameAs":["https:\/\/www.facebook.com\/profile.php?id=61584344135075"]}]}},"_links":{"self":[{"href":"https:\/\/www.zoko.ro\/en\/wp-json\/wp\/v2\/product\/8619","targetHints":{"allow":["GET"]}}],"collection":[{"href":"https:\/\/www.zoko.ro\/en\/wp-json\/wp\/v2\/product"}],"about":[{"href":"https:\/\/www.zoko.ro\/en\/wp-json\/wp\/v2\/types\/product"}],"replies":[{"embeddable":true,"href":"https:\/\/www.zoko.ro\/en\/wp-json\/wp\/v2\/comments?post=8619"}],"version-history":[{"count":1,"href":"https:\/\/www.zoko.ro\/en\/wp-json\/wp\/v2\/product\/8619\/revisions"}],"predecessor-version":[{"id":8620,"href":"https:\/\/www.zoko.ro\/en\/wp-json\/wp\/v2\/product\/8619\/revisions\/8620"}],"wp:featuredmedia":[{"embeddable":true,"href":"https:\/\/www.zoko.ro\/en\/wp-json\/wp\/v2\/media\/8621"}],"wp:attachment":[{"href":"https:\/\/www.zoko.ro\/en\/wp-json\/wp\/v2\/media?parent=8619"}],"wp:term":[{"taxonomy":"product_brand","embeddable":true,"href":"https:\/\/www.zoko.ro\/en\/wp-json\/wp\/v2\/product_brand?post=8619"},{"taxonomy":"product_cat","embeddable":true,"href":"https:\/\/www.zoko.ro\/en\/wp-json\/wp\/v2\/product_cat?post=8619"},{"taxonomy":"product_tag","embeddable":true,"href":"https:\/\/www.zoko.ro\/en\/wp-json\/wp\/v2\/product_tag?post=8619"}],"curies":[{"name":"wp","href":"https:\/\/api.w.org\/{rel}","templated":true}]}}