{"id":8649,"date":"2026-04-28T23:28:21","date_gmt":"2026-04-28T21:28:21","guid":{"rendered":"https:\/\/www.zoko.ro\/p\/organizator-modular-pentru-sertare5-elemente-gonga\/"},"modified":"2026-04-28T23:28:21","modified_gmt":"2026-04-28T21:28:21","slug":"organizator-modular-pentru-sertare5-elemente-gonga","status":"publish","type":"product","link":"https:\/\/www.zoko.ro\/en\/p\/organizator-modular-pentru-sertare5-elemente-gonga\/","title":{"rendered":"Organizator modular pentru sertare,5 elemente, Gonga\u00ae"},"content":{"rendered":"<p><strong>Culoare:<\/strong> Alb<\/p>\n<p>Un set de separatoare modulare din plastic pentru un sertar.\u00a0<\/p>\n<\/p>\n<p>Separatoarele v\u0103 permit s\u0103 v\u0103 organiza\u021bi colec\u021biile de cosmetice sau lenjerie intim\u0103 \u00eentr-un mod simplu, practic \u0219i ieftin.\u00a0<\/p>\n<\/p>\n<p>Setul include 5 elemente din plastic care permit plierea organizatorului intr-un sertar impartit in mai multe compartimente.\u00a0<\/p>\n<\/p>\n<p>Designul deschis permite accesul rapid la haine.\u00a0<\/p>\n<\/p>\n<p>Posibilitatea de pliere rapid\u0103 permite economisirea suplimentar\u0103 de spa\u021biu.<\/p>\n<\/p>\n<p>Caracteristicile \u0219i specifica\u021biile produsului:<\/p>\n<\/p>\n<p>&#8211; Desp\u0103r\u021bitoarele de sertare modulare, atunci c\u00e2nd sunt pliate, formeaz\u0103 un organizator pentru multe compartimente.<\/p>\n<p>&#8211; V\u0103 permit s\u0103 organiza\u021bi cu u\u0219urin\u021b\u0103 colec\u021bii de produse cosmetice sau lenjerie intim\u0103 \u00een fiecare sertar.<\/p>\n<p>&#8211; Sunt fabricate din plastic solid \u0219i durabil.<\/p>\n<p>&#8211; Compartimentele pliate nu au o \u00eenchidere superioar\u0103 pentru a facilita \u0219i mai mult accesul la articolele depozitate \u00een ele.<\/p>\n<p>&#8211; Posibilitatea de pliere \u0219i desf\u0103\u0219urare rapid\u0103 permite economisirea suplimentar\u0103 a spa\u021biului.<\/p>\n<p>&#8211; Material: plastic<\/p>\n<p>&#8211; O mul\u021bime de compartimente<\/p>\n<p>&#8211; Lungime (un element): 47 cm<\/p>\n<p>&#8211; Inaltime (un element): 13 cm<\/p>","protected":false},"excerpt":{"rendered":"<p>Culoare: Alb Un set de separatoare modulare din plastic pentru un sertar.\u00a0 Separatoarele v\u0103 permit s\u0103 v\u0103 organiza\u021bi colec\u021biile de<\/p>","protected":false},"featured_media":8651,"comment_status":"open","ping_status":"open","template":"","meta":[],"product_brand":[],"product_cat":[99,118,114],"product_tag":[104],"class_list":{"0":"post-8649","1":"product","2":"type-product","3":"status-publish","4":"has-post-thumbnail","6":"product_cat-acasa","7":"product_cat-cosmetice-produse-ingrijire-personala","8":"product_cat-ingrijire-personala-cosmetice","9":"product_tag-in-stoc","10":"pa_culoare-alb","12":"first","13":"instock","14":"sale","15":"purchasable","16":"product-type-simple"},"yoast_head":"<!-- This site is optimized with the Yoast SEO plugin v27.2 - https:\/\/yoast.com\/product\/yoast-seo-wordpress\/ -->\n<title>Organizator modular pentru sertare,5 elemente, Gonga\u00ae | ZOKO<\/title>\n<meta name=\"robots\" content=\"index, follow, max-snippet:-1, max-image-preview:large, max-video-preview:-1\" \/>\n<link rel=\"canonical\" href=\"https:\/\/www.zoko.ro\/en\/p\/organizator-modular-pentru-sertare5-elemente-gonga\/\" \/>\n<meta property=\"og:locale\" content=\"en_GB\" \/>\n<meta property=\"og:type\" content=\"article\" \/>\n<meta property=\"og:title\" content=\"Organizator modular pentru sertare,5 elemente, Gonga\u00ae | ZOKO\" \/>\n<meta property=\"og:description\" content=\"Culoare: Alb Un set de separatoare modulare din plastic pentru un sertar.\u00a0 Separatoarele v\u0103 permit s\u0103 v\u0103 organiza\u021bi colec\u021biile de\" \/>\n<meta property=\"og:url\" content=\"https:\/\/www.zoko.ro\/en\/p\/organizator-modular-pentru-sertare5-elemente-gonga\/\" \/>\n<meta property=\"og:site_name\" content=\"ZOKO\" \/>\n<meta property=\"article:publisher\" content=\"https:\/\/www.facebook.com\/profile.php?id=61584344135075\" \/>\n<meta property=\"og:image\" content=\"https:\/\/www.zoko.ro\/wp-content\/uploads\/2025\/03\/organizator-modular-pentru-sertare-gonga.jpg\" \/>\n\t<meta property=\"og:image:width\" content=\"1200\" \/>\n\t<meta property=\"og:image:height\" content=\"1053\" \/>\n\t<meta property=\"og:image:type\" content=\"image\/jpeg\" \/>\n<meta name=\"twitter:card\" content=\"summary_large_image\" \/>\n<meta name=\"twitter:label1\" content=\"Estimated reading time\" \/>\n\t<meta name=\"twitter:data1\" content=\"1 minute\" \/>\n<script type=\"application\/ld+json\" class=\"yoast-schema-graph\">{\"@context\":\"https:\/\/schema.org\",\"@graph\":[{\"@type\":\"WebPage\",\"@id\":\"https:\/\/www.zoko.ro\/p\/organizator-modular-pentru-sertare5-elemente-gonga\/\",\"url\":\"https:\/\/www.zoko.ro\/p\/organizator-modular-pentru-sertare5-elemente-gonga\/\",\"name\":\"Organizator modular pentru sertare,5 elemente, Gonga\u00ae | ZOKO\",\"isPartOf\":{\"@id\":\"https:\/\/www.zoko.ro\/#website\"},\"primaryImageOfPage\":{\"@id\":\"https:\/\/www.zoko.ro\/p\/organizator-modular-pentru-sertare5-elemente-gonga\/#primaryimage\"},\"image\":{\"@id\":\"https:\/\/www.zoko.ro\/p\/organizator-modular-pentru-sertare5-elemente-gonga\/#primaryimage\"},\"thumbnailUrl\":\"https:\/\/www.zoko.ro\/wp-content\/uploads\/2025\/03\/organizator-modular-pentru-sertare-gonga.jpg\",\"datePublished\":\"2026-04-28T21:28:21+00:00\",\"breadcrumb\":{\"@id\":\"https:\/\/www.zoko.ro\/p\/organizator-modular-pentru-sertare5-elemente-gonga\/#breadcrumb\"},\"inLanguage\":\"en-GB\",\"potentialAction\":[{\"@type\":\"ReadAction\",\"target\":[\"https:\/\/www.zoko.ro\/p\/organizator-modular-pentru-sertare5-elemente-gonga\/\"]}]},{\"@type\":\"ImageObject\",\"inLanguage\":\"en-GB\",\"@id\":\"https:\/\/www.zoko.ro\/p\/organizator-modular-pentru-sertare5-elemente-gonga\/#primaryimage\",\"url\":\"https:\/\/www.zoko.ro\/wp-content\/uploads\/2025\/03\/organizator-modular-pentru-sertare-gonga.jpg\",\"contentUrl\":\"https:\/\/www.zoko.ro\/wp-content\/uploads\/2025\/03\/organizator-modular-pentru-sertare-gonga.jpg\",\"width\":1200,\"height\":1053},{\"@type\":\"BreadcrumbList\",\"@id\":\"https:\/\/www.zoko.ro\/p\/organizator-modular-pentru-sertare5-elemente-gonga\/#breadcrumb\",\"itemListElement\":[{\"@type\":\"ListItem\",\"position\":1,\"name\":\"Home\",\"item\":\"https:\/\/www.zoko.ro\/\"},{\"@type\":\"ListItem\",\"position\":2,\"name\":\"Magazin\",\"item\":\"https:\/\/www.zoko.ro\/magazin\/\"},{\"@type\":\"ListItem\",\"position\":3,\"name\":\"Organizator modular pentru sertare,5 elemente, Gonga\u00ae\"}]},{\"@type\":\"WebSite\",\"@id\":\"https:\/\/www.zoko.ro\/#website\",\"url\":\"https:\/\/www.zoko.ro\/\",\"name\":\"ZOKO.ro\",\"description\":\"Cump\u0103r\u0103 inteligent\",\"publisher\":{\"@id\":\"https:\/\/www.zoko.ro\/#organization\"},\"potentialAction\":[{\"@type\":\"SearchAction\",\"target\":{\"@type\":\"EntryPoint\",\"urlTemplate\":\"https:\/\/www.zoko.ro\/?s={search_term_string}\"},\"query-input\":{\"@type\":\"PropertyValueSpecification\",\"valueRequired\":true,\"valueName\":\"search_term_string\"}}],\"inLanguage\":\"en-GB\"},{\"@type\":\"Organization\",\"@id\":\"https:\/\/www.zoko.ro\/#organization\",\"name\":\"ZOKO\",\"url\":\"https:\/\/www.zoko.ro\/\",\"logo\":{\"@type\":\"ImageObject\",\"inLanguage\":\"en-GB\",\"@id\":\"https:\/\/www.zoko.ro\/#\/schema\/logo\/image\/\",\"url\":\"https:\/\/www.zoko.ro\/wp-content\/uploads\/2025\/03\/logo1.svg\",\"contentUrl\":\"https:\/\/www.zoko.ro\/wp-content\/uploads\/2025\/03\/logo1.svg\",\"width\":799,\"height\":216,\"caption\":\"ZOKO\"},\"image\":{\"@id\":\"https:\/\/www.zoko.ro\/#\/schema\/logo\/image\/\"},\"sameAs\":[\"https:\/\/www.facebook.com\/profile.php?id=61584344135075\"]}]}<\/script>\n<!-- \/ Yoast SEO plugin. -->","yoast_head_json":{"title":"Organizator modular pentru sertare,5 elemente, Gonga\u00ae | ZOKO","robots":{"index":"index","follow":"follow","max-snippet":"max-snippet:-1","max-image-preview":"max-image-preview:large","max-video-preview":"max-video-preview:-1"},"canonical":"https:\/\/www.zoko.ro\/en\/p\/organizator-modular-pentru-sertare5-elemente-gonga\/","og_locale":"en_GB","og_type":"article","og_title":"Organizator modular pentru sertare,5 elemente, Gonga\u00ae | ZOKO","og_description":"Culoare: Alb Un set de separatoare modulare din plastic pentru un sertar.\u00a0 Separatoarele v\u0103 permit s\u0103 v\u0103 organiza\u021bi colec\u021biile de","og_url":"https:\/\/www.zoko.ro\/en\/p\/organizator-modular-pentru-sertare5-elemente-gonga\/","og_site_name":"ZOKO","article_publisher":"https:\/\/www.facebook.com\/profile.php?id=61584344135075","og_image":[{"width":1200,"height":1053,"url":"https:\/\/www.zoko.ro\/wp-content\/uploads\/2025\/03\/organizator-modular-pentru-sertare-gonga.jpg","type":"image\/jpeg"}],"twitter_card":"summary_large_image","twitter_misc":{"Estimated reading time":"1 minute"},"schema":{"@context":"https:\/\/schema.org","@graph":[{"@type":"WebPage","@id":"https:\/\/www.zoko.ro\/p\/organizator-modular-pentru-sertare5-elemente-gonga\/","url":"https:\/\/www.zoko.ro\/p\/organizator-modular-pentru-sertare5-elemente-gonga\/","name":"Organizator modular pentru sertare,5 elemente, Gonga\u00ae | ZOKO","isPartOf":{"@id":"https:\/\/www.zoko.ro\/#website"},"primaryImageOfPage":{"@id":"https:\/\/www.zoko.ro\/p\/organizator-modular-pentru-sertare5-elemente-gonga\/#primaryimage"},"image":{"@id":"https:\/\/www.zoko.ro\/p\/organizator-modular-pentru-sertare5-elemente-gonga\/#primaryimage"},"thumbnailUrl":"https:\/\/www.zoko.ro\/wp-content\/uploads\/2025\/03\/organizator-modular-pentru-sertare-gonga.jpg","datePublished":"2026-04-28T21:28:21+00:00","breadcrumb":{"@id":"https:\/\/www.zoko.ro\/p\/organizator-modular-pentru-sertare5-elemente-gonga\/#breadcrumb"},"inLanguage":"en-GB","potentialAction":[{"@type":"ReadAction","target":["https:\/\/www.zoko.ro\/p\/organizator-modular-pentru-sertare5-elemente-gonga\/"]}]},{"@type":"ImageObject","inLanguage":"en-GB","@id":"https:\/\/www.zoko.ro\/p\/organizator-modular-pentru-sertare5-elemente-gonga\/#primaryimage","url":"https:\/\/www.zoko.ro\/wp-content\/uploads\/2025\/03\/organizator-modular-pentru-sertare-gonga.jpg","contentUrl":"https:\/\/www.zoko.ro\/wp-content\/uploads\/2025\/03\/organizator-modular-pentru-sertare-gonga.jpg","width":1200,"height":1053},{"@type":"BreadcrumbList","@id":"https:\/\/www.zoko.ro\/p\/organizator-modular-pentru-sertare5-elemente-gonga\/#breadcrumb","itemListElement":[{"@type":"ListItem","position":1,"name":"Home","item":"https:\/\/www.zoko.ro\/"},{"@type":"ListItem","position":2,"name":"Magazin","item":"https:\/\/www.zoko.ro\/magazin\/"},{"@type":"ListItem","position":3,"name":"Organizator modular pentru sertare,5 elemente, Gonga\u00ae"}]},{"@type":"WebSite","@id":"https:\/\/www.zoko.ro\/#website","url":"https:\/\/www.zoko.ro\/","name":"ZOKO.ro","description":"Cump\u0103r\u0103 inteligent","publisher":{"@id":"https:\/\/www.zoko.ro\/#organization"},"potentialAction":[{"@type":"SearchAction","target":{"@type":"EntryPoint","urlTemplate":"https:\/\/www.zoko.ro\/?s={search_term_string}"},"query-input":{"@type":"PropertyValueSpecification","valueRequired":true,"valueName":"search_term_string"}}],"inLanguage":"en-GB"},{"@type":"Organization","@id":"https:\/\/www.zoko.ro\/#organization","name":"ZOKO","url":"https:\/\/www.zoko.ro\/","logo":{"@type":"ImageObject","inLanguage":"en-GB","@id":"https:\/\/www.zoko.ro\/#\/schema\/logo\/image\/","url":"https:\/\/www.zoko.ro\/wp-content\/uploads\/2025\/03\/logo1.svg","contentUrl":"https:\/\/www.zoko.ro\/wp-content\/uploads\/2025\/03\/logo1.svg","width":799,"height":216,"caption":"ZOKO"},"image":{"@id":"https:\/\/www.zoko.ro\/#\/schema\/logo\/image\/"},"sameAs":["https:\/\/www.facebook.com\/profile.php?id=61584344135075"]}]}},"_links":{"self":[{"href":"https:\/\/www.zoko.ro\/en\/wp-json\/wp\/v2\/product\/8649","targetHints":{"allow":["GET"]}}],"collection":[{"href":"https:\/\/www.zoko.ro\/en\/wp-json\/wp\/v2\/product"}],"about":[{"href":"https:\/\/www.zoko.ro\/en\/wp-json\/wp\/v2\/types\/product"}],"replies":[{"embeddable":true,"href":"https:\/\/www.zoko.ro\/en\/wp-json\/wp\/v2\/comments?post=8649"}],"version-history":[{"count":1,"href":"https:\/\/www.zoko.ro\/en\/wp-json\/wp\/v2\/product\/8649\/revisions"}],"predecessor-version":[{"id":8650,"href":"https:\/\/www.zoko.ro\/en\/wp-json\/wp\/v2\/product\/8649\/revisions\/8650"}],"wp:featuredmedia":[{"embeddable":true,"href":"https:\/\/www.zoko.ro\/en\/wp-json\/wp\/v2\/media\/8651"}],"wp:attachment":[{"href":"https:\/\/www.zoko.ro\/en\/wp-json\/wp\/v2\/media?parent=8649"}],"wp:term":[{"taxonomy":"product_brand","embeddable":true,"href":"https:\/\/www.zoko.ro\/en\/wp-json\/wp\/v2\/product_brand?post=8649"},{"taxonomy":"product_cat","embeddable":true,"href":"https:\/\/www.zoko.ro\/en\/wp-json\/wp\/v2\/product_cat?post=8649"},{"taxonomy":"product_tag","embeddable":true,"href":"https:\/\/www.zoko.ro\/en\/wp-json\/wp\/v2\/product_tag?post=8649"}],"curies":[{"name":"wp","href":"https:\/\/api.w.org\/{rel}","templated":true}]}}