{"id":8684,"date":"2026-04-28T23:28:22","date_gmt":"2026-04-28T21:28:22","guid":{"rendered":"https:\/\/www.zoko.ro\/p\/geanta-pliabila-cu-roti-tip-troler-gonga-2\/"},"modified":"2026-04-28T23:28:22","modified_gmt":"2026-04-28T21:28:22","slug":"geanta-pliabila-cu-roti-tip-troler-gonga-2","status":"publish","type":"product","link":"https:\/\/www.zoko.ro\/en\/p\/geanta-pliabila-cu-roti-tip-troler-gonga-2\/","title":{"rendered":"Geanta pliabila cu roti, tip troler, Gonga\u00ae"},"content":{"rendered":"<p><strong>Culoare:<\/strong> Negru<\/p>\n<p>O geant\u0103 de cump\u0103r\u0103turi pliabil\u0103 este un ajutor nepre\u021buit \u00een cump\u0103r\u0103turile de zi cu zi!\u00a0<\/p>\n<\/p>\n<p>Dotata cu ro\u021bi, picioare confortabile \u0219i un m\u00e2ner, devine un c\u0103rucior de cump\u0103r\u0103turi excelent care faciliteaz\u0103 transportul cump\u0103r\u0103turilor grele acas\u0103 \u0219i ne u\u0219ureaz\u0103 coloana vertebral\u0103!\u00a0<\/p>\n<\/p>\n<p>Geanta este extrem de usoara si compacta.\u00a0<\/p>\n<\/p>\n<p>Poate fi pliata \u0219i desf\u0103\u0219urata cu u\u0219urin\u021b\u0103.\u00a0<\/p>\n<\/p>\n<p>Un design bine g\u00e2ndit v\u0103 permite s\u0103-i schimba\u021bi \u00een\u0103l\u021bimea prin ata\u0219area \u0219i desfacerea segmentelor ulterioare, \u00eel pute\u021bi adapta cu u\u0219urin\u021b\u0103 nevoilor dumneavoastr\u0103!<\/p>\n<\/p>\n<p>Caracteristicile produsului:<\/p>\n<\/p>\n<p>&#8211; Geant\u0103 de cump\u0103r\u0103turi \/ c\u0103rucior conceput pentru doamne. Echipat cu ro\u021bi solide, care v\u0103 vor u\u0219ura semnificativ coloana vertebral\u0103 \u0219i v\u0103 vor face mai u\u0219or s\u0103 transporta\u021bi cump\u0103r\u0103turile grele acas\u0103.<\/p>\n<p>&#8211; Geanta pe roti practica si stilata &#8211; extrem de practica!<\/p>\n<p>&#8211; Este pliabila, a\u0219a c\u0103 ocup\u0103 pu\u021bin spa\u021biu &#8211; \u00eel po\u021bi avea oric\u00e2nd cu tine.<\/p>\n<p>&#8211; Posibilitatea de marire si micsorare &#8211; printr-un fermoar, mergi la cumparaturi, nu este nevoie sa ai la tine o geanta mare, voluminoasa, ci doar reglezi dimensiunea acestei genti la nevoile tale curente.<\/p>\n<p>&#8211; Geanta este stabil\u0103 \u0219i u\u0219oar\u0103, u\u0219or de pliat \u0219i desf\u0103\u0219urat, ro\u021bile stabile \u0219i puternice rezist\u0103 la sarcini grele.<\/p>\n<p>&#8211; Fabricat din material rezistent, impermeabil, foarte u\u0219or de cur\u0103\u021bat.<\/p>\n<p>&#8211; Folosind o pung\u0103 de cump\u0103r\u0103turi reutilizabil\u0103 protejezi mediul!<\/p>\n<\/p>\n<p>Specifica\u021bie:<\/p>\n<\/p>\n<p>&#8211; Material: plastic<\/p>\n<p>&#8211; Poate fi scurtat \u0219i extins la \u00een\u0103l\u021bimea dorit\u0103!<\/p>\n<p>&#8211; Dimensiuni: pliat (pentru transport): 40 cm x 17 cm x 5 cm<\/p>\n<p>&#8211; Geanta: 48 cm (maximum scurtat 30) x 27 cm x 15 cm<\/p>\n<p>&#8211; Inaltime geanta cu roti: 57 cm + 25 cm maner<\/p>\n<p>&#8211; Culoarea gentii: albastru<\/p>","protected":false},"excerpt":{"rendered":"<p>Culoare: Negru O geant\u0103 de cump\u0103r\u0103turi pliabil\u0103 este un ajutor nepre\u021buit \u00een cump\u0103r\u0103turile de zi cu zi!\u00a0 Dotata cu ro\u021bi,<\/p>","protected":false},"featured_media":8686,"comment_status":"open","ping_status":"open","template":"","meta":[],"product_brand":[],"product_cat":[99,106,124],"product_tag":[104],"class_list":{"0":"post-8684","1":"product","2":"type-product","3":"status-publish","4":"has-post-thumbnail","6":"product_cat-acasa","7":"product_cat-fashion-accesorii","8":"product_cat-genti","9":"product_tag-in-stoc","10":"pa_culoare-negru","12":"first","13":"instock","14":"sale","15":"purchasable","16":"product-type-simple"},"yoast_head":"<!-- This site is optimized with the Yoast SEO plugin v27.2 - https:\/\/yoast.com\/product\/yoast-seo-wordpress\/ -->\n<title>Geanta pliabila cu roti, tip troler, Gonga\u00ae | ZOKO<\/title>\n<meta name=\"robots\" content=\"index, follow, max-snippet:-1, max-image-preview:large, max-video-preview:-1\" \/>\n<link rel=\"canonical\" href=\"https:\/\/www.zoko.ro\/en\/p\/geanta-pliabila-cu-roti-tip-troler-gonga-2\/\" \/>\n<meta property=\"og:locale\" content=\"en_GB\" \/>\n<meta property=\"og:type\" content=\"article\" \/>\n<meta property=\"og:title\" content=\"Geanta pliabila cu roti, tip troler, Gonga\u00ae | ZOKO\" \/>\n<meta property=\"og:description\" content=\"Culoare: Negru O geant\u0103 de cump\u0103r\u0103turi pliabil\u0103 este un ajutor nepre\u021buit \u00een cump\u0103r\u0103turile de zi cu zi!\u00a0 Dotata cu ro\u021bi,\" \/>\n<meta property=\"og:url\" content=\"https:\/\/www.zoko.ro\/en\/p\/geanta-pliabila-cu-roti-tip-troler-gonga-2\/\" \/>\n<meta property=\"og:site_name\" content=\"ZOKO\" \/>\n<meta property=\"article:publisher\" content=\"https:\/\/www.facebook.com\/profile.php?id=61584344135075\" \/>\n<meta property=\"og:image\" content=\"https:\/\/www.zoko.ro\/wp-content\/uploads\/2025\/03\/geanta-pliabila-cu-roti-tip-troler-gonga-1-3.jpg\" \/>\n\t<meta property=\"og:image:width\" content=\"1200\" \/>\n\t<meta property=\"og:image:height\" content=\"1200\" \/>\n\t<meta property=\"og:image:type\" content=\"image\/jpeg\" \/>\n<meta name=\"twitter:card\" content=\"summary_large_image\" \/>\n<meta name=\"twitter:label1\" content=\"Estimated reading time\" \/>\n\t<meta name=\"twitter:data1\" content=\"1 minute\" \/>\n<script type=\"application\/ld+json\" class=\"yoast-schema-graph\">{\"@context\":\"https:\/\/schema.org\",\"@graph\":[{\"@type\":\"WebPage\",\"@id\":\"https:\/\/www.zoko.ro\/p\/geanta-pliabila-cu-roti-tip-troler-gonga-2\/\",\"url\":\"https:\/\/www.zoko.ro\/p\/geanta-pliabila-cu-roti-tip-troler-gonga-2\/\",\"name\":\"Geanta pliabila cu roti, tip troler, Gonga\u00ae | ZOKO\",\"isPartOf\":{\"@id\":\"https:\/\/www.zoko.ro\/#website\"},\"primaryImageOfPage\":{\"@id\":\"https:\/\/www.zoko.ro\/p\/geanta-pliabila-cu-roti-tip-troler-gonga-2\/#primaryimage\"},\"image\":{\"@id\":\"https:\/\/www.zoko.ro\/p\/geanta-pliabila-cu-roti-tip-troler-gonga-2\/#primaryimage\"},\"thumbnailUrl\":\"https:\/\/www.zoko.ro\/wp-content\/uploads\/2025\/03\/geanta-pliabila-cu-roti-tip-troler-gonga-1-3.jpg\",\"datePublished\":\"2026-04-28T21:28:22+00:00\",\"breadcrumb\":{\"@id\":\"https:\/\/www.zoko.ro\/p\/geanta-pliabila-cu-roti-tip-troler-gonga-2\/#breadcrumb\"},\"inLanguage\":\"en-GB\",\"potentialAction\":[{\"@type\":\"ReadAction\",\"target\":[\"https:\/\/www.zoko.ro\/p\/geanta-pliabila-cu-roti-tip-troler-gonga-2\/\"]}]},{\"@type\":\"ImageObject\",\"inLanguage\":\"en-GB\",\"@id\":\"https:\/\/www.zoko.ro\/p\/geanta-pliabila-cu-roti-tip-troler-gonga-2\/#primaryimage\",\"url\":\"https:\/\/www.zoko.ro\/wp-content\/uploads\/2025\/03\/geanta-pliabila-cu-roti-tip-troler-gonga-1-3.jpg\",\"contentUrl\":\"https:\/\/www.zoko.ro\/wp-content\/uploads\/2025\/03\/geanta-pliabila-cu-roti-tip-troler-gonga-1-3.jpg\",\"width\":1200,\"height\":1200},{\"@type\":\"BreadcrumbList\",\"@id\":\"https:\/\/www.zoko.ro\/p\/geanta-pliabila-cu-roti-tip-troler-gonga-2\/#breadcrumb\",\"itemListElement\":[{\"@type\":\"ListItem\",\"position\":1,\"name\":\"Home\",\"item\":\"https:\/\/www.zoko.ro\/\"},{\"@type\":\"ListItem\",\"position\":2,\"name\":\"Magazin\",\"item\":\"https:\/\/www.zoko.ro\/magazin\/\"},{\"@type\":\"ListItem\",\"position\":3,\"name\":\"Geanta pliabila cu roti, tip troler, Gonga\u00ae\"}]},{\"@type\":\"WebSite\",\"@id\":\"https:\/\/www.zoko.ro\/#website\",\"url\":\"https:\/\/www.zoko.ro\/\",\"name\":\"ZOKO.ro\",\"description\":\"Cump\u0103r\u0103 inteligent\",\"publisher\":{\"@id\":\"https:\/\/www.zoko.ro\/#organization\"},\"potentialAction\":[{\"@type\":\"SearchAction\",\"target\":{\"@type\":\"EntryPoint\",\"urlTemplate\":\"https:\/\/www.zoko.ro\/?s={search_term_string}\"},\"query-input\":{\"@type\":\"PropertyValueSpecification\",\"valueRequired\":true,\"valueName\":\"search_term_string\"}}],\"inLanguage\":\"en-GB\"},{\"@type\":\"Organization\",\"@id\":\"https:\/\/www.zoko.ro\/#organization\",\"name\":\"ZOKO\",\"url\":\"https:\/\/www.zoko.ro\/\",\"logo\":{\"@type\":\"ImageObject\",\"inLanguage\":\"en-GB\",\"@id\":\"https:\/\/www.zoko.ro\/#\/schema\/logo\/image\/\",\"url\":\"https:\/\/www.zoko.ro\/wp-content\/uploads\/2025\/03\/logo1.svg\",\"contentUrl\":\"https:\/\/www.zoko.ro\/wp-content\/uploads\/2025\/03\/logo1.svg\",\"width\":799,\"height\":216,\"caption\":\"ZOKO\"},\"image\":{\"@id\":\"https:\/\/www.zoko.ro\/#\/schema\/logo\/image\/\"},\"sameAs\":[\"https:\/\/www.facebook.com\/profile.php?id=61584344135075\"]}]}<\/script>\n<!-- \/ Yoast SEO plugin. -->","yoast_head_json":{"title":"Geanta pliabila cu roti, tip troler, Gonga\u00ae | ZOKO","robots":{"index":"index","follow":"follow","max-snippet":"max-snippet:-1","max-image-preview":"max-image-preview:large","max-video-preview":"max-video-preview:-1"},"canonical":"https:\/\/www.zoko.ro\/en\/p\/geanta-pliabila-cu-roti-tip-troler-gonga-2\/","og_locale":"en_GB","og_type":"article","og_title":"Geanta pliabila cu roti, tip troler, Gonga\u00ae | ZOKO","og_description":"Culoare: Negru O geant\u0103 de cump\u0103r\u0103turi pliabil\u0103 este un ajutor nepre\u021buit \u00een cump\u0103r\u0103turile de zi cu zi!\u00a0 Dotata cu ro\u021bi,","og_url":"https:\/\/www.zoko.ro\/en\/p\/geanta-pliabila-cu-roti-tip-troler-gonga-2\/","og_site_name":"ZOKO","article_publisher":"https:\/\/www.facebook.com\/profile.php?id=61584344135075","og_image":[{"width":1200,"height":1200,"url":"https:\/\/www.zoko.ro\/wp-content\/uploads\/2025\/03\/geanta-pliabila-cu-roti-tip-troler-gonga-1-3.jpg","type":"image\/jpeg"}],"twitter_card":"summary_large_image","twitter_misc":{"Estimated reading time":"1 minute"},"schema":{"@context":"https:\/\/schema.org","@graph":[{"@type":"WebPage","@id":"https:\/\/www.zoko.ro\/p\/geanta-pliabila-cu-roti-tip-troler-gonga-2\/","url":"https:\/\/www.zoko.ro\/p\/geanta-pliabila-cu-roti-tip-troler-gonga-2\/","name":"Geanta pliabila cu roti, tip troler, Gonga\u00ae | ZOKO","isPartOf":{"@id":"https:\/\/www.zoko.ro\/#website"},"primaryImageOfPage":{"@id":"https:\/\/www.zoko.ro\/p\/geanta-pliabila-cu-roti-tip-troler-gonga-2\/#primaryimage"},"image":{"@id":"https:\/\/www.zoko.ro\/p\/geanta-pliabila-cu-roti-tip-troler-gonga-2\/#primaryimage"},"thumbnailUrl":"https:\/\/www.zoko.ro\/wp-content\/uploads\/2025\/03\/geanta-pliabila-cu-roti-tip-troler-gonga-1-3.jpg","datePublished":"2026-04-28T21:28:22+00:00","breadcrumb":{"@id":"https:\/\/www.zoko.ro\/p\/geanta-pliabila-cu-roti-tip-troler-gonga-2\/#breadcrumb"},"inLanguage":"en-GB","potentialAction":[{"@type":"ReadAction","target":["https:\/\/www.zoko.ro\/p\/geanta-pliabila-cu-roti-tip-troler-gonga-2\/"]}]},{"@type":"ImageObject","inLanguage":"en-GB","@id":"https:\/\/www.zoko.ro\/p\/geanta-pliabila-cu-roti-tip-troler-gonga-2\/#primaryimage","url":"https:\/\/www.zoko.ro\/wp-content\/uploads\/2025\/03\/geanta-pliabila-cu-roti-tip-troler-gonga-1-3.jpg","contentUrl":"https:\/\/www.zoko.ro\/wp-content\/uploads\/2025\/03\/geanta-pliabila-cu-roti-tip-troler-gonga-1-3.jpg","width":1200,"height":1200},{"@type":"BreadcrumbList","@id":"https:\/\/www.zoko.ro\/p\/geanta-pliabila-cu-roti-tip-troler-gonga-2\/#breadcrumb","itemListElement":[{"@type":"ListItem","position":1,"name":"Home","item":"https:\/\/www.zoko.ro\/"},{"@type":"ListItem","position":2,"name":"Magazin","item":"https:\/\/www.zoko.ro\/magazin\/"},{"@type":"ListItem","position":3,"name":"Geanta pliabila cu roti, tip troler, Gonga\u00ae"}]},{"@type":"WebSite","@id":"https:\/\/www.zoko.ro\/#website","url":"https:\/\/www.zoko.ro\/","name":"ZOKO.ro","description":"Cump\u0103r\u0103 inteligent","publisher":{"@id":"https:\/\/www.zoko.ro\/#organization"},"potentialAction":[{"@type":"SearchAction","target":{"@type":"EntryPoint","urlTemplate":"https:\/\/www.zoko.ro\/?s={search_term_string}"},"query-input":{"@type":"PropertyValueSpecification","valueRequired":true,"valueName":"search_term_string"}}],"inLanguage":"en-GB"},{"@type":"Organization","@id":"https:\/\/www.zoko.ro\/#organization","name":"ZOKO","url":"https:\/\/www.zoko.ro\/","logo":{"@type":"ImageObject","inLanguage":"en-GB","@id":"https:\/\/www.zoko.ro\/#\/schema\/logo\/image\/","url":"https:\/\/www.zoko.ro\/wp-content\/uploads\/2025\/03\/logo1.svg","contentUrl":"https:\/\/www.zoko.ro\/wp-content\/uploads\/2025\/03\/logo1.svg","width":799,"height":216,"caption":"ZOKO"},"image":{"@id":"https:\/\/www.zoko.ro\/#\/schema\/logo\/image\/"},"sameAs":["https:\/\/www.facebook.com\/profile.php?id=61584344135075"]}]}},"_links":{"self":[{"href":"https:\/\/www.zoko.ro\/en\/wp-json\/wp\/v2\/product\/8684","targetHints":{"allow":["GET"]}}],"collection":[{"href":"https:\/\/www.zoko.ro\/en\/wp-json\/wp\/v2\/product"}],"about":[{"href":"https:\/\/www.zoko.ro\/en\/wp-json\/wp\/v2\/types\/product"}],"replies":[{"embeddable":true,"href":"https:\/\/www.zoko.ro\/en\/wp-json\/wp\/v2\/comments?post=8684"}],"version-history":[{"count":1,"href":"https:\/\/www.zoko.ro\/en\/wp-json\/wp\/v2\/product\/8684\/revisions"}],"predecessor-version":[{"id":8685,"href":"https:\/\/www.zoko.ro\/en\/wp-json\/wp\/v2\/product\/8684\/revisions\/8685"}],"wp:featuredmedia":[{"embeddable":true,"href":"https:\/\/www.zoko.ro\/en\/wp-json\/wp\/v2\/media\/8686"}],"wp:attachment":[{"href":"https:\/\/www.zoko.ro\/en\/wp-json\/wp\/v2\/media?parent=8684"}],"wp:term":[{"taxonomy":"product_brand","embeddable":true,"href":"https:\/\/www.zoko.ro\/en\/wp-json\/wp\/v2\/product_brand?post=8684"},{"taxonomy":"product_cat","embeddable":true,"href":"https:\/\/www.zoko.ro\/en\/wp-json\/wp\/v2\/product_cat?post=8684"},{"taxonomy":"product_tag","embeddable":true,"href":"https:\/\/www.zoko.ro\/en\/wp-json\/wp\/v2\/product_tag?post=8684"}],"curies":[{"name":"wp","href":"https:\/\/api.w.org\/{rel}","templated":true}]}}