{"id":8840,"date":"2026-04-28T23:28:35","date_gmt":"2026-04-28T21:28:35","guid":{"rendered":"https:\/\/www.zoko.ro\/p\/periuta-de-dinti-sonica-electrica-pentru-copii-gonga\/"},"modified":"2026-04-28T23:28:35","modified_gmt":"2026-04-28T21:28:35","slug":"periuta-de-dinti-sonica-electrica-pentru-copii-gonga","status":"publish","type":"product","link":"https:\/\/www.zoko.ro\/en\/p\/periuta-de-dinti-sonica-electrica-pentru-copii-gonga\/","title":{"rendered":"Periuta de dinti sonica electrica pentru copii, Gonga\u00ae"},"content":{"rendered":"<p><strong>Culoare:<\/strong> Albastru<\/p>\n<p>Periuta de dinti sonica electrica pentru copii.\u00a0<\/p>\n<\/p>\n<p>Echipata cu un cap de cur\u0103\u021bare \u00een form\u0103 de U care va cur\u0103\u021ba temeinic din\u021bii \u0219i gingiile bebelu\u0219ului.\u00a0<\/p>\n<\/p>\n<p>Frecventa de operare si forma capului au fost ajustate pentru a asigura deplina siguranta copilului, fara riscul de a deteriora gingiile sau smaltul.\u00a0<\/p>\n<\/p>\n<p>Trei moduri de func\u021bionare v\u0103 permit s\u0103 alege\u021bi cea mai bun\u0103 metod\u0103 de cur\u0103\u021bare \u00een func\u021bie de nevoile dvs.\u00a0<\/p>\n<\/p>\n<p>Timpul de func\u021bionare a fost setat automat la 45 de secunde, ceea ce este suficient pentru un ciclu complet de cur\u0103\u021bare.\u00a0<\/p>\n<\/p>\n<p>Peria este sterilizat\u0103 cu lumin\u0103 UV, ceea ce asigur\u0103 un nivel adecvat de igien\u0103.\u00a0<\/p>\n<\/p>\n<p>Carcasa este realizat\u0103 din material impermeabil, care previne deteriorarea din cauza stropirii.\u00a0<\/p>\n<\/p>\n<p>Baterie re\u00eenc\u0103rcabil\u0103 \u00eencorporat\u0103, \u00eenc\u0103rcat\u0103 cu un cablu USB.<\/p>\n<\/p>\n<p>NOT\u0102: Produsul este destinat copiilor de la 2 ani.<\/p>\n<\/p>\n<p>Caracteristicile produsului:<\/p>\n<\/p>\n<p>&#8211; Periuta de dinti sonica electrica pentru copii.<\/p>\n<p>&#8211; Echipat cu un cap de cur\u0103\u021bare \u00een form\u0103 de U care va cur\u0103\u021ba temeinic din\u021bii \u0219i gingiile bebelu\u0219ului.<\/p>\n<p>&#8211; Trei moduri de operare faciliteaz\u0103 alegerea celei mai bune metode de cur\u0103\u021bare \u00een func\u021bie de nevoile dumneavoastr\u0103.<\/p>\n<p>&#8211; Oprire automat\u0103 dup\u0103 un ciclu de cur\u0103\u021bare (45 de secunde de func\u021bionare).<\/p>\n<p>&#8211; Func\u021bia de sterilizare cu lumin\u0103 UV asigur\u0103 un nivel adecvat de igien\u0103.<\/p>\n<p>&#8211; Carcasa impermeabil\u0103 previne deteriorarea \u00een caz de stropire.<\/p>\n<p>&#8211; Baterie re\u00eenc\u0103rcabil\u0103 \u00eencorporat\u0103, \u00eenc\u0103rcat\u0103 prin cablu USB.<\/p>\n<\/p>\n<p>Specifica\u021bie:<\/p>\n<\/p>\n<p>&#8211; Material: plastic<\/p>\n<p>&#8211; Alimentare: baterie re\u00eenc\u0103rcabil\u0103 \u00eencorporat\u0103 (\u00eenc\u0103rcat\u0103 prin USB)<\/p>\n<p>&#8211; Timp de incarcare: 2h<\/p>\n<p>&#8211; Putere: 5W<\/p>\n<p>&#8211; IPX7 rezistent la apa<\/p>\n<p>&#8211; Func\u021bie de sterilizare cu lumin\u0103 UV<\/p>\n<p>&#8211; Timp de lucru \/ oprire automat\u0103: dup\u0103 45 de secunde<\/p>\n<p>&#8211; Periaj temeinic: 360 \u00b0<\/p>\n<p>&#8211; Frecven\u021ba de lucru: 24.000 rpm<\/p>\n<p>&#8211; 3 moduri de lucru: masaj bl\u00e2nd, cur\u0103\u021bare delicat\u0103, cur\u0103\u021bare profund\u0103<\/p>\n<p>&#8211; Dimensiuni (perie): 10,6 cm x 5,1 cm x 4,4 cm<\/p>\n<p>&#8211; Dimensiuni (cap de curatare): 4,5 cm x 3,6 cm x 1,2 cm<\/p>","protected":false},"excerpt":{"rendered":"<p>Culoare: Albastru Periuta de dinti sonica electrica pentru copii.\u00a0 Echipata cu un cap de cur\u0103\u021bare \u00een form\u0103 de U care<\/p>","protected":false},"featured_media":8842,"comment_status":"open","ping_status":"open","template":"","meta":[],"product_brand":[],"product_cat":[99,120,114],"product_tag":[104],"class_list":{"0":"post-8840","1":"product","2":"type-product","3":"status-publish","4":"has-post-thumbnail","6":"product_cat-acasa","7":"product_cat-igiena-dentara","8":"product_cat-ingrijire-personala-cosmetice","9":"product_tag-in-stoc","10":"pa_culoare-albastru","12":"first","13":"instock","14":"sale","15":"purchasable","16":"product-type-simple"},"yoast_head":"<!-- This site is optimized with the Yoast SEO plugin v27.2 - https:\/\/yoast.com\/product\/yoast-seo-wordpress\/ -->\n<title>Periuta de dinti sonica electrica pentru copii, Gonga\u00ae | ZOKO<\/title>\n<meta name=\"robots\" content=\"index, follow, max-snippet:-1, max-image-preview:large, max-video-preview:-1\" \/>\n<link rel=\"canonical\" href=\"https:\/\/www.zoko.ro\/en\/p\/periuta-de-dinti-sonica-electrica-pentru-copii-gonga\/\" \/>\n<meta property=\"og:locale\" content=\"en_GB\" \/>\n<meta property=\"og:type\" content=\"article\" \/>\n<meta property=\"og:title\" content=\"Periuta de dinti sonica electrica pentru copii, Gonga\u00ae | ZOKO\" \/>\n<meta property=\"og:description\" content=\"Culoare: Albastru Periuta de dinti sonica electrica pentru copii.\u00a0 Echipata cu un cap de cur\u0103\u021bare \u00een form\u0103 de U care\" \/>\n<meta property=\"og:url\" content=\"https:\/\/www.zoko.ro\/en\/p\/periuta-de-dinti-sonica-electrica-pentru-copii-gonga\/\" \/>\n<meta property=\"og:site_name\" content=\"ZOKO\" \/>\n<meta property=\"article:publisher\" content=\"https:\/\/www.facebook.com\/profile.php?id=61584344135075\" \/>\n<meta property=\"og:image\" content=\"https:\/\/www.zoko.ro\/wp-content\/uploads\/2025\/03\/periuta-de-dinti-sonica-electrica-pentru-copii-gonga.jpg\" \/>\n\t<meta property=\"og:image:width\" content=\"1122\" \/>\n\t<meta property=\"og:image:height\" content=\"1200\" \/>\n\t<meta property=\"og:image:type\" content=\"image\/jpeg\" \/>\n<meta name=\"twitter:card\" content=\"summary_large_image\" \/>\n<meta name=\"twitter:label1\" content=\"Estimated reading time\" \/>\n\t<meta name=\"twitter:data1\" content=\"2 minutes\" \/>\n<script type=\"application\/ld+json\" class=\"yoast-schema-graph\">{\"@context\":\"https:\/\/schema.org\",\"@graph\":[{\"@type\":\"WebPage\",\"@id\":\"https:\/\/www.zoko.ro\/p\/periuta-de-dinti-sonica-electrica-pentru-copii-gonga\/\",\"url\":\"https:\/\/www.zoko.ro\/p\/periuta-de-dinti-sonica-electrica-pentru-copii-gonga\/\",\"name\":\"Periuta de dinti sonica electrica pentru copii, Gonga\u00ae | ZOKO\",\"isPartOf\":{\"@id\":\"https:\/\/www.zoko.ro\/#website\"},\"primaryImageOfPage\":{\"@id\":\"https:\/\/www.zoko.ro\/p\/periuta-de-dinti-sonica-electrica-pentru-copii-gonga\/#primaryimage\"},\"image\":{\"@id\":\"https:\/\/www.zoko.ro\/p\/periuta-de-dinti-sonica-electrica-pentru-copii-gonga\/#primaryimage\"},\"thumbnailUrl\":\"https:\/\/www.zoko.ro\/wp-content\/uploads\/2025\/03\/periuta-de-dinti-sonica-electrica-pentru-copii-gonga.jpg\",\"datePublished\":\"2026-04-28T21:28:35+00:00\",\"breadcrumb\":{\"@id\":\"https:\/\/www.zoko.ro\/p\/periuta-de-dinti-sonica-electrica-pentru-copii-gonga\/#breadcrumb\"},\"inLanguage\":\"en-GB\",\"potentialAction\":[{\"@type\":\"ReadAction\",\"target\":[\"https:\/\/www.zoko.ro\/p\/periuta-de-dinti-sonica-electrica-pentru-copii-gonga\/\"]}]},{\"@type\":\"ImageObject\",\"inLanguage\":\"en-GB\",\"@id\":\"https:\/\/www.zoko.ro\/p\/periuta-de-dinti-sonica-electrica-pentru-copii-gonga\/#primaryimage\",\"url\":\"https:\/\/www.zoko.ro\/wp-content\/uploads\/2025\/03\/periuta-de-dinti-sonica-electrica-pentru-copii-gonga.jpg\",\"contentUrl\":\"https:\/\/www.zoko.ro\/wp-content\/uploads\/2025\/03\/periuta-de-dinti-sonica-electrica-pentru-copii-gonga.jpg\",\"width\":1122,\"height\":1200},{\"@type\":\"BreadcrumbList\",\"@id\":\"https:\/\/www.zoko.ro\/p\/periuta-de-dinti-sonica-electrica-pentru-copii-gonga\/#breadcrumb\",\"itemListElement\":[{\"@type\":\"ListItem\",\"position\":1,\"name\":\"Home\",\"item\":\"https:\/\/www.zoko.ro\/\"},{\"@type\":\"ListItem\",\"position\":2,\"name\":\"Magazin\",\"item\":\"https:\/\/www.zoko.ro\/magazin\/\"},{\"@type\":\"ListItem\",\"position\":3,\"name\":\"Periuta de dinti sonica electrica pentru copii, Gonga\u00ae\"}]},{\"@type\":\"WebSite\",\"@id\":\"https:\/\/www.zoko.ro\/#website\",\"url\":\"https:\/\/www.zoko.ro\/\",\"name\":\"ZOKO.ro\",\"description\":\"Cump\u0103r\u0103 inteligent\",\"publisher\":{\"@id\":\"https:\/\/www.zoko.ro\/#organization\"},\"potentialAction\":[{\"@type\":\"SearchAction\",\"target\":{\"@type\":\"EntryPoint\",\"urlTemplate\":\"https:\/\/www.zoko.ro\/?s={search_term_string}\"},\"query-input\":{\"@type\":\"PropertyValueSpecification\",\"valueRequired\":true,\"valueName\":\"search_term_string\"}}],\"inLanguage\":\"en-GB\"},{\"@type\":\"Organization\",\"@id\":\"https:\/\/www.zoko.ro\/#organization\",\"name\":\"ZOKO\",\"url\":\"https:\/\/www.zoko.ro\/\",\"logo\":{\"@type\":\"ImageObject\",\"inLanguage\":\"en-GB\",\"@id\":\"https:\/\/www.zoko.ro\/#\/schema\/logo\/image\/\",\"url\":\"https:\/\/www.zoko.ro\/wp-content\/uploads\/2025\/03\/logo1.svg\",\"contentUrl\":\"https:\/\/www.zoko.ro\/wp-content\/uploads\/2025\/03\/logo1.svg\",\"width\":799,\"height\":216,\"caption\":\"ZOKO\"},\"image\":{\"@id\":\"https:\/\/www.zoko.ro\/#\/schema\/logo\/image\/\"},\"sameAs\":[\"https:\/\/www.facebook.com\/profile.php?id=61584344135075\"]}]}<\/script>\n<!-- \/ Yoast SEO plugin. -->","yoast_head_json":{"title":"Periuta de dinti sonica electrica pentru copii, Gonga\u00ae | ZOKO","robots":{"index":"index","follow":"follow","max-snippet":"max-snippet:-1","max-image-preview":"max-image-preview:large","max-video-preview":"max-video-preview:-1"},"canonical":"https:\/\/www.zoko.ro\/en\/p\/periuta-de-dinti-sonica-electrica-pentru-copii-gonga\/","og_locale":"en_GB","og_type":"article","og_title":"Periuta de dinti sonica electrica pentru copii, Gonga\u00ae | ZOKO","og_description":"Culoare: Albastru Periuta de dinti sonica electrica pentru copii.\u00a0 Echipata cu un cap de cur\u0103\u021bare \u00een form\u0103 de U care","og_url":"https:\/\/www.zoko.ro\/en\/p\/periuta-de-dinti-sonica-electrica-pentru-copii-gonga\/","og_site_name":"ZOKO","article_publisher":"https:\/\/www.facebook.com\/profile.php?id=61584344135075","og_image":[{"width":1122,"height":1200,"url":"https:\/\/www.zoko.ro\/wp-content\/uploads\/2025\/03\/periuta-de-dinti-sonica-electrica-pentru-copii-gonga.jpg","type":"image\/jpeg"}],"twitter_card":"summary_large_image","twitter_misc":{"Estimated reading time":"2 minutes"},"schema":{"@context":"https:\/\/schema.org","@graph":[{"@type":"WebPage","@id":"https:\/\/www.zoko.ro\/p\/periuta-de-dinti-sonica-electrica-pentru-copii-gonga\/","url":"https:\/\/www.zoko.ro\/p\/periuta-de-dinti-sonica-electrica-pentru-copii-gonga\/","name":"Periuta de dinti sonica electrica pentru copii, Gonga\u00ae | ZOKO","isPartOf":{"@id":"https:\/\/www.zoko.ro\/#website"},"primaryImageOfPage":{"@id":"https:\/\/www.zoko.ro\/p\/periuta-de-dinti-sonica-electrica-pentru-copii-gonga\/#primaryimage"},"image":{"@id":"https:\/\/www.zoko.ro\/p\/periuta-de-dinti-sonica-electrica-pentru-copii-gonga\/#primaryimage"},"thumbnailUrl":"https:\/\/www.zoko.ro\/wp-content\/uploads\/2025\/03\/periuta-de-dinti-sonica-electrica-pentru-copii-gonga.jpg","datePublished":"2026-04-28T21:28:35+00:00","breadcrumb":{"@id":"https:\/\/www.zoko.ro\/p\/periuta-de-dinti-sonica-electrica-pentru-copii-gonga\/#breadcrumb"},"inLanguage":"en-GB","potentialAction":[{"@type":"ReadAction","target":["https:\/\/www.zoko.ro\/p\/periuta-de-dinti-sonica-electrica-pentru-copii-gonga\/"]}]},{"@type":"ImageObject","inLanguage":"en-GB","@id":"https:\/\/www.zoko.ro\/p\/periuta-de-dinti-sonica-electrica-pentru-copii-gonga\/#primaryimage","url":"https:\/\/www.zoko.ro\/wp-content\/uploads\/2025\/03\/periuta-de-dinti-sonica-electrica-pentru-copii-gonga.jpg","contentUrl":"https:\/\/www.zoko.ro\/wp-content\/uploads\/2025\/03\/periuta-de-dinti-sonica-electrica-pentru-copii-gonga.jpg","width":1122,"height":1200},{"@type":"BreadcrumbList","@id":"https:\/\/www.zoko.ro\/p\/periuta-de-dinti-sonica-electrica-pentru-copii-gonga\/#breadcrumb","itemListElement":[{"@type":"ListItem","position":1,"name":"Home","item":"https:\/\/www.zoko.ro\/"},{"@type":"ListItem","position":2,"name":"Magazin","item":"https:\/\/www.zoko.ro\/magazin\/"},{"@type":"ListItem","position":3,"name":"Periuta de dinti sonica electrica pentru copii, Gonga\u00ae"}]},{"@type":"WebSite","@id":"https:\/\/www.zoko.ro\/#website","url":"https:\/\/www.zoko.ro\/","name":"ZOKO.ro","description":"Cump\u0103r\u0103 inteligent","publisher":{"@id":"https:\/\/www.zoko.ro\/#organization"},"potentialAction":[{"@type":"SearchAction","target":{"@type":"EntryPoint","urlTemplate":"https:\/\/www.zoko.ro\/?s={search_term_string}"},"query-input":{"@type":"PropertyValueSpecification","valueRequired":true,"valueName":"search_term_string"}}],"inLanguage":"en-GB"},{"@type":"Organization","@id":"https:\/\/www.zoko.ro\/#organization","name":"ZOKO","url":"https:\/\/www.zoko.ro\/","logo":{"@type":"ImageObject","inLanguage":"en-GB","@id":"https:\/\/www.zoko.ro\/#\/schema\/logo\/image\/","url":"https:\/\/www.zoko.ro\/wp-content\/uploads\/2025\/03\/logo1.svg","contentUrl":"https:\/\/www.zoko.ro\/wp-content\/uploads\/2025\/03\/logo1.svg","width":799,"height":216,"caption":"ZOKO"},"image":{"@id":"https:\/\/www.zoko.ro\/#\/schema\/logo\/image\/"},"sameAs":["https:\/\/www.facebook.com\/profile.php?id=61584344135075"]}]}},"_links":{"self":[{"href":"https:\/\/www.zoko.ro\/en\/wp-json\/wp\/v2\/product\/8840","targetHints":{"allow":["GET"]}}],"collection":[{"href":"https:\/\/www.zoko.ro\/en\/wp-json\/wp\/v2\/product"}],"about":[{"href":"https:\/\/www.zoko.ro\/en\/wp-json\/wp\/v2\/types\/product"}],"replies":[{"embeddable":true,"href":"https:\/\/www.zoko.ro\/en\/wp-json\/wp\/v2\/comments?post=8840"}],"version-history":[{"count":1,"href":"https:\/\/www.zoko.ro\/en\/wp-json\/wp\/v2\/product\/8840\/revisions"}],"predecessor-version":[{"id":8841,"href":"https:\/\/www.zoko.ro\/en\/wp-json\/wp\/v2\/product\/8840\/revisions\/8841"}],"wp:featuredmedia":[{"embeddable":true,"href":"https:\/\/www.zoko.ro\/en\/wp-json\/wp\/v2\/media\/8842"}],"wp:attachment":[{"href":"https:\/\/www.zoko.ro\/en\/wp-json\/wp\/v2\/media?parent=8840"}],"wp:term":[{"taxonomy":"product_brand","embeddable":true,"href":"https:\/\/www.zoko.ro\/en\/wp-json\/wp\/v2\/product_brand?post=8840"},{"taxonomy":"product_cat","embeddable":true,"href":"https:\/\/www.zoko.ro\/en\/wp-json\/wp\/v2\/product_cat?post=8840"},{"taxonomy":"product_tag","embeddable":true,"href":"https:\/\/www.zoko.ro\/en\/wp-json\/wp\/v2\/product_tag?post=8840"}],"curies":[{"name":"wp","href":"https:\/\/api.w.org\/{rel}","templated":true}]}}