{"id":8888,"date":"2026-04-28T23:28:37","date_gmt":"2026-04-28T21:28:37","guid":{"rendered":"https:\/\/www.zoko.ro\/p\/plasa-de-volei-1x95m-gonga\/"},"modified":"2026-04-28T23:28:38","modified_gmt":"2026-04-28T21:28:38","slug":"plasa-de-volei-1x95m-gonga","status":"publish","type":"product","link":"https:\/\/www.zoko.ro\/en\/p\/plasa-de-volei-1x95m-gonga\/","title":{"rendered":"Plasa de volei, 1&#215;9,5m, Gonga\u00ae"},"content":{"rendered":"<p><strong>Culoare:<\/strong> Negru<\/p>\n<p>Plasa retractabila extrem de practica pentru volei + geanta la indemana, dedicata cu fermoar pentru transportul si depozitarea acestuia. Perfect pentru plaja sau curtea din spate, dar si mai profesional &#8211; intr-o sala de sport sau loc de joaca. Plasa poate fi agatata cu succes chiar si intre copaci sau conuri din gradina!<\/p>\n<\/p>\n<p>Caracteristicile produsului:<\/p>\n<\/p>\n<p>&#8211; Plasa de volei puternica! Plasa poate fi \u00eentins\u0103 liber \u00eentre copaci sau st\u00e2lpi de lemn obi\u0219nui\u021bi, ceea ce o face ideal\u0103 pentru un joc recrea\u021bional, de exemplu \u00een gr\u0103din\u0103!<\/p>\n<p>&#8211; Plasa este foarte usor de desfasurat, iar geanta inchisa inclusa in set faciliteaza transportul plasei oriunde. Geanta minimizeaz\u0103, de asemenea, spa\u021biul necesar pentru depozitarea plasei atunci c\u00e2nd nu este utilizat\u0103.<\/p>\n<\/p>\n<p>Specifica\u021bie:<\/p>\n<\/p>\n<p>&#8211; Lungime: 9,5 m<\/p>\n<p>&#8211; L\u0103\u021bime: 1 m<\/p>\n<p>&#8211; Culoarea plasei: negru<\/p>\n<p>&#8211; Greutate cu ambalaj: 600 g<\/p>\n<p>&#8211; Plasa: 13 cm x 13 cm<\/p>\n<p>&#8211; Dimensiuni geanta: 17 cm x 36 cm x 8,5 cm<\/p>\n<p>&#8211; Cablu: o\u021bel, 12 metri lungime (acoperit cu plastic verde)<\/p>","protected":false},"excerpt":{"rendered":"<p>Culoare: Negru Plasa retractabila extrem de practica pentru volei + geanta la indemana, dedicata cu fermoar pentru transportul si depozitarea<\/p>","protected":false},"featured_media":8890,"comment_status":"open","ping_status":"open","template":"","meta":[],"product_brand":[],"product_cat":[99,102],"product_tag":[104],"class_list":{"0":"post-8888","1":"product","2":"type-product","3":"status-publish","4":"has-post-thumbnail","6":"product_cat-acasa","7":"product_cat-sport-activitati-in-aer-liber","8":"product_tag-in-stoc","9":"pa_culoare-negru","11":"first","12":"instock","13":"sale","14":"purchasable","15":"product-type-simple"},"yoast_head":"<!-- This site is optimized with the Yoast SEO plugin v27.2 - https:\/\/yoast.com\/product\/yoast-seo-wordpress\/ -->\n<title>Plasa de volei, 1x9,5m, Gonga\u00ae | ZOKO<\/title>\n<meta name=\"robots\" content=\"index, follow, max-snippet:-1, max-image-preview:large, max-video-preview:-1\" \/>\n<link rel=\"canonical\" href=\"https:\/\/www.zoko.ro\/en\/p\/plasa-de-volei-1x95m-gonga\/\" \/>\n<meta property=\"og:locale\" content=\"en_GB\" \/>\n<meta property=\"og:type\" content=\"article\" \/>\n<meta property=\"og:title\" content=\"Plasa de volei, 1x9,5m, Gonga\u00ae | ZOKO\" \/>\n<meta property=\"og:description\" content=\"Culoare: Negru Plasa retractabila extrem de practica pentru volei + geanta la indemana, dedicata cu fermoar pentru transportul si depozitarea\" \/>\n<meta property=\"og:url\" content=\"https:\/\/www.zoko.ro\/en\/p\/plasa-de-volei-1x95m-gonga\/\" \/>\n<meta property=\"og:site_name\" content=\"ZOKO\" \/>\n<meta property=\"article:publisher\" content=\"https:\/\/www.facebook.com\/profile.php?id=61584344135075\" \/>\n<meta property=\"article:modified_time\" content=\"2026-04-28T21:28:38+00:00\" \/>\n<meta property=\"og:image\" content=\"https:\/\/www.zoko.ro\/wp-content\/uploads\/2025\/03\/plasa-de-volei-1x95m-gonga.jpg\" \/>\n\t<meta property=\"og:image:width\" content=\"1200\" \/>\n\t<meta property=\"og:image:height\" content=\"724\" \/>\n\t<meta property=\"og:image:type\" content=\"image\/jpeg\" \/>\n<meta name=\"twitter:card\" content=\"summary_large_image\" \/>\n<meta name=\"twitter:label1\" content=\"Estimated reading time\" \/>\n\t<meta name=\"twitter:data1\" content=\"1 minute\" \/>\n<script type=\"application\/ld+json\" class=\"yoast-schema-graph\">{\"@context\":\"https:\/\/schema.org\",\"@graph\":[{\"@type\":\"WebPage\",\"@id\":\"https:\/\/www.zoko.ro\/p\/plasa-de-volei-1x95m-gonga\/\",\"url\":\"https:\/\/www.zoko.ro\/p\/plasa-de-volei-1x95m-gonga\/\",\"name\":\"Plasa de volei, 1x9,5m, Gonga\u00ae | ZOKO\",\"isPartOf\":{\"@id\":\"https:\/\/www.zoko.ro\/#website\"},\"primaryImageOfPage\":{\"@id\":\"https:\/\/www.zoko.ro\/p\/plasa-de-volei-1x95m-gonga\/#primaryimage\"},\"image\":{\"@id\":\"https:\/\/www.zoko.ro\/p\/plasa-de-volei-1x95m-gonga\/#primaryimage\"},\"thumbnailUrl\":\"https:\/\/www.zoko.ro\/wp-content\/uploads\/2025\/03\/plasa-de-volei-1x95m-gonga.jpg\",\"datePublished\":\"2026-04-28T21:28:37+00:00\",\"dateModified\":\"2026-04-28T21:28:38+00:00\",\"breadcrumb\":{\"@id\":\"https:\/\/www.zoko.ro\/p\/plasa-de-volei-1x95m-gonga\/#breadcrumb\"},\"inLanguage\":\"en-GB\",\"potentialAction\":[{\"@type\":\"ReadAction\",\"target\":[\"https:\/\/www.zoko.ro\/p\/plasa-de-volei-1x95m-gonga\/\"]}]},{\"@type\":\"ImageObject\",\"inLanguage\":\"en-GB\",\"@id\":\"https:\/\/www.zoko.ro\/p\/plasa-de-volei-1x95m-gonga\/#primaryimage\",\"url\":\"https:\/\/www.zoko.ro\/wp-content\/uploads\/2025\/03\/plasa-de-volei-1x95m-gonga.jpg\",\"contentUrl\":\"https:\/\/www.zoko.ro\/wp-content\/uploads\/2025\/03\/plasa-de-volei-1x95m-gonga.jpg\",\"width\":1200,\"height\":724},{\"@type\":\"BreadcrumbList\",\"@id\":\"https:\/\/www.zoko.ro\/p\/plasa-de-volei-1x95m-gonga\/#breadcrumb\",\"itemListElement\":[{\"@type\":\"ListItem\",\"position\":1,\"name\":\"Home\",\"item\":\"https:\/\/www.zoko.ro\/\"},{\"@type\":\"ListItem\",\"position\":2,\"name\":\"Magazin\",\"item\":\"https:\/\/www.zoko.ro\/magazin\/\"},{\"@type\":\"ListItem\",\"position\":3,\"name\":\"Plasa de volei, 1&#215;9,5m, Gonga\u00ae\"}]},{\"@type\":\"WebSite\",\"@id\":\"https:\/\/www.zoko.ro\/#website\",\"url\":\"https:\/\/www.zoko.ro\/\",\"name\":\"ZOKO.ro\",\"description\":\"Cump\u0103r\u0103 inteligent\",\"publisher\":{\"@id\":\"https:\/\/www.zoko.ro\/#organization\"},\"potentialAction\":[{\"@type\":\"SearchAction\",\"target\":{\"@type\":\"EntryPoint\",\"urlTemplate\":\"https:\/\/www.zoko.ro\/?s={search_term_string}\"},\"query-input\":{\"@type\":\"PropertyValueSpecification\",\"valueRequired\":true,\"valueName\":\"search_term_string\"}}],\"inLanguage\":\"en-GB\"},{\"@type\":\"Organization\",\"@id\":\"https:\/\/www.zoko.ro\/#organization\",\"name\":\"ZOKO\",\"url\":\"https:\/\/www.zoko.ro\/\",\"logo\":{\"@type\":\"ImageObject\",\"inLanguage\":\"en-GB\",\"@id\":\"https:\/\/www.zoko.ro\/#\/schema\/logo\/image\/\",\"url\":\"https:\/\/www.zoko.ro\/wp-content\/uploads\/2025\/03\/logo1.svg\",\"contentUrl\":\"https:\/\/www.zoko.ro\/wp-content\/uploads\/2025\/03\/logo1.svg\",\"width\":799,\"height\":216,\"caption\":\"ZOKO\"},\"image\":{\"@id\":\"https:\/\/www.zoko.ro\/#\/schema\/logo\/image\/\"},\"sameAs\":[\"https:\/\/www.facebook.com\/profile.php?id=61584344135075\"]}]}<\/script>\n<!-- \/ Yoast SEO plugin. -->","yoast_head_json":{"title":"Plasa de volei, 1x9,5m, Gonga\u00ae | ZOKO","robots":{"index":"index","follow":"follow","max-snippet":"max-snippet:-1","max-image-preview":"max-image-preview:large","max-video-preview":"max-video-preview:-1"},"canonical":"https:\/\/www.zoko.ro\/en\/p\/plasa-de-volei-1x95m-gonga\/","og_locale":"en_GB","og_type":"article","og_title":"Plasa de volei, 1x9,5m, Gonga\u00ae | ZOKO","og_description":"Culoare: Negru Plasa retractabila extrem de practica pentru volei + geanta la indemana, dedicata cu fermoar pentru transportul si depozitarea","og_url":"https:\/\/www.zoko.ro\/en\/p\/plasa-de-volei-1x95m-gonga\/","og_site_name":"ZOKO","article_publisher":"https:\/\/www.facebook.com\/profile.php?id=61584344135075","article_modified_time":"2026-04-28T21:28:38+00:00","og_image":[{"width":1200,"height":724,"url":"https:\/\/www.zoko.ro\/wp-content\/uploads\/2025\/03\/plasa-de-volei-1x95m-gonga.jpg","type":"image\/jpeg"}],"twitter_card":"summary_large_image","twitter_misc":{"Estimated reading time":"1 minute"},"schema":{"@context":"https:\/\/schema.org","@graph":[{"@type":"WebPage","@id":"https:\/\/www.zoko.ro\/p\/plasa-de-volei-1x95m-gonga\/","url":"https:\/\/www.zoko.ro\/p\/plasa-de-volei-1x95m-gonga\/","name":"Plasa de volei, 1x9,5m, Gonga\u00ae | ZOKO","isPartOf":{"@id":"https:\/\/www.zoko.ro\/#website"},"primaryImageOfPage":{"@id":"https:\/\/www.zoko.ro\/p\/plasa-de-volei-1x95m-gonga\/#primaryimage"},"image":{"@id":"https:\/\/www.zoko.ro\/p\/plasa-de-volei-1x95m-gonga\/#primaryimage"},"thumbnailUrl":"https:\/\/www.zoko.ro\/wp-content\/uploads\/2025\/03\/plasa-de-volei-1x95m-gonga.jpg","datePublished":"2026-04-28T21:28:37+00:00","dateModified":"2026-04-28T21:28:38+00:00","breadcrumb":{"@id":"https:\/\/www.zoko.ro\/p\/plasa-de-volei-1x95m-gonga\/#breadcrumb"},"inLanguage":"en-GB","potentialAction":[{"@type":"ReadAction","target":["https:\/\/www.zoko.ro\/p\/plasa-de-volei-1x95m-gonga\/"]}]},{"@type":"ImageObject","inLanguage":"en-GB","@id":"https:\/\/www.zoko.ro\/p\/plasa-de-volei-1x95m-gonga\/#primaryimage","url":"https:\/\/www.zoko.ro\/wp-content\/uploads\/2025\/03\/plasa-de-volei-1x95m-gonga.jpg","contentUrl":"https:\/\/www.zoko.ro\/wp-content\/uploads\/2025\/03\/plasa-de-volei-1x95m-gonga.jpg","width":1200,"height":724},{"@type":"BreadcrumbList","@id":"https:\/\/www.zoko.ro\/p\/plasa-de-volei-1x95m-gonga\/#breadcrumb","itemListElement":[{"@type":"ListItem","position":1,"name":"Home","item":"https:\/\/www.zoko.ro\/"},{"@type":"ListItem","position":2,"name":"Magazin","item":"https:\/\/www.zoko.ro\/magazin\/"},{"@type":"ListItem","position":3,"name":"Plasa de volei, 1&#215;9,5m, Gonga\u00ae"}]},{"@type":"WebSite","@id":"https:\/\/www.zoko.ro\/#website","url":"https:\/\/www.zoko.ro\/","name":"ZOKO.ro","description":"Cump\u0103r\u0103 inteligent","publisher":{"@id":"https:\/\/www.zoko.ro\/#organization"},"potentialAction":[{"@type":"SearchAction","target":{"@type":"EntryPoint","urlTemplate":"https:\/\/www.zoko.ro\/?s={search_term_string}"},"query-input":{"@type":"PropertyValueSpecification","valueRequired":true,"valueName":"search_term_string"}}],"inLanguage":"en-GB"},{"@type":"Organization","@id":"https:\/\/www.zoko.ro\/#organization","name":"ZOKO","url":"https:\/\/www.zoko.ro\/","logo":{"@type":"ImageObject","inLanguage":"en-GB","@id":"https:\/\/www.zoko.ro\/#\/schema\/logo\/image\/","url":"https:\/\/www.zoko.ro\/wp-content\/uploads\/2025\/03\/logo1.svg","contentUrl":"https:\/\/www.zoko.ro\/wp-content\/uploads\/2025\/03\/logo1.svg","width":799,"height":216,"caption":"ZOKO"},"image":{"@id":"https:\/\/www.zoko.ro\/#\/schema\/logo\/image\/"},"sameAs":["https:\/\/www.facebook.com\/profile.php?id=61584344135075"]}]}},"_links":{"self":[{"href":"https:\/\/www.zoko.ro\/en\/wp-json\/wp\/v2\/product\/8888","targetHints":{"allow":["GET"]}}],"collection":[{"href":"https:\/\/www.zoko.ro\/en\/wp-json\/wp\/v2\/product"}],"about":[{"href":"https:\/\/www.zoko.ro\/en\/wp-json\/wp\/v2\/types\/product"}],"replies":[{"embeddable":true,"href":"https:\/\/www.zoko.ro\/en\/wp-json\/wp\/v2\/comments?post=8888"}],"version-history":[{"count":1,"href":"https:\/\/www.zoko.ro\/en\/wp-json\/wp\/v2\/product\/8888\/revisions"}],"predecessor-version":[{"id":8889,"href":"https:\/\/www.zoko.ro\/en\/wp-json\/wp\/v2\/product\/8888\/revisions\/8889"}],"wp:featuredmedia":[{"embeddable":true,"href":"https:\/\/www.zoko.ro\/en\/wp-json\/wp\/v2\/media\/8890"}],"wp:attachment":[{"href":"https:\/\/www.zoko.ro\/en\/wp-json\/wp\/v2\/media?parent=8888"}],"wp:term":[{"taxonomy":"product_brand","embeddable":true,"href":"https:\/\/www.zoko.ro\/en\/wp-json\/wp\/v2\/product_brand?post=8888"},{"taxonomy":"product_cat","embeddable":true,"href":"https:\/\/www.zoko.ro\/en\/wp-json\/wp\/v2\/product_cat?post=8888"},{"taxonomy":"product_tag","embeddable":true,"href":"https:\/\/www.zoko.ro\/en\/wp-json\/wp\/v2\/product_tag?post=8888"}],"curies":[{"name":"wp","href":"https:\/\/api.w.org\/{rel}","templated":true}]}}