{"id":8914,"date":"2026-04-28T23:28:38","date_gmt":"2026-04-28T21:28:38","guid":{"rendered":"https:\/\/www.zoko.ro\/p\/set-2-recipiente-pentru-decorarea-prajiturilor-gonga\/"},"modified":"2026-04-28T23:28:39","modified_gmt":"2026-04-28T21:28:39","slug":"set-2-recipiente-pentru-decorarea-prajiturilor-gonga","status":"publish","type":"product","link":"https:\/\/www.zoko.ro\/en\/p\/set-2-recipiente-pentru-decorarea-prajiturilor-gonga\/","title":{"rendered":"Set 2 recipiente pentru decorarea prajiturilor, Gonga\u00ae"},"content":{"rendered":"<p><strong>Culoare:<\/strong> Alb<\/p>\n<p>Un set de dou\u0103 sticle pentru decorarea pr\u0103jiturii \u0219i pl\u0103cintelor.\u00a0<\/p>\n<\/p>\n<p>Containerele de diferite dimensiuni sunt perfecte pentru decorarea produselor de cofet\u0103rie.\u00a0<\/p>\n<\/p>\n<p>Designul flexibil \u0219i deschiderile \u00eenguste fac munca mult mai u\u0219oar\u0103.\u00a0<\/p>\n<\/p>\n<p>Capacele func\u021bionale previn uscarea prematur\u0103 a masei de cofet\u0103rie.\u00a0<\/p>\n<\/p>\n<p>Fabricat din plastic solid care va asigura o utilizare indelungata si fara probleme.<\/p>\n<\/p>\n<p>Caracteristicile produsului:<\/p>\n<\/p>\n<p>&#8211; Un set de dou\u0103 recipiente pentru decorarea pr\u0103jiturilor \u0219i placintelor.<\/p>\n<p>&#8211; Fabricat din plastic rezistent \u0219i flexibil.<\/p>\n<p>&#8211; Gurile \u00eenguste faciliteaz\u0103 decorarea precis\u0103 a produselor de cofet\u0103rie.<\/p>\n<p>&#8211; Capacele incluse \u00een set \u00eempiedic\u0103 uscarea masei de cofet\u0103rie.<\/p>\n<p>&#8211; Material: plastic<\/p>\n<p>&#8211; Dimensiuni (1): 14,5 cm x 4 cm<\/p>\n<p>&#8211; Dimensiuni (2): 12,5 cm x 3 cm<\/p>\n<p>&#8211; Capacitate (1): 120 ml<\/p>\n<p>&#8211; Capacitate (2): 60 ml<\/p>","protected":false},"excerpt":{"rendered":"<p>Culoare: Alb Un set de dou\u0103 sticle pentru decorarea pr\u0103jiturii \u0219i pl\u0103cintelor.\u00a0 Containerele de diferite dimensiuni sunt perfecte pentru decorarea<\/p>","protected":false},"featured_media":8916,"comment_status":"open","ping_status":"open","template":"","meta":[],"product_brand":[],"product_cat":[99,107,100,131],"product_tag":[104],"class_list":{"0":"post-8914","1":"product","2":"type-product","3":"status-publish","4":"has-post-thumbnail","6":"product_cat-acasa","7":"product_cat-bucatarie-si-servire","8":"product_cat-casa-gradina","9":"product_cat-ustensile-gatit","10":"product_tag-in-stoc","11":"pa_culoare-alb","13":"first","14":"instock","15":"sale","16":"purchasable","17":"product-type-simple"},"yoast_head":"<!-- This site is optimized with the Yoast SEO plugin v27.2 - https:\/\/yoast.com\/product\/yoast-seo-wordpress\/ -->\n<title>Set 2 recipiente pentru decorarea prajiturilor, Gonga\u00ae | ZOKO<\/title>\n<meta name=\"robots\" content=\"index, follow, max-snippet:-1, max-image-preview:large, max-video-preview:-1\" \/>\n<link rel=\"canonical\" href=\"https:\/\/www.zoko.ro\/en\/p\/set-2-recipiente-pentru-decorarea-prajiturilor-gonga\/\" \/>\n<meta property=\"og:locale\" content=\"en_GB\" \/>\n<meta property=\"og:type\" content=\"article\" \/>\n<meta property=\"og:title\" content=\"Set 2 recipiente pentru decorarea prajiturilor, Gonga\u00ae | ZOKO\" \/>\n<meta property=\"og:description\" content=\"Culoare: Alb Un set de dou\u0103 sticle pentru decorarea pr\u0103jiturii \u0219i pl\u0103cintelor.\u00a0 Containerele de diferite dimensiuni sunt perfecte pentru decorarea\" \/>\n<meta property=\"og:url\" content=\"https:\/\/www.zoko.ro\/en\/p\/set-2-recipiente-pentru-decorarea-prajiturilor-gonga\/\" \/>\n<meta property=\"og:site_name\" content=\"ZOKO\" \/>\n<meta property=\"article:publisher\" content=\"https:\/\/www.facebook.com\/profile.php?id=61584344135075\" \/>\n<meta property=\"article:modified_time\" content=\"2026-04-28T21:28:39+00:00\" \/>\n<meta property=\"og:image\" content=\"https:\/\/www.zoko.ro\/wp-content\/uploads\/2025\/03\/set-2-recipiente-pentru-decorarea-prajiturilor-gonga.jpg\" \/>\n\t<meta property=\"og:image:width\" content=\"811\" \/>\n\t<meta property=\"og:image:height\" content=\"1200\" \/>\n\t<meta property=\"og:image:type\" content=\"image\/jpeg\" \/>\n<meta name=\"twitter:card\" content=\"summary_large_image\" \/>\n<meta name=\"twitter:label1\" content=\"Estimated reading time\" \/>\n\t<meta name=\"twitter:data1\" content=\"1 minute\" \/>\n<script type=\"application\/ld+json\" class=\"yoast-schema-graph\">{\"@context\":\"https:\/\/schema.org\",\"@graph\":[{\"@type\":\"WebPage\",\"@id\":\"https:\/\/www.zoko.ro\/p\/set-2-recipiente-pentru-decorarea-prajiturilor-gonga\/\",\"url\":\"https:\/\/www.zoko.ro\/p\/set-2-recipiente-pentru-decorarea-prajiturilor-gonga\/\",\"name\":\"Set 2 recipiente pentru decorarea prajiturilor, Gonga\u00ae | ZOKO\",\"isPartOf\":{\"@id\":\"https:\/\/www.zoko.ro\/#website\"},\"primaryImageOfPage\":{\"@id\":\"https:\/\/www.zoko.ro\/p\/set-2-recipiente-pentru-decorarea-prajiturilor-gonga\/#primaryimage\"},\"image\":{\"@id\":\"https:\/\/www.zoko.ro\/p\/set-2-recipiente-pentru-decorarea-prajiturilor-gonga\/#primaryimage\"},\"thumbnailUrl\":\"https:\/\/www.zoko.ro\/wp-content\/uploads\/2025\/03\/set-2-recipiente-pentru-decorarea-prajiturilor-gonga.jpg\",\"datePublished\":\"2026-04-28T21:28:38+00:00\",\"dateModified\":\"2026-04-28T21:28:39+00:00\",\"breadcrumb\":{\"@id\":\"https:\/\/www.zoko.ro\/p\/set-2-recipiente-pentru-decorarea-prajiturilor-gonga\/#breadcrumb\"},\"inLanguage\":\"en-GB\",\"potentialAction\":[{\"@type\":\"ReadAction\",\"target\":[\"https:\/\/www.zoko.ro\/p\/set-2-recipiente-pentru-decorarea-prajiturilor-gonga\/\"]}]},{\"@type\":\"ImageObject\",\"inLanguage\":\"en-GB\",\"@id\":\"https:\/\/www.zoko.ro\/p\/set-2-recipiente-pentru-decorarea-prajiturilor-gonga\/#primaryimage\",\"url\":\"https:\/\/www.zoko.ro\/wp-content\/uploads\/2025\/03\/set-2-recipiente-pentru-decorarea-prajiturilor-gonga.jpg\",\"contentUrl\":\"https:\/\/www.zoko.ro\/wp-content\/uploads\/2025\/03\/set-2-recipiente-pentru-decorarea-prajiturilor-gonga.jpg\",\"width\":811,\"height\":1200},{\"@type\":\"BreadcrumbList\",\"@id\":\"https:\/\/www.zoko.ro\/p\/set-2-recipiente-pentru-decorarea-prajiturilor-gonga\/#breadcrumb\",\"itemListElement\":[{\"@type\":\"ListItem\",\"position\":1,\"name\":\"Home\",\"item\":\"https:\/\/www.zoko.ro\/\"},{\"@type\":\"ListItem\",\"position\":2,\"name\":\"Magazin\",\"item\":\"https:\/\/www.zoko.ro\/magazin\/\"},{\"@type\":\"ListItem\",\"position\":3,\"name\":\"Set 2 recipiente pentru decorarea prajiturilor, Gonga\u00ae\"}]},{\"@type\":\"WebSite\",\"@id\":\"https:\/\/www.zoko.ro\/#website\",\"url\":\"https:\/\/www.zoko.ro\/\",\"name\":\"ZOKO.ro\",\"description\":\"Cump\u0103r\u0103 inteligent\",\"publisher\":{\"@id\":\"https:\/\/www.zoko.ro\/#organization\"},\"potentialAction\":[{\"@type\":\"SearchAction\",\"target\":{\"@type\":\"EntryPoint\",\"urlTemplate\":\"https:\/\/www.zoko.ro\/?s={search_term_string}\"},\"query-input\":{\"@type\":\"PropertyValueSpecification\",\"valueRequired\":true,\"valueName\":\"search_term_string\"}}],\"inLanguage\":\"en-GB\"},{\"@type\":\"Organization\",\"@id\":\"https:\/\/www.zoko.ro\/#organization\",\"name\":\"ZOKO\",\"url\":\"https:\/\/www.zoko.ro\/\",\"logo\":{\"@type\":\"ImageObject\",\"inLanguage\":\"en-GB\",\"@id\":\"https:\/\/www.zoko.ro\/#\/schema\/logo\/image\/\",\"url\":\"https:\/\/www.zoko.ro\/wp-content\/uploads\/2025\/03\/logo1.svg\",\"contentUrl\":\"https:\/\/www.zoko.ro\/wp-content\/uploads\/2025\/03\/logo1.svg\",\"width\":799,\"height\":216,\"caption\":\"ZOKO\"},\"image\":{\"@id\":\"https:\/\/www.zoko.ro\/#\/schema\/logo\/image\/\"},\"sameAs\":[\"https:\/\/www.facebook.com\/profile.php?id=61584344135075\"]}]}<\/script>\n<!-- \/ Yoast SEO plugin. -->","yoast_head_json":{"title":"Set 2 recipiente pentru decorarea prajiturilor, Gonga\u00ae | ZOKO","robots":{"index":"index","follow":"follow","max-snippet":"max-snippet:-1","max-image-preview":"max-image-preview:large","max-video-preview":"max-video-preview:-1"},"canonical":"https:\/\/www.zoko.ro\/en\/p\/set-2-recipiente-pentru-decorarea-prajiturilor-gonga\/","og_locale":"en_GB","og_type":"article","og_title":"Set 2 recipiente pentru decorarea prajiturilor, Gonga\u00ae | ZOKO","og_description":"Culoare: Alb Un set de dou\u0103 sticle pentru decorarea pr\u0103jiturii \u0219i pl\u0103cintelor.\u00a0 Containerele de diferite dimensiuni sunt perfecte pentru decorarea","og_url":"https:\/\/www.zoko.ro\/en\/p\/set-2-recipiente-pentru-decorarea-prajiturilor-gonga\/","og_site_name":"ZOKO","article_publisher":"https:\/\/www.facebook.com\/profile.php?id=61584344135075","article_modified_time":"2026-04-28T21:28:39+00:00","og_image":[{"width":811,"height":1200,"url":"https:\/\/www.zoko.ro\/wp-content\/uploads\/2025\/03\/set-2-recipiente-pentru-decorarea-prajiturilor-gonga.jpg","type":"image\/jpeg"}],"twitter_card":"summary_large_image","twitter_misc":{"Estimated reading time":"1 minute"},"schema":{"@context":"https:\/\/schema.org","@graph":[{"@type":"WebPage","@id":"https:\/\/www.zoko.ro\/p\/set-2-recipiente-pentru-decorarea-prajiturilor-gonga\/","url":"https:\/\/www.zoko.ro\/p\/set-2-recipiente-pentru-decorarea-prajiturilor-gonga\/","name":"Set 2 recipiente pentru decorarea prajiturilor, Gonga\u00ae | ZOKO","isPartOf":{"@id":"https:\/\/www.zoko.ro\/#website"},"primaryImageOfPage":{"@id":"https:\/\/www.zoko.ro\/p\/set-2-recipiente-pentru-decorarea-prajiturilor-gonga\/#primaryimage"},"image":{"@id":"https:\/\/www.zoko.ro\/p\/set-2-recipiente-pentru-decorarea-prajiturilor-gonga\/#primaryimage"},"thumbnailUrl":"https:\/\/www.zoko.ro\/wp-content\/uploads\/2025\/03\/set-2-recipiente-pentru-decorarea-prajiturilor-gonga.jpg","datePublished":"2026-04-28T21:28:38+00:00","dateModified":"2026-04-28T21:28:39+00:00","breadcrumb":{"@id":"https:\/\/www.zoko.ro\/p\/set-2-recipiente-pentru-decorarea-prajiturilor-gonga\/#breadcrumb"},"inLanguage":"en-GB","potentialAction":[{"@type":"ReadAction","target":["https:\/\/www.zoko.ro\/p\/set-2-recipiente-pentru-decorarea-prajiturilor-gonga\/"]}]},{"@type":"ImageObject","inLanguage":"en-GB","@id":"https:\/\/www.zoko.ro\/p\/set-2-recipiente-pentru-decorarea-prajiturilor-gonga\/#primaryimage","url":"https:\/\/www.zoko.ro\/wp-content\/uploads\/2025\/03\/set-2-recipiente-pentru-decorarea-prajiturilor-gonga.jpg","contentUrl":"https:\/\/www.zoko.ro\/wp-content\/uploads\/2025\/03\/set-2-recipiente-pentru-decorarea-prajiturilor-gonga.jpg","width":811,"height":1200},{"@type":"BreadcrumbList","@id":"https:\/\/www.zoko.ro\/p\/set-2-recipiente-pentru-decorarea-prajiturilor-gonga\/#breadcrumb","itemListElement":[{"@type":"ListItem","position":1,"name":"Home","item":"https:\/\/www.zoko.ro\/"},{"@type":"ListItem","position":2,"name":"Magazin","item":"https:\/\/www.zoko.ro\/magazin\/"},{"@type":"ListItem","position":3,"name":"Set 2 recipiente pentru decorarea prajiturilor, Gonga\u00ae"}]},{"@type":"WebSite","@id":"https:\/\/www.zoko.ro\/#website","url":"https:\/\/www.zoko.ro\/","name":"ZOKO.ro","description":"Cump\u0103r\u0103 inteligent","publisher":{"@id":"https:\/\/www.zoko.ro\/#organization"},"potentialAction":[{"@type":"SearchAction","target":{"@type":"EntryPoint","urlTemplate":"https:\/\/www.zoko.ro\/?s={search_term_string}"},"query-input":{"@type":"PropertyValueSpecification","valueRequired":true,"valueName":"search_term_string"}}],"inLanguage":"en-GB"},{"@type":"Organization","@id":"https:\/\/www.zoko.ro\/#organization","name":"ZOKO","url":"https:\/\/www.zoko.ro\/","logo":{"@type":"ImageObject","inLanguage":"en-GB","@id":"https:\/\/www.zoko.ro\/#\/schema\/logo\/image\/","url":"https:\/\/www.zoko.ro\/wp-content\/uploads\/2025\/03\/logo1.svg","contentUrl":"https:\/\/www.zoko.ro\/wp-content\/uploads\/2025\/03\/logo1.svg","width":799,"height":216,"caption":"ZOKO"},"image":{"@id":"https:\/\/www.zoko.ro\/#\/schema\/logo\/image\/"},"sameAs":["https:\/\/www.facebook.com\/profile.php?id=61584344135075"]}]}},"_links":{"self":[{"href":"https:\/\/www.zoko.ro\/en\/wp-json\/wp\/v2\/product\/8914","targetHints":{"allow":["GET"]}}],"collection":[{"href":"https:\/\/www.zoko.ro\/en\/wp-json\/wp\/v2\/product"}],"about":[{"href":"https:\/\/www.zoko.ro\/en\/wp-json\/wp\/v2\/types\/product"}],"replies":[{"embeddable":true,"href":"https:\/\/www.zoko.ro\/en\/wp-json\/wp\/v2\/comments?post=8914"}],"version-history":[{"count":1,"href":"https:\/\/www.zoko.ro\/en\/wp-json\/wp\/v2\/product\/8914\/revisions"}],"predecessor-version":[{"id":8915,"href":"https:\/\/www.zoko.ro\/en\/wp-json\/wp\/v2\/product\/8914\/revisions\/8915"}],"wp:featuredmedia":[{"embeddable":true,"href":"https:\/\/www.zoko.ro\/en\/wp-json\/wp\/v2\/media\/8916"}],"wp:attachment":[{"href":"https:\/\/www.zoko.ro\/en\/wp-json\/wp\/v2\/media?parent=8914"}],"wp:term":[{"taxonomy":"product_brand","embeddable":true,"href":"https:\/\/www.zoko.ro\/en\/wp-json\/wp\/v2\/product_brand?post=8914"},{"taxonomy":"product_cat","embeddable":true,"href":"https:\/\/www.zoko.ro\/en\/wp-json\/wp\/v2\/product_cat?post=8914"},{"taxonomy":"product_tag","embeddable":true,"href":"https:\/\/www.zoko.ro\/en\/wp-json\/wp\/v2\/product_tag?post=8914"}],"curies":[{"name":"wp","href":"https:\/\/api.w.org\/{rel}","templated":true}]}}