{"id":8929,"date":"2026-04-28T23:28:39","date_gmt":"2026-04-28T21:28:39","guid":{"rendered":"https:\/\/www.zoko.ro\/p\/perie-pliabila-pentru-curatat-ferestrele-gonga\/"},"modified":"2026-04-28T23:28:39","modified_gmt":"2026-04-28T21:28:39","slug":"perie-pliabila-pentru-curatat-ferestrele-gonga","status":"publish","type":"product","link":"https:\/\/www.zoko.ro\/en\/p\/perie-pliabila-pentru-curatat-ferestrele-gonga\/","title":{"rendered":"Perie pliabila pentru curatat ferestrele, Gonga\u00ae"},"content":{"rendered":"<p><strong>Culoare:<\/strong> Verde<\/p>\n<p>Peria pliabil\u0103 pentru cur\u0103\u021barea geamurilor este un instrument extrem de util at\u00e2t acas\u0103, c\u00e2t \u0219i \u00een ma\u0219in\u0103.\u00a0<\/p>\n<\/p>\n<p>Echipat cu un cap rotativ si un burete din microfibra super absorbant!\u00a0<\/p>\n<\/p>\n<p>Un ajutor de ne\u00eenlocuit \u0219i extrem de eficient la cur\u0103\u021barea geamurilor, care reduce semnificativ formarea de dungi.\u00a0<\/p>\n<\/p>\n<p>Acesta este sf\u00e2r\u0219itul ferestrelor murdare \u0219i ce\u021boase!\u00a0<\/p>\n<\/p>\n<p>Buretele are o mul\u021bime de v\u00e2rfuri din microfibr\u0103 care cur\u0103\u021b\u0103 eficient geamurile casei \u0219i geamurile ma\u0219inii.<\/p>\n<\/p>\n<p>Caracteristicile produsului:<\/p>\n<\/p>\n<p>&#8211; Perfect pentru curatarea geamurilor datorita microfibrei absorbante si care nu pateaza!<\/p>\n<p>&#8211; Va fi perfect atunci c\u00e2nd conduce\u021bi o ma\u0219in\u0103, c\u00e2nd trebuie s\u0103 colecta\u021bi rapid aburul acumulat pe parbriz sau s\u0103 cur\u0103\u021ba\u021bi oglinzile exterioare!<\/p>\n<p>&#8211; Peria pliabil\u0103 are un cap rotativ, ceea ce faciliteaz\u0103 accesul \u00eentr-un loc greu accesibil \u00een timpul sp\u0103l\u0103rii!<\/p>\n<p>&#8211; O c\u00e2rp\u0103 suplimentar\u0103 din microfibr\u0103 va colecta perfect praful \u0219i murd\u0103ria.<\/p>\n<p>&#8211; Buretele se poate spala manual cu sapun (cel mai recomandat este sapunul simplu, gri &#8211; datorita caruia fibrele isi vor pastra proprietatile si pufosul pentru o perioada indelungata).<\/p>\n<p>&#8211; De asemenea, poate fi sp\u0103lat \u00een siguran\u021b\u0103 la ma\u0219in\u0103 la 60 de grade, la fel ca prosoapele sau lenjeria de pat.<\/p>\n<p>&#8211; Material: plastic (maner si recipient) + burete din microfibra<\/p>\n<p>&#8211; Culoare: negru \u0219i verde<\/p>\n<p>&#8211; Dimensiunile microfibrei (atunci cand este aplicata pe pensula) 15,5 cm x 10,5 cm<\/p>\n<p>&#8211; Lungime m\u00e2ner: 42,5 cm<\/p>\n<\/p>\n<p>Include:<\/p>\n<p>&#8211; Perie universal\u0103 pliabil\u0103<\/p>\n<p>&#8211; 2 c\u00e2rpe din microfibr\u0103<\/p>\n<p>&#8211; 1 flacon pulverizator cu nebulizator<\/p>","protected":false},"excerpt":{"rendered":"<p>Culoare: Verde Peria pliabil\u0103 pentru cur\u0103\u021barea geamurilor este un instrument extrem de util at\u00e2t acas\u0103, c\u00e2t \u0219i \u00een ma\u0219in\u0103.\u00a0 Echipat<\/p>","protected":false},"featured_media":8931,"comment_status":"open","ping_status":"open","template":"","meta":[],"product_brand":[],"product_cat":[99,100,105],"product_tag":[104],"class_list":{"0":"post-8929","1":"product","2":"type-product","3":"status-publish","4":"has-post-thumbnail","6":"product_cat-acasa","7":"product_cat-casa-gradina","8":"product_cat-curatenie-intretinere-casa","9":"product_tag-in-stoc","10":"pa_culoare-verde","12":"first","13":"instock","14":"sale","15":"purchasable","16":"product-type-simple"},"yoast_head":"<!-- This site is optimized with the Yoast SEO plugin v27.2 - https:\/\/yoast.com\/product\/yoast-seo-wordpress\/ -->\n<title>Perie pliabila pentru curatat ferestrele, Gonga\u00ae | ZOKO<\/title>\n<meta name=\"robots\" content=\"index, follow, max-snippet:-1, max-image-preview:large, max-video-preview:-1\" \/>\n<link rel=\"canonical\" href=\"https:\/\/www.zoko.ro\/en\/p\/perie-pliabila-pentru-curatat-ferestrele-gonga\/\" \/>\n<meta property=\"og:locale\" content=\"en_GB\" \/>\n<meta property=\"og:type\" content=\"article\" \/>\n<meta property=\"og:title\" content=\"Perie pliabila pentru curatat ferestrele, Gonga\u00ae | ZOKO\" \/>\n<meta property=\"og:description\" content=\"Culoare: Verde Peria pliabil\u0103 pentru cur\u0103\u021barea geamurilor este un instrument extrem de util at\u00e2t acas\u0103, c\u00e2t \u0219i \u00een ma\u0219in\u0103.\u00a0 Echipat\" \/>\n<meta property=\"og:url\" content=\"https:\/\/www.zoko.ro\/en\/p\/perie-pliabila-pentru-curatat-ferestrele-gonga\/\" \/>\n<meta property=\"og:site_name\" content=\"ZOKO\" \/>\n<meta property=\"article:publisher\" content=\"https:\/\/www.facebook.com\/profile.php?id=61584344135075\" \/>\n<meta property=\"og:image\" content=\"https:\/\/www.zoko.ro\/wp-content\/uploads\/2025\/03\/perie-pliabila-pentru-curatat-ferestrele-gonga.jpg\" \/>\n\t<meta property=\"og:image:width\" content=\"1200\" \/>\n\t<meta property=\"og:image:height\" content=\"991\" \/>\n\t<meta property=\"og:image:type\" content=\"image\/jpeg\" \/>\n<meta name=\"twitter:card\" content=\"summary_large_image\" \/>\n<meta name=\"twitter:label1\" content=\"Estimated reading time\" \/>\n\t<meta name=\"twitter:data1\" content=\"1 minute\" \/>\n<script type=\"application\/ld+json\" class=\"yoast-schema-graph\">{\"@context\":\"https:\/\/schema.org\",\"@graph\":[{\"@type\":\"WebPage\",\"@id\":\"https:\/\/www.zoko.ro\/p\/perie-pliabila-pentru-curatat-ferestrele-gonga\/\",\"url\":\"https:\/\/www.zoko.ro\/p\/perie-pliabila-pentru-curatat-ferestrele-gonga\/\",\"name\":\"Perie pliabila pentru curatat ferestrele, Gonga\u00ae | ZOKO\",\"isPartOf\":{\"@id\":\"https:\/\/www.zoko.ro\/#website\"},\"primaryImageOfPage\":{\"@id\":\"https:\/\/www.zoko.ro\/p\/perie-pliabila-pentru-curatat-ferestrele-gonga\/#primaryimage\"},\"image\":{\"@id\":\"https:\/\/www.zoko.ro\/p\/perie-pliabila-pentru-curatat-ferestrele-gonga\/#primaryimage\"},\"thumbnailUrl\":\"https:\/\/www.zoko.ro\/wp-content\/uploads\/2025\/03\/perie-pliabila-pentru-curatat-ferestrele-gonga.jpg\",\"datePublished\":\"2026-04-28T21:28:39+00:00\",\"breadcrumb\":{\"@id\":\"https:\/\/www.zoko.ro\/p\/perie-pliabila-pentru-curatat-ferestrele-gonga\/#breadcrumb\"},\"inLanguage\":\"en-GB\",\"potentialAction\":[{\"@type\":\"ReadAction\",\"target\":[\"https:\/\/www.zoko.ro\/p\/perie-pliabila-pentru-curatat-ferestrele-gonga\/\"]}]},{\"@type\":\"ImageObject\",\"inLanguage\":\"en-GB\",\"@id\":\"https:\/\/www.zoko.ro\/p\/perie-pliabila-pentru-curatat-ferestrele-gonga\/#primaryimage\",\"url\":\"https:\/\/www.zoko.ro\/wp-content\/uploads\/2025\/03\/perie-pliabila-pentru-curatat-ferestrele-gonga.jpg\",\"contentUrl\":\"https:\/\/www.zoko.ro\/wp-content\/uploads\/2025\/03\/perie-pliabila-pentru-curatat-ferestrele-gonga.jpg\",\"width\":1200,\"height\":991},{\"@type\":\"BreadcrumbList\",\"@id\":\"https:\/\/www.zoko.ro\/p\/perie-pliabila-pentru-curatat-ferestrele-gonga\/#breadcrumb\",\"itemListElement\":[{\"@type\":\"ListItem\",\"position\":1,\"name\":\"Home\",\"item\":\"https:\/\/www.zoko.ro\/\"},{\"@type\":\"ListItem\",\"position\":2,\"name\":\"Magazin\",\"item\":\"https:\/\/www.zoko.ro\/magazin\/\"},{\"@type\":\"ListItem\",\"position\":3,\"name\":\"Perie pliabila pentru curatat ferestrele, Gonga\u00ae\"}]},{\"@type\":\"WebSite\",\"@id\":\"https:\/\/www.zoko.ro\/#website\",\"url\":\"https:\/\/www.zoko.ro\/\",\"name\":\"ZOKO.ro\",\"description\":\"Cump\u0103r\u0103 inteligent\",\"publisher\":{\"@id\":\"https:\/\/www.zoko.ro\/#organization\"},\"potentialAction\":[{\"@type\":\"SearchAction\",\"target\":{\"@type\":\"EntryPoint\",\"urlTemplate\":\"https:\/\/www.zoko.ro\/?s={search_term_string}\"},\"query-input\":{\"@type\":\"PropertyValueSpecification\",\"valueRequired\":true,\"valueName\":\"search_term_string\"}}],\"inLanguage\":\"en-GB\"},{\"@type\":\"Organization\",\"@id\":\"https:\/\/www.zoko.ro\/#organization\",\"name\":\"ZOKO\",\"url\":\"https:\/\/www.zoko.ro\/\",\"logo\":{\"@type\":\"ImageObject\",\"inLanguage\":\"en-GB\",\"@id\":\"https:\/\/www.zoko.ro\/#\/schema\/logo\/image\/\",\"url\":\"https:\/\/www.zoko.ro\/wp-content\/uploads\/2025\/03\/logo1.svg\",\"contentUrl\":\"https:\/\/www.zoko.ro\/wp-content\/uploads\/2025\/03\/logo1.svg\",\"width\":799,\"height\":216,\"caption\":\"ZOKO\"},\"image\":{\"@id\":\"https:\/\/www.zoko.ro\/#\/schema\/logo\/image\/\"},\"sameAs\":[\"https:\/\/www.facebook.com\/profile.php?id=61584344135075\"]}]}<\/script>\n<!-- \/ Yoast SEO plugin. -->","yoast_head_json":{"title":"Perie pliabila pentru curatat ferestrele, Gonga\u00ae | ZOKO","robots":{"index":"index","follow":"follow","max-snippet":"max-snippet:-1","max-image-preview":"max-image-preview:large","max-video-preview":"max-video-preview:-1"},"canonical":"https:\/\/www.zoko.ro\/en\/p\/perie-pliabila-pentru-curatat-ferestrele-gonga\/","og_locale":"en_GB","og_type":"article","og_title":"Perie pliabila pentru curatat ferestrele, Gonga\u00ae | ZOKO","og_description":"Culoare: Verde Peria pliabil\u0103 pentru cur\u0103\u021barea geamurilor este un instrument extrem de util at\u00e2t acas\u0103, c\u00e2t \u0219i \u00een ma\u0219in\u0103.\u00a0 Echipat","og_url":"https:\/\/www.zoko.ro\/en\/p\/perie-pliabila-pentru-curatat-ferestrele-gonga\/","og_site_name":"ZOKO","article_publisher":"https:\/\/www.facebook.com\/profile.php?id=61584344135075","og_image":[{"width":1200,"height":991,"url":"https:\/\/www.zoko.ro\/wp-content\/uploads\/2025\/03\/perie-pliabila-pentru-curatat-ferestrele-gonga.jpg","type":"image\/jpeg"}],"twitter_card":"summary_large_image","twitter_misc":{"Estimated reading time":"1 minute"},"schema":{"@context":"https:\/\/schema.org","@graph":[{"@type":"WebPage","@id":"https:\/\/www.zoko.ro\/p\/perie-pliabila-pentru-curatat-ferestrele-gonga\/","url":"https:\/\/www.zoko.ro\/p\/perie-pliabila-pentru-curatat-ferestrele-gonga\/","name":"Perie pliabila pentru curatat ferestrele, Gonga\u00ae | ZOKO","isPartOf":{"@id":"https:\/\/www.zoko.ro\/#website"},"primaryImageOfPage":{"@id":"https:\/\/www.zoko.ro\/p\/perie-pliabila-pentru-curatat-ferestrele-gonga\/#primaryimage"},"image":{"@id":"https:\/\/www.zoko.ro\/p\/perie-pliabila-pentru-curatat-ferestrele-gonga\/#primaryimage"},"thumbnailUrl":"https:\/\/www.zoko.ro\/wp-content\/uploads\/2025\/03\/perie-pliabila-pentru-curatat-ferestrele-gonga.jpg","datePublished":"2026-04-28T21:28:39+00:00","breadcrumb":{"@id":"https:\/\/www.zoko.ro\/p\/perie-pliabila-pentru-curatat-ferestrele-gonga\/#breadcrumb"},"inLanguage":"en-GB","potentialAction":[{"@type":"ReadAction","target":["https:\/\/www.zoko.ro\/p\/perie-pliabila-pentru-curatat-ferestrele-gonga\/"]}]},{"@type":"ImageObject","inLanguage":"en-GB","@id":"https:\/\/www.zoko.ro\/p\/perie-pliabila-pentru-curatat-ferestrele-gonga\/#primaryimage","url":"https:\/\/www.zoko.ro\/wp-content\/uploads\/2025\/03\/perie-pliabila-pentru-curatat-ferestrele-gonga.jpg","contentUrl":"https:\/\/www.zoko.ro\/wp-content\/uploads\/2025\/03\/perie-pliabila-pentru-curatat-ferestrele-gonga.jpg","width":1200,"height":991},{"@type":"BreadcrumbList","@id":"https:\/\/www.zoko.ro\/p\/perie-pliabila-pentru-curatat-ferestrele-gonga\/#breadcrumb","itemListElement":[{"@type":"ListItem","position":1,"name":"Home","item":"https:\/\/www.zoko.ro\/"},{"@type":"ListItem","position":2,"name":"Magazin","item":"https:\/\/www.zoko.ro\/magazin\/"},{"@type":"ListItem","position":3,"name":"Perie pliabila pentru curatat ferestrele, Gonga\u00ae"}]},{"@type":"WebSite","@id":"https:\/\/www.zoko.ro\/#website","url":"https:\/\/www.zoko.ro\/","name":"ZOKO.ro","description":"Cump\u0103r\u0103 inteligent","publisher":{"@id":"https:\/\/www.zoko.ro\/#organization"},"potentialAction":[{"@type":"SearchAction","target":{"@type":"EntryPoint","urlTemplate":"https:\/\/www.zoko.ro\/?s={search_term_string}"},"query-input":{"@type":"PropertyValueSpecification","valueRequired":true,"valueName":"search_term_string"}}],"inLanguage":"en-GB"},{"@type":"Organization","@id":"https:\/\/www.zoko.ro\/#organization","name":"ZOKO","url":"https:\/\/www.zoko.ro\/","logo":{"@type":"ImageObject","inLanguage":"en-GB","@id":"https:\/\/www.zoko.ro\/#\/schema\/logo\/image\/","url":"https:\/\/www.zoko.ro\/wp-content\/uploads\/2025\/03\/logo1.svg","contentUrl":"https:\/\/www.zoko.ro\/wp-content\/uploads\/2025\/03\/logo1.svg","width":799,"height":216,"caption":"ZOKO"},"image":{"@id":"https:\/\/www.zoko.ro\/#\/schema\/logo\/image\/"},"sameAs":["https:\/\/www.facebook.com\/profile.php?id=61584344135075"]}]}},"_links":{"self":[{"href":"https:\/\/www.zoko.ro\/en\/wp-json\/wp\/v2\/product\/8929","targetHints":{"allow":["GET"]}}],"collection":[{"href":"https:\/\/www.zoko.ro\/en\/wp-json\/wp\/v2\/product"}],"about":[{"href":"https:\/\/www.zoko.ro\/en\/wp-json\/wp\/v2\/types\/product"}],"replies":[{"embeddable":true,"href":"https:\/\/www.zoko.ro\/en\/wp-json\/wp\/v2\/comments?post=8929"}],"version-history":[{"count":1,"href":"https:\/\/www.zoko.ro\/en\/wp-json\/wp\/v2\/product\/8929\/revisions"}],"predecessor-version":[{"id":8930,"href":"https:\/\/www.zoko.ro\/en\/wp-json\/wp\/v2\/product\/8929\/revisions\/8930"}],"wp:featuredmedia":[{"embeddable":true,"href":"https:\/\/www.zoko.ro\/en\/wp-json\/wp\/v2\/media\/8931"}],"wp:attachment":[{"href":"https:\/\/www.zoko.ro\/en\/wp-json\/wp\/v2\/media?parent=8929"}],"wp:term":[{"taxonomy":"product_brand","embeddable":true,"href":"https:\/\/www.zoko.ro\/en\/wp-json\/wp\/v2\/product_brand?post=8929"},{"taxonomy":"product_cat","embeddable":true,"href":"https:\/\/www.zoko.ro\/en\/wp-json\/wp\/v2\/product_cat?post=8929"},{"taxonomy":"product_tag","embeddable":true,"href":"https:\/\/www.zoko.ro\/en\/wp-json\/wp\/v2\/product_tag?post=8929"}],"curies":[{"name":"wp","href":"https:\/\/api.w.org\/{rel}","templated":true}]}}