{"id":8961,"date":"2026-04-28T23:28:45","date_gmt":"2026-04-28T21:28:45","guid":{"rendered":"https:\/\/www.zoko.ro\/p\/dispozitiv-de-blocare-a-manerelor-usilor-si-geamurilor-gonga\/"},"modified":"2026-04-28T23:28:45","modified_gmt":"2026-04-28T21:28:45","slug":"dispozitiv-de-blocare-a-manerelor-usilor-si-geamurilor-gonga","status":"publish","type":"product","link":"https:\/\/www.zoko.ro\/en\/p\/dispozitiv-de-blocare-a-manerelor-usilor-si-geamurilor-gonga\/","title":{"rendered":"Dispozitiv de blocare a manerelor usilor si geamurilor, Gonga\u00ae"},"content":{"rendered":"<p><strong>Culoare:<\/strong> Alb<\/p>\n<p>Protectie pentru manere ce blocheaza deschiderea u\u0219ii sau ferestrei de c\u0103tre copiii mici.\u00a0<\/p>\n<\/p>\n<p>Are o baz\u0103 mare care permite o instalare solid\u0103 a securit\u0103\u021bii \u00een spatele m\u00e2nerului cu ajutorul benzii adezive.\u00a0<\/p>\n<\/p>\n<p>\u00cencuietoarea este \u021binut\u0103 ferm pe fiecare suprafa\u021b\u0103 a u\u0219ii \u0219i a ferestrei.\u00a0<\/p>\n<\/p>\n<p>Bra\u021bele ies \u00een afar\u0103 p\u00e2n\u0103 la 7 cm, f\u0103c\u00e2nd imposibil\u0103 deschiderea m\u00e2nerului.\u00a0<\/p>\n<\/p>\n<p>Butoanele cu dou\u0103 fe\u021be de pe bra\u021be permit eliberarea rapid\u0103 a \u00eencuietorii \u0219i utilizarea u\u0219ii de c\u0103tre persoanele desemnate \ud83d\ude42<\/p>\n<\/p>\n<p>Specifica\u021biile produsului:<\/p>\n<\/p>\n<p>&#8211; Protec\u021bia m\u00e2nerului u\u0219ii \u0219i ferestrei \u00eempiedic\u00e2nd deschiderea acestora de c\u0103tre copii.<\/p>\n<p>&#8211; Are o baz\u0103 mare care v\u0103 permite s\u0103 lipi\u021bi o siguran\u021b\u0103 \u00een spatele m\u00e2nerului.<\/p>\n<p>&#8211; Bra\u021bele cu dou\u0103 fe\u021be ad\u00e2nci de 7 cm \u00eempiedic\u0103 deschiderea m\u00e2nerului.<\/p>\n<p>&#8211; Eliberare rapid\u0103 a \u00eencuietorului &#8211; dou\u0103 butoane pe marginile bra\u021belor.<\/p>\n<p>&#8211; Datorit\u0103 benzii puternice cu dou\u0103 fe\u021be, protec\u021bia se va lipi str\u00e2ns.<\/p>\n<p>&#8211; Se caracterizeaz\u0103 printr-un aspect estetic &#8211; este discret.<\/p>\n<p>&#8211; Material: plastic + band\u0103 adeziv\u0103<\/p>\n<p>&#8211; Dimensiuni (baza): 12 cm x 5 cm<\/p>\n<p>&#8211; Ad\u00e2ncime: 7 cm<\/p>\n<p>&#8211; Numar bucati: 1<\/p>","protected":false},"excerpt":{"rendered":"<p>Culoare: Alb Protectie pentru manere ce blocheaza deschiderea u\u0219ii sau ferestrei de c\u0103tre copiii mici.\u00a0 Are o baz\u0103 mare care<\/p>","protected":false},"featured_media":8963,"comment_status":"open","ping_status":"open","template":"","meta":[],"product_brand":[],"product_cat":[99,100],"product_tag":[104],"class_list":{"0":"post-8961","1":"product","2":"type-product","3":"status-publish","4":"has-post-thumbnail","6":"product_cat-acasa","7":"product_cat-casa-gradina","8":"product_tag-in-stoc","9":"pa_culoare-alb","11":"first","12":"instock","13":"sale","14":"purchasable","15":"product-type-simple"},"yoast_head":"<!-- This site is optimized with the Yoast SEO plugin v27.2 - https:\/\/yoast.com\/product\/yoast-seo-wordpress\/ -->\n<title>Dispozitiv de blocare a manerelor usilor si geamurilor, Gonga\u00ae | ZOKO<\/title>\n<meta name=\"robots\" content=\"index, follow, max-snippet:-1, max-image-preview:large, max-video-preview:-1\" \/>\n<link rel=\"canonical\" href=\"https:\/\/www.zoko.ro\/en\/p\/dispozitiv-de-blocare-a-manerelor-usilor-si-geamurilor-gonga\/\" \/>\n<meta property=\"og:locale\" content=\"en_GB\" \/>\n<meta property=\"og:type\" content=\"article\" \/>\n<meta property=\"og:title\" content=\"Dispozitiv de blocare a manerelor usilor si geamurilor, Gonga\u00ae | ZOKO\" \/>\n<meta property=\"og:description\" content=\"Culoare: Alb Protectie pentru manere ce blocheaza deschiderea u\u0219ii sau ferestrei de c\u0103tre copiii mici.\u00a0 Are o baz\u0103 mare care\" \/>\n<meta property=\"og:url\" content=\"https:\/\/www.zoko.ro\/en\/p\/dispozitiv-de-blocare-a-manerelor-usilor-si-geamurilor-gonga\/\" \/>\n<meta property=\"og:site_name\" content=\"ZOKO\" \/>\n<meta property=\"article:publisher\" content=\"https:\/\/www.facebook.com\/profile.php?id=61584344135075\" \/>\n<meta property=\"og:image\" content=\"https:\/\/www.zoko.ro\/wp-content\/uploads\/2025\/03\/dispozitiv-de-blocare-a-manerelor-usilor-si-geamurilor-gonga.jpg\" \/>\n\t<meta property=\"og:image:width\" content=\"800\" \/>\n\t<meta property=\"og:image:height\" content=\"800\" \/>\n\t<meta property=\"og:image:type\" content=\"image\/jpeg\" \/>\n<meta name=\"twitter:card\" content=\"summary_large_image\" \/>\n<meta name=\"twitter:label1\" content=\"Estimated reading time\" \/>\n\t<meta name=\"twitter:data1\" content=\"1 minute\" \/>\n<script type=\"application\/ld+json\" class=\"yoast-schema-graph\">{\"@context\":\"https:\/\/schema.org\",\"@graph\":[{\"@type\":\"WebPage\",\"@id\":\"https:\/\/www.zoko.ro\/p\/dispozitiv-de-blocare-a-manerelor-usilor-si-geamurilor-gonga\/\",\"url\":\"https:\/\/www.zoko.ro\/p\/dispozitiv-de-blocare-a-manerelor-usilor-si-geamurilor-gonga\/\",\"name\":\"Dispozitiv de blocare a manerelor usilor si geamurilor, Gonga\u00ae | ZOKO\",\"isPartOf\":{\"@id\":\"https:\/\/www.zoko.ro\/#website\"},\"primaryImageOfPage\":{\"@id\":\"https:\/\/www.zoko.ro\/p\/dispozitiv-de-blocare-a-manerelor-usilor-si-geamurilor-gonga\/#primaryimage\"},\"image\":{\"@id\":\"https:\/\/www.zoko.ro\/p\/dispozitiv-de-blocare-a-manerelor-usilor-si-geamurilor-gonga\/#primaryimage\"},\"thumbnailUrl\":\"https:\/\/www.zoko.ro\/wp-content\/uploads\/2025\/03\/dispozitiv-de-blocare-a-manerelor-usilor-si-geamurilor-gonga.jpg\",\"datePublished\":\"2026-04-28T21:28:45+00:00\",\"breadcrumb\":{\"@id\":\"https:\/\/www.zoko.ro\/p\/dispozitiv-de-blocare-a-manerelor-usilor-si-geamurilor-gonga\/#breadcrumb\"},\"inLanguage\":\"en-GB\",\"potentialAction\":[{\"@type\":\"ReadAction\",\"target\":[\"https:\/\/www.zoko.ro\/p\/dispozitiv-de-blocare-a-manerelor-usilor-si-geamurilor-gonga\/\"]}]},{\"@type\":\"ImageObject\",\"inLanguage\":\"en-GB\",\"@id\":\"https:\/\/www.zoko.ro\/p\/dispozitiv-de-blocare-a-manerelor-usilor-si-geamurilor-gonga\/#primaryimage\",\"url\":\"https:\/\/www.zoko.ro\/wp-content\/uploads\/2025\/03\/dispozitiv-de-blocare-a-manerelor-usilor-si-geamurilor-gonga.jpg\",\"contentUrl\":\"https:\/\/www.zoko.ro\/wp-content\/uploads\/2025\/03\/dispozitiv-de-blocare-a-manerelor-usilor-si-geamurilor-gonga.jpg\",\"width\":800,\"height\":800},{\"@type\":\"BreadcrumbList\",\"@id\":\"https:\/\/www.zoko.ro\/p\/dispozitiv-de-blocare-a-manerelor-usilor-si-geamurilor-gonga\/#breadcrumb\",\"itemListElement\":[{\"@type\":\"ListItem\",\"position\":1,\"name\":\"Home\",\"item\":\"https:\/\/www.zoko.ro\/\"},{\"@type\":\"ListItem\",\"position\":2,\"name\":\"Magazin\",\"item\":\"https:\/\/www.zoko.ro\/magazin\/\"},{\"@type\":\"ListItem\",\"position\":3,\"name\":\"Dispozitiv de blocare a manerelor usilor si geamurilor, Gonga\u00ae\"}]},{\"@type\":\"WebSite\",\"@id\":\"https:\/\/www.zoko.ro\/#website\",\"url\":\"https:\/\/www.zoko.ro\/\",\"name\":\"ZOKO.ro\",\"description\":\"Cump\u0103r\u0103 inteligent\",\"publisher\":{\"@id\":\"https:\/\/www.zoko.ro\/#organization\"},\"potentialAction\":[{\"@type\":\"SearchAction\",\"target\":{\"@type\":\"EntryPoint\",\"urlTemplate\":\"https:\/\/www.zoko.ro\/?s={search_term_string}\"},\"query-input\":{\"@type\":\"PropertyValueSpecification\",\"valueRequired\":true,\"valueName\":\"search_term_string\"}}],\"inLanguage\":\"en-GB\"},{\"@type\":\"Organization\",\"@id\":\"https:\/\/www.zoko.ro\/#organization\",\"name\":\"ZOKO\",\"url\":\"https:\/\/www.zoko.ro\/\",\"logo\":{\"@type\":\"ImageObject\",\"inLanguage\":\"en-GB\",\"@id\":\"https:\/\/www.zoko.ro\/#\/schema\/logo\/image\/\",\"url\":\"https:\/\/www.zoko.ro\/wp-content\/uploads\/2025\/03\/logo1.svg\",\"contentUrl\":\"https:\/\/www.zoko.ro\/wp-content\/uploads\/2025\/03\/logo1.svg\",\"width\":799,\"height\":216,\"caption\":\"ZOKO\"},\"image\":{\"@id\":\"https:\/\/www.zoko.ro\/#\/schema\/logo\/image\/\"},\"sameAs\":[\"https:\/\/www.facebook.com\/profile.php?id=61584344135075\"]}]}<\/script>\n<!-- \/ Yoast SEO plugin. -->","yoast_head_json":{"title":"Dispozitiv de blocare a manerelor usilor si geamurilor, Gonga\u00ae | ZOKO","robots":{"index":"index","follow":"follow","max-snippet":"max-snippet:-1","max-image-preview":"max-image-preview:large","max-video-preview":"max-video-preview:-1"},"canonical":"https:\/\/www.zoko.ro\/en\/p\/dispozitiv-de-blocare-a-manerelor-usilor-si-geamurilor-gonga\/","og_locale":"en_GB","og_type":"article","og_title":"Dispozitiv de blocare a manerelor usilor si geamurilor, Gonga\u00ae | ZOKO","og_description":"Culoare: Alb Protectie pentru manere ce blocheaza deschiderea u\u0219ii sau ferestrei de c\u0103tre copiii mici.\u00a0 Are o baz\u0103 mare care","og_url":"https:\/\/www.zoko.ro\/en\/p\/dispozitiv-de-blocare-a-manerelor-usilor-si-geamurilor-gonga\/","og_site_name":"ZOKO","article_publisher":"https:\/\/www.facebook.com\/profile.php?id=61584344135075","og_image":[{"width":800,"height":800,"url":"https:\/\/www.zoko.ro\/wp-content\/uploads\/2025\/03\/dispozitiv-de-blocare-a-manerelor-usilor-si-geamurilor-gonga.jpg","type":"image\/jpeg"}],"twitter_card":"summary_large_image","twitter_misc":{"Estimated reading time":"1 minute"},"schema":{"@context":"https:\/\/schema.org","@graph":[{"@type":"WebPage","@id":"https:\/\/www.zoko.ro\/p\/dispozitiv-de-blocare-a-manerelor-usilor-si-geamurilor-gonga\/","url":"https:\/\/www.zoko.ro\/p\/dispozitiv-de-blocare-a-manerelor-usilor-si-geamurilor-gonga\/","name":"Dispozitiv de blocare a manerelor usilor si geamurilor, Gonga\u00ae | ZOKO","isPartOf":{"@id":"https:\/\/www.zoko.ro\/#website"},"primaryImageOfPage":{"@id":"https:\/\/www.zoko.ro\/p\/dispozitiv-de-blocare-a-manerelor-usilor-si-geamurilor-gonga\/#primaryimage"},"image":{"@id":"https:\/\/www.zoko.ro\/p\/dispozitiv-de-blocare-a-manerelor-usilor-si-geamurilor-gonga\/#primaryimage"},"thumbnailUrl":"https:\/\/www.zoko.ro\/wp-content\/uploads\/2025\/03\/dispozitiv-de-blocare-a-manerelor-usilor-si-geamurilor-gonga.jpg","datePublished":"2026-04-28T21:28:45+00:00","breadcrumb":{"@id":"https:\/\/www.zoko.ro\/p\/dispozitiv-de-blocare-a-manerelor-usilor-si-geamurilor-gonga\/#breadcrumb"},"inLanguage":"en-GB","potentialAction":[{"@type":"ReadAction","target":["https:\/\/www.zoko.ro\/p\/dispozitiv-de-blocare-a-manerelor-usilor-si-geamurilor-gonga\/"]}]},{"@type":"ImageObject","inLanguage":"en-GB","@id":"https:\/\/www.zoko.ro\/p\/dispozitiv-de-blocare-a-manerelor-usilor-si-geamurilor-gonga\/#primaryimage","url":"https:\/\/www.zoko.ro\/wp-content\/uploads\/2025\/03\/dispozitiv-de-blocare-a-manerelor-usilor-si-geamurilor-gonga.jpg","contentUrl":"https:\/\/www.zoko.ro\/wp-content\/uploads\/2025\/03\/dispozitiv-de-blocare-a-manerelor-usilor-si-geamurilor-gonga.jpg","width":800,"height":800},{"@type":"BreadcrumbList","@id":"https:\/\/www.zoko.ro\/p\/dispozitiv-de-blocare-a-manerelor-usilor-si-geamurilor-gonga\/#breadcrumb","itemListElement":[{"@type":"ListItem","position":1,"name":"Home","item":"https:\/\/www.zoko.ro\/"},{"@type":"ListItem","position":2,"name":"Magazin","item":"https:\/\/www.zoko.ro\/magazin\/"},{"@type":"ListItem","position":3,"name":"Dispozitiv de blocare a manerelor usilor si geamurilor, Gonga\u00ae"}]},{"@type":"WebSite","@id":"https:\/\/www.zoko.ro\/#website","url":"https:\/\/www.zoko.ro\/","name":"ZOKO.ro","description":"Cump\u0103r\u0103 inteligent","publisher":{"@id":"https:\/\/www.zoko.ro\/#organization"},"potentialAction":[{"@type":"SearchAction","target":{"@type":"EntryPoint","urlTemplate":"https:\/\/www.zoko.ro\/?s={search_term_string}"},"query-input":{"@type":"PropertyValueSpecification","valueRequired":true,"valueName":"search_term_string"}}],"inLanguage":"en-GB"},{"@type":"Organization","@id":"https:\/\/www.zoko.ro\/#organization","name":"ZOKO","url":"https:\/\/www.zoko.ro\/","logo":{"@type":"ImageObject","inLanguage":"en-GB","@id":"https:\/\/www.zoko.ro\/#\/schema\/logo\/image\/","url":"https:\/\/www.zoko.ro\/wp-content\/uploads\/2025\/03\/logo1.svg","contentUrl":"https:\/\/www.zoko.ro\/wp-content\/uploads\/2025\/03\/logo1.svg","width":799,"height":216,"caption":"ZOKO"},"image":{"@id":"https:\/\/www.zoko.ro\/#\/schema\/logo\/image\/"},"sameAs":["https:\/\/www.facebook.com\/profile.php?id=61584344135075"]}]}},"_links":{"self":[{"href":"https:\/\/www.zoko.ro\/en\/wp-json\/wp\/v2\/product\/8961","targetHints":{"allow":["GET"]}}],"collection":[{"href":"https:\/\/www.zoko.ro\/en\/wp-json\/wp\/v2\/product"}],"about":[{"href":"https:\/\/www.zoko.ro\/en\/wp-json\/wp\/v2\/types\/product"}],"replies":[{"embeddable":true,"href":"https:\/\/www.zoko.ro\/en\/wp-json\/wp\/v2\/comments?post=8961"}],"version-history":[{"count":1,"href":"https:\/\/www.zoko.ro\/en\/wp-json\/wp\/v2\/product\/8961\/revisions"}],"predecessor-version":[{"id":8962,"href":"https:\/\/www.zoko.ro\/en\/wp-json\/wp\/v2\/product\/8961\/revisions\/8962"}],"wp:featuredmedia":[{"embeddable":true,"href":"https:\/\/www.zoko.ro\/en\/wp-json\/wp\/v2\/media\/8963"}],"wp:attachment":[{"href":"https:\/\/www.zoko.ro\/en\/wp-json\/wp\/v2\/media?parent=8961"}],"wp:term":[{"taxonomy":"product_brand","embeddable":true,"href":"https:\/\/www.zoko.ro\/en\/wp-json\/wp\/v2\/product_brand?post=8961"},{"taxonomy":"product_cat","embeddable":true,"href":"https:\/\/www.zoko.ro\/en\/wp-json\/wp\/v2\/product_cat?post=8961"},{"taxonomy":"product_tag","embeddable":true,"href":"https:\/\/www.zoko.ro\/en\/wp-json\/wp\/v2\/product_tag?post=8961"}],"curies":[{"name":"wp","href":"https:\/\/api.w.org\/{rel}","templated":true}]}}