{"id":9022,"date":"2026-04-28T23:28:50","date_gmt":"2026-04-28T21:28:50","guid":{"rendered":"https:\/\/www.zoko.ro\/p\/termos-pentru-pastrarea-bauturilor-calde-gonga-2\/"},"modified":"2026-04-28T23:28:50","modified_gmt":"2026-04-28T21:28:50","slug":"termos-pentru-pastrarea-bauturilor-calde-gonga-2","status":"publish","type":"product","link":"https:\/\/www.zoko.ro\/en\/p\/termos-pentru-pastrarea-bauturilor-calde-gonga-2\/","title":{"rendered":"Termos pentru pastrarea bauturilor calde, Gonga\u00ae"},"content":{"rendered":"<p><strong>Culoare:<\/strong> Alb<\/p>\n<p>O can\u0103 termic\u0103 din o\u021bel inoxidabil \u0219i plastic solid.\u00a0<\/p>\n<\/p>\n<p>\u00ce\u021bi \u021bine m\u00e2na foarte ferm datorit\u0103 utiliz\u0103rii materialului mat \u0219i a designului ergonomic.\u00a0<\/p>\n<\/p>\n<p>De asemenea, are un capac controlat de un buton convenabil.\u00a0<\/p>\n<\/p>\n<p>Perfect pentru depozitarea b\u0103uturilor reci \u0219i calde, datorit\u0103 propriet\u0103\u021bilor sale bune de izolare termic\u0103 .<\/p>\n<\/p>\n<p>Caracteristicile produsului:<\/p>\n<\/p>\n<p>&#8211; Cana termic\u0103 confortabil\u0103.<\/p>\n<p>&#8211; Fabricat din o\u021bel inoxidabil de \u00eenalt\u0103 calitate \u0219i plastic mat.<\/p>\n<p>&#8211; Mentine perfect temperatura, atat pentru bauturi reci cat si calde.<\/p>\n<p>&#8211; Un orificiu confortabil care previne stropirea \u00een timpul bautului.<\/p>\n<p>&#8211; Forma ergonomic\u0103, sub\u021bire \u0219i materialul mat v\u0103 permit s\u0103 \u021bine\u021bi cupa \u00een siguran\u021b\u0103 \u00een m\u00e2n\u0103.<\/p>\n<\/p>\n<p>Specifica\u021bie:<\/p>\n<\/p>\n<p>&#8211; Material: otel inoxidabil + plastic<\/p>\n<p>&#8211; M\u00e2ner ergonomic<\/p>\n<p>&#8211; Deschidere si inchidere comoda<\/p>\n<p>&#8211; Blocare \u00eempotriva deschiderii accidentale<\/p>\n<p>&#8211; Acoperire anti-alunecare pe partea inferioar\u0103<\/p>\n<p>&#8211; Izola\u021bie perfect\u0103<\/p>\n<p>&#8211; Capacitate: 510 ml<\/p>\n<p>&#8211; Inaltime: 17 cm<\/p>\n<p>&#8211; Diametru: 8 cm<\/p>\n<p>&#8211; Culoare neagra<\/p>","protected":false},"excerpt":{"rendered":"<p>Culoare: Alb O can\u0103 termic\u0103 din o\u021bel inoxidabil \u0219i plastic solid.\u00a0 \u00ce\u021bi \u021bine m\u00e2na foarte ferm datorit\u0103 utiliz\u0103rii materialului mat<\/p>","protected":false},"featured_media":9024,"comment_status":"open","ping_status":"open","template":"","meta":[],"product_brand":[],"product_cat":[99,103,102],"product_tag":[104],"class_list":{"0":"post-9022","1":"product","2":"type-product","3":"status-publish","4":"has-post-thumbnail","6":"product_cat-acasa","7":"product_cat-accesorii-fitness","8":"product_cat-sport-activitati-in-aer-liber","9":"product_tag-in-stoc","10":"pa_culoare-alb","12":"first","13":"instock","14":"sale","15":"purchasable","16":"product-type-simple"},"yoast_head":"<!-- This site is optimized with the Yoast SEO plugin v27.2 - https:\/\/yoast.com\/product\/yoast-seo-wordpress\/ -->\n<title>Termos pentru pastrarea bauturilor calde, Gonga\u00ae | ZOKO<\/title>\n<meta name=\"robots\" content=\"index, follow, max-snippet:-1, max-image-preview:large, max-video-preview:-1\" \/>\n<link rel=\"canonical\" href=\"https:\/\/www.zoko.ro\/en\/p\/termos-pentru-pastrarea-bauturilor-calde-gonga-2\/\" \/>\n<meta property=\"og:locale\" content=\"en_GB\" \/>\n<meta property=\"og:type\" content=\"article\" \/>\n<meta property=\"og:title\" content=\"Termos pentru pastrarea bauturilor calde, Gonga\u00ae | ZOKO\" \/>\n<meta property=\"og:description\" content=\"Culoare: Alb O can\u0103 termic\u0103 din o\u021bel inoxidabil \u0219i plastic solid.\u00a0 \u00ce\u021bi \u021bine m\u00e2na foarte ferm datorit\u0103 utiliz\u0103rii materialului mat\" \/>\n<meta property=\"og:url\" content=\"https:\/\/www.zoko.ro\/en\/p\/termos-pentru-pastrarea-bauturilor-calde-gonga-2\/\" \/>\n<meta property=\"og:site_name\" content=\"ZOKO\" \/>\n<meta property=\"article:publisher\" content=\"https:\/\/www.facebook.com\/profile.php?id=61584344135075\" \/>\n<meta property=\"og:image\" content=\"https:\/\/www.zoko.ro\/wp-content\/uploads\/2025\/03\/termos-pentru-pastrarea-bauturilor-calde-gonga-6.jpg\" \/>\n\t<meta property=\"og:image:width\" content=\"866\" \/>\n\t<meta property=\"og:image:height\" content=\"1200\" \/>\n\t<meta property=\"og:image:type\" content=\"image\/jpeg\" \/>\n<meta name=\"twitter:card\" content=\"summary_large_image\" \/>\n<meta name=\"twitter:label1\" content=\"Estimated reading time\" \/>\n\t<meta name=\"twitter:data1\" content=\"1 minute\" \/>\n<script type=\"application\/ld+json\" class=\"yoast-schema-graph\">{\"@context\":\"https:\/\/schema.org\",\"@graph\":[{\"@type\":\"WebPage\",\"@id\":\"https:\/\/www.zoko.ro\/p\/termos-pentru-pastrarea-bauturilor-calde-gonga-2\/\",\"url\":\"https:\/\/www.zoko.ro\/p\/termos-pentru-pastrarea-bauturilor-calde-gonga-2\/\",\"name\":\"Termos pentru pastrarea bauturilor calde, Gonga\u00ae | ZOKO\",\"isPartOf\":{\"@id\":\"https:\/\/www.zoko.ro\/#website\"},\"primaryImageOfPage\":{\"@id\":\"https:\/\/www.zoko.ro\/p\/termos-pentru-pastrarea-bauturilor-calde-gonga-2\/#primaryimage\"},\"image\":{\"@id\":\"https:\/\/www.zoko.ro\/p\/termos-pentru-pastrarea-bauturilor-calde-gonga-2\/#primaryimage\"},\"thumbnailUrl\":\"https:\/\/www.zoko.ro\/wp-content\/uploads\/2025\/03\/termos-pentru-pastrarea-bauturilor-calde-gonga-6.jpg\",\"datePublished\":\"2026-04-28T21:28:50+00:00\",\"breadcrumb\":{\"@id\":\"https:\/\/www.zoko.ro\/p\/termos-pentru-pastrarea-bauturilor-calde-gonga-2\/#breadcrumb\"},\"inLanguage\":\"en-GB\",\"potentialAction\":[{\"@type\":\"ReadAction\",\"target\":[\"https:\/\/www.zoko.ro\/p\/termos-pentru-pastrarea-bauturilor-calde-gonga-2\/\"]}]},{\"@type\":\"ImageObject\",\"inLanguage\":\"en-GB\",\"@id\":\"https:\/\/www.zoko.ro\/p\/termos-pentru-pastrarea-bauturilor-calde-gonga-2\/#primaryimage\",\"url\":\"https:\/\/www.zoko.ro\/wp-content\/uploads\/2025\/03\/termos-pentru-pastrarea-bauturilor-calde-gonga-6.jpg\",\"contentUrl\":\"https:\/\/www.zoko.ro\/wp-content\/uploads\/2025\/03\/termos-pentru-pastrarea-bauturilor-calde-gonga-6.jpg\",\"width\":866,\"height\":1200},{\"@type\":\"BreadcrumbList\",\"@id\":\"https:\/\/www.zoko.ro\/p\/termos-pentru-pastrarea-bauturilor-calde-gonga-2\/#breadcrumb\",\"itemListElement\":[{\"@type\":\"ListItem\",\"position\":1,\"name\":\"Home\",\"item\":\"https:\/\/www.zoko.ro\/\"},{\"@type\":\"ListItem\",\"position\":2,\"name\":\"Magazin\",\"item\":\"https:\/\/www.zoko.ro\/magazin\/\"},{\"@type\":\"ListItem\",\"position\":3,\"name\":\"Termos pentru pastrarea bauturilor calde, Gonga\u00ae\"}]},{\"@type\":\"WebSite\",\"@id\":\"https:\/\/www.zoko.ro\/#website\",\"url\":\"https:\/\/www.zoko.ro\/\",\"name\":\"ZOKO.ro\",\"description\":\"Cump\u0103r\u0103 inteligent\",\"publisher\":{\"@id\":\"https:\/\/www.zoko.ro\/#organization\"},\"potentialAction\":[{\"@type\":\"SearchAction\",\"target\":{\"@type\":\"EntryPoint\",\"urlTemplate\":\"https:\/\/www.zoko.ro\/?s={search_term_string}\"},\"query-input\":{\"@type\":\"PropertyValueSpecification\",\"valueRequired\":true,\"valueName\":\"search_term_string\"}}],\"inLanguage\":\"en-GB\"},{\"@type\":\"Organization\",\"@id\":\"https:\/\/www.zoko.ro\/#organization\",\"name\":\"ZOKO\",\"url\":\"https:\/\/www.zoko.ro\/\",\"logo\":{\"@type\":\"ImageObject\",\"inLanguage\":\"en-GB\",\"@id\":\"https:\/\/www.zoko.ro\/#\/schema\/logo\/image\/\",\"url\":\"https:\/\/www.zoko.ro\/wp-content\/uploads\/2025\/03\/logo1.svg\",\"contentUrl\":\"https:\/\/www.zoko.ro\/wp-content\/uploads\/2025\/03\/logo1.svg\",\"width\":799,\"height\":216,\"caption\":\"ZOKO\"},\"image\":{\"@id\":\"https:\/\/www.zoko.ro\/#\/schema\/logo\/image\/\"},\"sameAs\":[\"https:\/\/www.facebook.com\/profile.php?id=61584344135075\"]}]}<\/script>\n<!-- \/ Yoast SEO plugin. -->","yoast_head_json":{"title":"Termos pentru pastrarea bauturilor calde, Gonga\u00ae | ZOKO","robots":{"index":"index","follow":"follow","max-snippet":"max-snippet:-1","max-image-preview":"max-image-preview:large","max-video-preview":"max-video-preview:-1"},"canonical":"https:\/\/www.zoko.ro\/en\/p\/termos-pentru-pastrarea-bauturilor-calde-gonga-2\/","og_locale":"en_GB","og_type":"article","og_title":"Termos pentru pastrarea bauturilor calde, Gonga\u00ae | ZOKO","og_description":"Culoare: Alb O can\u0103 termic\u0103 din o\u021bel inoxidabil \u0219i plastic solid.\u00a0 \u00ce\u021bi \u021bine m\u00e2na foarte ferm datorit\u0103 utiliz\u0103rii materialului mat","og_url":"https:\/\/www.zoko.ro\/en\/p\/termos-pentru-pastrarea-bauturilor-calde-gonga-2\/","og_site_name":"ZOKO","article_publisher":"https:\/\/www.facebook.com\/profile.php?id=61584344135075","og_image":[{"width":866,"height":1200,"url":"https:\/\/www.zoko.ro\/wp-content\/uploads\/2025\/03\/termos-pentru-pastrarea-bauturilor-calde-gonga-6.jpg","type":"image\/jpeg"}],"twitter_card":"summary_large_image","twitter_misc":{"Estimated reading time":"1 minute"},"schema":{"@context":"https:\/\/schema.org","@graph":[{"@type":"WebPage","@id":"https:\/\/www.zoko.ro\/p\/termos-pentru-pastrarea-bauturilor-calde-gonga-2\/","url":"https:\/\/www.zoko.ro\/p\/termos-pentru-pastrarea-bauturilor-calde-gonga-2\/","name":"Termos pentru pastrarea bauturilor calde, Gonga\u00ae | ZOKO","isPartOf":{"@id":"https:\/\/www.zoko.ro\/#website"},"primaryImageOfPage":{"@id":"https:\/\/www.zoko.ro\/p\/termos-pentru-pastrarea-bauturilor-calde-gonga-2\/#primaryimage"},"image":{"@id":"https:\/\/www.zoko.ro\/p\/termos-pentru-pastrarea-bauturilor-calde-gonga-2\/#primaryimage"},"thumbnailUrl":"https:\/\/www.zoko.ro\/wp-content\/uploads\/2025\/03\/termos-pentru-pastrarea-bauturilor-calde-gonga-6.jpg","datePublished":"2026-04-28T21:28:50+00:00","breadcrumb":{"@id":"https:\/\/www.zoko.ro\/p\/termos-pentru-pastrarea-bauturilor-calde-gonga-2\/#breadcrumb"},"inLanguage":"en-GB","potentialAction":[{"@type":"ReadAction","target":["https:\/\/www.zoko.ro\/p\/termos-pentru-pastrarea-bauturilor-calde-gonga-2\/"]}]},{"@type":"ImageObject","inLanguage":"en-GB","@id":"https:\/\/www.zoko.ro\/p\/termos-pentru-pastrarea-bauturilor-calde-gonga-2\/#primaryimage","url":"https:\/\/www.zoko.ro\/wp-content\/uploads\/2025\/03\/termos-pentru-pastrarea-bauturilor-calde-gonga-6.jpg","contentUrl":"https:\/\/www.zoko.ro\/wp-content\/uploads\/2025\/03\/termos-pentru-pastrarea-bauturilor-calde-gonga-6.jpg","width":866,"height":1200},{"@type":"BreadcrumbList","@id":"https:\/\/www.zoko.ro\/p\/termos-pentru-pastrarea-bauturilor-calde-gonga-2\/#breadcrumb","itemListElement":[{"@type":"ListItem","position":1,"name":"Home","item":"https:\/\/www.zoko.ro\/"},{"@type":"ListItem","position":2,"name":"Magazin","item":"https:\/\/www.zoko.ro\/magazin\/"},{"@type":"ListItem","position":3,"name":"Termos pentru pastrarea bauturilor calde, Gonga\u00ae"}]},{"@type":"WebSite","@id":"https:\/\/www.zoko.ro\/#website","url":"https:\/\/www.zoko.ro\/","name":"ZOKO.ro","description":"Cump\u0103r\u0103 inteligent","publisher":{"@id":"https:\/\/www.zoko.ro\/#organization"},"potentialAction":[{"@type":"SearchAction","target":{"@type":"EntryPoint","urlTemplate":"https:\/\/www.zoko.ro\/?s={search_term_string}"},"query-input":{"@type":"PropertyValueSpecification","valueRequired":true,"valueName":"search_term_string"}}],"inLanguage":"en-GB"},{"@type":"Organization","@id":"https:\/\/www.zoko.ro\/#organization","name":"ZOKO","url":"https:\/\/www.zoko.ro\/","logo":{"@type":"ImageObject","inLanguage":"en-GB","@id":"https:\/\/www.zoko.ro\/#\/schema\/logo\/image\/","url":"https:\/\/www.zoko.ro\/wp-content\/uploads\/2025\/03\/logo1.svg","contentUrl":"https:\/\/www.zoko.ro\/wp-content\/uploads\/2025\/03\/logo1.svg","width":799,"height":216,"caption":"ZOKO"},"image":{"@id":"https:\/\/www.zoko.ro\/#\/schema\/logo\/image\/"},"sameAs":["https:\/\/www.facebook.com\/profile.php?id=61584344135075"]}]}},"_links":{"self":[{"href":"https:\/\/www.zoko.ro\/en\/wp-json\/wp\/v2\/product\/9022","targetHints":{"allow":["GET"]}}],"collection":[{"href":"https:\/\/www.zoko.ro\/en\/wp-json\/wp\/v2\/product"}],"about":[{"href":"https:\/\/www.zoko.ro\/en\/wp-json\/wp\/v2\/types\/product"}],"replies":[{"embeddable":true,"href":"https:\/\/www.zoko.ro\/en\/wp-json\/wp\/v2\/comments?post=9022"}],"version-history":[{"count":1,"href":"https:\/\/www.zoko.ro\/en\/wp-json\/wp\/v2\/product\/9022\/revisions"}],"predecessor-version":[{"id":9023,"href":"https:\/\/www.zoko.ro\/en\/wp-json\/wp\/v2\/product\/9022\/revisions\/9023"}],"wp:featuredmedia":[{"embeddable":true,"href":"https:\/\/www.zoko.ro\/en\/wp-json\/wp\/v2\/media\/9024"}],"wp:attachment":[{"href":"https:\/\/www.zoko.ro\/en\/wp-json\/wp\/v2\/media?parent=9022"}],"wp:term":[{"taxonomy":"product_brand","embeddable":true,"href":"https:\/\/www.zoko.ro\/en\/wp-json\/wp\/v2\/product_brand?post=9022"},{"taxonomy":"product_cat","embeddable":true,"href":"https:\/\/www.zoko.ro\/en\/wp-json\/wp\/v2\/product_cat?post=9022"},{"taxonomy":"product_tag","embeddable":true,"href":"https:\/\/www.zoko.ro\/en\/wp-json\/wp\/v2\/product_tag?post=9022"}],"curies":[{"name":"wp","href":"https:\/\/api.w.org\/{rel}","templated":true}]}}