{"id":9054,"date":"2026-04-28T23:28:51","date_gmt":"2026-04-28T21:28:51","guid":{"rendered":"https:\/\/www.zoko.ro\/p\/set-organizator-de-sertar-4-piese-gonga\/"},"modified":"2026-04-28T23:28:51","modified_gmt":"2026-04-28T21:28:51","slug":"set-organizator-de-sertar-4-piese-gonga","status":"publish","type":"product","link":"https:\/\/www.zoko.ro\/en\/p\/set-organizator-de-sertar-4-piese-gonga\/","title":{"rendered":"Set Organizator de sertar, 4 piese, Gonga\u00ae"},"content":{"rendered":"<p><strong>Culoare:<\/strong> Gri<\/p>\n<p>Set de 4 organizatoare pentru sertar. Inser\u021biile v\u0103 permit s\u0103 v\u0103 organiza\u021bi colec\u021biile de cravate, \u0219osete, curele \u0219i lenjerie intim\u0103 \u00eentr-un mod simplu, practic \u0219i ieftin.\u00a0<\/p>\n<\/p>\n<p>Setul include patru organizatoare de diferite dimensiuni, num\u0103r de compartimente \u0219i aplica\u021bii. Sunt fabricate din material solid permeabil la aer.\u00a0<\/p>\n<\/p>\n<p>Designul deschis permite accesul rapid la haine.\u00a0<\/p>\n<\/p>\n<p>Posibilitatea de pliere permite economisirea suplimentar\u0103 de spa\u021biu atunci c\u00e2nd nu utiliza\u021bi una dintre inser\u021bii.<\/p>\n<\/p>\n<p>Specifica\u021biile produsului:<\/p>\n<\/p>\n<p>&#8211; Organizatorul portabil v\u0103 permite s\u0103 v\u0103 p\u0103stra\u021bi \u00een ordine sertarele pentru lenjerie intim\u0103 &#8211; ve\u021bi g\u0103si \u00een sf\u00e2r\u0219it hainele de care ave\u021bi nevoie imediat dup\u0103 deschiderea lor.<\/p>\n<p>&#8211; Sunt realizate din material de \u00eenalt\u0103 calitate, permeabil la aer \u0219i u\u0219or de cur\u0103\u021bat &#8211; p\u0103r\u021bile laterale ale organizatoarelor au fost rigidizate suplimentar cu carton.<\/p>\n<p>&#8211; Organizatorii nu au o \u00eenchidere superioar\u0103 pentru a facilita \u0219i mai mult accesul la articolele stocate \u00een acesta.<\/p>\n<p>&#8211; Posibilitatea de pliere \u0219i desf\u0103\u0219urare rapid\u0103 permite economisirea suplimentar\u0103 de spa\u021biu!<\/p>\n<p>&#8211; Material: plastic<\/p>\n<\/p>\n<p>Dimensiuni:<\/p>\n<\/p>\n<p>&#8211; Organizator mare (24 compartimente): 32 cm x 32 cm<\/p>\n<p>&#8211; Organizator mare (7 compartimente): 32 cm x 32 cm<\/p>\n<p>&#8211; Organizator mic (6 compartimente): 32 cm x 16 cm<\/p>\n<p>&#8211; Organizator mic (8 compartimente): 28 cm x 14 cm<\/p>\n<p>&#8211; Dimensiuni (total): in functie de aranjamentul organizatorilor<\/p>\n<p>&#8211; Inaltime: 10 cm<\/p>","protected":false},"excerpt":{"rendered":"<p>Culoare: Gri Set de 4 organizatoare pentru sertar. Inser\u021biile v\u0103 permit s\u0103 v\u0103 organiza\u021bi colec\u021biile de cravate, \u0219osete, curele \u0219i<\/p>","protected":false},"featured_media":9056,"comment_status":"open","ping_status":"open","template":"","meta":[],"product_brand":[],"product_cat":[99,100,105],"product_tag":[104],"class_list":{"0":"post-9054","1":"product","2":"type-product","3":"status-publish","4":"has-post-thumbnail","6":"product_cat-acasa","7":"product_cat-casa-gradina","8":"product_cat-curatenie-intretinere-casa","9":"product_tag-in-stoc","10":"pa_culoare-gri","12":"first","13":"instock","14":"sale","15":"purchasable","16":"product-type-simple"},"yoast_head":"<!-- This site is optimized with the Yoast SEO plugin v27.2 - https:\/\/yoast.com\/product\/yoast-seo-wordpress\/ -->\n<title>Set Organizator de sertar, 4 piese, Gonga\u00ae | ZOKO<\/title>\n<meta name=\"robots\" content=\"index, follow, max-snippet:-1, max-image-preview:large, max-video-preview:-1\" \/>\n<link rel=\"canonical\" href=\"https:\/\/www.zoko.ro\/en\/p\/set-organizator-de-sertar-4-piese-gonga\/\" \/>\n<meta property=\"og:locale\" content=\"en_GB\" \/>\n<meta property=\"og:type\" content=\"article\" \/>\n<meta property=\"og:title\" content=\"Set Organizator de sertar, 4 piese, Gonga\u00ae | ZOKO\" \/>\n<meta property=\"og:description\" content=\"Culoare: Gri Set de 4 organizatoare pentru sertar. Inser\u021biile v\u0103 permit s\u0103 v\u0103 organiza\u021bi colec\u021biile de cravate, \u0219osete, curele \u0219i\" \/>\n<meta property=\"og:url\" content=\"https:\/\/www.zoko.ro\/en\/p\/set-organizator-de-sertar-4-piese-gonga\/\" \/>\n<meta property=\"og:site_name\" content=\"ZOKO\" \/>\n<meta property=\"article:publisher\" content=\"https:\/\/www.facebook.com\/profile.php?id=61584344135075\" \/>\n<meta property=\"og:image\" content=\"https:\/\/www.zoko.ro\/wp-content\/uploads\/2025\/03\/set-organizator-de-sertar-4-piese-gonga.jpg\" \/>\n\t<meta property=\"og:image:width\" content=\"1200\" \/>\n\t<meta property=\"og:image:height\" content=\"1023\" \/>\n\t<meta property=\"og:image:type\" content=\"image\/jpeg\" \/>\n<meta name=\"twitter:card\" content=\"summary_large_image\" \/>\n<meta name=\"twitter:label1\" content=\"Estimated reading time\" \/>\n\t<meta name=\"twitter:data1\" content=\"1 minute\" \/>\n<script type=\"application\/ld+json\" class=\"yoast-schema-graph\">{\"@context\":\"https:\/\/schema.org\",\"@graph\":[{\"@type\":\"WebPage\",\"@id\":\"https:\/\/www.zoko.ro\/p\/set-organizator-de-sertar-4-piese-gonga\/\",\"url\":\"https:\/\/www.zoko.ro\/p\/set-organizator-de-sertar-4-piese-gonga\/\",\"name\":\"Set Organizator de sertar, 4 piese, Gonga\u00ae | ZOKO\",\"isPartOf\":{\"@id\":\"https:\/\/www.zoko.ro\/#website\"},\"primaryImageOfPage\":{\"@id\":\"https:\/\/www.zoko.ro\/p\/set-organizator-de-sertar-4-piese-gonga\/#primaryimage\"},\"image\":{\"@id\":\"https:\/\/www.zoko.ro\/p\/set-organizator-de-sertar-4-piese-gonga\/#primaryimage\"},\"thumbnailUrl\":\"https:\/\/www.zoko.ro\/wp-content\/uploads\/2025\/03\/set-organizator-de-sertar-4-piese-gonga.jpg\",\"datePublished\":\"2026-04-28T21:28:51+00:00\",\"breadcrumb\":{\"@id\":\"https:\/\/www.zoko.ro\/p\/set-organizator-de-sertar-4-piese-gonga\/#breadcrumb\"},\"inLanguage\":\"en-GB\",\"potentialAction\":[{\"@type\":\"ReadAction\",\"target\":[\"https:\/\/www.zoko.ro\/p\/set-organizator-de-sertar-4-piese-gonga\/\"]}]},{\"@type\":\"ImageObject\",\"inLanguage\":\"en-GB\",\"@id\":\"https:\/\/www.zoko.ro\/p\/set-organizator-de-sertar-4-piese-gonga\/#primaryimage\",\"url\":\"https:\/\/www.zoko.ro\/wp-content\/uploads\/2025\/03\/set-organizator-de-sertar-4-piese-gonga.jpg\",\"contentUrl\":\"https:\/\/www.zoko.ro\/wp-content\/uploads\/2025\/03\/set-organizator-de-sertar-4-piese-gonga.jpg\",\"width\":1200,\"height\":1023},{\"@type\":\"BreadcrumbList\",\"@id\":\"https:\/\/www.zoko.ro\/p\/set-organizator-de-sertar-4-piese-gonga\/#breadcrumb\",\"itemListElement\":[{\"@type\":\"ListItem\",\"position\":1,\"name\":\"Home\",\"item\":\"https:\/\/www.zoko.ro\/\"},{\"@type\":\"ListItem\",\"position\":2,\"name\":\"Magazin\",\"item\":\"https:\/\/www.zoko.ro\/magazin\/\"},{\"@type\":\"ListItem\",\"position\":3,\"name\":\"Set Organizator de sertar, 4 piese, Gonga\u00ae\"}]},{\"@type\":\"WebSite\",\"@id\":\"https:\/\/www.zoko.ro\/#website\",\"url\":\"https:\/\/www.zoko.ro\/\",\"name\":\"ZOKO.ro\",\"description\":\"Cump\u0103r\u0103 inteligent\",\"publisher\":{\"@id\":\"https:\/\/www.zoko.ro\/#organization\"},\"potentialAction\":[{\"@type\":\"SearchAction\",\"target\":{\"@type\":\"EntryPoint\",\"urlTemplate\":\"https:\/\/www.zoko.ro\/?s={search_term_string}\"},\"query-input\":{\"@type\":\"PropertyValueSpecification\",\"valueRequired\":true,\"valueName\":\"search_term_string\"}}],\"inLanguage\":\"en-GB\"},{\"@type\":\"Organization\",\"@id\":\"https:\/\/www.zoko.ro\/#organization\",\"name\":\"ZOKO\",\"url\":\"https:\/\/www.zoko.ro\/\",\"logo\":{\"@type\":\"ImageObject\",\"inLanguage\":\"en-GB\",\"@id\":\"https:\/\/www.zoko.ro\/#\/schema\/logo\/image\/\",\"url\":\"https:\/\/www.zoko.ro\/wp-content\/uploads\/2025\/03\/logo1.svg\",\"contentUrl\":\"https:\/\/www.zoko.ro\/wp-content\/uploads\/2025\/03\/logo1.svg\",\"width\":799,\"height\":216,\"caption\":\"ZOKO\"},\"image\":{\"@id\":\"https:\/\/www.zoko.ro\/#\/schema\/logo\/image\/\"},\"sameAs\":[\"https:\/\/www.facebook.com\/profile.php?id=61584344135075\"]}]}<\/script>\n<!-- \/ Yoast SEO plugin. -->","yoast_head_json":{"title":"Set Organizator de sertar, 4 piese, Gonga\u00ae | ZOKO","robots":{"index":"index","follow":"follow","max-snippet":"max-snippet:-1","max-image-preview":"max-image-preview:large","max-video-preview":"max-video-preview:-1"},"canonical":"https:\/\/www.zoko.ro\/en\/p\/set-organizator-de-sertar-4-piese-gonga\/","og_locale":"en_GB","og_type":"article","og_title":"Set Organizator de sertar, 4 piese, Gonga\u00ae | ZOKO","og_description":"Culoare: Gri Set de 4 organizatoare pentru sertar. Inser\u021biile v\u0103 permit s\u0103 v\u0103 organiza\u021bi colec\u021biile de cravate, \u0219osete, curele \u0219i","og_url":"https:\/\/www.zoko.ro\/en\/p\/set-organizator-de-sertar-4-piese-gonga\/","og_site_name":"ZOKO","article_publisher":"https:\/\/www.facebook.com\/profile.php?id=61584344135075","og_image":[{"width":1200,"height":1023,"url":"https:\/\/www.zoko.ro\/wp-content\/uploads\/2025\/03\/set-organizator-de-sertar-4-piese-gonga.jpg","type":"image\/jpeg"}],"twitter_card":"summary_large_image","twitter_misc":{"Estimated reading time":"1 minute"},"schema":{"@context":"https:\/\/schema.org","@graph":[{"@type":"WebPage","@id":"https:\/\/www.zoko.ro\/p\/set-organizator-de-sertar-4-piese-gonga\/","url":"https:\/\/www.zoko.ro\/p\/set-organizator-de-sertar-4-piese-gonga\/","name":"Set Organizator de sertar, 4 piese, Gonga\u00ae | ZOKO","isPartOf":{"@id":"https:\/\/www.zoko.ro\/#website"},"primaryImageOfPage":{"@id":"https:\/\/www.zoko.ro\/p\/set-organizator-de-sertar-4-piese-gonga\/#primaryimage"},"image":{"@id":"https:\/\/www.zoko.ro\/p\/set-organizator-de-sertar-4-piese-gonga\/#primaryimage"},"thumbnailUrl":"https:\/\/www.zoko.ro\/wp-content\/uploads\/2025\/03\/set-organizator-de-sertar-4-piese-gonga.jpg","datePublished":"2026-04-28T21:28:51+00:00","breadcrumb":{"@id":"https:\/\/www.zoko.ro\/p\/set-organizator-de-sertar-4-piese-gonga\/#breadcrumb"},"inLanguage":"en-GB","potentialAction":[{"@type":"ReadAction","target":["https:\/\/www.zoko.ro\/p\/set-organizator-de-sertar-4-piese-gonga\/"]}]},{"@type":"ImageObject","inLanguage":"en-GB","@id":"https:\/\/www.zoko.ro\/p\/set-organizator-de-sertar-4-piese-gonga\/#primaryimage","url":"https:\/\/www.zoko.ro\/wp-content\/uploads\/2025\/03\/set-organizator-de-sertar-4-piese-gonga.jpg","contentUrl":"https:\/\/www.zoko.ro\/wp-content\/uploads\/2025\/03\/set-organizator-de-sertar-4-piese-gonga.jpg","width":1200,"height":1023},{"@type":"BreadcrumbList","@id":"https:\/\/www.zoko.ro\/p\/set-organizator-de-sertar-4-piese-gonga\/#breadcrumb","itemListElement":[{"@type":"ListItem","position":1,"name":"Home","item":"https:\/\/www.zoko.ro\/"},{"@type":"ListItem","position":2,"name":"Magazin","item":"https:\/\/www.zoko.ro\/magazin\/"},{"@type":"ListItem","position":3,"name":"Set Organizator de sertar, 4 piese, Gonga\u00ae"}]},{"@type":"WebSite","@id":"https:\/\/www.zoko.ro\/#website","url":"https:\/\/www.zoko.ro\/","name":"ZOKO.ro","description":"Cump\u0103r\u0103 inteligent","publisher":{"@id":"https:\/\/www.zoko.ro\/#organization"},"potentialAction":[{"@type":"SearchAction","target":{"@type":"EntryPoint","urlTemplate":"https:\/\/www.zoko.ro\/?s={search_term_string}"},"query-input":{"@type":"PropertyValueSpecification","valueRequired":true,"valueName":"search_term_string"}}],"inLanguage":"en-GB"},{"@type":"Organization","@id":"https:\/\/www.zoko.ro\/#organization","name":"ZOKO","url":"https:\/\/www.zoko.ro\/","logo":{"@type":"ImageObject","inLanguage":"en-GB","@id":"https:\/\/www.zoko.ro\/#\/schema\/logo\/image\/","url":"https:\/\/www.zoko.ro\/wp-content\/uploads\/2025\/03\/logo1.svg","contentUrl":"https:\/\/www.zoko.ro\/wp-content\/uploads\/2025\/03\/logo1.svg","width":799,"height":216,"caption":"ZOKO"},"image":{"@id":"https:\/\/www.zoko.ro\/#\/schema\/logo\/image\/"},"sameAs":["https:\/\/www.facebook.com\/profile.php?id=61584344135075"]}]}},"_links":{"self":[{"href":"https:\/\/www.zoko.ro\/en\/wp-json\/wp\/v2\/product\/9054","targetHints":{"allow":["GET"]}}],"collection":[{"href":"https:\/\/www.zoko.ro\/en\/wp-json\/wp\/v2\/product"}],"about":[{"href":"https:\/\/www.zoko.ro\/en\/wp-json\/wp\/v2\/types\/product"}],"replies":[{"embeddable":true,"href":"https:\/\/www.zoko.ro\/en\/wp-json\/wp\/v2\/comments?post=9054"}],"version-history":[{"count":1,"href":"https:\/\/www.zoko.ro\/en\/wp-json\/wp\/v2\/product\/9054\/revisions"}],"predecessor-version":[{"id":9055,"href":"https:\/\/www.zoko.ro\/en\/wp-json\/wp\/v2\/product\/9054\/revisions\/9055"}],"wp:featuredmedia":[{"embeddable":true,"href":"https:\/\/www.zoko.ro\/en\/wp-json\/wp\/v2\/media\/9056"}],"wp:attachment":[{"href":"https:\/\/www.zoko.ro\/en\/wp-json\/wp\/v2\/media?parent=9054"}],"wp:term":[{"taxonomy":"product_brand","embeddable":true,"href":"https:\/\/www.zoko.ro\/en\/wp-json\/wp\/v2\/product_brand?post=9054"},{"taxonomy":"product_cat","embeddable":true,"href":"https:\/\/www.zoko.ro\/en\/wp-json\/wp\/v2\/product_cat?post=9054"},{"taxonomy":"product_tag","embeddable":true,"href":"https:\/\/www.zoko.ro\/en\/wp-json\/wp\/v2\/product_tag?post=9054"}],"curies":[{"name":"wp","href":"https:\/\/api.w.org\/{rel}","templated":true}]}}