{"id":9066,"date":"2026-04-28T23:28:52","date_gmt":"2026-04-28T21:28:52","guid":{"rendered":"https:\/\/www.zoko.ro\/p\/adaptor-aerator-universal-pentru-robinet-gonga\/"},"modified":"2026-04-28T23:28:52","modified_gmt":"2026-04-28T21:28:52","slug":"adaptor-aerator-universal-pentru-robinet-gonga","status":"publish","type":"product","link":"https:\/\/www.zoko.ro\/en\/p\/adaptor-aerator-universal-pentru-robinet-gonga\/","title":{"rendered":"Adaptor aerator universal pentru robinet, Gonga\u00ae"},"content":{"rendered":"<p><strong>Culoare:<\/strong> Alb<\/p>\n<p>Adaptor robinet universal &#8211; aerator.\u00a0<\/p>\n<\/p>\n<p>Economise\u0219te ap\u0103, men\u021bin\u00e2nd \u00een acela\u0219i timp confortul deplin al utiliz\u0103rii.\u00a0<\/p>\n<\/p>\n<p>Aeratorul este complet rotativ, 360 \u200b\u200bde grade. Are un buton convenabil pentru schimbarea modului de func\u021bionare (3 puteri ale jetului de ap\u0103).<\/p>\n<\/p>\n<p>Caracteristicile produsului:<\/p>\n<\/p>\n<p>&#8211; Aeratorul este folosit pentru aerarea apei, astfel \u00eenc\u00e2t s\u0103 pute\u021bi ob\u021bine un flux mai mare cu un consum mai mic de ap\u0103;<\/p>\n<p>&#8211; Rotire 360 de grade;<\/p>\n<p>&#8211; Are 3 moduri de func\u021bionare &#8211; puterea jetului de ap\u0103 (\u00eentrerup\u0103tor convenabil);<\/p>\n<p>&#8211; Reduce vizibil facturile lunare de ap\u0103;<\/p>\n<p>&#8211; Se potrive\u0219te cu marea majoritate a robinetelor disponibile pe pia\u021b\u0103;<\/p>\n<p>&#8211; Perfect pentru robinete standard de buc\u0103t\u0103rie \u0219i baie;<\/p>\n<p>&#8211; Se caracterizeaz\u0103 prin rezisten\u021b\u0103 ridicat\u0103 la detartrare;<\/p>\n<p>&#8211; Inser\u021bia din plastic asigur\u0103 rezisten\u021ba la rugin\u0103;<\/p>\n<p>&#8211; Instalarea aeratorului este foarte u\u0219oar\u0103 &#8211; doar \u00een\u0219uruba\u021bi-l la robinet cu un filet exterior M22 sau un filet intern M24 (adaptor \u0219i garnituri incluse).<\/p>\n<\/p>\n<p>Specifica\u021bii:<\/p>\n<\/p>\n<p>&#8211; Material: plastic;<\/p>\n<p>&#8211; Presiunea apei admis\u0103: 1-1,5 Bar;<\/p>\n<p>&#8211; Rota\u021bie: 360 de grade;<\/p>\n<p>&#8211; Montare: robinet cu filet exterior M22 sau filet interior M24 (prin adaptor);<\/p>\n<p>&#8211; Dimensiuni: 7,4 cm x 5,4 cm;<\/p>","protected":false},"excerpt":{"rendered":"<p>Culoare: Alb Adaptor robinet universal &#8211; aerator.\u00a0 Economise\u0219te ap\u0103, men\u021bin\u00e2nd \u00een acela\u0219i timp confortul deplin al utiliz\u0103rii.\u00a0 Aeratorul este complet<\/p>","protected":false},"featured_media":9068,"comment_status":"open","ping_status":"open","template":"","meta":[],"product_brand":[],"product_cat":[99,107,100],"product_tag":[104],"class_list":{"0":"post-9066","1":"product","2":"type-product","3":"status-publish","4":"has-post-thumbnail","6":"product_cat-acasa","7":"product_cat-bucatarie-si-servire","8":"product_cat-casa-gradina","9":"product_tag-in-stoc","10":"pa_culoare-alb","12":"first","13":"instock","14":"sale","15":"purchasable","16":"product-type-simple"},"yoast_head":"<!-- This site is optimized with the Yoast SEO plugin v27.2 - https:\/\/yoast.com\/product\/yoast-seo-wordpress\/ -->\n<title>Adaptor aerator universal pentru robinet, Gonga\u00ae | ZOKO<\/title>\n<meta name=\"robots\" content=\"index, follow, max-snippet:-1, max-image-preview:large, max-video-preview:-1\" \/>\n<link rel=\"canonical\" href=\"https:\/\/www.zoko.ro\/en\/p\/adaptor-aerator-universal-pentru-robinet-gonga\/\" \/>\n<meta property=\"og:locale\" content=\"en_GB\" \/>\n<meta property=\"og:type\" content=\"article\" \/>\n<meta property=\"og:title\" content=\"Adaptor aerator universal pentru robinet, Gonga\u00ae | ZOKO\" \/>\n<meta property=\"og:description\" content=\"Culoare: Alb Adaptor robinet universal &#8211; aerator.\u00a0 Economise\u0219te ap\u0103, men\u021bin\u00e2nd \u00een acela\u0219i timp confortul deplin al utiliz\u0103rii.\u00a0 Aeratorul este complet\" \/>\n<meta property=\"og:url\" content=\"https:\/\/www.zoko.ro\/en\/p\/adaptor-aerator-universal-pentru-robinet-gonga\/\" \/>\n<meta property=\"og:site_name\" content=\"ZOKO\" \/>\n<meta property=\"article:publisher\" content=\"https:\/\/www.facebook.com\/profile.php?id=61584344135075\" \/>\n<meta property=\"og:image\" content=\"https:\/\/www.zoko.ro\/wp-content\/uploads\/2025\/03\/adaptor-aerator-universal-pentru-robinet-gonga.jpg\" \/>\n\t<meta property=\"og:image:width\" content=\"1200\" \/>\n\t<meta property=\"og:image:height\" content=\"854\" \/>\n\t<meta property=\"og:image:type\" content=\"image\/jpeg\" \/>\n<meta name=\"twitter:card\" content=\"summary_large_image\" \/>\n<meta name=\"twitter:label1\" content=\"Estimated reading time\" \/>\n\t<meta name=\"twitter:data1\" content=\"1 minute\" \/>\n<script type=\"application\/ld+json\" class=\"yoast-schema-graph\">{\"@context\":\"https:\/\/schema.org\",\"@graph\":[{\"@type\":\"WebPage\",\"@id\":\"https:\/\/www.zoko.ro\/p\/adaptor-aerator-universal-pentru-robinet-gonga\/\",\"url\":\"https:\/\/www.zoko.ro\/p\/adaptor-aerator-universal-pentru-robinet-gonga\/\",\"name\":\"Adaptor aerator universal pentru robinet, Gonga\u00ae | ZOKO\",\"isPartOf\":{\"@id\":\"https:\/\/www.zoko.ro\/#website\"},\"primaryImageOfPage\":{\"@id\":\"https:\/\/www.zoko.ro\/p\/adaptor-aerator-universal-pentru-robinet-gonga\/#primaryimage\"},\"image\":{\"@id\":\"https:\/\/www.zoko.ro\/p\/adaptor-aerator-universal-pentru-robinet-gonga\/#primaryimage\"},\"thumbnailUrl\":\"https:\/\/www.zoko.ro\/wp-content\/uploads\/2025\/03\/adaptor-aerator-universal-pentru-robinet-gonga.jpg\",\"datePublished\":\"2026-04-28T21:28:52+00:00\",\"breadcrumb\":{\"@id\":\"https:\/\/www.zoko.ro\/p\/adaptor-aerator-universal-pentru-robinet-gonga\/#breadcrumb\"},\"inLanguage\":\"en-GB\",\"potentialAction\":[{\"@type\":\"ReadAction\",\"target\":[\"https:\/\/www.zoko.ro\/p\/adaptor-aerator-universal-pentru-robinet-gonga\/\"]}]},{\"@type\":\"ImageObject\",\"inLanguage\":\"en-GB\",\"@id\":\"https:\/\/www.zoko.ro\/p\/adaptor-aerator-universal-pentru-robinet-gonga\/#primaryimage\",\"url\":\"https:\/\/www.zoko.ro\/wp-content\/uploads\/2025\/03\/adaptor-aerator-universal-pentru-robinet-gonga.jpg\",\"contentUrl\":\"https:\/\/www.zoko.ro\/wp-content\/uploads\/2025\/03\/adaptor-aerator-universal-pentru-robinet-gonga.jpg\",\"width\":1200,\"height\":854},{\"@type\":\"BreadcrumbList\",\"@id\":\"https:\/\/www.zoko.ro\/p\/adaptor-aerator-universal-pentru-robinet-gonga\/#breadcrumb\",\"itemListElement\":[{\"@type\":\"ListItem\",\"position\":1,\"name\":\"Home\",\"item\":\"https:\/\/www.zoko.ro\/\"},{\"@type\":\"ListItem\",\"position\":2,\"name\":\"Magazin\",\"item\":\"https:\/\/www.zoko.ro\/magazin\/\"},{\"@type\":\"ListItem\",\"position\":3,\"name\":\"Adaptor aerator universal pentru robinet, Gonga\u00ae\"}]},{\"@type\":\"WebSite\",\"@id\":\"https:\/\/www.zoko.ro\/#website\",\"url\":\"https:\/\/www.zoko.ro\/\",\"name\":\"ZOKO.ro\",\"description\":\"Cump\u0103r\u0103 inteligent\",\"publisher\":{\"@id\":\"https:\/\/www.zoko.ro\/#organization\"},\"potentialAction\":[{\"@type\":\"SearchAction\",\"target\":{\"@type\":\"EntryPoint\",\"urlTemplate\":\"https:\/\/www.zoko.ro\/?s={search_term_string}\"},\"query-input\":{\"@type\":\"PropertyValueSpecification\",\"valueRequired\":true,\"valueName\":\"search_term_string\"}}],\"inLanguage\":\"en-GB\"},{\"@type\":\"Organization\",\"@id\":\"https:\/\/www.zoko.ro\/#organization\",\"name\":\"ZOKO\",\"url\":\"https:\/\/www.zoko.ro\/\",\"logo\":{\"@type\":\"ImageObject\",\"inLanguage\":\"en-GB\",\"@id\":\"https:\/\/www.zoko.ro\/#\/schema\/logo\/image\/\",\"url\":\"https:\/\/www.zoko.ro\/wp-content\/uploads\/2025\/03\/logo1.svg\",\"contentUrl\":\"https:\/\/www.zoko.ro\/wp-content\/uploads\/2025\/03\/logo1.svg\",\"width\":799,\"height\":216,\"caption\":\"ZOKO\"},\"image\":{\"@id\":\"https:\/\/www.zoko.ro\/#\/schema\/logo\/image\/\"},\"sameAs\":[\"https:\/\/www.facebook.com\/profile.php?id=61584344135075\"]}]}<\/script>\n<!-- \/ Yoast SEO plugin. -->","yoast_head_json":{"title":"Adaptor aerator universal pentru robinet, Gonga\u00ae | ZOKO","robots":{"index":"index","follow":"follow","max-snippet":"max-snippet:-1","max-image-preview":"max-image-preview:large","max-video-preview":"max-video-preview:-1"},"canonical":"https:\/\/www.zoko.ro\/en\/p\/adaptor-aerator-universal-pentru-robinet-gonga\/","og_locale":"en_GB","og_type":"article","og_title":"Adaptor aerator universal pentru robinet, Gonga\u00ae | ZOKO","og_description":"Culoare: Alb Adaptor robinet universal &#8211; aerator.\u00a0 Economise\u0219te ap\u0103, men\u021bin\u00e2nd \u00een acela\u0219i timp confortul deplin al utiliz\u0103rii.\u00a0 Aeratorul este complet","og_url":"https:\/\/www.zoko.ro\/en\/p\/adaptor-aerator-universal-pentru-robinet-gonga\/","og_site_name":"ZOKO","article_publisher":"https:\/\/www.facebook.com\/profile.php?id=61584344135075","og_image":[{"width":1200,"height":854,"url":"https:\/\/www.zoko.ro\/wp-content\/uploads\/2025\/03\/adaptor-aerator-universal-pentru-robinet-gonga.jpg","type":"image\/jpeg"}],"twitter_card":"summary_large_image","twitter_misc":{"Estimated reading time":"1 minute"},"schema":{"@context":"https:\/\/schema.org","@graph":[{"@type":"WebPage","@id":"https:\/\/www.zoko.ro\/p\/adaptor-aerator-universal-pentru-robinet-gonga\/","url":"https:\/\/www.zoko.ro\/p\/adaptor-aerator-universal-pentru-robinet-gonga\/","name":"Adaptor aerator universal pentru robinet, Gonga\u00ae | ZOKO","isPartOf":{"@id":"https:\/\/www.zoko.ro\/#website"},"primaryImageOfPage":{"@id":"https:\/\/www.zoko.ro\/p\/adaptor-aerator-universal-pentru-robinet-gonga\/#primaryimage"},"image":{"@id":"https:\/\/www.zoko.ro\/p\/adaptor-aerator-universal-pentru-robinet-gonga\/#primaryimage"},"thumbnailUrl":"https:\/\/www.zoko.ro\/wp-content\/uploads\/2025\/03\/adaptor-aerator-universal-pentru-robinet-gonga.jpg","datePublished":"2026-04-28T21:28:52+00:00","breadcrumb":{"@id":"https:\/\/www.zoko.ro\/p\/adaptor-aerator-universal-pentru-robinet-gonga\/#breadcrumb"},"inLanguage":"en-GB","potentialAction":[{"@type":"ReadAction","target":["https:\/\/www.zoko.ro\/p\/adaptor-aerator-universal-pentru-robinet-gonga\/"]}]},{"@type":"ImageObject","inLanguage":"en-GB","@id":"https:\/\/www.zoko.ro\/p\/adaptor-aerator-universal-pentru-robinet-gonga\/#primaryimage","url":"https:\/\/www.zoko.ro\/wp-content\/uploads\/2025\/03\/adaptor-aerator-universal-pentru-robinet-gonga.jpg","contentUrl":"https:\/\/www.zoko.ro\/wp-content\/uploads\/2025\/03\/adaptor-aerator-universal-pentru-robinet-gonga.jpg","width":1200,"height":854},{"@type":"BreadcrumbList","@id":"https:\/\/www.zoko.ro\/p\/adaptor-aerator-universal-pentru-robinet-gonga\/#breadcrumb","itemListElement":[{"@type":"ListItem","position":1,"name":"Home","item":"https:\/\/www.zoko.ro\/"},{"@type":"ListItem","position":2,"name":"Magazin","item":"https:\/\/www.zoko.ro\/magazin\/"},{"@type":"ListItem","position":3,"name":"Adaptor aerator universal pentru robinet, Gonga\u00ae"}]},{"@type":"WebSite","@id":"https:\/\/www.zoko.ro\/#website","url":"https:\/\/www.zoko.ro\/","name":"ZOKO.ro","description":"Cump\u0103r\u0103 inteligent","publisher":{"@id":"https:\/\/www.zoko.ro\/#organization"},"potentialAction":[{"@type":"SearchAction","target":{"@type":"EntryPoint","urlTemplate":"https:\/\/www.zoko.ro\/?s={search_term_string}"},"query-input":{"@type":"PropertyValueSpecification","valueRequired":true,"valueName":"search_term_string"}}],"inLanguage":"en-GB"},{"@type":"Organization","@id":"https:\/\/www.zoko.ro\/#organization","name":"ZOKO","url":"https:\/\/www.zoko.ro\/","logo":{"@type":"ImageObject","inLanguage":"en-GB","@id":"https:\/\/www.zoko.ro\/#\/schema\/logo\/image\/","url":"https:\/\/www.zoko.ro\/wp-content\/uploads\/2025\/03\/logo1.svg","contentUrl":"https:\/\/www.zoko.ro\/wp-content\/uploads\/2025\/03\/logo1.svg","width":799,"height":216,"caption":"ZOKO"},"image":{"@id":"https:\/\/www.zoko.ro\/#\/schema\/logo\/image\/"},"sameAs":["https:\/\/www.facebook.com\/profile.php?id=61584344135075"]}]}},"_links":{"self":[{"href":"https:\/\/www.zoko.ro\/en\/wp-json\/wp\/v2\/product\/9066","targetHints":{"allow":["GET"]}}],"collection":[{"href":"https:\/\/www.zoko.ro\/en\/wp-json\/wp\/v2\/product"}],"about":[{"href":"https:\/\/www.zoko.ro\/en\/wp-json\/wp\/v2\/types\/product"}],"replies":[{"embeddable":true,"href":"https:\/\/www.zoko.ro\/en\/wp-json\/wp\/v2\/comments?post=9066"}],"version-history":[{"count":1,"href":"https:\/\/www.zoko.ro\/en\/wp-json\/wp\/v2\/product\/9066\/revisions"}],"predecessor-version":[{"id":9067,"href":"https:\/\/www.zoko.ro\/en\/wp-json\/wp\/v2\/product\/9066\/revisions\/9067"}],"wp:featuredmedia":[{"embeddable":true,"href":"https:\/\/www.zoko.ro\/en\/wp-json\/wp\/v2\/media\/9068"}],"wp:attachment":[{"href":"https:\/\/www.zoko.ro\/en\/wp-json\/wp\/v2\/media?parent=9066"}],"wp:term":[{"taxonomy":"product_brand","embeddable":true,"href":"https:\/\/www.zoko.ro\/en\/wp-json\/wp\/v2\/product_brand?post=9066"},{"taxonomy":"product_cat","embeddable":true,"href":"https:\/\/www.zoko.ro\/en\/wp-json\/wp\/v2\/product_cat?post=9066"},{"taxonomy":"product_tag","embeddable":true,"href":"https:\/\/www.zoko.ro\/en\/wp-json\/wp\/v2\/product_tag?post=9066"}],"curies":[{"name":"wp","href":"https:\/\/api.w.org\/{rel}","templated":true}]}}