{"id":9481,"date":"2026-04-28T23:30:25","date_gmt":"2026-04-28T21:30:25","guid":{"rendered":"https:\/\/www.zoko.ro\/p\/suflanta-pentru-aprinderea-gratarului-gonga\/"},"modified":"2026-04-28T23:30:25","modified_gmt":"2026-04-28T21:30:25","slug":"suflanta-pentru-aprinderea-gratarului-gonga","status":"publish","type":"product","link":"https:\/\/www.zoko.ro\/en\/p\/suflanta-pentru-aprinderea-gratarului-gonga\/","title":{"rendered":"Suflanta pentru aprinderea gratarului, Gonga\u00ae"},"content":{"rendered":"<p><strong>Culoare:<\/strong> Negru<\/p>\n<p>Suflant\u0103 de m\u00e2n\u0103, ergonomic\u0103, cu buton. Indispensabil atunci c\u00e2nd aprinde\u021bi un gr\u0103tar, foc, etc. Datorit\u0103 acestuia, pute\u021bi aprinde fiecare vatr\u0103 rapid \u0219i f\u0103r\u0103 efort. Designul ergonomic nu v\u0103 obose\u0219te m\u00e2inile, ceea ce economise\u0219te semnificativ timp \u0219i reduce cantitatea de combustibil necesar\u0103 pentru a porni focul.<\/p>\n<\/p>\n<p>Caracteristicile produsului:<\/p>\n<\/p>\n<p>&#8211; Datorit\u0103 acestei suflante, pute\u021bi aprinde un gr\u0103tar, un foc sau un \u0219emineu rapid \u0219i f\u0103r\u0103 efort.<\/p>\n<p>&#8211; Utilizarea suflantei este foarte simpl\u0103, trebuie doar s\u0103 v\u0103 apropia\u021bi de foc sau de c\u0103ldur\u0103 \u0219i s\u0103 \u00eencepe\u021bi s\u0103 roti\u021bi manivela &#8211; turbina din interiorul carcasei va genera un curent de aer adecvat care va r\u0103sp\u00e2ndi focul.<\/p>\n<p>&#8211; Economise\u0219te perfect timp \u0219i reduce costurile de cump\u0103rare a brichetelor suplimentare pentru gr\u0103tar sau foc de tab\u0103r\u0103.<\/p>\n<p>&#8211; V\u00e2rful suflantei este din o\u021bel inoxidabil &#8211; complet rezistent la foc.<\/p>\n<p>&#8211; Design ergonomic, confortabil de \u021binut \u0219i de utilizat \u00een m\u00e2ini.<\/p>\n<\/p>\n<p>Specifica\u021bii:<\/p>\n<\/p>\n<p>&#8211; Material: o\u021bel inoxidabil \u0219i plastic<\/p>\n<p>&#8211; Lungime totala: 25 cm<\/p>\n<p>&#8211; Culoare neagra<\/p>","protected":false},"excerpt":{"rendered":"<p>Culoare: Negru Suflant\u0103 de m\u00e2n\u0103, ergonomic\u0103, cu buton. Indispensabil atunci c\u00e2nd aprinde\u021bi un gr\u0103tar, foc, etc. Datorit\u0103 acestuia, pute\u021bi aprinde<\/p>","protected":false},"featured_media":9483,"comment_status":"open","ping_status":"open","template":"","meta":[],"product_brand":[],"product_cat":[99,107,100],"product_tag":[104],"class_list":{"0":"post-9481","1":"product","2":"type-product","3":"status-publish","4":"has-post-thumbnail","6":"product_cat-acasa","7":"product_cat-bucatarie-si-servire","8":"product_cat-casa-gradina","9":"product_tag-in-stoc","10":"pa_culoare-negru","12":"first","13":"instock","14":"sale","15":"purchasable","16":"product-type-simple"},"yoast_head":"<!-- This site is optimized with the Yoast SEO plugin v27.2 - https:\/\/yoast.com\/product\/yoast-seo-wordpress\/ -->\n<title>Suflanta pentru aprinderea gratarului, Gonga\u00ae | ZOKO<\/title>\n<meta name=\"robots\" content=\"index, follow, max-snippet:-1, max-image-preview:large, max-video-preview:-1\" \/>\n<link rel=\"canonical\" href=\"https:\/\/www.zoko.ro\/en\/p\/suflanta-pentru-aprinderea-gratarului-gonga\/\" \/>\n<meta property=\"og:locale\" content=\"en_GB\" \/>\n<meta property=\"og:type\" content=\"article\" \/>\n<meta property=\"og:title\" content=\"Suflanta pentru aprinderea gratarului, Gonga\u00ae | ZOKO\" \/>\n<meta property=\"og:description\" content=\"Culoare: Negru Suflant\u0103 de m\u00e2n\u0103, ergonomic\u0103, cu buton. Indispensabil atunci c\u00e2nd aprinde\u021bi un gr\u0103tar, foc, etc. Datorit\u0103 acestuia, pute\u021bi aprinde\" \/>\n<meta property=\"og:url\" content=\"https:\/\/www.zoko.ro\/en\/p\/suflanta-pentru-aprinderea-gratarului-gonga\/\" \/>\n<meta property=\"og:site_name\" content=\"ZOKO\" \/>\n<meta property=\"article:publisher\" content=\"https:\/\/www.facebook.com\/profile.php?id=61584344135075\" \/>\n<meta property=\"og:image\" content=\"https:\/\/www.zoko.ro\/wp-content\/uploads\/2025\/03\/suflanta-pentru-aprinderea-gratarului-gonga.jpg\" \/>\n\t<meta property=\"og:image:width\" content=\"1200\" \/>\n\t<meta property=\"og:image:height\" content=\"1011\" \/>\n\t<meta property=\"og:image:type\" content=\"image\/jpeg\" \/>\n<meta name=\"twitter:card\" content=\"summary_large_image\" \/>\n<meta name=\"twitter:label1\" content=\"Estimated reading time\" \/>\n\t<meta name=\"twitter:data1\" content=\"1 minute\" \/>\n<script type=\"application\/ld+json\" class=\"yoast-schema-graph\">{\"@context\":\"https:\/\/schema.org\",\"@graph\":[{\"@type\":\"WebPage\",\"@id\":\"https:\/\/www.zoko.ro\/p\/suflanta-pentru-aprinderea-gratarului-gonga\/\",\"url\":\"https:\/\/www.zoko.ro\/p\/suflanta-pentru-aprinderea-gratarului-gonga\/\",\"name\":\"Suflanta pentru aprinderea gratarului, Gonga\u00ae | ZOKO\",\"isPartOf\":{\"@id\":\"https:\/\/www.zoko.ro\/#website\"},\"primaryImageOfPage\":{\"@id\":\"https:\/\/www.zoko.ro\/p\/suflanta-pentru-aprinderea-gratarului-gonga\/#primaryimage\"},\"image\":{\"@id\":\"https:\/\/www.zoko.ro\/p\/suflanta-pentru-aprinderea-gratarului-gonga\/#primaryimage\"},\"thumbnailUrl\":\"https:\/\/www.zoko.ro\/wp-content\/uploads\/2025\/03\/suflanta-pentru-aprinderea-gratarului-gonga.jpg\",\"datePublished\":\"2026-04-28T21:30:25+00:00\",\"breadcrumb\":{\"@id\":\"https:\/\/www.zoko.ro\/p\/suflanta-pentru-aprinderea-gratarului-gonga\/#breadcrumb\"},\"inLanguage\":\"en-GB\",\"potentialAction\":[{\"@type\":\"ReadAction\",\"target\":[\"https:\/\/www.zoko.ro\/p\/suflanta-pentru-aprinderea-gratarului-gonga\/\"]}]},{\"@type\":\"ImageObject\",\"inLanguage\":\"en-GB\",\"@id\":\"https:\/\/www.zoko.ro\/p\/suflanta-pentru-aprinderea-gratarului-gonga\/#primaryimage\",\"url\":\"https:\/\/www.zoko.ro\/wp-content\/uploads\/2025\/03\/suflanta-pentru-aprinderea-gratarului-gonga.jpg\",\"contentUrl\":\"https:\/\/www.zoko.ro\/wp-content\/uploads\/2025\/03\/suflanta-pentru-aprinderea-gratarului-gonga.jpg\",\"width\":1200,\"height\":1011},{\"@type\":\"BreadcrumbList\",\"@id\":\"https:\/\/www.zoko.ro\/p\/suflanta-pentru-aprinderea-gratarului-gonga\/#breadcrumb\",\"itemListElement\":[{\"@type\":\"ListItem\",\"position\":1,\"name\":\"Home\",\"item\":\"https:\/\/www.zoko.ro\/\"},{\"@type\":\"ListItem\",\"position\":2,\"name\":\"Magazin\",\"item\":\"https:\/\/www.zoko.ro\/magazin\/\"},{\"@type\":\"ListItem\",\"position\":3,\"name\":\"Suflanta pentru aprinderea gratarului, Gonga\u00ae\"}]},{\"@type\":\"WebSite\",\"@id\":\"https:\/\/www.zoko.ro\/#website\",\"url\":\"https:\/\/www.zoko.ro\/\",\"name\":\"ZOKO.ro\",\"description\":\"Cump\u0103r\u0103 inteligent\",\"publisher\":{\"@id\":\"https:\/\/www.zoko.ro\/#organization\"},\"potentialAction\":[{\"@type\":\"SearchAction\",\"target\":{\"@type\":\"EntryPoint\",\"urlTemplate\":\"https:\/\/www.zoko.ro\/?s={search_term_string}\"},\"query-input\":{\"@type\":\"PropertyValueSpecification\",\"valueRequired\":true,\"valueName\":\"search_term_string\"}}],\"inLanguage\":\"en-GB\"},{\"@type\":\"Organization\",\"@id\":\"https:\/\/www.zoko.ro\/#organization\",\"name\":\"ZOKO\",\"url\":\"https:\/\/www.zoko.ro\/\",\"logo\":{\"@type\":\"ImageObject\",\"inLanguage\":\"en-GB\",\"@id\":\"https:\/\/www.zoko.ro\/#\/schema\/logo\/image\/\",\"url\":\"https:\/\/www.zoko.ro\/wp-content\/uploads\/2025\/03\/logo1.svg\",\"contentUrl\":\"https:\/\/www.zoko.ro\/wp-content\/uploads\/2025\/03\/logo1.svg\",\"width\":799,\"height\":216,\"caption\":\"ZOKO\"},\"image\":{\"@id\":\"https:\/\/www.zoko.ro\/#\/schema\/logo\/image\/\"},\"sameAs\":[\"https:\/\/www.facebook.com\/profile.php?id=61584344135075\"]}]}<\/script>\n<!-- \/ Yoast SEO plugin. -->","yoast_head_json":{"title":"Suflanta pentru aprinderea gratarului, Gonga\u00ae | ZOKO","robots":{"index":"index","follow":"follow","max-snippet":"max-snippet:-1","max-image-preview":"max-image-preview:large","max-video-preview":"max-video-preview:-1"},"canonical":"https:\/\/www.zoko.ro\/en\/p\/suflanta-pentru-aprinderea-gratarului-gonga\/","og_locale":"en_GB","og_type":"article","og_title":"Suflanta pentru aprinderea gratarului, Gonga\u00ae | ZOKO","og_description":"Culoare: Negru Suflant\u0103 de m\u00e2n\u0103, ergonomic\u0103, cu buton. Indispensabil atunci c\u00e2nd aprinde\u021bi un gr\u0103tar, foc, etc. Datorit\u0103 acestuia, pute\u021bi aprinde","og_url":"https:\/\/www.zoko.ro\/en\/p\/suflanta-pentru-aprinderea-gratarului-gonga\/","og_site_name":"ZOKO","article_publisher":"https:\/\/www.facebook.com\/profile.php?id=61584344135075","og_image":[{"width":1200,"height":1011,"url":"https:\/\/www.zoko.ro\/wp-content\/uploads\/2025\/03\/suflanta-pentru-aprinderea-gratarului-gonga.jpg","type":"image\/jpeg"}],"twitter_card":"summary_large_image","twitter_misc":{"Estimated reading time":"1 minute"},"schema":{"@context":"https:\/\/schema.org","@graph":[{"@type":"WebPage","@id":"https:\/\/www.zoko.ro\/p\/suflanta-pentru-aprinderea-gratarului-gonga\/","url":"https:\/\/www.zoko.ro\/p\/suflanta-pentru-aprinderea-gratarului-gonga\/","name":"Suflanta pentru aprinderea gratarului, Gonga\u00ae | ZOKO","isPartOf":{"@id":"https:\/\/www.zoko.ro\/#website"},"primaryImageOfPage":{"@id":"https:\/\/www.zoko.ro\/p\/suflanta-pentru-aprinderea-gratarului-gonga\/#primaryimage"},"image":{"@id":"https:\/\/www.zoko.ro\/p\/suflanta-pentru-aprinderea-gratarului-gonga\/#primaryimage"},"thumbnailUrl":"https:\/\/www.zoko.ro\/wp-content\/uploads\/2025\/03\/suflanta-pentru-aprinderea-gratarului-gonga.jpg","datePublished":"2026-04-28T21:30:25+00:00","breadcrumb":{"@id":"https:\/\/www.zoko.ro\/p\/suflanta-pentru-aprinderea-gratarului-gonga\/#breadcrumb"},"inLanguage":"en-GB","potentialAction":[{"@type":"ReadAction","target":["https:\/\/www.zoko.ro\/p\/suflanta-pentru-aprinderea-gratarului-gonga\/"]}]},{"@type":"ImageObject","inLanguage":"en-GB","@id":"https:\/\/www.zoko.ro\/p\/suflanta-pentru-aprinderea-gratarului-gonga\/#primaryimage","url":"https:\/\/www.zoko.ro\/wp-content\/uploads\/2025\/03\/suflanta-pentru-aprinderea-gratarului-gonga.jpg","contentUrl":"https:\/\/www.zoko.ro\/wp-content\/uploads\/2025\/03\/suflanta-pentru-aprinderea-gratarului-gonga.jpg","width":1200,"height":1011},{"@type":"BreadcrumbList","@id":"https:\/\/www.zoko.ro\/p\/suflanta-pentru-aprinderea-gratarului-gonga\/#breadcrumb","itemListElement":[{"@type":"ListItem","position":1,"name":"Home","item":"https:\/\/www.zoko.ro\/"},{"@type":"ListItem","position":2,"name":"Magazin","item":"https:\/\/www.zoko.ro\/magazin\/"},{"@type":"ListItem","position":3,"name":"Suflanta pentru aprinderea gratarului, Gonga\u00ae"}]},{"@type":"WebSite","@id":"https:\/\/www.zoko.ro\/#website","url":"https:\/\/www.zoko.ro\/","name":"ZOKO.ro","description":"Cump\u0103r\u0103 inteligent","publisher":{"@id":"https:\/\/www.zoko.ro\/#organization"},"potentialAction":[{"@type":"SearchAction","target":{"@type":"EntryPoint","urlTemplate":"https:\/\/www.zoko.ro\/?s={search_term_string}"},"query-input":{"@type":"PropertyValueSpecification","valueRequired":true,"valueName":"search_term_string"}}],"inLanguage":"en-GB"},{"@type":"Organization","@id":"https:\/\/www.zoko.ro\/#organization","name":"ZOKO","url":"https:\/\/www.zoko.ro\/","logo":{"@type":"ImageObject","inLanguage":"en-GB","@id":"https:\/\/www.zoko.ro\/#\/schema\/logo\/image\/","url":"https:\/\/www.zoko.ro\/wp-content\/uploads\/2025\/03\/logo1.svg","contentUrl":"https:\/\/www.zoko.ro\/wp-content\/uploads\/2025\/03\/logo1.svg","width":799,"height":216,"caption":"ZOKO"},"image":{"@id":"https:\/\/www.zoko.ro\/#\/schema\/logo\/image\/"},"sameAs":["https:\/\/www.facebook.com\/profile.php?id=61584344135075"]}]}},"_links":{"self":[{"href":"https:\/\/www.zoko.ro\/en\/wp-json\/wp\/v2\/product\/9481","targetHints":{"allow":["GET"]}}],"collection":[{"href":"https:\/\/www.zoko.ro\/en\/wp-json\/wp\/v2\/product"}],"about":[{"href":"https:\/\/www.zoko.ro\/en\/wp-json\/wp\/v2\/types\/product"}],"replies":[{"embeddable":true,"href":"https:\/\/www.zoko.ro\/en\/wp-json\/wp\/v2\/comments?post=9481"}],"version-history":[{"count":1,"href":"https:\/\/www.zoko.ro\/en\/wp-json\/wp\/v2\/product\/9481\/revisions"}],"predecessor-version":[{"id":9482,"href":"https:\/\/www.zoko.ro\/en\/wp-json\/wp\/v2\/product\/9481\/revisions\/9482"}],"wp:featuredmedia":[{"embeddable":true,"href":"https:\/\/www.zoko.ro\/en\/wp-json\/wp\/v2\/media\/9483"}],"wp:attachment":[{"href":"https:\/\/www.zoko.ro\/en\/wp-json\/wp\/v2\/media?parent=9481"}],"wp:term":[{"taxonomy":"product_brand","embeddable":true,"href":"https:\/\/www.zoko.ro\/en\/wp-json\/wp\/v2\/product_brand?post=9481"},{"taxonomy":"product_cat","embeddable":true,"href":"https:\/\/www.zoko.ro\/en\/wp-json\/wp\/v2\/product_cat?post=9481"},{"taxonomy":"product_tag","embeddable":true,"href":"https:\/\/www.zoko.ro\/en\/wp-json\/wp\/v2\/product_tag?post=9481"}],"curies":[{"name":"wp","href":"https:\/\/api.w.org\/{rel}","templated":true}]}}