{"id":9493,"date":"2026-04-28T23:30:26","date_gmt":"2026-04-28T21:30:26","guid":{"rendered":"https:\/\/www.zoko.ro\/p\/set-5-capsule-reutilizabile-pentru-cafea-gonga\/"},"modified":"2026-04-28T23:30:26","modified_gmt":"2026-04-28T21:30:26","slug":"set-5-capsule-reutilizabile-pentru-cafea-gonga","status":"publish","type":"product","link":"https:\/\/www.zoko.ro\/en\/p\/set-5-capsule-reutilizabile-pentru-cafea-gonga\/","title":{"rendered":"Set 5 capsule reutilizabile pentru cafea, Gonga\u00ae"},"content":{"rendered":"<p><strong>Culoare:<\/strong> Maro<\/p>\n<p>Un set de 5 capsule reutilizabile pentru prepararea cafelei. Fiecare capsul\u0103 v\u0103 permite s\u0103 prepara\u021bi cafea de p\u00e2n\u0103 la 100 de ori datorit\u0103 filtrului reutilizabil din o\u021bel. Nu trebuie s\u0103 cump\u0103ra\u021bi \u00een mod constant capsule noi \u0219i scumpe! Extrem de u\u0219or de utilizat (doar umple\u021bi capsula cu cafea, \u00eenchide\u021bi capacul \u0219i introduce\u021bi-l \u00een ma\u0219in\u0103 cu deschiderea spre interior). Produsul este compatibil cu espressoarele Nespresso. Setul include o lingura pentru masurarea cafelei si o perie de curatat.<\/p>\n<\/p>\n<p>Caracteristicile produsului:<\/p>\n<\/p>\n<p>Un set perfect pentru iubitorii de cafea espresso frugal.<\/p>\n<p>Fiecare capsul\u0103 v\u0103 permite s\u0103 prepara\u021bi c\u00e2teva zeci de cafea.<\/p>\n<p>U\u0219or de utilizat (doar umple\u021bi-l cu cafea, \u00eenchide\u021bi capacul \u0219i pune\u021bi-l \u00een aparatul de cafea).<\/p>\n<p>Material: plastic (capsula), otel inoxidabil (filtru).<\/p>\n<p>Compatibilitate: Espressoare Nespresso<\/p>\n<p>Perioada de valabilitate a capsulei: de la 30 la 100 de preparate<\/p>\n<p>Capacitate capsule: 8 g<\/p>\n<p>Inaltime: 2,5 cm<\/p>\n<p>Latime: 3,6 cm<\/p>\n<p>Culoare neagra<\/p>","protected":false},"excerpt":{"rendered":"<p>Culoare: Maro Un set de 5 capsule reutilizabile pentru prepararea cafelei. Fiecare capsul\u0103 v\u0103 permite s\u0103 prepara\u021bi cafea de p\u00e2n\u0103<\/p>","protected":false},"featured_media":9495,"comment_status":"open","ping_status":"open","template":"","meta":[],"product_brand":[],"product_cat":[99,108,107,100],"product_tag":[104],"class_list":{"0":"post-9493","1":"product","2":"type-product","3":"status-publish","4":"has-post-thumbnail","6":"product_cat-acasa","7":"product_cat-accesorii-bar","8":"product_cat-bucatarie-si-servire","9":"product_cat-casa-gradina","10":"product_tag-in-stoc","11":"pa_culoare-maro","13":"first","14":"instock","15":"sale","16":"purchasable","17":"product-type-simple"},"yoast_head":"<!-- This site is optimized with the Yoast SEO plugin v27.2 - https:\/\/yoast.com\/product\/yoast-seo-wordpress\/ -->\n<title>Set 5 capsule reutilizabile pentru cafea, Gonga\u00ae | ZOKO<\/title>\n<meta name=\"robots\" content=\"index, follow, max-snippet:-1, max-image-preview:large, max-video-preview:-1\" \/>\n<link rel=\"canonical\" href=\"https:\/\/www.zoko.ro\/en\/p\/set-5-capsule-reutilizabile-pentru-cafea-gonga\/\" \/>\n<meta property=\"og:locale\" content=\"en_GB\" \/>\n<meta property=\"og:type\" content=\"article\" \/>\n<meta property=\"og:title\" content=\"Set 5 capsule reutilizabile pentru cafea, Gonga\u00ae | ZOKO\" \/>\n<meta property=\"og:description\" content=\"Culoare: Maro Un set de 5 capsule reutilizabile pentru prepararea cafelei. Fiecare capsul\u0103 v\u0103 permite s\u0103 prepara\u021bi cafea de p\u00e2n\u0103\" \/>\n<meta property=\"og:url\" content=\"https:\/\/www.zoko.ro\/en\/p\/set-5-capsule-reutilizabile-pentru-cafea-gonga\/\" \/>\n<meta property=\"og:site_name\" content=\"ZOKO\" \/>\n<meta property=\"article:publisher\" content=\"https:\/\/www.facebook.com\/profile.php?id=61584344135075\" \/>\n<meta property=\"og:image\" content=\"https:\/\/www.zoko.ro\/wp-content\/uploads\/2025\/03\/set-5-capsule-reutilizabile-pentru-cafea-gonga.jpg\" \/>\n\t<meta property=\"og:image:width\" content=\"1200\" \/>\n\t<meta property=\"og:image:height\" content=\"1031\" \/>\n\t<meta property=\"og:image:type\" content=\"image\/jpeg\" \/>\n<meta name=\"twitter:card\" content=\"summary_large_image\" \/>\n<meta name=\"twitter:label1\" content=\"Estimated reading time\" \/>\n\t<meta name=\"twitter:data1\" content=\"1 minute\" \/>\n<script type=\"application\/ld+json\" class=\"yoast-schema-graph\">{\"@context\":\"https:\/\/schema.org\",\"@graph\":[{\"@type\":\"WebPage\",\"@id\":\"https:\/\/www.zoko.ro\/p\/set-5-capsule-reutilizabile-pentru-cafea-gonga\/\",\"url\":\"https:\/\/www.zoko.ro\/p\/set-5-capsule-reutilizabile-pentru-cafea-gonga\/\",\"name\":\"Set 5 capsule reutilizabile pentru cafea, Gonga\u00ae | ZOKO\",\"isPartOf\":{\"@id\":\"https:\/\/www.zoko.ro\/#website\"},\"primaryImageOfPage\":{\"@id\":\"https:\/\/www.zoko.ro\/p\/set-5-capsule-reutilizabile-pentru-cafea-gonga\/#primaryimage\"},\"image\":{\"@id\":\"https:\/\/www.zoko.ro\/p\/set-5-capsule-reutilizabile-pentru-cafea-gonga\/#primaryimage\"},\"thumbnailUrl\":\"https:\/\/www.zoko.ro\/wp-content\/uploads\/2025\/03\/set-5-capsule-reutilizabile-pentru-cafea-gonga.jpg\",\"datePublished\":\"2026-04-28T21:30:26+00:00\",\"breadcrumb\":{\"@id\":\"https:\/\/www.zoko.ro\/p\/set-5-capsule-reutilizabile-pentru-cafea-gonga\/#breadcrumb\"},\"inLanguage\":\"en-GB\",\"potentialAction\":[{\"@type\":\"ReadAction\",\"target\":[\"https:\/\/www.zoko.ro\/p\/set-5-capsule-reutilizabile-pentru-cafea-gonga\/\"]}]},{\"@type\":\"ImageObject\",\"inLanguage\":\"en-GB\",\"@id\":\"https:\/\/www.zoko.ro\/p\/set-5-capsule-reutilizabile-pentru-cafea-gonga\/#primaryimage\",\"url\":\"https:\/\/www.zoko.ro\/wp-content\/uploads\/2025\/03\/set-5-capsule-reutilizabile-pentru-cafea-gonga.jpg\",\"contentUrl\":\"https:\/\/www.zoko.ro\/wp-content\/uploads\/2025\/03\/set-5-capsule-reutilizabile-pentru-cafea-gonga.jpg\",\"width\":1200,\"height\":1031},{\"@type\":\"BreadcrumbList\",\"@id\":\"https:\/\/www.zoko.ro\/p\/set-5-capsule-reutilizabile-pentru-cafea-gonga\/#breadcrumb\",\"itemListElement\":[{\"@type\":\"ListItem\",\"position\":1,\"name\":\"Home\",\"item\":\"https:\/\/www.zoko.ro\/\"},{\"@type\":\"ListItem\",\"position\":2,\"name\":\"Magazin\",\"item\":\"https:\/\/www.zoko.ro\/magazin\/\"},{\"@type\":\"ListItem\",\"position\":3,\"name\":\"Set 5 capsule reutilizabile pentru cafea, Gonga\u00ae\"}]},{\"@type\":\"WebSite\",\"@id\":\"https:\/\/www.zoko.ro\/#website\",\"url\":\"https:\/\/www.zoko.ro\/\",\"name\":\"ZOKO.ro\",\"description\":\"Cump\u0103r\u0103 inteligent\",\"publisher\":{\"@id\":\"https:\/\/www.zoko.ro\/#organization\"},\"potentialAction\":[{\"@type\":\"SearchAction\",\"target\":{\"@type\":\"EntryPoint\",\"urlTemplate\":\"https:\/\/www.zoko.ro\/?s={search_term_string}\"},\"query-input\":{\"@type\":\"PropertyValueSpecification\",\"valueRequired\":true,\"valueName\":\"search_term_string\"}}],\"inLanguage\":\"en-GB\"},{\"@type\":\"Organization\",\"@id\":\"https:\/\/www.zoko.ro\/#organization\",\"name\":\"ZOKO\",\"url\":\"https:\/\/www.zoko.ro\/\",\"logo\":{\"@type\":\"ImageObject\",\"inLanguage\":\"en-GB\",\"@id\":\"https:\/\/www.zoko.ro\/#\/schema\/logo\/image\/\",\"url\":\"https:\/\/www.zoko.ro\/wp-content\/uploads\/2025\/03\/logo1.svg\",\"contentUrl\":\"https:\/\/www.zoko.ro\/wp-content\/uploads\/2025\/03\/logo1.svg\",\"width\":799,\"height\":216,\"caption\":\"ZOKO\"},\"image\":{\"@id\":\"https:\/\/www.zoko.ro\/#\/schema\/logo\/image\/\"},\"sameAs\":[\"https:\/\/www.facebook.com\/profile.php?id=61584344135075\"]}]}<\/script>\n<!-- \/ Yoast SEO plugin. -->","yoast_head_json":{"title":"Set 5 capsule reutilizabile pentru cafea, Gonga\u00ae | ZOKO","robots":{"index":"index","follow":"follow","max-snippet":"max-snippet:-1","max-image-preview":"max-image-preview:large","max-video-preview":"max-video-preview:-1"},"canonical":"https:\/\/www.zoko.ro\/en\/p\/set-5-capsule-reutilizabile-pentru-cafea-gonga\/","og_locale":"en_GB","og_type":"article","og_title":"Set 5 capsule reutilizabile pentru cafea, Gonga\u00ae | ZOKO","og_description":"Culoare: Maro Un set de 5 capsule reutilizabile pentru prepararea cafelei. Fiecare capsul\u0103 v\u0103 permite s\u0103 prepara\u021bi cafea de p\u00e2n\u0103","og_url":"https:\/\/www.zoko.ro\/en\/p\/set-5-capsule-reutilizabile-pentru-cafea-gonga\/","og_site_name":"ZOKO","article_publisher":"https:\/\/www.facebook.com\/profile.php?id=61584344135075","og_image":[{"width":1200,"height":1031,"url":"https:\/\/www.zoko.ro\/wp-content\/uploads\/2025\/03\/set-5-capsule-reutilizabile-pentru-cafea-gonga.jpg","type":"image\/jpeg"}],"twitter_card":"summary_large_image","twitter_misc":{"Estimated reading time":"1 minute"},"schema":{"@context":"https:\/\/schema.org","@graph":[{"@type":"WebPage","@id":"https:\/\/www.zoko.ro\/p\/set-5-capsule-reutilizabile-pentru-cafea-gonga\/","url":"https:\/\/www.zoko.ro\/p\/set-5-capsule-reutilizabile-pentru-cafea-gonga\/","name":"Set 5 capsule reutilizabile pentru cafea, Gonga\u00ae | ZOKO","isPartOf":{"@id":"https:\/\/www.zoko.ro\/#website"},"primaryImageOfPage":{"@id":"https:\/\/www.zoko.ro\/p\/set-5-capsule-reutilizabile-pentru-cafea-gonga\/#primaryimage"},"image":{"@id":"https:\/\/www.zoko.ro\/p\/set-5-capsule-reutilizabile-pentru-cafea-gonga\/#primaryimage"},"thumbnailUrl":"https:\/\/www.zoko.ro\/wp-content\/uploads\/2025\/03\/set-5-capsule-reutilizabile-pentru-cafea-gonga.jpg","datePublished":"2026-04-28T21:30:26+00:00","breadcrumb":{"@id":"https:\/\/www.zoko.ro\/p\/set-5-capsule-reutilizabile-pentru-cafea-gonga\/#breadcrumb"},"inLanguage":"en-GB","potentialAction":[{"@type":"ReadAction","target":["https:\/\/www.zoko.ro\/p\/set-5-capsule-reutilizabile-pentru-cafea-gonga\/"]}]},{"@type":"ImageObject","inLanguage":"en-GB","@id":"https:\/\/www.zoko.ro\/p\/set-5-capsule-reutilizabile-pentru-cafea-gonga\/#primaryimage","url":"https:\/\/www.zoko.ro\/wp-content\/uploads\/2025\/03\/set-5-capsule-reutilizabile-pentru-cafea-gonga.jpg","contentUrl":"https:\/\/www.zoko.ro\/wp-content\/uploads\/2025\/03\/set-5-capsule-reutilizabile-pentru-cafea-gonga.jpg","width":1200,"height":1031},{"@type":"BreadcrumbList","@id":"https:\/\/www.zoko.ro\/p\/set-5-capsule-reutilizabile-pentru-cafea-gonga\/#breadcrumb","itemListElement":[{"@type":"ListItem","position":1,"name":"Home","item":"https:\/\/www.zoko.ro\/"},{"@type":"ListItem","position":2,"name":"Magazin","item":"https:\/\/www.zoko.ro\/magazin\/"},{"@type":"ListItem","position":3,"name":"Set 5 capsule reutilizabile pentru cafea, Gonga\u00ae"}]},{"@type":"WebSite","@id":"https:\/\/www.zoko.ro\/#website","url":"https:\/\/www.zoko.ro\/","name":"ZOKO.ro","description":"Cump\u0103r\u0103 inteligent","publisher":{"@id":"https:\/\/www.zoko.ro\/#organization"},"potentialAction":[{"@type":"SearchAction","target":{"@type":"EntryPoint","urlTemplate":"https:\/\/www.zoko.ro\/?s={search_term_string}"},"query-input":{"@type":"PropertyValueSpecification","valueRequired":true,"valueName":"search_term_string"}}],"inLanguage":"en-GB"},{"@type":"Organization","@id":"https:\/\/www.zoko.ro\/#organization","name":"ZOKO","url":"https:\/\/www.zoko.ro\/","logo":{"@type":"ImageObject","inLanguage":"en-GB","@id":"https:\/\/www.zoko.ro\/#\/schema\/logo\/image\/","url":"https:\/\/www.zoko.ro\/wp-content\/uploads\/2025\/03\/logo1.svg","contentUrl":"https:\/\/www.zoko.ro\/wp-content\/uploads\/2025\/03\/logo1.svg","width":799,"height":216,"caption":"ZOKO"},"image":{"@id":"https:\/\/www.zoko.ro\/#\/schema\/logo\/image\/"},"sameAs":["https:\/\/www.facebook.com\/profile.php?id=61584344135075"]}]}},"_links":{"self":[{"href":"https:\/\/www.zoko.ro\/en\/wp-json\/wp\/v2\/product\/9493","targetHints":{"allow":["GET"]}}],"collection":[{"href":"https:\/\/www.zoko.ro\/en\/wp-json\/wp\/v2\/product"}],"about":[{"href":"https:\/\/www.zoko.ro\/en\/wp-json\/wp\/v2\/types\/product"}],"replies":[{"embeddable":true,"href":"https:\/\/www.zoko.ro\/en\/wp-json\/wp\/v2\/comments?post=9493"}],"version-history":[{"count":1,"href":"https:\/\/www.zoko.ro\/en\/wp-json\/wp\/v2\/product\/9493\/revisions"}],"predecessor-version":[{"id":9494,"href":"https:\/\/www.zoko.ro\/en\/wp-json\/wp\/v2\/product\/9493\/revisions\/9494"}],"wp:featuredmedia":[{"embeddable":true,"href":"https:\/\/www.zoko.ro\/en\/wp-json\/wp\/v2\/media\/9495"}],"wp:attachment":[{"href":"https:\/\/www.zoko.ro\/en\/wp-json\/wp\/v2\/media?parent=9493"}],"wp:term":[{"taxonomy":"product_brand","embeddable":true,"href":"https:\/\/www.zoko.ro\/en\/wp-json\/wp\/v2\/product_brand?post=9493"},{"taxonomy":"product_cat","embeddable":true,"href":"https:\/\/www.zoko.ro\/en\/wp-json\/wp\/v2\/product_cat?post=9493"},{"taxonomy":"product_tag","embeddable":true,"href":"https:\/\/www.zoko.ro\/en\/wp-json\/wp\/v2\/product_tag?post=9493"}],"curies":[{"name":"wp","href":"https:\/\/api.w.org\/{rel}","templated":true}]}}