{"id":9525,"date":"2026-04-28T23:30:28","date_gmt":"2026-04-28T21:30:28","guid":{"rendered":"https:\/\/www.zoko.ro\/p\/organizator-pentru-sertar-7-compartimente-gonga\/"},"modified":"2026-04-28T23:30:28","modified_gmt":"2026-04-28T21:30:28","slug":"organizator-pentru-sertar-7-compartimente-gonga","status":"publish","type":"product","link":"https:\/\/www.zoko.ro\/en\/p\/organizator-pentru-sertar-7-compartimente-gonga\/","title":{"rendered":"Organizator Pentru Sertar, 7 Compartimente, Gonga\u00ae"},"content":{"rendered":"<p><strong>Culoare:<\/strong> Bej<\/p>\n<p>Organizator extrem de practic pentru lenjerie intim\u0103 \u0219i sutiene. Perfect ca recipient pentru \u0219osete \u00eempr\u0103\u0219tiate constant sau cravate amestecate. Se poate incadra cu usurinta intr-un sertar mai mare, in fundul dulapului sau sub pat. Dotat cu 7 compartimente identice! Fabricat din material permeabil la aer, care ne va men\u021bine lenjeria proasp\u0103t\u0103 mai mult timp.\u00a0<\/p>\n<\/p>\n<p>Organizatorul va fi perfect \u0219i ca recipient pentru juc\u0103rii mici sau alte m\u0103run\u021bi\u0219uri necesare!<\/p>\n<\/p>\n<p>Caracteristicile produsului:<\/p>\n<\/p>\n<p>&#8211; 7 compartimente identice<\/p>\n<p>&#8211; O modalitate excelent\u0103 de a v\u0103 organiza lenjeria intim\u0103 \u0219i alte accesorii vestimentare (de exemplu, papion \u0219i cravate)<\/p>\n<p>&#8211; Se potrive\u0219te perfect ca umplutur\u0103 \u00eentr-un sertar sau ca organizator \u00een picioare \u00eentr-un dulap.<\/p>\n<p>&#8211; Fabricat din material de \u00eenalt\u0103 calitate, permeabil la aer!<\/p>\n<\/p>\n<p>Specifica\u021bie:<\/p>\n<\/p>\n<p>&#8211; Material: respirabil<\/p>\n<p>&#8211; Lungime: 32 cm<\/p>\n<p>&#8211; Latime: 32 cm<\/p>\n<p>&#8211; Inaltime: 10 cm<\/p>\n<p>&#8211; 7 compartimente<\/p>\n<p>&#8211; Culoare: bej (+ tiv maro)<\/p>","protected":false},"excerpt":{"rendered":"<p>Culoare: Bej Organizator extrem de practic pentru lenjerie intim\u0103 \u0219i sutiene. Perfect ca recipient pentru \u0219osete \u00eempr\u0103\u0219tiate constant sau cravate<\/p>","protected":false},"featured_media":9527,"comment_status":"open","ping_status":"open","template":"","meta":[],"product_brand":[],"product_cat":[99,100,105],"product_tag":[104],"class_list":{"0":"post-9525","1":"product","2":"type-product","3":"status-publish","4":"has-post-thumbnail","6":"product_cat-acasa","7":"product_cat-casa-gradina","8":"product_cat-curatenie-intretinere-casa","9":"product_tag-in-stoc","10":"pa_culoare-bej","12":"first","13":"instock","14":"sale","15":"purchasable","16":"product-type-simple"},"yoast_head":"<!-- This site is optimized with the Yoast SEO plugin v27.2 - https:\/\/yoast.com\/product\/yoast-seo-wordpress\/ -->\n<title>Organizator Pentru Sertar, 7 Compartimente, Gonga\u00ae | ZOKO<\/title>\n<meta name=\"robots\" content=\"index, follow, max-snippet:-1, max-image-preview:large, max-video-preview:-1\" \/>\n<link rel=\"canonical\" href=\"https:\/\/www.zoko.ro\/en\/p\/organizator-pentru-sertar-7-compartimente-gonga\/\" \/>\n<meta property=\"og:locale\" content=\"en_GB\" \/>\n<meta property=\"og:type\" content=\"article\" \/>\n<meta property=\"og:title\" content=\"Organizator Pentru Sertar, 7 Compartimente, Gonga\u00ae | ZOKO\" \/>\n<meta property=\"og:description\" content=\"Culoare: Bej Organizator extrem de practic pentru lenjerie intim\u0103 \u0219i sutiene. Perfect ca recipient pentru \u0219osete \u00eempr\u0103\u0219tiate constant sau cravate\" \/>\n<meta property=\"og:url\" content=\"https:\/\/www.zoko.ro\/en\/p\/organizator-pentru-sertar-7-compartimente-gonga\/\" \/>\n<meta property=\"og:site_name\" content=\"ZOKO\" \/>\n<meta property=\"article:publisher\" content=\"https:\/\/www.facebook.com\/profile.php?id=61584344135075\" \/>\n<meta property=\"og:image\" content=\"https:\/\/www.zoko.ro\/wp-content\/uploads\/2025\/03\/organizator-pentru-sertar-7-compartimente-gonga.jpg\" \/>\n\t<meta property=\"og:image:width\" content=\"1200\" \/>\n\t<meta property=\"og:image:height\" content=\"1008\" \/>\n\t<meta property=\"og:image:type\" content=\"image\/jpeg\" \/>\n<meta name=\"twitter:card\" content=\"summary_large_image\" \/>\n<meta name=\"twitter:label1\" content=\"Estimated reading time\" \/>\n\t<meta name=\"twitter:data1\" content=\"1 minute\" \/>\n<script type=\"application\/ld+json\" class=\"yoast-schema-graph\">{\"@context\":\"https:\/\/schema.org\",\"@graph\":[{\"@type\":\"WebPage\",\"@id\":\"https:\/\/www.zoko.ro\/p\/organizator-pentru-sertar-7-compartimente-gonga\/\",\"url\":\"https:\/\/www.zoko.ro\/p\/organizator-pentru-sertar-7-compartimente-gonga\/\",\"name\":\"Organizator Pentru Sertar, 7 Compartimente, Gonga\u00ae | ZOKO\",\"isPartOf\":{\"@id\":\"https:\/\/www.zoko.ro\/#website\"},\"primaryImageOfPage\":{\"@id\":\"https:\/\/www.zoko.ro\/p\/organizator-pentru-sertar-7-compartimente-gonga\/#primaryimage\"},\"image\":{\"@id\":\"https:\/\/www.zoko.ro\/p\/organizator-pentru-sertar-7-compartimente-gonga\/#primaryimage\"},\"thumbnailUrl\":\"https:\/\/www.zoko.ro\/wp-content\/uploads\/2025\/03\/organizator-pentru-sertar-7-compartimente-gonga.jpg\",\"datePublished\":\"2026-04-28T21:30:28+00:00\",\"breadcrumb\":{\"@id\":\"https:\/\/www.zoko.ro\/p\/organizator-pentru-sertar-7-compartimente-gonga\/#breadcrumb\"},\"inLanguage\":\"en-GB\",\"potentialAction\":[{\"@type\":\"ReadAction\",\"target\":[\"https:\/\/www.zoko.ro\/p\/organizator-pentru-sertar-7-compartimente-gonga\/\"]}]},{\"@type\":\"ImageObject\",\"inLanguage\":\"en-GB\",\"@id\":\"https:\/\/www.zoko.ro\/p\/organizator-pentru-sertar-7-compartimente-gonga\/#primaryimage\",\"url\":\"https:\/\/www.zoko.ro\/wp-content\/uploads\/2025\/03\/organizator-pentru-sertar-7-compartimente-gonga.jpg\",\"contentUrl\":\"https:\/\/www.zoko.ro\/wp-content\/uploads\/2025\/03\/organizator-pentru-sertar-7-compartimente-gonga.jpg\",\"width\":1200,\"height\":1008},{\"@type\":\"BreadcrumbList\",\"@id\":\"https:\/\/www.zoko.ro\/p\/organizator-pentru-sertar-7-compartimente-gonga\/#breadcrumb\",\"itemListElement\":[{\"@type\":\"ListItem\",\"position\":1,\"name\":\"Home\",\"item\":\"https:\/\/www.zoko.ro\/\"},{\"@type\":\"ListItem\",\"position\":2,\"name\":\"Magazin\",\"item\":\"https:\/\/www.zoko.ro\/magazin\/\"},{\"@type\":\"ListItem\",\"position\":3,\"name\":\"Organizator Pentru Sertar, 7 Compartimente, Gonga\u00ae\"}]},{\"@type\":\"WebSite\",\"@id\":\"https:\/\/www.zoko.ro\/#website\",\"url\":\"https:\/\/www.zoko.ro\/\",\"name\":\"ZOKO.ro\",\"description\":\"Cump\u0103r\u0103 inteligent\",\"publisher\":{\"@id\":\"https:\/\/www.zoko.ro\/#organization\"},\"potentialAction\":[{\"@type\":\"SearchAction\",\"target\":{\"@type\":\"EntryPoint\",\"urlTemplate\":\"https:\/\/www.zoko.ro\/?s={search_term_string}\"},\"query-input\":{\"@type\":\"PropertyValueSpecification\",\"valueRequired\":true,\"valueName\":\"search_term_string\"}}],\"inLanguage\":\"en-GB\"},{\"@type\":\"Organization\",\"@id\":\"https:\/\/www.zoko.ro\/#organization\",\"name\":\"ZOKO\",\"url\":\"https:\/\/www.zoko.ro\/\",\"logo\":{\"@type\":\"ImageObject\",\"inLanguage\":\"en-GB\",\"@id\":\"https:\/\/www.zoko.ro\/#\/schema\/logo\/image\/\",\"url\":\"https:\/\/www.zoko.ro\/wp-content\/uploads\/2025\/03\/logo1.svg\",\"contentUrl\":\"https:\/\/www.zoko.ro\/wp-content\/uploads\/2025\/03\/logo1.svg\",\"width\":799,\"height\":216,\"caption\":\"ZOKO\"},\"image\":{\"@id\":\"https:\/\/www.zoko.ro\/#\/schema\/logo\/image\/\"},\"sameAs\":[\"https:\/\/www.facebook.com\/profile.php?id=61584344135075\"]}]}<\/script>\n<!-- \/ Yoast SEO plugin. -->","yoast_head_json":{"title":"Organizator Pentru Sertar, 7 Compartimente, Gonga\u00ae | ZOKO","robots":{"index":"index","follow":"follow","max-snippet":"max-snippet:-1","max-image-preview":"max-image-preview:large","max-video-preview":"max-video-preview:-1"},"canonical":"https:\/\/www.zoko.ro\/en\/p\/organizator-pentru-sertar-7-compartimente-gonga\/","og_locale":"en_GB","og_type":"article","og_title":"Organizator Pentru Sertar, 7 Compartimente, Gonga\u00ae | ZOKO","og_description":"Culoare: Bej Organizator extrem de practic pentru lenjerie intim\u0103 \u0219i sutiene. Perfect ca recipient pentru \u0219osete \u00eempr\u0103\u0219tiate constant sau cravate","og_url":"https:\/\/www.zoko.ro\/en\/p\/organizator-pentru-sertar-7-compartimente-gonga\/","og_site_name":"ZOKO","article_publisher":"https:\/\/www.facebook.com\/profile.php?id=61584344135075","og_image":[{"width":1200,"height":1008,"url":"https:\/\/www.zoko.ro\/wp-content\/uploads\/2025\/03\/organizator-pentru-sertar-7-compartimente-gonga.jpg","type":"image\/jpeg"}],"twitter_card":"summary_large_image","twitter_misc":{"Estimated reading time":"1 minute"},"schema":{"@context":"https:\/\/schema.org","@graph":[{"@type":"WebPage","@id":"https:\/\/www.zoko.ro\/p\/organizator-pentru-sertar-7-compartimente-gonga\/","url":"https:\/\/www.zoko.ro\/p\/organizator-pentru-sertar-7-compartimente-gonga\/","name":"Organizator Pentru Sertar, 7 Compartimente, Gonga\u00ae | ZOKO","isPartOf":{"@id":"https:\/\/www.zoko.ro\/#website"},"primaryImageOfPage":{"@id":"https:\/\/www.zoko.ro\/p\/organizator-pentru-sertar-7-compartimente-gonga\/#primaryimage"},"image":{"@id":"https:\/\/www.zoko.ro\/p\/organizator-pentru-sertar-7-compartimente-gonga\/#primaryimage"},"thumbnailUrl":"https:\/\/www.zoko.ro\/wp-content\/uploads\/2025\/03\/organizator-pentru-sertar-7-compartimente-gonga.jpg","datePublished":"2026-04-28T21:30:28+00:00","breadcrumb":{"@id":"https:\/\/www.zoko.ro\/p\/organizator-pentru-sertar-7-compartimente-gonga\/#breadcrumb"},"inLanguage":"en-GB","potentialAction":[{"@type":"ReadAction","target":["https:\/\/www.zoko.ro\/p\/organizator-pentru-sertar-7-compartimente-gonga\/"]}]},{"@type":"ImageObject","inLanguage":"en-GB","@id":"https:\/\/www.zoko.ro\/p\/organizator-pentru-sertar-7-compartimente-gonga\/#primaryimage","url":"https:\/\/www.zoko.ro\/wp-content\/uploads\/2025\/03\/organizator-pentru-sertar-7-compartimente-gonga.jpg","contentUrl":"https:\/\/www.zoko.ro\/wp-content\/uploads\/2025\/03\/organizator-pentru-sertar-7-compartimente-gonga.jpg","width":1200,"height":1008},{"@type":"BreadcrumbList","@id":"https:\/\/www.zoko.ro\/p\/organizator-pentru-sertar-7-compartimente-gonga\/#breadcrumb","itemListElement":[{"@type":"ListItem","position":1,"name":"Home","item":"https:\/\/www.zoko.ro\/"},{"@type":"ListItem","position":2,"name":"Magazin","item":"https:\/\/www.zoko.ro\/magazin\/"},{"@type":"ListItem","position":3,"name":"Organizator Pentru Sertar, 7 Compartimente, Gonga\u00ae"}]},{"@type":"WebSite","@id":"https:\/\/www.zoko.ro\/#website","url":"https:\/\/www.zoko.ro\/","name":"ZOKO.ro","description":"Cump\u0103r\u0103 inteligent","publisher":{"@id":"https:\/\/www.zoko.ro\/#organization"},"potentialAction":[{"@type":"SearchAction","target":{"@type":"EntryPoint","urlTemplate":"https:\/\/www.zoko.ro\/?s={search_term_string}"},"query-input":{"@type":"PropertyValueSpecification","valueRequired":true,"valueName":"search_term_string"}}],"inLanguage":"en-GB"},{"@type":"Organization","@id":"https:\/\/www.zoko.ro\/#organization","name":"ZOKO","url":"https:\/\/www.zoko.ro\/","logo":{"@type":"ImageObject","inLanguage":"en-GB","@id":"https:\/\/www.zoko.ro\/#\/schema\/logo\/image\/","url":"https:\/\/www.zoko.ro\/wp-content\/uploads\/2025\/03\/logo1.svg","contentUrl":"https:\/\/www.zoko.ro\/wp-content\/uploads\/2025\/03\/logo1.svg","width":799,"height":216,"caption":"ZOKO"},"image":{"@id":"https:\/\/www.zoko.ro\/#\/schema\/logo\/image\/"},"sameAs":["https:\/\/www.facebook.com\/profile.php?id=61584344135075"]}]}},"_links":{"self":[{"href":"https:\/\/www.zoko.ro\/en\/wp-json\/wp\/v2\/product\/9525","targetHints":{"allow":["GET"]}}],"collection":[{"href":"https:\/\/www.zoko.ro\/en\/wp-json\/wp\/v2\/product"}],"about":[{"href":"https:\/\/www.zoko.ro\/en\/wp-json\/wp\/v2\/types\/product"}],"replies":[{"embeddable":true,"href":"https:\/\/www.zoko.ro\/en\/wp-json\/wp\/v2\/comments?post=9525"}],"version-history":[{"count":1,"href":"https:\/\/www.zoko.ro\/en\/wp-json\/wp\/v2\/product\/9525\/revisions"}],"predecessor-version":[{"id":9526,"href":"https:\/\/www.zoko.ro\/en\/wp-json\/wp\/v2\/product\/9525\/revisions\/9526"}],"wp:featuredmedia":[{"embeddable":true,"href":"https:\/\/www.zoko.ro\/en\/wp-json\/wp\/v2\/media\/9527"}],"wp:attachment":[{"href":"https:\/\/www.zoko.ro\/en\/wp-json\/wp\/v2\/media?parent=9525"}],"wp:term":[{"taxonomy":"product_brand","embeddable":true,"href":"https:\/\/www.zoko.ro\/en\/wp-json\/wp\/v2\/product_brand?post=9525"},{"taxonomy":"product_cat","embeddable":true,"href":"https:\/\/www.zoko.ro\/en\/wp-json\/wp\/v2\/product_cat?post=9525"},{"taxonomy":"product_tag","embeddable":true,"href":"https:\/\/www.zoko.ro\/en\/wp-json\/wp\/v2\/product_tag?post=9525"}],"curies":[{"name":"wp","href":"https:\/\/api.w.org\/{rel}","templated":true}]}}