{"id":9537,"date":"2026-04-28T23:30:29","date_gmt":"2026-04-28T21:30:29","guid":{"rendered":"https:\/\/www.zoko.ro\/p\/chibrit-reincarcabil-64x17-cm-gonga\/"},"modified":"2026-04-28T23:30:29","modified_gmt":"2026-04-28T21:30:29","slug":"chibrit-reincarcabil-64x17-cm-gonga","status":"publish","type":"product","link":"https:\/\/www.zoko.ro\/en\/p\/chibrit-reincarcabil-64x17-cm-gonga\/","title":{"rendered":"Chibrit reincarcabil, 6,4&#215;1,7 cm, Gonga\u00ae"},"content":{"rendered":"<p><strong>Culoare:<\/strong> Argintiu<\/p>\n<p>Un chibrit ce nu se termina niciodata este un instrument genial \u00een simplitatea sa, datorit\u0103 c\u0103ruia vei aprinde \u00eentotdeauna focul &#8211; \u00een toate condi\u021biile. Este rezistent la apa, iar utilizarea unei tije de magneziu iti permite sa generezi o scanteie cu o temperatura uriasa de pana la 3000 de grade Celsius. Acest lucru face mult mai u\u0219or s\u0103 aprinde\u021bi focul, chiar \u0219i \u00een condi\u021bii meteorologice dificile.<\/p>\n<\/p>\n<p>Caracteristicile produsului:<\/p>\n<\/p>\n<p>&#8211; Un chibrit nelimitat, este un instrument indispensabil pentru fiecare turist, pescar \u0219i supravie\u021buitor.<\/p>\n<p>&#8211; Chibritul este rezistent la condi\u021bii meteorologice dure &#8211; aprinde focul oric\u00e2nd \u0219i oriunde!<\/p>\n<p>&#8211; Principiul de func\u021bionare este foarte simplu! Este suficient s\u0103 umple\u021bi par\u021bial recipientul cu un lichid inflamabil (de exemplu, kerosen sau benzin\u0103), s\u0103 scufunda\u021bi un chibrit de metal \u00een recipient \u0219i apoi s\u0103 freca\u021bi energic v\u00e2rful de o\u021bel al chibritului de miez pentru a crea sc\u00e2ntei \u0219i a provoca aprindere.<\/p>\n<\/p>\n<p>NOT\u0102: \u00cenainte de a pune chibritul\/miezul \u00eenapoi \u00een recipient, acesta trebuie stins \u0219i r\u0103cit!<\/p>\n<\/p>\n<p>Specifica\u021bie:<\/p>\n<\/p>\n<p>&#8211; Un chibrit nelimitat<\/p>\n<p>&#8211; Garnitura care previne scurgerea benzinei<\/p>\n<p>&#8211; M\u00e2ner de transport metalic<\/p>\n<p>&#8211; Temperatura sc\u00e2nteii: p\u00e2n\u0103 la 3000 de grade Celsius<\/p>\n<p>&#8211; Lungimea miezului chibritului: 3 cm<\/p>\n<p>&#8211; Grosimea miezului: 3 mm<\/p>\n<p>&#8211; Dimensiuni: 6,4 cm x 1,9 cm<\/p>\n<p>&#8211; Greutate: 16 g<\/p>\n<p>&#8211; Culoare: Argintiu<\/p>","protected":false},"excerpt":{"rendered":"<p>Culoare: Argintiu Un chibrit ce nu se termina niciodata este un instrument genial \u00een simplitatea sa, datorit\u0103 c\u0103ruia vei aprinde<\/p>","protected":false},"featured_media":9539,"comment_status":"open","ping_status":"open","template":"","meta":[],"product_brand":[],"product_cat":[99,111,102],"product_tag":[104],"class_list":{"0":"post-9537","1":"product","2":"type-product","3":"status-publish","4":"has-post-thumbnail","6":"product_cat-acasa","7":"product_cat-camping-si-drumetii","8":"product_cat-sport-activitati-in-aer-liber","9":"product_tag-in-stoc","10":"pa_culoare-argintiu","12":"first","13":"instock","14":"sale","15":"purchasable","16":"product-type-simple"},"yoast_head":"<!-- This site is optimized with the Yoast SEO plugin v27.2 - https:\/\/yoast.com\/product\/yoast-seo-wordpress\/ -->\n<title>Chibrit reincarcabil, 6,4x1,7 cm, Gonga\u00ae | ZOKO<\/title>\n<meta name=\"robots\" content=\"index, follow, max-snippet:-1, max-image-preview:large, max-video-preview:-1\" \/>\n<link rel=\"canonical\" href=\"https:\/\/www.zoko.ro\/en\/p\/chibrit-reincarcabil-64x17-cm-gonga\/\" \/>\n<meta property=\"og:locale\" content=\"en_GB\" \/>\n<meta property=\"og:type\" content=\"article\" \/>\n<meta property=\"og:title\" content=\"Chibrit reincarcabil, 6,4x1,7 cm, Gonga\u00ae | ZOKO\" \/>\n<meta property=\"og:description\" content=\"Culoare: Argintiu Un chibrit ce nu se termina niciodata este un instrument genial \u00een simplitatea sa, datorit\u0103 c\u0103ruia vei aprinde\" \/>\n<meta property=\"og:url\" content=\"https:\/\/www.zoko.ro\/en\/p\/chibrit-reincarcabil-64x17-cm-gonga\/\" \/>\n<meta property=\"og:site_name\" content=\"ZOKO\" \/>\n<meta property=\"article:publisher\" content=\"https:\/\/www.facebook.com\/profile.php?id=61584344135075\" \/>\n<meta property=\"og:image\" content=\"https:\/\/www.zoko.ro\/wp-content\/uploads\/2025\/03\/chibrit-reincarcabil-64x17-cm-gonga.jpg\" \/>\n\t<meta property=\"og:image:width\" content=\"946\" \/>\n\t<meta property=\"og:image:height\" content=\"1200\" \/>\n\t<meta property=\"og:image:type\" content=\"image\/jpeg\" \/>\n<meta name=\"twitter:card\" content=\"summary_large_image\" \/>\n<meta name=\"twitter:label1\" content=\"Estimated reading time\" \/>\n\t<meta name=\"twitter:data1\" content=\"1 minute\" \/>\n<script type=\"application\/ld+json\" class=\"yoast-schema-graph\">{\"@context\":\"https:\/\/schema.org\",\"@graph\":[{\"@type\":\"WebPage\",\"@id\":\"https:\/\/www.zoko.ro\/p\/chibrit-reincarcabil-64x17-cm-gonga\/\",\"url\":\"https:\/\/www.zoko.ro\/p\/chibrit-reincarcabil-64x17-cm-gonga\/\",\"name\":\"Chibrit reincarcabil, 6,4x1,7 cm, Gonga\u00ae | ZOKO\",\"isPartOf\":{\"@id\":\"https:\/\/www.zoko.ro\/#website\"},\"primaryImageOfPage\":{\"@id\":\"https:\/\/www.zoko.ro\/p\/chibrit-reincarcabil-64x17-cm-gonga\/#primaryimage\"},\"image\":{\"@id\":\"https:\/\/www.zoko.ro\/p\/chibrit-reincarcabil-64x17-cm-gonga\/#primaryimage\"},\"thumbnailUrl\":\"https:\/\/www.zoko.ro\/wp-content\/uploads\/2025\/03\/chibrit-reincarcabil-64x17-cm-gonga.jpg\",\"datePublished\":\"2026-04-28T21:30:29+00:00\",\"breadcrumb\":{\"@id\":\"https:\/\/www.zoko.ro\/p\/chibrit-reincarcabil-64x17-cm-gonga\/#breadcrumb\"},\"inLanguage\":\"en-GB\",\"potentialAction\":[{\"@type\":\"ReadAction\",\"target\":[\"https:\/\/www.zoko.ro\/p\/chibrit-reincarcabil-64x17-cm-gonga\/\"]}]},{\"@type\":\"ImageObject\",\"inLanguage\":\"en-GB\",\"@id\":\"https:\/\/www.zoko.ro\/p\/chibrit-reincarcabil-64x17-cm-gonga\/#primaryimage\",\"url\":\"https:\/\/www.zoko.ro\/wp-content\/uploads\/2025\/03\/chibrit-reincarcabil-64x17-cm-gonga.jpg\",\"contentUrl\":\"https:\/\/www.zoko.ro\/wp-content\/uploads\/2025\/03\/chibrit-reincarcabil-64x17-cm-gonga.jpg\",\"width\":946,\"height\":1200},{\"@type\":\"BreadcrumbList\",\"@id\":\"https:\/\/www.zoko.ro\/p\/chibrit-reincarcabil-64x17-cm-gonga\/#breadcrumb\",\"itemListElement\":[{\"@type\":\"ListItem\",\"position\":1,\"name\":\"Home\",\"item\":\"https:\/\/www.zoko.ro\/\"},{\"@type\":\"ListItem\",\"position\":2,\"name\":\"Magazin\",\"item\":\"https:\/\/www.zoko.ro\/magazin\/\"},{\"@type\":\"ListItem\",\"position\":3,\"name\":\"Chibrit reincarcabil, 6,4&#215;1,7 cm, Gonga\u00ae\"}]},{\"@type\":\"WebSite\",\"@id\":\"https:\/\/www.zoko.ro\/#website\",\"url\":\"https:\/\/www.zoko.ro\/\",\"name\":\"ZOKO.ro\",\"description\":\"Cump\u0103r\u0103 inteligent\",\"publisher\":{\"@id\":\"https:\/\/www.zoko.ro\/#organization\"},\"potentialAction\":[{\"@type\":\"SearchAction\",\"target\":{\"@type\":\"EntryPoint\",\"urlTemplate\":\"https:\/\/www.zoko.ro\/?s={search_term_string}\"},\"query-input\":{\"@type\":\"PropertyValueSpecification\",\"valueRequired\":true,\"valueName\":\"search_term_string\"}}],\"inLanguage\":\"en-GB\"},{\"@type\":\"Organization\",\"@id\":\"https:\/\/www.zoko.ro\/#organization\",\"name\":\"ZOKO\",\"url\":\"https:\/\/www.zoko.ro\/\",\"logo\":{\"@type\":\"ImageObject\",\"inLanguage\":\"en-GB\",\"@id\":\"https:\/\/www.zoko.ro\/#\/schema\/logo\/image\/\",\"url\":\"https:\/\/www.zoko.ro\/wp-content\/uploads\/2025\/03\/logo1.svg\",\"contentUrl\":\"https:\/\/www.zoko.ro\/wp-content\/uploads\/2025\/03\/logo1.svg\",\"width\":799,\"height\":216,\"caption\":\"ZOKO\"},\"image\":{\"@id\":\"https:\/\/www.zoko.ro\/#\/schema\/logo\/image\/\"},\"sameAs\":[\"https:\/\/www.facebook.com\/profile.php?id=61584344135075\"]}]}<\/script>\n<!-- \/ Yoast SEO plugin. -->","yoast_head_json":{"title":"Chibrit reincarcabil, 6,4x1,7 cm, Gonga\u00ae | ZOKO","robots":{"index":"index","follow":"follow","max-snippet":"max-snippet:-1","max-image-preview":"max-image-preview:large","max-video-preview":"max-video-preview:-1"},"canonical":"https:\/\/www.zoko.ro\/en\/p\/chibrit-reincarcabil-64x17-cm-gonga\/","og_locale":"en_GB","og_type":"article","og_title":"Chibrit reincarcabil, 6,4x1,7 cm, Gonga\u00ae | ZOKO","og_description":"Culoare: Argintiu Un chibrit ce nu se termina niciodata este un instrument genial \u00een simplitatea sa, datorit\u0103 c\u0103ruia vei aprinde","og_url":"https:\/\/www.zoko.ro\/en\/p\/chibrit-reincarcabil-64x17-cm-gonga\/","og_site_name":"ZOKO","article_publisher":"https:\/\/www.facebook.com\/profile.php?id=61584344135075","og_image":[{"width":946,"height":1200,"url":"https:\/\/www.zoko.ro\/wp-content\/uploads\/2025\/03\/chibrit-reincarcabil-64x17-cm-gonga.jpg","type":"image\/jpeg"}],"twitter_card":"summary_large_image","twitter_misc":{"Estimated reading time":"1 minute"},"schema":{"@context":"https:\/\/schema.org","@graph":[{"@type":"WebPage","@id":"https:\/\/www.zoko.ro\/p\/chibrit-reincarcabil-64x17-cm-gonga\/","url":"https:\/\/www.zoko.ro\/p\/chibrit-reincarcabil-64x17-cm-gonga\/","name":"Chibrit reincarcabil, 6,4x1,7 cm, Gonga\u00ae | ZOKO","isPartOf":{"@id":"https:\/\/www.zoko.ro\/#website"},"primaryImageOfPage":{"@id":"https:\/\/www.zoko.ro\/p\/chibrit-reincarcabil-64x17-cm-gonga\/#primaryimage"},"image":{"@id":"https:\/\/www.zoko.ro\/p\/chibrit-reincarcabil-64x17-cm-gonga\/#primaryimage"},"thumbnailUrl":"https:\/\/www.zoko.ro\/wp-content\/uploads\/2025\/03\/chibrit-reincarcabil-64x17-cm-gonga.jpg","datePublished":"2026-04-28T21:30:29+00:00","breadcrumb":{"@id":"https:\/\/www.zoko.ro\/p\/chibrit-reincarcabil-64x17-cm-gonga\/#breadcrumb"},"inLanguage":"en-GB","potentialAction":[{"@type":"ReadAction","target":["https:\/\/www.zoko.ro\/p\/chibrit-reincarcabil-64x17-cm-gonga\/"]}]},{"@type":"ImageObject","inLanguage":"en-GB","@id":"https:\/\/www.zoko.ro\/p\/chibrit-reincarcabil-64x17-cm-gonga\/#primaryimage","url":"https:\/\/www.zoko.ro\/wp-content\/uploads\/2025\/03\/chibrit-reincarcabil-64x17-cm-gonga.jpg","contentUrl":"https:\/\/www.zoko.ro\/wp-content\/uploads\/2025\/03\/chibrit-reincarcabil-64x17-cm-gonga.jpg","width":946,"height":1200},{"@type":"BreadcrumbList","@id":"https:\/\/www.zoko.ro\/p\/chibrit-reincarcabil-64x17-cm-gonga\/#breadcrumb","itemListElement":[{"@type":"ListItem","position":1,"name":"Home","item":"https:\/\/www.zoko.ro\/"},{"@type":"ListItem","position":2,"name":"Magazin","item":"https:\/\/www.zoko.ro\/magazin\/"},{"@type":"ListItem","position":3,"name":"Chibrit reincarcabil, 6,4&#215;1,7 cm, Gonga\u00ae"}]},{"@type":"WebSite","@id":"https:\/\/www.zoko.ro\/#website","url":"https:\/\/www.zoko.ro\/","name":"ZOKO.ro","description":"Cump\u0103r\u0103 inteligent","publisher":{"@id":"https:\/\/www.zoko.ro\/#organization"},"potentialAction":[{"@type":"SearchAction","target":{"@type":"EntryPoint","urlTemplate":"https:\/\/www.zoko.ro\/?s={search_term_string}"},"query-input":{"@type":"PropertyValueSpecification","valueRequired":true,"valueName":"search_term_string"}}],"inLanguage":"en-GB"},{"@type":"Organization","@id":"https:\/\/www.zoko.ro\/#organization","name":"ZOKO","url":"https:\/\/www.zoko.ro\/","logo":{"@type":"ImageObject","inLanguage":"en-GB","@id":"https:\/\/www.zoko.ro\/#\/schema\/logo\/image\/","url":"https:\/\/www.zoko.ro\/wp-content\/uploads\/2025\/03\/logo1.svg","contentUrl":"https:\/\/www.zoko.ro\/wp-content\/uploads\/2025\/03\/logo1.svg","width":799,"height":216,"caption":"ZOKO"},"image":{"@id":"https:\/\/www.zoko.ro\/#\/schema\/logo\/image\/"},"sameAs":["https:\/\/www.facebook.com\/profile.php?id=61584344135075"]}]}},"_links":{"self":[{"href":"https:\/\/www.zoko.ro\/en\/wp-json\/wp\/v2\/product\/9537","targetHints":{"allow":["GET"]}}],"collection":[{"href":"https:\/\/www.zoko.ro\/en\/wp-json\/wp\/v2\/product"}],"about":[{"href":"https:\/\/www.zoko.ro\/en\/wp-json\/wp\/v2\/types\/product"}],"replies":[{"embeddable":true,"href":"https:\/\/www.zoko.ro\/en\/wp-json\/wp\/v2\/comments?post=9537"}],"version-history":[{"count":1,"href":"https:\/\/www.zoko.ro\/en\/wp-json\/wp\/v2\/product\/9537\/revisions"}],"predecessor-version":[{"id":9538,"href":"https:\/\/www.zoko.ro\/en\/wp-json\/wp\/v2\/product\/9537\/revisions\/9538"}],"wp:featuredmedia":[{"embeddable":true,"href":"https:\/\/www.zoko.ro\/en\/wp-json\/wp\/v2\/media\/9539"}],"wp:attachment":[{"href":"https:\/\/www.zoko.ro\/en\/wp-json\/wp\/v2\/media?parent=9537"}],"wp:term":[{"taxonomy":"product_brand","embeddable":true,"href":"https:\/\/www.zoko.ro\/en\/wp-json\/wp\/v2\/product_brand?post=9537"},{"taxonomy":"product_cat","embeddable":true,"href":"https:\/\/www.zoko.ro\/en\/wp-json\/wp\/v2\/product_cat?post=9537"},{"taxonomy":"product_tag","embeddable":true,"href":"https:\/\/www.zoko.ro\/en\/wp-json\/wp\/v2\/product_tag?post=9537"}],"curies":[{"name":"wp","href":"https:\/\/api.w.org\/{rel}","templated":true}]}}