{"id":9563,"date":"2026-04-28T23:30:30","date_gmt":"2026-04-28T21:30:30","guid":{"rendered":"https:\/\/www.zoko.ro\/p\/furculita-telescopica-pentru-gratar-extensibila-82-cm-gonga\/"},"modified":"2026-04-28T23:30:30","modified_gmt":"2026-04-28T21:30:30","slug":"furculita-telescopica-pentru-gratar-extensibila-82-cm-gonga","status":"publish","type":"product","link":"https:\/\/www.zoko.ro\/en\/p\/furculita-telescopica-pentru-gratar-extensibila-82-cm-gonga\/","title":{"rendered":"Furculita telescopic\u0103 pentru gr\u0103tar extensibila, 82 cm, Gonga\u00ae"},"content":{"rendered":"<p><strong>Culoare:<\/strong> Argintiu<\/p>\n<p>Furculi\u021b\u0103 telescopic\u0103 pentru gr\u0103tar \u0219i foc de tab\u0103r\u0103 cu m\u00e2ner lung \u0219i extensibil. O furculita solid\u0103, dubl\u0103 din o\u021bel inoxidabil, v\u0103 permite s\u0103 alege\u021bi \u00een mod convenabil feluri de m\u00e2ncare la gr\u0103tar \u0219i s\u0103 coace\u021bi convenabil doi c\u00e2rna\u021bi \u00een acela\u0219i timp pe foc. M\u00e2nerul din lemn permite o prindere ferm\u0103 \u0219i sigur\u0103 la folosirea furculitei.<\/p>\n<\/p>\n<p>Caracteristicile produsului:<\/p>\n<\/p>\n<p>&#8211; Maner telescopic, rabatabil \u0219i furculita pentru foc.<\/p>\n<p>&#8211; Furculita robusta, dubla din otel inoxidabil.<\/p>\n<p>&#8211; Manerul din lemn permite o prindere sigura fara riscul de arsuri.<\/p>\n<p>&#8211; M\u00e2nerul lung asigur\u0103 utilizarea \u00een siguran\u021b\u0103 a furcii chiar \u0219i la foc deschis.<\/p>\n<\/p>\n<p>Specifica\u021bie:<\/p>\n<\/p>\n<p>Material: plastic + otel inoxidabil<\/p>\n<p>Lungime (total\u0103): 82,5 cm<\/p>\n<p>Lungime (pliat): 31 cm<\/p>\n<p>Lungime (frigar\u0103): 9 cm<\/p>\n<p>Latime: 2,5 cm<\/p>","protected":false},"excerpt":{"rendered":"<p>Culoare: Argintiu Furculi\u021b\u0103 telescopic\u0103 pentru gr\u0103tar \u0219i foc de tab\u0103r\u0103 cu m\u00e2ner lung \u0219i extensibil. O furculita solid\u0103, dubl\u0103 din<\/p>","protected":false},"featured_media":9565,"comment_status":"open","ping_status":"open","template":"","meta":[],"product_brand":[],"product_cat":[99,107,100,131],"product_tag":[104],"class_list":{"0":"post-9563","1":"product","2":"type-product","3":"status-publish","4":"has-post-thumbnail","6":"product_cat-acasa","7":"product_cat-bucatarie-si-servire","8":"product_cat-casa-gradina","9":"product_cat-ustensile-gatit","10":"product_tag-in-stoc","11":"pa_culoare-argintiu","13":"first","14":"instock","15":"sale","16":"purchasable","17":"product-type-simple"},"yoast_head":"<!-- This site is optimized with the Yoast SEO plugin v27.2 - https:\/\/yoast.com\/product\/yoast-seo-wordpress\/ -->\n<title>Furculita telescopic\u0103 pentru gr\u0103tar extensibila, 82 cm, Gonga\u00ae | ZOKO<\/title>\n<meta name=\"robots\" content=\"index, follow, max-snippet:-1, max-image-preview:large, max-video-preview:-1\" \/>\n<link rel=\"canonical\" href=\"https:\/\/www.zoko.ro\/en\/p\/furculita-telescopica-pentru-gratar-extensibila-82-cm-gonga\/\" \/>\n<meta property=\"og:locale\" content=\"en_GB\" \/>\n<meta property=\"og:type\" content=\"article\" \/>\n<meta property=\"og:title\" content=\"Furculita telescopic\u0103 pentru gr\u0103tar extensibila, 82 cm, Gonga\u00ae | ZOKO\" \/>\n<meta property=\"og:description\" content=\"Culoare: Argintiu Furculi\u021b\u0103 telescopic\u0103 pentru gr\u0103tar \u0219i foc de tab\u0103r\u0103 cu m\u00e2ner lung \u0219i extensibil. O furculita solid\u0103, dubl\u0103 din\" \/>\n<meta property=\"og:url\" content=\"https:\/\/www.zoko.ro\/en\/p\/furculita-telescopica-pentru-gratar-extensibila-82-cm-gonga\/\" \/>\n<meta property=\"og:site_name\" content=\"ZOKO\" \/>\n<meta property=\"article:publisher\" content=\"https:\/\/www.facebook.com\/profile.php?id=61584344135075\" \/>\n<meta property=\"og:image\" content=\"https:\/\/www.zoko.ro\/wp-content\/uploads\/2025\/03\/furculita-telescopica-pentru-gratar-extensibila-82-cm-gonga.jpg\" \/>\n\t<meta property=\"og:image:width\" content=\"1197\" \/>\n\t<meta property=\"og:image:height\" content=\"1200\" \/>\n\t<meta property=\"og:image:type\" content=\"image\/jpeg\" \/>\n<meta name=\"twitter:card\" content=\"summary_large_image\" \/>\n<meta name=\"twitter:label1\" content=\"Estimated reading time\" \/>\n\t<meta name=\"twitter:data1\" content=\"1 minute\" \/>\n<script type=\"application\/ld+json\" class=\"yoast-schema-graph\">{\"@context\":\"https:\/\/schema.org\",\"@graph\":[{\"@type\":\"WebPage\",\"@id\":\"https:\/\/www.zoko.ro\/p\/furculita-telescopica-pentru-gratar-extensibila-82-cm-gonga\/\",\"url\":\"https:\/\/www.zoko.ro\/p\/furculita-telescopica-pentru-gratar-extensibila-82-cm-gonga\/\",\"name\":\"Furculita telescopic\u0103 pentru gr\u0103tar extensibila, 82 cm, Gonga\u00ae | ZOKO\",\"isPartOf\":{\"@id\":\"https:\/\/www.zoko.ro\/#website\"},\"primaryImageOfPage\":{\"@id\":\"https:\/\/www.zoko.ro\/p\/furculita-telescopica-pentru-gratar-extensibila-82-cm-gonga\/#primaryimage\"},\"image\":{\"@id\":\"https:\/\/www.zoko.ro\/p\/furculita-telescopica-pentru-gratar-extensibila-82-cm-gonga\/#primaryimage\"},\"thumbnailUrl\":\"https:\/\/www.zoko.ro\/wp-content\/uploads\/2025\/03\/furculita-telescopica-pentru-gratar-extensibila-82-cm-gonga.jpg\",\"datePublished\":\"2026-04-28T21:30:30+00:00\",\"breadcrumb\":{\"@id\":\"https:\/\/www.zoko.ro\/p\/furculita-telescopica-pentru-gratar-extensibila-82-cm-gonga\/#breadcrumb\"},\"inLanguage\":\"en-GB\",\"potentialAction\":[{\"@type\":\"ReadAction\",\"target\":[\"https:\/\/www.zoko.ro\/p\/furculita-telescopica-pentru-gratar-extensibila-82-cm-gonga\/\"]}]},{\"@type\":\"ImageObject\",\"inLanguage\":\"en-GB\",\"@id\":\"https:\/\/www.zoko.ro\/p\/furculita-telescopica-pentru-gratar-extensibila-82-cm-gonga\/#primaryimage\",\"url\":\"https:\/\/www.zoko.ro\/wp-content\/uploads\/2025\/03\/furculita-telescopica-pentru-gratar-extensibila-82-cm-gonga.jpg\",\"contentUrl\":\"https:\/\/www.zoko.ro\/wp-content\/uploads\/2025\/03\/furculita-telescopica-pentru-gratar-extensibila-82-cm-gonga.jpg\",\"width\":1197,\"height\":1200},{\"@type\":\"BreadcrumbList\",\"@id\":\"https:\/\/www.zoko.ro\/p\/furculita-telescopica-pentru-gratar-extensibila-82-cm-gonga\/#breadcrumb\",\"itemListElement\":[{\"@type\":\"ListItem\",\"position\":1,\"name\":\"Home\",\"item\":\"https:\/\/www.zoko.ro\/\"},{\"@type\":\"ListItem\",\"position\":2,\"name\":\"Magazin\",\"item\":\"https:\/\/www.zoko.ro\/magazin\/\"},{\"@type\":\"ListItem\",\"position\":3,\"name\":\"Furculita telescopic\u0103 pentru gr\u0103tar extensibila, 82 cm, Gonga\u00ae\"}]},{\"@type\":\"WebSite\",\"@id\":\"https:\/\/www.zoko.ro\/#website\",\"url\":\"https:\/\/www.zoko.ro\/\",\"name\":\"ZOKO.ro\",\"description\":\"Cump\u0103r\u0103 inteligent\",\"publisher\":{\"@id\":\"https:\/\/www.zoko.ro\/#organization\"},\"potentialAction\":[{\"@type\":\"SearchAction\",\"target\":{\"@type\":\"EntryPoint\",\"urlTemplate\":\"https:\/\/www.zoko.ro\/?s={search_term_string}\"},\"query-input\":{\"@type\":\"PropertyValueSpecification\",\"valueRequired\":true,\"valueName\":\"search_term_string\"}}],\"inLanguage\":\"en-GB\"},{\"@type\":\"Organization\",\"@id\":\"https:\/\/www.zoko.ro\/#organization\",\"name\":\"ZOKO\",\"url\":\"https:\/\/www.zoko.ro\/\",\"logo\":{\"@type\":\"ImageObject\",\"inLanguage\":\"en-GB\",\"@id\":\"https:\/\/www.zoko.ro\/#\/schema\/logo\/image\/\",\"url\":\"https:\/\/www.zoko.ro\/wp-content\/uploads\/2025\/03\/logo1.svg\",\"contentUrl\":\"https:\/\/www.zoko.ro\/wp-content\/uploads\/2025\/03\/logo1.svg\",\"width\":799,\"height\":216,\"caption\":\"ZOKO\"},\"image\":{\"@id\":\"https:\/\/www.zoko.ro\/#\/schema\/logo\/image\/\"},\"sameAs\":[\"https:\/\/www.facebook.com\/profile.php?id=61584344135075\"]}]}<\/script>\n<!-- \/ Yoast SEO plugin. -->","yoast_head_json":{"title":"Furculita telescopic\u0103 pentru gr\u0103tar extensibila, 82 cm, Gonga\u00ae | ZOKO","robots":{"index":"index","follow":"follow","max-snippet":"max-snippet:-1","max-image-preview":"max-image-preview:large","max-video-preview":"max-video-preview:-1"},"canonical":"https:\/\/www.zoko.ro\/en\/p\/furculita-telescopica-pentru-gratar-extensibila-82-cm-gonga\/","og_locale":"en_GB","og_type":"article","og_title":"Furculita telescopic\u0103 pentru gr\u0103tar extensibila, 82 cm, Gonga\u00ae | ZOKO","og_description":"Culoare: Argintiu Furculi\u021b\u0103 telescopic\u0103 pentru gr\u0103tar \u0219i foc de tab\u0103r\u0103 cu m\u00e2ner lung \u0219i extensibil. O furculita solid\u0103, dubl\u0103 din","og_url":"https:\/\/www.zoko.ro\/en\/p\/furculita-telescopica-pentru-gratar-extensibila-82-cm-gonga\/","og_site_name":"ZOKO","article_publisher":"https:\/\/www.facebook.com\/profile.php?id=61584344135075","og_image":[{"width":1197,"height":1200,"url":"https:\/\/www.zoko.ro\/wp-content\/uploads\/2025\/03\/furculita-telescopica-pentru-gratar-extensibila-82-cm-gonga.jpg","type":"image\/jpeg"}],"twitter_card":"summary_large_image","twitter_misc":{"Estimated reading time":"1 minute"},"schema":{"@context":"https:\/\/schema.org","@graph":[{"@type":"WebPage","@id":"https:\/\/www.zoko.ro\/p\/furculita-telescopica-pentru-gratar-extensibila-82-cm-gonga\/","url":"https:\/\/www.zoko.ro\/p\/furculita-telescopica-pentru-gratar-extensibila-82-cm-gonga\/","name":"Furculita telescopic\u0103 pentru gr\u0103tar extensibila, 82 cm, Gonga\u00ae | ZOKO","isPartOf":{"@id":"https:\/\/www.zoko.ro\/#website"},"primaryImageOfPage":{"@id":"https:\/\/www.zoko.ro\/p\/furculita-telescopica-pentru-gratar-extensibila-82-cm-gonga\/#primaryimage"},"image":{"@id":"https:\/\/www.zoko.ro\/p\/furculita-telescopica-pentru-gratar-extensibila-82-cm-gonga\/#primaryimage"},"thumbnailUrl":"https:\/\/www.zoko.ro\/wp-content\/uploads\/2025\/03\/furculita-telescopica-pentru-gratar-extensibila-82-cm-gonga.jpg","datePublished":"2026-04-28T21:30:30+00:00","breadcrumb":{"@id":"https:\/\/www.zoko.ro\/p\/furculita-telescopica-pentru-gratar-extensibila-82-cm-gonga\/#breadcrumb"},"inLanguage":"en-GB","potentialAction":[{"@type":"ReadAction","target":["https:\/\/www.zoko.ro\/p\/furculita-telescopica-pentru-gratar-extensibila-82-cm-gonga\/"]}]},{"@type":"ImageObject","inLanguage":"en-GB","@id":"https:\/\/www.zoko.ro\/p\/furculita-telescopica-pentru-gratar-extensibila-82-cm-gonga\/#primaryimage","url":"https:\/\/www.zoko.ro\/wp-content\/uploads\/2025\/03\/furculita-telescopica-pentru-gratar-extensibila-82-cm-gonga.jpg","contentUrl":"https:\/\/www.zoko.ro\/wp-content\/uploads\/2025\/03\/furculita-telescopica-pentru-gratar-extensibila-82-cm-gonga.jpg","width":1197,"height":1200},{"@type":"BreadcrumbList","@id":"https:\/\/www.zoko.ro\/p\/furculita-telescopica-pentru-gratar-extensibila-82-cm-gonga\/#breadcrumb","itemListElement":[{"@type":"ListItem","position":1,"name":"Home","item":"https:\/\/www.zoko.ro\/"},{"@type":"ListItem","position":2,"name":"Magazin","item":"https:\/\/www.zoko.ro\/magazin\/"},{"@type":"ListItem","position":3,"name":"Furculita telescopic\u0103 pentru gr\u0103tar extensibila, 82 cm, Gonga\u00ae"}]},{"@type":"WebSite","@id":"https:\/\/www.zoko.ro\/#website","url":"https:\/\/www.zoko.ro\/","name":"ZOKO.ro","description":"Cump\u0103r\u0103 inteligent","publisher":{"@id":"https:\/\/www.zoko.ro\/#organization"},"potentialAction":[{"@type":"SearchAction","target":{"@type":"EntryPoint","urlTemplate":"https:\/\/www.zoko.ro\/?s={search_term_string}"},"query-input":{"@type":"PropertyValueSpecification","valueRequired":true,"valueName":"search_term_string"}}],"inLanguage":"en-GB"},{"@type":"Organization","@id":"https:\/\/www.zoko.ro\/#organization","name":"ZOKO","url":"https:\/\/www.zoko.ro\/","logo":{"@type":"ImageObject","inLanguage":"en-GB","@id":"https:\/\/www.zoko.ro\/#\/schema\/logo\/image\/","url":"https:\/\/www.zoko.ro\/wp-content\/uploads\/2025\/03\/logo1.svg","contentUrl":"https:\/\/www.zoko.ro\/wp-content\/uploads\/2025\/03\/logo1.svg","width":799,"height":216,"caption":"ZOKO"},"image":{"@id":"https:\/\/www.zoko.ro\/#\/schema\/logo\/image\/"},"sameAs":["https:\/\/www.facebook.com\/profile.php?id=61584344135075"]}]}},"_links":{"self":[{"href":"https:\/\/www.zoko.ro\/en\/wp-json\/wp\/v2\/product\/9563","targetHints":{"allow":["GET"]}}],"collection":[{"href":"https:\/\/www.zoko.ro\/en\/wp-json\/wp\/v2\/product"}],"about":[{"href":"https:\/\/www.zoko.ro\/en\/wp-json\/wp\/v2\/types\/product"}],"replies":[{"embeddable":true,"href":"https:\/\/www.zoko.ro\/en\/wp-json\/wp\/v2\/comments?post=9563"}],"version-history":[{"count":1,"href":"https:\/\/www.zoko.ro\/en\/wp-json\/wp\/v2\/product\/9563\/revisions"}],"predecessor-version":[{"id":9564,"href":"https:\/\/www.zoko.ro\/en\/wp-json\/wp\/v2\/product\/9563\/revisions\/9564"}],"wp:featuredmedia":[{"embeddable":true,"href":"https:\/\/www.zoko.ro\/en\/wp-json\/wp\/v2\/media\/9565"}],"wp:attachment":[{"href":"https:\/\/www.zoko.ro\/en\/wp-json\/wp\/v2\/media?parent=9563"}],"wp:term":[{"taxonomy":"product_brand","embeddable":true,"href":"https:\/\/www.zoko.ro\/en\/wp-json\/wp\/v2\/product_brand?post=9563"},{"taxonomy":"product_cat","embeddable":true,"href":"https:\/\/www.zoko.ro\/en\/wp-json\/wp\/v2\/product_cat?post=9563"},{"taxonomy":"product_tag","embeddable":true,"href":"https:\/\/www.zoko.ro\/en\/wp-json\/wp\/v2\/product_tag?post=9563"}],"curies":[{"name":"wp","href":"https:\/\/api.w.org\/{rel}","templated":true}]}}