{"id":9569,"date":"2026-04-28T23:30:30","date_gmt":"2026-04-28T21:30:30","guid":{"rendered":"https:\/\/www.zoko.ro\/p\/folie-antiaderenta-din-teflon-pentru-aragaz-gonga\/"},"modified":"2026-04-28T23:30:30","modified_gmt":"2026-04-28T21:30:30","slug":"folie-antiaderenta-din-teflon-pentru-aragaz-gonga","status":"publish","type":"product","link":"https:\/\/www.zoko.ro\/en\/p\/folie-antiaderenta-din-teflon-pentru-aragaz-gonga\/","title":{"rendered":"Folie antiaderenta din teflon pentru aragaz, Gonga\u00ae"},"content":{"rendered":"<p><strong>Culoare:<\/strong> Negru<\/p>\n<p>Covora\u0219 de teflon pentru aragaz &#8211; reutilizabil. Un gadget excelent care ajut\u0103 la men\u021binerea ordinii pe plita aragazului. Utilizarea teflonului garanteaz\u0103 c\u0103 alimentele sau gr\u0103simea nu se vor lipi de covora\u0219 \u00een timpul proces\u0103rii termice. Covora\u0219ul este at\u00e2t de u\u0219or \u0219i flexibil \u00eenc\u00e2t poate fi u\u0219or rulat \u0219i ascuns. Poate fi folosit \u00een aragaz \u0219i cuptoare \u0219i poate fi sp\u0103lat vase.<\/p>\n<\/p>\n<p>Incluse 4 buc\u0103\u021bi de covora\u0219 p\u0103trat.<\/p>\n<\/p>\n<p>Caracteristicile produsului:<\/p>\n<\/p>\n<p>&#8211; Covora\u0219 de teflon care protejeaz\u0103 arz\u0103toarele aragazului cu gaz.<\/p>\n<p>&#8211; Produs reutilizabil &#8211; rezistent la temperaturi ridicate.<\/p>\n<p>&#8211; Acoperirea cu teflon previne lipirea alimentelor.<\/p>\n<p>&#8211; Este sigur\u0103 pentru ma\u0219ina de sp\u0103lat vase \u0219i pentru cuptor.<\/p>\n<p>&#8211; U\u0219oar\u0103 \u0219i flexibil\u0103, poate fi rulat\u0103 \u0219i depozitat\u0103.<\/p>\n<\/p>\n<p>Specifica\u021bie:<\/p>\n<\/p>\n<p>Material: teflon<\/p>\n<p>Rezisten\u021b\u0103 termic\u0103: -60 \u00b0 p\u00e2n\u0103 la 260 \u00b0 C<\/p>\n<p>Dimensiuni: 27 cm x 27 cm<\/p>\n<p>Grosime: 0,3 mm<\/p>","protected":false},"excerpt":{"rendered":"<p>Culoare: Negru Covora\u0219 de teflon pentru aragaz &#8211; reutilizabil. Un gadget excelent care ajut\u0103 la men\u021binerea ordinii pe plita aragazului.<\/p>","protected":false},"featured_media":9571,"comment_status":"open","ping_status":"open","template":"","meta":[],"product_brand":[],"product_cat":[99,107,100,131],"product_tag":[104],"class_list":{"0":"post-9569","1":"product","2":"type-product","3":"status-publish","4":"has-post-thumbnail","6":"product_cat-acasa","7":"product_cat-bucatarie-si-servire","8":"product_cat-casa-gradina","9":"product_cat-ustensile-gatit","10":"product_tag-in-stoc","11":"pa_culoare-negru","13":"first","14":"instock","15":"sale","16":"purchasable","17":"product-type-simple"},"yoast_head":"<!-- This site is optimized with the Yoast SEO plugin v27.2 - https:\/\/yoast.com\/product\/yoast-seo-wordpress\/ -->\n<title>Folie antiaderenta din teflon pentru aragaz, Gonga\u00ae | ZOKO<\/title>\n<meta name=\"robots\" content=\"index, follow, max-snippet:-1, max-image-preview:large, max-video-preview:-1\" \/>\n<link rel=\"canonical\" href=\"https:\/\/www.zoko.ro\/en\/p\/folie-antiaderenta-din-teflon-pentru-aragaz-gonga\/\" \/>\n<meta property=\"og:locale\" content=\"en_GB\" \/>\n<meta property=\"og:type\" content=\"article\" \/>\n<meta property=\"og:title\" content=\"Folie antiaderenta din teflon pentru aragaz, Gonga\u00ae | ZOKO\" \/>\n<meta property=\"og:description\" content=\"Culoare: Negru Covora\u0219 de teflon pentru aragaz &#8211; reutilizabil. Un gadget excelent care ajut\u0103 la men\u021binerea ordinii pe plita aragazului.\" \/>\n<meta property=\"og:url\" content=\"https:\/\/www.zoko.ro\/en\/p\/folie-antiaderenta-din-teflon-pentru-aragaz-gonga\/\" \/>\n<meta property=\"og:site_name\" content=\"ZOKO\" \/>\n<meta property=\"article:publisher\" content=\"https:\/\/www.facebook.com\/profile.php?id=61584344135075\" \/>\n<meta property=\"og:image\" content=\"https:\/\/www.zoko.ro\/wp-content\/uploads\/2025\/03\/folie-antiaderenta-din-teflon-pentru-aragaz-gonga.jpg\" \/>\n\t<meta property=\"og:image:width\" content=\"1200\" \/>\n\t<meta property=\"og:image:height\" content=\"1023\" \/>\n\t<meta property=\"og:image:type\" content=\"image\/jpeg\" \/>\n<meta name=\"twitter:card\" content=\"summary_large_image\" \/>\n<meta name=\"twitter:label1\" content=\"Estimated reading time\" \/>\n\t<meta name=\"twitter:data1\" content=\"1 minute\" \/>\n<script type=\"application\/ld+json\" class=\"yoast-schema-graph\">{\"@context\":\"https:\/\/schema.org\",\"@graph\":[{\"@type\":\"WebPage\",\"@id\":\"https:\/\/www.zoko.ro\/p\/folie-antiaderenta-din-teflon-pentru-aragaz-gonga\/\",\"url\":\"https:\/\/www.zoko.ro\/p\/folie-antiaderenta-din-teflon-pentru-aragaz-gonga\/\",\"name\":\"Folie antiaderenta din teflon pentru aragaz, Gonga\u00ae | ZOKO\",\"isPartOf\":{\"@id\":\"https:\/\/www.zoko.ro\/#website\"},\"primaryImageOfPage\":{\"@id\":\"https:\/\/www.zoko.ro\/p\/folie-antiaderenta-din-teflon-pentru-aragaz-gonga\/#primaryimage\"},\"image\":{\"@id\":\"https:\/\/www.zoko.ro\/p\/folie-antiaderenta-din-teflon-pentru-aragaz-gonga\/#primaryimage\"},\"thumbnailUrl\":\"https:\/\/www.zoko.ro\/wp-content\/uploads\/2025\/03\/folie-antiaderenta-din-teflon-pentru-aragaz-gonga.jpg\",\"datePublished\":\"2026-04-28T21:30:30+00:00\",\"breadcrumb\":{\"@id\":\"https:\/\/www.zoko.ro\/p\/folie-antiaderenta-din-teflon-pentru-aragaz-gonga\/#breadcrumb\"},\"inLanguage\":\"en-GB\",\"potentialAction\":[{\"@type\":\"ReadAction\",\"target\":[\"https:\/\/www.zoko.ro\/p\/folie-antiaderenta-din-teflon-pentru-aragaz-gonga\/\"]}]},{\"@type\":\"ImageObject\",\"inLanguage\":\"en-GB\",\"@id\":\"https:\/\/www.zoko.ro\/p\/folie-antiaderenta-din-teflon-pentru-aragaz-gonga\/#primaryimage\",\"url\":\"https:\/\/www.zoko.ro\/wp-content\/uploads\/2025\/03\/folie-antiaderenta-din-teflon-pentru-aragaz-gonga.jpg\",\"contentUrl\":\"https:\/\/www.zoko.ro\/wp-content\/uploads\/2025\/03\/folie-antiaderenta-din-teflon-pentru-aragaz-gonga.jpg\",\"width\":1200,\"height\":1023},{\"@type\":\"BreadcrumbList\",\"@id\":\"https:\/\/www.zoko.ro\/p\/folie-antiaderenta-din-teflon-pentru-aragaz-gonga\/#breadcrumb\",\"itemListElement\":[{\"@type\":\"ListItem\",\"position\":1,\"name\":\"Home\",\"item\":\"https:\/\/www.zoko.ro\/\"},{\"@type\":\"ListItem\",\"position\":2,\"name\":\"Magazin\",\"item\":\"https:\/\/www.zoko.ro\/magazin\/\"},{\"@type\":\"ListItem\",\"position\":3,\"name\":\"Folie antiaderenta din teflon pentru aragaz, Gonga\u00ae\"}]},{\"@type\":\"WebSite\",\"@id\":\"https:\/\/www.zoko.ro\/#website\",\"url\":\"https:\/\/www.zoko.ro\/\",\"name\":\"ZOKO.ro\",\"description\":\"Cump\u0103r\u0103 inteligent\",\"publisher\":{\"@id\":\"https:\/\/www.zoko.ro\/#organization\"},\"potentialAction\":[{\"@type\":\"SearchAction\",\"target\":{\"@type\":\"EntryPoint\",\"urlTemplate\":\"https:\/\/www.zoko.ro\/?s={search_term_string}\"},\"query-input\":{\"@type\":\"PropertyValueSpecification\",\"valueRequired\":true,\"valueName\":\"search_term_string\"}}],\"inLanguage\":\"en-GB\"},{\"@type\":\"Organization\",\"@id\":\"https:\/\/www.zoko.ro\/#organization\",\"name\":\"ZOKO\",\"url\":\"https:\/\/www.zoko.ro\/\",\"logo\":{\"@type\":\"ImageObject\",\"inLanguage\":\"en-GB\",\"@id\":\"https:\/\/www.zoko.ro\/#\/schema\/logo\/image\/\",\"url\":\"https:\/\/www.zoko.ro\/wp-content\/uploads\/2025\/03\/logo1.svg\",\"contentUrl\":\"https:\/\/www.zoko.ro\/wp-content\/uploads\/2025\/03\/logo1.svg\",\"width\":799,\"height\":216,\"caption\":\"ZOKO\"},\"image\":{\"@id\":\"https:\/\/www.zoko.ro\/#\/schema\/logo\/image\/\"},\"sameAs\":[\"https:\/\/www.facebook.com\/profile.php?id=61584344135075\"]}]}<\/script>\n<!-- \/ Yoast SEO plugin. -->","yoast_head_json":{"title":"Folie antiaderenta din teflon pentru aragaz, Gonga\u00ae | ZOKO","robots":{"index":"index","follow":"follow","max-snippet":"max-snippet:-1","max-image-preview":"max-image-preview:large","max-video-preview":"max-video-preview:-1"},"canonical":"https:\/\/www.zoko.ro\/en\/p\/folie-antiaderenta-din-teflon-pentru-aragaz-gonga\/","og_locale":"en_GB","og_type":"article","og_title":"Folie antiaderenta din teflon pentru aragaz, Gonga\u00ae | ZOKO","og_description":"Culoare: Negru Covora\u0219 de teflon pentru aragaz &#8211; reutilizabil. Un gadget excelent care ajut\u0103 la men\u021binerea ordinii pe plita aragazului.","og_url":"https:\/\/www.zoko.ro\/en\/p\/folie-antiaderenta-din-teflon-pentru-aragaz-gonga\/","og_site_name":"ZOKO","article_publisher":"https:\/\/www.facebook.com\/profile.php?id=61584344135075","og_image":[{"width":1200,"height":1023,"url":"https:\/\/www.zoko.ro\/wp-content\/uploads\/2025\/03\/folie-antiaderenta-din-teflon-pentru-aragaz-gonga.jpg","type":"image\/jpeg"}],"twitter_card":"summary_large_image","twitter_misc":{"Estimated reading time":"1 minute"},"schema":{"@context":"https:\/\/schema.org","@graph":[{"@type":"WebPage","@id":"https:\/\/www.zoko.ro\/p\/folie-antiaderenta-din-teflon-pentru-aragaz-gonga\/","url":"https:\/\/www.zoko.ro\/p\/folie-antiaderenta-din-teflon-pentru-aragaz-gonga\/","name":"Folie antiaderenta din teflon pentru aragaz, Gonga\u00ae | ZOKO","isPartOf":{"@id":"https:\/\/www.zoko.ro\/#website"},"primaryImageOfPage":{"@id":"https:\/\/www.zoko.ro\/p\/folie-antiaderenta-din-teflon-pentru-aragaz-gonga\/#primaryimage"},"image":{"@id":"https:\/\/www.zoko.ro\/p\/folie-antiaderenta-din-teflon-pentru-aragaz-gonga\/#primaryimage"},"thumbnailUrl":"https:\/\/www.zoko.ro\/wp-content\/uploads\/2025\/03\/folie-antiaderenta-din-teflon-pentru-aragaz-gonga.jpg","datePublished":"2026-04-28T21:30:30+00:00","breadcrumb":{"@id":"https:\/\/www.zoko.ro\/p\/folie-antiaderenta-din-teflon-pentru-aragaz-gonga\/#breadcrumb"},"inLanguage":"en-GB","potentialAction":[{"@type":"ReadAction","target":["https:\/\/www.zoko.ro\/p\/folie-antiaderenta-din-teflon-pentru-aragaz-gonga\/"]}]},{"@type":"ImageObject","inLanguage":"en-GB","@id":"https:\/\/www.zoko.ro\/p\/folie-antiaderenta-din-teflon-pentru-aragaz-gonga\/#primaryimage","url":"https:\/\/www.zoko.ro\/wp-content\/uploads\/2025\/03\/folie-antiaderenta-din-teflon-pentru-aragaz-gonga.jpg","contentUrl":"https:\/\/www.zoko.ro\/wp-content\/uploads\/2025\/03\/folie-antiaderenta-din-teflon-pentru-aragaz-gonga.jpg","width":1200,"height":1023},{"@type":"BreadcrumbList","@id":"https:\/\/www.zoko.ro\/p\/folie-antiaderenta-din-teflon-pentru-aragaz-gonga\/#breadcrumb","itemListElement":[{"@type":"ListItem","position":1,"name":"Home","item":"https:\/\/www.zoko.ro\/"},{"@type":"ListItem","position":2,"name":"Magazin","item":"https:\/\/www.zoko.ro\/magazin\/"},{"@type":"ListItem","position":3,"name":"Folie antiaderenta din teflon pentru aragaz, Gonga\u00ae"}]},{"@type":"WebSite","@id":"https:\/\/www.zoko.ro\/#website","url":"https:\/\/www.zoko.ro\/","name":"ZOKO.ro","description":"Cump\u0103r\u0103 inteligent","publisher":{"@id":"https:\/\/www.zoko.ro\/#organization"},"potentialAction":[{"@type":"SearchAction","target":{"@type":"EntryPoint","urlTemplate":"https:\/\/www.zoko.ro\/?s={search_term_string}"},"query-input":{"@type":"PropertyValueSpecification","valueRequired":true,"valueName":"search_term_string"}}],"inLanguage":"en-GB"},{"@type":"Organization","@id":"https:\/\/www.zoko.ro\/#organization","name":"ZOKO","url":"https:\/\/www.zoko.ro\/","logo":{"@type":"ImageObject","inLanguage":"en-GB","@id":"https:\/\/www.zoko.ro\/#\/schema\/logo\/image\/","url":"https:\/\/www.zoko.ro\/wp-content\/uploads\/2025\/03\/logo1.svg","contentUrl":"https:\/\/www.zoko.ro\/wp-content\/uploads\/2025\/03\/logo1.svg","width":799,"height":216,"caption":"ZOKO"},"image":{"@id":"https:\/\/www.zoko.ro\/#\/schema\/logo\/image\/"},"sameAs":["https:\/\/www.facebook.com\/profile.php?id=61584344135075"]}]}},"_links":{"self":[{"href":"https:\/\/www.zoko.ro\/en\/wp-json\/wp\/v2\/product\/9569","targetHints":{"allow":["GET"]}}],"collection":[{"href":"https:\/\/www.zoko.ro\/en\/wp-json\/wp\/v2\/product"}],"about":[{"href":"https:\/\/www.zoko.ro\/en\/wp-json\/wp\/v2\/types\/product"}],"replies":[{"embeddable":true,"href":"https:\/\/www.zoko.ro\/en\/wp-json\/wp\/v2\/comments?post=9569"}],"version-history":[{"count":1,"href":"https:\/\/www.zoko.ro\/en\/wp-json\/wp\/v2\/product\/9569\/revisions"}],"predecessor-version":[{"id":9570,"href":"https:\/\/www.zoko.ro\/en\/wp-json\/wp\/v2\/product\/9569\/revisions\/9570"}],"wp:featuredmedia":[{"embeddable":true,"href":"https:\/\/www.zoko.ro\/en\/wp-json\/wp\/v2\/media\/9571"}],"wp:attachment":[{"href":"https:\/\/www.zoko.ro\/en\/wp-json\/wp\/v2\/media?parent=9569"}],"wp:term":[{"taxonomy":"product_brand","embeddable":true,"href":"https:\/\/www.zoko.ro\/en\/wp-json\/wp\/v2\/product_brand?post=9569"},{"taxonomy":"product_cat","embeddable":true,"href":"https:\/\/www.zoko.ro\/en\/wp-json\/wp\/v2\/product_cat?post=9569"},{"taxonomy":"product_tag","embeddable":true,"href":"https:\/\/www.zoko.ro\/en\/wp-json\/wp\/v2\/product_tag?post=9569"}],"curies":[{"name":"wp","href":"https:\/\/api.w.org\/{rel}","templated":true}]}}