{"id":9592,"date":"2026-04-28T23:30:32","date_gmt":"2026-04-28T21:30:32","guid":{"rendered":"https:\/\/www.zoko.ro\/p\/set-200-de-elemente-pentru-cusut-multicolor-gonga\/"},"modified":"2026-04-28T23:30:32","modified_gmt":"2026-04-28T21:30:32","slug":"set-200-de-elemente-pentru-cusut-multicolor-gonga","status":"publish","type":"product","link":"https:\/\/www.zoko.ro\/en\/p\/set-200-de-elemente-pentru-cusut-multicolor-gonga\/","title":{"rendered":"Set 200 de elemente pentru cusut, multicolor, Gonga\u00ae"},"content":{"rendered":"<p><strong>Culoare:<\/strong> Multicolor<\/p>\n<p>Un kit complet de cusut cu p\u00e2n\u0103 la 200 de elemente. Un cadou perfect pentru amatorii de croitorie. Toate accesoriile sunt realizate din materiale solide \u0219i se potrivesc perfect \u00een m\u00e2n\u0103, ceea ce le face potrivite \u0219i pentru profesioni\u0219ti. Carcasa practica cu fermoar are loc pentru o serie de accesorii (ace, fire, ace de siguranta, foarfece, banda de masurat etc.).<\/p>\n<\/p>\n<p>Acesta este setul perfect pentru a v\u0103 \u00eencepe aventura cu cusut!<\/p>\n<\/p>\n<p>Caracteristicile produsului:<\/p>\n<\/p>\n<p>&#8211; 30 de ace de \u00eenalt\u0103 calitate din aluminiu.<\/p>\n<p>&#8211; Setul include 41 de fire in diverse culori.<\/p>\n<p>&#8211; O gam\u0103 larg\u0103 de dimensiuni de ace.<\/p>\n<p>&#8211; O mul\u021bime de accesorii suplimentare (de exemplu, ace de siguran\u021b\u0103, foarfece, ace, band\u0103 de m\u0103surare).<\/p>\n<p>&#8211; Carcas\u0103 practic\u0103 \u00eenchis\u0103 cu fermoar.<\/p>\n<p>&#8211; Perfect at\u00e2t pentru amatori, c\u00e2t \u0219i pentru profesioni\u0219ti.<\/p>\n<\/p>\n<p>Specifica\u021bii:<\/p>\n<\/p>\n<p>&#8211; Material: aluminiu \/ metal \/ plastic<\/p>\n<p>&#8211; Num\u0103rul de elemente din set: 200<\/p>\n<p>&#8211; Dimensiuni carcasa: 20 cm x 28 cm x 4 cm<\/p>\n<p>&#8211; Culoare: amestec de culori<\/p>\n<p>&#8211; Ambalare: cutie<\/p>\n<\/p>\n<p>Setul include (200 accesorii):<\/p>\n<\/p>\n<p>&#8211; Fire colorate (41)<\/p>\n<p>&#8211; Ace (30)<\/p>\n<p>&#8211; pensete (1)<\/p>\n<p>&#8211; Ac de tricotat (1)<\/p>\n<p>&#8211; Ripper cus\u0103turi (1)<\/p>\n<p>&#8211; Nasturi (10)<\/p>\n<p>&#8211; creion de stofa (1)<\/p>\n<p>&#8211; Agrafe de cusut (9)<\/p>\n<p>&#8211; \u00cenfil\u0103toare de ace (2)<\/p>\n<p>&#8211; Band\u0103 de m\u0103surare croitorie 150 cm (1)<\/p>\n<p>&#8211; Ace de culoare (40)<\/p>\n<p>&#8211; Butoane colorate (10)<\/p>\n<p>&#8211; Marcatori de cus\u0103turi (10)<\/p>\n<p>&#8211; Butoane de rezerv\u0103 (20)<\/p>\n<p>&#8211; foarfece (1)<\/p>\n<p>&#8211; Degetare (2)<\/p>\n<p>&#8211; Lupa (1)<\/p>\n<p>&#8211; bobine din plastic (4)<\/p>\n<p>&#8211; Seringi (10)<\/p>\n<p>&#8211; pern\u0103 de ace (1)<\/p>\n<p>&#8211; Ace (10)<\/p>\n<p>&#8211; Carcas\u0103 blocabil\u0103 cu fermoar<\/p>","protected":false},"excerpt":{"rendered":"<p>Culoare: Multicolor Un kit complet de cusut cu p\u00e2n\u0103 la 200 de elemente. Un cadou perfect pentru amatorii de croitorie.<\/p>","protected":false},"featured_media":9594,"comment_status":"open","ping_status":"open","template":"","meta":[],"product_brand":[],"product_cat":[99,100,110],"product_tag":[104],"class_list":{"0":"post-9592","1":"product","2":"type-product","3":"status-publish","4":"has-post-thumbnail","6":"product_cat-acasa","7":"product_cat-casa-gradina","8":"product_cat-scule-electrice-unelte","9":"product_tag-in-stoc","10":"pa_culoare-multicolor","12":"first","13":"instock","14":"sale","15":"purchasable","16":"product-type-simple"},"yoast_head":"<!-- This site is optimized with the Yoast SEO plugin v27.2 - https:\/\/yoast.com\/product\/yoast-seo-wordpress\/ -->\n<title>Set 200 de elemente pentru cusut, multicolor, Gonga\u00ae | ZOKO<\/title>\n<meta name=\"robots\" content=\"index, follow, max-snippet:-1, max-image-preview:large, max-video-preview:-1\" \/>\n<link rel=\"canonical\" href=\"https:\/\/www.zoko.ro\/en\/p\/set-200-de-elemente-pentru-cusut-multicolor-gonga\/\" \/>\n<meta property=\"og:locale\" content=\"en_GB\" \/>\n<meta property=\"og:type\" content=\"article\" \/>\n<meta property=\"og:title\" content=\"Set 200 de elemente pentru cusut, multicolor, Gonga\u00ae | ZOKO\" \/>\n<meta property=\"og:description\" content=\"Culoare: Multicolor Un kit complet de cusut cu p\u00e2n\u0103 la 200 de elemente. Un cadou perfect pentru amatorii de croitorie.\" \/>\n<meta property=\"og:url\" content=\"https:\/\/www.zoko.ro\/en\/p\/set-200-de-elemente-pentru-cusut-multicolor-gonga\/\" \/>\n<meta property=\"og:site_name\" content=\"ZOKO\" \/>\n<meta property=\"article:publisher\" content=\"https:\/\/www.facebook.com\/profile.php?id=61584344135075\" \/>\n<meta property=\"og:image\" content=\"https:\/\/www.zoko.ro\/wp-content\/uploads\/2025\/03\/set-200-de-elemente-pentru-cusut-multicolor-gonga.jpg\" \/>\n\t<meta property=\"og:image:width\" content=\"1200\" \/>\n\t<meta property=\"og:image:height\" content=\"842\" \/>\n\t<meta property=\"og:image:type\" content=\"image\/jpeg\" \/>\n<meta name=\"twitter:card\" content=\"summary_large_image\" \/>\n<meta name=\"twitter:label1\" content=\"Estimated reading time\" \/>\n\t<meta name=\"twitter:data1\" content=\"1 minute\" \/>\n<script type=\"application\/ld+json\" class=\"yoast-schema-graph\">{\"@context\":\"https:\/\/schema.org\",\"@graph\":[{\"@type\":\"WebPage\",\"@id\":\"https:\/\/www.zoko.ro\/p\/set-200-de-elemente-pentru-cusut-multicolor-gonga\/\",\"url\":\"https:\/\/www.zoko.ro\/p\/set-200-de-elemente-pentru-cusut-multicolor-gonga\/\",\"name\":\"Set 200 de elemente pentru cusut, multicolor, Gonga\u00ae | ZOKO\",\"isPartOf\":{\"@id\":\"https:\/\/www.zoko.ro\/#website\"},\"primaryImageOfPage\":{\"@id\":\"https:\/\/www.zoko.ro\/p\/set-200-de-elemente-pentru-cusut-multicolor-gonga\/#primaryimage\"},\"image\":{\"@id\":\"https:\/\/www.zoko.ro\/p\/set-200-de-elemente-pentru-cusut-multicolor-gonga\/#primaryimage\"},\"thumbnailUrl\":\"https:\/\/www.zoko.ro\/wp-content\/uploads\/2025\/03\/set-200-de-elemente-pentru-cusut-multicolor-gonga.jpg\",\"datePublished\":\"2026-04-28T21:30:32+00:00\",\"breadcrumb\":{\"@id\":\"https:\/\/www.zoko.ro\/p\/set-200-de-elemente-pentru-cusut-multicolor-gonga\/#breadcrumb\"},\"inLanguage\":\"en-GB\",\"potentialAction\":[{\"@type\":\"ReadAction\",\"target\":[\"https:\/\/www.zoko.ro\/p\/set-200-de-elemente-pentru-cusut-multicolor-gonga\/\"]}]},{\"@type\":\"ImageObject\",\"inLanguage\":\"en-GB\",\"@id\":\"https:\/\/www.zoko.ro\/p\/set-200-de-elemente-pentru-cusut-multicolor-gonga\/#primaryimage\",\"url\":\"https:\/\/www.zoko.ro\/wp-content\/uploads\/2025\/03\/set-200-de-elemente-pentru-cusut-multicolor-gonga.jpg\",\"contentUrl\":\"https:\/\/www.zoko.ro\/wp-content\/uploads\/2025\/03\/set-200-de-elemente-pentru-cusut-multicolor-gonga.jpg\",\"width\":1200,\"height\":842},{\"@type\":\"BreadcrumbList\",\"@id\":\"https:\/\/www.zoko.ro\/p\/set-200-de-elemente-pentru-cusut-multicolor-gonga\/#breadcrumb\",\"itemListElement\":[{\"@type\":\"ListItem\",\"position\":1,\"name\":\"Home\",\"item\":\"https:\/\/www.zoko.ro\/\"},{\"@type\":\"ListItem\",\"position\":2,\"name\":\"Magazin\",\"item\":\"https:\/\/www.zoko.ro\/magazin\/\"},{\"@type\":\"ListItem\",\"position\":3,\"name\":\"Set 200 de elemente pentru cusut, multicolor, Gonga\u00ae\"}]},{\"@type\":\"WebSite\",\"@id\":\"https:\/\/www.zoko.ro\/#website\",\"url\":\"https:\/\/www.zoko.ro\/\",\"name\":\"ZOKO.ro\",\"description\":\"Cump\u0103r\u0103 inteligent\",\"publisher\":{\"@id\":\"https:\/\/www.zoko.ro\/#organization\"},\"potentialAction\":[{\"@type\":\"SearchAction\",\"target\":{\"@type\":\"EntryPoint\",\"urlTemplate\":\"https:\/\/www.zoko.ro\/?s={search_term_string}\"},\"query-input\":{\"@type\":\"PropertyValueSpecification\",\"valueRequired\":true,\"valueName\":\"search_term_string\"}}],\"inLanguage\":\"en-GB\"},{\"@type\":\"Organization\",\"@id\":\"https:\/\/www.zoko.ro\/#organization\",\"name\":\"ZOKO\",\"url\":\"https:\/\/www.zoko.ro\/\",\"logo\":{\"@type\":\"ImageObject\",\"inLanguage\":\"en-GB\",\"@id\":\"https:\/\/www.zoko.ro\/#\/schema\/logo\/image\/\",\"url\":\"https:\/\/www.zoko.ro\/wp-content\/uploads\/2025\/03\/logo1.svg\",\"contentUrl\":\"https:\/\/www.zoko.ro\/wp-content\/uploads\/2025\/03\/logo1.svg\",\"width\":799,\"height\":216,\"caption\":\"ZOKO\"},\"image\":{\"@id\":\"https:\/\/www.zoko.ro\/#\/schema\/logo\/image\/\"},\"sameAs\":[\"https:\/\/www.facebook.com\/profile.php?id=61584344135075\"]}]}<\/script>\n<!-- \/ Yoast SEO plugin. -->","yoast_head_json":{"title":"Set 200 de elemente pentru cusut, multicolor, Gonga\u00ae | ZOKO","robots":{"index":"index","follow":"follow","max-snippet":"max-snippet:-1","max-image-preview":"max-image-preview:large","max-video-preview":"max-video-preview:-1"},"canonical":"https:\/\/www.zoko.ro\/en\/p\/set-200-de-elemente-pentru-cusut-multicolor-gonga\/","og_locale":"en_GB","og_type":"article","og_title":"Set 200 de elemente pentru cusut, multicolor, Gonga\u00ae | ZOKO","og_description":"Culoare: Multicolor Un kit complet de cusut cu p\u00e2n\u0103 la 200 de elemente. Un cadou perfect pentru amatorii de croitorie.","og_url":"https:\/\/www.zoko.ro\/en\/p\/set-200-de-elemente-pentru-cusut-multicolor-gonga\/","og_site_name":"ZOKO","article_publisher":"https:\/\/www.facebook.com\/profile.php?id=61584344135075","og_image":[{"width":1200,"height":842,"url":"https:\/\/www.zoko.ro\/wp-content\/uploads\/2025\/03\/set-200-de-elemente-pentru-cusut-multicolor-gonga.jpg","type":"image\/jpeg"}],"twitter_card":"summary_large_image","twitter_misc":{"Estimated reading time":"1 minute"},"schema":{"@context":"https:\/\/schema.org","@graph":[{"@type":"WebPage","@id":"https:\/\/www.zoko.ro\/p\/set-200-de-elemente-pentru-cusut-multicolor-gonga\/","url":"https:\/\/www.zoko.ro\/p\/set-200-de-elemente-pentru-cusut-multicolor-gonga\/","name":"Set 200 de elemente pentru cusut, multicolor, Gonga\u00ae | ZOKO","isPartOf":{"@id":"https:\/\/www.zoko.ro\/#website"},"primaryImageOfPage":{"@id":"https:\/\/www.zoko.ro\/p\/set-200-de-elemente-pentru-cusut-multicolor-gonga\/#primaryimage"},"image":{"@id":"https:\/\/www.zoko.ro\/p\/set-200-de-elemente-pentru-cusut-multicolor-gonga\/#primaryimage"},"thumbnailUrl":"https:\/\/www.zoko.ro\/wp-content\/uploads\/2025\/03\/set-200-de-elemente-pentru-cusut-multicolor-gonga.jpg","datePublished":"2026-04-28T21:30:32+00:00","breadcrumb":{"@id":"https:\/\/www.zoko.ro\/p\/set-200-de-elemente-pentru-cusut-multicolor-gonga\/#breadcrumb"},"inLanguage":"en-GB","potentialAction":[{"@type":"ReadAction","target":["https:\/\/www.zoko.ro\/p\/set-200-de-elemente-pentru-cusut-multicolor-gonga\/"]}]},{"@type":"ImageObject","inLanguage":"en-GB","@id":"https:\/\/www.zoko.ro\/p\/set-200-de-elemente-pentru-cusut-multicolor-gonga\/#primaryimage","url":"https:\/\/www.zoko.ro\/wp-content\/uploads\/2025\/03\/set-200-de-elemente-pentru-cusut-multicolor-gonga.jpg","contentUrl":"https:\/\/www.zoko.ro\/wp-content\/uploads\/2025\/03\/set-200-de-elemente-pentru-cusut-multicolor-gonga.jpg","width":1200,"height":842},{"@type":"BreadcrumbList","@id":"https:\/\/www.zoko.ro\/p\/set-200-de-elemente-pentru-cusut-multicolor-gonga\/#breadcrumb","itemListElement":[{"@type":"ListItem","position":1,"name":"Home","item":"https:\/\/www.zoko.ro\/"},{"@type":"ListItem","position":2,"name":"Magazin","item":"https:\/\/www.zoko.ro\/magazin\/"},{"@type":"ListItem","position":3,"name":"Set 200 de elemente pentru cusut, multicolor, Gonga\u00ae"}]},{"@type":"WebSite","@id":"https:\/\/www.zoko.ro\/#website","url":"https:\/\/www.zoko.ro\/","name":"ZOKO.ro","description":"Cump\u0103r\u0103 inteligent","publisher":{"@id":"https:\/\/www.zoko.ro\/#organization"},"potentialAction":[{"@type":"SearchAction","target":{"@type":"EntryPoint","urlTemplate":"https:\/\/www.zoko.ro\/?s={search_term_string}"},"query-input":{"@type":"PropertyValueSpecification","valueRequired":true,"valueName":"search_term_string"}}],"inLanguage":"en-GB"},{"@type":"Organization","@id":"https:\/\/www.zoko.ro\/#organization","name":"ZOKO","url":"https:\/\/www.zoko.ro\/","logo":{"@type":"ImageObject","inLanguage":"en-GB","@id":"https:\/\/www.zoko.ro\/#\/schema\/logo\/image\/","url":"https:\/\/www.zoko.ro\/wp-content\/uploads\/2025\/03\/logo1.svg","contentUrl":"https:\/\/www.zoko.ro\/wp-content\/uploads\/2025\/03\/logo1.svg","width":799,"height":216,"caption":"ZOKO"},"image":{"@id":"https:\/\/www.zoko.ro\/#\/schema\/logo\/image\/"},"sameAs":["https:\/\/www.facebook.com\/profile.php?id=61584344135075"]}]}},"_links":{"self":[{"href":"https:\/\/www.zoko.ro\/en\/wp-json\/wp\/v2\/product\/9592","targetHints":{"allow":["GET"]}}],"collection":[{"href":"https:\/\/www.zoko.ro\/en\/wp-json\/wp\/v2\/product"}],"about":[{"href":"https:\/\/www.zoko.ro\/en\/wp-json\/wp\/v2\/types\/product"}],"replies":[{"embeddable":true,"href":"https:\/\/www.zoko.ro\/en\/wp-json\/wp\/v2\/comments?post=9592"}],"version-history":[{"count":1,"href":"https:\/\/www.zoko.ro\/en\/wp-json\/wp\/v2\/product\/9592\/revisions"}],"predecessor-version":[{"id":9593,"href":"https:\/\/www.zoko.ro\/en\/wp-json\/wp\/v2\/product\/9592\/revisions\/9593"}],"wp:featuredmedia":[{"embeddable":true,"href":"https:\/\/www.zoko.ro\/en\/wp-json\/wp\/v2\/media\/9594"}],"wp:attachment":[{"href":"https:\/\/www.zoko.ro\/en\/wp-json\/wp\/v2\/media?parent=9592"}],"wp:term":[{"taxonomy":"product_brand","embeddable":true,"href":"https:\/\/www.zoko.ro\/en\/wp-json\/wp\/v2\/product_brand?post=9592"},{"taxonomy":"product_cat","embeddable":true,"href":"https:\/\/www.zoko.ro\/en\/wp-json\/wp\/v2\/product_cat?post=9592"},{"taxonomy":"product_tag","embeddable":true,"href":"https:\/\/www.zoko.ro\/en\/wp-json\/wp\/v2\/product_tag?post=9592"}],"curies":[{"name":"wp","href":"https:\/\/api.w.org\/{rel}","templated":true}]}}