{"id":9637,"date":"2026-04-28T23:30:34","date_gmt":"2026-04-28T21:30:34","guid":{"rendered":"https:\/\/www.zoko.ro\/p\/pulverizator-de-ulei-sub-forma-de-spray-gonga\/"},"modified":"2026-04-28T23:30:34","modified_gmt":"2026-04-28T21:30:34","slug":"pulverizator-de-ulei-sub-forma-de-spray-gonga","status":"publish","type":"product","link":"https:\/\/www.zoko.ro\/en\/p\/pulverizator-de-ulei-sub-forma-de-spray-gonga\/","title":{"rendered":"Pulverizator de ulei sub form\u0103 de spray, Gonga\u00ae"},"content":{"rendered":"<p><strong>Culoare:<\/strong> Transparent<\/p>\n<p>Pulverizator de ulei sub forma unui dozator de spray. De asemenea, v\u0103 permite s\u0103 r\u0103sp\u00e2ndi\u021bi \u00een mod convenabil mirodeniile \u00een lichid sau o\u021bet \u0219i ulei de m\u0103sline. Design elegant din sticl\u0103 \u0219i o\u021bel inoxidabil. Capacitate de p\u00e2n\u0103 la 100 ml cu o can\u0103 de m\u0103surare lizibil\u0103 pe rezervor. Umplere simpl\u0103 \u0219i convenabil\u0103, u\u0219or de p\u0103strat curat.<\/p>\n<\/p>\n<p>Caracteristicile \u0219i specifica\u021biile produsului:<\/p>\n<\/p>\n<p>&#8211; Pulverizator de ulei sub form\u0103 de pulverizator.<\/p>\n<p>&#8211; Distribu\u021bie rapid\u0103 \u0219i convenabil\u0103 a condimentelor lichide.<\/p>\n<p>&#8211; Un aspect modern, elegant.<\/p>\n<p>&#8211; Umplerea convenabil\u0103 a rezervorului.<\/p>\n<p>&#8211; Material: otel + sticla + plastic<\/p>\n<p>&#8211; Capacitate: 100 ml<\/p>\n<p>&#8211; Diametru: 4 cm<\/p>\n<p>&#8211; Inaltime: 18 cm<\/p>\n<p>&#8211; Culoare: argintiu-transparent<\/p>","protected":false},"excerpt":{"rendered":"<p>Culoare: Transparent Pulverizator de ulei sub forma unui dozator de spray. De asemenea, v\u0103 permite s\u0103 r\u0103sp\u00e2ndi\u021bi \u00een mod convenabil<\/p>","protected":false},"featured_media":9639,"comment_status":"open","ping_status":"open","template":"","meta":[],"product_brand":[],"product_cat":[99,107,100,131],"product_tag":[104],"class_list":{"0":"post-9637","1":"product","2":"type-product","3":"status-publish","4":"has-post-thumbnail","6":"product_cat-acasa","7":"product_cat-bucatarie-si-servire","8":"product_cat-casa-gradina","9":"product_cat-ustensile-gatit","10":"product_tag-in-stoc","11":"pa_culoare-transparent","13":"first","14":"instock","15":"sale","16":"purchasable","17":"product-type-simple"},"yoast_head":"<!-- This site is optimized with the Yoast SEO plugin v27.2 - https:\/\/yoast.com\/product\/yoast-seo-wordpress\/ -->\n<title>Pulverizator de ulei sub form\u0103 de spray, Gonga\u00ae | ZOKO<\/title>\n<meta name=\"robots\" content=\"index, follow, max-snippet:-1, max-image-preview:large, max-video-preview:-1\" \/>\n<link rel=\"canonical\" href=\"https:\/\/www.zoko.ro\/en\/p\/pulverizator-de-ulei-sub-forma-de-spray-gonga\/\" \/>\n<meta property=\"og:locale\" content=\"en_GB\" \/>\n<meta property=\"og:type\" content=\"article\" \/>\n<meta property=\"og:title\" content=\"Pulverizator de ulei sub form\u0103 de spray, Gonga\u00ae | ZOKO\" \/>\n<meta property=\"og:description\" content=\"Culoare: Transparent Pulverizator de ulei sub forma unui dozator de spray. De asemenea, v\u0103 permite s\u0103 r\u0103sp\u00e2ndi\u021bi \u00een mod convenabil\" \/>\n<meta property=\"og:url\" content=\"https:\/\/www.zoko.ro\/en\/p\/pulverizator-de-ulei-sub-forma-de-spray-gonga\/\" \/>\n<meta property=\"og:site_name\" content=\"ZOKO\" \/>\n<meta property=\"article:publisher\" content=\"https:\/\/www.facebook.com\/profile.php?id=61584344135075\" \/>\n<meta property=\"og:image\" content=\"https:\/\/www.zoko.ro\/wp-content\/uploads\/2025\/03\/pulverizator-de-ulei-sub-forma-de-spray-gonga.jpg\" \/>\n\t<meta property=\"og:image:width\" content=\"655\" \/>\n\t<meta property=\"og:image:height\" content=\"1200\" \/>\n\t<meta property=\"og:image:type\" content=\"image\/jpeg\" \/>\n<meta name=\"twitter:card\" content=\"summary_large_image\" \/>\n<meta name=\"twitter:label1\" content=\"Estimated reading time\" \/>\n\t<meta name=\"twitter:data1\" content=\"1 minute\" \/>\n<script type=\"application\/ld+json\" class=\"yoast-schema-graph\">{\"@context\":\"https:\/\/schema.org\",\"@graph\":[{\"@type\":\"WebPage\",\"@id\":\"https:\/\/www.zoko.ro\/p\/pulverizator-de-ulei-sub-forma-de-spray-gonga\/\",\"url\":\"https:\/\/www.zoko.ro\/p\/pulverizator-de-ulei-sub-forma-de-spray-gonga\/\",\"name\":\"Pulverizator de ulei sub form\u0103 de spray, Gonga\u00ae | ZOKO\",\"isPartOf\":{\"@id\":\"https:\/\/www.zoko.ro\/#website\"},\"primaryImageOfPage\":{\"@id\":\"https:\/\/www.zoko.ro\/p\/pulverizator-de-ulei-sub-forma-de-spray-gonga\/#primaryimage\"},\"image\":{\"@id\":\"https:\/\/www.zoko.ro\/p\/pulverizator-de-ulei-sub-forma-de-spray-gonga\/#primaryimage\"},\"thumbnailUrl\":\"https:\/\/www.zoko.ro\/wp-content\/uploads\/2025\/03\/pulverizator-de-ulei-sub-forma-de-spray-gonga.jpg\",\"datePublished\":\"2026-04-28T21:30:34+00:00\",\"breadcrumb\":{\"@id\":\"https:\/\/www.zoko.ro\/p\/pulverizator-de-ulei-sub-forma-de-spray-gonga\/#breadcrumb\"},\"inLanguage\":\"en-GB\",\"potentialAction\":[{\"@type\":\"ReadAction\",\"target\":[\"https:\/\/www.zoko.ro\/p\/pulverizator-de-ulei-sub-forma-de-spray-gonga\/\"]}]},{\"@type\":\"ImageObject\",\"inLanguage\":\"en-GB\",\"@id\":\"https:\/\/www.zoko.ro\/p\/pulverizator-de-ulei-sub-forma-de-spray-gonga\/#primaryimage\",\"url\":\"https:\/\/www.zoko.ro\/wp-content\/uploads\/2025\/03\/pulverizator-de-ulei-sub-forma-de-spray-gonga.jpg\",\"contentUrl\":\"https:\/\/www.zoko.ro\/wp-content\/uploads\/2025\/03\/pulverizator-de-ulei-sub-forma-de-spray-gonga.jpg\",\"width\":655,\"height\":1200},{\"@type\":\"BreadcrumbList\",\"@id\":\"https:\/\/www.zoko.ro\/p\/pulverizator-de-ulei-sub-forma-de-spray-gonga\/#breadcrumb\",\"itemListElement\":[{\"@type\":\"ListItem\",\"position\":1,\"name\":\"Home\",\"item\":\"https:\/\/www.zoko.ro\/\"},{\"@type\":\"ListItem\",\"position\":2,\"name\":\"Magazin\",\"item\":\"https:\/\/www.zoko.ro\/magazin\/\"},{\"@type\":\"ListItem\",\"position\":3,\"name\":\"Pulverizator de ulei sub form\u0103 de spray, Gonga\u00ae\"}]},{\"@type\":\"WebSite\",\"@id\":\"https:\/\/www.zoko.ro\/#website\",\"url\":\"https:\/\/www.zoko.ro\/\",\"name\":\"ZOKO.ro\",\"description\":\"Cump\u0103r\u0103 inteligent\",\"publisher\":{\"@id\":\"https:\/\/www.zoko.ro\/#organization\"},\"potentialAction\":[{\"@type\":\"SearchAction\",\"target\":{\"@type\":\"EntryPoint\",\"urlTemplate\":\"https:\/\/www.zoko.ro\/?s={search_term_string}\"},\"query-input\":{\"@type\":\"PropertyValueSpecification\",\"valueRequired\":true,\"valueName\":\"search_term_string\"}}],\"inLanguage\":\"en-GB\"},{\"@type\":\"Organization\",\"@id\":\"https:\/\/www.zoko.ro\/#organization\",\"name\":\"ZOKO\",\"url\":\"https:\/\/www.zoko.ro\/\",\"logo\":{\"@type\":\"ImageObject\",\"inLanguage\":\"en-GB\",\"@id\":\"https:\/\/www.zoko.ro\/#\/schema\/logo\/image\/\",\"url\":\"https:\/\/www.zoko.ro\/wp-content\/uploads\/2025\/03\/logo1.svg\",\"contentUrl\":\"https:\/\/www.zoko.ro\/wp-content\/uploads\/2025\/03\/logo1.svg\",\"width\":799,\"height\":216,\"caption\":\"ZOKO\"},\"image\":{\"@id\":\"https:\/\/www.zoko.ro\/#\/schema\/logo\/image\/\"},\"sameAs\":[\"https:\/\/www.facebook.com\/profile.php?id=61584344135075\"]}]}<\/script>\n<!-- \/ Yoast SEO plugin. -->","yoast_head_json":{"title":"Pulverizator de ulei sub form\u0103 de spray, Gonga\u00ae | ZOKO","robots":{"index":"index","follow":"follow","max-snippet":"max-snippet:-1","max-image-preview":"max-image-preview:large","max-video-preview":"max-video-preview:-1"},"canonical":"https:\/\/www.zoko.ro\/en\/p\/pulverizator-de-ulei-sub-forma-de-spray-gonga\/","og_locale":"en_GB","og_type":"article","og_title":"Pulverizator de ulei sub form\u0103 de spray, Gonga\u00ae | ZOKO","og_description":"Culoare: Transparent Pulverizator de ulei sub forma unui dozator de spray. De asemenea, v\u0103 permite s\u0103 r\u0103sp\u00e2ndi\u021bi \u00een mod convenabil","og_url":"https:\/\/www.zoko.ro\/en\/p\/pulverizator-de-ulei-sub-forma-de-spray-gonga\/","og_site_name":"ZOKO","article_publisher":"https:\/\/www.facebook.com\/profile.php?id=61584344135075","og_image":[{"width":655,"height":1200,"url":"https:\/\/www.zoko.ro\/wp-content\/uploads\/2025\/03\/pulverizator-de-ulei-sub-forma-de-spray-gonga.jpg","type":"image\/jpeg"}],"twitter_card":"summary_large_image","twitter_misc":{"Estimated reading time":"1 minute"},"schema":{"@context":"https:\/\/schema.org","@graph":[{"@type":"WebPage","@id":"https:\/\/www.zoko.ro\/p\/pulverizator-de-ulei-sub-forma-de-spray-gonga\/","url":"https:\/\/www.zoko.ro\/p\/pulverizator-de-ulei-sub-forma-de-spray-gonga\/","name":"Pulverizator de ulei sub form\u0103 de spray, Gonga\u00ae | ZOKO","isPartOf":{"@id":"https:\/\/www.zoko.ro\/#website"},"primaryImageOfPage":{"@id":"https:\/\/www.zoko.ro\/p\/pulverizator-de-ulei-sub-forma-de-spray-gonga\/#primaryimage"},"image":{"@id":"https:\/\/www.zoko.ro\/p\/pulverizator-de-ulei-sub-forma-de-spray-gonga\/#primaryimage"},"thumbnailUrl":"https:\/\/www.zoko.ro\/wp-content\/uploads\/2025\/03\/pulverizator-de-ulei-sub-forma-de-spray-gonga.jpg","datePublished":"2026-04-28T21:30:34+00:00","breadcrumb":{"@id":"https:\/\/www.zoko.ro\/p\/pulverizator-de-ulei-sub-forma-de-spray-gonga\/#breadcrumb"},"inLanguage":"en-GB","potentialAction":[{"@type":"ReadAction","target":["https:\/\/www.zoko.ro\/p\/pulverizator-de-ulei-sub-forma-de-spray-gonga\/"]}]},{"@type":"ImageObject","inLanguage":"en-GB","@id":"https:\/\/www.zoko.ro\/p\/pulverizator-de-ulei-sub-forma-de-spray-gonga\/#primaryimage","url":"https:\/\/www.zoko.ro\/wp-content\/uploads\/2025\/03\/pulverizator-de-ulei-sub-forma-de-spray-gonga.jpg","contentUrl":"https:\/\/www.zoko.ro\/wp-content\/uploads\/2025\/03\/pulverizator-de-ulei-sub-forma-de-spray-gonga.jpg","width":655,"height":1200},{"@type":"BreadcrumbList","@id":"https:\/\/www.zoko.ro\/p\/pulverizator-de-ulei-sub-forma-de-spray-gonga\/#breadcrumb","itemListElement":[{"@type":"ListItem","position":1,"name":"Home","item":"https:\/\/www.zoko.ro\/"},{"@type":"ListItem","position":2,"name":"Magazin","item":"https:\/\/www.zoko.ro\/magazin\/"},{"@type":"ListItem","position":3,"name":"Pulverizator de ulei sub form\u0103 de spray, Gonga\u00ae"}]},{"@type":"WebSite","@id":"https:\/\/www.zoko.ro\/#website","url":"https:\/\/www.zoko.ro\/","name":"ZOKO.ro","description":"Cump\u0103r\u0103 inteligent","publisher":{"@id":"https:\/\/www.zoko.ro\/#organization"},"potentialAction":[{"@type":"SearchAction","target":{"@type":"EntryPoint","urlTemplate":"https:\/\/www.zoko.ro\/?s={search_term_string}"},"query-input":{"@type":"PropertyValueSpecification","valueRequired":true,"valueName":"search_term_string"}}],"inLanguage":"en-GB"},{"@type":"Organization","@id":"https:\/\/www.zoko.ro\/#organization","name":"ZOKO","url":"https:\/\/www.zoko.ro\/","logo":{"@type":"ImageObject","inLanguage":"en-GB","@id":"https:\/\/www.zoko.ro\/#\/schema\/logo\/image\/","url":"https:\/\/www.zoko.ro\/wp-content\/uploads\/2025\/03\/logo1.svg","contentUrl":"https:\/\/www.zoko.ro\/wp-content\/uploads\/2025\/03\/logo1.svg","width":799,"height":216,"caption":"ZOKO"},"image":{"@id":"https:\/\/www.zoko.ro\/#\/schema\/logo\/image\/"},"sameAs":["https:\/\/www.facebook.com\/profile.php?id=61584344135075"]}]}},"_links":{"self":[{"href":"https:\/\/www.zoko.ro\/en\/wp-json\/wp\/v2\/product\/9637","targetHints":{"allow":["GET"]}}],"collection":[{"href":"https:\/\/www.zoko.ro\/en\/wp-json\/wp\/v2\/product"}],"about":[{"href":"https:\/\/www.zoko.ro\/en\/wp-json\/wp\/v2\/types\/product"}],"replies":[{"embeddable":true,"href":"https:\/\/www.zoko.ro\/en\/wp-json\/wp\/v2\/comments?post=9637"}],"version-history":[{"count":1,"href":"https:\/\/www.zoko.ro\/en\/wp-json\/wp\/v2\/product\/9637\/revisions"}],"predecessor-version":[{"id":9638,"href":"https:\/\/www.zoko.ro\/en\/wp-json\/wp\/v2\/product\/9637\/revisions\/9638"}],"wp:featuredmedia":[{"embeddable":true,"href":"https:\/\/www.zoko.ro\/en\/wp-json\/wp\/v2\/media\/9639"}],"wp:attachment":[{"href":"https:\/\/www.zoko.ro\/en\/wp-json\/wp\/v2\/media?parent=9637"}],"wp:term":[{"taxonomy":"product_brand","embeddable":true,"href":"https:\/\/www.zoko.ro\/en\/wp-json\/wp\/v2\/product_brand?post=9637"},{"taxonomy":"product_cat","embeddable":true,"href":"https:\/\/www.zoko.ro\/en\/wp-json\/wp\/v2\/product_cat?post=9637"},{"taxonomy":"product_tag","embeddable":true,"href":"https:\/\/www.zoko.ro\/en\/wp-json\/wp\/v2\/product_tag?post=9637"}],"curies":[{"name":"wp","href":"https:\/\/api.w.org\/{rel}","templated":true}]}}