{"id":9682,"date":"2026-04-28T23:30:36","date_gmt":"2026-04-28T21:30:36","guid":{"rendered":"https:\/\/www.zoko.ro\/p\/capcana-pentru-soareci-gonga\/"},"modified":"2026-04-28T23:30:36","modified_gmt":"2026-04-28T21:30:36","slug":"capcana-pentru-soareci-gonga","status":"publish","type":"product","link":"https:\/\/www.zoko.ro\/en\/p\/capcana-pentru-soareci-gonga\/","title":{"rendered":"Capcan\u0103 pentru \u0219oareci, Gonga\u00ae"},"content":{"rendered":"<p><strong>Culoare:<\/strong> Galben<\/p>\n<p>Capcan\u0103 pentru \u0219oareci. Dup\u0103 ce am plasat momeala \u00een centru, nu trebuie s\u0103 eliber\u0103m fiecare roz\u0103toare nou\u0103 prins\u0103 deoarece mecanismul ne permite s\u0103 prindem mai mul\u021bi indivizi \u00een timpul unei singure capcane.<\/p>\n<\/p>\n<p>Capcana pentru \u0219oareci este un dispozitiv mai inteligent dec\u00e2t \u0219oarecii. Clichetele special construite asigur\u0103 practic o eficien\u021b\u0103 de 100% \u00een prinderea roz\u0103toarelor nedorite. Mecanismul de clichet este activat numai atunci c\u00e2nd soarecele momit este complet \u00een\u0103untru! \u00cen acela\u0219i timp, este un dispozitiv uman \u0219i nu provoac\u0103 suferin\u021be excesive animalelor.<\/p>\n<\/p>\n<p>NOT\u0102: Capcana nu include o g\u0103leat\u0103 dedicat\u0103!<\/p>\n<\/p>\n<p>Instruc\u021biuni pentru punerea unei capcane:<\/p>\n<p>Punem momeala \u00een mijlocul capcanei, iar apoi nu trebuie s\u0103 eliber\u0103m fiecare roz\u0103toare pentru c\u0103 mecanismul ne permite s\u0103 prindem mai mul\u021bi indivizi \u00eentr-un singur set. Nu trebuie s\u0103 colecta\u021bi \u0219oareci mor\u021bi din col\u021buri, ca \u00een cazul utiliz\u0103rii otravii. Este u\u0219or, distractiv \u0219i eficient s\u0103 scapi de invaziile \u0219oarecilor \u00eentr-un mod uman.<\/p>\n<\/p>\n<p>Caracteristicile produsului:<\/p>\n<\/p>\n<p>&#8211; Foarte eficient\u0103 \u0219i fiabil\u0103, capcana pentru \u0219oareci este conceput\u0103 pentru a fi utilizat\u0103 \u00een cas\u0103, garaj, magazie de subsol \u0219i oriunde avem o problem\u0103 cu aceste roz\u0103toare nepl\u0103cute.<\/p>\n<p>&#8211; Intrarea larg\u0103 m\u0103re\u0219te garan\u021bia succesului la prindere.<\/p>\n<p>&#8211; Capcana este foarte u\u0219or de cur\u0103\u021bat. Nu exist\u0103 nicio problem\u0103 cu p\u0103strarea lui curat\u0103.<\/p>\n<p>&#8211; Este foarte u\u0219or de configurat. Pune\u021bi capcana pe orice g\u0103leat\u0103 potrivit\u0103!<\/p>\n<p>&#8211; Capcana este uman\u0103! Nu ucide roz\u0103toarele \u0219i nu le provoac\u0103 suferin\u021b\u0103.<\/p>\n<\/p>\n<p>Specifica\u021bie:<\/p>\n<\/p>\n<p>&#8211; Material: plastic<\/p>\n<p>&#8211; Diametru: 30,5 cm<\/p>\n<p>&#8211; Inaltime: 10 cm<\/p>","protected":false},"excerpt":{"rendered":"<p>Culoare: Galben Capcan\u0103 pentru \u0219oareci. Dup\u0103 ce am plasat momeala \u00een centru, nu trebuie s\u0103 eliber\u0103m fiecare roz\u0103toare nou\u0103 prins\u0103<\/p>","protected":false},"featured_media":9684,"comment_status":"open","ping_status":"open","template":"","meta":[],"product_brand":[],"product_cat":[99,100,105],"product_tag":[104],"class_list":{"0":"post-9682","1":"product","2":"type-product","3":"status-publish","4":"has-post-thumbnail","6":"product_cat-acasa","7":"product_cat-casa-gradina","8":"product_cat-curatenie-intretinere-casa","9":"product_tag-in-stoc","10":"pa_culoare-galben","12":"first","13":"instock","14":"sale","15":"purchasable","16":"product-type-simple"},"yoast_head":"<!-- This site is optimized with the Yoast SEO plugin v27.2 - https:\/\/yoast.com\/product\/yoast-seo-wordpress\/ -->\n<title>Capcan\u0103 pentru \u0219oareci, Gonga\u00ae | ZOKO<\/title>\n<meta name=\"robots\" content=\"index, follow, max-snippet:-1, max-image-preview:large, max-video-preview:-1\" \/>\n<link rel=\"canonical\" href=\"https:\/\/www.zoko.ro\/en\/p\/capcana-pentru-soareci-gonga\/\" \/>\n<meta property=\"og:locale\" content=\"en_GB\" \/>\n<meta property=\"og:type\" content=\"article\" \/>\n<meta property=\"og:title\" content=\"Capcan\u0103 pentru \u0219oareci, Gonga\u00ae | ZOKO\" \/>\n<meta property=\"og:description\" content=\"Culoare: Galben Capcan\u0103 pentru \u0219oareci. Dup\u0103 ce am plasat momeala \u00een centru, nu trebuie s\u0103 eliber\u0103m fiecare roz\u0103toare nou\u0103 prins\u0103\" \/>\n<meta property=\"og:url\" content=\"https:\/\/www.zoko.ro\/en\/p\/capcana-pentru-soareci-gonga\/\" \/>\n<meta property=\"og:site_name\" content=\"ZOKO\" \/>\n<meta property=\"article:publisher\" content=\"https:\/\/www.facebook.com\/profile.php?id=61584344135075\" \/>\n<meta property=\"og:image\" content=\"https:\/\/www.zoko.ro\/wp-content\/uploads\/2025\/03\/capcana-pentru-oareci-gonga.jpg\" \/>\n\t<meta property=\"og:image:width\" content=\"1200\" \/>\n\t<meta property=\"og:image:height\" content=\"821\" \/>\n\t<meta property=\"og:image:type\" content=\"image\/jpeg\" \/>\n<meta name=\"twitter:card\" content=\"summary_large_image\" \/>\n<meta name=\"twitter:label1\" content=\"Estimated reading time\" \/>\n\t<meta name=\"twitter:data1\" content=\"1 minute\" \/>\n<script type=\"application\/ld+json\" class=\"yoast-schema-graph\">{\"@context\":\"https:\/\/schema.org\",\"@graph\":[{\"@type\":\"WebPage\",\"@id\":\"https:\/\/www.zoko.ro\/p\/capcana-pentru-soareci-gonga\/\",\"url\":\"https:\/\/www.zoko.ro\/p\/capcana-pentru-soareci-gonga\/\",\"name\":\"Capcan\u0103 pentru \u0219oareci, Gonga\u00ae | ZOKO\",\"isPartOf\":{\"@id\":\"https:\/\/www.zoko.ro\/#website\"},\"primaryImageOfPage\":{\"@id\":\"https:\/\/www.zoko.ro\/p\/capcana-pentru-soareci-gonga\/#primaryimage\"},\"image\":{\"@id\":\"https:\/\/www.zoko.ro\/p\/capcana-pentru-soareci-gonga\/#primaryimage\"},\"thumbnailUrl\":\"https:\/\/www.zoko.ro\/wp-content\/uploads\/2025\/03\/capcana-pentru-oareci-gonga.jpg\",\"datePublished\":\"2026-04-28T21:30:36+00:00\",\"breadcrumb\":{\"@id\":\"https:\/\/www.zoko.ro\/p\/capcana-pentru-soareci-gonga\/#breadcrumb\"},\"inLanguage\":\"en-GB\",\"potentialAction\":[{\"@type\":\"ReadAction\",\"target\":[\"https:\/\/www.zoko.ro\/p\/capcana-pentru-soareci-gonga\/\"]}]},{\"@type\":\"ImageObject\",\"inLanguage\":\"en-GB\",\"@id\":\"https:\/\/www.zoko.ro\/p\/capcana-pentru-soareci-gonga\/#primaryimage\",\"url\":\"https:\/\/www.zoko.ro\/wp-content\/uploads\/2025\/03\/capcana-pentru-oareci-gonga.jpg\",\"contentUrl\":\"https:\/\/www.zoko.ro\/wp-content\/uploads\/2025\/03\/capcana-pentru-oareci-gonga.jpg\",\"width\":1200,\"height\":821},{\"@type\":\"BreadcrumbList\",\"@id\":\"https:\/\/www.zoko.ro\/p\/capcana-pentru-soareci-gonga\/#breadcrumb\",\"itemListElement\":[{\"@type\":\"ListItem\",\"position\":1,\"name\":\"Home\",\"item\":\"https:\/\/www.zoko.ro\/\"},{\"@type\":\"ListItem\",\"position\":2,\"name\":\"Magazin\",\"item\":\"https:\/\/www.zoko.ro\/magazin\/\"},{\"@type\":\"ListItem\",\"position\":3,\"name\":\"Capcan\u0103 pentru \u0219oareci, Gonga\u00ae\"}]},{\"@type\":\"WebSite\",\"@id\":\"https:\/\/www.zoko.ro\/#website\",\"url\":\"https:\/\/www.zoko.ro\/\",\"name\":\"ZOKO.ro\",\"description\":\"Cump\u0103r\u0103 inteligent\",\"publisher\":{\"@id\":\"https:\/\/www.zoko.ro\/#organization\"},\"potentialAction\":[{\"@type\":\"SearchAction\",\"target\":{\"@type\":\"EntryPoint\",\"urlTemplate\":\"https:\/\/www.zoko.ro\/?s={search_term_string}\"},\"query-input\":{\"@type\":\"PropertyValueSpecification\",\"valueRequired\":true,\"valueName\":\"search_term_string\"}}],\"inLanguage\":\"en-GB\"},{\"@type\":\"Organization\",\"@id\":\"https:\/\/www.zoko.ro\/#organization\",\"name\":\"ZOKO\",\"url\":\"https:\/\/www.zoko.ro\/\",\"logo\":{\"@type\":\"ImageObject\",\"inLanguage\":\"en-GB\",\"@id\":\"https:\/\/www.zoko.ro\/#\/schema\/logo\/image\/\",\"url\":\"https:\/\/www.zoko.ro\/wp-content\/uploads\/2025\/03\/logo1.svg\",\"contentUrl\":\"https:\/\/www.zoko.ro\/wp-content\/uploads\/2025\/03\/logo1.svg\",\"width\":799,\"height\":216,\"caption\":\"ZOKO\"},\"image\":{\"@id\":\"https:\/\/www.zoko.ro\/#\/schema\/logo\/image\/\"},\"sameAs\":[\"https:\/\/www.facebook.com\/profile.php?id=61584344135075\"]}]}<\/script>\n<!-- \/ Yoast SEO plugin. -->","yoast_head_json":{"title":"Capcan\u0103 pentru \u0219oareci, Gonga\u00ae | ZOKO","robots":{"index":"index","follow":"follow","max-snippet":"max-snippet:-1","max-image-preview":"max-image-preview:large","max-video-preview":"max-video-preview:-1"},"canonical":"https:\/\/www.zoko.ro\/en\/p\/capcana-pentru-soareci-gonga\/","og_locale":"en_GB","og_type":"article","og_title":"Capcan\u0103 pentru \u0219oareci, Gonga\u00ae | ZOKO","og_description":"Culoare: Galben Capcan\u0103 pentru \u0219oareci. Dup\u0103 ce am plasat momeala \u00een centru, nu trebuie s\u0103 eliber\u0103m fiecare roz\u0103toare nou\u0103 prins\u0103","og_url":"https:\/\/www.zoko.ro\/en\/p\/capcana-pentru-soareci-gonga\/","og_site_name":"ZOKO","article_publisher":"https:\/\/www.facebook.com\/profile.php?id=61584344135075","og_image":[{"width":1200,"height":821,"url":"https:\/\/www.zoko.ro\/wp-content\/uploads\/2025\/03\/capcana-pentru-oareci-gonga.jpg","type":"image\/jpeg"}],"twitter_card":"summary_large_image","twitter_misc":{"Estimated reading time":"1 minute"},"schema":{"@context":"https:\/\/schema.org","@graph":[{"@type":"WebPage","@id":"https:\/\/www.zoko.ro\/p\/capcana-pentru-soareci-gonga\/","url":"https:\/\/www.zoko.ro\/p\/capcana-pentru-soareci-gonga\/","name":"Capcan\u0103 pentru \u0219oareci, Gonga\u00ae | ZOKO","isPartOf":{"@id":"https:\/\/www.zoko.ro\/#website"},"primaryImageOfPage":{"@id":"https:\/\/www.zoko.ro\/p\/capcana-pentru-soareci-gonga\/#primaryimage"},"image":{"@id":"https:\/\/www.zoko.ro\/p\/capcana-pentru-soareci-gonga\/#primaryimage"},"thumbnailUrl":"https:\/\/www.zoko.ro\/wp-content\/uploads\/2025\/03\/capcana-pentru-oareci-gonga.jpg","datePublished":"2026-04-28T21:30:36+00:00","breadcrumb":{"@id":"https:\/\/www.zoko.ro\/p\/capcana-pentru-soareci-gonga\/#breadcrumb"},"inLanguage":"en-GB","potentialAction":[{"@type":"ReadAction","target":["https:\/\/www.zoko.ro\/p\/capcana-pentru-soareci-gonga\/"]}]},{"@type":"ImageObject","inLanguage":"en-GB","@id":"https:\/\/www.zoko.ro\/p\/capcana-pentru-soareci-gonga\/#primaryimage","url":"https:\/\/www.zoko.ro\/wp-content\/uploads\/2025\/03\/capcana-pentru-oareci-gonga.jpg","contentUrl":"https:\/\/www.zoko.ro\/wp-content\/uploads\/2025\/03\/capcana-pentru-oareci-gonga.jpg","width":1200,"height":821},{"@type":"BreadcrumbList","@id":"https:\/\/www.zoko.ro\/p\/capcana-pentru-soareci-gonga\/#breadcrumb","itemListElement":[{"@type":"ListItem","position":1,"name":"Home","item":"https:\/\/www.zoko.ro\/"},{"@type":"ListItem","position":2,"name":"Magazin","item":"https:\/\/www.zoko.ro\/magazin\/"},{"@type":"ListItem","position":3,"name":"Capcan\u0103 pentru \u0219oareci, Gonga\u00ae"}]},{"@type":"WebSite","@id":"https:\/\/www.zoko.ro\/#website","url":"https:\/\/www.zoko.ro\/","name":"ZOKO.ro","description":"Cump\u0103r\u0103 inteligent","publisher":{"@id":"https:\/\/www.zoko.ro\/#organization"},"potentialAction":[{"@type":"SearchAction","target":{"@type":"EntryPoint","urlTemplate":"https:\/\/www.zoko.ro\/?s={search_term_string}"},"query-input":{"@type":"PropertyValueSpecification","valueRequired":true,"valueName":"search_term_string"}}],"inLanguage":"en-GB"},{"@type":"Organization","@id":"https:\/\/www.zoko.ro\/#organization","name":"ZOKO","url":"https:\/\/www.zoko.ro\/","logo":{"@type":"ImageObject","inLanguage":"en-GB","@id":"https:\/\/www.zoko.ro\/#\/schema\/logo\/image\/","url":"https:\/\/www.zoko.ro\/wp-content\/uploads\/2025\/03\/logo1.svg","contentUrl":"https:\/\/www.zoko.ro\/wp-content\/uploads\/2025\/03\/logo1.svg","width":799,"height":216,"caption":"ZOKO"},"image":{"@id":"https:\/\/www.zoko.ro\/#\/schema\/logo\/image\/"},"sameAs":["https:\/\/www.facebook.com\/profile.php?id=61584344135075"]}]}},"_links":{"self":[{"href":"https:\/\/www.zoko.ro\/en\/wp-json\/wp\/v2\/product\/9682","targetHints":{"allow":["GET"]}}],"collection":[{"href":"https:\/\/www.zoko.ro\/en\/wp-json\/wp\/v2\/product"}],"about":[{"href":"https:\/\/www.zoko.ro\/en\/wp-json\/wp\/v2\/types\/product"}],"replies":[{"embeddable":true,"href":"https:\/\/www.zoko.ro\/en\/wp-json\/wp\/v2\/comments?post=9682"}],"version-history":[{"count":1,"href":"https:\/\/www.zoko.ro\/en\/wp-json\/wp\/v2\/product\/9682\/revisions"}],"predecessor-version":[{"id":9683,"href":"https:\/\/www.zoko.ro\/en\/wp-json\/wp\/v2\/product\/9682\/revisions\/9683"}],"wp:featuredmedia":[{"embeddable":true,"href":"https:\/\/www.zoko.ro\/en\/wp-json\/wp\/v2\/media\/9684"}],"wp:attachment":[{"href":"https:\/\/www.zoko.ro\/en\/wp-json\/wp\/v2\/media?parent=9682"}],"wp:term":[{"taxonomy":"product_brand","embeddable":true,"href":"https:\/\/www.zoko.ro\/en\/wp-json\/wp\/v2\/product_brand?post=9682"},{"taxonomy":"product_cat","embeddable":true,"href":"https:\/\/www.zoko.ro\/en\/wp-json\/wp\/v2\/product_cat?post=9682"},{"taxonomy":"product_tag","embeddable":true,"href":"https:\/\/www.zoko.ro\/en\/wp-json\/wp\/v2\/product_tag?post=9682"}],"curies":[{"name":"wp","href":"https:\/\/api.w.org\/{rel}","templated":true}]}}